{"id":8374,"date":"2020-06-22T14:20:39","date_gmt":"2020-06-22T12:20:39","guid":{"rendered":"https:\/\/primaderma.ro\/?page_id=8374"},"modified":"2021-07-09T19:08:41","modified_gmt":"2021-07-09T17:08:41","slug":"dr-jianu-dana-mihaela","status":"publish","type":"page","link":"https:\/\/pdi.ro\/2021\/dr-jianu-dana-mihaela\/","title":{"rendered":"Dr. Jianu Dana Mihaela"},"content":{"rendered":"<p>[et_pb_section fb_built=&#8221;1&#8243; fullwidth=&#8221;on&#8221; disabled_on=&#8221;on|off|off&#8221; _builder_version=&#8221;3.22&#8243; custom_margin=&#8221;||&#8221; custom_padding=&#8221;15px||29px&#8221; top_divider_style=&#8221;waves2&#8243; top_divider_color=&#8221;#f0622a&#8221; top_divider_flip=&#8221;horizontal|vertical&#8221; bottom_divider_style=&#8221;waves2&#8243; bottom_divider_color=&#8221;#fcdedb&#8221; bottom_divider_height=&#8221;105px&#8221; bottom_divider_flip=&#8221;vertical&#8221; global_module=&#8221;9062&#8243; collapsed=&#8221;off&#8221;][et_pb_fullwidth_header title=&#8221;@ET-DC@eyJkeW5hbWljIjp0cnVlLCJjb250ZW50IjoicG9zdF90aXRsZSIsInNldHRpbmdzIjp7ImJlZm9yZSI6IiIsImFmdGVyIjoiIn19@&#8221; text_orientation=&#8221;right&#8221; header_image_url=&#8221;https:\/\/pdi.ro\/2021\/wp-content\/uploads\/2021\/05\/PDI2021_logo_header_int_600x300px.png&#8221; disabled_on=&#8221;on|on|off&#8221; _builder_version=&#8221;4.9.4&#8243; _dynamic_attributes=&#8221;title&#8221; title_font=&#8221;Kaushan Script||||||||&#8221; title_text_align=&#8221;right&#8221; title_text_color=&#8221;#f0622a&#8221; title_font_size=&#8221;50px&#8221; content_font=&#8221;|600||on|||||&#8221; content_text_align=&#8221;center&#8221; content_text_color=&#8221;#686766&#8243; content_font_size=&#8221;15px&#8221; subhead_font=&#8221;||||||||&#8221; background_color=&#8221;#ef916b&#8221; background_image=&#8221;https:\/\/pdi.ro\/2021\/wp-content\/uploads\/2021\/05\/PDI2021_header_1920x550px.jpg&#8221; background_blend=&#8221;luminosity&#8221; background_layout=&#8221;light&#8221; custom_margin=&#8221;0px||8px&#8221; custom_padding=&#8221;40px||40px||true&#8221; content_font_size_tablet=&#8221;&#8221; content_font_size_phone=&#8221;15px&#8221; content_font_size_last_edited=&#8221;on|desktop&#8221;][\/et_pb_fullwidth_header][\/et_pb_section][et_pb_section fb_built=&#8221;1&#8243; _builder_version=&#8221;3.22&#8243; locked=&#8221;off&#8221;][et_pb_row column_structure=&#8221;2_5,3_5&#8243; _builder_version=&#8221;3.25&#8243;][et_pb_column type=&#8221;2_5&#8243; _builder_version=&#8221;3.25&#8243; custom_padding=&#8221;|||&#8221; custom_padding__hover=&#8221;|||&#8221;][et_pb_image src=&#8221;https:\/\/pdi.ro\/2021\/wp-content\/uploads\/2021\/06\/dana-jianu_1.jpg&#8221; title_text=&#8221;dana jianu_1&#8243; align=&#8221;center&#8221; align_tablet=&#8221;center&#8221; align_phone=&#8221;&#8221; align_last_edited=&#8221;on|desktop&#8221; _builder_version=&#8221;4.9.7&#8243; max_width=&#8221;31%&#8221; hover_enabled=&#8221;0&#8243; border_radii=&#8221;on|100px|100px|100px|100px&#8221; sticky_enabled=&#8221;0&#8243;][\/et_pb_image][\/et_pb_column][et_pb_column type=&#8221;3_5&#8243; _builder_version=&#8221;3.25&#8243; custom_padding=&#8221;|||&#8221; custom_padding__hover=&#8221;|||&#8221;][et_pb_text _builder_version=&#8221;4.4.8&#8243;]<\/p>\n<h4><strong><span style=\"color: #ff6600;\"><\/span><\/strong><\/h4>\n<h4><strong><span style=\"color: #ff6600;\"><\/span><\/strong><\/h4>\n<h4><strong><span style=\"color: #ff6600;\"><\/span><\/strong><\/h4>\n<h4><strong><span style=\"color: #ff6600;\">Dr. Jianu Dana Mihaela<\/span><\/strong><br \/>\n<strong><span style=\"color: #ff6600;\">Clinica ProEstetica, Bucure\u0219ti, Rom\u00e2nia<\/span><\/strong><\/h4>\n<p>[\/et_pb_text][\/et_pb_column][\/et_pb_row][et_pb_row _builder_version=&#8221;3.25&#8243;][et_pb_column type=&#8221;4_4&#8243; _builder_version=&#8221;3.25&#8243; custom_padding=&#8221;|||&#8221; custom_padding__hover=&#8221;|||&#8221;][et_pb_text _builder_version=&#8221;4.9.7&#8243;]<\/p>\n<p style=\"text-align: justify;\"><span style=\"color: #ff6600;\">Chirurgia plastic\u0103 regenerativ\u0103 aplicat\u0103 \u00een tratamentul unui caz de sclerodermie localizat\u0103 (morfee \u00een band\u0103) \u00een treimea inferioar\u0103 a fe\u021bei<\/span><br \/><span style=\"color: #ff6600;\">Autor: Dana Mihaela Jianu<br \/>Coautor: \u0218tefania Alexandra Stoica<\/span><\/p>\n<p style=\"text-align: justify;\">Introducere:<br \/>Morfeea \u00een band\u0103 este o patologie caracterizat\u0103 prin depozitarea colagenului tip I \u0219i III la nivelul grosimii dermului \u0219i \u021besutului subcutanat. Aceasta poate prezenta manifest\u0103ri extracutanate: febr\u0103, artralgii, limfadenopatii, fatigabilitate, afectarea sistemului nervos central \u0219i modific\u0103ri ale examenului paraclinic: eozinofilie, hipergamaglobulinemie, anticorpi antinucleari pozitivi. Lipofilling-ul sau grefa de \u021besut adipos autolog este o procedur\u0103 chirurgical\u0103 \u00eenchis\u0103 cu invazivitate redus\u0103. \u021aesutul adipos autolog aduce at\u00e2t o corec\u021bie de volum, dar \u0219i de structur\u0103 \u0219i calitate a pielii din zona \u00een care a fost tratat\u0103. Grefa are efect regenerator.<br \/>Prezentarea cazului:<br \/>Pacient\u0103 \u00een v\u00e2rst\u0103 de 32 de ani, f\u0103r\u0103 antecedente personale patologice semnificative, se prezint\u0103 \u00een clinic\u0103 pentru hiperpigmentarea \u0219i deprimarea intens\u0103 a zonei mentoniere drepte \u0219i a buzei albe inferioare drepte, modific\u0103ri ce au ap\u0103rut \u00een urm\u0103 cu 10 ani \u0219i s-au accentuat progresiv. Pacientei i se recomanda RMN \u0219i biopsie pentru diagnosticul de certitudine. Rezultatul examenului histopatologic: atrofie cutanata, ce se poate reg\u0103si \u00een etapele rezolutive ale unei morfei. Examen paraclinic: anticorpi anti SCL 70 \u0219i anticentromer pozitivi. Pacientei i se propune un protocol terapeutic regenerativ pe etape:<br \/>\u2022 Etapa 1: preg\u0103tirea zonei receptoare cu PRP \u0219i laser CO2 0,5 ms<br \/>\u2022 Etapa 2: interven\u021bia chirurgical\u0103 cara a constat \u00een recoltarea cu microcanule 80cc de lipoaspirat de la nivelul abdomenului inferior care s-a centrifugat \u0219i s-a preparat microfat\/nanofat. La nivelul mentonului \u0219i buzei albe inferioare se practic\u0103 lipotransfer cu microcanule \u00een multiple planuri: supraperiostic \u00een \u021besuturile cicatriceale fibrozate ( la nivelul mentonului \u0219i buzei albe inferioare \u00bd dreapt\u0103 cca 4,8 cc microfat \u0219i 5.00cc nanofat la nivelul dermului superficial).<br \/>\u2022 Etapa 3: retu\u0219 cu acid hialuronic<br \/>\u2022 Etapa 4: a doua \u0219edin\u021b\u0103 de PRP cu \u00eembun\u0103t\u0103\u021bire \u0219i ameliorare vizibil\u0103 a defectului.<br \/>\u2022 Etapa 5: este posibil a fi efectuat\u0103 \u00eenc\u0103 o grefare de \u021besut adipos \u0219i laser CO2 pentru un rezultat complet<br \/>Concluzie:<br \/>Am prezentat un caz de sclerodermie localizat\u0103 la care se remarc\u0103 necesitatea unei abord\u0103ri multidisciplinare (reumatologie, dermatologie, imunologie, chirurgie plastic\u0103 \u0219i estetic\u0103) \u0219i a unui protocol terapeutic avansat, etapizat ce conduce la corec\u021bia semnificativ\u0103 sau chiar complet\u0103 a leziunii cu implica\u021bii \u00een optimizarea calit\u0103\u021bii vie\u021bii. Propunem acest protocol terapeutic deoarece regenereaz\u0103 \u021besuturile cu redarea aspectului c\u00e2t mai aproape de normal, f\u0103r\u0103 interven\u021bii chirurgicale extensive \u0219i traumatizante, fiind \u0219i bine tolerat de c\u0103tre pacien\u021bi.<\/p>\n<p style=\"text-align: justify;\"><span style=\"color: #ff6600;\">Scurt CV<\/span><\/p>\n<p>Medic primar chirurg plastician, Doctor \u00een \u0218tiin\u021be Medicale, Cercet\u0103tor \u0219tiin\u021bific<br \/>Dr. Dana Jianu s-a format ca specialist \u00een chirurgia plastic\u0103-estetic\u0103, reconstructiv\u0103 \u0219i arsuri \u00een cadrul sistemului de educa\u021bie medical\u0103 din Rom\u00e2nia, Spitalul Universitar de Chirurgie Plastic\u0103, Reconstructiv\u0103 \u0219i Arsuri, Bucure\u0219ti certificat de Ministerul S\u0103n\u0103t\u0103\u021bii din Rom\u00e2nia (1993). Este Pre\u0219edinte al Societ\u0103\u021bii Rom\u00e2ne de Chirurgie Estetic\u0103 (SRCE) \u0219i Vicepre\u0219edinte al Asocia\u021biei Chirurgilor Plasticieni din Rom\u00e2nia (ACPR) .<br \/>S-a specializat \u00een chirurgie estetic\u0103 \u00een str\u0103in\u0103tate cu reputa\u021bi mae\u0219tri: Valeriu Popescu (Hamburg, Germania), David Sharp (UK), Giovanni Botti (Salo, Italia), Giorgio Fischer (Roma, Italia), Pierre Fournier, Benjamin Ascher (Paris , Franta) \u0219i Steven Hoefflin (Santa Monica, USA) .<br \/>Este preocupat\u0103 de medicina translational\u0103, de aspecte inovative \u0219i de cercetare, de leg\u0103tur\u0103 \u00eentre masa de opera\u021bie, patul pacientului \u0219i masa de laborator. Este cercet\u0103tor \u0219tiin\u021bific al Centrului de Cercetare \u00een Medicina \u0219i Chirurgie Regenerativ\u0103 al ProEstetica Hospital pe platforma Academiei de \u0218tiin\u021be Medicale din Rom\u00e2nia \u0219i ex. profesor asociat al UMF \u201eCarol Davila\u201d Bucure\u0219ti.<br \/>Este membru al Consiliului Colegiului Medicilor Bucure\u0219ti \u0219i \u00een Comisia de Specialitate \u00een cadrul Colegiului Medicilor din Rom\u00e2nia. Este membru al Board-ului Editorial al Jurnalului Oficial ISAPS \u201eAesthetic Plastic Surgery\u201d Journal.<br \/>Este pionier al chirurgiei estetice \u00een Romania (din 1994). A organizat multiple manifest\u0103ri \u0219tiin\u021bifice \u2013 cursuri, simpozioane ISAPS, Congrese Interna\u021bionale \u00een Romania \u0219i str\u0103in\u0103tate, dintre care amintim Congres SRCE 2007, 2009, Curs ISAPS 2013 Sinaia, Congres SRCE \u2013 ACPR 2016, Co-Director Curs ISAPS Belgrad 2015, Cairo 2016, Conferinta SRCE- \u0218coala de vara- Curs ISAPS 2017.<br \/>Este co-proprietar ProEstetica Group (www.proestetica.ro) \u0219i coordonatoarea Departamentului de Chirurgie Plastic\u0103-Estetica \u00een cadrul Centrului Medical ProEstetica.<br \/>Coordoneaz\u0103 activitatea Societ\u0103\u021bii Rom\u00e2ne de Chirurgie Estetic\u0103 (SRCE) \u00een calitate de Pre\u0219edinte. Are o contribu\u021bie importan\u021b\u0103 na\u021bional\u0103 \u0219i interna\u021bional\u0103 \u00een chirurgia plastic\u0103 regenerativ\u0103 at\u00e2t ca \u0219i chirurg practician c\u00e2t \u0219i \u00een calitate de Pre\u0219edinte al Societ\u0103\u021bii Interna\u021bionale de Medicin\u0103 \u0219i Chirurgie Regenerativ\u0103 (SIMCR). Este preocupat\u0103 de performan\u021bele chirurgiei LASER; este Pre\u0219edinte al Societ\u0103\u021bii Europene de Chirurgie Estetic\u0103 Laser (ESLAS).<br \/>Dr. Dana Jianu se concentreaz\u0103 pe chirurgia mamar\u0103, primar\u0103 \u0219i secundar\u0103 \u0219i regenerativ\u0103 &#8211; postmastectomie, corec\u021bia siluetei prin liposculptura, cu un interes special pentru reintinerirea fe\u021bei \u0219i g\u00e2tului prin metode regenerative chirurgicale f\u0103r\u0103 bisturiu, pe transplant de \u021besut adipos, lasere \u0219i PRP, concomitent. Un interes deosebit acord\u0103 interven\u021biilor f\u0103r\u0103 cicatrice vizibile: m\u0103riri de s\u00e2ni cu implante transareolar sau tratamentul regenerativ al cicatricelor.<\/p>\n<p>[\/et_pb_text][\/et_pb_column][\/et_pb_row][\/et_pb_section][et_pb_section fb_built=&#8221;1&#8243; _builder_version=&#8221;3.22&#8243; background_color=&#8221;rgba(117,194,33,0.23)&#8221; background_image=&#8221;https:\/\/pdi.ro\/2021\/wp-content\/uploads\/2020\/02\/back_justflowers_overlay1.png&#8221; background_blend=&#8221;luminosity&#8221; custom_padding=&#8221;54px|0px|0|0px|false|false&#8221; top_divider_style=&#8221;waves2&#8243; top_divider_color=&#8221;#ffffff&#8221; top_divider_height=&#8221;155px&#8221; top_divider_height_tablet=&#8221;&#8221; top_divider_height_phone=&#8221;97px&#8221; top_divider_height_last_edited=&#8221;on|desktop&#8221; bottom_divider_style=&#8221;waves2&#8243; bottom_divider_color=&#8221;#75c221&#8243; bottom_divider_flip=&#8221;vertical&#8221; bottom_divider_height_tablet=&#8221;&#8221; bottom_divider_height_phone=&#8221;59px&#8221; bottom_divider_height_last_edited=&#8221;on|desktop&#8221;][et_pb_row column_structure=&#8221;3_5,2_5&#8243; _builder_version=&#8221;3.25&#8243; custom_padding=&#8221;61px|0px|69px|0px|false|false&#8221;][et_pb_column type=&#8221;3_5&#8243; _builder_version=&#8221;3.25&#8243; custom_padding=&#8221;|||&#8221; custom_padding__hover=&#8221;|||&#8221;][et_pb_text _builder_version=&#8221;4.9.4&#8243; text_font=&#8221;Kaushan Script||||||||&#8221; text_text_color=&#8221;#f0622a&#8221; text_font_size=&#8221;30px&#8221; text_line_height=&#8221;1.2em&#8221; header_font=&#8221;||||||||&#8221; background_layout=&#8221;dark&#8221; text_font_size_tablet=&#8221;&#8221; text_font_size_phone=&#8221;&#8221; text_font_size_last_edited=&#8221;on|desktop&#8221;]<\/p>\n<p>Contacteaz\u0103 operatorul PDI 2021<\/p>\n<p>[\/et_pb_text][et_pb_contact_form email=&#8221;contact@pdi.ro\/2021\/2019&#8243; submit_button_text=&#8221;Trimite mesajul&#8221; _builder_version=&#8221;3.19.4&#8243; title_font=&#8221;||||||||&#8221;][et_pb_contact_field field_id=&#8221;Name&#8221; field_title=&#8221;Nume&#8221; _builder_version=&#8221;3.18.9&#8243; button_text_size__hover_enabled=&#8221;off&#8221; button_one_text_size__hover_enabled=&#8221;off&#8221; button_two_text_size__hover_enabled=&#8221;off&#8221; button_text_color__hover_enabled=&#8221;off&#8221; button_one_text_color__hover_enabled=&#8221;off&#8221; button_two_text_color__hover_enabled=&#8221;off&#8221; button_border_width__hover_enabled=&#8221;off&#8221; button_one_border_width__hover_enabled=&#8221;off&#8221; button_two_border_width__hover_enabled=&#8221;off&#8221; button_border_color__hover_enabled=&#8221;off&#8221; button_one_border_color__hover_enabled=&#8221;off&#8221; button_two_border_color__hover_enabled=&#8221;off&#8221; button_border_radius__hover_enabled=&#8221;off&#8221; button_one_border_radius__hover_enabled=&#8221;off&#8221; button_two_border_radius__hover_enabled=&#8221;off&#8221; button_letter_spacing__hover_enabled=&#8221;off&#8221; button_one_letter_spacing__hover_enabled=&#8221;off&#8221; button_two_letter_spacing__hover_enabled=&#8221;off&#8221; button_bg_color__hover_enabled=&#8221;off&#8221; button_one_bg_color__hover_enabled=&#8221;off&#8221; button_two_bg_color__hover_enabled=&#8221;off&#8221;][\/et_pb_contact_field][et_pb_contact_field field_id=&#8221;Email&#8221; field_title=&#8221;Adresa de e-mail&#8221; field_type=&#8221;email&#8221; _builder_version=&#8221;3.19.4&#8243; button_text_size__hover_enabled=&#8221;off&#8221; button_one_text_size__hover_enabled=&#8221;off&#8221; button_two_text_size__hover_enabled=&#8221;off&#8221; button_text_color__hover_enabled=&#8221;off&#8221; button_one_text_color__hover_enabled=&#8221;off&#8221; button_two_text_color__hover_enabled=&#8221;off&#8221; button_border_width__hover_enabled=&#8221;off&#8221; button_one_border_width__hover_enabled=&#8221;off&#8221; button_two_border_width__hover_enabled=&#8221;off&#8221; button_border_color__hover_enabled=&#8221;off&#8221; button_one_border_color__hover_enabled=&#8221;off&#8221; button_two_border_color__hover_enabled=&#8221;off&#8221; button_border_radius__hover_enabled=&#8221;off&#8221; button_one_border_radius__hover_enabled=&#8221;off&#8221; button_two_border_radius__hover_enabled=&#8221;off&#8221; button_letter_spacing__hover_enabled=&#8221;off&#8221; button_one_letter_spacing__hover_enabled=&#8221;off&#8221; button_two_letter_spacing__hover_enabled=&#8221;off&#8221; button_bg_color__hover_enabled=&#8221;off&#8221; button_one_bg_color__hover_enabled=&#8221;off&#8221; button_two_bg_color__hover_enabled=&#8221;off&#8221;][\/et_pb_contact_field][et_pb_contact_field field_id=&#8221;Message&#8221; field_title=&#8221;Mesajul dvs.&#8221; field_type=&#8221;text&#8221; fullwidth_field=&#8221;on&#8221; _builder_version=&#8221;3.18.9&#8243; button_text_size__hover_enabled=&#8221;off&#8221; button_one_text_size__hover_enabled=&#8221;off&#8221; button_two_text_size__hover_enabled=&#8221;off&#8221; button_text_color__hover_enabled=&#8221;off&#8221; button_one_text_color__hover_enabled=&#8221;off&#8221; button_two_text_color__hover_enabled=&#8221;off&#8221; button_border_width__hover_enabled=&#8221;off&#8221; button_one_border_width__hover_enabled=&#8221;off&#8221; button_two_border_width__hover_enabled=&#8221;off&#8221; button_border_color__hover_enabled=&#8221;off&#8221; button_one_border_color__hover_enabled=&#8221;off&#8221; button_two_border_color__hover_enabled=&#8221;off&#8221; button_border_radius__hover_enabled=&#8221;off&#8221; button_one_border_radius__hover_enabled=&#8221;off&#8221; button_two_border_radius__hover_enabled=&#8221;off&#8221; button_letter_spacing__hover_enabled=&#8221;off&#8221; button_one_letter_spacing__hover_enabled=&#8221;off&#8221; button_two_letter_spacing__hover_enabled=&#8221;off&#8221; button_bg_color__hover_enabled=&#8221;off&#8221; button_one_bg_color__hover_enabled=&#8221;off&#8221; button_two_bg_color__hover_enabled=&#8221;off&#8221;][\/et_pb_contact_field][\/et_pb_contact_form][\/et_pb_column][et_pb_column type=&#8221;2_5&#8243; _builder_version=&#8221;3.25&#8243; custom_padding=&#8221;|||&#8221; custom_padding__hover=&#8221;|||&#8221;][et_pb_text _builder_version=&#8221;4.9.4&#8243; text_font=&#8221;Kaushan Script||||||||&#8221; text_text_color=&#8221;#f0622a&#8221; text_font_size=&#8221;30px&#8221; header_font=&#8221;||||||||&#8221; background_layout=&#8221;dark&#8221;]<\/p>\n<p>Operatorul PDI 2021<\/p>\n<p>[\/et_pb_text][et_pb_text _builder_version=&#8221;4.0.11&#8243; text_font=&#8221;||||||||&#8221;]<\/p>\n<p><span><img loading=\"lazy\" decoding=\"async\" src=\"https:\/\/pdi.ro\/2021\/wp-content\/uploads\/2020\/02\/eventer_logo_150px.png\" width=\"151\" height=\"33\" alt=\"\" class=\"wp-image-774 alignleft size-full\" \/><\/span><\/p>\n<p><span><\/span><\/p>\n<p><span><\/span><\/p>\n<p><span>Adresa: Str. A. Panu nr. 13, Iasi<\/span><br \/> <span>Tel.: 0332.40.88.00-05<\/span><br \/> <span>E-mail: <a href=\"mailto:inscrieri@primaderma.ro\" target=\"_blank\" rel=\"noopener noreferrer\">inscrieri@primaderma.ro<\/a><br \/> <\/span><span>Website:\u00a0<\/span><a href=\"http:\/\/www.eventernet.ro\/\" target=\"Blank\" rel=\"noopener noreferrer\">www.eventernet.ro<\/a><\/p>\n<p>[\/et_pb_text][et_pb_text disabled_on=&#8221;off|off|off&#8221; _builder_version=&#8221;4.0.11&#8243; text_font=&#8221;Kaushan Script||||||||&#8221; text_text_color=&#8221;#f0622a&#8221; text_font_size=&#8221;30px&#8221; header_font=&#8221;||||||||&#8221; background_layout=&#8221;dark&#8221; locked=&#8221;off&#8221;]<\/p>\n<p>Parteneri Media<\/p>\n<p>[\/et_pb_text][et_pb_gallery gallery_ids=&#8221;7203,7204,7232,7231&#8243; fullwidth=&#8221;on&#8221; _builder_version=&#8221;4.0.11&#8243; transform_scale=&#8221;86%|86%&#8221; max_width=&#8221;63%&#8221; auto=&#8221;on&#8221; auto_speed=&#8221;3500&#8243; hover_transition_duration=&#8221;100ms&#8221; hover_transition_delay=&#8221;50ms&#8221; hover_transition_speed_curve=&#8221;ease-in-out&#8221; locked=&#8221;off&#8221;][\/et_pb_gallery][\/et_pb_column][\/et_pb_row][\/et_pb_section]<\/p>\n","protected":false},"excerpt":{"rendered":"<p>Dr. Jianu Dana Mihaela Clinica ProEstetica, Bucure\u0219ti, Rom\u00e2niaChirurgia plastic\u0103 regenerativ\u0103 aplicat\u0103 \u00een tratamentul unui caz de sclerodermie localizat\u0103 (morfee \u00een band\u0103) \u00een treimea inferioar\u0103 a fe\u021beiAutor: Dana Mihaela JianuCoautor: \u0218tefania Alexandra Stoica Introducere:Morfeea \u00een band\u0103 este o patologie caracterizat\u0103 prin depozitarea colagenului tip I \u0219i III la nivelul grosimii dermului \u0219i \u021besutului subcutanat. Aceasta poate [&hellip;]<\/p>\n","protected":false},"author":2,"featured_media":0,"parent":0,"menu_order":0,"comment_status":"closed","ping_status":"closed","template":"","meta":{"_et_pb_use_builder":"on","_et_pb_old_content":"","_et_gb_content_width":"","footnotes":""},"class_list":["post-8374","page","type-page","status-publish","hentry"],"_links":{"self":[{"href":"https:\/\/pdi.ro\/2021\/wp-json\/wp\/v2\/pages\/8374","targetHints":{"allow":["GET"]}}],"collection":[{"href":"https:\/\/pdi.ro\/2021\/wp-json\/wp\/v2\/pages"}],"about":[{"href":"https:\/\/pdi.ro\/2021\/wp-json\/wp\/v2\/types\/page"}],"author":[{"embeddable":true,"href":"https:\/\/pdi.ro\/2021\/wp-json\/wp\/v2\/users\/2"}],"replies":[{"embeddable":true,"href":"https:\/\/pdi.ro\/2021\/wp-json\/wp\/v2\/comments?post=8374"}],"version-history":[{"count":6,"href":"https:\/\/pdi.ro\/2021\/wp-json\/wp\/v2\/pages\/8374\/revisions"}],"predecessor-version":[{"id":10340,"href":"https:\/\/pdi.ro\/2021\/wp-json\/wp\/v2\/pages\/8374\/revisions\/10340"}],"wp:attachment":[{"href":"https:\/\/pdi.ro\/2021\/wp-json\/wp\/v2\/media?parent=8374"}],"curies":[{"name":"wp","href":"https:\/\/api.w.org\/{rel}","templated":true}]}}