{"id":8381,"date":"2020-06-22T15:13:59","date_gmt":"2020-06-22T13:13:59","guid":{"rendered":"https:\/\/primaderma.ro\/?page_id=8381"},"modified":"2021-07-07T14:01:45","modified_gmt":"2021-07-07T12:01:45","slug":"prof-dr-tatu-alin-laurentiu","status":"publish","type":"page","link":"https:\/\/pdi.ro\/2021\/prof-dr-tatu-alin-laurentiu\/","title":{"rendered":"Prof. Dr. Tatu Alin Lauren\u021biu"},"content":{"rendered":"<p>[et_pb_section fb_built=&#8221;1&#8243; fullwidth=&#8221;on&#8221; disabled_on=&#8221;on|off|off&#8221; _builder_version=&#8221;3.22&#8243; custom_margin=&#8221;||&#8221; custom_padding=&#8221;15px||29px&#8221; top_divider_style=&#8221;waves2&#8243; top_divider_color=&#8221;#f0622a&#8221; top_divider_flip=&#8221;horizontal|vertical&#8221; bottom_divider_style=&#8221;waves2&#8243; bottom_divider_color=&#8221;#fcdedb&#8221; bottom_divider_height=&#8221;105px&#8221; bottom_divider_flip=&#8221;vertical&#8221; global_module=&#8221;9062&#8243; collapsed=&#8221;off&#8221;][et_pb_fullwidth_header title=&#8221;@ET-DC@eyJkeW5hbWljIjp0cnVlLCJjb250ZW50IjoicG9zdF90aXRsZSIsInNldHRpbmdzIjp7ImJlZm9yZSI6IiIsImFmdGVyIjoiIn19@&#8221; text_orientation=&#8221;right&#8221; header_image_url=&#8221;https:\/\/pdi.ro\/2021\/wp-content\/uploads\/2021\/05\/PDI2021_logo_header_int_600x300px.png&#8221; disabled_on=&#8221;on|on|off&#8221; _builder_version=&#8221;4.9.4&#8243; _dynamic_attributes=&#8221;title&#8221; title_font=&#8221;Kaushan Script||||||||&#8221; title_text_align=&#8221;right&#8221; title_text_color=&#8221;#f0622a&#8221; title_font_size=&#8221;50px&#8221; content_font=&#8221;|600||on|||||&#8221; content_text_align=&#8221;center&#8221; content_text_color=&#8221;#686766&#8243; content_font_size=&#8221;15px&#8221; subhead_font=&#8221;||||||||&#8221; background_color=&#8221;#ef916b&#8221; background_image=&#8221;https:\/\/pdi.ro\/2021\/wp-content\/uploads\/2021\/05\/PDI2021_header_1920x550px.jpg&#8221; background_blend=&#8221;luminosity&#8221; background_layout=&#8221;light&#8221; custom_margin=&#8221;0px||8px&#8221; custom_padding=&#8221;40px||40px||true&#8221; content_font_size_tablet=&#8221;&#8221; content_font_size_phone=&#8221;15px&#8221; content_font_size_last_edited=&#8221;on|desktop&#8221;][\/et_pb_fullwidth_header][\/et_pb_section][et_pb_section fb_built=&#8221;1&#8243; _builder_version=&#8221;3.22&#8243; locked=&#8221;off&#8221;][et_pb_row column_structure=&#8221;2_5,3_5&#8243; _builder_version=&#8221;3.25&#8243;][et_pb_column type=&#8221;2_5&#8243; _builder_version=&#8221;3.25&#8243; custom_padding=&#8221;|||&#8221; custom_padding__hover=&#8221;|||&#8221;][et_pb_image src=&#8221;https:\/\/pdi.ro\/2021\/wp-content\/uploads\/2020\/02\/TATU-ALIN-.png&#8221; title_text=&#8221;TATU-ALIN-&#8221; align=&#8221;center&#8221; align_tablet=&#8221;center&#8221; align_phone=&#8221;&#8221; align_last_edited=&#8221;on|desktop&#8221; _builder_version=&#8221;4.4.8&#8243; max_width=&#8221;31%&#8221; border_radii=&#8221;on|100px|100px|100px|100px&#8221;][\/et_pb_image][\/et_pb_column][et_pb_column type=&#8221;3_5&#8243; _builder_version=&#8221;3.25&#8243; custom_padding=&#8221;|||&#8221; custom_padding__hover=&#8221;|||&#8221;][et_pb_text _builder_version=&#8221;4.9.7&#8243; hover_enabled=&#8221;0&#8243; sticky_enabled=&#8221;0&#8243;]<\/p>\n<h4><strong><span style=\"color: #ff6600;\"><\/span><\/strong><\/h4>\n<h4><strong><span style=\"color: #ff6600;\"><\/span><\/strong><\/h4>\n<h4><strong><span style=\"color: #ff6600;\"><\/span><\/strong><\/h4>\n<h4><strong><span style=\"color: #ff6600;\">Prof. Dr. Tatu Alin Lauren\u021biu<\/span><\/strong><br \/><strong><span style=\"color: #ff6600;\">Facultatea de Medicin\u0103 \u015fi Farmacie din Gala\u0163i, Rom\u00e2nia<\/span><\/strong><\/h4>\n<p>[\/et_pb_text][\/et_pb_column][\/et_pb_row][et_pb_row _builder_version=&#8221;3.25&#8243;][et_pb_column type=&#8221;4_4&#8243; _builder_version=&#8221;3.25&#8243; custom_padding=&#8221;|||&#8221; custom_padding__hover=&#8221;|||&#8221;][et_pb_text _builder_version=&#8221;4.9.7&#8243; hover_enabled=&#8221;0&#8243; sticky_enabled=&#8221;0&#8243;]<\/p>\n<p style=\"text-align: justify;\"><span style=\"color: #ff6600;\">Observatii asupra unor cai posibile de transmitere sexual\u0103 \u0219i preven\u021bie a infectiei cu SARS-CoV<br \/>Autori: Alin Laurentiu Tatu, Thomas Nadasdy, Florin Bujoreanu, Diana Sabina Radaschin, Lawrence Chukwudi Nwabudike<\/span><\/p>\n<p style=\"text-align: justify;\">\u00cen lucrarea de fa\u021b\u0103 dorim sa ne concemtram atentia asupra diferitelor c\u0103i alternative de transmitere a infec\u021biei cu SARS-CoV-2 \u0219i eventualele consecin\u021bele ale acestora. Literatura de specialitate este bogata \u00een date referitoare la virusul SARS-CoV-2, virus care a generat o problem\u0103 de sanitate publica \u0219i care este un subiect intens dezb\u0103tut \u00een zilele noastre. Este posibil\u0103 infectarea pe cale sexual\u0103 cu SARS-CoV-2? Care sunt consecin\u021bele pandemiei asupra implica\u021biilor psihosociale?<\/p>\n<p style=\"text-align: justify;\">Am realizat un scurt review plec\u00e2nd de la posibilitatea de transmitere a infec\u021biei pe cale sexual\u0103 \u0219i \u00eencerc\u00e2nd s\u0103 demonstr\u0103m existen\u021ba unor c\u0103i alternative de transmitere a virusului SARS-CoV-2. Astfel, rolul receptorilor ACE2 prezen\u021bi la nivelul diferitelor organe devine foarte important \u0219i se pot explica simptome mai pu\u021bin \u00eent\u00e2lnite ale infec\u021biei cum ar fi orhita viral\u0103. Astfel se poate enun\u021ba faptul c\u0103 infec\u021bia cu SARS-CoV-2 poate influen\u021ba comportamentul sexual \u0219i poate duce la o rat\u0103 mai mare de infect\u0103ri la minorit\u0103\u021bile sexuale.<br \/>De asemenea, c\u0103ile alternative de transmitere a infec\u021biei pot fi reprezentate \u0219i de microorganismele prezente la nivel cutanat cum ar fi Demodex folliculorum care pot ac\u021biona ca factori de transmitere a bolii. Rolul Demodex este sugerat \u0219i \u00een dezvoltarea de vaccinuri topice, sau ca mijloc de poten\u021bare a vaccinurilor parenterale prin augmentarea r\u0103spunsului imun.<br \/>\u00cenc\u0103 sunt multe necunoscute \u00een ceea ce prive\u0219te impactul SARS-Cov-2 pe plan mondial, at\u00e2t din punct de vedere social c\u00e2t \u0219i medical. Consecin\u021bele pandemiei pe termen lung vor genera r\u0103spunsuri la multe din \u00eentreb\u0103rile actuale iar studiile clinice vor fi extrem de folositoare \u00een prevenirea unor situa\u021bii asem\u0103n\u0103toare.<\/p>\n<p style=\"text-align: justify;\"><span style=\"color: #ff6600;\">Scurt CV<\/span><\/p>\n<p style=\"text-align: justify;\">N\u0103scut \u00een 1968, urmeaz\u0103 etapele \u015fcolariz\u0103rii fiind absolvent al Liceului de Matematic\u0103-Fizic\u0103 \u201dVasile Alecsandri\u201d Gala\u0163i \u015fi olimpic na\u0163ional la matematic\u0103. Dup\u0103 stagiul militar, studiaz\u0103 apoi la Universitatea de Medicin\u0103 \u015fi Farmacie \u201dCarol Davila\u201d din Bucure\u015fti. Se formeaz\u0103 ca dermatolog \u00een Spitalul Clinic \u201dColentina\u201d sub bagheta Prof. Dr. Forsea, Prof. dr. Giurc\u0103neanu \u015fi a dr. Smaranda Iosif. Ob\u0163ine primul loc la examenul de medic specialist sus\u0163inut la Bucure\u015fti \u015fi de asemenea primul loc la examenul de medic primar sus\u0163inut la Timi\u015foara.<br \/>Ob\u0163ine prin concurs postul de medic dermato venerolog la Spitalul de Urgen\u0163\u0103 \u201dSf. Apostol Andrei\u201d din Gala\u0163i \u015fi lucreaz\u0103 \u00een paralel \u00een sistem privat. Se implic\u0103 \u00een dezvoltarea tematicilor \u015fi programelor noii Facult\u0103\u0163i de Medicin\u0103 \u015fi Farmacie din cadrul Universit\u0103\u0163ii \u201dDun\u0103rea de Jos\u201d din Gala\u0163i unde sus\u0163ine ini\u0163ial cursuri \u015fi lucr\u0103ri ca asociat, apoi din 2011 ca titular angajat.<br \/>\u00cen 2017 sus\u0163ine Teza de Abilitare \u015fi tot din acel an devine Profesor universitar abilitat al Facult\u0103\u0163ii de Medicin\u0103 \u015fi Farmacie din Gala\u0163i. Din 2018 este conduc\u0103tor de doctorat av\u00e2nd \u00een coordonare 3 doctoranzi \u015fi sus\u0163ine cursuri de studii doctorale avansate \u00een cadrul \u015ecolii Doctorale de \u015etiin\u0163e Fundamentale \u015fi Inginere\u015fti. A publicat numeroase articole de specialitate in extenso indexate ISI, BDI realiz\u00e2nd un indice Hirsch 7 la \u00eenceputul lui 2019.<br \/>Este membru al EADV, AAD, EHRS, ISD, ESDR, ESPD \u015fi al Societ\u0103\u0163ii Japoneze de Dermatologie Investigativ\u0103. Este Board Director \u015fi Vicepre\u015fedinte al Societ\u0103\u0163ii Interna\u0163ionale de Dermatologie\u2013ISD.<br \/>Domeniile de cercetare de interes sunt reprezentate de Demodex Folliculorum, microbiomul cutanat asociat\/independent de Demodex, Dermoscopia\/Entomodermoscopia, Rozacee, inclusiv cea indus\u0103 steroidian, vitiligo, alter\u0103ri cutanate asociate tulbur\u0103rilor endocrine, prurit, durere cutanat\u0103, alter\u0103ri pilare.<\/p>\n<p>[\/et_pb_text][\/et_pb_column][\/et_pb_row][\/et_pb_section][et_pb_section fb_built=&#8221;1&#8243; _builder_version=&#8221;4.9.6&#8243; background_color=&#8221;rgba(117,194,33,0.23)&#8221; background_image=&#8221;https:\/\/pdi.ro\/2021\/wp-content\/uploads\/2021\/05\/PDI2021_header_1920x550px.jpg&#8221; background_blend=&#8221;multiply&#8221; custom_padding=&#8221;54px|0px|0|0px|false|false&#8221; top_divider_style=&#8221;waves2&#8243; top_divider_color=&#8221;#ffffff&#8221; top_divider_height=&#8221;155px&#8221; top_divider_height_tablet=&#8221;&#8221; top_divider_height_phone=&#8221;97px&#8221; top_divider_height_last_edited=&#8221;on|desktop&#8221; bottom_divider_style=&#8221;waves2&#8243; bottom_divider_color=&#8221;#75c221&#8243; bottom_divider_flip=&#8221;vertical&#8221; bottom_divider_height_tablet=&#8221;&#8221; bottom_divider_height_phone=&#8221;59px&#8221; bottom_divider_height_last_edited=&#8221;on|desktop&#8221; global_module=&#8221;9177&#8243; saved_tabs=&#8221;all&#8221;][et_pb_row column_structure=&#8221;3_5,2_5&#8243; _builder_version=&#8221;3.25&#8243; custom_padding=&#8221;61px|0px|69px|0px|false|false&#8221;][et_pb_column type=&#8221;3_5&#8243; _builder_version=&#8221;3.25&#8243; custom_padding=&#8221;|||&#8221; custom_padding__hover=&#8221;|||&#8221;][et_pb_text _builder_version=&#8221;4.9.4&#8243; text_font=&#8221;Kaushan Script||||||||&#8221; text_text_color=&#8221;#f0622a&#8221; text_font_size=&#8221;30px&#8221; text_line_height=&#8221;1.2em&#8221; header_font=&#8221;||||||||&#8221; background_layout=&#8221;dark&#8221; text_font_size_tablet=&#8221;&#8221; text_font_size_phone=&#8221;&#8221; text_font_size_last_edited=&#8221;on|desktop&#8221;]<\/p>\n<p>Contacteaz\u0103 operatorul PDI 2021<\/p>\n<p>[\/et_pb_text][et_pb_contact_form email=&#8221;contact@pdi.ro\/2021\/2019&#8243; submit_button_text=&#8221;Trimite mesajul&#8221; _builder_version=&#8221;4.9.4&#8243; title_font=&#8221;||||||||&#8221; custom_button=&#8221;on&#8221; button_text_color=&#8221;#F0622A&#8221;][et_pb_contact_field field_id=&#8221;Name&#8221; field_title=&#8221;Nume&#8221; _builder_version=&#8221;3.18.9&#8243; button_text_size__hover_enabled=&#8221;off&#8221; button_one_text_size__hover_enabled=&#8221;off&#8221; button_two_text_size__hover_enabled=&#8221;off&#8221; button_text_color__hover_enabled=&#8221;off&#8221; button_one_text_color__hover_enabled=&#8221;off&#8221; button_two_text_color__hover_enabled=&#8221;off&#8221; button_border_width__hover_enabled=&#8221;off&#8221; button_one_border_width__hover_enabled=&#8221;off&#8221; button_two_border_width__hover_enabled=&#8221;off&#8221; button_border_color__hover_enabled=&#8221;off&#8221; button_one_border_color__hover_enabled=&#8221;off&#8221; button_two_border_color__hover_enabled=&#8221;off&#8221; button_border_radius__hover_enabled=&#8221;off&#8221; button_one_border_radius__hover_enabled=&#8221;off&#8221; button_two_border_radius__hover_enabled=&#8221;off&#8221; button_letter_spacing__hover_enabled=&#8221;off&#8221; button_one_letter_spacing__hover_enabled=&#8221;off&#8221; button_two_letter_spacing__hover_enabled=&#8221;off&#8221; button_bg_color__hover_enabled=&#8221;off&#8221; button_one_bg_color__hover_enabled=&#8221;off&#8221; button_two_bg_color__hover_enabled=&#8221;off&#8221;][\/et_pb_contact_field][et_pb_contact_field field_id=&#8221;Email&#8221; field_title=&#8221;Adresa de e-mail&#8221; field_type=&#8221;email&#8221; _builder_version=&#8221;3.19.4&#8243; button_text_size__hover_enabled=&#8221;off&#8221; button_one_text_size__hover_enabled=&#8221;off&#8221; button_two_text_size__hover_enabled=&#8221;off&#8221; button_text_color__hover_enabled=&#8221;off&#8221; button_one_text_color__hover_enabled=&#8221;off&#8221; button_two_text_color__hover_enabled=&#8221;off&#8221; button_border_width__hover_enabled=&#8221;off&#8221; button_one_border_width__hover_enabled=&#8221;off&#8221; button_two_border_width__hover_enabled=&#8221;off&#8221; button_border_color__hover_enabled=&#8221;off&#8221; button_one_border_color__hover_enabled=&#8221;off&#8221; button_two_border_color__hover_enabled=&#8221;off&#8221; button_border_radius__hover_enabled=&#8221;off&#8221; button_one_border_radius__hover_enabled=&#8221;off&#8221; button_two_border_radius__hover_enabled=&#8221;off&#8221; button_letter_spacing__hover_enabled=&#8221;off&#8221; button_one_letter_spacing__hover_enabled=&#8221;off&#8221; button_two_letter_spacing__hover_enabled=&#8221;off&#8221; button_bg_color__hover_enabled=&#8221;off&#8221; button_one_bg_color__hover_enabled=&#8221;off&#8221; button_two_bg_color__hover_enabled=&#8221;off&#8221;][\/et_pb_contact_field][et_pb_contact_field field_id=&#8221;Message&#8221; field_title=&#8221;Mesajul dvs.&#8221; field_type=&#8221;text&#8221; fullwidth_field=&#8221;on&#8221; _builder_version=&#8221;3.18.9&#8243; button_text_size__hover_enabled=&#8221;off&#8221; button_one_text_size__hover_enabled=&#8221;off&#8221; button_two_text_size__hover_enabled=&#8221;off&#8221; button_text_color__hover_enabled=&#8221;off&#8221; button_one_text_color__hover_enabled=&#8221;off&#8221; button_two_text_color__hover_enabled=&#8221;off&#8221; button_border_width__hover_enabled=&#8221;off&#8221; button_one_border_width__hover_enabled=&#8221;off&#8221; button_two_border_width__hover_enabled=&#8221;off&#8221; button_border_color__hover_enabled=&#8221;off&#8221; button_one_border_color__hover_enabled=&#8221;off&#8221; button_two_border_color__hover_enabled=&#8221;off&#8221; button_border_radius__hover_enabled=&#8221;off&#8221; button_one_border_radius__hover_enabled=&#8221;off&#8221; button_two_border_radius__hover_enabled=&#8221;off&#8221; button_letter_spacing__hover_enabled=&#8221;off&#8221; button_one_letter_spacing__hover_enabled=&#8221;off&#8221; button_two_letter_spacing__hover_enabled=&#8221;off&#8221; button_bg_color__hover_enabled=&#8221;off&#8221; button_one_bg_color__hover_enabled=&#8221;off&#8221; button_two_bg_color__hover_enabled=&#8221;off&#8221;][\/et_pb_contact_field][\/et_pb_contact_form][\/et_pb_column][et_pb_column type=&#8221;2_5&#8243; _builder_version=&#8221;3.25&#8243; custom_padding=&#8221;|||&#8221; custom_padding__hover=&#8221;|||&#8221;][et_pb_text _builder_version=&#8221;4.9.4&#8243; text_font=&#8221;Kaushan Script||||||||&#8221; text_text_color=&#8221;#f0622a&#8221; text_font_size=&#8221;30px&#8221; header_font=&#8221;||||||||&#8221; background_layout=&#8221;dark&#8221;]<\/p>\n<p>Operatorul PDI 2021<\/p>\n<p>[\/et_pb_text][et_pb_text _builder_version=&#8221;4.0.11&#8243; text_font=&#8221;||||||||&#8221;]<\/p>\n<p><span><img loading=\"lazy\" decoding=\"async\" src=\"https:\/\/pdi.ro\/2021\/wp-content\/uploads\/2020\/02\/eventer_logo_150px.png\" width=\"151\" height=\"33\" alt=\"\" class=\"wp-image-774 alignleft size-full\" \/><\/span><\/p>\n<p><span><\/span><\/p>\n<p><span><\/span><\/p>\n<p><span>Adresa: Str. A. Panu nr. 13, Iasi<\/span><br \/> <span>Tel.: 0332.40.88.00-05<\/span><br \/> <span>E-mail: <a href=\"mailto:inscrieri@primaderma.ro\" target=\"_blank\" rel=\"noopener noreferrer\">inscrieri@primaderma.ro<\/a><br \/> <\/span><span>Website:\u00a0<\/span><a href=\"http:\/\/www.eventernet.ro\/\" target=\"Blank\" rel=\"noopener noreferrer\">www.eventernet.ro<\/a><\/p>\n<p>[\/et_pb_text][et_pb_text disabled_on=&#8221;off|off|off&#8221; _builder_version=&#8221;4.0.11&#8243; text_font=&#8221;Kaushan Script||||||||&#8221; text_text_color=&#8221;#f0622a&#8221; text_font_size=&#8221;30px&#8221; header_font=&#8221;||||||||&#8221; background_layout=&#8221;dark&#8221; locked=&#8221;off&#8221;]<\/p>\n<p>Parteneri Media<\/p>\n<p>[\/et_pb_text][et_pb_gallery gallery_ids=&#8221;7203,7204,9252,9464&#8243; fullwidth=&#8221;on&#8221; _builder_version=&#8221;4.9.6&#8243; transform_scale=&#8221;86%|86%&#8221; max_width=&#8221;63%&#8221; auto=&#8221;on&#8221; auto_speed=&#8221;3500&#8243; hover_transition_duration=&#8221;100ms&#8221; hover_transition_delay=&#8221;50ms&#8221; hover_transition_speed_curve=&#8221;ease-in-out&#8221; locked=&#8221;off&#8221;][\/et_pb_gallery][\/et_pb_column][\/et_pb_row][\/et_pb_section]<\/p>\n","protected":false},"excerpt":{"rendered":"<p>Prof. Dr. Tatu Alin Lauren\u021biuFacultatea de Medicin\u0103 \u015fi Farmacie din Gala\u0163i, Rom\u00e2niaObservatii asupra unor cai posibile de transmitere sexual\u0103 \u0219i preven\u021bie a infectiei cu SARS-CoVAutori: Alin Laurentiu Tatu, Thomas Nadasdy, Florin Bujoreanu, Diana Sabina Radaschin, Lawrence Chukwudi Nwabudike \u00cen lucrarea de fa\u021b\u0103 dorim sa ne concemtram atentia asupra diferitelor c\u0103i alternative de transmitere a infec\u021biei [&hellip;]<\/p>\n","protected":false},"author":2,"featured_media":0,"parent":0,"menu_order":0,"comment_status":"closed","ping_status":"closed","template":"","meta":{"_et_pb_use_builder":"on","_et_pb_old_content":"","_et_gb_content_width":"","footnotes":""},"class_list":["post-8381","page","type-page","status-publish","hentry"],"_links":{"self":[{"href":"https:\/\/pdi.ro\/2021\/wp-json\/wp\/v2\/pages\/8381","targetHints":{"allow":["GET"]}}],"collection":[{"href":"https:\/\/pdi.ro\/2021\/wp-json\/wp\/v2\/pages"}],"about":[{"href":"https:\/\/pdi.ro\/2021\/wp-json\/wp\/v2\/types\/page"}],"author":[{"embeddable":true,"href":"https:\/\/pdi.ro\/2021\/wp-json\/wp\/v2\/users\/2"}],"replies":[{"embeddable":true,"href":"https:\/\/pdi.ro\/2021\/wp-json\/wp\/v2\/comments?post=8381"}],"version-history":[{"count":7,"href":"https:\/\/pdi.ro\/2021\/wp-json\/wp\/v2\/pages\/8381\/revisions"}],"predecessor-version":[{"id":10099,"href":"https:\/\/pdi.ro\/2021\/wp-json\/wp\/v2\/pages\/8381\/revisions\/10099"}],"wp:attachment":[{"href":"https:\/\/pdi.ro\/2021\/wp-json\/wp\/v2\/media?parent=8381"}],"curies":[{"name":"wp","href":"https:\/\/api.w.org\/{rel}","templated":true}]}}