{"id":8447,"date":"2020-06-29T11:48:58","date_gmt":"2020-06-29T09:48:58","guid":{"rendered":"https:\/\/primaderma.ro\/?page_id=8447"},"modified":"2021-07-07T16:57:36","modified_gmt":"2021-07-07T14:57:36","slug":"dr-benea-vasile","status":"publish","type":"page","link":"https:\/\/pdi.ro\/2021\/dr-benea-vasile\/","title":{"rendered":"C.\u0218. gr. I Dr. Benea Vasile"},"content":{"rendered":"<p>[et_pb_section fb_built=&#8221;1&#8243; fullwidth=&#8221;on&#8221; disabled_on=&#8221;on|off|off&#8221; _builder_version=&#8221;3.22&#8243; custom_margin=&#8221;||&#8221; custom_padding=&#8221;15px||29px&#8221; top_divider_style=&#8221;waves2&#8243; top_divider_color=&#8221;#f0622a&#8221; top_divider_flip=&#8221;horizontal|vertical&#8221; bottom_divider_style=&#8221;waves2&#8243; bottom_divider_color=&#8221;#fcdedb&#8221; bottom_divider_height=&#8221;105px&#8221; bottom_divider_flip=&#8221;vertical&#8221; global_module=&#8221;9062&#8243; collapsed=&#8221;off&#8221;][et_pb_fullwidth_header title=&#8221;@ET-DC@eyJkeW5hbWljIjp0cnVlLCJjb250ZW50IjoicG9zdF90aXRsZSIsInNldHRpbmdzIjp7ImJlZm9yZSI6IiIsImFmdGVyIjoiIn19@&#8221; text_orientation=&#8221;right&#8221; header_image_url=&#8221;https:\/\/pdi.ro\/2021\/wp-content\/uploads\/2021\/05\/PDI2021_logo_header_int_600x300px.png&#8221; disabled_on=&#8221;on|on|off&#8221; _builder_version=&#8221;4.9.4&#8243; _dynamic_attributes=&#8221;title&#8221; title_font=&#8221;Kaushan Script||||||||&#8221; title_text_align=&#8221;right&#8221; title_text_color=&#8221;#f0622a&#8221; title_font_size=&#8221;50px&#8221; content_font=&#8221;|600||on|||||&#8221; content_text_align=&#8221;center&#8221; content_text_color=&#8221;#686766&#8243; content_font_size=&#8221;15px&#8221; subhead_font=&#8221;||||||||&#8221; background_color=&#8221;#ef916b&#8221; background_image=&#8221;https:\/\/pdi.ro\/2021\/wp-content\/uploads\/2021\/05\/PDI2021_header_1920x550px.jpg&#8221; background_blend=&#8221;luminosity&#8221; background_layout=&#8221;light&#8221; custom_margin=&#8221;0px||8px&#8221; custom_padding=&#8221;40px||40px||true&#8221; content_font_size_tablet=&#8221;&#8221; content_font_size_phone=&#8221;15px&#8221; content_font_size_last_edited=&#8221;on|desktop&#8221;][\/et_pb_fullwidth_header][\/et_pb_section][et_pb_section fb_built=&#8221;1&#8243; _builder_version=&#8221;3.22&#8243; locked=&#8221;off&#8221;][et_pb_row column_structure=&#8221;2_5,3_5&#8243; _builder_version=&#8221;3.25&#8243;][et_pb_column type=&#8221;2_5&#8243; _builder_version=&#8221;3.25&#8243; custom_padding=&#8221;|||&#8221; custom_padding__hover=&#8221;|||&#8221;][et_pb_image src=&#8221;https:\/\/pdi.ro\/2021\/wp-content\/uploads\/2021\/07\/Benea-Vasile_1.jpg&#8221; title_text=&#8221;Benea Vasile_1&#8243; align=&#8221;center&#8221; align_tablet=&#8221;center&#8221; align_phone=&#8221;&#8221; align_last_edited=&#8221;on|desktop&#8221; _builder_version=&#8221;4.9.7&#8243; max_width=&#8221;31%&#8221; border_radii=&#8221;on|100px|100px|100px|100px&#8221;][\/et_pb_image][\/et_pb_column][et_pb_column type=&#8221;3_5&#8243; _builder_version=&#8221;3.25&#8243; custom_padding=&#8221;|||&#8221; custom_padding__hover=&#8221;|||&#8221;][et_pb_text _builder_version=&#8221;4.4.8&#8243;]<\/p>\n<h4><strong><span style=\"color: #ff6600;\"><\/span><\/strong><\/h4>\n<h4><strong><span style=\"color: #ff6600;\"><\/span><\/strong><\/h4>\n<h4><strong><span style=\"color: #ff6600;\"><\/span><\/strong><\/h4>\n<h4><strong><span style=\"color: #ff6600;\">C.\u0218. gr. I Dr. Benea Vasile<\/span><\/strong><br \/>\n<strong><span style=\"color: #ff6600;\">Spitalul Clinic de Boli Infec\u0163ioase \u015fi Tropicale &#8220;Victor Babe\u015f\u201d Bucure\u015fti<\/span><\/strong><\/h4>\n<p>[\/et_pb_text][\/et_pb_column][\/et_pb_row][et_pb_row _builder_version=&#8221;3.25&#8243;][et_pb_column type=&#8221;4_4&#8243; _builder_version=&#8221;3.25&#8243; custom_padding=&#8221;|||&#8221; custom_padding__hover=&#8221;|||&#8221;][et_pb_text _builder_version=&#8221;4.9.7&#8243; hover_enabled=&#8221;0&#8243; sticky_enabled=&#8221;0&#8243;]<\/p>\n<p style=\"text-align: justify;\"><span style=\"color: #ff6600;\">Alergia alimentar\u0103<\/span><br \/>\n<span style=\"color: #ff6600;\">Autori: Vasile Benea1, Simona-Roxana Georgescu1,2<\/span><br \/>\n1. Clinica de Dermatovenerologie, Spitalul Clinic de Boli Infec\u0163ioase \u015fi Tropicale \u201eVictor Babe\u015f\u201d Bucure\u015fti.<br \/>\n2. Universitatea de Medicin\u0103 \u0219i Farmacie &#8220;Carol Davila&#8221; Bucure\u015fti<\/p>\n<p><\/span><\/p>\n<p style=\"text-align: justify;\">Termenul de alergie alimentar\u0103 se refer\u0103 la un grup de reac\u021bii adverse reproductibile la alimente care sunt mediate prin mecanisme imunologice. Aceste reac\u021biile imune pot fi IgE-mediate (urticarie, angioedem, rinit\u0103 alergic\u0103, astm bron\u0219ic, v\u0103rs\u0103turi, diaree, anafilaxie), non-IgE-mediate (enteropatii induse de alimente \u2013 enterocolit\u0103, proctocolit\u0103) \u0219i reac\u021bii mixte (dermita atopic\u0103; afec\u021biuni gastro-intestinale eozinofilice \u2013 esofagit\u0103, gastro-enterit\u0103). \u00cen apari\u021bia alergiei alimentare sunt implicate interac\u021biuni complexe \u00eentre terenul genetic, stilul de via\u021b\u0103 \u0219i factori de mediu.<br \/>\nAlergia alimentar\u0103 constituie o problem\u0103 important\u0103 de s\u0103n\u0103tate public\u0103 cu prevalen\u021b\u0103 \u00een continu\u0103 cre\u0219tere \u0219i un impact major asupra calit\u0103\u021bii vie\u021bii pacien\u021bilor \u0219i a familiilor acestora. Intensitatea manifest\u0103rilor clinice variaz\u0103 de la simple reac\u021bii locale, cum ar fi sindromul de alergie oral\u0103 \u00eencruci\u0219at\u0103, p\u00e2n\u0103 la reac\u021biile anafilactice severe. Alergenele alimentare se pot clasifica \u00een: alergene provenite din plante care pot da reac\u021bii \u00eencruci\u0219ate cu polenurile (1); alergene provenite din plante care nu dau reac\u021bii \u00eencruci\u0219ate cu polenurile (2) \u0219i alergene alimentare de origine animal\u0103 (3). Principalele alergene alimentare sunt, la copiii mici, laptele (50% din cazurile la sugari) \u0219i ou\u0103le, iar la copiii mari arahidele, nucile, fructele de mare, ou\u0103le \u0219i laptele; la adul\u021bi apar reac\u021bii alergice \u00eencruci\u0219ate \u00eentre polenuri \u0219i alimente.<br \/>\nDiagnosticul alergiei alimentare se bazeaz\u0103 \u00een principal pe anamneza am\u0103nun\u021bit\u0103, evaluarea clinic\u0103 atent\u0103 (status nutri\u021bional, afec\u021biuni asociate \u2013 \u00eendeosebi manifest\u0103ri atopice etc.), eviden\u021bierea sensibiliz\u0103rii IgE (teste cutanate, determinarea IgE specifice), dieta de eliminare \u0219i proba de provocare oral\u0103 \u00een dublu orb.<br \/>\nManagementul alergiei alimentare include m\u0103suri pe termen scurt pentru tratamentul reac\u021biilor acute (antihistaminice, corticosteroizi, adrenalin\u0103 etc., \u00een func\u021bie de intensitatea manifest\u0103rilor clinice \u0219i de riscul de evolu\u021bie spre forme severe) \u0219i strategia pe termen lung (modificarea regimului alimentar, educa\u021bia pacientului\/familiei, abordarea comportamental\u0103, evitarea cofactorilor, imunoterapie pentru inducerea toleran\u021bei, medica\u021bie biologic\u0103 anti-IgE etc.) \u00een scopul reducerii riscului de apari\u021bie a unor reac\u021bii alergice viitoare. De asemenea, o importan\u021b\u0103 deosebit\u0103 o are g\u0103sirea unor criterii de apreciere a riscului de apari\u021bie a unor reac\u021bii severe viitoare, precum \u0219i a unor m\u0103suri de prevenire a alergiei alimentare la cei cu predispozi\u021bie genetic\u0103.<\/p>\n<p style=\"text-align: justify;\"><span style=\"color: #ff6600;\">Scurt CV<\/span><\/p>\n<p><strong>Experien\u0163a profesional\u0103:<\/strong><br \/>\nPrezent: cercet\u0103tor \u015ftiin\u0163ific principal gr. I, Laboratorul de cercetare dermato-venerologie, Spitalul Clinic de Boli Infec\u0163ioase \u015fi Tropicale \u201eVictor Babe\u015f\u201d Bucure\u015fti<br \/>\n2002 \u2013 2012: cercet\u0103tor \u015ftiin\u0163ific principal gr. I, Centrul Dermato-venerologic, Spitalul Clinic de Dermatologie \u201cProf. dr. Scarlat Longhin\u201d Bucure\u015fti;<br \/>\n1996: cercet\u0103tor \u015ftiin\u0163ific gr II, Centrul Dermato-venerologic, Spitalul Clinic de Dermatologie \u201cProf. dr. Scarlat Longhin\u201d Bucure\u015fti;<br \/>\n1994: medic primar dermato-venerolog, Spitalul Clinic de Dermatologie \u201cProf. dr. Scarlat Longhin\u201d Bucure\u015fti;<br \/>\n1989: cercet\u0103tor \u015ftiin\u0163ific gr III, Centrul Dermato-venerologic, Spitalul Clinic de Dermatologie \u201cProf. dr. Scarlat Longhin\u201d Bucure\u015fti;<br \/>\n1989: medic specialist dermato-venerolog; Spitalul Clinic de Dermatologie \u201cProf. dr. Scarlat Longhin\u201d Bucure\u015fti;<br \/>\n1983: medic-doctor \u00een medicin\u0103 general\u0103, Universitatea de Medicin\u0103 \u015fi Farmacie \u201cCarol Davila\u201d Bucure\u015fti; prereparti\u0163ie \u00een cercetarea clinic\u0103 medical\u0103 la Centrul Dermato-venerologic Bucure\u015fti;<br \/>\nCoordonator al Laboratorului de cercetare dermato-venerologie, Spitalul Clinic de Boli Infec\u0163ioase \u015fi Tropicale \u201eVictor Babe\u015f\u201d Bucure\u015fti<br \/>\n2009-2012: Manager, Spitalul Clinic de Dermatologie \u201cScarlat Longhin\u201d, Bucure\u015fti<br \/>\n2004-2009: Director Medical, Spitalul Clinic de Dermatologie \u201cScarlat Longhin\u201d, Bucure\u015fti<br \/>\n1993 \u2013 prezent: \u015eeful Laboratorului de Alergologie, Laboratorul de cercetare dermato-venerologie;<br \/>\nActivit\u0103\u0163i \u015fi responsabilit\u0103\u0163i principale:<br \/>\nActivitate de cercetare \u2013 Laboratorul de cercetare dermato-venerologie, Spitalul Clinic de Boli Infec\u0163ioase \u015fi Tropicale \u201eVictor Babe\u015f\u201d Bucure\u015fti;<br \/>\nAsisten\u0163\u0103 medical\u0103 specialitatea dermato-venerologie \u2013 Spitalul Clinic de Boli Infec\u0163ioase \u015fi Tropicale \u201eVictor Babe\u015f\u201d Bucure\u015fti;<br \/>\nSpitalul Clinic de Boli Infec\u0163ioase \u015fi Tropicale \u201eVictor Babe\u015f\u201d, \u015eoseaua Mihai Bravu 281, sector 3, 030303 Bucure\u015fti<br \/>\n<strong>Educa\u0163ie \u015fi formare:<\/strong><br \/>\nPerioada:<br \/>\nCalificarea \/ diploma ob\u0163inut\u0103:<br \/>\n2002: cercet\u0103tor \u015ftiin\u0163ific principal gr. I, Academia de \u015etiin\u0163e Medicale, Rom\u00e2nia;<br \/>\n2001: doctor \u00een \u015ftiin\u0163e medicale, Universitatea de Medicin\u0103 \u015fi Farmacie \u201cCarol Davila\u201d Bucure\u015fti;<br \/>\n1996: cercet\u0103tor \u015ftiin\u0163ific gr II, Academia de \u015etiin\u0163e Medicale, Rom\u00e2nia;<br \/>\n1994: medic primar dermato-venerolog;<br \/>\n1989: cercet\u0103tor \u015ftiin\u0163ific gr III, Academia de \u015etiin\u0163e Medicale, Rom\u00e2nia;<br \/>\n1989: medic specialist dermato-venerolog;<br \/>\n1977-1983: Universitatea de Medicin\u0103 \u015fi Farmacie \u201cCarol Davila\u201d Bucure\u015fti, medic-doctor \u00een medicin\u0103 general\u0103,<br \/>\n1972-1976: Colegiul Na\u0163ional \u201eVasile Alecsandri\u201d Gala\u0163i.[\/et_pb_text][\/et_pb_column][\/et_pb_row][\/et_pb_section][et_pb_section fb_built=&#8221;1&#8243; _builder_version=&#8221;3.22&#8243; background_color=&#8221;rgba(117,194,33,0.23)&#8221; background_image=&#8221;https:\/\/pdi.ro\/2021\/wp-content\/uploads\/2020\/02\/back_justflowers_overlay1.png&#8221; background_blend=&#8221;luminosity&#8221; custom_padding=&#8221;54px|0px|0|0px|false|false&#8221; top_divider_style=&#8221;waves2&#8243; top_divider_color=&#8221;#ffffff&#8221; top_divider_height=&#8221;155px&#8221; top_divider_height_tablet=&#8221;&#8221; top_divider_height_phone=&#8221;97px&#8221; top_divider_height_last_edited=&#8221;on|desktop&#8221; bottom_divider_style=&#8221;waves2&#8243; bottom_divider_color=&#8221;#75c221&#8243; bottom_divider_flip=&#8221;vertical&#8221; bottom_divider_height_tablet=&#8221;&#8221; bottom_divider_height_phone=&#8221;59px&#8221; bottom_divider_height_last_edited=&#8221;on|desktop&#8221;][et_pb_row column_structure=&#8221;3_5,2_5&#8243; _builder_version=&#8221;3.25&#8243; custom_padding=&#8221;61px|0px|69px|0px|false|false&#8221;][et_pb_column type=&#8221;3_5&#8243; _builder_version=&#8221;3.25&#8243; custom_padding=&#8221;|||&#8221; custom_padding__hover=&#8221;|||&#8221;][et_pb_text _builder_version=&#8221;4.9.4&#8243; text_font=&#8221;Kaushan Script||||||||&#8221; text_text_color=&#8221;#f0622a&#8221; text_font_size=&#8221;30px&#8221; text_line_height=&#8221;1.2em&#8221; header_font=&#8221;||||||||&#8221; background_layout=&#8221;dark&#8221; text_font_size_tablet=&#8221;&#8221; text_font_size_phone=&#8221;&#8221; text_font_size_last_edited=&#8221;on|desktop&#8221;]<\/p>\n<p>Contacteaz\u0103 operatorul PDI 2021<\/p>\n<p>[\/et_pb_text][et_pb_contact_form email=&#8221;contact@pdi.ro\/2021\/2019&#8243; submit_button_text=&#8221;Trimite mesajul&#8221; _builder_version=&#8221;3.19.4&#8243; title_font=&#8221;||||||||&#8221;][et_pb_contact_field field_id=&#8221;Name&#8221; field_title=&#8221;Nume&#8221; _builder_version=&#8221;3.18.9&#8243; button_text_size__hover_enabled=&#8221;off&#8221; button_one_text_size__hover_enabled=&#8221;off&#8221; button_two_text_size__hover_enabled=&#8221;off&#8221; button_text_color__hover_enabled=&#8221;off&#8221; button_one_text_color__hover_enabled=&#8221;off&#8221; button_two_text_color__hover_enabled=&#8221;off&#8221; button_border_width__hover_enabled=&#8221;off&#8221; button_one_border_width__hover_enabled=&#8221;off&#8221; button_two_border_width__hover_enabled=&#8221;off&#8221; button_border_color__hover_enabled=&#8221;off&#8221; button_one_border_color__hover_enabled=&#8221;off&#8221; button_two_border_color__hover_enabled=&#8221;off&#8221; button_border_radius__hover_enabled=&#8221;off&#8221; button_one_border_radius__hover_enabled=&#8221;off&#8221; button_two_border_radius__hover_enabled=&#8221;off&#8221; button_letter_spacing__hover_enabled=&#8221;off&#8221; button_one_letter_spacing__hover_enabled=&#8221;off&#8221; button_two_letter_spacing__hover_enabled=&#8221;off&#8221; button_bg_color__hover_enabled=&#8221;off&#8221; button_one_bg_color__hover_enabled=&#8221;off&#8221; button_two_bg_color__hover_enabled=&#8221;off&#8221;][\/et_pb_contact_field][et_pb_contact_field field_id=&#8221;Email&#8221; field_title=&#8221;Adresa de e-mail&#8221; field_type=&#8221;email&#8221; _builder_version=&#8221;3.19.4&#8243; button_text_size__hover_enabled=&#8221;off&#8221; button_one_text_size__hover_enabled=&#8221;off&#8221; button_two_text_size__hover_enabled=&#8221;off&#8221; button_text_color__hover_enabled=&#8221;off&#8221; button_one_text_color__hover_enabled=&#8221;off&#8221; button_two_text_color__hover_enabled=&#8221;off&#8221; button_border_width__hover_enabled=&#8221;off&#8221; button_one_border_width__hover_enabled=&#8221;off&#8221; button_two_border_width__hover_enabled=&#8221;off&#8221; button_border_color__hover_enabled=&#8221;off&#8221; button_one_border_color__hover_enabled=&#8221;off&#8221; button_two_border_color__hover_enabled=&#8221;off&#8221; button_border_radius__hover_enabled=&#8221;off&#8221; button_one_border_radius__hover_enabled=&#8221;off&#8221; button_two_border_radius__hover_enabled=&#8221;off&#8221; button_letter_spacing__hover_enabled=&#8221;off&#8221; button_one_letter_spacing__hover_enabled=&#8221;off&#8221; button_two_letter_spacing__hover_enabled=&#8221;off&#8221; button_bg_color__hover_enabled=&#8221;off&#8221; button_one_bg_color__hover_enabled=&#8221;off&#8221; button_two_bg_color__hover_enabled=&#8221;off&#8221;][\/et_pb_contact_field][et_pb_contact_field field_id=&#8221;Message&#8221; field_title=&#8221;Mesajul dvs.&#8221; field_type=&#8221;text&#8221; fullwidth_field=&#8221;on&#8221; _builder_version=&#8221;3.18.9&#8243; button_text_size__hover_enabled=&#8221;off&#8221; button_one_text_size__hover_enabled=&#8221;off&#8221; button_two_text_size__hover_enabled=&#8221;off&#8221; button_text_color__hover_enabled=&#8221;off&#8221; button_one_text_color__hover_enabled=&#8221;off&#8221; button_two_text_color__hover_enabled=&#8221;off&#8221; button_border_width__hover_enabled=&#8221;off&#8221; button_one_border_width__hover_enabled=&#8221;off&#8221; button_two_border_width__hover_enabled=&#8221;off&#8221; button_border_color__hover_enabled=&#8221;off&#8221; button_one_border_color__hover_enabled=&#8221;off&#8221; button_two_border_color__hover_enabled=&#8221;off&#8221; button_border_radius__hover_enabled=&#8221;off&#8221; button_one_border_radius__hover_enabled=&#8221;off&#8221; button_two_border_radius__hover_enabled=&#8221;off&#8221; button_letter_spacing__hover_enabled=&#8221;off&#8221; button_one_letter_spacing__hover_enabled=&#8221;off&#8221; button_two_letter_spacing__hover_enabled=&#8221;off&#8221; button_bg_color__hover_enabled=&#8221;off&#8221; button_one_bg_color__hover_enabled=&#8221;off&#8221; button_two_bg_color__hover_enabled=&#8221;off&#8221;][\/et_pb_contact_field][\/et_pb_contact_form][\/et_pb_column][et_pb_column type=&#8221;2_5&#8243; _builder_version=&#8221;3.25&#8243; custom_padding=&#8221;|||&#8221; custom_padding__hover=&#8221;|||&#8221;][et_pb_text _builder_version=&#8221;4.9.4&#8243; text_font=&#8221;Kaushan Script||||||||&#8221; text_text_color=&#8221;#f0622a&#8221; text_font_size=&#8221;30px&#8221; header_font=&#8221;||||||||&#8221; background_layout=&#8221;dark&#8221;]<\/p>\n<p>Operatorul PDI 2021<\/p>\n<p>[\/et_pb_text][et_pb_text _builder_version=&#8221;4.0.11&#8243; text_font=&#8221;||||||||&#8221;]<\/p>\n<p><span><img loading=\"lazy\" decoding=\"async\" src=\"https:\/\/pdi.ro\/2021\/wp-content\/uploads\/2020\/02\/eventer_logo_150px.png\" width=\"151\" height=\"33\" alt=\"\" class=\"wp-image-774 alignleft size-full\" \/><\/span><\/p>\n<p><span><\/span><\/p>\n<p><span><\/span><\/p>\n<p><span>Adresa: Str. A. Panu nr. 13, Iasi<\/span><br \/> <span>Tel.: 0332.40.88.00-05<\/span><br \/> <span>E-mail: <a href=\"mailto:inscrieri@primaderma.ro\" target=\"_blank\" rel=\"noopener noreferrer\">inscrieri@primaderma.ro<\/a><br \/> <\/span><span>Website:\u00a0<\/span><a href=\"http:\/\/www.eventernet.ro\/\" target=\"Blank\" rel=\"noopener noreferrer\">www.eventernet.ro<\/a><\/p>\n<p>[\/et_pb_text][et_pb_text disabled_on=&#8221;off|off|off&#8221; _builder_version=&#8221;4.0.11&#8243; text_font=&#8221;Kaushan Script||||||||&#8221; text_text_color=&#8221;#f0622a&#8221; text_font_size=&#8221;30px&#8221; header_font=&#8221;||||||||&#8221; background_layout=&#8221;dark&#8221; locked=&#8221;off&#8221;]<\/p>\n<p>Parteneri Media<\/p>\n<p>[\/et_pb_text][et_pb_gallery gallery_ids=&#8221;7203,7204,7232,7231&#8243; fullwidth=&#8221;on&#8221; _builder_version=&#8221;4.0.11&#8243; transform_scale=&#8221;86%|86%&#8221; max_width=&#8221;63%&#8221; auto=&#8221;on&#8221; auto_speed=&#8221;3500&#8243; hover_transition_duration=&#8221;100ms&#8221; hover_transition_delay=&#8221;50ms&#8221; hover_transition_speed_curve=&#8221;ease-in-out&#8221; locked=&#8221;off&#8221;][\/et_pb_gallery][\/et_pb_column][\/et_pb_row][\/et_pb_section]<\/p>\n","protected":false},"excerpt":{"rendered":"<p>C.\u0218. gr. I Dr. Benea Vasile Spitalul Clinic de Boli Infec\u0163ioase \u015fi Tropicale &#8220;Victor Babe\u015f\u201d Bucure\u015ftiAlergia alimentar\u0103 Autori: Vasile Benea1, Simona-Roxana Georgescu1,2 1. Clinica de Dermatovenerologie, Spitalul Clinic de Boli Infec\u0163ioase \u015fi Tropicale \u201eVictor Babe\u015f\u201d Bucure\u015fti. 2. Universitatea de Medicin\u0103 \u0219i Farmacie &#8220;Carol Davila&#8221; Bucure\u015fti Termenul de alergie alimentar\u0103 se refer\u0103 la un grup de [&hellip;]<\/p>\n","protected":false},"author":2,"featured_media":0,"parent":0,"menu_order":0,"comment_status":"closed","ping_status":"closed","template":"","meta":{"_et_pb_use_builder":"on","_et_pb_old_content":"","_et_gb_content_width":"","footnotes":""},"class_list":["post-8447","page","type-page","status-publish","hentry"],"_links":{"self":[{"href":"https:\/\/pdi.ro\/2021\/wp-json\/wp\/v2\/pages\/8447","targetHints":{"allow":["GET"]}}],"collection":[{"href":"https:\/\/pdi.ro\/2021\/wp-json\/wp\/v2\/pages"}],"about":[{"href":"https:\/\/pdi.ro\/2021\/wp-json\/wp\/v2\/types\/page"}],"author":[{"embeddable":true,"href":"https:\/\/pdi.ro\/2021\/wp-json\/wp\/v2\/users\/2"}],"replies":[{"embeddable":true,"href":"https:\/\/pdi.ro\/2021\/wp-json\/wp\/v2\/comments?post=8447"}],"version-history":[{"count":15,"href":"https:\/\/pdi.ro\/2021\/wp-json\/wp\/v2\/pages\/8447\/revisions"}],"predecessor-version":[{"id":10182,"href":"https:\/\/pdi.ro\/2021\/wp-json\/wp\/v2\/pages\/8447\/revisions\/10182"}],"wp:attachment":[{"href":"https:\/\/pdi.ro\/2021\/wp-json\/wp\/v2\/media?parent=8447"}],"curies":[{"name":"wp","href":"https:\/\/api.w.org\/{rel}","templated":true}]}}