{"id":8470,"date":"2020-06-30T11:00:04","date_gmt":"2020-06-30T09:00:04","guid":{"rendered":"https:\/\/primaderma.ro\/?page_id=8470"},"modified":"2021-07-13T18:07:18","modified_gmt":"2021-07-13T16:07:18","slug":"conf-dr-laura-endres","status":"publish","type":"page","link":"https:\/\/pdi.ro\/2021\/conf-dr-laura-endres\/","title":{"rendered":"Conf. Dr. Endres Laura"},"content":{"rendered":"<p>[et_pb_section fb_built=&#8221;1&#8243; fullwidth=&#8221;on&#8221; disabled_on=&#8221;on|off|off&#8221; _builder_version=&#8221;3.22&#8243; custom_margin=&#8221;||&#8221; custom_padding=&#8221;15px||29px&#8221; top_divider_style=&#8221;waves2&#8243; top_divider_color=&#8221;#f0622a&#8221; top_divider_flip=&#8221;horizontal|vertical&#8221; bottom_divider_style=&#8221;waves2&#8243; bottom_divider_color=&#8221;#fcdedb&#8221; bottom_divider_height=&#8221;105px&#8221; bottom_divider_flip=&#8221;vertical&#8221; global_module=&#8221;9062&#8243; collapsed=&#8221;off&#8221;][et_pb_fullwidth_header title=&#8221;@ET-DC@eyJkeW5hbWljIjp0cnVlLCJjb250ZW50IjoicG9zdF90aXRsZSIsInNldHRpbmdzIjp7ImJlZm9yZSI6IiIsImFmdGVyIjoiIn19@&#8221; text_orientation=&#8221;right&#8221; header_image_url=&#8221;https:\/\/pdi.ro\/2021\/wp-content\/uploads\/2021\/05\/PDI2021_logo_header_int_600x300px.png&#8221; disabled_on=&#8221;on|on|off&#8221; _builder_version=&#8221;4.9.4&#8243; _dynamic_attributes=&#8221;title&#8221; title_font=&#8221;Kaushan Script||||||||&#8221; title_text_align=&#8221;right&#8221; title_text_color=&#8221;#f0622a&#8221; title_font_size=&#8221;50px&#8221; content_font=&#8221;|600||on|||||&#8221; content_text_align=&#8221;center&#8221; content_text_color=&#8221;#686766&#8243; content_font_size=&#8221;15px&#8221; subhead_font=&#8221;||||||||&#8221; background_color=&#8221;#ef916b&#8221; background_image=&#8221;https:\/\/pdi.ro\/2021\/wp-content\/uploads\/2021\/05\/PDI2021_header_1920x550px.jpg&#8221; background_blend=&#8221;luminosity&#8221; background_layout=&#8221;light&#8221; custom_margin=&#8221;0px||8px&#8221; custom_padding=&#8221;40px||40px||true&#8221; content_font_size_tablet=&#8221;&#8221; content_font_size_phone=&#8221;15px&#8221; content_font_size_last_edited=&#8221;on|desktop&#8221;][\/et_pb_fullwidth_header][\/et_pb_section][et_pb_section fb_built=&#8221;1&#8243; _builder_version=&#8221;3.22&#8243; locked=&#8221;off&#8221;][et_pb_row column_structure=&#8221;2_5,3_5&#8243; _builder_version=&#8221;3.25&#8243;][et_pb_column type=&#8221;2_5&#8243; _builder_version=&#8221;3.25&#8243; custom_padding=&#8221;|||&#8221; custom_padding__hover=&#8221;|||&#8221;][et_pb_image src=&#8221;https:\/\/pdi.ro\/2021\/wp-content\/uploads\/2020\/06\/Laura-Endres.png&#8221; title_text=&#8221;Laura Endres&#8221; align=&#8221;center&#8221; align_tablet=&#8221;center&#8221; align_phone=&#8221;&#8221; align_last_edited=&#8221;on|desktop&#8221; _builder_version=&#8221;4.4.8&#8243; max_width=&#8221;31%&#8221; border_radii=&#8221;on|100px|100px|100px|100px&#8221;][\/et_pb_image][\/et_pb_column][et_pb_column type=&#8221;3_5&#8243; _builder_version=&#8221;3.25&#8243; custom_padding=&#8221;|||&#8221; custom_padding__hover=&#8221;|||&#8221;][et_pb_text _builder_version=&#8221;4.9.7&#8243;]<\/p>\n<h4><strong><span style=\"color: #ff6600;\"><\/span><\/strong><\/h4>\n<h4><strong><span style=\"color: #ff6600;\"><\/span><\/strong><\/h4>\n<h4><strong><span style=\"color: #ff6600;\"><\/span><\/strong><\/h4>\n<h4><strong><span style=\"color: #ff6600;\">Conf. Dr. Laura Endres<\/span><\/strong><br \/><strong><span style=\"color: #ff6600;\">Universitatea din Oradea, Facultatea de Medicin\u0103 \u0219i Farmacie, Rom\u00e2nia<\/span><\/strong><\/h4>\n<p>[\/et_pb_text][\/et_pb_column][\/et_pb_row][et_pb_row _builder_version=&#8221;3.25&#8243;][et_pb_column type=&#8221;4_4&#8243; _builder_version=&#8221;3.25&#8243; custom_padding=&#8221;|||&#8221; custom_padding__hover=&#8221;|||&#8221;][et_pb_text _builder_version=&#8221;4.9.7&#8243;]<\/p>\n<p style=\"text-align: justify;\"><span style=\"color: #ff6600;\">Dematomiozita \u2013 o provocare de diagnostic, la grani\u021ba dintre specialit\u0103\u021bi<br \/>\nAutor: Laura Endres<\/span><\/p>\n<p><!--\n\n<p style=\"text-align: justify;\">Dermatozele buloase au etiopatologie variat\u0103, incluzand toate afec\u021biunile care au ca leziune principal\u0103 bula sau flictena. Pemfigoidul bulos este cea mai frecvent\u0103 dermatoz\u0103 buloas\u0103, produs\u0103 prin mecanism autoimun. Inciden\u021ba bolii este mai mare la persoanele v\u00e2rstnice, 80 % dintre pacien\u021bi av\u00e2nd v\u00e2rste peste 60 ani. Clinic se manifesta ca o eruptie eritematoasa, intens pruriginoas\u0103, cu bule mari, dispuse la nivelul tunchiului \u0219i membrelor, f\u0103r\u0103 afectarea mucoaselor. Bulele sunt profunde, subjonc\u021bionale \u0219i nu au celule acantolitice, dar sunt prezente \u00een schimb numeroase eozinofile. Diagnosticul este sus\u021binut histopatologic \u0219i de imunofluorescen\u021ba direct\u0103\/indirect\u0103. Prezent\u0103m cazul unui pacient \u00een v\u00e2rst\u0103 de 87 ani, din mediul rural, care s-a prezentat \u00een cadrul clinicii noastre, \u00een plin\u0103 pandemie de SARS-CoV-2, cu o erup\u021bie eritematoas\u0103, intens pruriginoas\u0103, cu eroziuni postbuloase de dimensiuni mari, bule flasce, friabile cu con\u021binut sero-citrin, escoria\u021bii \u0219i urme postgrataj, dispuse pe membre \u0219i trunchi, cu debut de aproximativ o s\u0103pt\u0103m\u00e2n\u0103 \u0219i care au fost tratate de catre medicul de familie. Datorit\u0103 situa\u021biei de atunci, respectiv starea de urgen\u021b\u0103 cauzat\u0103 de pandemia de covid 19, diagnosticul \u0219i tratamentul s-au bazat exclusiv pe criterile clinice, neav\u00e2nd posibilitatea efectu\u0103rii examin\u0103rilor paraclinice.<\/p>\n\n\n\n\n<p style=\"text-align: justify;\"><span style=\"color: #ff6600;\">Difficulties in the management of bullous dermatosis during the COVID 19 pandemic<\/span>\n\n\n<span style=\"color: #ff6600;\">Authors: Laura Endres, Nicoleta Negru\u021b<\/span><\/p>\n\n\n\n\n<p style=\"text-align: justify;\">Bullous dermatoses have a variety of etiopathologies, including all conditions that present as main lesion the bulla or the blister. Bullous pemphigoid is the most common bullous dermatosis, caused by an autoimmune mechanism. The incidence of the disease is higher in the elderly, 80% of patients with this condition being over 60 years of age. Clinically it manifests as an erythematous rash, intensely pruriginous, with large bullae, situated on the torso and limbs, without affecting the mucous membranes. The bullae are deep, sub-junctional and have no acantolytic cells, but many eosinophils are present instead. The diagnosis is confirmed histopathologically and by direct\/indirect immunofluorescence. We present the case of an 87-year-old patient from the rural area, who came in our clinic, in full SARS-CoV-2 pandemic, with an erythematous rash, intensely pruriginous, with large post-bullous erosions, flabby bullae, friable with serous citrine content, abrasions and scratching marks, disposed on the limbs and trunk, with onset of about a week before, which have been treated by the family doctor. Due to the situation at that time, namely the state of emergency caused by the Covid 19 pandemic, the diagnosis and treatment were based exclusively on clinical criteria, paraclinical examinations not being possible.<\/p>\n\n\n\n\n<p>--><\/p>\n<p style=\"text-align: justify;\"><span style=\"color: #ff6600;\">Scurt CV<\/span><\/p>\n<p><strong>Conferen\u021biar universitar<\/strong>, CoordonatorDisciplina Dermatologie, Universitatea din Oradea, Facultatea de Medicina si Farmacie.<br \/><strong>Medic primar dermatovenerolog<\/strong>, Spital Clinic Pelican Oradea; \u00eenfiin\u021barea \u0219i organizarea sec\u021biei \u0219i ambulatorului de Dermatologie a Spitalului Clinic Pelican Oradea din anul 2010.<br \/>Licen\u021biat\u0103 a doua facult\u0103\u021bi : Medicin\u0103 General\u0103 (1999) si Farmacie (2006).<br \/>Atestat de Lector \u00een cadrul programului de studii complementare \u00een dermatocosmetologie.<br \/><strong>Membru in societati stiintifice internationale \u0219i na\u021bionale<\/strong>: Societatea Rom\u00e2na de Dermatologie(SRD); Asocia\u021bia Dermatologilor Transilvani ; Asocia\u021bia Dermatologilor Rom\u00e2ni de Sud-Vest; Societatea Rom\u00e2na de Medicina Estetica (SRME); Societatea de Dermato-Oncologie (SRDO); Societatea Rom\u00e2na de Dermato-Patologie (SRDPAT); European Academy of Dermatology and Venereology(EADV); International Dermoscopy Society (IDS); Societatea Rom\u00e2na de Biochimie.<br \/><strong>Autor \u0219i coautor<\/strong>: 14 articole \u00een extenso \u00een reviste cotate ISI Thomson Reuters, 15 articole \u00een extenso BDI \u0219i recunoscute CNCSIS categoria B+, 64 articole publicate in extenso in reviste de specialitate sau la coferinte nationale (indice Hirsh 6). Peste 100 de particip\u0103ri la congrese, simpozioane, master class, workshopuri de pregatire \u00een vederea \u00eembun\u0103t\u0103\u021birii \u0219i perfec\u021bion\u0103rii continue a activit\u0103\u021bii didactice \u0219i medicale.<br \/><strong>Premii UEFISCDI<\/strong>: 3 premii 2018-2020 (articole Q1 5,583 &#8211; Journal of Clinical Medicine ; Q1 5,589 &#8211; Science of the Total Environment; Q2 4,936 &#8211; Oxidative Medicine and Cellular Longevity).<br \/><strong>Domenii de interes:<\/strong> oncologie dermatologic\u0103, depistarea precoce a neoplaziilor cutanate, studiul patogenezei melanomului, dermatoscopie, preven\u021bia bolilor dermatologice, \u00eembun\u0103t\u0103\u021birea calit\u0103\u021bii vie\u021bii la pacien\u021bii cu afec\u021biuni dermatologice cronice, dermatocosmetologie, dematologie estetic\u0103, dermatopediatrie, laser vascular; abord\u0103ri noi ale metodelor analitice \u00een identificarea \u0219i determinarea unor substan\u021be farmaceutice \u0219i fitochimice, cercet\u0103ri farmacologice asupra unor substan\u021be farmaceutice \u0219i fitochimice.<\/p>\n<p>[\/et_pb_text][\/et_pb_column][\/et_pb_row][\/et_pb_section][et_pb_section fb_built=&#8221;1&#8243; _builder_version=&#8221;4.9.6&#8243; background_color=&#8221;rgba(117,194,33,0.23)&#8221; background_image=&#8221;https:\/\/pdi.ro\/2021\/wp-content\/uploads\/2021\/05\/PDI2021_header_1920x550px.jpg&#8221; background_blend=&#8221;multiply&#8221; custom_padding=&#8221;54px|0px|0|0px|false|false&#8221; top_divider_style=&#8221;waves2&#8243; top_divider_color=&#8221;#ffffff&#8221; top_divider_height=&#8221;155px&#8221; top_divider_height_tablet=&#8221;&#8221; top_divider_height_phone=&#8221;97px&#8221; top_divider_height_last_edited=&#8221;on|desktop&#8221; bottom_divider_style=&#8221;waves2&#8243; bottom_divider_color=&#8221;#75c221&#8243; bottom_divider_flip=&#8221;vertical&#8221; bottom_divider_height_tablet=&#8221;&#8221; bottom_divider_height_phone=&#8221;59px&#8221; bottom_divider_height_last_edited=&#8221;on|desktop&#8221; global_module=&#8221;9177&#8243; saved_tabs=&#8221;all&#8221;][et_pb_row column_structure=&#8221;3_5,2_5&#8243; _builder_version=&#8221;3.25&#8243; custom_padding=&#8221;61px|0px|69px|0px|false|false&#8221;][et_pb_column type=&#8221;3_5&#8243; _builder_version=&#8221;3.25&#8243; custom_padding=&#8221;|||&#8221; custom_padding__hover=&#8221;|||&#8221;][et_pb_text _builder_version=&#8221;4.9.4&#8243; text_font=&#8221;Kaushan Script||||||||&#8221; text_text_color=&#8221;#f0622a&#8221; text_font_size=&#8221;30px&#8221; text_line_height=&#8221;1.2em&#8221; header_font=&#8221;||||||||&#8221; background_layout=&#8221;dark&#8221; text_font_size_tablet=&#8221;&#8221; text_font_size_phone=&#8221;&#8221; text_font_size_last_edited=&#8221;on|desktop&#8221;]<\/p>\n<p>Contacteaz\u0103 operatorul PDI 2021<\/p>\n<p>[\/et_pb_text][et_pb_contact_form email=&#8221;contact@pdi.ro\/2021\/2019&#8243; submit_button_text=&#8221;Trimite mesajul&#8221; _builder_version=&#8221;4.9.4&#8243; title_font=&#8221;||||||||&#8221; custom_button=&#8221;on&#8221; button_text_color=&#8221;#F0622A&#8221;][et_pb_contact_field field_id=&#8221;Name&#8221; field_title=&#8221;Nume&#8221; _builder_version=&#8221;3.18.9&#8243; button_text_size__hover_enabled=&#8221;off&#8221; button_one_text_size__hover_enabled=&#8221;off&#8221; button_two_text_size__hover_enabled=&#8221;off&#8221; button_text_color__hover_enabled=&#8221;off&#8221; button_one_text_color__hover_enabled=&#8221;off&#8221; button_two_text_color__hover_enabled=&#8221;off&#8221; button_border_width__hover_enabled=&#8221;off&#8221; button_one_border_width__hover_enabled=&#8221;off&#8221; button_two_border_width__hover_enabled=&#8221;off&#8221; button_border_color__hover_enabled=&#8221;off&#8221; button_one_border_color__hover_enabled=&#8221;off&#8221; button_two_border_color__hover_enabled=&#8221;off&#8221; button_border_radius__hover_enabled=&#8221;off&#8221; button_one_border_radius__hover_enabled=&#8221;off&#8221; button_two_border_radius__hover_enabled=&#8221;off&#8221; button_letter_spacing__hover_enabled=&#8221;off&#8221; button_one_letter_spacing__hover_enabled=&#8221;off&#8221; button_two_letter_spacing__hover_enabled=&#8221;off&#8221; button_bg_color__hover_enabled=&#8221;off&#8221; button_one_bg_color__hover_enabled=&#8221;off&#8221; button_two_bg_color__hover_enabled=&#8221;off&#8221;][\/et_pb_contact_field][et_pb_contact_field field_id=&#8221;Email&#8221; field_title=&#8221;Adresa de e-mail&#8221; field_type=&#8221;email&#8221; _builder_version=&#8221;3.19.4&#8243; button_text_size__hover_enabled=&#8221;off&#8221; button_one_text_size__hover_enabled=&#8221;off&#8221; button_two_text_size__hover_enabled=&#8221;off&#8221; button_text_color__hover_enabled=&#8221;off&#8221; button_one_text_color__hover_enabled=&#8221;off&#8221; button_two_text_color__hover_enabled=&#8221;off&#8221; button_border_width__hover_enabled=&#8221;off&#8221; button_one_border_width__hover_enabled=&#8221;off&#8221; button_two_border_width__hover_enabled=&#8221;off&#8221; button_border_color__hover_enabled=&#8221;off&#8221; button_one_border_color__hover_enabled=&#8221;off&#8221; button_two_border_color__hover_enabled=&#8221;off&#8221; button_border_radius__hover_enabled=&#8221;off&#8221; button_one_border_radius__hover_enabled=&#8221;off&#8221; button_two_border_radius__hover_enabled=&#8221;off&#8221; button_letter_spacing__hover_enabled=&#8221;off&#8221; button_one_letter_spacing__hover_enabled=&#8221;off&#8221; button_two_letter_spacing__hover_enabled=&#8221;off&#8221; button_bg_color__hover_enabled=&#8221;off&#8221; button_one_bg_color__hover_enabled=&#8221;off&#8221; button_two_bg_color__hover_enabled=&#8221;off&#8221;][\/et_pb_contact_field][et_pb_contact_field field_id=&#8221;Message&#8221; field_title=&#8221;Mesajul dvs.&#8221; field_type=&#8221;text&#8221; fullwidth_field=&#8221;on&#8221; _builder_version=&#8221;3.18.9&#8243; button_text_size__hover_enabled=&#8221;off&#8221; button_one_text_size__hover_enabled=&#8221;off&#8221; button_two_text_size__hover_enabled=&#8221;off&#8221; button_text_color__hover_enabled=&#8221;off&#8221; button_one_text_color__hover_enabled=&#8221;off&#8221; button_two_text_color__hover_enabled=&#8221;off&#8221; button_border_width__hover_enabled=&#8221;off&#8221; button_one_border_width__hover_enabled=&#8221;off&#8221; button_two_border_width__hover_enabled=&#8221;off&#8221; button_border_color__hover_enabled=&#8221;off&#8221; button_one_border_color__hover_enabled=&#8221;off&#8221; button_two_border_color__hover_enabled=&#8221;off&#8221; button_border_radius__hover_enabled=&#8221;off&#8221; button_one_border_radius__hover_enabled=&#8221;off&#8221; button_two_border_radius__hover_enabled=&#8221;off&#8221; button_letter_spacing__hover_enabled=&#8221;off&#8221; button_one_letter_spacing__hover_enabled=&#8221;off&#8221; button_two_letter_spacing__hover_enabled=&#8221;off&#8221; button_bg_color__hover_enabled=&#8221;off&#8221; button_one_bg_color__hover_enabled=&#8221;off&#8221; button_two_bg_color__hover_enabled=&#8221;off&#8221;][\/et_pb_contact_field][\/et_pb_contact_form][\/et_pb_column][et_pb_column type=&#8221;2_5&#8243; _builder_version=&#8221;3.25&#8243; custom_padding=&#8221;|||&#8221; custom_padding__hover=&#8221;|||&#8221;][et_pb_text _builder_version=&#8221;4.9.4&#8243; text_font=&#8221;Kaushan Script||||||||&#8221; text_text_color=&#8221;#f0622a&#8221; text_font_size=&#8221;30px&#8221; header_font=&#8221;||||||||&#8221; background_layout=&#8221;dark&#8221;]<\/p>\n<p>Operatorul PDI 2021<\/p>\n<p>[\/et_pb_text][et_pb_text _builder_version=&#8221;4.0.11&#8243; text_font=&#8221;||||||||&#8221;]<\/p>\n<p><span><img loading=\"lazy\" decoding=\"async\" src=\"https:\/\/pdi.ro\/2021\/wp-content\/uploads\/2020\/02\/eventer_logo_150px.png\" width=\"151\" height=\"33\" alt=\"\" class=\"wp-image-774 alignleft size-full\" \/><\/span><\/p>\n<p><span><\/span><\/p>\n<p><span><\/span><\/p>\n<p><span>Adresa: Str. A. Panu nr. 13, Iasi<\/span><br \/> <span>Tel.: 0332.40.88.00-05<\/span><br \/> <span>E-mail: <a href=\"mailto:inscrieri@primaderma.ro\" target=\"_blank\" rel=\"noopener noreferrer\">inscrieri@primaderma.ro<\/a><br \/> <\/span><span>Website:\u00a0<\/span><a href=\"http:\/\/www.eventernet.ro\/\" target=\"Blank\" rel=\"noopener noreferrer\">www.eventernet.ro<\/a><\/p>\n<p>[\/et_pb_text][et_pb_text disabled_on=&#8221;off|off|off&#8221; _builder_version=&#8221;4.0.11&#8243; text_font=&#8221;Kaushan Script||||||||&#8221; text_text_color=&#8221;#f0622a&#8221; text_font_size=&#8221;30px&#8221; header_font=&#8221;||||||||&#8221; background_layout=&#8221;dark&#8221; locked=&#8221;off&#8221;]<\/p>\n<p>Parteneri Media<\/p>\n<p>[\/et_pb_text][et_pb_gallery gallery_ids=&#8221;7203,7204,9252,9464,10156,10157&#8243; fullwidth=&#8221;on&#8221; _builder_version=&#8221;4.9.7&#8243; transform_scale=&#8221;86%|86%&#8221; max_width=&#8221;63%&#8221; auto=&#8221;on&#8221; auto_speed=&#8221;3500&#8243; hover_transition_duration=&#8221;100ms&#8221; hover_transition_delay=&#8221;50ms&#8221; hover_transition_speed_curve=&#8221;ease-in-out&#8221; locked=&#8221;off&#8221;][\/et_pb_gallery][\/et_pb_column][\/et_pb_row][\/et_pb_section]<\/p>\n","protected":false},"excerpt":{"rendered":"<p>Conf. Dr. Laura EndresUniversitatea din Oradea, Facultatea de Medicin\u0103 \u0219i Farmacie, Rom\u00e2niaDematomiozita \u2013 o provocare de diagnostic, la grani\u021ba dintre specialit\u0103\u021bi Autor: Laura Endres Scurt CV Conferen\u021biar universitar, CoordonatorDisciplina Dermatologie, Universitatea din Oradea, Facultatea de Medicina si Farmacie.Medic primar dermatovenerolog, Spital Clinic Pelican Oradea; \u00eenfiin\u021barea \u0219i organizarea sec\u021biei \u0219i ambulatorului de Dermatologie a Spitalului Clinic [&hellip;]<\/p>\n","protected":false},"author":2,"featured_media":0,"parent":0,"menu_order":0,"comment_status":"closed","ping_status":"closed","template":"","meta":{"_et_pb_use_builder":"on","_et_pb_old_content":"","_et_gb_content_width":"","footnotes":""},"class_list":["post-8470","page","type-page","status-publish","hentry"],"_links":{"self":[{"href":"https:\/\/pdi.ro\/2021\/wp-json\/wp\/v2\/pages\/8470","targetHints":{"allow":["GET"]}}],"collection":[{"href":"https:\/\/pdi.ro\/2021\/wp-json\/wp\/v2\/pages"}],"about":[{"href":"https:\/\/pdi.ro\/2021\/wp-json\/wp\/v2\/types\/page"}],"author":[{"embeddable":true,"href":"https:\/\/pdi.ro\/2021\/wp-json\/wp\/v2\/users\/2"}],"replies":[{"embeddable":true,"href":"https:\/\/pdi.ro\/2021\/wp-json\/wp\/v2\/comments?post=8470"}],"version-history":[{"count":10,"href":"https:\/\/pdi.ro\/2021\/wp-json\/wp\/v2\/pages\/8470\/revisions"}],"predecessor-version":[{"id":10510,"href":"https:\/\/pdi.ro\/2021\/wp-json\/wp\/v2\/pages\/8470\/revisions\/10510"}],"wp:attachment":[{"href":"https:\/\/pdi.ro\/2021\/wp-json\/wp\/v2\/media?parent=8470"}],"curies":[{"name":"wp","href":"https:\/\/api.w.org\/{rel}","templated":true}]}}