{"id":8512,"date":"2020-07-01T12:18:56","date_gmt":"2020-07-01T10:18:56","guid":{"rendered":"https:\/\/primaderma.ro\/?page_id=8512"},"modified":"2021-07-02T15:55:02","modified_gmt":"2021-07-02T13:55:02","slug":"dr-daniel-o-costache","status":"publish","type":"page","link":"https:\/\/pdi.ro\/2021\/dr-daniel-o-costache\/","title":{"rendered":"Dr. Daniel O. Costache"},"content":{"rendered":"<p>[et_pb_section fb_built=&#8221;1&#8243; fullwidth=&#8221;on&#8221; disabled_on=&#8221;on|off|off&#8221; _builder_version=&#8221;3.22&#8243; custom_margin=&#8221;||&#8221; custom_padding=&#8221;15px||29px&#8221; top_divider_style=&#8221;waves2&#8243; top_divider_color=&#8221;#f0622a&#8221; top_divider_flip=&#8221;horizontal|vertical&#8221; bottom_divider_style=&#8221;waves2&#8243; bottom_divider_color=&#8221;#fcdedb&#8221; bottom_divider_height=&#8221;105px&#8221; bottom_divider_flip=&#8221;vertical&#8221; collapsed=&#8221;off&#8221; global_module=&#8221;9062&#8243;][et_pb_fullwidth_header title=&#8221;@ET-DC@eyJkeW5hbWljIjp0cnVlLCJjb250ZW50IjoicG9zdF90aXRsZSIsInNldHRpbmdzIjp7ImJlZm9yZSI6IiIsImFmdGVyIjoiIn19@&#8221; text_orientation=&#8221;right&#8221; header_image_url=&#8221;https:\/\/pdi.ro\/2021\/wp-content\/uploads\/2021\/05\/PDI2021_logo_header_int_600x300px.png&#8221; disabled_on=&#8221;on|on|off&#8221; _builder_version=&#8221;4.9.4&#8243; _dynamic_attributes=&#8221;title&#8221; title_font=&#8221;Kaushan Script||||||||&#8221; title_text_align=&#8221;right&#8221; title_text_color=&#8221;#f0622a&#8221; title_font_size=&#8221;50px&#8221; content_font=&#8221;|600||on|||||&#8221; content_text_align=&#8221;center&#8221; content_text_color=&#8221;#686766&#8243; content_font_size=&#8221;15px&#8221; subhead_font=&#8221;||||||||&#8221; background_color=&#8221;#ef916b&#8221; background_image=&#8221;https:\/\/pdi.ro\/2021\/wp-content\/uploads\/2021\/05\/PDI2021_header_1920x550px.jpg&#8221; background_blend=&#8221;luminosity&#8221; background_layout=&#8221;light&#8221; custom_margin=&#8221;0px||8px&#8221; custom_padding=&#8221;40px||40px||true&#8221; content_font_size_tablet=&#8221;&#8221; content_font_size_phone=&#8221;15px&#8221; content_font_size_last_edited=&#8221;on|desktop&#8221;][\/et_pb_fullwidth_header][\/et_pb_section][et_pb_section fb_built=&#8221;1&#8243; _builder_version=&#8221;3.22&#8243; locked=&#8221;off&#8221;][et_pb_row column_structure=&#8221;2_5,3_5&#8243; _builder_version=&#8221;3.25&#8243;][et_pb_column type=&#8221;2_5&#8243; _builder_version=&#8221;3.25&#8243; custom_padding=&#8221;|||&#8221; custom_padding__hover=&#8221;|||&#8221;][et_pb_image src=&#8221;https:\/\/pdi.ro\/2021\/wp-content\/uploads\/2020\/02\/Costache-Daniel.png&#8221; title_text=&#8221;Costache-Daniel&#8221; align=&#8221;center&#8221; align_tablet=&#8221;center&#8221; align_phone=&#8221;&#8221; align_last_edited=&#8221;on|desktop&#8221; _builder_version=&#8221;4.4.8&#8243; max_width=&#8221;31%&#8221; border_radii=&#8221;on|100px|100px|100px|100px&#8221;][\/et_pb_image][\/et_pb_column][et_pb_column type=&#8221;3_5&#8243; _builder_version=&#8221;3.25&#8243; custom_padding=&#8221;|||&#8221; custom_padding__hover=&#8221;|||&#8221;][et_pb_text _builder_version=&#8221;4.4.8&#8243;]<\/p>\n<h4><strong><span style=\"color: #ff6600;\"><\/span><\/strong><\/h4>\n<h4><strong><span style=\"color: #ff6600;\"><\/span><\/strong><\/h4>\n<h4><strong><span style=\"color: #ff6600;\"><\/span><\/strong><\/h4>\n<h4><strong><span style=\"color: #ff6600;\">Dr. Daniel O. Costache<\/span><\/strong><br \/>\n<strong><span style=\"color: #ff6600;\">Spitalul Universitar de Urgen\u0163\u0103 Militar Central \u201dDr. Carol Davila\u201d, Bucure\u015fti<\/span><\/strong><\/h4>\n<p>[\/et_pb_text][\/et_pb_column][\/et_pb_row][et_pb_row _builder_version=&#8221;3.25&#8243;][et_pb_column type=&#8221;4_4&#8243; _builder_version=&#8221;3.25&#8243; custom_padding=&#8221;|||&#8221; custom_padding__hover=&#8221;|||&#8221;][et_pb_text _builder_version=&#8221;4.9.6&#8243; hover_enabled=&#8221;0&#8243; sticky_enabled=&#8221;0&#8243;]<\/p>\n<p style=\"text-align: justify;\"><span style=\"color: #ff6600;\">Psoriazisul \u0219i graviditatea &#8211; o leg\u0103tur\u0103 biunivoc\u0103<\/span><br \/><span style=\"color: #ff6600;\">Autori: D.O. Costache, Raluca S. Costache<\/span><\/p>\n<p style=\"text-align: justify;\"><span style=\"color: #000000;\">Graviditatea este o stare particular\u0103 fiziologic\u0103 a organismului, definit\u0103 prin o multitudine de adapt\u0103ri ale parametrilor la cerin\u021bele speciale impuse de sus\u021binerea \u0219i dezvoltarea unui alt organism pe baza resurselor mamei. Totalitatea acestor ajust\u0103ri se exprim\u0103 \u00een reconfigur\u0103ri ale statusului imun, cu inducerea unei st\u0103ri de imunotoleran\u021b\u0103 specific\u0103. \u00cen mod evident, aceasta modific\u0103 majoritatea lan\u021burilor imune ale organismului matern, conduc\u00e2nd la tablouri clinice particulare ale patologiilor preexistente.<\/span><br \/><span style=\"color: #000000;\">Psoriazisul, afec\u021biune cu markeri imunologici definitorii, recunoa\u0219te o serie de transform\u0103ri \u00een timpul gravidit\u0103\u021bii, care sunt sumar prezentare \u0219i discutate \u00een aceast\u0103 prezentare.<\/span><br \/><span style=\"color: #000000;\">Sunt ilustrate at\u00e2t rela\u021biile psoriazis &#8211; graviditate c\u00e2t \u0219i cele graviditate &#8211; psoriazis, precum \u0219i op\u021biunile terapeutice existente.<\/span><\/p>\n<p style=\"text-align: justify;\"><span style=\"color: #ff6600;\">Scurt CV<\/span><\/p>\n<p><span style=\"color: #000000;\">Medic primar dermatovenerologie<\/span><br \/><span style=\"color: #000000;\">Doctor \u00een \u015ftiin\u0163e medicale &#8211; Studiul microcircula\u0163iei sanguine \u00een patologia cutanat\u0103<\/span><br \/><span style=\"color: #000000;\">Coordonator activitate de cercetare, studii clinice la Spitalul Universitar de Urgen\u0163\u0103 Militar Central \u201dDr. Carol Davila\u201d, Bucure\u015fti.<\/span><br \/><span style=\"color: #000000;\">Editor executiv, Romanian Journal of Military Medicine, revist\u0103 editat\u0103 de Asocia\u0163ia Medicilor \u015fi Farmaci\u015ftilor Militari din Rom\u00e2nia, Universitatea de Medicin\u0103 \u015fi Farmacie &#8220;Carol Davila&#8221; Bucure\u0219ti.<\/span><br \/><span style=\"color: #000000;\">Delegat Ministerul Ap\u0103r\u0103rii Na\u0163ionale \u00een Consiliul Na\u0163ional al Colegiului Medicilor din Rom\u00e2nia.<\/span><br \/><span style=\"color: #000000;\">Activitate clinic\u0103 \u015fi de cercetare \u00een cadrul departamentului de Dermatologie al Spitalului Universitar de Urgen\u0163\u0103 Militar Central \u201dDr. Carol Davila\u201d, Bucure\u015fti.<\/span><br \/><span style=\"color: #000000;\">Competen\u0163\u0103 \u00een evaluarea microcircula\u0163iei.<\/span><br \/><span style=\"color: #000000;\">Competen\u0163\u0103 \u00een electrochirurgie \u015fi laser chirurgie \u00een dermatologie.<\/span><br \/><span style=\"color: #000000;\">Formator de formatori \u00een dermatocosmetologie.<\/span><\/p>\n<p>[\/et_pb_text][\/et_pb_column][\/et_pb_row][\/et_pb_section][et_pb_section fb_built=&#8221;1&#8243; _builder_version=&#8221;4.9.6&#8243; background_color=&#8221;rgba(117,194,33,0.23)&#8221; background_image=&#8221;https:\/\/pdi.ro\/2021\/wp-content\/uploads\/2021\/05\/PDI2021_header_1920x550px.jpg&#8221; background_blend=&#8221;multiply&#8221; custom_padding=&#8221;54px|0px|0|0px|false|false&#8221; top_divider_style=&#8221;waves2&#8243; top_divider_color=&#8221;#ffffff&#8221; top_divider_height=&#8221;155px&#8221; top_divider_height_tablet=&#8221;&#8221; top_divider_height_phone=&#8221;97px&#8221; top_divider_height_last_edited=&#8221;on|desktop&#8221; bottom_divider_style=&#8221;waves2&#8243; bottom_divider_color=&#8221;#75c221&#8243; bottom_divider_flip=&#8221;vertical&#8221; bottom_divider_height_tablet=&#8221;&#8221; bottom_divider_height_phone=&#8221;59px&#8221; bottom_divider_height_last_edited=&#8221;on|desktop&#8221; saved_tabs=&#8221;all&#8221; global_module=&#8221;9177&#8243;][et_pb_row column_structure=&#8221;3_5,2_5&#8243; _builder_version=&#8221;3.25&#8243; custom_padding=&#8221;61px|0px|69px|0px|false|false&#8221;][et_pb_column type=&#8221;3_5&#8243; _builder_version=&#8221;3.25&#8243; custom_padding=&#8221;|||&#8221; custom_padding__hover=&#8221;|||&#8221;][et_pb_text _builder_version=&#8221;4.9.4&#8243; text_font=&#8221;Kaushan Script||||||||&#8221; text_text_color=&#8221;#f0622a&#8221; text_font_size=&#8221;30px&#8221; text_line_height=&#8221;1.2em&#8221; header_font=&#8221;||||||||&#8221; background_layout=&#8221;dark&#8221; text_font_size_tablet=&#8221;&#8221; text_font_size_phone=&#8221;&#8221; text_font_size_last_edited=&#8221;on|desktop&#8221;]<\/p>\n<p>Contacteaz\u0103 operatorul PDI 2021<\/p>\n<p>[\/et_pb_text][et_pb_contact_form email=&#8221;contact@pdi.ro\/2021\/2019&#8243; submit_button_text=&#8221;Trimite mesajul&#8221; _builder_version=&#8221;4.9.4&#8243; title_font=&#8221;||||||||&#8221; custom_button=&#8221;on&#8221; button_text_color=&#8221;#F0622A&#8221;][et_pb_contact_field field_id=&#8221;Name&#8221; field_title=&#8221;Nume&#8221; _builder_version=&#8221;3.18.9&#8243; button_text_size__hover_enabled=&#8221;off&#8221; button_one_text_size__hover_enabled=&#8221;off&#8221; button_two_text_size__hover_enabled=&#8221;off&#8221; button_text_color__hover_enabled=&#8221;off&#8221; button_one_text_color__hover_enabled=&#8221;off&#8221; button_two_text_color__hover_enabled=&#8221;off&#8221; button_border_width__hover_enabled=&#8221;off&#8221; button_one_border_width__hover_enabled=&#8221;off&#8221; button_two_border_width__hover_enabled=&#8221;off&#8221; button_border_color__hover_enabled=&#8221;off&#8221; button_one_border_color__hover_enabled=&#8221;off&#8221; button_two_border_color__hover_enabled=&#8221;off&#8221; button_border_radius__hover_enabled=&#8221;off&#8221; button_one_border_radius__hover_enabled=&#8221;off&#8221; button_two_border_radius__hover_enabled=&#8221;off&#8221; button_letter_spacing__hover_enabled=&#8221;off&#8221; button_one_letter_spacing__hover_enabled=&#8221;off&#8221; button_two_letter_spacing__hover_enabled=&#8221;off&#8221; button_bg_color__hover_enabled=&#8221;off&#8221; button_one_bg_color__hover_enabled=&#8221;off&#8221; button_two_bg_color__hover_enabled=&#8221;off&#8221;][\/et_pb_contact_field][et_pb_contact_field field_id=&#8221;Email&#8221; field_title=&#8221;Adresa de e-mail&#8221; field_type=&#8221;email&#8221; _builder_version=&#8221;3.19.4&#8243; button_text_size__hover_enabled=&#8221;off&#8221; button_one_text_size__hover_enabled=&#8221;off&#8221; button_two_text_size__hover_enabled=&#8221;off&#8221; button_text_color__hover_enabled=&#8221;off&#8221; button_one_text_color__hover_enabled=&#8221;off&#8221; button_two_text_color__hover_enabled=&#8221;off&#8221; button_border_width__hover_enabled=&#8221;off&#8221; button_one_border_width__hover_enabled=&#8221;off&#8221; button_two_border_width__hover_enabled=&#8221;off&#8221; button_border_color__hover_enabled=&#8221;off&#8221; button_one_border_color__hover_enabled=&#8221;off&#8221; button_two_border_color__hover_enabled=&#8221;off&#8221; button_border_radius__hover_enabled=&#8221;off&#8221; button_one_border_radius__hover_enabled=&#8221;off&#8221; button_two_border_radius__hover_enabled=&#8221;off&#8221; button_letter_spacing__hover_enabled=&#8221;off&#8221; button_one_letter_spacing__hover_enabled=&#8221;off&#8221; button_two_letter_spacing__hover_enabled=&#8221;off&#8221; button_bg_color__hover_enabled=&#8221;off&#8221; button_one_bg_color__hover_enabled=&#8221;off&#8221; button_two_bg_color__hover_enabled=&#8221;off&#8221;][\/et_pb_contact_field][et_pb_contact_field field_id=&#8221;Message&#8221; field_title=&#8221;Mesajul dvs.&#8221; field_type=&#8221;text&#8221; fullwidth_field=&#8221;on&#8221; _builder_version=&#8221;3.18.9&#8243; button_text_size__hover_enabled=&#8221;off&#8221; button_one_text_size__hover_enabled=&#8221;off&#8221; button_two_text_size__hover_enabled=&#8221;off&#8221; button_text_color__hover_enabled=&#8221;off&#8221; button_one_text_color__hover_enabled=&#8221;off&#8221; button_two_text_color__hover_enabled=&#8221;off&#8221; button_border_width__hover_enabled=&#8221;off&#8221; button_one_border_width__hover_enabled=&#8221;off&#8221; button_two_border_width__hover_enabled=&#8221;off&#8221; button_border_color__hover_enabled=&#8221;off&#8221; button_one_border_color__hover_enabled=&#8221;off&#8221; button_two_border_color__hover_enabled=&#8221;off&#8221; button_border_radius__hover_enabled=&#8221;off&#8221; button_one_border_radius__hover_enabled=&#8221;off&#8221; button_two_border_radius__hover_enabled=&#8221;off&#8221; button_letter_spacing__hover_enabled=&#8221;off&#8221; button_one_letter_spacing__hover_enabled=&#8221;off&#8221; button_two_letter_spacing__hover_enabled=&#8221;off&#8221; button_bg_color__hover_enabled=&#8221;off&#8221; button_one_bg_color__hover_enabled=&#8221;off&#8221; button_two_bg_color__hover_enabled=&#8221;off&#8221;][\/et_pb_contact_field][\/et_pb_contact_form][\/et_pb_column][et_pb_column type=&#8221;2_5&#8243; _builder_version=&#8221;3.25&#8243; custom_padding=&#8221;|||&#8221; custom_padding__hover=&#8221;|||&#8221;][et_pb_text _builder_version=&#8221;4.9.4&#8243; text_font=&#8221;Kaushan Script||||||||&#8221; text_text_color=&#8221;#f0622a&#8221; text_font_size=&#8221;30px&#8221; header_font=&#8221;||||||||&#8221; background_layout=&#8221;dark&#8221;]<\/p>\n<p>Operatorul PDI 2021<\/p>\n<p>[\/et_pb_text][et_pb_text _builder_version=&#8221;4.0.11&#8243; text_font=&#8221;||||||||&#8221;]<\/p>\n<p><span><img loading=\"lazy\" decoding=\"async\" src=\"https:\/\/pdi.ro\/2021\/wp-content\/uploads\/2020\/02\/eventer_logo_150px.png\" width=\"151\" height=\"33\" alt=\"\" class=\"wp-image-774 alignleft size-full\" \/><\/span><\/p>\n<p><span><\/span><\/p>\n<p><span><\/span><\/p>\n<p><span>Adresa: Str. A. Panu nr. 13, Iasi<\/span><br \/> <span>Tel.: 0332.40.88.00-05<\/span><br \/> <span>E-mail: <a href=\"mailto:inscrieri@primaderma.ro\" target=\"_blank\" rel=\"noopener noreferrer\">inscrieri@primaderma.ro<\/a><br \/> <\/span><span>Website:\u00a0<\/span><a href=\"http:\/\/www.eventernet.ro\/\" target=\"Blank\" rel=\"noopener noreferrer\">www.eventernet.ro<\/a><\/p>\n<p>[\/et_pb_text][et_pb_text disabled_on=&#8221;off|off|off&#8221; _builder_version=&#8221;4.0.11&#8243; text_font=&#8221;Kaushan Script||||||||&#8221; text_text_color=&#8221;#f0622a&#8221; text_font_size=&#8221;30px&#8221; header_font=&#8221;||||||||&#8221; background_layout=&#8221;dark&#8221; locked=&#8221;off&#8221;]<\/p>\n<p>Parteneri Media<\/p>\n<p>[\/et_pb_text][et_pb_gallery gallery_ids=&#8221;7203,7204,9252,9464&#8243; fullwidth=&#8221;on&#8221; _builder_version=&#8221;4.9.6&#8243; transform_scale=&#8221;86%|86%&#8221; max_width=&#8221;63%&#8221; auto=&#8221;on&#8221; auto_speed=&#8221;3500&#8243; hover_transition_duration=&#8221;100ms&#8221; hover_transition_delay=&#8221;50ms&#8221; hover_transition_speed_curve=&#8221;ease-in-out&#8221; locked=&#8221;off&#8221;][\/et_pb_gallery][\/et_pb_column][\/et_pb_row][\/et_pb_section]<\/p>\n","protected":false},"excerpt":{"rendered":"<p>Dr. Daniel O. Costache Spitalul Universitar de Urgen\u0163\u0103 Militar Central \u201dDr. Carol Davila\u201d, Bucure\u015ftiPsoriazisul \u0219i graviditatea &#8211; o leg\u0103tur\u0103 biunivoc\u0103Autori: D.O. Costache, Raluca S. Costache Graviditatea este o stare particular\u0103 fiziologic\u0103 a organismului, definit\u0103 prin o multitudine de adapt\u0103ri ale parametrilor la cerin\u021bele speciale impuse de sus\u021binerea \u0219i dezvoltarea unui alt organism pe baza resurselor [&hellip;]<\/p>\n","protected":false},"author":2,"featured_media":0,"parent":0,"menu_order":0,"comment_status":"closed","ping_status":"closed","template":"","meta":{"_et_pb_use_builder":"on","_et_pb_old_content":"","_et_gb_content_width":"","footnotes":""},"class_list":["post-8512","page","type-page","status-publish","hentry"],"_links":{"self":[{"href":"https:\/\/pdi.ro\/2021\/wp-json\/wp\/v2\/pages\/8512","targetHints":{"allow":["GET"]}}],"collection":[{"href":"https:\/\/pdi.ro\/2021\/wp-json\/wp\/v2\/pages"}],"about":[{"href":"https:\/\/pdi.ro\/2021\/wp-json\/wp\/v2\/types\/page"}],"author":[{"embeddable":true,"href":"https:\/\/pdi.ro\/2021\/wp-json\/wp\/v2\/users\/2"}],"replies":[{"embeddable":true,"href":"https:\/\/pdi.ro\/2021\/wp-json\/wp\/v2\/comments?post=8512"}],"version-history":[{"count":6,"href":"https:\/\/pdi.ro\/2021\/wp-json\/wp\/v2\/pages\/8512\/revisions"}],"predecessor-version":[{"id":9692,"href":"https:\/\/pdi.ro\/2021\/wp-json\/wp\/v2\/pages\/8512\/revisions\/9692"}],"wp:attachment":[{"href":"https:\/\/pdi.ro\/2021\/wp-json\/wp\/v2\/media?parent=8512"}],"curies":[{"name":"wp","href":"https:\/\/api.w.org\/{rel}","templated":true}]}}