{"id":8539,"date":"2020-07-06T09:41:09","date_gmt":"2020-07-06T07:41:09","guid":{"rendered":"https:\/\/primaderma.ro\/?page_id=8539"},"modified":"2021-07-09T17:59:06","modified_gmt":"2021-07-09T15:59:06","slug":"conf-dr-branisteanu-daniel-constantin","status":"publish","type":"page","link":"https:\/\/pdi.ro\/2021\/conf-dr-branisteanu-daniel-constantin\/","title":{"rendered":"Conf. Dr. Br\u0103ni\u0219teanu Daniel Constantin"},"content":{"rendered":"<p>[et_pb_section fb_built=&#8221;1&#8243; fullwidth=&#8221;on&#8221; disabled_on=&#8221;on|off|off&#8221; _builder_version=&#8221;3.22&#8243; custom_margin=&#8221;||&#8221; custom_padding=&#8221;15px||29px&#8221; top_divider_style=&#8221;waves2&#8243; top_divider_color=&#8221;#f0622a&#8221; top_divider_flip=&#8221;horizontal|vertical&#8221; bottom_divider_style=&#8221;waves2&#8243; bottom_divider_color=&#8221;#fcdedb&#8221; bottom_divider_height=&#8221;105px&#8221; bottom_divider_flip=&#8221;vertical&#8221; global_module=&#8221;9062&#8243; collapsed=&#8221;off&#8221;][et_pb_fullwidth_header title=&#8221;@ET-DC@eyJkeW5hbWljIjp0cnVlLCJjb250ZW50IjoicG9zdF90aXRsZSIsInNldHRpbmdzIjp7ImJlZm9yZSI6IiIsImFmdGVyIjoiIn19@&#8221; text_orientation=&#8221;right&#8221; header_image_url=&#8221;https:\/\/pdi.ro\/2021\/wp-content\/uploads\/2021\/05\/PDI2021_logo_header_int_600x300px.png&#8221; disabled_on=&#8221;on|on|off&#8221; _builder_version=&#8221;4.9.4&#8243; _dynamic_attributes=&#8221;title&#8221; title_font=&#8221;Kaushan Script||||||||&#8221; title_text_align=&#8221;right&#8221; title_text_color=&#8221;#f0622a&#8221; title_font_size=&#8221;50px&#8221; content_font=&#8221;|600||on|||||&#8221; content_text_align=&#8221;center&#8221; content_text_color=&#8221;#686766&#8243; content_font_size=&#8221;15px&#8221; subhead_font=&#8221;||||||||&#8221; background_color=&#8221;#ef916b&#8221; background_image=&#8221;https:\/\/pdi.ro\/2021\/wp-content\/uploads\/2021\/05\/PDI2021_header_1920x550px.jpg&#8221; background_blend=&#8221;luminosity&#8221; background_layout=&#8221;light&#8221; custom_margin=&#8221;0px||8px&#8221; custom_padding=&#8221;40px||40px||true&#8221; content_font_size_tablet=&#8221;&#8221; content_font_size_phone=&#8221;15px&#8221; content_font_size_last_edited=&#8221;on|desktop&#8221;][\/et_pb_fullwidth_header][\/et_pb_section][et_pb_section fb_built=&#8221;1&#8243; _builder_version=&#8221;3.22&#8243; locked=&#8221;off&#8221;][et_pb_row column_structure=&#8221;2_5,3_5&#8243; _builder_version=&#8221;3.25&#8243;][et_pb_column type=&#8221;2_5&#8243; _builder_version=&#8221;3.25&#8243; custom_padding=&#8221;|||&#8221; custom_padding__hover=&#8221;|||&#8221;][et_pb_image src=&#8221;https:\/\/pdi.ro\/2021\/wp-content\/uploads\/2020\/02\/BranisteanuDaniel.png&#8221; title_text=&#8221;BranisteanuDaniel&#8221; align=&#8221;center&#8221; align_tablet=&#8221;center&#8221; align_phone=&#8221;&#8221; align_last_edited=&#8221;on|desktop&#8221; _builder_version=&#8221;4.4.8&#8243; max_width=&#8221;31%&#8221; border_radii=&#8221;on|100px|100px|100px|100px&#8221;][\/et_pb_image][\/et_pb_column][et_pb_column type=&#8221;3_5&#8243; _builder_version=&#8221;3.25&#8243; custom_padding=&#8221;|||&#8221; custom_padding__hover=&#8221;|||&#8221;][et_pb_text _builder_version=&#8221;4.9.7&#8243;]<\/p>\n<h4><strong><span style=\"color: #ff6600;\"><\/span><\/strong><\/h4>\n<h4><strong><span style=\"color: #ff6600;\"><\/span><\/strong><\/h4>\n<h4><strong><span style=\"color: #ff6600;\"><\/span><\/strong><\/h4>\n<h4><strong><span style=\"color: #ff6600;\">Conf. Dr. Br\u0103ni\u0219teanu Daniel Constantin<\/span><\/strong><br \/>\n<strong><span style=\"color: #ff6600;\">Universitatea de Medicin\u0103 \u0219i Farmacie \u201cGrigore T. Popa\u201d Ia\u0219i<\/span><\/strong><\/h4>\n<p>[\/et_pb_text][\/et_pb_column][\/et_pb_row][et_pb_row _builder_version=&#8221;3.25&#8243;][et_pb_column type=&#8221;4_4&#8243; _builder_version=&#8221;3.25&#8243; custom_padding=&#8221;|||&#8221; custom_padding__hover=&#8221;|||&#8221;][et_pb_text _builder_version=&#8221;4.9.7&#8243; hover_enabled=&#8221;0&#8243; sticky_enabled=&#8221;0&#8243;]<\/p>\n<p style=\"text-align: justify;\"><span style=\"color: #ff6600;\">Radia\u021biile ultraviolete \u0219i patologia ocular\u0103<br \/>Autori: D.C. Br\u0103ni\u015fteanu, Anisia Iuliana Alexa<\/span><\/p>\n<p style=\"text-align: justify;\">Riscurile expunerii pielii la radia\u021biile ultraviolete (UV) sunt deja bine cunoscute de c\u0103tre majoritatea popula\u021biei generale, care con\u0219tientizeaz\u0103 asocierea cu melanomul cutanat \u0219i se dovede\u0219te proactiv\u0103 \u00een a se proteja corespunz\u0103tor prin utilizarea sistematic\u0103 a diverselor creme cu protec\u021bie solar\u0103. Din nefericire, nu se poate afirma \u00eenc\u0103 acela\u0219i lucru referitor la riscurile oculare care, de\u0219i grave, sunt cunoscute doar de un procent foarte mic popula\u021bional.<br \/>Aceast\u0103 prezentare \u00ee\u0219i propune s\u0103 aduc\u0103 \u00een aten\u021bie riscurile interac\u021biunii acute \u0219i cumulative a radia\u021biilor UV cu diverse structuri ale globului ocular \u0219i anexelor sale. Vor fi analizate succesiv implica\u021biile UV \u00een inducerea de neoplazii palpebrale (carcinomul bazo \u0219i spinocelular), diverse patologii conjunctivale (pterigionul, pinguecula, carcinomul scuamocelular), corneene (fotokeratita, keratopatia climatic\u0103), cristaliniene (tulbur\u0103ri de transparen\u021b\u0103 cristalinian\u0103, cataract\u0103) \u0219i retiniene (maculopatia solar\u0103). Nu \u00een ultimul r\u00e2nd, va fi evaluat\u0103 rela\u021bia controversat\u0103 dintre radia\u021biile UV \u0219i degenerescen\u021ba macular\u0103 legat\u0103 de v\u00e2rst\u0103 \u0219i melanomul malign uveal.<br \/>Mesajul principal al acestei prezent\u0103ri este c\u0103, \u00een prezen\u021ba radia\u021biilor UV, protec\u021bia globului ocular \u0219i a anexelor sale trebuie respectat\u0103 cu rigurozitate, \u00eentruc\u00e2t efectele la acest nivel pot fi pe c\u00e2t de nefaste pe at\u00e2t de reale.<\/p>\n<p style=\"text-align: justify;\"><span style=\"color: #ff6600;\">Ultraviolet radiation and eye diseases<br \/>Autori: D.C. Br\u0103ni\u015fteanu, Anisia Iuliana Alexa<\/span><\/p>\n<p style=\"text-align: justify;\">The risks of skin exposure to ultraviolet radiation (UVR), including the skin melanoma association, are well-known in the general population already proactive in protection while using different sunscreen lotions. Unfortunately, a similar level of understanding has not been reached yet concerning the UVR eye exposure, and only a few realize the severity of ocular risks.<br \/>This presentation is intending to bring into focus the risks of acute and cumulative UVR interaction with different ocular structures more likely to be involved. Starting with eyelid malignancies (basal cell carcinoma and squamous cell carcinoma), the presentation will continue with different associated conjunctival pathologies (pterygium, pinguecula and squamous cell carcinoma), corneal pathologies (photokeratitis and climatic droplet keratopathy), lens pathologies (opacities and cataract) and solar retinopathy. The controversial association between UVR and age related macular degeneration and uveal melanoma is also discussed.<br \/>The take home message is that UVR exposure requires an appropriate ocular protection as ocular UVR-induced pathologies are true and harmful.<\/p>\n<p style=\"text-align: justify;\"><span style=\"color: #ff6600;\">Simpozion Alfasigma: Red\u0103 echilibrul vascular<br \/>Speaker: D.C. Br\u0103ni\u015fteanu<\/span><\/p>\n<p style=\"text-align: justify;\">Cuvinte cheie: sulodexid original, stres tensional, antitrombotic, boal\u0103 venoas\u0103 cronic\u0103, retinopatie diabetic\u0103, complica\u021bii microvasculare, leziuni vasculare, func\u021bie endotelial\u0103<\/p>\n<p style=\"text-align: justify;\">Boala venoas\u0103 cronic\u0103 netratat\u0103 poate avea o evolu\u021bie progresiv\u0103 av\u00e2nd un impact semnificativ asupra calit\u0103\u021bii vie\u021bii pacien\u021bilor.<br \/>Factorii de risc ai bolii venoase \u00eempreun\u0103 cu stresul tensional, determin\u0103 alterarea morfologic\u0103 \u0219i func\u021bional\u0103 a glicocalixului endotelial \u0219i a endoteliului contribuind astfel la dezvoltarea bolii venoase.<br \/>Tratamentul cu glicozaminoglicani (ex. Vessel Due F \u2013 sulodexid original, considerat un precursor natural de glicocalix, un glicozaminoglican compozit 80% heparan-sulfat \u0219i 20% dermatan-sulfat) poate reface \u0219i men\u021bine integritatea glicocalixului endotelial.<br \/>Diabetul zaharat este o patologie care poate duce frecvent la complica\u021bii microvasculare, precum picior diabetic, retinopatie diabetic\u0103 \u0219i nefropatie diabetic\u0103 (boala renal\u0103 cronic\u0103), ca urmare a stresului chimic \u0219i metabolic generat de valorile crescute ale glicemiei asociate cre\u0219terii rezisten\u021bei tisulare la insulin\u0103.<br \/>\u00cen cazul unui pacient cu retinopatie diabetic\u0103 m\u0103surile terapeutice trebuie s\u0103 vizeze \u00een primul r\u00e2nd eliminarea\/reducerea factorilor de risc, limitarea evolu\u021biei leziunilor vasculare, ameliorarea hemodinamicii \u0219i refacerea structurii peretelui vascular.<br \/>Tratamentul cu Vessel Due F a \u00eenregistrat o cre\u0219tere semnificativ\u0103 a grosimii stratului de glicocalix m\u0103surat la nivelul vaselor retiniene, sus\u021bin\u00e2nd \u00een acest fel caracterul vasculotrop marcant \u00een refacerea endoteliului \u0219i a glicocalixului vascular, cu ameliorarea consecutiv\u0103 a hemodinamicii \u0219i a func\u021biei endoteliale.<\/p>\n<p style=\"text-align: justify;\"><span style=\"color: #ff6600;\">English version<\/span><\/p>\n<p style=\"text-align: justify;\">Keywords: original sulodexide, blood pressure, antithrombotic, chronic venous disease, diabetic retinopathy, microvascular complications, vascular lesions, endothelial function.<\/p>\n<p style=\"text-align: justify;\">Untreated chronic venous disease can have a progressive evolution with a significant impact on patients quality of life.<br \/>The risk factors of venous disease together with the tensional stress, determine the morphological and functional alteration of the endothelial glycocalyx and of the endothelium, thus contributing to the development of venous disease.<br \/>Treatment with glycosaminoglycans (eg Vessel Due F, considered a natural precursor of glycocalyx, a composite glycosaminoglycan 80% heparan sulfate and 20% dermatan sulfate) can restore and maintain the integrity of the endothelial glycocalyx.<br \/>Diabetes is a condition that can frequently lead to microvascular complications, such as diabetic foot, diabetic retinopathy and diabetic nephropathy (chronic kidney disease), due to chemical and metabolic stress caused by high blood sugar levels associated with increased tissue resistance to insulin.<br \/>In the case of a patient with diabetic retinopathy, the therapeutic measures must primarily aim at eliminating \/ reducing the risk factors, limiting the evolution of the vascular lesions, improving the hemodynamics and restoring the structure of the vascular wall.<br \/>Vessel Due F treatment recorded a significant increase in the thickness of the glycocalyx layer measured in the retinal vessels, thus supporting the marked vasculotropic character in the restoration of the endothelium and vascular glycocalyx, with the consequent improvement of hemodynamics and endothelial function.<\/p>\n<p style=\"text-align: justify;\"><strong><span style=\"color: #ff6600;\">Scurt CV<\/span><\/strong><\/p>\n<p style=\"text-align: justify;\"><strong>Titluri profesionale:<\/strong><br \/>\u2022 Conferen\u021biar \u015fi Titular de Curs la Disciplina Oftalmologie a Universit\u0103\u0163ii de Medicin\u0103 \u015fi Farmacie \u201dGrigore T. Popa\u201d Ia\u015fi<br \/>\u2022 Specialist \u00een Retinologie, \u015eeful Clinicii \u201dRetina Center\u201d Ia\u015fi, Rom\u00e2nia<br \/>\u2022 Membru fondator \u015fi membru \u00een Comitetul de Conducere a Societ\u0103\u0163ii Rom\u00e2ne Retina<br \/>\u2022 Membru \u00een Consiliul de conducere a Societ\u0103\u0163ii Rom\u00e2ne de Oftalmologie<br \/>\u2022 Titlu onorific de FEBO (Fellow of the European Board of Ophthalmology) acordat \u00een 2014 pentru merite profesionale \u015fi contribu\u0163ia adus\u0103 \u015fcolii de retinologie rom\u00e2ne\u015fti<br \/>\u2022 Editor Asistent \u015fi membru \u00een Comitetul Editorial Na\u0163ional al \u201cRomanian Journal of Ophthalmology\u201d<br \/>\u2022 Membru Euretina (European Society of Retina Specialists)<\/p>\n<p style=\"text-align: justify;\"><strong>Calific\u0103ri:<\/strong><br \/>\u2022 Titlu de Doctor Medic a Universit\u0103\u0163ii de Medicin\u0103 \u015fi Farmacie \u201dGrigore T Popa\u201d Ia\u015fi, 1991<br \/>\u2022 AFSA \u00een oftalmologie, specializarea retin\u0103, la Universitatea Claude Bernard, Lyon, France<br \/>\u2022 Medic primar oftalmolog din 2000<br \/>\u2022 Doctor \u00een \u0218tiin\u0163e Medicale din 2006 datorit\u0103 Lucr\u0103rii \u00een Retinologie<br \/>\u2022 Stagii de preg\u0103tire \u00een patologia medical\u0103 \u015fi chirurgical\u0103 a retinei \u00een departamente de specialitate din Lyon, Franta; Louisville, SUA; Gent, Belgia; Frankfurt, Berlin \u015fi Wurzburg, Germania<\/p>\n<p style=\"text-align: justify;\"><strong>Contribu\u0163ii \u015ftiin\u0163ifice \u015fi profesionale:<\/strong><br \/>\u2022 Crearea primului centru de retin\u0103 medical\u0103, laser \u015fi chirurgical\u0103 \u00eentr-un spital public din zona Moldovei \u00een 1997<br \/>\u2022 Implicarea constant\u0103 \u00een promovarea \u015fi implementarea de noi metode diagnostice, tratamente medicale \u015fi chirurgicale \u00een patologia retinei<br \/>\u2022 Cooperare \u015ftiin\u0163ific\u0103 \u015fi implicare activ\u0103 \u00een 7 studii clinice interna\u0163ionale<br \/>\u2022 Peste 50 de articole \u015fi capitole de carte publicate<br \/>\u2022 Peste 150 de prezent\u0103ri \u015ftiin\u0163ifice la Congrese Na\u0163ionale \u015fi Interna\u0163ionale<br \/>\u2022 Speaker invitat la Conferin\u0163e \u015fi Congrese de specialitate<\/p>\n<p>[\/et_pb_text][\/et_pb_column][\/et_pb_row][\/et_pb_section][et_pb_section fb_built=&#8221;1&#8243; _builder_version=&#8221;4.9.6&#8243; background_color=&#8221;rgba(117,194,33,0.23)&#8221; background_image=&#8221;https:\/\/pdi.ro\/2021\/wp-content\/uploads\/2021\/05\/PDI2021_header_1920x550px.jpg&#8221; background_blend=&#8221;multiply&#8221; custom_padding=&#8221;54px|0px|0|0px|false|false&#8221; top_divider_style=&#8221;waves2&#8243; top_divider_color=&#8221;#ffffff&#8221; top_divider_height=&#8221;155px&#8221; top_divider_height_tablet=&#8221;&#8221; top_divider_height_phone=&#8221;97px&#8221; top_divider_height_last_edited=&#8221;on|desktop&#8221; bottom_divider_style=&#8221;waves2&#8243; bottom_divider_color=&#8221;#75c221&#8243; bottom_divider_flip=&#8221;vertical&#8221; bottom_divider_height_tablet=&#8221;&#8221; bottom_divider_height_phone=&#8221;59px&#8221; bottom_divider_height_last_edited=&#8221;on|desktop&#8221; global_module=&#8221;9177&#8243; saved_tabs=&#8221;all&#8221;][et_pb_row column_structure=&#8221;3_5,2_5&#8243; _builder_version=&#8221;3.25&#8243; custom_padding=&#8221;61px|0px|69px|0px|false|false&#8221;][et_pb_column type=&#8221;3_5&#8243; _builder_version=&#8221;3.25&#8243; custom_padding=&#8221;|||&#8221; custom_padding__hover=&#8221;|||&#8221;][et_pb_text _builder_version=&#8221;4.9.4&#8243; text_font=&#8221;Kaushan Script||||||||&#8221; text_text_color=&#8221;#f0622a&#8221; text_font_size=&#8221;30px&#8221; text_line_height=&#8221;1.2em&#8221; header_font=&#8221;||||||||&#8221; background_layout=&#8221;dark&#8221; text_font_size_tablet=&#8221;&#8221; text_font_size_phone=&#8221;&#8221; text_font_size_last_edited=&#8221;on|desktop&#8221;]<\/p>\n<p>Contacteaz\u0103 operatorul PDI 2021<\/p>\n<p>[\/et_pb_text][et_pb_contact_form email=&#8221;contact@pdi.ro\/2021\/2019&#8243; submit_button_text=&#8221;Trimite mesajul&#8221; _builder_version=&#8221;4.9.4&#8243; title_font=&#8221;||||||||&#8221; custom_button=&#8221;on&#8221; button_text_color=&#8221;#F0622A&#8221;][et_pb_contact_field field_id=&#8221;Name&#8221; field_title=&#8221;Nume&#8221; _builder_version=&#8221;3.18.9&#8243; button_text_size__hover_enabled=&#8221;off&#8221; button_one_text_size__hover_enabled=&#8221;off&#8221; button_two_text_size__hover_enabled=&#8221;off&#8221; button_text_color__hover_enabled=&#8221;off&#8221; button_one_text_color__hover_enabled=&#8221;off&#8221; button_two_text_color__hover_enabled=&#8221;off&#8221; button_border_width__hover_enabled=&#8221;off&#8221; button_one_border_width__hover_enabled=&#8221;off&#8221; button_two_border_width__hover_enabled=&#8221;off&#8221; button_border_color__hover_enabled=&#8221;off&#8221; button_one_border_color__hover_enabled=&#8221;off&#8221; button_two_border_color__hover_enabled=&#8221;off&#8221; button_border_radius__hover_enabled=&#8221;off&#8221; button_one_border_radius__hover_enabled=&#8221;off&#8221; button_two_border_radius__hover_enabled=&#8221;off&#8221; button_letter_spacing__hover_enabled=&#8221;off&#8221; button_one_letter_spacing__hover_enabled=&#8221;off&#8221; button_two_letter_spacing__hover_enabled=&#8221;off&#8221; button_bg_color__hover_enabled=&#8221;off&#8221; button_one_bg_color__hover_enabled=&#8221;off&#8221; button_two_bg_color__hover_enabled=&#8221;off&#8221;][\/et_pb_contact_field][et_pb_contact_field field_id=&#8221;Email&#8221; field_title=&#8221;Adresa de e-mail&#8221; field_type=&#8221;email&#8221; _builder_version=&#8221;3.19.4&#8243; button_text_size__hover_enabled=&#8221;off&#8221; button_one_text_size__hover_enabled=&#8221;off&#8221; button_two_text_size__hover_enabled=&#8221;off&#8221; button_text_color__hover_enabled=&#8221;off&#8221; button_one_text_color__hover_enabled=&#8221;off&#8221; button_two_text_color__hover_enabled=&#8221;off&#8221; button_border_width__hover_enabled=&#8221;off&#8221; button_one_border_width__hover_enabled=&#8221;off&#8221; button_two_border_width__hover_enabled=&#8221;off&#8221; button_border_color__hover_enabled=&#8221;off&#8221; button_one_border_color__hover_enabled=&#8221;off&#8221; button_two_border_color__hover_enabled=&#8221;off&#8221; button_border_radius__hover_enabled=&#8221;off&#8221; button_one_border_radius__hover_enabled=&#8221;off&#8221; button_two_border_radius__hover_enabled=&#8221;off&#8221; button_letter_spacing__hover_enabled=&#8221;off&#8221; button_one_letter_spacing__hover_enabled=&#8221;off&#8221; button_two_letter_spacing__hover_enabled=&#8221;off&#8221; button_bg_color__hover_enabled=&#8221;off&#8221; button_one_bg_color__hover_enabled=&#8221;off&#8221; button_two_bg_color__hover_enabled=&#8221;off&#8221;][\/et_pb_contact_field][et_pb_contact_field field_id=&#8221;Message&#8221; field_title=&#8221;Mesajul dvs.&#8221; field_type=&#8221;text&#8221; fullwidth_field=&#8221;on&#8221; _builder_version=&#8221;3.18.9&#8243; button_text_size__hover_enabled=&#8221;off&#8221; button_one_text_size__hover_enabled=&#8221;off&#8221; button_two_text_size__hover_enabled=&#8221;off&#8221; button_text_color__hover_enabled=&#8221;off&#8221; button_one_text_color__hover_enabled=&#8221;off&#8221; button_two_text_color__hover_enabled=&#8221;off&#8221; button_border_width__hover_enabled=&#8221;off&#8221; button_one_border_width__hover_enabled=&#8221;off&#8221; button_two_border_width__hover_enabled=&#8221;off&#8221; button_border_color__hover_enabled=&#8221;off&#8221; button_one_border_color__hover_enabled=&#8221;off&#8221; button_two_border_color__hover_enabled=&#8221;off&#8221; button_border_radius__hover_enabled=&#8221;off&#8221; button_one_border_radius__hover_enabled=&#8221;off&#8221; button_two_border_radius__hover_enabled=&#8221;off&#8221; button_letter_spacing__hover_enabled=&#8221;off&#8221; button_one_letter_spacing__hover_enabled=&#8221;off&#8221; button_two_letter_spacing__hover_enabled=&#8221;off&#8221; button_bg_color__hover_enabled=&#8221;off&#8221; button_one_bg_color__hover_enabled=&#8221;off&#8221; button_two_bg_color__hover_enabled=&#8221;off&#8221;][\/et_pb_contact_field][\/et_pb_contact_form][\/et_pb_column][et_pb_column type=&#8221;2_5&#8243; _builder_version=&#8221;3.25&#8243; custom_padding=&#8221;|||&#8221; custom_padding__hover=&#8221;|||&#8221;][et_pb_text _builder_version=&#8221;4.9.4&#8243; text_font=&#8221;Kaushan Script||||||||&#8221; text_text_color=&#8221;#f0622a&#8221; text_font_size=&#8221;30px&#8221; header_font=&#8221;||||||||&#8221; background_layout=&#8221;dark&#8221;]<\/p>\n<p>Operatorul PDI 2021<\/p>\n<p>[\/et_pb_text][et_pb_text _builder_version=&#8221;4.0.11&#8243; text_font=&#8221;||||||||&#8221;]<\/p>\n<p><span><img loading=\"lazy\" decoding=\"async\" src=\"https:\/\/pdi.ro\/2021\/wp-content\/uploads\/2020\/02\/eventer_logo_150px.png\" width=\"151\" height=\"33\" alt=\"\" class=\"wp-image-774 alignleft size-full\" \/><\/span><\/p>\n<p><span><\/span><\/p>\n<p><span><\/span><\/p>\n<p><span>Adresa: Str. A. Panu nr. 13, Iasi<\/span><br \/> <span>Tel.: 0332.40.88.00-05<\/span><br \/> <span>E-mail: <a href=\"mailto:inscrieri@primaderma.ro\" target=\"_blank\" rel=\"noopener noreferrer\">inscrieri@primaderma.ro<\/a><br \/> <\/span><span>Website:\u00a0<\/span><a href=\"http:\/\/www.eventernet.ro\/\" target=\"Blank\" rel=\"noopener noreferrer\">www.eventernet.ro<\/a><\/p>\n<p>[\/et_pb_text][et_pb_text disabled_on=&#8221;off|off|off&#8221; _builder_version=&#8221;4.0.11&#8243; text_font=&#8221;Kaushan Script||||||||&#8221; text_text_color=&#8221;#f0622a&#8221; text_font_size=&#8221;30px&#8221; header_font=&#8221;||||||||&#8221; background_layout=&#8221;dark&#8221; locked=&#8221;off&#8221;]<\/p>\n<p>Parteneri Media<\/p>\n<p>[\/et_pb_text][et_pb_gallery gallery_ids=&#8221;7203,7204,9252,9464,10156,10157&#8243; fullwidth=&#8221;on&#8221; _builder_version=&#8221;4.9.7&#8243; transform_scale=&#8221;86%|86%&#8221; max_width=&#8221;63%&#8221; auto=&#8221;on&#8221; auto_speed=&#8221;3500&#8243; hover_transition_duration=&#8221;100ms&#8221; hover_transition_delay=&#8221;50ms&#8221; hover_transition_speed_curve=&#8221;ease-in-out&#8221; locked=&#8221;off&#8221;][\/et_pb_gallery][\/et_pb_column][\/et_pb_row][\/et_pb_section]<\/p>\n","protected":false},"excerpt":{"rendered":"<p>Conf. Dr. Br\u0103ni\u0219teanu Daniel Constantin Universitatea de Medicin\u0103 \u0219i Farmacie \u201cGrigore T. Popa\u201d Ia\u0219iRadia\u021biile ultraviolete \u0219i patologia ocular\u0103Autori: D.C. Br\u0103ni\u015fteanu, Anisia Iuliana Alexa Riscurile expunerii pielii la radia\u021biile ultraviolete (UV) sunt deja bine cunoscute de c\u0103tre majoritatea popula\u021biei generale, care con\u0219tientizeaz\u0103 asocierea cu melanomul cutanat \u0219i se dovede\u0219te proactiv\u0103 \u00een a se proteja corespunz\u0103tor prin [&hellip;]<\/p>\n","protected":false},"author":2,"featured_media":0,"parent":0,"menu_order":0,"comment_status":"closed","ping_status":"closed","template":"","meta":{"_et_pb_use_builder":"on","_et_pb_old_content":"","_et_gb_content_width":"","footnotes":""},"class_list":["post-8539","page","type-page","status-publish","hentry"],"_links":{"self":[{"href":"https:\/\/pdi.ro\/2021\/wp-json\/wp\/v2\/pages\/8539","targetHints":{"allow":["GET"]}}],"collection":[{"href":"https:\/\/pdi.ro\/2021\/wp-json\/wp\/v2\/pages"}],"about":[{"href":"https:\/\/pdi.ro\/2021\/wp-json\/wp\/v2\/types\/page"}],"author":[{"embeddable":true,"href":"https:\/\/pdi.ro\/2021\/wp-json\/wp\/v2\/users\/2"}],"replies":[{"embeddable":true,"href":"https:\/\/pdi.ro\/2021\/wp-json\/wp\/v2\/comments?post=8539"}],"version-history":[{"count":10,"href":"https:\/\/pdi.ro\/2021\/wp-json\/wp\/v2\/pages\/8539\/revisions"}],"predecessor-version":[{"id":10327,"href":"https:\/\/pdi.ro\/2021\/wp-json\/wp\/v2\/pages\/8539\/revisions\/10327"}],"wp:attachment":[{"href":"https:\/\/pdi.ro\/2021\/wp-json\/wp\/v2\/media?parent=8539"}],"curies":[{"name":"wp","href":"https:\/\/api.w.org\/{rel}","templated":true}]}}