{"id":8550,"date":"2020-07-06T10:26:26","date_gmt":"2020-07-06T08:26:26","guid":{"rendered":"https:\/\/primaderma.ro\/?page_id=8550"},"modified":"2021-07-06T16:23:33","modified_gmt":"2021-07-06T14:23:33","slug":"prof-dr-doina-draganescu","status":"publish","type":"page","link":"https:\/\/pdi.ro\/2021\/prof-dr-doina-draganescu\/","title":{"rendered":"Prof. Dr. Dr\u0103g\u0103nescu Doina"},"content":{"rendered":"<p>[et_pb_section fb_built=&#8221;1&#8243; fullwidth=&#8221;on&#8221; disabled_on=&#8221;on|off|off&#8221; _builder_version=&#8221;3.22&#8243; custom_margin=&#8221;||&#8221; custom_padding=&#8221;15px||29px&#8221; top_divider_style=&#8221;waves2&#8243; top_divider_color=&#8221;#f0622a&#8221; top_divider_flip=&#8221;horizontal|vertical&#8221; bottom_divider_style=&#8221;waves2&#8243; bottom_divider_color=&#8221;#fcdedb&#8221; bottom_divider_height=&#8221;105px&#8221; bottom_divider_flip=&#8221;vertical&#8221; global_module=&#8221;9062&#8243; collapsed=&#8221;off&#8221;][et_pb_fullwidth_header title=&#8221;@ET-DC@eyJkeW5hbWljIjp0cnVlLCJjb250ZW50IjoicG9zdF90aXRsZSIsInNldHRpbmdzIjp7ImJlZm9yZSI6IiIsImFmdGVyIjoiIn19@&#8221; text_orientation=&#8221;right&#8221; header_image_url=&#8221;https:\/\/pdi.ro\/2021\/wp-content\/uploads\/2021\/05\/PDI2021_logo_header_int_600x300px.png&#8221; disabled_on=&#8221;on|on|off&#8221; _builder_version=&#8221;4.9.4&#8243; _dynamic_attributes=&#8221;title&#8221; title_font=&#8221;Kaushan Script||||||||&#8221; title_text_align=&#8221;right&#8221; title_text_color=&#8221;#f0622a&#8221; title_font_size=&#8221;50px&#8221; content_font=&#8221;|600||on|||||&#8221; content_text_align=&#8221;center&#8221; content_text_color=&#8221;#686766&#8243; content_font_size=&#8221;15px&#8221; subhead_font=&#8221;||||||||&#8221; background_color=&#8221;#ef916b&#8221; background_image=&#8221;https:\/\/pdi.ro\/2021\/wp-content\/uploads\/2021\/05\/PDI2021_header_1920x550px.jpg&#8221; background_blend=&#8221;luminosity&#8221; background_layout=&#8221;light&#8221; custom_margin=&#8221;0px||8px&#8221; custom_padding=&#8221;40px||40px||true&#8221; content_font_size_tablet=&#8221;&#8221; content_font_size_phone=&#8221;15px&#8221; content_font_size_last_edited=&#8221;on|desktop&#8221;][\/et_pb_fullwidth_header][\/et_pb_section][et_pb_section fb_built=&#8221;1&#8243; _builder_version=&#8221;3.22&#8243; locked=&#8221;off&#8221;][et_pb_row column_structure=&#8221;2_5,3_5&#8243; _builder_version=&#8221;3.25&#8243;][et_pb_column type=&#8221;2_5&#8243; _builder_version=&#8221;3.25&#8243; custom_padding=&#8221;|||&#8221; custom_padding__hover=&#8221;|||&#8221;][et_pb_image src=&#8221;https:\/\/pdi.ro\/2021\/wp-content\/uploads\/2021\/07\/Draganescu-Doina.jpg&#8221; title_text=&#8221;Draganescu Doina&#8221; align=&#8221;center&#8221; align_tablet=&#8221;center&#8221; align_phone=&#8221;&#8221; align_last_edited=&#8221;on|desktop&#8221; _builder_version=&#8221;4.9.7&#8243; max_width=&#8221;31%&#8221; border_radii=&#8221;on|100px|100px|100px|100px&#8221;][\/et_pb_image][\/et_pb_column][et_pb_column type=&#8221;3_5&#8243; _builder_version=&#8221;3.25&#8243; custom_padding=&#8221;|||&#8221; custom_padding__hover=&#8221;|||&#8221;][et_pb_text _builder_version=&#8221;4.4.8&#8243;]<\/p>\n<h4><strong><span style=\"color: #ff6600;\"><\/span><\/strong><\/h4>\n<h4><strong><span style=\"color: #ff6600;\"><\/span><\/strong><\/h4>\n<h4><strong><span style=\"color: #ff6600;\"><\/span><\/strong><\/h4>\n<h4><strong><span style=\"color: #ff6600;\">Prof. Dr. Dr\u0103g\u0103nescu Doina<\/span><\/strong><br \/>\n<strong><span style=\"color: #ff6600;\">Facultatea de Farmacie, Universitatea de Medicin\u0103 \u0219i Farmacie \u201dCarol Davila\u201d<\/span><\/strong><\/h4>\n<p>[\/et_pb_text][\/et_pb_column][\/et_pb_row][et_pb_row _builder_version=&#8221;3.25&#8243;][et_pb_column type=&#8221;4_4&#8243; _builder_version=&#8221;3.25&#8243; custom_padding=&#8221;|||&#8221; custom_padding__hover=&#8221;|||&#8221;][et_pb_text _builder_version=&#8221;4.9.7&#8243;]<\/p>\n<p style=\"text-align: justify;\"><span style=\"color: #ff6600;\">Aderen\u021ba la tratamentul dermatologic \u2013 o problem\u0103 rezolvabil\u0103?<br \/>\nAutor: Doina Dr\u0103g\u0103nescu<\/span><\/p>\n<p style=\"text-align: justify;\">Aderen\u021ba la regimul terapeutic recomandat \u00een diferite afec\u021biuni este o preocupare a noastr\u0103 a tuturor, indiferent de pozi\u021bia pe care o avem (profesionist \u00een domeniul s\u0103n\u0103t\u0103\u021bii, pacient, angajat \u00een administrarea fondurilor alocate s\u0103n\u0103t\u0103\u021bii, etc).<br \/>\n\u00cen domeniul dermatologiei unde nivelul aderen\u021bei este mai mic dec\u00e2t \u00een cazul altor specialit\u0103\u021bi situa\u021bia are foarte multe particularit\u0103\u021bi. De\u0219i pia\u021ba farmaceutic\u0103 abund\u0103 \u00een produse topice care sunt caracterizate prin cele 2 elemente esen\u021biale pentru un medicament \u0219i  anume siguran\u021ba \u0219i eficacitatea, rezultatele tratatamentelor  dermatologice sunt influen\u021bate \u00eentr-o m\u0103sur\u0103 foarte mare de neaderen\u021ba la regimul terapeutic recomandat. Factorii care intervin semnificativ acoper\u0103 o plaj\u0103 larg\u0103, de la parametrii reologici specifici formei farmaceutice, la criterii pur personale, specifice fiec\u0103ruia dintre noi, plec\u00e2nd de la nivelul de educa\u021bie, la v\u00e2rst\u0103 sau motiva\u021bia pe care o avem la \u00eenceperea tratamentului.<br \/>\nG\u00e2ndirea spre ceea ce putem face \u00een mod concret pentru a cre\u0219te aderen\u021ba pacien\u021bilor la terapiile care li se propun deschide un evantai de posibilit\u0103\u021bi, \u00een care farmaci\u0219tii, preponderent cei din farmaciile de comunitate se reg\u0103sesc \u00een prim plan, ca posibilitate de aplicare a acestora.<br \/>\nSuntem cu to\u021bii \u00een egal\u0103 m\u0103sur\u0103 doritori pentru a ajunge la varianta perfect\u0103, iar \u00eempreun\u0103 am putea ajunge la concluzii, care pus \u00een practic\u0103 s\u0103 aduc\u0103 un progres at\u00e2t terapeutic c\u00e2t \u0219i \u00een termeni de costuri.<\/p>\n<p style=\"text-align: justify;\"><strong><span style=\"color: #ff6600;\">Scurt CV<\/span><\/strong><\/p>\n<p>Doina Dr\u0103ganescu a absolvit \u00een 1988 Universitatea de Medicin\u0103 \u0219i Farmacie Carol Davila, Facultatea de Farmacie \u0219i a lucrat ca farmacist stagiar \u00een urm\u0103torii 2 ani, iar din 1990 c\u00e2nd a promovat concursul de asistent universitar lucreaz\u0103 la Disciplina de Fizic\u0103 farmaceutic\u0103 \u0219i Informatic\u0103 din facultatea de Farmacie. \u00cen prezent, Doina Dr\u0103ganescu este profesor la acela\u0219i departament, iar de la absolvire a sus\u021binut at\u00e2t activit\u0103\u021bi profesionale, c\u00e2t \u0219i administrative. Din 2016 este decanul Facult\u0103\u021bii de Farmacie, membru al Consiliului de Administra\u021bie al Universit\u0103\u021bii \u0219i al Senatului Universit\u0103\u021bii.<br \/>\nEste membr\u0103 a Colegiului Farmaci\u0219tilor din Rom\u00e2nia \u0219i a Societ\u0103\u021bii Farmaceutice din Rom\u00e2nia din 1990, a Societ\u0103\u021bii Na\u021bionale de Chimie, a Societ\u0103\u021bii Na\u021bionale de Istorie a Farmaciei \u0219i a altor societ\u0103\u021bi profesionale din Rom\u00e2nia sau din str\u0103in\u0103tate. \u00cencep\u00e2nd cu 2012, este pre\u0219edintele filialei din Bucure\u0219ti a Societ\u0103\u021bii de \u0218tiin\u021be Farmaceutice din Rom\u00e2nia \u0219i reprezint\u0103 Rom\u00e2nia \u00een Comitetul Executiv al Societ\u0103\u021bii Europene de \u0218tiin\u021be Farmaceutice. \u00cen prezent este numit\u0103 responsabil\u0103 pentru activitatea de audit a EUFEPS.<br \/>\nUrm\u0103toarele domenii pot fi men\u021bionate ca domenii de interes profesional: tehnologii medicale \u0219i farmaceutice, medicamente homeopate, medicamente radiofarmaceutice, fiind \u00een prezent implicat\u0103 \u0219i \u00een activit\u0103\u021bi profesionale la Institutul de Fizic\u0103 \u0219i Inginerie Nuclear\u0103 Horia Hulubei (M\u0103gurele) la Centrul de cercetare radiofarmaceutice. Din 2017 este persoan\u0103 calificat\u0103 \u00een domeniul produc\u021biei de medicamente pentru radiofarmaceutice \u0219i membru al echipei de cercetare \u00een mai multe proiecte realizate \u00een Universitatea de Medicin\u0103 \u0219i Farmacie Carol Davila, Bucure\u0219ti.<br \/>\nA fost manager al mai multor proiecte dedicate dezvolt\u0103rii resurselor umane (POSDRU) \u00een domeniul farmaceutic \u0219i este implicat\u0103 \u00een proiecte de dezvoltare institu\u021bional\u0103 privind etica \u0219i integritatea academic\u0103 \u00een activitatea didactic\u0103 \u00een universitate.<br \/>\nEste redactor \u0219ef adjunct al revistei Farmacist.ro, revist\u0103 care a fost lansat\u0103 \u00een 2004, indexat\u0103 \u00een EBSCO Academic Search &#038; One Belt,<br \/>\n fiind \u00een acest moment cea mai cunoscut\u0103 publica\u0163ie independent\u0103 dedicat\u0103 farmaci\u015ftilor \u015fi asisten\u0163ilor de farmacie din Rom\u00e2nia, cu un concept editorial adaptat, at\u00e2t nevoilor speciali\u015ftilor \u00een domeniu, c\u00e2t \u015fi tendin\u0163elor pie\u0163ei farmaceutice.\n<\/p>\n<p>[\/et_pb_text][\/et_pb_column][\/et_pb_row][\/et_pb_section][et_pb_section fb_built=&#8221;1&#8243; _builder_version=&#8221;4.9.6&#8243; background_color=&#8221;rgba(117,194,33,0.23)&#8221; background_image=&#8221;https:\/\/pdi.ro\/2021\/wp-content\/uploads\/2021\/05\/PDI2021_header_1920x550px.jpg&#8221; background_blend=&#8221;multiply&#8221; custom_padding=&#8221;54px|0px|0|0px|false|false&#8221; top_divider_style=&#8221;waves2&#8243; top_divider_color=&#8221;#ffffff&#8221; top_divider_height=&#8221;155px&#8221; top_divider_height_tablet=&#8221;&#8221; top_divider_height_phone=&#8221;97px&#8221; top_divider_height_last_edited=&#8221;on|desktop&#8221; bottom_divider_style=&#8221;waves2&#8243; bottom_divider_color=&#8221;#75c221&#8243; bottom_divider_flip=&#8221;vertical&#8221; bottom_divider_height_tablet=&#8221;&#8221; bottom_divider_height_phone=&#8221;59px&#8221; bottom_divider_height_last_edited=&#8221;on|desktop&#8221; global_module=&#8221;9177&#8243; saved_tabs=&#8221;all&#8221;][et_pb_row column_structure=&#8221;3_5,2_5&#8243; _builder_version=&#8221;3.25&#8243; custom_padding=&#8221;61px|0px|69px|0px|false|false&#8221;][et_pb_column type=&#8221;3_5&#8243; _builder_version=&#8221;3.25&#8243; custom_padding=&#8221;|||&#8221; custom_padding__hover=&#8221;|||&#8221;][et_pb_text _builder_version=&#8221;4.9.4&#8243; text_font=&#8221;Kaushan Script||||||||&#8221; text_text_color=&#8221;#f0622a&#8221; text_font_size=&#8221;30px&#8221; text_line_height=&#8221;1.2em&#8221; header_font=&#8221;||||||||&#8221; background_layout=&#8221;dark&#8221; text_font_size_tablet=&#8221;&#8221; text_font_size_phone=&#8221;&#8221; text_font_size_last_edited=&#8221;on|desktop&#8221;]<\/p>\n<p>Contacteaz\u0103 operatorul PDI 2021<\/p>\n<p>[\/et_pb_text][et_pb_contact_form email=&#8221;contact@pdi.ro\/2021\/2019&#8243; submit_button_text=&#8221;Trimite mesajul&#8221; _builder_version=&#8221;4.9.4&#8243; title_font=&#8221;||||||||&#8221; custom_button=&#8221;on&#8221; button_text_color=&#8221;#F0622A&#8221;][et_pb_contact_field field_id=&#8221;Name&#8221; field_title=&#8221;Nume&#8221; _builder_version=&#8221;3.18.9&#8243; button_text_size__hover_enabled=&#8221;off&#8221; button_one_text_size__hover_enabled=&#8221;off&#8221; button_two_text_size__hover_enabled=&#8221;off&#8221; button_text_color__hover_enabled=&#8221;off&#8221; button_one_text_color__hover_enabled=&#8221;off&#8221; button_two_text_color__hover_enabled=&#8221;off&#8221; button_border_width__hover_enabled=&#8221;off&#8221; button_one_border_width__hover_enabled=&#8221;off&#8221; button_two_border_width__hover_enabled=&#8221;off&#8221; button_border_color__hover_enabled=&#8221;off&#8221; button_one_border_color__hover_enabled=&#8221;off&#8221; button_two_border_color__hover_enabled=&#8221;off&#8221; button_border_radius__hover_enabled=&#8221;off&#8221; button_one_border_radius__hover_enabled=&#8221;off&#8221; button_two_border_radius__hover_enabled=&#8221;off&#8221; button_letter_spacing__hover_enabled=&#8221;off&#8221; button_one_letter_spacing__hover_enabled=&#8221;off&#8221; button_two_letter_spacing__hover_enabled=&#8221;off&#8221; button_bg_color__hover_enabled=&#8221;off&#8221; button_one_bg_color__hover_enabled=&#8221;off&#8221; button_two_bg_color__hover_enabled=&#8221;off&#8221;][\/et_pb_contact_field][et_pb_contact_field field_id=&#8221;Email&#8221; field_title=&#8221;Adresa de e-mail&#8221; field_type=&#8221;email&#8221; _builder_version=&#8221;3.19.4&#8243; button_text_size__hover_enabled=&#8221;off&#8221; button_one_text_size__hover_enabled=&#8221;off&#8221; button_two_text_size__hover_enabled=&#8221;off&#8221; button_text_color__hover_enabled=&#8221;off&#8221; button_one_text_color__hover_enabled=&#8221;off&#8221; button_two_text_color__hover_enabled=&#8221;off&#8221; button_border_width__hover_enabled=&#8221;off&#8221; button_one_border_width__hover_enabled=&#8221;off&#8221; button_two_border_width__hover_enabled=&#8221;off&#8221; button_border_color__hover_enabled=&#8221;off&#8221; button_one_border_color__hover_enabled=&#8221;off&#8221; button_two_border_color__hover_enabled=&#8221;off&#8221; button_border_radius__hover_enabled=&#8221;off&#8221; button_one_border_radius__hover_enabled=&#8221;off&#8221; button_two_border_radius__hover_enabled=&#8221;off&#8221; button_letter_spacing__hover_enabled=&#8221;off&#8221; button_one_letter_spacing__hover_enabled=&#8221;off&#8221; button_two_letter_spacing__hover_enabled=&#8221;off&#8221; button_bg_color__hover_enabled=&#8221;off&#8221; button_one_bg_color__hover_enabled=&#8221;off&#8221; button_two_bg_color__hover_enabled=&#8221;off&#8221;][\/et_pb_contact_field][et_pb_contact_field field_id=&#8221;Message&#8221; field_title=&#8221;Mesajul dvs.&#8221; field_type=&#8221;text&#8221; fullwidth_field=&#8221;on&#8221; _builder_version=&#8221;3.18.9&#8243; button_text_size__hover_enabled=&#8221;off&#8221; button_one_text_size__hover_enabled=&#8221;off&#8221; button_two_text_size__hover_enabled=&#8221;off&#8221; button_text_color__hover_enabled=&#8221;off&#8221; button_one_text_color__hover_enabled=&#8221;off&#8221; button_two_text_color__hover_enabled=&#8221;off&#8221; button_border_width__hover_enabled=&#8221;off&#8221; button_one_border_width__hover_enabled=&#8221;off&#8221; button_two_border_width__hover_enabled=&#8221;off&#8221; button_border_color__hover_enabled=&#8221;off&#8221; button_one_border_color__hover_enabled=&#8221;off&#8221; button_two_border_color__hover_enabled=&#8221;off&#8221; button_border_radius__hover_enabled=&#8221;off&#8221; button_one_border_radius__hover_enabled=&#8221;off&#8221; button_two_border_radius__hover_enabled=&#8221;off&#8221; button_letter_spacing__hover_enabled=&#8221;off&#8221; button_one_letter_spacing__hover_enabled=&#8221;off&#8221; button_two_letter_spacing__hover_enabled=&#8221;off&#8221; button_bg_color__hover_enabled=&#8221;off&#8221; button_one_bg_color__hover_enabled=&#8221;off&#8221; button_two_bg_color__hover_enabled=&#8221;off&#8221;][\/et_pb_contact_field][\/et_pb_contact_form][\/et_pb_column][et_pb_column type=&#8221;2_5&#8243; _builder_version=&#8221;3.25&#8243; custom_padding=&#8221;|||&#8221; custom_padding__hover=&#8221;|||&#8221;][et_pb_text _builder_version=&#8221;4.9.4&#8243; text_font=&#8221;Kaushan Script||||||||&#8221; text_text_color=&#8221;#f0622a&#8221; text_font_size=&#8221;30px&#8221; header_font=&#8221;||||||||&#8221; background_layout=&#8221;dark&#8221;]<\/p>\n<p>Operatorul PDI 2021<\/p>\n<p>[\/et_pb_text][et_pb_text _builder_version=&#8221;4.0.11&#8243; text_font=&#8221;||||||||&#8221;]<\/p>\n<p><span><img loading=\"lazy\" decoding=\"async\" src=\"https:\/\/pdi.ro\/2021\/wp-content\/uploads\/2020\/02\/eventer_logo_150px.png\" width=\"151\" height=\"33\" alt=\"\" class=\"wp-image-774 alignleft size-full\" \/><\/span><\/p>\n<p><span><\/span><\/p>\n<p><span><\/span><\/p>\n<p><span>Adresa: Str. A. Panu nr. 13, Iasi<\/span><br \/> <span>Tel.: 0332.40.88.00-05<\/span><br \/> <span>E-mail: <a href=\"mailto:inscrieri@primaderma.ro\" target=\"_blank\" rel=\"noopener noreferrer\">inscrieri@primaderma.ro<\/a><br \/> <\/span><span>Website:\u00a0<\/span><a href=\"http:\/\/www.eventernet.ro\/\" target=\"Blank\" rel=\"noopener noreferrer\">www.eventernet.ro<\/a><\/p>\n<p>[\/et_pb_text][et_pb_text disabled_on=&#8221;off|off|off&#8221; _builder_version=&#8221;4.0.11&#8243; text_font=&#8221;Kaushan Script||||||||&#8221; text_text_color=&#8221;#f0622a&#8221; text_font_size=&#8221;30px&#8221; header_font=&#8221;||||||||&#8221; background_layout=&#8221;dark&#8221; locked=&#8221;off&#8221;]<\/p>\n<p>Parteneri Media<\/p>\n<p>[\/et_pb_text][et_pb_gallery gallery_ids=&#8221;7203,7204,9252,9464&#8243; fullwidth=&#8221;on&#8221; _builder_version=&#8221;4.9.6&#8243; transform_scale=&#8221;86%|86%&#8221; max_width=&#8221;63%&#8221; auto=&#8221;on&#8221; auto_speed=&#8221;3500&#8243; hover_transition_duration=&#8221;100ms&#8221; hover_transition_delay=&#8221;50ms&#8221; hover_transition_speed_curve=&#8221;ease-in-out&#8221; locked=&#8221;off&#8221;][\/et_pb_gallery][\/et_pb_column][\/et_pb_row][\/et_pb_section]<\/p>\n","protected":false},"excerpt":{"rendered":"<p>Prof. Dr. Dr\u0103g\u0103nescu Doina Facultatea de Farmacie, Universitatea de Medicin\u0103 \u0219i Farmacie \u201dCarol Davila\u201dAderen\u021ba la tratamentul dermatologic \u2013 o problem\u0103 rezolvabil\u0103? Autor: Doina Dr\u0103g\u0103nescu Aderen\u021ba la regimul terapeutic recomandat \u00een diferite afec\u021biuni este o preocupare a noastr\u0103 a tuturor, indiferent de pozi\u021bia pe care o avem (profesionist \u00een domeniul s\u0103n\u0103t\u0103\u021bii, pacient, angajat \u00een administrarea fondurilor [&hellip;]<\/p>\n","protected":false},"author":2,"featured_media":0,"parent":0,"menu_order":0,"comment_status":"closed","ping_status":"closed","template":"","meta":{"_et_pb_use_builder":"on","_et_pb_old_content":"","_et_gb_content_width":"","footnotes":""},"class_list":["post-8550","page","type-page","status-publish","hentry"],"_links":{"self":[{"href":"https:\/\/pdi.ro\/2021\/wp-json\/wp\/v2\/pages\/8550","targetHints":{"allow":["GET"]}}],"collection":[{"href":"https:\/\/pdi.ro\/2021\/wp-json\/wp\/v2\/pages"}],"about":[{"href":"https:\/\/pdi.ro\/2021\/wp-json\/wp\/v2\/types\/page"}],"author":[{"embeddable":true,"href":"https:\/\/pdi.ro\/2021\/wp-json\/wp\/v2\/users\/2"}],"replies":[{"embeddable":true,"href":"https:\/\/pdi.ro\/2021\/wp-json\/wp\/v2\/comments?post=8550"}],"version-history":[{"count":10,"href":"https:\/\/pdi.ro\/2021\/wp-json\/wp\/v2\/pages\/8550\/revisions"}],"predecessor-version":[{"id":9984,"href":"https:\/\/pdi.ro\/2021\/wp-json\/wp\/v2\/pages\/8550\/revisions\/9984"}],"wp:attachment":[{"href":"https:\/\/pdi.ro\/2021\/wp-json\/wp\/v2\/media?parent=8550"}],"curies":[{"name":"wp","href":"https:\/\/api.w.org\/{rel}","templated":true}]}}