{"id":8649,"date":"2020-07-09T09:56:44","date_gmt":"2020-07-09T07:56:44","guid":{"rendered":"https:\/\/primaderma.ro\/?page_id=8649"},"modified":"2021-07-14T11:26:50","modified_gmt":"2021-07-14T09:26:50","slug":"sef-lucr-dr-badescu-aida-corina","status":"publish","type":"page","link":"https:\/\/pdi.ro\/2021\/sef-lucr-dr-badescu-aida-corina\/","title":{"rendered":"\u015eef lucr. Dr. B\u0103descu Aida Corina"},"content":{"rendered":"<p>[et_pb_section fb_built=&#8221;1&#8243; fullwidth=&#8221;on&#8221; disabled_on=&#8221;on|off|off&#8221; _builder_version=&#8221;3.22&#8243; custom_margin=&#8221;||&#8221; custom_padding=&#8221;15px||29px&#8221; top_divider_style=&#8221;waves2&#8243; top_divider_color=&#8221;#f0622a&#8221; top_divider_flip=&#8221;horizontal|vertical&#8221; bottom_divider_style=&#8221;waves2&#8243; bottom_divider_color=&#8221;#fcdedb&#8221; bottom_divider_height=&#8221;105px&#8221; bottom_divider_flip=&#8221;vertical&#8221; collapsed=&#8221;off&#8221; global_module=&#8221;9062&#8243;][et_pb_fullwidth_header title=&#8221;@ET-DC@eyJkeW5hbWljIjp0cnVlLCJjb250ZW50IjoicG9zdF90aXRsZSIsInNldHRpbmdzIjp7ImJlZm9yZSI6IiIsImFmdGVyIjoiIn19@&#8221; text_orientation=&#8221;right&#8221; header_image_url=&#8221;https:\/\/pdi.ro\/2021\/wp-content\/uploads\/2021\/05\/PDI2021_logo_header_int_600x300px.png&#8221; disabled_on=&#8221;on|on|off&#8221; _builder_version=&#8221;4.9.4&#8243; _dynamic_attributes=&#8221;title&#8221; title_font=&#8221;Kaushan Script||||||||&#8221; title_text_align=&#8221;right&#8221; title_text_color=&#8221;#f0622a&#8221; title_font_size=&#8221;50px&#8221; content_font=&#8221;|600||on|||||&#8221; content_text_align=&#8221;center&#8221; content_text_color=&#8221;#686766&#8243; content_font_size=&#8221;15px&#8221; subhead_font=&#8221;||||||||&#8221; background_color=&#8221;#ef916b&#8221; background_image=&#8221;https:\/\/pdi.ro\/2021\/wp-content\/uploads\/2021\/05\/PDI2021_header_1920x550px.jpg&#8221; background_blend=&#8221;luminosity&#8221; background_layout=&#8221;light&#8221; custom_margin=&#8221;0px||8px&#8221; custom_padding=&#8221;40px||40px||true&#8221; content_font_size_tablet=&#8221;&#8221; content_font_size_phone=&#8221;15px&#8221; content_font_size_last_edited=&#8221;on|desktop&#8221;][\/et_pb_fullwidth_header][\/et_pb_section][et_pb_section fb_built=&#8221;1&#8243; _builder_version=&#8221;3.22&#8243;][et_pb_row column_structure=&#8221;2_5,3_5&#8243; _builder_version=&#8221;3.25&#8243; locked=&#8221;off&#8221;][et_pb_column type=&#8221;2_5&#8243; _builder_version=&#8221;3.25&#8243; custom_padding=&#8221;|||&#8221; custom_padding__hover=&#8221;|||&#8221;][et_pb_image src=&#8221;https:\/\/pdi.ro\/2021\/wp-content\/uploads\/2020\/02\/Badescu-Aida.png&#8221; title_text=&#8221;Badescu-Aida&#8221; align=&#8221;center&#8221; align_tablet=&#8221;center&#8221; align_phone=&#8221;&#8221; align_last_edited=&#8221;on|desktop&#8221; _builder_version=&#8221;4.4.8&#8243; max_width=&#8221;32%&#8221; border_radii=&#8221;on|100px|100px|100px|100px&#8221;][\/et_pb_image][\/et_pb_column][et_pb_column type=&#8221;3_5&#8243; _builder_version=&#8221;3.25&#8243; custom_padding=&#8221;|||&#8221; custom_padding__hover=&#8221;|||&#8221;][et_pb_text _builder_version=&#8221;4.4.8&#8243;]<\/p>\n<h5><span style=\"color: #ff6600;\"><strong><\/strong><\/span><\/h5>\n<h5><span style=\"color: #ff6600;\"><strong><\/strong><\/span><\/h5>\n<h5><span style=\"color: #ff6600;\"><strong><\/strong><\/span><\/h5>\n<h5><span style=\"color: #ff6600;\"><strong><\/strong><\/span><\/h5>\n<h5><span style=\"color: #ff6600;\"><strong><\/strong><\/span><\/h5>\n<h5><span style=\"color: #ff6600;\"><strong>\u015eef lucr. Dr. B\u0103descu Aida Corina<\/strong><\/span><br \/><span style=\"color: #ff6600;\"><strong> Universitatea de Medicin\u0103 \u015fi Farmacie &#8220;Grigore T. Popa&#8221;, Ia\u015fi<\/strong><\/span><\/h5>\n<p>[\/et_pb_text][\/et_pb_column][\/et_pb_row][et_pb_row _builder_version=&#8221;3.25&#8243; locked=&#8221;off&#8221;][et_pb_column type=&#8221;4_4&#8243; _builder_version=&#8221;3.25&#8243; custom_padding=&#8221;|||&#8221; custom_padding__hover=&#8221;|||&#8221;][et_pb_text _builder_version=&#8221;4.9.7&#8243; hover_enabled=&#8221;0&#8243; sticky_enabled=&#8221;0&#8243;]<\/p>\n<p style=\"text-align: justify;\"><span style=\"color: #ff6600;\">Diagnosticul molecular \u00een infec\u021bia SARS-CoV-2, de la perfec\u021biunea tehnicii la arta interpret\u0103rii rezultatelor<\/span><br \/><span style=\"color: #ff6600;\"> Autor: Aida Corina B\u0103descu<\/span><\/p>\n<p style=\"text-align: justify;\">Cuvinte cheie: virus SARS-CoV-2, diagnostic de laborator, metode moleculare<\/p>\n<p style=\"text-align: justify;\">Sopul acestei prezent\u0103ri este acela de a oferi participan\u021bilor o privire de ansamblu asupra posibilit\u0103\u021bilor actulale de diagnostic molecular \u00een infec\u021bia cu virusul SARS-CoV-2.<br \/>Infec\u021bia cu virusul SARS-CoV-2 a reprezentat o imens\u0103 provocare pentru medicina rom\u00e2neasc\u0103 \u0219i din punctul de vedere al posibilit\u0103\u021bilor de diagnostic etiologic. Tehnicile de diagnostic molecular erau utilizate de rutin\u0103 la noi \u00een \u021bar\u0103 doar pentru diagnosticul \u0219i monitorizarea unor infec\u021bii virale care beneficiau de terapie specific\u0103 (infec\u021bia HIV, infec\u021bia cu virusuri hepatitice) sau pentru diagnosticul tuberculozei. Extinderea rapid\u0103 a capacit\u0103\u021bilor de diagnostic molecular a reprezentat cea mai mare provocare pentru medicina de laborator, la \u00eenceputul pandemiei fiind necesar\u0103 at\u00e2t dezvoltarea mijloacelor tehnice c\u00e2t \u0219i preg\u0103tirea specific\u0103 a personalului pentru realizarea acestor teste ce presupun un nivel superior de preg\u0103tire al personalului din laborator.<br \/>Metodele moderne de diagnostic (hibridizare, tehnici de amplificare genic\u0103 \u2013 PCR, secven\u021biere), bazate pe detec\u021bia genelor specifice acestui patogen, pun la dispozi\u021bia laboratorului \u0219i implicit a clinicianului cel mai valoros instrument pentru detec\u021bia rapid\u0103, foarte sensibil\u0103 \u0219i foarte specific\u0103 a prezen\u021bei virusului dar permit \u0219i o apreciere cantitativ\u0103 sau semicantitativ\u0103 a nivelului s\u0103u \u00een secre\u021biile respiratorii, cu impact major \u00een rata de transmitere la contac\u021bi. Apari\u021bia inerent\u0103 a muta\u021biilor virusului, favorizat\u0103 de num\u0103rul foarte mare de persoane infectate la nivel global, a generat \u00een plus nevoia de urm\u0103rire a acestor muta\u021bii \u0219i a variantelor virale emergente, tot prin tehnici moleculare de PCR sau de secven\u021biere genomic\u0103.<br \/><img decoding=\"async\" src=\"https:\/\/pdi.ro\/2021\/wp-content\/uploads\/2021\/07\/image_3.jpg\" \/><br \/>Prezentarea va include o trecere \u00een revist\u0103 a testelor de diagnostic molecular utilizate \u00een diagnosticul infec\u021biei cu virusul SARS-CoV-2, cu avantajele \u0219i cu dezavantajele lor dar \u0219i cu problemele de interpretare pe care le ridic\u0103.<\/p>\n<p style=\"text-align: justify;\"><span style=\"color: #ff6600;\">Molecular diagnosis in SARS-CoV-2 infection, from technical perfection to the art of test rezults interpretation<\/span><br \/><span style=\"color: #ff6600;\">Autor: Aida Corina B\u0103descu<br \/><\/span><\/p>\n<p style=\"text-align: justify;\">Keywords: SARS-CoV-2 virus, laboratory diagnosis, molecular methods<\/p>\n<p style=\"text-align: justify;\">The purpose of this presentation is to provide participants with an overview of the current possibilities of molecular diagnosis in SARS-CoV-2 infection.<br \/>The infection with the SARS-CoV-2 virus represented an huge challenge for the romanian medicine also from the point of view of the etiological diagnosis possibilities. Molecular diagnostic techniques were routinely used in our country only for the diagnosis and monitoring of viral infections that received specific therapy (HIV infection, viral hepatitis) or for the diagnosis of tuberculosis. The rapid expansion of molecular diagnostic capabilities was the biggest challenge for laboratory medicine, at the beginning of the pandemic being necessary both the development of technical means and specific training of staff to perform these tests that require a higher level of training of laboratory staff.<br \/>Modern diagnostic methods (hybridization, gene amplification \u2013 PCR, sequencing), based on the detection of genes specific to this pathogen, provide the laboratory and the clinician with the most valuable tool for rapid, very sensitive and very specific detection of the virus but also allow a quantitative or semi-quantitative assessment of its level in respiratory secretions, with a major impact on the rate of transmission to contacts. The inherent appearance of virus mutations, favored by the very large number of infected people globally, has also generated the need to track these mutations and emerging viral variants, also through molecular techniques of PCR or genomic sequencing.<br \/><img decoding=\"async\" src=\"https:\/\/pdi.ro\/2021\/wp-content\/uploads\/2021\/07\/image_3.jpg\" \/><br \/>The presentation will include a review of the molecular diagnostic tests used in the diagnosis of SARS-CoV-2 virus infection, with their advantages and disadvantages but also with the interpretation problems they raise.<\/p>\n<p style=\"text-align: justify;\"><span style=\"color: #ff6600;\">Scurt CV<\/span><\/p>\n<p style=\"text-align: justify;\">\u015eef lucr\u0103ri Dr. Aida Corina B\u0103descu<br \/>Disciplina de Microbiologie<br \/>Facultatea de Medicin\u0103<br \/>U.M.F. \u201dGrigore T. Popa\u201d Ia\u015fi<\/p>\n<p style=\"text-align: justify;\">Medic primar Medicin\u0103 de Laborator<br \/>Doctor \u00een \u015ftiin\u0163e medicale \u2013 specialitatea Dermatovenerologie.<br \/>Medic Coordonator Laboratorul de Biologie Molecular\u0103, Spitalul de Boli Infec\u0163ioase &#8220;Sf. Parascheva\u201d Ia\u015fi<\/p>\n<p style=\"text-align: justify;\">Membru \u00een societ\u0103\u0163i \u015ftiin\u0163ifice:<br \/>\u2022 European Society for Clinical Microbiology and Infectious Disease<br \/>\u2022 Societatea Rom\u00e2n\u0103 de Microbiologie<br \/>\u2022 Societatea Rom\u00e2n\u0103 de Imunologie<br \/>\u2022 Societatea Rom\u00e2n\u0103 de Micologie<\/p>\n<p>[\/et_pb_text][\/et_pb_column][\/et_pb_row][\/et_pb_section][et_pb_section fb_built=&#8221;1&#8243; _builder_version=&#8221;4.9.6&#8243; background_color=&#8221;rgba(117,194,33,0.23)&#8221; background_image=&#8221;https:\/\/pdi.ro\/2021\/wp-content\/uploads\/2021\/05\/PDI2021_header_1920x550px.jpg&#8221; background_blend=&#8221;multiply&#8221; custom_padding=&#8221;54px|0px|0|0px|false|false&#8221; top_divider_style=&#8221;waves2&#8243; top_divider_color=&#8221;#ffffff&#8221; top_divider_height=&#8221;155px&#8221; top_divider_height_tablet=&#8221;&#8221; top_divider_height_phone=&#8221;97px&#8221; top_divider_height_last_edited=&#8221;on|desktop&#8221; bottom_divider_style=&#8221;waves2&#8243; bottom_divider_color=&#8221;#75c221&#8243; bottom_divider_flip=&#8221;vertical&#8221; bottom_divider_height_tablet=&#8221;&#8221; bottom_divider_height_phone=&#8221;59px&#8221; bottom_divider_height_last_edited=&#8221;on|desktop&#8221; saved_tabs=&#8221;all&#8221; global_module=&#8221;9177&#8243;][et_pb_row column_structure=&#8221;3_5,2_5&#8243; _builder_version=&#8221;3.25&#8243; custom_padding=&#8221;61px|0px|69px|0px|false|false&#8221;][et_pb_column type=&#8221;3_5&#8243; _builder_version=&#8221;3.25&#8243; custom_padding=&#8221;|||&#8221; custom_padding__hover=&#8221;|||&#8221;][et_pb_text _builder_version=&#8221;4.9.4&#8243; text_font=&#8221;Kaushan Script||||||||&#8221; text_text_color=&#8221;#f0622a&#8221; text_font_size=&#8221;30px&#8221; text_line_height=&#8221;1.2em&#8221; header_font=&#8221;||||||||&#8221; background_layout=&#8221;dark&#8221; text_font_size_tablet=&#8221;&#8221; text_font_size_phone=&#8221;&#8221; text_font_size_last_edited=&#8221;on|desktop&#8221;]<\/p>\n<p>Contacteaz\u0103 operatorul PDI 2021<\/p>\n<p>[\/et_pb_text][et_pb_contact_form email=&#8221;contact@pdi.ro\/2021\/2019&#8243; submit_button_text=&#8221;Trimite mesajul&#8221; _builder_version=&#8221;4.9.4&#8243; title_font=&#8221;||||||||&#8221; custom_button=&#8221;on&#8221; button_text_color=&#8221;#F0622A&#8221;][et_pb_contact_field field_id=&#8221;Name&#8221; field_title=&#8221;Nume&#8221; _builder_version=&#8221;3.18.9&#8243; button_text_size__hover_enabled=&#8221;off&#8221; button_one_text_size__hover_enabled=&#8221;off&#8221; button_two_text_size__hover_enabled=&#8221;off&#8221; button_text_color__hover_enabled=&#8221;off&#8221; button_one_text_color__hover_enabled=&#8221;off&#8221; button_two_text_color__hover_enabled=&#8221;off&#8221; button_border_width__hover_enabled=&#8221;off&#8221; button_one_border_width__hover_enabled=&#8221;off&#8221; button_two_border_width__hover_enabled=&#8221;off&#8221; button_border_color__hover_enabled=&#8221;off&#8221; button_one_border_color__hover_enabled=&#8221;off&#8221; button_two_border_color__hover_enabled=&#8221;off&#8221; button_border_radius__hover_enabled=&#8221;off&#8221; button_one_border_radius__hover_enabled=&#8221;off&#8221; button_two_border_radius__hover_enabled=&#8221;off&#8221; button_letter_spacing__hover_enabled=&#8221;off&#8221; button_one_letter_spacing__hover_enabled=&#8221;off&#8221; button_two_letter_spacing__hover_enabled=&#8221;off&#8221; button_bg_color__hover_enabled=&#8221;off&#8221; button_one_bg_color__hover_enabled=&#8221;off&#8221; button_two_bg_color__hover_enabled=&#8221;off&#8221;][\/et_pb_contact_field][et_pb_contact_field field_id=&#8221;Email&#8221; field_title=&#8221;Adresa de e-mail&#8221; field_type=&#8221;email&#8221; _builder_version=&#8221;3.19.4&#8243; button_text_size__hover_enabled=&#8221;off&#8221; button_one_text_size__hover_enabled=&#8221;off&#8221; button_two_text_size__hover_enabled=&#8221;off&#8221; button_text_color__hover_enabled=&#8221;off&#8221; button_one_text_color__hover_enabled=&#8221;off&#8221; button_two_text_color__hover_enabled=&#8221;off&#8221; button_border_width__hover_enabled=&#8221;off&#8221; button_one_border_width__hover_enabled=&#8221;off&#8221; button_two_border_width__hover_enabled=&#8221;off&#8221; button_border_color__hover_enabled=&#8221;off&#8221; button_one_border_color__hover_enabled=&#8221;off&#8221; button_two_border_color__hover_enabled=&#8221;off&#8221; button_border_radius__hover_enabled=&#8221;off&#8221; button_one_border_radius__hover_enabled=&#8221;off&#8221; button_two_border_radius__hover_enabled=&#8221;off&#8221; button_letter_spacing__hover_enabled=&#8221;off&#8221; button_one_letter_spacing__hover_enabled=&#8221;off&#8221; button_two_letter_spacing__hover_enabled=&#8221;off&#8221; button_bg_color__hover_enabled=&#8221;off&#8221; button_one_bg_color__hover_enabled=&#8221;off&#8221; button_two_bg_color__hover_enabled=&#8221;off&#8221;][\/et_pb_contact_field][et_pb_contact_field field_id=&#8221;Message&#8221; field_title=&#8221;Mesajul dvs.&#8221; field_type=&#8221;text&#8221; fullwidth_field=&#8221;on&#8221; _builder_version=&#8221;3.18.9&#8243; button_text_size__hover_enabled=&#8221;off&#8221; button_one_text_size__hover_enabled=&#8221;off&#8221; button_two_text_size__hover_enabled=&#8221;off&#8221; button_text_color__hover_enabled=&#8221;off&#8221; button_one_text_color__hover_enabled=&#8221;off&#8221; button_two_text_color__hover_enabled=&#8221;off&#8221; button_border_width__hover_enabled=&#8221;off&#8221; button_one_border_width__hover_enabled=&#8221;off&#8221; button_two_border_width__hover_enabled=&#8221;off&#8221; button_border_color__hover_enabled=&#8221;off&#8221; button_one_border_color__hover_enabled=&#8221;off&#8221; button_two_border_color__hover_enabled=&#8221;off&#8221; button_border_radius__hover_enabled=&#8221;off&#8221; button_one_border_radius__hover_enabled=&#8221;off&#8221; button_two_border_radius__hover_enabled=&#8221;off&#8221; button_letter_spacing__hover_enabled=&#8221;off&#8221; button_one_letter_spacing__hover_enabled=&#8221;off&#8221; button_two_letter_spacing__hover_enabled=&#8221;off&#8221; button_bg_color__hover_enabled=&#8221;off&#8221; button_one_bg_color__hover_enabled=&#8221;off&#8221; button_two_bg_color__hover_enabled=&#8221;off&#8221;][\/et_pb_contact_field][\/et_pb_contact_form][\/et_pb_column][et_pb_column type=&#8221;2_5&#8243; _builder_version=&#8221;3.25&#8243; custom_padding=&#8221;|||&#8221; custom_padding__hover=&#8221;|||&#8221;][et_pb_text _builder_version=&#8221;4.9.4&#8243; text_font=&#8221;Kaushan Script||||||||&#8221; text_text_color=&#8221;#f0622a&#8221; text_font_size=&#8221;30px&#8221; header_font=&#8221;||||||||&#8221; background_layout=&#8221;dark&#8221;]<\/p>\n<p>Operatorul PDI 2021<\/p>\n<p>[\/et_pb_text][et_pb_text _builder_version=&#8221;4.0.11&#8243; text_font=&#8221;||||||||&#8221;]<\/p>\n<p><span><img loading=\"lazy\" decoding=\"async\" src=\"https:\/\/pdi.ro\/2021\/wp-content\/uploads\/2020\/02\/eventer_logo_150px.png\" width=\"151\" height=\"33\" alt=\"\" class=\"wp-image-774 alignleft size-full\" \/><\/span><\/p>\n<p><span><\/span><\/p>\n<p><span><\/span><\/p>\n<p><span>Adresa: Str. A. Panu nr. 13, Iasi<\/span><br \/> <span>Tel.: 0332.40.88.00-05<\/span><br \/> <span>E-mail: <a href=\"mailto:inscrieri@primaderma.ro\" target=\"_blank\" rel=\"noopener noreferrer\">inscrieri@primaderma.ro<\/a><br \/> <\/span><span>Website:\u00a0<\/span><a href=\"http:\/\/www.eventernet.ro\/\" target=\"Blank\" rel=\"noopener noreferrer\">www.eventernet.ro<\/a><\/p>\n<p>[\/et_pb_text][et_pb_text disabled_on=&#8221;off|off|off&#8221; _builder_version=&#8221;4.0.11&#8243; text_font=&#8221;Kaushan Script||||||||&#8221; text_text_color=&#8221;#f0622a&#8221; text_font_size=&#8221;30px&#8221; header_font=&#8221;||||||||&#8221; background_layout=&#8221;dark&#8221; locked=&#8221;off&#8221;]<\/p>\n<p>Parteneri Media<\/p>\n<p>[\/et_pb_text][et_pb_gallery gallery_ids=&#8221;7203,7204,9252,9464,10156,10157&#8243; fullwidth=&#8221;on&#8221; _builder_version=&#8221;4.9.7&#8243; transform_scale=&#8221;86%|86%&#8221; max_width=&#8221;63%&#8221; auto=&#8221;on&#8221; auto_speed=&#8221;3500&#8243; hover_transition_duration=&#8221;100ms&#8221; hover_transition_delay=&#8221;50ms&#8221; hover_transition_speed_curve=&#8221;ease-in-out&#8221; locked=&#8221;off&#8221;][\/et_pb_gallery][\/et_pb_column][\/et_pb_row][\/et_pb_section]<\/p>\n","protected":false},"excerpt":{"rendered":"<p>\u015eef lucr. Dr. B\u0103descu Aida Corina Universitatea de Medicin\u0103 \u015fi Farmacie &#8220;Grigore T. Popa&#8221;, Ia\u015fiDiagnosticul molecular \u00een infec\u021bia SARS-CoV-2, de la perfec\u021biunea tehnicii la arta interpret\u0103rii rezultatelor Autor: Aida Corina B\u0103descu Cuvinte cheie: virus SARS-CoV-2, diagnostic de laborator, metode moleculare Sopul acestei prezent\u0103ri este acela de a oferi participan\u021bilor o privire de ansamblu asupra posibilit\u0103\u021bilor [&hellip;]<\/p>\n","protected":false},"author":2,"featured_media":0,"parent":0,"menu_order":0,"comment_status":"closed","ping_status":"closed","template":"","meta":{"_et_pb_use_builder":"on","_et_pb_old_content":"","_et_gb_content_width":"","footnotes":""},"class_list":["post-8649","page","type-page","status-publish","hentry"],"_links":{"self":[{"href":"https:\/\/pdi.ro\/2021\/wp-json\/wp\/v2\/pages\/8649","targetHints":{"allow":["GET"]}}],"collection":[{"href":"https:\/\/pdi.ro\/2021\/wp-json\/wp\/v2\/pages"}],"about":[{"href":"https:\/\/pdi.ro\/2021\/wp-json\/wp\/v2\/types\/page"}],"author":[{"embeddable":true,"href":"https:\/\/pdi.ro\/2021\/wp-json\/wp\/v2\/users\/2"}],"replies":[{"embeddable":true,"href":"https:\/\/pdi.ro\/2021\/wp-json\/wp\/v2\/comments?post=8649"}],"version-history":[{"count":5,"href":"https:\/\/pdi.ro\/2021\/wp-json\/wp\/v2\/pages\/8649\/revisions"}],"predecessor-version":[{"id":10553,"href":"https:\/\/pdi.ro\/2021\/wp-json\/wp\/v2\/pages\/8649\/revisions\/10553"}],"wp:attachment":[{"href":"https:\/\/pdi.ro\/2021\/wp-json\/wp\/v2\/media?parent=8649"}],"curies":[{"name":"wp","href":"https:\/\/api.w.org\/{rel}","templated":true}]}}