{"id":8712,"date":"2020-07-10T10:43:43","date_gmt":"2020-07-10T08:43:43","guid":{"rendered":"https:\/\/primaderma.ro\/?page_id=8712"},"modified":"2021-07-06T10:01:22","modified_gmt":"2021-07-06T08:01:22","slug":"prof-univ-dr-moraru-evelina","status":"publish","type":"page","link":"https:\/\/pdi.ro\/2021\/prof-univ-dr-moraru-evelina\/","title":{"rendered":"Prof. Univ. Dr. Moraru Evelina"},"content":{"rendered":"<p>[et_pb_section fb_built=&#8221;1&#8243; fullwidth=&#8221;on&#8221; disabled_on=&#8221;on|off|off&#8221; _builder_version=&#8221;3.22&#8243; custom_margin=&#8221;||&#8221; custom_padding=&#8221;15px||29px&#8221; top_divider_style=&#8221;waves2&#8243; top_divider_color=&#8221;#f0622a&#8221; top_divider_flip=&#8221;horizontal|vertical&#8221; bottom_divider_style=&#8221;waves2&#8243; bottom_divider_color=&#8221;#fcdedb&#8221; bottom_divider_height=&#8221;105px&#8221; bottom_divider_flip=&#8221;vertical&#8221; collapsed=&#8221;off&#8221; global_module=&#8221;9062&#8243;][et_pb_fullwidth_header title=&#8221;@ET-DC@eyJkeW5hbWljIjp0cnVlLCJjb250ZW50IjoicG9zdF90aXRsZSIsInNldHRpbmdzIjp7ImJlZm9yZSI6IiIsImFmdGVyIjoiIn19@&#8221; text_orientation=&#8221;right&#8221; header_image_url=&#8221;https:\/\/pdi.ro\/2021\/wp-content\/uploads\/2021\/05\/PDI2021_logo_header_int_600x300px.png&#8221; disabled_on=&#8221;on|on|off&#8221; _builder_version=&#8221;4.9.4&#8243; _dynamic_attributes=&#8221;title&#8221; title_font=&#8221;Kaushan Script||||||||&#8221; title_text_align=&#8221;right&#8221; title_text_color=&#8221;#f0622a&#8221; title_font_size=&#8221;50px&#8221; content_font=&#8221;|600||on|||||&#8221; content_text_align=&#8221;center&#8221; content_text_color=&#8221;#686766&#8243; content_font_size=&#8221;15px&#8221; subhead_font=&#8221;||||||||&#8221; background_color=&#8221;#ef916b&#8221; background_image=&#8221;https:\/\/pdi.ro\/2021\/wp-content\/uploads\/2021\/05\/PDI2021_header_1920x550px.jpg&#8221; background_blend=&#8221;luminosity&#8221; background_layout=&#8221;light&#8221; custom_margin=&#8221;0px||8px&#8221; custom_padding=&#8221;40px||40px||true&#8221; content_font_size_tablet=&#8221;&#8221; content_font_size_phone=&#8221;15px&#8221; content_font_size_last_edited=&#8221;on|desktop&#8221;][\/et_pb_fullwidth_header][\/et_pb_section][et_pb_section fb_built=&#8221;1&#8243; _builder_version=&#8221;3.22&#8243;][et_pb_row column_structure=&#8221;2_5,3_5&#8243; _builder_version=&#8221;3.25&#8243; locked=&#8221;off&#8221;][et_pb_column type=&#8221;2_5&#8243; _builder_version=&#8221;3.25&#8243; custom_padding=&#8221;|||&#8221; custom_padding__hover=&#8221;|||&#8221;][et_pb_image src=&#8221;https:\/\/pdi.ro\/2021\/wp-content\/uploads\/2020\/02\/MoraruEvelina_1.jpg&#8221; title_text=&#8221;MoraruEvelina_1&#8243; align=&#8221;center&#8221; align_tablet=&#8221;center&#8221; align_phone=&#8221;&#8221; align_last_edited=&#8221;on|desktop&#8221; _builder_version=&#8221;4.4.8&#8243; max_width=&#8221;32%&#8221; border_radii=&#8221;on|100px|100px|100px|100px&#8221;][\/et_pb_image][\/et_pb_column][et_pb_column type=&#8221;3_5&#8243; _builder_version=&#8221;3.25&#8243; custom_padding=&#8221;|||&#8221; custom_padding__hover=&#8221;|||&#8221;][et_pb_text _builder_version=&#8221;4.9.7&#8243; hover_enabled=&#8221;0&#8243; sticky_enabled=&#8221;0&#8243;]<\/p>\n<h5><span style=\"color: #ff6600;\"><strong><\/strong><\/span><\/h5>\n<h5><span style=\"color: #ff6600;\"><strong><\/strong><\/span><\/h5>\n<h5><span style=\"color: #ff6600;\"><strong><\/strong><\/span><\/h5>\n<h5><span style=\"color: #ff6600;\"><strong><\/strong><\/span><\/h5>\n<h5><span style=\"color: #ff6600;\"><strong><\/strong><\/span><\/h5>\n<h5><span style=\"color: #ff6600;\"><strong>Prof. Univ. Dr. Moraru Evelina<\/strong><\/span><br \/><span style=\"color: #ff6600;\"><strong>Universitatea de Medicin\u0103 \u0219i Farmacie &#8220;Grigore T. Popa &#8220;din Ia\u0219i<\/strong><\/span><\/h5>\n<p>[\/et_pb_text][\/et_pb_column][\/et_pb_row][et_pb_row _builder_version=&#8221;3.25&#8243; locked=&#8221;off&#8221;][et_pb_column type=&#8221;4_4&#8243; _builder_version=&#8221;3.25&#8243; custom_padding=&#8221;|||&#8221; custom_padding__hover=&#8221;|||&#8221;][et_pb_text _builder_version=&#8221;4.9.7&#8243; hover_enabled=&#8221;0&#8243; sticky_enabled=&#8221;0&#8243;]<\/p>\n<p><!--<\/p>\n\n\n\n\n<p style=\"text-align: justify;\"><span style=\"color: #ff6600;\">Aspecte lezionale identificate necroptic \u00een COVID-19. Experien\u0163a Spitalului Clinic Colentina<\/span>\n\n\n<span style=\"color: #ff6600;\"> Autori: Sabina Zurac, Luciana Nichita, Cristiana Popp, Mirela Cioplea, Alexandra Bastian, Lelia Iliescu, Ioana Simion<\/span><\/p>\n\n\n\n\n<p style=\"text-align: justify;\">Apari\u021bia unui nou patogen ridic\u0103 \u00eentotdeauna \u00eentreb\u0103ri asupra modalit\u0103\u021bilor prin care acesta determin\u0103 leziuni \u00een organismul uman, r\u0103spunsul evident fiind efectuarea de autopsii la persoanele care decedeaz\u0103 de aceast\u0103 boal\u0103. Necesitatea identific\u0103rii substratului morfopatologic al leziunilor \u00een COVID-19 este evident\u0103 dar trebuie evaluate cu aten\u021bie condi\u021biile \u00een care se efectueaz\u0103 autopsiile, fiind necesare s\u0103li de autopsie cu circuite func\u021bionale care s\u0103 asigure protec\u021bia personalului care efectueaz\u0103 autopsia \u0219i care s\u0103 previn r\u0103sp\u00e2ndirea accidental\u0103 a virusului. Av\u00e2nd \u00een vedere aceste considerente, precum \u0219i prevederile legale \u00een vigoare (evaluarea atent\u0103 a fiec\u0103rui caz de deces cu infec\u021bie SARS-Cov2 \u0219i posibilitatea de efectuare de autopsii \u00een scop \u0219tiin\u021bific pe baza unui proiect de cercetare aprobat de Comisia de Etic\u0103 a institu\u021biei), \u00een Spitalul Clinic Colentina am efectuat \u00een decurs de o lun\u0103 4 autopsii la deceda\u021bi cu COVID-19.\n\n\nAntecedentele personale patologice ale deceda\u021bilor identific\u0103 \u00eentre comorbidit\u0103\u021bi cel mai frecvent hipertensiunea arterial\u0103, fibrila\u021bia atrial\u0103 \u0219i diabetul zaharat de tip 2. Trei pacien\u021bi erau supraponderali f\u0103r\u0103 s\u0103 fie obezi. O pacient\u0103 asocia concomitent \u0219i infec\u021bie cu virus gripal B.\n\n\nTabloul lezional al deceda\u021bilor cu COVID 19 autopsia\u021bi a fost relativ similar, predomin\u00e2nd leziunile vasculare de ordin trombotic cu apari\u021bia fie a trombemboliei pulmonare \u00eentr-un caz, fie a infarctelor pulmonare (\u00een toate cazurile), splenice (2 cazuri) sau suprarenaliene (2 cazuri) \u0219i leziunile miocardice (miocardit\u0103 intersti\u021bial\u0103 \u00een toate cazurile \u0219i leziuni distrofice miocardice \u00een 2 cazuri). Trei deceda\u021bi au prezentat afectare alveolar\u0103 difuz\u0103 (substratul morfologic al sindromului de detres\u0103 respiratorie a adultului) grad I (un caz) \u0219i grad I-II (2 cazuri) iar \u00een dou\u0103 cazuri au fost identificate \u015fi mici focare diseminate, bilaterale, de bronhopneumonie. To\u021bi pacien\u021bii au prezentat miocardoscleroz\u0103 ca leziuni miocardice preexistente. Toate cazurile au prezentat steatoz\u0103 hepatic\u0103 (macro\/medio\/microvacuolar\u0103 2 cazuri, macrovacuolar\u0103 un caz, microvacuolar\u0103 un caz) \u0219i deple\u0163ie limfoid\u0103 limfoganglionar\u0103 \u015fi splenic\u0103. \u00cen dou\u0103 cazuri a fost identificat\u0103 necroz\u0103 tubular\u0103 renal\u0103 acut\u0103.\n\n\nCu exceptia cazului cu trombembolie pulmonar\u0103, tanatogeneza a inclus at\u00e2t afectarea pulmonar\u0103 (afectare alveolar\u0103 difuz\u0103, microinfarcte pulmonare) c\u00e2t \u0219i cea miocardic\u0103 (miocardita intersti\u021bial\u0103 eventual cu leziuni cardiomiocitare distrofice).\n\n\nRezultatele noastre sunt similare altor raport\u0103ri \u00een ceea ce prive\u0219te tipul de leziuni pulmonare, prezen\u021ba macro \u0219i microtrombozelor \u0219i a fenomenelor tromboembolice pulmonare, leziunile cardiace \u0219i renale \u0219i adaug\u0103 noi leziuni \u00een ceea ce prive\u0219te distrofiile miocardice, afectarea hepatic\u0103, splenic\u0103 \u0219i suprarenalian\u0103.<\/p>\n\n\n\n\n<p>--><\/p>\n<p style=\"text-align: justify;\"><span style=\"color: #ff6600;\">Angioedemul ereditar. Interesul multidisciplinar<\/span><\/p>\n<p style=\"text-align: justify;\"><span style=\"color: #ff6600;\">Autor: Evelina Moraru<\/span><\/p>\n<p style=\"text-align: justify;\"><span style=\"color: #ff6600;\">Scurt CV<\/span><\/p>\n<p style=\"text-align: justify;\">Evelina MORARU este Profesor Asociat de Pediatrie la Universitatea de Medicin\u0103 \u0219i Farmacie &#8220;Grigore T. Popa &#8220;din Ia\u0219i, Rom\u00e2nia \u0219i \u0218ef Clinica II Pediatrie \u2013 Spitalul Clinic de Urgen\u021b\u0103 pentru Copii \u201dSf. Maria\u201d din Ia\u0219i.<br \/>A absolvit Universitatea de Medicin\u0103 \u0219i Farmacie &#8220;Grigore T. Popa &#8220;din Ia\u0219i \u00een 1972, iar \u00een 1993 a ob\u0163inut titlul de Doctor \u00een Medicin\u0103 la Universitatea de Medicin\u0103 \u015fi Farmacie &#8220;Carol Davila&#8221; din Bucure\u015fti, sub \u00eendrumarea Prof. Dr. Valeriu Popescu.<br \/>Ca \u0219i specializ\u0103ri clinice, este medic primar pediatrie, alergologie \u0219i imunologie clinic\u0103 \u0219i specialist gastroenterologie, cu specializare \u00een hepatologie. Printre interesele sale ca \u0219i clinician se num\u0103r\u0103 implica\u021biile complexe ale sistemului imunitar al copilului \u00een patogeneza diferitelor boli: hepatite virale, boli metabolice, patologie respiratorie, imunologic\u0103, digestiv\u0103 \u0219i nutri\u021bional\u0103. Temele de cercetare includ modul\u0103rile imune \u00een aceste condi\u021bii, precum \u0219i particularit\u0103\u021bile evolutive ale anumitor patologii la copii (ciroz\u0103 hepatic\u0103, steatoz\u0103, obezitate, malnutri\u021bie, malabsorb\u021bie).<br \/>Prof. Dr. Evelina MORARU este membr\u0103 a Academiei Rom\u00e2ne de \u0218tiin\u021be Medicale. Ea este autor \u0219i coautor al mai multor c\u0103r\u021bi din domeniul pediatriei \u0219i hepatologiei \u0219i are peste 200 de lucr\u0103ri \u0219tiin\u021bifice publicate \u00een Rom\u00e2nia \u0219i \u00een reviste \u0219tiin\u021bifice interna\u021bionale. Este redactor-\u0219ef al Pediatru.ro, publica\u021bie bine cunoscut\u0103 \u00een Rom\u00e2nia, indexat\u0103 \u00een mai multe baze de date interna\u021bionale \u0219i care acoper\u0103 toate subspecialit\u0103\u021bile din domeniul pediatriei.<br \/>Ca o recunoa\u015ftere a activit\u0103\u0163ii sale \u015ftiin\u0163ifice \u015fi de cercetare a primit c\u00e2teva premii na\u0163ionale \u015fi interna\u0163ionale printre care \u015fi Premiul Asocia\u0163iei Rom\u00e2ne pentru Studiul Ficatului pentru Contribu\u0163ia la Dezvoltarea Literaturii \u015etiin\u0163ifice (2006). Este membr\u0103 a mai mult de 20 de societ\u0103\u021bi \u0219tiin\u021bifice at\u00e2t din \u021bar\u0103 c\u00e2t \u0219i din str\u0103in\u0103tate.<\/p>\n<p>[\/et_pb_text][\/et_pb_column][\/et_pb_row][\/et_pb_section][et_pb_section fb_built=&#8221;1&#8243; _builder_version=&#8221;3.22&#8243; background_color=&#8221;rgba(117,194,33,0.23)&#8221; background_image=&#8221;https:\/\/pdi.ro\/2021\/wp-content\/uploads\/2020\/02\/back_justflowers_overlay1.png&#8221; background_blend=&#8221;luminosity&#8221; custom_padding=&#8221;54px|0px|0|0px|false|false&#8221; top_divider_style=&#8221;waves2&#8243; top_divider_color=&#8221;#ffffff&#8221; top_divider_height=&#8221;155px&#8221; top_divider_height_tablet=&#8221;&#8221; top_divider_height_phone=&#8221;97px&#8221; top_divider_height_last_edited=&#8221;on|desktop&#8221; bottom_divider_style=&#8221;waves2&#8243; bottom_divider_color=&#8221;#75c221&#8243; bottom_divider_flip=&#8221;vertical&#8221; bottom_divider_height_tablet=&#8221;&#8221; bottom_divider_height_phone=&#8221;59px&#8221; bottom_divider_height_last_edited=&#8221;on|desktop&#8221;][et_pb_row column_structure=&#8221;3_5,2_5&#8243; _builder_version=&#8221;3.25&#8243; custom_padding=&#8221;61px|0px|69px|0px|false|false&#8221;][et_pb_column type=&#8221;3_5&#8243; _builder_version=&#8221;3.25&#8243; custom_padding=&#8221;|||&#8221; custom_padding__hover=&#8221;|||&#8221;][et_pb_text _builder_version=&#8221;4.9.4&#8243; text_font=&#8221;Kaushan Script||||||||&#8221; text_text_color=&#8221;#f0622a&#8221; text_font_size=&#8221;30px&#8221; text_line_height=&#8221;1.2em&#8221; header_font=&#8221;||||||||&#8221; background_layout=&#8221;dark&#8221; text_font_size_tablet=&#8221;&#8221; text_font_size_phone=&#8221;&#8221; text_font_size_last_edited=&#8221;on|desktop&#8221;]<\/p>\n<p>Contacteaz\u0103 operatorul PDI 2021<\/p>\n<p>[\/et_pb_text][et_pb_contact_form email=&#8221;contact@pdi.ro\/2021\/2019&#8243; submit_button_text=&#8221;Trimite mesajul&#8221; _builder_version=&#8221;3.19.4&#8243; title_font=&#8221;||||||||&#8221;][et_pb_contact_field field_id=&#8221;Name&#8221; field_title=&#8221;Nume&#8221; _builder_version=&#8221;3.18.9&#8243; button_text_size__hover_enabled=&#8221;off&#8221; button_one_text_size__hover_enabled=&#8221;off&#8221; button_two_text_size__hover_enabled=&#8221;off&#8221; button_text_color__hover_enabled=&#8221;off&#8221; button_one_text_color__hover_enabled=&#8221;off&#8221; button_two_text_color__hover_enabled=&#8221;off&#8221; button_border_width__hover_enabled=&#8221;off&#8221; button_one_border_width__hover_enabled=&#8221;off&#8221; button_two_border_width__hover_enabled=&#8221;off&#8221; button_border_color__hover_enabled=&#8221;off&#8221; button_one_border_color__hover_enabled=&#8221;off&#8221; button_two_border_color__hover_enabled=&#8221;off&#8221; button_border_radius__hover_enabled=&#8221;off&#8221; button_one_border_radius__hover_enabled=&#8221;off&#8221; button_two_border_radius__hover_enabled=&#8221;off&#8221; button_letter_spacing__hover_enabled=&#8221;off&#8221; button_one_letter_spacing__hover_enabled=&#8221;off&#8221; button_two_letter_spacing__hover_enabled=&#8221;off&#8221; button_bg_color__hover_enabled=&#8221;off&#8221; button_one_bg_color__hover_enabled=&#8221;off&#8221; button_two_bg_color__hover_enabled=&#8221;off&#8221;][\/et_pb_contact_field][et_pb_contact_field field_id=&#8221;Email&#8221; field_title=&#8221;Adresa de e-mail&#8221; field_type=&#8221;email&#8221; _builder_version=&#8221;3.19.4&#8243; button_text_size__hover_enabled=&#8221;off&#8221; button_one_text_size__hover_enabled=&#8221;off&#8221; button_two_text_size__hover_enabled=&#8221;off&#8221; button_text_color__hover_enabled=&#8221;off&#8221; button_one_text_color__hover_enabled=&#8221;off&#8221; button_two_text_color__hover_enabled=&#8221;off&#8221; button_border_width__hover_enabled=&#8221;off&#8221; button_one_border_width__hover_enabled=&#8221;off&#8221; button_two_border_width__hover_enabled=&#8221;off&#8221; button_border_color__hover_enabled=&#8221;off&#8221; button_one_border_color__hover_enabled=&#8221;off&#8221; button_two_border_color__hover_enabled=&#8221;off&#8221; button_border_radius__hover_enabled=&#8221;off&#8221; button_one_border_radius__hover_enabled=&#8221;off&#8221; button_two_border_radius__hover_enabled=&#8221;off&#8221; button_letter_spacing__hover_enabled=&#8221;off&#8221; button_one_letter_spacing__hover_enabled=&#8221;off&#8221; button_two_letter_spacing__hover_enabled=&#8221;off&#8221; button_bg_color__hover_enabled=&#8221;off&#8221; button_one_bg_color__hover_enabled=&#8221;off&#8221; button_two_bg_color__hover_enabled=&#8221;off&#8221;][\/et_pb_contact_field][et_pb_contact_field field_id=&#8221;Message&#8221; field_title=&#8221;Mesajul dvs.&#8221; field_type=&#8221;text&#8221; fullwidth_field=&#8221;on&#8221; _builder_version=&#8221;3.18.9&#8243; button_text_size__hover_enabled=&#8221;off&#8221; button_one_text_size__hover_enabled=&#8221;off&#8221; button_two_text_size__hover_enabled=&#8221;off&#8221; button_text_color__hover_enabled=&#8221;off&#8221; button_one_text_color__hover_enabled=&#8221;off&#8221; button_two_text_color__hover_enabled=&#8221;off&#8221; button_border_width__hover_enabled=&#8221;off&#8221; button_one_border_width__hover_enabled=&#8221;off&#8221; button_two_border_width__hover_enabled=&#8221;off&#8221; button_border_color__hover_enabled=&#8221;off&#8221; button_one_border_color__hover_enabled=&#8221;off&#8221; button_two_border_color__hover_enabled=&#8221;off&#8221; button_border_radius__hover_enabled=&#8221;off&#8221; button_one_border_radius__hover_enabled=&#8221;off&#8221; button_two_border_radius__hover_enabled=&#8221;off&#8221; button_letter_spacing__hover_enabled=&#8221;off&#8221; button_one_letter_spacing__hover_enabled=&#8221;off&#8221; button_two_letter_spacing__hover_enabled=&#8221;off&#8221; button_bg_color__hover_enabled=&#8221;off&#8221; button_one_bg_color__hover_enabled=&#8221;off&#8221; button_two_bg_color__hover_enabled=&#8221;off&#8221;][\/et_pb_contact_field][\/et_pb_contact_form][\/et_pb_column][et_pb_column type=&#8221;2_5&#8243; _builder_version=&#8221;3.25&#8243; custom_padding=&#8221;|||&#8221; custom_padding__hover=&#8221;|||&#8221;][et_pb_text _builder_version=&#8221;4.9.4&#8243; text_font=&#8221;Kaushan Script||||||||&#8221; text_text_color=&#8221;#f0622a&#8221; text_font_size=&#8221;30px&#8221; header_font=&#8221;||||||||&#8221; background_layout=&#8221;dark&#8221;]<\/p>\n<p>Operatorul PDI 2021<\/p>\n<p>[\/et_pb_text][et_pb_text _builder_version=&#8221;4.0.11&#8243; text_font=&#8221;||||||||&#8221;]<\/p>\n<p><span><img loading=\"lazy\" decoding=\"async\" src=\"https:\/\/pdi.ro\/2021\/wp-content\/uploads\/2020\/02\/eventer_logo_150px.png\" width=\"151\" height=\"33\" alt=\"\" class=\"wp-image-774 alignleft size-full\" \/><\/span><\/p>\n<p><span><\/span><\/p>\n<p><span><\/span><\/p>\n<p><span>Adresa: Str. A. Panu nr. 13, Iasi<\/span><br \/> <span>Tel.: 0332.40.88.00-05<\/span><br \/> <span>E-mail: <a href=\"mailto:inscrieri@primaderma.ro\" target=\"_blank\" rel=\"noopener noreferrer\">inscrieri@primaderma.ro<\/a><br \/> <\/span><span>Website:\u00a0<\/span><a href=\"http:\/\/www.eventernet.ro\/\" target=\"Blank\" rel=\"noopener noreferrer\">www.eventernet.ro<\/a><\/p>\n<p>[\/et_pb_text][et_pb_text disabled_on=&#8221;off|off|off&#8221; _builder_version=&#8221;4.0.11&#8243; text_font=&#8221;Kaushan Script||||||||&#8221; text_text_color=&#8221;#f0622a&#8221; text_font_size=&#8221;30px&#8221; header_font=&#8221;||||||||&#8221; background_layout=&#8221;dark&#8221; locked=&#8221;off&#8221;]<\/p>\n<p>Parteneri Media<\/p>\n<p>[\/et_pb_text][et_pb_gallery gallery_ids=&#8221;7203,7204,7232,7231&#8243; fullwidth=&#8221;on&#8221; _builder_version=&#8221;4.0.11&#8243; transform_scale=&#8221;86%|86%&#8221; max_width=&#8221;63%&#8221; auto=&#8221;on&#8221; auto_speed=&#8221;3500&#8243; hover_transition_duration=&#8221;100ms&#8221; hover_transition_delay=&#8221;50ms&#8221; hover_transition_speed_curve=&#8221;ease-in-out&#8221; locked=&#8221;off&#8221;][\/et_pb_gallery][\/et_pb_column][\/et_pb_row][\/et_pb_section]<\/p>\n","protected":false},"excerpt":{"rendered":"<p>Prof. Univ. Dr. Moraru EvelinaUniversitatea de Medicin\u0103 \u0219i Farmacie &#8220;Grigore T. Popa &#8220;din Ia\u0219i Angioedemul ereditar. Interesul multidisciplinar Autor: Evelina Moraru Scurt CV Evelina MORARU este Profesor Asociat de Pediatrie la Universitatea de Medicin\u0103 \u0219i Farmacie &#8220;Grigore T. Popa &#8220;din Ia\u0219i, Rom\u00e2nia \u0219i \u0218ef Clinica II Pediatrie \u2013 Spitalul Clinic de Urgen\u021b\u0103 pentru Copii \u201dSf. [&hellip;]<\/p>\n","protected":false},"author":2,"featured_media":0,"parent":0,"menu_order":0,"comment_status":"closed","ping_status":"closed","template":"","meta":{"_et_pb_use_builder":"on","_et_pb_old_content":"","_et_gb_content_width":"","footnotes":""},"class_list":["post-8712","page","type-page","status-publish","hentry"],"_links":{"self":[{"href":"https:\/\/pdi.ro\/2021\/wp-json\/wp\/v2\/pages\/8712","targetHints":{"allow":["GET"]}}],"collection":[{"href":"https:\/\/pdi.ro\/2021\/wp-json\/wp\/v2\/pages"}],"about":[{"href":"https:\/\/pdi.ro\/2021\/wp-json\/wp\/v2\/types\/page"}],"author":[{"embeddable":true,"href":"https:\/\/pdi.ro\/2021\/wp-json\/wp\/v2\/users\/2"}],"replies":[{"embeddable":true,"href":"https:\/\/pdi.ro\/2021\/wp-json\/wp\/v2\/comments?post=8712"}],"version-history":[{"count":4,"href":"https:\/\/pdi.ro\/2021\/wp-json\/wp\/v2\/pages\/8712\/revisions"}],"predecessor-version":[{"id":9900,"href":"https:\/\/pdi.ro\/2021\/wp-json\/wp\/v2\/pages\/8712\/revisions\/9900"}],"wp:attachment":[{"href":"https:\/\/pdi.ro\/2021\/wp-json\/wp\/v2\/media?parent=8712"}],"curies":[{"name":"wp","href":"https:\/\/api.w.org\/{rel}","templated":true}]}}