{"id":9504,"date":"2021-06-25T13:32:08","date_gmt":"2021-06-25T11:32:08","guid":{"rendered":"https:\/\/primaderma.ro\/?page_id=9504"},"modified":"2021-06-25T17:17:54","modified_gmt":"2021-06-25T15:17:54","slug":"dr-moraglia-luc","status":"publish","type":"page","link":"https:\/\/pdi.ro\/2021\/dr-moraglia-luc\/","title":{"rendered":"Dr. Moraglia Luc"},"content":{"rendered":"<p>[et_pb_section fb_built=&#8221;1&#8243; fullwidth=&#8221;on&#8221; disabled_on=&#8221;on|off|off&#8221; _builder_version=&#8221;3.22&#8243; custom_margin=&#8221;||&#8221; custom_padding=&#8221;15px||29px&#8221; top_divider_style=&#8221;waves2&#8243; top_divider_color=&#8221;#f0622a&#8221; top_divider_flip=&#8221;horizontal|vertical&#8221; bottom_divider_style=&#8221;waves2&#8243; bottom_divider_color=&#8221;#fcdedb&#8221; bottom_divider_height=&#8221;105px&#8221; bottom_divider_flip=&#8221;vertical&#8221; global_module=&#8221;9062&#8243; collapsed=&#8221;off&#8221;][et_pb_fullwidth_header title=&#8221;@ET-DC@eyJkeW5hbWljIjp0cnVlLCJjb250ZW50IjoicG9zdF90aXRsZSIsInNldHRpbmdzIjp7ImJlZm9yZSI6IiIsImFmdGVyIjoiIn19@&#8221; text_orientation=&#8221;right&#8221; header_image_url=&#8221;https:\/\/pdi.ro\/2021\/wp-content\/uploads\/2021\/05\/PDI2021_logo_header_int_600x300px.png&#8221; disabled_on=&#8221;on|on|off&#8221; _builder_version=&#8221;4.9.4&#8243; _dynamic_attributes=&#8221;title&#8221; title_font=&#8221;Kaushan Script||||||||&#8221; title_text_align=&#8221;right&#8221; title_text_color=&#8221;#f0622a&#8221; title_font_size=&#8221;50px&#8221; content_font=&#8221;|600||on|||||&#8221; content_text_align=&#8221;center&#8221; content_text_color=&#8221;#686766&#8243; content_font_size=&#8221;15px&#8221; subhead_font=&#8221;||||||||&#8221; background_color=&#8221;#ef916b&#8221; background_image=&#8221;https:\/\/pdi.ro\/2021\/wp-content\/uploads\/2021\/05\/PDI2021_header_1920x550px.jpg&#8221; background_blend=&#8221;luminosity&#8221; background_layout=&#8221;light&#8221; custom_margin=&#8221;0px||8px&#8221; custom_padding=&#8221;40px||40px||true&#8221; content_font_size_tablet=&#8221;&#8221; content_font_size_phone=&#8221;15px&#8221; content_font_size_last_edited=&#8221;on|desktop&#8221;][\/et_pb_fullwidth_header][\/et_pb_section][et_pb_section fb_built=&#8221;1&#8243; _builder_version=&#8221;4.4.8&#8243;][et_pb_row column_structure=&#8221;2_5,3_5&#8243; _builder_version=&#8221;3.25&#8243; locked=&#8221;off&#8221;][et_pb_column type=&#8221;2_5&#8243; _builder_version=&#8221;3.25&#8243; custom_padding=&#8221;|||&#8221; custom_padding__hover=&#8221;|||&#8221;][et_pb_image src=&#8221;https:\/\/pdi.ro\/2021\/wp-content\/uploads\/2021\/06\/Portrait-Luc-Moraglia-2020_1.jpg&#8221; title_text=&#8221;Portrait Luc Moraglia 2020_1&#8243; align=&#8221;center&#8221; align_tablet=&#8221;center&#8221; align_phone=&#8221;&#8221; align_last_edited=&#8221;on|desktop&#8221; _builder_version=&#8221;4.9.6&#8243; max_width=&#8221;25%&#8221; border_radii=&#8221;on|100px|100px|100px|100px&#8221;][\/et_pb_image][\/et_pb_column][et_pb_column type=&#8221;3_5&#8243; _builder_version=&#8221;3.25&#8243; custom_padding=&#8221;|||&#8221; custom_padding__hover=&#8221;|||&#8221;][et_pb_text _builder_version=&#8221;4.9.6&#8243;]<\/p>\n<h4><span style=\"color: #ff6600;\"><strong><\/strong><\/span><\/h4>\n<h4><span style=\"color: #ff6600;\"><strong><\/strong><\/span><\/h4>\n<h4><span style=\"color: #ff6600;\"><strong><\/strong><\/span><\/h4>\n<h4><span style=\"color: #ff6600;\"><strong>Dr. Moraglia Luc<\/strong><\/span><br \/><span style=\"color: #ff6600;\"><strong>University Hospital of Bordeaux, Fran\u021ba<\/strong><\/span><\/h4>\n<p>[\/et_pb_text][\/et_pb_column][\/et_pb_row][et_pb_row _builder_version=&#8221;3.25&#8243; locked=&#8221;off&#8221;][et_pb_column type=&#8221;4_4&#8243; _builder_version=&#8221;3.25&#8243; custom_padding=&#8221;|||&#8221; custom_padding__hover=&#8221;|||&#8221;][et_pb_text _builder_version=&#8221;4.9.6&#8243; hover_enabled=&#8221;0&#8243; sticky_enabled=&#8221;0&#8243;]<\/p>\n<p><span style=\"color: #ff6600;\">French \u201cChoosing Wisely\u201d Occlusive treatment of saphenous veins and recurrences<\/span><br \/><span style=\"color: #ff6600;\"> Autor: Luc Moraglia<\/span><\/p>\n<p style=\"text-align: justify;\"><span style=\"color: #000000;\">Between 2013 and 2016 the HAS (French Health Authority) validated successively the ablation of the great saphenous vein (GSV) by radio frequency (RFA), the possibility of using some sclerosing agent in the form of foam, and the ablation of the GSV and SSV by endovenous Laser (EVLA).<\/span><br \/><span style=\"color: #000000;\">But in the end it declares itself unable to rank these techniques.<\/span><br \/><span style=\"color: #000000;\">Between 2014 and 2019 the French National Health Insurance Fund (CNAM) validated the reimbursement of thermal ablation (TA) and also of 3 new procedures for Ultrasound Guided Foam Sclerotherapy (USGFS) of GSV, SSV, and complex recurrent varicose veins.<\/span><br \/><span style=\"color: #000000;\">But, the CNAM fears a slippage in health expenses and has asked the National Professional Council of Vascular Medicine for guidelines. The French Society of Phlebology (SFP) and the French Society of Vascular Medicine (SFMV) are requested to do the job. In the meantime the Ministry of Health has insisted on the relevance of care, so the concept of \u201cChoosing Wisely\u201d (CW) seemed more in line with this policy.<\/span><br \/><span style=\"color: #000000;\">The CWs provide both the physician and the patient with key elements to make an appropriate decision that is accepted by the patient.<\/span><br \/><span style=\"color: #000000;\">So 2 writers C. Hamel-Desnos and G. Miserey and 29 reviewers (all Vascular Doctors) have been designated to develop these CWs for chemical or thermal occlusion treatments under the aegis of the National (French) Professional Council of Vascular Medicine (CNPMV), among these 10 CWs that we will present here, most are obvious and some are typically adapted to the French context.<\/span><br \/><span style=\"color: #000000;\">Conclusion: These 10 \u201crelevant choices\u201d represent a consensus of French experts, based on international literature and were developed under the aegis of the National (French) Professional Council of Vascular Medicine; they have been accepted by the CNAM and have been under evaluation in our daily practice for a few months. These are not recommendations but the SFP, the SFMV and the SNMV (Union) are doing their utmost to get the message across to French vascular medicine specialists.<\/span><\/p>\n<p>&nbsp;<\/p>\n<p style=\"text-align: justify;\"><span style=\"color: #ff6600;\">French technique<\/span><br \/><span style=\"color: #ff6600;\">Autor: Luc Moraglia<\/span><\/p>\n<p style=\"text-align: justify;\"><span style=\"color: #000000;\">Objective: To describe the guidelines of the French technique of chemical ablation of the great saphenous vein (GSV).<\/span><br \/><span style=\"color: #000000;\">Method: A brief history will identify the reality of the concept of French method, and then will be reminded of the technique, the results through some French studies and the side effects that are actually not specific. We conclude with limitations and medium-term prospects.<\/span><br \/><span style=\"color: #000000;\">Results: Whether in the development of sclerotherapy, in particular by contribution from school Raymond Tournay, for the introduction of ultrasound guidance, the use of sclerosing foam, making the extemporaneous foam , the validation of the effectiveness of ultrasound guided foam sclerotherapy by randomized controlled trials and evaluation and understanding of complications in studies dedicated, French phlebologists played a essential role which led to the concept of French method which got through the recent European guidelines ( recommendation 19) the status of recommended method (grade 1C) in the chemical ablation of the GSV.<\/span><br \/><span style=\"color: #000000;\">Discussion: Limits, besides the contraindications, are mainly located at the caliber of the vein to be treated. In France this limit will remain blurred as we will only have one foaming sclerosing agent and the thermal ablation techniques will still not be refunded. It is not unreasonable in this situation to put this limit high enough, around 8 to 10 mm. Refund of the thermal ablation should reduce this limit below 6 mm, pending the emergence and validation of new techniques.<\/span><br \/><span style=\"color: #000000;\">Conclusion : The concept of French technique of chemical ablation of the GSV (such as the small saphenous vein elsewhere), result of the works of the French school of Phlebology within the SFP is a fact reinforced by the European recommendations, and certainly still have nice future ahead of it.<\/span><\/p>\n<p style=\"text-align: justify;\"><span style=\"color: #ff6600;\">Scurt CV<\/span><\/p>\n<p style=\"text-align: justify;\"><span style=\"color: #000000;\"><em>Education and qualifications:<\/em><br \/>Doctorate in medicine: 1982 &#8211; Lyon France<br \/>Qualified in vascular medicine 02\/2020<br \/><em>Current Job position:<\/em><br \/>&#8211; Private Practice of Angiology, Phlebology and Vascular Laboratory since: 1984;<br \/>&#8211; Former attached practitioner of the internal and vascular medicine department of University Hospital of Bordeaux.<br \/><\/span><\/p>\n<p style=\"text-align: justify;\"><span style=\"color: #000000;\">Other:<br \/><em>Membership in professional associations:<\/em><br \/>Member of the board of directors of Conseil National Professionnel de M\u00e9decine Vasculaire;<br \/>Vice President of Soci\u00e9t\u00e9 Fran\u00e7aise de Phl\u00e9bologie;<br \/>Member of the board of directors of Coll\u00e8ge Fran\u00e7ais de Pathologie Vasculaire;<br \/>Member of Coll\u00e8ge des Enseignants en M\u00e9decine Vasculaire;<br \/>Member of VAS Advisory Board.<\/span><\/p>\n<p style=\"text-align: justify;\"><span style=\"color: #000000;\"><em>Main publications:<\/em> since 2014<\/span><br \/><span style=\"color: #000000;\">Exploration ultrasonore de l\u2019insuffisance veineuse superficielle (JF Auvert, L Moraglia) in Les explorations vasculaires Elsevier Masson 2014<\/span>;<br \/><span style=\"color: #000000;\">Chemical ablation of the great saphenous vein: French spirit. L Moraglia Phlebologie 2014, 67, 1, p31-25;<\/span><br \/><span style=\"color: #000000;\">Scl\u00e9roth\u00e9rapie (C. Hamel-Desnos, L. Moraglia, A.- A. Ramelet), in La maladie veineuse chronique Elsevier Masson 2015;<\/span><br \/><span style=\"color: #000000;\">Duplex ultrasound assessment in PREsence of Varicose veins After operatIve Treatment (PREVAIT) Phlebologie 2019, 72, 2, 78-91;<\/span><br \/><span style=\"color: #000000;\">Epidemiology of Chronic Venous Disease of Lower Limbs in VAS European Book on Vascular Medicine\/Angiology 2018;<\/span><\/p>\n<p>[\/et_pb_text][\/et_pb_column][\/et_pb_row][\/et_pb_section][et_pb_section fb_built=&#8221;1&#8243; _builder_version=&#8221;4.9.6&#8243; background_color=&#8221;rgba(117,194,33,0.23)&#8221; background_image=&#8221;https:\/\/pdi.ro\/2021\/wp-content\/uploads\/2021\/05\/PDI2021_header_1920x550px.jpg&#8221; background_blend=&#8221;multiply&#8221; custom_padding=&#8221;54px|0px|0|0px|false|false&#8221; top_divider_style=&#8221;waves2&#8243; top_divider_color=&#8221;#ffffff&#8221; top_divider_height=&#8221;155px&#8221; top_divider_height_tablet=&#8221;&#8221; top_divider_height_phone=&#8221;97px&#8221; top_divider_height_last_edited=&#8221;on|desktop&#8221; bottom_divider_style=&#8221;waves2&#8243; bottom_divider_color=&#8221;#75c221&#8243; bottom_divider_flip=&#8221;vertical&#8221; bottom_divider_height_tablet=&#8221;&#8221; bottom_divider_height_phone=&#8221;59px&#8221; bottom_divider_height_last_edited=&#8221;on|desktop&#8221; global_module=&#8221;9177&#8243; saved_tabs=&#8221;all&#8221;][et_pb_row column_structure=&#8221;3_5,2_5&#8243; _builder_version=&#8221;3.25&#8243; custom_padding=&#8221;61px|0px|69px|0px|false|false&#8221;][et_pb_column type=&#8221;3_5&#8243; _builder_version=&#8221;3.25&#8243; custom_padding=&#8221;|||&#8221; custom_padding__hover=&#8221;|||&#8221;][et_pb_text _builder_version=&#8221;4.9.4&#8243; text_font=&#8221;Kaushan Script||||||||&#8221; text_text_color=&#8221;#f0622a&#8221; text_font_size=&#8221;30px&#8221; text_line_height=&#8221;1.2em&#8221; header_font=&#8221;||||||||&#8221; background_layout=&#8221;dark&#8221; text_font_size_tablet=&#8221;&#8221; text_font_size_phone=&#8221;&#8221; text_font_size_last_edited=&#8221;on|desktop&#8221;]<\/p>\n<p>Contacteaz\u0103 operatorul PDI 2021<\/p>\n<p>[\/et_pb_text][et_pb_contact_form email=&#8221;contact@pdi.ro\/2021\/2019&#8243; submit_button_text=&#8221;Trimite mesajul&#8221; _builder_version=&#8221;4.9.4&#8243; title_font=&#8221;||||||||&#8221; custom_button=&#8221;on&#8221; button_text_color=&#8221;#F0622A&#8221;][et_pb_contact_field field_id=&#8221;Name&#8221; field_title=&#8221;Nume&#8221; _builder_version=&#8221;3.18.9&#8243; button_text_size__hover_enabled=&#8221;off&#8221; button_one_text_size__hover_enabled=&#8221;off&#8221; button_two_text_size__hover_enabled=&#8221;off&#8221; button_text_color__hover_enabled=&#8221;off&#8221; button_one_text_color__hover_enabled=&#8221;off&#8221; button_two_text_color__hover_enabled=&#8221;off&#8221; button_border_width__hover_enabled=&#8221;off&#8221; button_one_border_width__hover_enabled=&#8221;off&#8221; button_two_border_width__hover_enabled=&#8221;off&#8221; button_border_color__hover_enabled=&#8221;off&#8221; button_one_border_color__hover_enabled=&#8221;off&#8221; button_two_border_color__hover_enabled=&#8221;off&#8221; button_border_radius__hover_enabled=&#8221;off&#8221; button_one_border_radius__hover_enabled=&#8221;off&#8221; button_two_border_radius__hover_enabled=&#8221;off&#8221; button_letter_spacing__hover_enabled=&#8221;off&#8221; button_one_letter_spacing__hover_enabled=&#8221;off&#8221; button_two_letter_spacing__hover_enabled=&#8221;off&#8221; button_bg_color__hover_enabled=&#8221;off&#8221; button_one_bg_color__hover_enabled=&#8221;off&#8221; button_two_bg_color__hover_enabled=&#8221;off&#8221;][\/et_pb_contact_field][et_pb_contact_field field_id=&#8221;Email&#8221; field_title=&#8221;Adresa de e-mail&#8221; field_type=&#8221;email&#8221; _builder_version=&#8221;3.19.4&#8243; button_text_size__hover_enabled=&#8221;off&#8221; button_one_text_size__hover_enabled=&#8221;off&#8221; button_two_text_size__hover_enabled=&#8221;off&#8221; button_text_color__hover_enabled=&#8221;off&#8221; button_one_text_color__hover_enabled=&#8221;off&#8221; button_two_text_color__hover_enabled=&#8221;off&#8221; button_border_width__hover_enabled=&#8221;off&#8221; button_one_border_width__hover_enabled=&#8221;off&#8221; button_two_border_width__hover_enabled=&#8221;off&#8221; button_border_color__hover_enabled=&#8221;off&#8221; button_one_border_color__hover_enabled=&#8221;off&#8221; button_two_border_color__hover_enabled=&#8221;off&#8221; button_border_radius__hover_enabled=&#8221;off&#8221; button_one_border_radius__hover_enabled=&#8221;off&#8221; button_two_border_radius__hover_enabled=&#8221;off&#8221; button_letter_spacing__hover_enabled=&#8221;off&#8221; button_one_letter_spacing__hover_enabled=&#8221;off&#8221; button_two_letter_spacing__hover_enabled=&#8221;off&#8221; button_bg_color__hover_enabled=&#8221;off&#8221; button_one_bg_color__hover_enabled=&#8221;off&#8221; button_two_bg_color__hover_enabled=&#8221;off&#8221;][\/et_pb_contact_field][et_pb_contact_field field_id=&#8221;Message&#8221; field_title=&#8221;Mesajul dvs.&#8221; field_type=&#8221;text&#8221; fullwidth_field=&#8221;on&#8221; _builder_version=&#8221;3.18.9&#8243; button_text_size__hover_enabled=&#8221;off&#8221; button_one_text_size__hover_enabled=&#8221;off&#8221; button_two_text_size__hover_enabled=&#8221;off&#8221; button_text_color__hover_enabled=&#8221;off&#8221; button_one_text_color__hover_enabled=&#8221;off&#8221; button_two_text_color__hover_enabled=&#8221;off&#8221; button_border_width__hover_enabled=&#8221;off&#8221; button_one_border_width__hover_enabled=&#8221;off&#8221; button_two_border_width__hover_enabled=&#8221;off&#8221; button_border_color__hover_enabled=&#8221;off&#8221; button_one_border_color__hover_enabled=&#8221;off&#8221; button_two_border_color__hover_enabled=&#8221;off&#8221; button_border_radius__hover_enabled=&#8221;off&#8221; button_one_border_radius__hover_enabled=&#8221;off&#8221; button_two_border_radius__hover_enabled=&#8221;off&#8221; button_letter_spacing__hover_enabled=&#8221;off&#8221; button_one_letter_spacing__hover_enabled=&#8221;off&#8221; button_two_letter_spacing__hover_enabled=&#8221;off&#8221; button_bg_color__hover_enabled=&#8221;off&#8221; button_one_bg_color__hover_enabled=&#8221;off&#8221; button_two_bg_color__hover_enabled=&#8221;off&#8221;][\/et_pb_contact_field][\/et_pb_contact_form][\/et_pb_column][et_pb_column type=&#8221;2_5&#8243; _builder_version=&#8221;3.25&#8243; custom_padding=&#8221;|||&#8221; custom_padding__hover=&#8221;|||&#8221;][et_pb_text _builder_version=&#8221;4.9.4&#8243; text_font=&#8221;Kaushan Script||||||||&#8221; text_text_color=&#8221;#f0622a&#8221; text_font_size=&#8221;30px&#8221; header_font=&#8221;||||||||&#8221; background_layout=&#8221;dark&#8221;]<\/p>\n<p>Operatorul PDI 2021<\/p>\n<p>[\/et_pb_text][et_pb_text _builder_version=&#8221;4.0.11&#8243; text_font=&#8221;||||||||&#8221;]<\/p>\n<p><span><img loading=\"lazy\" decoding=\"async\" src=\"https:\/\/pdi.ro\/2021\/wp-content\/uploads\/2020\/02\/eventer_logo_150px.png\" width=\"151\" height=\"33\" alt=\"\" class=\"wp-image-774 alignleft size-full\" \/><\/span><\/p>\n<p><span><\/span><\/p>\n<p><span><\/span><\/p>\n<p><span>Adresa: Str. A. Panu nr. 13, Iasi<\/span><br \/> <span>Tel.: 0332.40.88.00-05<\/span><br \/> <span>E-mail: <a href=\"mailto:inscrieri@primaderma.ro\" target=\"_blank\" rel=\"noopener noreferrer\">inscrieri@primaderma.ro<\/a><br \/> <\/span><span>Website:\u00a0<\/span><a href=\"http:\/\/www.eventernet.ro\/\" target=\"Blank\" rel=\"noopener noreferrer\">www.eventernet.ro<\/a><\/p>\n<p>[\/et_pb_text][et_pb_text disabled_on=&#8221;off|off|off&#8221; _builder_version=&#8221;4.0.11&#8243; text_font=&#8221;Kaushan Script||||||||&#8221; text_text_color=&#8221;#f0622a&#8221; text_font_size=&#8221;30px&#8221; header_font=&#8221;||||||||&#8221; background_layout=&#8221;dark&#8221; locked=&#8221;off&#8221;]<\/p>\n<p>Parteneri Media<\/p>\n<p>[\/et_pb_text][et_pb_gallery gallery_ids=&#8221;7203,7204,9252,9464&#8243; fullwidth=&#8221;on&#8221; _builder_version=&#8221;4.9.6&#8243; transform_scale=&#8221;86%|86%&#8221; max_width=&#8221;63%&#8221; auto=&#8221;on&#8221; auto_speed=&#8221;3500&#8243; hover_transition_duration=&#8221;100ms&#8221; hover_transition_delay=&#8221;50ms&#8221; hover_transition_speed_curve=&#8221;ease-in-out&#8221; locked=&#8221;off&#8221;][\/et_pb_gallery][\/et_pb_column][\/et_pb_row][\/et_pb_section]<\/p>\n","protected":false},"excerpt":{"rendered":"<p>Dr. Moraglia LucUniversity Hospital of Bordeaux, Fran\u021baFrench \u201cChoosing Wisely\u201d Occlusive treatment of saphenous veins and recurrences Autor: Luc Moraglia Between 2013 and 2016 the HAS (French Health Authority) validated successively the ablation of the great saphenous vein (GSV) by radio frequency (RFA), the possibility of using some sclerosing agent in the form of foam, and [&hellip;]<\/p>\n","protected":false},"author":2,"featured_media":0,"parent":0,"menu_order":0,"comment_status":"closed","ping_status":"closed","template":"","meta":{"_et_pb_use_builder":"on","_et_pb_old_content":"","_et_gb_content_width":"","footnotes":""},"class_list":["post-9504","page","type-page","status-publish","hentry"],"_links":{"self":[{"href":"https:\/\/pdi.ro\/2021\/wp-json\/wp\/v2\/pages\/9504","targetHints":{"allow":["GET"]}}],"collection":[{"href":"https:\/\/pdi.ro\/2021\/wp-json\/wp\/v2\/pages"}],"about":[{"href":"https:\/\/pdi.ro\/2021\/wp-json\/wp\/v2\/types\/page"}],"author":[{"embeddable":true,"href":"https:\/\/pdi.ro\/2021\/wp-json\/wp\/v2\/users\/2"}],"replies":[{"embeddable":true,"href":"https:\/\/pdi.ro\/2021\/wp-json\/wp\/v2\/comments?post=9504"}],"version-history":[{"count":4,"href":"https:\/\/pdi.ro\/2021\/wp-json\/wp\/v2\/pages\/9504\/revisions"}],"predecessor-version":[{"id":9581,"href":"https:\/\/pdi.ro\/2021\/wp-json\/wp\/v2\/pages\/9504\/revisions\/9581"}],"wp:attachment":[{"href":"https:\/\/pdi.ro\/2021\/wp-json\/wp\/v2\/media?parent=9504"}],"curies":[{"name":"wp","href":"https:\/\/api.w.org\/{rel}","templated":true}]}}