{"id":9596,"date":"2021-06-29T14:56:15","date_gmt":"2021-06-29T12:56:15","guid":{"rendered":"https:\/\/primaderma.ro\/?page_id=9596"},"modified":"2021-06-29T14:56:15","modified_gmt":"2021-06-29T12:56:15","slug":"prof-dr-calina-daniela","status":"publish","type":"page","link":"https:\/\/pdi.ro\/2021\/prof-dr-calina-daniela\/","title":{"rendered":"Prof. Dr. C\u0103lina Daniela"},"content":{"rendered":"<p>[et_pb_section fb_built=&#8221;1&#8243; fullwidth=&#8221;on&#8221; disabled_on=&#8221;on|off|off&#8221; _builder_version=&#8221;3.22&#8243; custom_margin=&#8221;||&#8221; custom_padding=&#8221;15px||29px&#8221; top_divider_style=&#8221;waves2&#8243; top_divider_color=&#8221;#f0622a&#8221; top_divider_flip=&#8221;horizontal|vertical&#8221; bottom_divider_style=&#8221;waves2&#8243; bottom_divider_color=&#8221;#fcdedb&#8221; bottom_divider_height=&#8221;105px&#8221; bottom_divider_flip=&#8221;vertical&#8221; global_module=&#8221;9062&#8243; collapsed=&#8221;off&#8221;][et_pb_fullwidth_header title=&#8221;@ET-DC@eyJkeW5hbWljIjp0cnVlLCJjb250ZW50IjoicG9zdF90aXRsZSIsInNldHRpbmdzIjp7ImJlZm9yZSI6IiIsImFmdGVyIjoiIn19@&#8221; text_orientation=&#8221;right&#8221; header_image_url=&#8221;https:\/\/pdi.ro\/2021\/wp-content\/uploads\/2021\/05\/PDI2021_logo_header_int_600x300px.png&#8221; disabled_on=&#8221;on|on|off&#8221; _builder_version=&#8221;4.9.4&#8243; _dynamic_attributes=&#8221;title&#8221; title_font=&#8221;Kaushan Script||||||||&#8221; title_text_align=&#8221;right&#8221; title_text_color=&#8221;#f0622a&#8221; title_font_size=&#8221;50px&#8221; content_font=&#8221;|600||on|||||&#8221; content_text_align=&#8221;center&#8221; content_text_color=&#8221;#686766&#8243; content_font_size=&#8221;15px&#8221; subhead_font=&#8221;||||||||&#8221; background_color=&#8221;#ef916b&#8221; background_image=&#8221;https:\/\/pdi.ro\/2021\/wp-content\/uploads\/2021\/05\/PDI2021_header_1920x550px.jpg&#8221; background_blend=&#8221;luminosity&#8221; background_layout=&#8221;light&#8221; custom_margin=&#8221;0px||8px&#8221; custom_padding=&#8221;40px||40px||true&#8221; content_font_size_tablet=&#8221;&#8221; content_font_size_phone=&#8221;15px&#8221; content_font_size_last_edited=&#8221;on|desktop&#8221;][\/et_pb_fullwidth_header][\/et_pb_section][et_pb_section fb_built=&#8221;1&#8243; _builder_version=&#8221;3.22&#8243;][et_pb_row column_structure=&#8221;2_5,3_5&#8243; _builder_version=&#8221;3.25&#8243; locked=&#8221;off&#8221;][et_pb_column type=&#8221;2_5&#8243; _builder_version=&#8221;3.25&#8243; custom_padding=&#8221;|||&#8221; custom_padding__hover=&#8221;|||&#8221;][et_pb_image src=&#8221;https:\/\/pdi.ro\/2021\/wp-content\/uploads\/2021\/06\/Prof-dr-Daniela-Calina_1.jpg&#8221; align=&#8221;center&#8221; align_tablet=&#8221;center&#8221; align_phone=&#8221;&#8221; align_last_edited=&#8221;on|desktop&#8221; _builder_version=&#8221;4.9.6&#8243; max_width=&#8221;25%&#8221; hover_enabled=&#8221;0&#8243; border_radii=&#8221;on|100px|100px|100px|100px&#8221; title_text=&#8221;Prof dr Daniela Calina_1&#8243; sticky_enabled=&#8221;0&#8243;][\/et_pb_image][\/et_pb_column][et_pb_column type=&#8221;3_5&#8243; _builder_version=&#8221;3.25&#8243; custom_padding=&#8221;|||&#8221; custom_padding__hover=&#8221;|||&#8221;][et_pb_text _builder_version=&#8221;4.9.6&#8243; hover_enabled=&#8221;0&#8243; sticky_enabled=&#8221;0&#8243;]<\/p>\n<h4><span style=\"color: #ff6600;\"><strong><\/strong><\/span><\/h4>\n<h4><span style=\"color: #ff6600;\"><strong><\/strong><\/span><\/h4>\n<h4><span style=\"color: #ff6600;\"><strong><\/strong><\/span><\/h4>\n<h4><span style=\"color: #ff6600;\"><strong>Prof. Dr. C\u0103lina Daniela<\/strong><\/span><br \/>\n<span style=\"color: #ff6600;\"><strong> Universitatea de Medicin\u0103 \u0219i Farmacie Craiova<\/strong><\/span><\/h4>\n<p>[\/et_pb_text][\/et_pb_column][\/et_pb_row][et_pb_row _builder_version=&#8221;3.25&#8243; locked=&#8221;off&#8221;][et_pb_column type=&#8221;4_4&#8243; _builder_version=&#8221;3.25&#8243; custom_padding=&#8221;|||&#8221; custom_padding__hover=&#8221;|||&#8221;][et_pb_text _builder_version=&#8221;4.9.6&#8243; hover_enabled=&#8221;0&#8243; sticky_enabled=&#8221;0&#8243;]<\/p>\n<p style=\"text-align: justify;\"><span style=\"color: #ff6600;\">Tratamentul acneei &#8211; de la empiricul fitoterapeutic la nanotehnologii<\/span><br \/><span style=\"color: #ff6600;\"> Autori: Daniela C\u0103lina, Alice Elena Ghenea, Anca Oana Docea<\/span><br \/>Universitatea de Medicin\u0103 \u015fi Farmacie din Craiova<\/p>\n<p style=\"text-align: justify;\"><span style=\"color: #000000;\">Acneea este \u00eent\u00e2lnit\u0103 \u00een r\u00e2ndul adolescen\u021bilor \u0219i adul\u021bilor iar efectele psihosociale sunt semnificative. De-a lungul timpului s-au \u00eencercat diverse terapii pornind de la utilizarea produselor botanice \u0219i fitochimice \u00een produsele dermatologice; la terapiile standard orale \u0219i topice dar cu efecte secundare semnificative cum ar fi iritarea, \u00eenro\u0219irea, peelingul pielii, tulbur\u0103ri gastro-intestinale \u0219i dezvoltarea bacteriilor rezistente la medicamente. \u020an ultimii ani s-au dezvoltat nanotehnologiile (nano: o miliardime) iar nanodermatologia s-a conturat ca o lumin\u0103 str\u0103lucitoare dincolo de acest orizont; noile tratamente cu nanoparticule in afec\u021biunile dermatologice, \u00een special acneea av\u00e2nd rezultate promi\u021b\u0103toare. Nanoparticulele 10 -1000 nm \u0219i au avantajul eliber\u0103rii la \u021bint\u0103 a substan\u021belor, eliberarea sus\u021binut\u0103, protejarea medicamentelor labile de degradare, toxicitate sc\u0103zut\u0103 \u0219i aderen\u021b\u0103 mare de tegumente. Nanotransportorii cu eliberare la \u021bint\u0103 sunt lipozomii, micelii, nanoparticule lipidice polimerice, nanocapsule, nanosfere cu aur sau argint, cubozomi, nanoparticule solide cu substan\u021be anorganice \u0219i emulsii sub-micrometrice. Dac\u0103 \u00een formul\u0103rile farmaceutice topice clasice, particulele de oxid de zinc sunt \u00een mod obi\u0219nuit opace \u0219i grase; \u00eencorporarea lor \u00een nanocarriers determin\u0103 un efect de vanishing \u015fi comfort pl\u0103cut la administrare. Emulsiile cu nanoparticule sunt mai pu\u021bin uleioase, au o textur\u0103 mai bun\u0103 \u0219i penetreaz\u0103 mai ad\u00e2nc pielea \u0219i p\u0103rul atunci c\u00e2nd sunt \u00eencorporate \u00een emolien\u021bi \u0219i balsamuri pentru p\u0103r. \u020an lumina acestor aspecte s-au dezvoltat formul\u0103ri topice antiacneice inovatoare cu nanoparticule \u00een care s-au \u00eencorporat: acid azelaic; adapalene sau adapalene-vitamina C; oxid nitric cu efect antibacterian; chitosan-alginat cu efecte antiinflamatorii \u0219i antibacteriene (anti Propionibacterium acnes); gluconat de clorhexidin\u0103, dioxid de Titan, argint cu efecte antiseptic.<\/span><\/p>\n<p style=\"text-align: justify;\"><span style=\"color: #ff6600;\">Acne treatment &#8211; from empirical phytotherapy to nanotechnologies<\/span><br \/><span style=\"color: #ff6600;\">Autori: Daniela Calina, Alice Elena Ghenea, Anca Oana Docea<\/span><br \/>University of Medicine and Pharmacy of Craiova<\/p>\n<p style=\"text-align: justify;\"><span style=\"color: #000000;\">Acne is common in adolescents and adults and the psychosocial effects are significant. Over time, various therapies have been tried, starting with the use of botanical and phytochemical products in dermatological products; to standard oral and topical therapies but with significant side effects such as irritation, redness, skin peeling, gastrointestinal disorders and the development of drug-resistant bacteria. In recent years, nanotechnologies have developed (nano: one billionth) and nanodermatology has emerged as a bright light beyond this horizon; new nanoparticle treatments in dermatological diseases, especially acne with promising results. Nanoparticles 10 -1000 nm and have the advantage of targeted release of substances, sustained release, protection from labile drugs of degradation, low toxicity and high skin adhesion. Targeted nanotransporters are liposomes, mycelia, polymeric lipid nanoparticles, nanocapsules, gold or silver nanospheres, cubosomes, solid nanoparticles with inorganic substances and sub-micrometric emulsions. If in classical topical pharmaceutical formulations, the zinc oxide particles are usually opaque and greasy; their incorporation into nanocarriers determines a vanishing effect and a pleasant comfort when administered. Nanoparticle emulsions are less oily, have a better texture and penetrate deeper into the skin and hair when incorporated into emollients and hair conditioners. In light of these aspects, innovative topical anti-acne formulations with nanoparticles have been developed which have incorporated: azelaic acid; adapalene or adapalene-vitamin C; nitric oxide with antibacterial effect; chitosan-alginate with anti-inflammatory and antibacterial effects (anti Propionibacterium acnes); chlorhexidine gluconate, titanium dioxide, silver with antiseptic effects.<\/span><\/p>\n<p style=\"text-align: justify;\"><span style=\"color: #ff6600;\">Scurt CV<\/span><\/p>\n<p style=\"text-align: justify;\"><span style=\"color: #000000;\">Dr. Daniela C\u0103lina este absolvent\u0103 a facult\u0103\u021bii de Medicin\u0103 General\u0103 (1998), \u0219i a Facult\u0103\u021bii de Farmacie (2003), U.M.F. Craiova, doctor \u00een Farmacie (2006), farmacist primar \u00een specialitatea Farmacie clinic\u0103. Din 2018 este Profesor Universitar la diciplina Farmacie Clinic\u0103, Facultatea de Farmacie U.M.F. Craiova. Activit\u0103\u021bile de cercetare sunt din domeniul farmaciei clinice, farmacologiei \u0219i toxicologiei experimentale prin colabor\u0103ri multidisciplinare, dermatofarmacie \u0219i cosmetology. Este autor a peste 100 de lucr\u0103ri \u00een extenso publicate \u00een jurnale interna\u021bionale, mai mult de 85 \u00een jurnale indexate ISI (1659 cit\u0103ri- Iulie 2021, Hirsch Index 25). De asemenea este autor a patru capitole de c\u0103r\u021bi publicate \u00een edituri interna\u021bionale \u0219i 12 capitole\/c\u0103r\u021bi publicate \u00een edituri na\u021bionale; Editorial Board Member \u0219i Guest Associate Editor al unor jurnale din edituri interna\u021bionale de prestigiu (Frontiers, Elsevier, MDPI), reviewer pentru 52 de jurnale \u0219tiin\u021bifice din domeniul Medicinei \u0219i Farmaciei clinice. <\/span><\/p>\n<p style=\"text-align: justify;\"><span style=\"color: #000000;\">Membru \u00een diferite asocia\u021bii profesionale interna\u021bionale:<br \/>\u2022 International Pharmaceutical Federation (FIP)<br \/>\u2022 European Society of Clinical Microbiology and Infectious Diseases (ESCMID)<br \/>\u2022 European Asociation of Toxicology (EUROTOX)<br \/>\u2022 European Association of hospital pharmacists (EAHP)<br \/><\/span><\/p>\n<p>[\/et_pb_text][\/et_pb_column][\/et_pb_row][\/et_pb_section][et_pb_section fb_built=&#8221;1&#8243; _builder_version=&#8221;4.9.6&#8243; background_color=&#8221;rgba(117,194,33,0.23)&#8221; background_image=&#8221;https:\/\/pdi.ro\/2021\/wp-content\/uploads\/2021\/05\/PDI2021_header_1920x550px.jpg&#8221; background_blend=&#8221;multiply&#8221; custom_padding=&#8221;54px|0px|0|0px|false|false&#8221; top_divider_style=&#8221;waves2&#8243; top_divider_color=&#8221;#ffffff&#8221; top_divider_height=&#8221;155px&#8221; top_divider_height_tablet=&#8221;&#8221; top_divider_height_phone=&#8221;97px&#8221; top_divider_height_last_edited=&#8221;on|desktop&#8221; bottom_divider_style=&#8221;waves2&#8243; bottom_divider_color=&#8221;#75c221&#8243; bottom_divider_flip=&#8221;vertical&#8221; bottom_divider_height_tablet=&#8221;&#8221; bottom_divider_height_phone=&#8221;59px&#8221; bottom_divider_height_last_edited=&#8221;on|desktop&#8221; global_module=&#8221;9177&#8243; saved_tabs=&#8221;all&#8221;][et_pb_row column_structure=&#8221;3_5,2_5&#8243; _builder_version=&#8221;3.25&#8243; custom_padding=&#8221;61px|0px|69px|0px|false|false&#8221;][et_pb_column type=&#8221;3_5&#8243; _builder_version=&#8221;3.25&#8243; custom_padding=&#8221;|||&#8221; custom_padding__hover=&#8221;|||&#8221;][et_pb_text _builder_version=&#8221;4.9.4&#8243; text_font=&#8221;Kaushan Script||||||||&#8221; text_text_color=&#8221;#f0622a&#8221; text_font_size=&#8221;30px&#8221; text_line_height=&#8221;1.2em&#8221; header_font=&#8221;||||||||&#8221; background_layout=&#8221;dark&#8221; text_font_size_tablet=&#8221;&#8221; text_font_size_phone=&#8221;&#8221; text_font_size_last_edited=&#8221;on|desktop&#8221;]<\/p>\n<p>Contacteaz\u0103 operatorul PDI 2021<\/p>\n<p>[\/et_pb_text][et_pb_contact_form email=&#8221;contact@pdi.ro\/2021\/2019&#8243; submit_button_text=&#8221;Trimite mesajul&#8221; _builder_version=&#8221;4.9.4&#8243; title_font=&#8221;||||||||&#8221; custom_button=&#8221;on&#8221; button_text_color=&#8221;#F0622A&#8221;][et_pb_contact_field field_id=&#8221;Name&#8221; field_title=&#8221;Nume&#8221; _builder_version=&#8221;3.18.9&#8243; button_text_size__hover_enabled=&#8221;off&#8221; button_one_text_size__hover_enabled=&#8221;off&#8221; button_two_text_size__hover_enabled=&#8221;off&#8221; button_text_color__hover_enabled=&#8221;off&#8221; button_one_text_color__hover_enabled=&#8221;off&#8221; button_two_text_color__hover_enabled=&#8221;off&#8221; button_border_width__hover_enabled=&#8221;off&#8221; button_one_border_width__hover_enabled=&#8221;off&#8221; button_two_border_width__hover_enabled=&#8221;off&#8221; button_border_color__hover_enabled=&#8221;off&#8221; button_one_border_color__hover_enabled=&#8221;off&#8221; button_two_border_color__hover_enabled=&#8221;off&#8221; button_border_radius__hover_enabled=&#8221;off&#8221; button_one_border_radius__hover_enabled=&#8221;off&#8221; button_two_border_radius__hover_enabled=&#8221;off&#8221; button_letter_spacing__hover_enabled=&#8221;off&#8221; button_one_letter_spacing__hover_enabled=&#8221;off&#8221; button_two_letter_spacing__hover_enabled=&#8221;off&#8221; button_bg_color__hover_enabled=&#8221;off&#8221; button_one_bg_color__hover_enabled=&#8221;off&#8221; button_two_bg_color__hover_enabled=&#8221;off&#8221;][\/et_pb_contact_field][et_pb_contact_field field_id=&#8221;Email&#8221; field_title=&#8221;Adresa de e-mail&#8221; field_type=&#8221;email&#8221; _builder_version=&#8221;3.19.4&#8243; button_text_size__hover_enabled=&#8221;off&#8221; button_one_text_size__hover_enabled=&#8221;off&#8221; button_two_text_size__hover_enabled=&#8221;off&#8221; button_text_color__hover_enabled=&#8221;off&#8221; button_one_text_color__hover_enabled=&#8221;off&#8221; button_two_text_color__hover_enabled=&#8221;off&#8221; button_border_width__hover_enabled=&#8221;off&#8221; button_one_border_width__hover_enabled=&#8221;off&#8221; button_two_border_width__hover_enabled=&#8221;off&#8221; button_border_color__hover_enabled=&#8221;off&#8221; button_one_border_color__hover_enabled=&#8221;off&#8221; button_two_border_color__hover_enabled=&#8221;off&#8221; button_border_radius__hover_enabled=&#8221;off&#8221; button_one_border_radius__hover_enabled=&#8221;off&#8221; button_two_border_radius__hover_enabled=&#8221;off&#8221; button_letter_spacing__hover_enabled=&#8221;off&#8221; button_one_letter_spacing__hover_enabled=&#8221;off&#8221; button_two_letter_spacing__hover_enabled=&#8221;off&#8221; button_bg_color__hover_enabled=&#8221;off&#8221; button_one_bg_color__hover_enabled=&#8221;off&#8221; button_two_bg_color__hover_enabled=&#8221;off&#8221;][\/et_pb_contact_field][et_pb_contact_field field_id=&#8221;Message&#8221; field_title=&#8221;Mesajul dvs.&#8221; field_type=&#8221;text&#8221; fullwidth_field=&#8221;on&#8221; _builder_version=&#8221;3.18.9&#8243; button_text_size__hover_enabled=&#8221;off&#8221; button_one_text_size__hover_enabled=&#8221;off&#8221; button_two_text_size__hover_enabled=&#8221;off&#8221; button_text_color__hover_enabled=&#8221;off&#8221; button_one_text_color__hover_enabled=&#8221;off&#8221; button_two_text_color__hover_enabled=&#8221;off&#8221; button_border_width__hover_enabled=&#8221;off&#8221; button_one_border_width__hover_enabled=&#8221;off&#8221; button_two_border_width__hover_enabled=&#8221;off&#8221; button_border_color__hover_enabled=&#8221;off&#8221; button_one_border_color__hover_enabled=&#8221;off&#8221; button_two_border_color__hover_enabled=&#8221;off&#8221; button_border_radius__hover_enabled=&#8221;off&#8221; button_one_border_radius__hover_enabled=&#8221;off&#8221; button_two_border_radius__hover_enabled=&#8221;off&#8221; button_letter_spacing__hover_enabled=&#8221;off&#8221; button_one_letter_spacing__hover_enabled=&#8221;off&#8221; button_two_letter_spacing__hover_enabled=&#8221;off&#8221; button_bg_color__hover_enabled=&#8221;off&#8221; button_one_bg_color__hover_enabled=&#8221;off&#8221; button_two_bg_color__hover_enabled=&#8221;off&#8221;][\/et_pb_contact_field][\/et_pb_contact_form][\/et_pb_column][et_pb_column type=&#8221;2_5&#8243; _builder_version=&#8221;3.25&#8243; custom_padding=&#8221;|||&#8221; custom_padding__hover=&#8221;|||&#8221;][et_pb_text _builder_version=&#8221;4.9.4&#8243; text_font=&#8221;Kaushan Script||||||||&#8221; text_text_color=&#8221;#f0622a&#8221; text_font_size=&#8221;30px&#8221; header_font=&#8221;||||||||&#8221; background_layout=&#8221;dark&#8221;]<\/p>\n<p>Operatorul PDI 2021<\/p>\n<p>[\/et_pb_text][et_pb_text _builder_version=&#8221;4.0.11&#8243; text_font=&#8221;||||||||&#8221;]<\/p>\n<p><span><img loading=\"lazy\" decoding=\"async\" src=\"https:\/\/pdi.ro\/2021\/wp-content\/uploads\/2020\/02\/eventer_logo_150px.png\" width=\"151\" height=\"33\" alt=\"\" class=\"wp-image-774 alignleft size-full\" \/><\/span><\/p>\n<p><span><\/span><\/p>\n<p><span><\/span><\/p>\n<p><span>Adresa: Str. A. Panu nr. 13, Iasi<\/span><br \/> <span>Tel.: 0332.40.88.00-05<\/span><br \/> <span>E-mail: <a href=\"mailto:inscrieri@primaderma.ro\" target=\"_blank\" rel=\"noopener noreferrer\">inscrieri@primaderma.ro<\/a><br \/> <\/span><span>Website:\u00a0<\/span><a href=\"http:\/\/www.eventernet.ro\/\" target=\"Blank\" rel=\"noopener noreferrer\">www.eventernet.ro<\/a><\/p>\n<p>[\/et_pb_text][et_pb_text disabled_on=&#8221;off|off|off&#8221; _builder_version=&#8221;4.0.11&#8243; text_font=&#8221;Kaushan Script||||||||&#8221; text_text_color=&#8221;#f0622a&#8221; text_font_size=&#8221;30px&#8221; header_font=&#8221;||||||||&#8221; background_layout=&#8221;dark&#8221; locked=&#8221;off&#8221;]<\/p>\n<p>Parteneri Media<\/p>\n<p>[\/et_pb_text][et_pb_gallery gallery_ids=&#8221;7203,7204,9252,9464&#8243; fullwidth=&#8221;on&#8221; _builder_version=&#8221;4.9.6&#8243; transform_scale=&#8221;86%|86%&#8221; max_width=&#8221;63%&#8221; auto=&#8221;on&#8221; auto_speed=&#8221;3500&#8243; hover_transition_duration=&#8221;100ms&#8221; hover_transition_delay=&#8221;50ms&#8221; hover_transition_speed_curve=&#8221;ease-in-out&#8221; locked=&#8221;off&#8221;][\/et_pb_gallery][\/et_pb_column][\/et_pb_row][\/et_pb_section]<\/p>\n","protected":false},"excerpt":{"rendered":"<p>Prof. Dr. C\u0103lina Daniela Universitatea de Medicin\u0103 \u0219i Farmacie CraiovaTratamentul acneei &#8211; de la empiricul fitoterapeutic la nanotehnologii Autori: Daniela C\u0103lina, Alice Elena Ghenea, Anca Oana DoceaUniversitatea de Medicin\u0103 \u015fi Farmacie din Craiova Acneea este \u00eent\u00e2lnit\u0103 \u00een r\u00e2ndul adolescen\u021bilor \u0219i adul\u021bilor iar efectele psihosociale sunt semnificative. De-a lungul timpului s-au \u00eencercat diverse terapii pornind de [&hellip;]<\/p>\n","protected":false},"author":2,"featured_media":0,"parent":0,"menu_order":0,"comment_status":"closed","ping_status":"closed","template":"","meta":{"_et_pb_use_builder":"on","_et_pb_old_content":"","_et_gb_content_width":"","footnotes":""},"class_list":["post-9596","page","type-page","status-publish","hentry"],"_links":{"self":[{"href":"https:\/\/pdi.ro\/2021\/wp-json\/wp\/v2\/pages\/9596","targetHints":{"allow":["GET"]}}],"collection":[{"href":"https:\/\/pdi.ro\/2021\/wp-json\/wp\/v2\/pages"}],"about":[{"href":"https:\/\/pdi.ro\/2021\/wp-json\/wp\/v2\/types\/page"}],"author":[{"embeddable":true,"href":"https:\/\/pdi.ro\/2021\/wp-json\/wp\/v2\/users\/2"}],"replies":[{"embeddable":true,"href":"https:\/\/pdi.ro\/2021\/wp-json\/wp\/v2\/comments?post=9596"}],"version-history":[{"count":3,"href":"https:\/\/pdi.ro\/2021\/wp-json\/wp\/v2\/pages\/9596\/revisions"}],"predecessor-version":[{"id":9600,"href":"https:\/\/pdi.ro\/2021\/wp-json\/wp\/v2\/pages\/9596\/revisions\/9600"}],"wp:attachment":[{"href":"https:\/\/pdi.ro\/2021\/wp-json\/wp\/v2\/media?parent=9596"}],"curies":[{"name":"wp","href":"https:\/\/api.w.org\/{rel}","templated":true}]}}