{"id":9633,"date":"2021-07-01T14:45:11","date_gmt":"2021-07-01T12:45:11","guid":{"rendered":"https:\/\/primaderma.ro\/?page_id=9633"},"modified":"2021-07-01T14:45:11","modified_gmt":"2021-07-01T12:45:11","slug":"dr-badulici-sonia-2021","status":"publish","type":"page","link":"https:\/\/pdi.ro\/2021\/dr-badulici-sonia-2021\/","title":{"rendered":"Dr. B\u0103dulici Sonia"},"content":{"rendered":"<p>[et_pb_section fb_built=&#8221;1&#8243; fullwidth=&#8221;on&#8221; disabled_on=&#8221;on|off|off&#8221; _builder_version=&#8221;3.22&#8243; custom_margin=&#8221;||&#8221; custom_padding=&#8221;15px||29px&#8221; top_divider_style=&#8221;waves2&#8243; top_divider_color=&#8221;#f0622a&#8221; top_divider_flip=&#8221;horizontal|vertical&#8221; bottom_divider_style=&#8221;waves2&#8243; bottom_divider_color=&#8221;#fcdedb&#8221; bottom_divider_height=&#8221;105px&#8221; bottom_divider_flip=&#8221;vertical&#8221; global_module=&#8221;9062&#8243; collapsed=&#8221;off&#8221;][et_pb_fullwidth_header title=&#8221;@ET-DC@eyJkeW5hbWljIjp0cnVlLCJjb250ZW50IjoicG9zdF90aXRsZSIsInNldHRpbmdzIjp7ImJlZm9yZSI6IiIsImFmdGVyIjoiIn19@&#8221; text_orientation=&#8221;right&#8221; header_image_url=&#8221;https:\/\/pdi.ro\/2021\/wp-content\/uploads\/2021\/05\/PDI2021_logo_header_int_600x300px.png&#8221; disabled_on=&#8221;on|on|off&#8221; _builder_version=&#8221;4.9.4&#8243; _dynamic_attributes=&#8221;title&#8221; title_font=&#8221;Kaushan Script||||||||&#8221; title_text_align=&#8221;right&#8221; title_text_color=&#8221;#f0622a&#8221; title_font_size=&#8221;50px&#8221; content_font=&#8221;|600||on|||||&#8221; content_text_align=&#8221;center&#8221; content_text_color=&#8221;#686766&#8243; content_font_size=&#8221;15px&#8221; subhead_font=&#8221;||||||||&#8221; background_color=&#8221;#ef916b&#8221; background_image=&#8221;https:\/\/pdi.ro\/2021\/wp-content\/uploads\/2021\/05\/PDI2021_header_1920x550px.jpg&#8221; background_blend=&#8221;luminosity&#8221; background_layout=&#8221;light&#8221; custom_margin=&#8221;0px||8px&#8221; custom_padding=&#8221;40px||40px||true&#8221; content_font_size_tablet=&#8221;&#8221; content_font_size_phone=&#8221;15px&#8221; content_font_size_last_edited=&#8221;on|desktop&#8221;][\/et_pb_fullwidth_header][\/et_pb_section][et_pb_section fb_built=&#8221;1&#8243; _builder_version=&#8221;3.22&#8243;][et_pb_row column_structure=&#8221;2_5,3_5&#8243; _builder_version=&#8221;3.25&#8243; locked=&#8221;off&#8221;][et_pb_column type=&#8221;2_5&#8243; _builder_version=&#8221;3.25&#8243; custom_padding=&#8221;|||&#8221; custom_padding__hover=&#8221;|||&#8221;][et_pb_image src=&#8221;https:\/\/pdi.ro\/2021\/wp-content\/uploads\/2021\/07\/Badulici-Sonia_1.jpg&#8221; align=&#8221;center&#8221; align_tablet=&#8221;center&#8221; align_phone=&#8221;&#8221; align_last_edited=&#8221;on|desktop&#8221; _builder_version=&#8221;4.9.6&#8243; max_width=&#8221;25%&#8221; hover_enabled=&#8221;0&#8243; border_radii=&#8221;on|100px|100px|100px|100px&#8221; title_text=&#8221;Badulici Sonia_1&#8243; sticky_enabled=&#8221;0&#8243;][\/et_pb_image][\/et_pb_column][et_pb_column type=&#8221;3_5&#8243; _builder_version=&#8221;3.25&#8243; custom_padding=&#8221;|||&#8221; custom_padding__hover=&#8221;|||&#8221;][et_pb_text _builder_version=&#8221;4.9.6&#8243; hover_enabled=&#8221;0&#8243; sticky_enabled=&#8221;0&#8243;]<\/p>\n<h4><span style=\"color: #ff6600;\"><strong><\/strong><\/span><\/h4>\n<h4><span style=\"color: #ff6600;\"><strong><\/strong><\/span><\/h4>\n<h4><span style=\"color: #ff6600;\"><strong><\/strong><\/span><\/h4>\n<h4><span style=\"color: #ff6600;\"><strong>Dr. B\u0103dulici Sonia<\/strong><\/span><br \/>\n<span style=\"color: #ff6600;\"><strong> Spitalul Clinic Colentina, Bucure\u0219ti<\/strong><\/span><\/h4>\n<p>[\/et_pb_text][\/et_pb_column][\/et_pb_row][et_pb_row _builder_version=&#8221;3.25&#8243; locked=&#8221;off&#8221;][et_pb_column type=&#8221;4_4&#8243; _builder_version=&#8221;3.25&#8243; custom_padding=&#8221;|||&#8221; custom_padding__hover=&#8221;|||&#8221;][et_pb_text _builder_version=&#8221;4.9.6&#8243; hover_enabled=&#8221;0&#8243; sticky_enabled=&#8221;0&#8243;]<\/p>\n<p style=\"text-align: justify;\"><span style=\"color: #ff6600;\">Dermato-alergologia de contact, o trecere \u00een revist\u0103 a literaturii<\/span><br \/><span style=\"color: #ff6600;\"> Autor: Sonia-Cornelia B\u0103dulici<\/span><\/p>\n<p style=\"text-align: justify;\"><span style=\"color: #000000;\">Cuvinte cheie: alergen de contact, Bateria Standard European\u0103, dermatit\u0103 alergic\u0103 de contact<\/span><\/p>\n<p style=\"text-align: justify;\"><span style=\"color: #000000;\">Introducere: Dermato-alergologia de contact are ca scop este diagnosticarea corect\u0103 a reac\u021biilor alergice de contact indiferent de localizarea lor (tegument, mucoasa bucal\u0103, nazal\u0103, conjunctival\u0103 etc.). Metoda utilizat\u0103 este testarea patch, sau testarea epicutanat\u0103.<br \/>Material \u0219i metod\u0103: \u0218ase articole din literatura ultimilor ani sunt analizate, \u00eencep\u00e2nd cu Bateria Standard European\u0103 \u0219i Bateria Standard Extins\u0103, a c\u0103ror compozi\u021bie a fost revizuit\u0103 ultima dat\u0103 \u00een 2019, continu\u00e2nd cu dou\u0103 articole dedicate eczemei m\u00e2inii (primul referitor la popula\u021bia general\u0103, al doilea analiz\u00e2nd aspectele \u00eent\u00e2lnite la copii \u0219i adolescen\u021bi \u00een perioada actualei pandemii), urmate de alte dou\u0103 publica\u021bii ce abordeaz\u0103 din nou rela\u021bia direct\u0103 dar \u0219i colateral\u0103 dintre pandemia de COVID-19 \u0219i anumite afec\u021biuni dermato-alergologice, \u0219i termin\u00e2nd cu prezentarea unui caz din patologia cutanat\u0103 profesional\u0103.<br \/>Rezultate: Al\u0103turi de cei 30 de alergeni de contact (haptene) intr\u00e2nd \u00een compozi\u021bia Bateriei Standard Europene, al\u021bi 13 alergeni adi\u021bionali sunt recomanda\u021bi de forumurile europene; dermatita de contact a m\u00e2inilor are o prevalen\u021b\u0103 \u00eenalt\u0103, o treime dintre adul\u021bii afecta\u021bi av\u00e2nd un istoric de dermatit\u0103 atopic\u0103; ca o consecin\u021b\u0103 a m\u0103surilor de igien\u0103 caracteristice actualei pandemii, o parte semnificativ\u0103 a popula\u021biei pediatrice a dezvoltat rapid o form\u0103 sau alta de eczem\u0103 a m\u00e2inilor; echipamentele de protec\u021bie utilizate \u00een pandemie \u0219i-au dovedit responsabilitatea \u00een apari\u021bia urticariilor de contact; acrila\u021bii monomeri reprezint\u0103 un real pericol pentru profesionistele din domeniul mainchiur\u0103-pedichiur\u0103.<br \/>Concluzie: Introducerea permanent\u0103 a unor noi compu\u0219i chimici \u00een produsele cosmetice, dermato-cosmetice, industriale, reprezint\u0103 tot at\u00e2tea provoc\u0103ri pentru dermato-alergologii rom\u00e2ni, cu respectarea strict\u0103 a recomand\u0103rilor grupurilor de lucru europene. <\/span><\/p>\n<p style=\"text-align: justify;\"><span style=\"color: #ff6600;\">Contact dermato-allergology, a review of literature<\/span><br \/><span style=\"color: #ff6600;\">Autor: Sonia-Cornelia B\u0103dulici<\/span><\/p>\n<p style=\"text-align: justify;\"><span style=\"color: #000000;\">Keywords: contact allergen, European Baseline, allergic contact dermatitis<\/span><\/p>\n<p style=\"text-align: justify;\"><span style=\"color: #000000;\">Introduction: Contact dermatology-allergology aims to correctly diagnose allergic contact reactions regardless of their location (skin, oral, nasal and conjunctival mucosa, etc.). The method used is patch testing, or epicutaneous testing.<br \/>Material and method: Six articles from the literature of recent years are analyzed, starting with the European Baseline Series and the Extended Series, whose composition was last revised in 2019, continuing with two articles dedicated to hand eczema (the first on the general population, the second analyzing aspects encountered in children and adolescents during the current pandemic), followed by two other publications that address again the direct and collateral relationship between the COVID-19 pandemic and certain dermato-allergic diseases, and ending with the presentation of a case of occupational skin pathology.<br \/>Results: In addition to the 30 contact allergens (haptenes) that make up the European Bestline Series, another 13 additional allergens are recommended by European forums; hand contact dermatitis is highly prevalent, with one-third of affected adults having a history of atopic dermatitis; as a consequence of the hygiene measures characteristic of the current pandemic, a significant part of the pediatric population has rapidly developed some form of hand eczema; the protective equipment used in the pandemic has proven its responsibility in the appearance of contact urticaria; monomer acrylates are a real danger for manicure-pedicure professionals.<br \/>Conclusion: The permanent introduction of new chemical compounds in cosmetic, dermato-cosmetic and industrial products represents as many challenges for Romanian dermato-allergists, in strict compliance with the recommendations of European working groups.<\/span><\/p>\n<p>&nbsp;<\/p>\n<p style=\"text-align: justify;\"><span style=\"color: #ff6600;\">Scurt CV<\/span><\/p>\n<p style=\"text-align: justify;\"><span style=\"color: #000000;\"><em>Experien\u021b\u0103 profesional\u0103:<\/em><br \/>Medic Primar Medicina muncii \u0219i Medic specialist Dermato-venerologie la Spitalul Clinic &#8220;Colentina&#8221;, Doctor \u00een \u0218tiin\u021be Medicale<\/span><\/p>\n<p style=\"text-align: justify;\"><span style=\"color: #000000;\"><em>Certificate:<\/em><\/span><br \/><span style=\"color: #000000;\">\u2022 2004 \u2013 2020 Cursuri anuale de actualizare \u00een dermato-alergologie, organizate de Grupul de Studii \u0219i de Cercet\u0103ri \u00een Dermato-alergologie (GERDA)<\/span><br \/><span style=\"color: #000000;\">\u2022 Ianuarie 2018, Ianuarie 2019, Ianuarie 2020, Ianuarie 2021 Participare la manifestarea Best of Allergologie et Immunologie, Lyon<\/span><br \/><span style=\"color: #000000;\">\u2022 Iunie 2009 Certificat de Traduc\u0103tor (rom\u00e2n\u0103-francez\u0103, francez\u0103-rom\u00e2n\u0103, domeniul Medicin\u0103-Farmacie)<\/span><br \/><span style=\"color: #000000;\">\u2022 Noiembrie 2008, Atestation de r\u00e9ussite, Examenul pentru DELF (Dipl\u00f4me d\u2019\u00c9tudes de Langue Fran\u00e7aise), Nivelul B1 al Cadrului European comun de referin\u021b\u0103 pentru limbi<\/span><br \/><span style=\"color: #000000;\">\u2022 Aprilie-Septembrie 2002 Stagiu de Dermatologie profesional\u0103 \u0219i de Dermato-alergologie \u00een Clinica de Dermatologie a Spitalului \u201cClaude Huriez\u201d , C.H.R.U. de Lille, FRANCE<\/span><br \/><span style=\"color: #000000;\">\u2022 1975-1981 Facultatea de Medicin\u0103 General\u0103, Craiova<\/span><\/p>\n<p style=\"text-align: justify;\"><span style=\"color: #000000;\"><em>Apartenen\u021b\u0103 la societ\u0103\u021bi \u0219tiin\u021bifice:<\/em><\/span><br \/><span style=\"color: #000000;\">\u2022 Membru al ESCD (European Society of Contact Dermatitis) din anul 2014<\/span><br \/><span style=\"color: #000000;\">\u2022 Membru al Re\u021belei de Vigilen\u021b\u0103 \u00een Dermato-Alergologie (RE\u021aEAUA REVIDAL-GERDA) din anul 2015<\/span><br \/><span style=\"color: #000000;\">\u2022 Membru al EBS (European Baseline Series) taskforce, din anul 2018<\/span><\/p>\n<p>[\/et_pb_text][\/et_pb_column][\/et_pb_row][\/et_pb_section][et_pb_section fb_built=&#8221;1&#8243; _builder_version=&#8221;4.9.6&#8243; background_color=&#8221;rgba(117,194,33,0.23)&#8221; background_image=&#8221;https:\/\/pdi.ro\/2021\/wp-content\/uploads\/2021\/05\/PDI2021_header_1920x550px.jpg&#8221; background_blend=&#8221;multiply&#8221; custom_padding=&#8221;54px|0px|0|0px|false|false&#8221; top_divider_style=&#8221;waves2&#8243; top_divider_color=&#8221;#ffffff&#8221; top_divider_height=&#8221;155px&#8221; top_divider_height_tablet=&#8221;&#8221; top_divider_height_phone=&#8221;97px&#8221; top_divider_height_last_edited=&#8221;on|desktop&#8221; bottom_divider_style=&#8221;waves2&#8243; bottom_divider_color=&#8221;#75c221&#8243; bottom_divider_flip=&#8221;vertical&#8221; bottom_divider_height_tablet=&#8221;&#8221; bottom_divider_height_phone=&#8221;59px&#8221; bottom_divider_height_last_edited=&#8221;on|desktop&#8221; global_module=&#8221;9177&#8243; saved_tabs=&#8221;all&#8221;][et_pb_row column_structure=&#8221;3_5,2_5&#8243; _builder_version=&#8221;3.25&#8243; custom_padding=&#8221;61px|0px|69px|0px|false|false&#8221;][et_pb_column type=&#8221;3_5&#8243; _builder_version=&#8221;3.25&#8243; custom_padding=&#8221;|||&#8221; custom_padding__hover=&#8221;|||&#8221;][et_pb_text _builder_version=&#8221;4.9.4&#8243; text_font=&#8221;Kaushan Script||||||||&#8221; text_text_color=&#8221;#f0622a&#8221; text_font_size=&#8221;30px&#8221; text_line_height=&#8221;1.2em&#8221; header_font=&#8221;||||||||&#8221; background_layout=&#8221;dark&#8221; text_font_size_tablet=&#8221;&#8221; text_font_size_phone=&#8221;&#8221; text_font_size_last_edited=&#8221;on|desktop&#8221;]<\/p>\n<p>Contacteaz\u0103 operatorul PDI 2021<\/p>\n<p>[\/et_pb_text][et_pb_contact_form email=&#8221;contact@pdi.ro\/2021\/2019&#8243; submit_button_text=&#8221;Trimite mesajul&#8221; _builder_version=&#8221;4.9.4&#8243; title_font=&#8221;||||||||&#8221; custom_button=&#8221;on&#8221; button_text_color=&#8221;#F0622A&#8221;][et_pb_contact_field field_id=&#8221;Name&#8221; field_title=&#8221;Nume&#8221; _builder_version=&#8221;3.18.9&#8243; button_text_size__hover_enabled=&#8221;off&#8221; button_one_text_size__hover_enabled=&#8221;off&#8221; button_two_text_size__hover_enabled=&#8221;off&#8221; button_text_color__hover_enabled=&#8221;off&#8221; button_one_text_color__hover_enabled=&#8221;off&#8221; button_two_text_color__hover_enabled=&#8221;off&#8221; button_border_width__hover_enabled=&#8221;off&#8221; button_one_border_width__hover_enabled=&#8221;off&#8221; button_two_border_width__hover_enabled=&#8221;off&#8221; button_border_color__hover_enabled=&#8221;off&#8221; button_one_border_color__hover_enabled=&#8221;off&#8221; button_two_border_color__hover_enabled=&#8221;off&#8221; button_border_radius__hover_enabled=&#8221;off&#8221; button_one_border_radius__hover_enabled=&#8221;off&#8221; button_two_border_radius__hover_enabled=&#8221;off&#8221; button_letter_spacing__hover_enabled=&#8221;off&#8221; button_one_letter_spacing__hover_enabled=&#8221;off&#8221; button_two_letter_spacing__hover_enabled=&#8221;off&#8221; button_bg_color__hover_enabled=&#8221;off&#8221; button_one_bg_color__hover_enabled=&#8221;off&#8221; button_two_bg_color__hover_enabled=&#8221;off&#8221;][\/et_pb_contact_field][et_pb_contact_field field_id=&#8221;Email&#8221; field_title=&#8221;Adresa de e-mail&#8221; field_type=&#8221;email&#8221; _builder_version=&#8221;3.19.4&#8243; button_text_size__hover_enabled=&#8221;off&#8221; button_one_text_size__hover_enabled=&#8221;off&#8221; button_two_text_size__hover_enabled=&#8221;off&#8221; button_text_color__hover_enabled=&#8221;off&#8221; button_one_text_color__hover_enabled=&#8221;off&#8221; button_two_text_color__hover_enabled=&#8221;off&#8221; button_border_width__hover_enabled=&#8221;off&#8221; button_one_border_width__hover_enabled=&#8221;off&#8221; button_two_border_width__hover_enabled=&#8221;off&#8221; button_border_color__hover_enabled=&#8221;off&#8221; button_one_border_color__hover_enabled=&#8221;off&#8221; button_two_border_color__hover_enabled=&#8221;off&#8221; button_border_radius__hover_enabled=&#8221;off&#8221; button_one_border_radius__hover_enabled=&#8221;off&#8221; button_two_border_radius__hover_enabled=&#8221;off&#8221; button_letter_spacing__hover_enabled=&#8221;off&#8221; button_one_letter_spacing__hover_enabled=&#8221;off&#8221; button_two_letter_spacing__hover_enabled=&#8221;off&#8221; button_bg_color__hover_enabled=&#8221;off&#8221; button_one_bg_color__hover_enabled=&#8221;off&#8221; button_two_bg_color__hover_enabled=&#8221;off&#8221;][\/et_pb_contact_field][et_pb_contact_field field_id=&#8221;Message&#8221; field_title=&#8221;Mesajul dvs.&#8221; field_type=&#8221;text&#8221; fullwidth_field=&#8221;on&#8221; _builder_version=&#8221;3.18.9&#8243; button_text_size__hover_enabled=&#8221;off&#8221; button_one_text_size__hover_enabled=&#8221;off&#8221; button_two_text_size__hover_enabled=&#8221;off&#8221; button_text_color__hover_enabled=&#8221;off&#8221; button_one_text_color__hover_enabled=&#8221;off&#8221; button_two_text_color__hover_enabled=&#8221;off&#8221; button_border_width__hover_enabled=&#8221;off&#8221; button_one_border_width__hover_enabled=&#8221;off&#8221; button_two_border_width__hover_enabled=&#8221;off&#8221; button_border_color__hover_enabled=&#8221;off&#8221; button_one_border_color__hover_enabled=&#8221;off&#8221; button_two_border_color__hover_enabled=&#8221;off&#8221; button_border_radius__hover_enabled=&#8221;off&#8221; button_one_border_radius__hover_enabled=&#8221;off&#8221; button_two_border_radius__hover_enabled=&#8221;off&#8221; button_letter_spacing__hover_enabled=&#8221;off&#8221; button_one_letter_spacing__hover_enabled=&#8221;off&#8221; button_two_letter_spacing__hover_enabled=&#8221;off&#8221; button_bg_color__hover_enabled=&#8221;off&#8221; button_one_bg_color__hover_enabled=&#8221;off&#8221; button_two_bg_color__hover_enabled=&#8221;off&#8221;][\/et_pb_contact_field][\/et_pb_contact_form][\/et_pb_column][et_pb_column type=&#8221;2_5&#8243; _builder_version=&#8221;3.25&#8243; custom_padding=&#8221;|||&#8221; custom_padding__hover=&#8221;|||&#8221;][et_pb_text _builder_version=&#8221;4.9.4&#8243; text_font=&#8221;Kaushan Script||||||||&#8221; text_text_color=&#8221;#f0622a&#8221; text_font_size=&#8221;30px&#8221; header_font=&#8221;||||||||&#8221; background_layout=&#8221;dark&#8221;]<\/p>\n<p>Operatorul PDI 2021<\/p>\n<p>[\/et_pb_text][et_pb_text _builder_version=&#8221;4.0.11&#8243; text_font=&#8221;||||||||&#8221;]<\/p>\n<p><span><img loading=\"lazy\" decoding=\"async\" src=\"https:\/\/pdi.ro\/2021\/wp-content\/uploads\/2020\/02\/eventer_logo_150px.png\" width=\"151\" height=\"33\" alt=\"\" class=\"wp-image-774 alignleft size-full\" \/><\/span><\/p>\n<p><span><\/span><\/p>\n<p><span><\/span><\/p>\n<p><span>Adresa: Str. A. Panu nr. 13, Iasi<\/span><br \/> <span>Tel.: 0332.40.88.00-05<\/span><br \/> <span>E-mail: <a href=\"mailto:inscrieri@primaderma.ro\" target=\"_blank\" rel=\"noopener noreferrer\">inscrieri@primaderma.ro<\/a><br \/> <\/span><span>Website:\u00a0<\/span><a href=\"http:\/\/www.eventernet.ro\/\" target=\"Blank\" rel=\"noopener noreferrer\">www.eventernet.ro<\/a><\/p>\n<p>[\/et_pb_text][et_pb_text disabled_on=&#8221;off|off|off&#8221; _builder_version=&#8221;4.0.11&#8243; text_font=&#8221;Kaushan Script||||||||&#8221; text_text_color=&#8221;#f0622a&#8221; text_font_size=&#8221;30px&#8221; header_font=&#8221;||||||||&#8221; background_layout=&#8221;dark&#8221; locked=&#8221;off&#8221;]<\/p>\n<p>Parteneri Media<\/p>\n<p>[\/et_pb_text][et_pb_gallery gallery_ids=&#8221;7203,7204,9252,9464&#8243; fullwidth=&#8221;on&#8221; _builder_version=&#8221;4.9.6&#8243; transform_scale=&#8221;86%|86%&#8221; max_width=&#8221;63%&#8221; auto=&#8221;on&#8221; auto_speed=&#8221;3500&#8243; hover_transition_duration=&#8221;100ms&#8221; hover_transition_delay=&#8221;50ms&#8221; hover_transition_speed_curve=&#8221;ease-in-out&#8221; locked=&#8221;off&#8221;][\/et_pb_gallery][\/et_pb_column][\/et_pb_row][\/et_pb_section]<\/p>\n","protected":false},"excerpt":{"rendered":"<p>Dr. B\u0103dulici Sonia Spitalul Clinic Colentina, Bucure\u0219tiDermato-alergologia de contact, o trecere \u00een revist\u0103 a literaturii Autor: Sonia-Cornelia B\u0103dulici Cuvinte cheie: alergen de contact, Bateria Standard European\u0103, dermatit\u0103 alergic\u0103 de contact Introducere: Dermato-alergologia de contact are ca scop este diagnosticarea corect\u0103 a reac\u021biilor alergice de contact indiferent de localizarea lor (tegument, mucoasa bucal\u0103, nazal\u0103, conjunctival\u0103 etc.). [&hellip;]<\/p>\n","protected":false},"author":2,"featured_media":0,"parent":0,"menu_order":0,"comment_status":"closed","ping_status":"closed","template":"","meta":{"_et_pb_use_builder":"on","_et_pb_old_content":"","_et_gb_content_width":"","footnotes":""},"class_list":["post-9633","page","type-page","status-publish","hentry"],"_links":{"self":[{"href":"https:\/\/pdi.ro\/2021\/wp-json\/wp\/v2\/pages\/9633","targetHints":{"allow":["GET"]}}],"collection":[{"href":"https:\/\/pdi.ro\/2021\/wp-json\/wp\/v2\/pages"}],"about":[{"href":"https:\/\/pdi.ro\/2021\/wp-json\/wp\/v2\/types\/page"}],"author":[{"embeddable":true,"href":"https:\/\/pdi.ro\/2021\/wp-json\/wp\/v2\/users\/2"}],"replies":[{"embeddable":true,"href":"https:\/\/pdi.ro\/2021\/wp-json\/wp\/v2\/comments?post=9633"}],"version-history":[{"count":4,"href":"https:\/\/pdi.ro\/2021\/wp-json\/wp\/v2\/pages\/9633\/revisions"}],"predecessor-version":[{"id":9640,"href":"https:\/\/pdi.ro\/2021\/wp-json\/wp\/v2\/pages\/9633\/revisions\/9640"}],"wp:attachment":[{"href":"https:\/\/pdi.ro\/2021\/wp-json\/wp\/v2\/media?parent=9633"}],"curies":[{"name":"wp","href":"https:\/\/api.w.org\/{rel}","templated":true}]}}