{"id":9663,"date":"2021-07-02T14:07:55","date_gmt":"2021-07-02T12:07:55","guid":{"rendered":"https:\/\/primaderma.ro\/?page_id=9663"},"modified":"2021-07-12T14:10:29","modified_gmt":"2021-07-12T12:10:29","slug":"dr-cherciu-mirela","status":"publish","type":"page","link":"https:\/\/pdi.ro\/2021\/dr-cherciu-mirela\/","title":{"rendered":"Dr. Cherciu Sanda Mirela"},"content":{"rendered":"<p>[et_pb_section fb_built=&#8221;1&#8243; fullwidth=&#8221;on&#8221; disabled_on=&#8221;on|off|off&#8221; _builder_version=&#8221;3.22&#8243; custom_margin=&#8221;||&#8221; custom_padding=&#8221;15px||29px&#8221; top_divider_style=&#8221;waves2&#8243; top_divider_color=&#8221;#f0622a&#8221; top_divider_flip=&#8221;horizontal|vertical&#8221; bottom_divider_style=&#8221;waves2&#8243; bottom_divider_color=&#8221;#fcdedb&#8221; bottom_divider_height=&#8221;105px&#8221; bottom_divider_flip=&#8221;vertical&#8221; global_module=&#8221;9062&#8243; collapsed=&#8221;off&#8221;][et_pb_fullwidth_header title=&#8221;@ET-DC@eyJkeW5hbWljIjp0cnVlLCJjb250ZW50IjoicG9zdF90aXRsZSIsInNldHRpbmdzIjp7ImJlZm9yZSI6IiIsImFmdGVyIjoiIn19@&#8221; text_orientation=&#8221;right&#8221; header_image_url=&#8221;https:\/\/pdi.ro\/2021\/wp-content\/uploads\/2021\/05\/PDI2021_logo_header_int_600x300px.png&#8221; disabled_on=&#8221;on|on|off&#8221; _builder_version=&#8221;4.9.4&#8243; _dynamic_attributes=&#8221;title&#8221; title_font=&#8221;Kaushan Script||||||||&#8221; title_text_align=&#8221;right&#8221; title_text_color=&#8221;#f0622a&#8221; title_font_size=&#8221;50px&#8221; content_font=&#8221;|600||on|||||&#8221; content_text_align=&#8221;center&#8221; content_text_color=&#8221;#686766&#8243; content_font_size=&#8221;15px&#8221; subhead_font=&#8221;||||||||&#8221; background_color=&#8221;#ef916b&#8221; background_image=&#8221;https:\/\/pdi.ro\/2021\/wp-content\/uploads\/2021\/05\/PDI2021_header_1920x550px.jpg&#8221; background_blend=&#8221;luminosity&#8221; background_layout=&#8221;light&#8221; custom_margin=&#8221;0px||8px&#8221; custom_padding=&#8221;40px||40px||true&#8221; content_font_size_tablet=&#8221;&#8221; content_font_size_phone=&#8221;15px&#8221; content_font_size_last_edited=&#8221;on|desktop&#8221;][\/et_pb_fullwidth_header][\/et_pb_section][et_pb_section fb_built=&#8221;1&#8243; _builder_version=&#8221;3.22&#8243;][et_pb_row column_structure=&#8221;2_5,3_5&#8243; _builder_version=&#8221;3.25&#8243; locked=&#8221;off&#8221;][et_pb_column type=&#8221;2_5&#8243; _builder_version=&#8221;3.25&#8243; custom_padding=&#8221;|||&#8221; custom_padding__hover=&#8221;|||&#8221;][et_pb_image src=&#8221;https:\/\/pdi.ro\/2021\/wp-content\/uploads\/2020\/02\/Cherciu-Sanda.jpg&#8221; title_text=&#8221;Cherciu-Sanda&#8221; align=&#8221;center&#8221; align_tablet=&#8221;center&#8221; align_phone=&#8221;&#8221; align_last_edited=&#8221;on|desktop&#8221; _builder_version=&#8221;4.9.6&#8243; max_width=&#8221;25%&#8221; border_radii=&#8221;on|100px|100px|100px|100px&#8221;][\/et_pb_image][\/et_pb_column][et_pb_column type=&#8221;3_5&#8243; _builder_version=&#8221;3.25&#8243; custom_padding=&#8221;|||&#8221; custom_padding__hover=&#8221;|||&#8221;][et_pb_text _builder_version=&#8221;4.9.7&#8243;]<\/p>\n<h4><span style=\"color: #ff6600;\"><strong><\/strong><\/span><\/h4>\n<h4><span style=\"color: #ff6600;\"><strong><\/strong><\/span><\/h4>\n<h4><span style=\"color: #ff6600;\"><strong><\/strong><\/span><\/h4>\n<h4><span style=\"color: #ff6600;\"><strong>Dr. Cherciu Sanda Mirela<\/strong><\/span><br \/><span style=\"color: #ff6600;\"><strong> Spitalul Arcadia<\/strong><\/span><\/h4>\n<p>[\/et_pb_text][\/et_pb_column][\/et_pb_row][et_pb_row _builder_version=&#8221;3.25&#8243; locked=&#8221;off&#8221;][et_pb_column type=&#8221;4_4&#8243; _builder_version=&#8221;3.25&#8243; custom_padding=&#8221;|||&#8221; custom_padding__hover=&#8221;|||&#8221;][et_pb_text _builder_version=&#8221;4.9.7&#8243;]<\/p>\n<p style=\"text-align: justify;\"><span style=\"color: #ff6600;\">Criterii dermatoscopice de diagnostic ale melanomului incipient (&#8220;thin melanoma&#8221;)<\/span><br \/><span style=\"color: #ff6600;\"> Autori: Sanda Mirela Cherciu, Adelina Harat-Batog, Laura Paviliu <\/span><\/p>\n<p style=\"text-align: justify;\"><span style=\"color: #000000;\"> Melanomul incipient -\u201ethin melanoma\u201d &#8211; (care cuprinde formele de melanom in situ \u0219i melanom invaziv, cu Breslow sub 1mm), este o categorie tumoral\u0103 cu supravie\u021buire de 85%-90% la 10 ani, dup\u0103 excizia chirurgical\u0103 cu margine de 1cm.<br \/>Interesul dermatoscopic \u00een evaluarea acestor pacien\u021bi const\u0103 \u00een interpretarea aspectului dermatoscopic \u0219i corelarea lui cu indicele Bresliw, pentru planificarea chirurgical\u0103 \u0219i selectarea pacien\u021bilor care pot avea nevoie de detectarea ganglionului santinela.<br \/>Daca ambele forme tind s\u0103 prezinte dermatoscopic asimetrie, puncte, globule atipice \u0219i mai mult de 2 culori, melanoamele invazive pot fi apreciate suplimentar prin prezen\u021ba a mai mult de 3 culori, zone \u201emilky red\u201d , val alb\u0103strui sau re\u021bea atipic\u0103 \u0219i prelungiri (\u201estreaks\u201d)<br \/>V\u0103 propunem o analiz\u0103 a studiilor publicate pe acest subiect, ilustrat\u0103 de cazuistica personal\u0103.<br \/><\/span><\/p>\n<p style=\"text-align: justify;\"><span style=\"color: #ff6600;\">Simpozion MagnaPharm: Ducray &#8211; \u00cengrijire complementar\u0103 \u00eempotriva c\u0103derii p\u0103rului<\/span><br \/><span style=\"color: #ff6600;\"> Lector: Sanda Mirela Cherciu <\/span><\/p>\n<p style=\"text-align: justify;\"><span style=\"color: #ff6600;\">Scurt CV<\/span><\/p>\n<p style=\"text-align: justify;\"><span style=\"color: #000000;\">Coordonator Centrul de Dermatologie \u0219i Estetic\u0103 Medical\u0103<br \/>Arcadia Spitale \u015fi Centre Medicale<br \/>Medic primar dermato-venerologie<br \/>Centrul Medical Providen\u0163a<\/span><\/p>\n<p style=\"text-align: justify;\"><span style=\"color: #000000;\"><em>Cursuri postuniversitare:<\/em><\/span><br \/><span style=\"color: #000000;\">2019- The 7`th European School of Dermato-Oncology , EADO , Berlin, Germania<\/span><br \/><span style=\"color: #000000;\">2017- Dermoscopy Excellence Masterclass, Roma, Italia<\/span><br \/><span style=\"color: #000000;\">2016- Skin Cancer Workshop, Bucuresti, Rom\u00e2nia<\/span><br \/><span style=\"color: #000000;\">2016- Vascular Malformations, EADV Course, Malmo, Suedia<\/span><br \/><span style=\"color: #000000;\">2015- Workshop in Aesthetic Medicine : ENDOPEEL, Milano, Italia<\/span><br \/><span style=\"color: #000000;\">2014- Basics and Advanced in Dermoscopy , Bucure\u015fti , Rom\u00e2nia<\/span><br \/><span style=\"color: #000000;\">2013: \u2013 Skintech Products and Techniques , Bucure\u015fti, Rom\u00e2nia<\/span><br \/><span style=\"color: #000000;\">2013: \u2013 Special Approaches in Reshaping with Hyaluronic Acid for Eyes Area , Bucure\u015fti, Rom\u00e2nia<\/span><br \/><span style=\"color: #000000;\">2013: \u2013 Certificate in Dermato-Cosmetology, Rom\u00e2nia<\/span><br \/><span style=\"color: #000000;\">2013: \u2013 Berlin Dermatology Day , Germania<\/span><br \/><span style=\"color: #000000;\">2012: Skin Surgery Workshop, Bristol , UK<\/span><br \/><span style=\"color: #000000;\">2012- The Role and The Place of Hyaluronic Acid in Aesthetetic Procedures , Bucure\u015fti, Romania<\/span><br \/><span style=\"color: #000000;\">2011: International Short Course of Dermoscopy , Graz, Austria<\/span><br \/><span style=\"color: #000000;\">2010: Moderne strategies in esthetic medicine: ART therapy, Ia\u015fi, Rom\u00e2nia<\/span><br \/><span style=\"color: #000000;\">2010: READY Course -Remicade Academy in Dermatology \u2013 Biologic Therapies, Paris, France<\/span><br \/><span style=\"color: #000000;\">2010: Training course for Candela Laser, Ia\u015fi, Rom\u00e2nia<\/span><br \/><span style=\"color: #000000;\">2010: Training course for Pulsar IPL System<\/span><br \/><span style=\"color: #000000;\">2010: AHA peels- applications in dermatology, Ia\u015fi, Rom\u00e2nia<\/span><br \/><span style=\"color: #000000;\">2010: Phototherapy- applications in dermatology, Ia\u015fi, Rom\u00e2nia<\/span><br \/><span style=\"color: #000000;\">2010: Applications of botullinum toxine in dermatology, Bucharest, Rom\u00e2nia<\/span><br \/><span style=\"color: #000000;\">2008: Lasers in dermatology , EADV Paris, France<\/span><br \/><span style=\"color: #000000;\">2008: Dermatoscopy Course, EADV Paris, France<\/span><br \/><span style=\"color: #000000;\">2008: Autoimmunity and psoriasis, Berlin, Germany<\/span><\/p>\n<p style=\"text-align: justify;\"><span style=\"color: #000000;\">Afilieri: Societatea Rom\u00e2n\u0103 de Dermatologie, EADV, EADO, International Society of Dermoscopy<\/span><\/p>\n<p>[\/et_pb_text][\/et_pb_column][\/et_pb_row][\/et_pb_section][et_pb_section fb_built=&#8221;1&#8243; _builder_version=&#8221;4.9.6&#8243; background_color=&#8221;rgba(117,194,33,0.23)&#8221; background_image=&#8221;https:\/\/pdi.ro\/2021\/wp-content\/uploads\/2021\/05\/PDI2021_header_1920x550px.jpg&#8221; background_blend=&#8221;multiply&#8221; custom_padding=&#8221;54px|0px|0|0px|false|false&#8221; top_divider_style=&#8221;waves2&#8243; top_divider_color=&#8221;#ffffff&#8221; top_divider_height=&#8221;155px&#8221; top_divider_height_tablet=&#8221;&#8221; top_divider_height_phone=&#8221;97px&#8221; top_divider_height_last_edited=&#8221;on|desktop&#8221; bottom_divider_style=&#8221;waves2&#8243; bottom_divider_color=&#8221;#75c221&#8243; bottom_divider_flip=&#8221;vertical&#8221; bottom_divider_height_tablet=&#8221;&#8221; bottom_divider_height_phone=&#8221;59px&#8221; bottom_divider_height_last_edited=&#8221;on|desktop&#8221; global_module=&#8221;9177&#8243; saved_tabs=&#8221;all&#8221;][et_pb_row column_structure=&#8221;3_5,2_5&#8243; _builder_version=&#8221;3.25&#8243; custom_padding=&#8221;61px|0px|69px|0px|false|false&#8221;][et_pb_column type=&#8221;3_5&#8243; _builder_version=&#8221;3.25&#8243; custom_padding=&#8221;|||&#8221; custom_padding__hover=&#8221;|||&#8221;][et_pb_text _builder_version=&#8221;4.9.4&#8243; text_font=&#8221;Kaushan Script||||||||&#8221; text_text_color=&#8221;#f0622a&#8221; text_font_size=&#8221;30px&#8221; text_line_height=&#8221;1.2em&#8221; header_font=&#8221;||||||||&#8221; background_layout=&#8221;dark&#8221; text_font_size_tablet=&#8221;&#8221; text_font_size_phone=&#8221;&#8221; text_font_size_last_edited=&#8221;on|desktop&#8221;]<\/p>\n<p>Contacteaz\u0103 operatorul PDI 2021<\/p>\n<p>[\/et_pb_text][et_pb_contact_form email=&#8221;contact@pdi.ro\/2021\/2019&#8243; submit_button_text=&#8221;Trimite mesajul&#8221; _builder_version=&#8221;4.9.4&#8243; title_font=&#8221;||||||||&#8221; custom_button=&#8221;on&#8221; button_text_color=&#8221;#F0622A&#8221;][et_pb_contact_field field_id=&#8221;Name&#8221; field_title=&#8221;Nume&#8221; _builder_version=&#8221;3.18.9&#8243; button_text_size__hover_enabled=&#8221;off&#8221; button_one_text_size__hover_enabled=&#8221;off&#8221; button_two_text_size__hover_enabled=&#8221;off&#8221; button_text_color__hover_enabled=&#8221;off&#8221; button_one_text_color__hover_enabled=&#8221;off&#8221; button_two_text_color__hover_enabled=&#8221;off&#8221; button_border_width__hover_enabled=&#8221;off&#8221; button_one_border_width__hover_enabled=&#8221;off&#8221; button_two_border_width__hover_enabled=&#8221;off&#8221; button_border_color__hover_enabled=&#8221;off&#8221; button_one_border_color__hover_enabled=&#8221;off&#8221; button_two_border_color__hover_enabled=&#8221;off&#8221; button_border_radius__hover_enabled=&#8221;off&#8221; button_one_border_radius__hover_enabled=&#8221;off&#8221; button_two_border_radius__hover_enabled=&#8221;off&#8221; button_letter_spacing__hover_enabled=&#8221;off&#8221; button_one_letter_spacing__hover_enabled=&#8221;off&#8221; button_two_letter_spacing__hover_enabled=&#8221;off&#8221; button_bg_color__hover_enabled=&#8221;off&#8221; button_one_bg_color__hover_enabled=&#8221;off&#8221; button_two_bg_color__hover_enabled=&#8221;off&#8221;][\/et_pb_contact_field][et_pb_contact_field field_id=&#8221;Email&#8221; field_title=&#8221;Adresa de e-mail&#8221; field_type=&#8221;email&#8221; _builder_version=&#8221;3.19.4&#8243; button_text_size__hover_enabled=&#8221;off&#8221; button_one_text_size__hover_enabled=&#8221;off&#8221; button_two_text_size__hover_enabled=&#8221;off&#8221; button_text_color__hover_enabled=&#8221;off&#8221; button_one_text_color__hover_enabled=&#8221;off&#8221; button_two_text_color__hover_enabled=&#8221;off&#8221; button_border_width__hover_enabled=&#8221;off&#8221; button_one_border_width__hover_enabled=&#8221;off&#8221; button_two_border_width__hover_enabled=&#8221;off&#8221; button_border_color__hover_enabled=&#8221;off&#8221; button_one_border_color__hover_enabled=&#8221;off&#8221; button_two_border_color__hover_enabled=&#8221;off&#8221; button_border_radius__hover_enabled=&#8221;off&#8221; button_one_border_radius__hover_enabled=&#8221;off&#8221; button_two_border_radius__hover_enabled=&#8221;off&#8221; button_letter_spacing__hover_enabled=&#8221;off&#8221; button_one_letter_spacing__hover_enabled=&#8221;off&#8221; button_two_letter_spacing__hover_enabled=&#8221;off&#8221; button_bg_color__hover_enabled=&#8221;off&#8221; button_one_bg_color__hover_enabled=&#8221;off&#8221; button_two_bg_color__hover_enabled=&#8221;off&#8221;][\/et_pb_contact_field][et_pb_contact_field field_id=&#8221;Message&#8221; field_title=&#8221;Mesajul dvs.&#8221; field_type=&#8221;text&#8221; fullwidth_field=&#8221;on&#8221; _builder_version=&#8221;3.18.9&#8243; button_text_size__hover_enabled=&#8221;off&#8221; button_one_text_size__hover_enabled=&#8221;off&#8221; button_two_text_size__hover_enabled=&#8221;off&#8221; button_text_color__hover_enabled=&#8221;off&#8221; button_one_text_color__hover_enabled=&#8221;off&#8221; button_two_text_color__hover_enabled=&#8221;off&#8221; button_border_width__hover_enabled=&#8221;off&#8221; button_one_border_width__hover_enabled=&#8221;off&#8221; button_two_border_width__hover_enabled=&#8221;off&#8221; button_border_color__hover_enabled=&#8221;off&#8221; button_one_border_color__hover_enabled=&#8221;off&#8221; button_two_border_color__hover_enabled=&#8221;off&#8221; button_border_radius__hover_enabled=&#8221;off&#8221; button_one_border_radius__hover_enabled=&#8221;off&#8221; button_two_border_radius__hover_enabled=&#8221;off&#8221; button_letter_spacing__hover_enabled=&#8221;off&#8221; button_one_letter_spacing__hover_enabled=&#8221;off&#8221; button_two_letter_spacing__hover_enabled=&#8221;off&#8221; button_bg_color__hover_enabled=&#8221;off&#8221; button_one_bg_color__hover_enabled=&#8221;off&#8221; button_two_bg_color__hover_enabled=&#8221;off&#8221;][\/et_pb_contact_field][\/et_pb_contact_form][\/et_pb_column][et_pb_column type=&#8221;2_5&#8243; _builder_version=&#8221;3.25&#8243; custom_padding=&#8221;|||&#8221; custom_padding__hover=&#8221;|||&#8221;][et_pb_text _builder_version=&#8221;4.9.4&#8243; text_font=&#8221;Kaushan Script||||||||&#8221; text_text_color=&#8221;#f0622a&#8221; text_font_size=&#8221;30px&#8221; header_font=&#8221;||||||||&#8221; background_layout=&#8221;dark&#8221;]<\/p>\n<p>Operatorul PDI 2021<\/p>\n<p>[\/et_pb_text][et_pb_text _builder_version=&#8221;4.0.11&#8243; text_font=&#8221;||||||||&#8221;]<\/p>\n<p><span><img loading=\"lazy\" decoding=\"async\" src=\"https:\/\/pdi.ro\/2021\/wp-content\/uploads\/2020\/02\/eventer_logo_150px.png\" width=\"151\" height=\"33\" alt=\"\" class=\"wp-image-774 alignleft size-full\" \/><\/span><\/p>\n<p><span><\/span><\/p>\n<p><span><\/span><\/p>\n<p><span>Adresa: Str. A. Panu nr. 13, Iasi<\/span><br \/> <span>Tel.: 0332.40.88.00-05<\/span><br \/> <span>E-mail: <a href=\"mailto:inscrieri@primaderma.ro\" target=\"_blank\" rel=\"noopener noreferrer\">inscrieri@primaderma.ro<\/a><br \/> <\/span><span>Website:\u00a0<\/span><a href=\"http:\/\/www.eventernet.ro\/\" target=\"Blank\" rel=\"noopener noreferrer\">www.eventernet.ro<\/a><\/p>\n<p>[\/et_pb_text][et_pb_text disabled_on=&#8221;off|off|off&#8221; _builder_version=&#8221;4.0.11&#8243; text_font=&#8221;Kaushan Script||||||||&#8221; text_text_color=&#8221;#f0622a&#8221; text_font_size=&#8221;30px&#8221; header_font=&#8221;||||||||&#8221; background_layout=&#8221;dark&#8221; locked=&#8221;off&#8221;]<\/p>\n<p>Parteneri Media<\/p>\n<p>[\/et_pb_text][et_pb_gallery gallery_ids=&#8221;7203,7204,9252,9464,10156,10157&#8243; fullwidth=&#8221;on&#8221; _builder_version=&#8221;4.9.7&#8243; transform_scale=&#8221;86%|86%&#8221; max_width=&#8221;63%&#8221; auto=&#8221;on&#8221; auto_speed=&#8221;3500&#8243; hover_transition_duration=&#8221;100ms&#8221; hover_transition_delay=&#8221;50ms&#8221; hover_transition_speed_curve=&#8221;ease-in-out&#8221; locked=&#8221;off&#8221;][\/et_pb_gallery][\/et_pb_column][\/et_pb_row][\/et_pb_section]<\/p>\n","protected":false},"excerpt":{"rendered":"<p>Dr. Cherciu Sanda Mirela Spitalul ArcadiaCriterii dermatoscopice de diagnostic ale melanomului incipient (&#8220;thin melanoma&#8221;) Autori: Sanda Mirela Cherciu, Adelina Harat-Batog, Laura Paviliu Melanomul incipient -\u201ethin melanoma\u201d &#8211; (care cuprinde formele de melanom in situ \u0219i melanom invaziv, cu Breslow sub 1mm), este o categorie tumoral\u0103 cu supravie\u021buire de 85%-90% la 10 ani, dup\u0103 excizia chirurgical\u0103 [&hellip;]<\/p>\n","protected":false},"author":2,"featured_media":0,"parent":0,"menu_order":0,"comment_status":"closed","ping_status":"closed","template":"","meta":{"_et_pb_use_builder":"on","_et_pb_old_content":"","_et_gb_content_width":"","footnotes":""},"class_list":["post-9663","page","type-page","status-publish","hentry"],"_links":{"self":[{"href":"https:\/\/pdi.ro\/2021\/wp-json\/wp\/v2\/pages\/9663","targetHints":{"allow":["GET"]}}],"collection":[{"href":"https:\/\/pdi.ro\/2021\/wp-json\/wp\/v2\/pages"}],"about":[{"href":"https:\/\/pdi.ro\/2021\/wp-json\/wp\/v2\/types\/page"}],"author":[{"embeddable":true,"href":"https:\/\/pdi.ro\/2021\/wp-json\/wp\/v2\/users\/2"}],"replies":[{"embeddable":true,"href":"https:\/\/pdi.ro\/2021\/wp-json\/wp\/v2\/comments?post=9663"}],"version-history":[{"count":11,"href":"https:\/\/pdi.ro\/2021\/wp-json\/wp\/v2\/pages\/9663\/revisions"}],"predecessor-version":[{"id":10435,"href":"https:\/\/pdi.ro\/2021\/wp-json\/wp\/v2\/pages\/9663\/revisions\/10435"}],"wp:attachment":[{"href":"https:\/\/pdi.ro\/2021\/wp-json\/wp\/v2\/media?parent=9663"}],"curies":[{"name":"wp","href":"https:\/\/api.w.org\/{rel}","templated":true}]}}