{"id":9670,"date":"2021-07-02T15:01:51","date_gmt":"2021-07-02T13:01:51","guid":{"rendered":"https:\/\/primaderma.ro\/?page_id=9670"},"modified":"2021-07-05T11:20:13","modified_gmt":"2021-07-05T09:20:13","slug":"dr-cojocariu-raluca","status":"publish","type":"page","link":"https:\/\/pdi.ro\/2021\/dr-cojocariu-raluca\/","title":{"rendered":"Dr. Cojocariu Raluca"},"content":{"rendered":"<p>[et_pb_section fb_built=&#8221;1&#8243; fullwidth=&#8221;on&#8221; disabled_on=&#8221;on|off|off&#8221; _builder_version=&#8221;3.22&#8243; custom_margin=&#8221;||&#8221; custom_padding=&#8221;15px||29px&#8221; top_divider_style=&#8221;waves2&#8243; top_divider_color=&#8221;#f0622a&#8221; top_divider_flip=&#8221;horizontal|vertical&#8221; bottom_divider_style=&#8221;waves2&#8243; bottom_divider_color=&#8221;#fcdedb&#8221; bottom_divider_height=&#8221;105px&#8221; bottom_divider_flip=&#8221;vertical&#8221; global_module=&#8221;9062&#8243; collapsed=&#8221;off&#8221;][et_pb_fullwidth_header title=&#8221;@ET-DC@eyJkeW5hbWljIjp0cnVlLCJjb250ZW50IjoicG9zdF90aXRsZSIsInNldHRpbmdzIjp7ImJlZm9yZSI6IiIsImFmdGVyIjoiIn19@&#8221; text_orientation=&#8221;right&#8221; header_image_url=&#8221;https:\/\/pdi.ro\/2021\/wp-content\/uploads\/2021\/05\/PDI2021_logo_header_int_600x300px.png&#8221; disabled_on=&#8221;on|on|off&#8221; _builder_version=&#8221;4.9.4&#8243; _dynamic_attributes=&#8221;title&#8221; title_font=&#8221;Kaushan Script||||||||&#8221; title_text_align=&#8221;right&#8221; title_text_color=&#8221;#f0622a&#8221; title_font_size=&#8221;50px&#8221; content_font=&#8221;|600||on|||||&#8221; content_text_align=&#8221;center&#8221; content_text_color=&#8221;#686766&#8243; content_font_size=&#8221;15px&#8221; subhead_font=&#8221;||||||||&#8221; background_color=&#8221;#ef916b&#8221; background_image=&#8221;https:\/\/pdi.ro\/2021\/wp-content\/uploads\/2021\/05\/PDI2021_header_1920x550px.jpg&#8221; background_blend=&#8221;luminosity&#8221; background_layout=&#8221;light&#8221; custom_margin=&#8221;0px||8px&#8221; custom_padding=&#8221;40px||40px||true&#8221; content_font_size_tablet=&#8221;&#8221; content_font_size_phone=&#8221;15px&#8221; content_font_size_last_edited=&#8221;on|desktop&#8221;][\/et_pb_fullwidth_header][\/et_pb_section][et_pb_section fb_built=&#8221;1&#8243; _builder_version=&#8221;3.22&#8243;][et_pb_row column_structure=&#8221;2_5,3_5&#8243; _builder_version=&#8221;3.25&#8243; locked=&#8221;off&#8221;][et_pb_column type=&#8221;2_5&#8243; _builder_version=&#8221;3.25&#8243; custom_padding=&#8221;|||&#8221; custom_padding__hover=&#8221;|||&#8221;][et_pb_image src=&#8221;https:\/\/pdi.ro\/2021\/wp-content\/uploads\/2021\/07\/Cojocariu-Raluca.jpg&#8221; title_text=&#8221;Cojocariu Raluca&#8221; align=&#8221;center&#8221; align_tablet=&#8221;center&#8221; align_phone=&#8221;&#8221; align_last_edited=&#8221;on|desktop&#8221; _builder_version=&#8221;4.9.6&#8243; max_width=&#8221;25%&#8221; border_radii=&#8221;on|100px|100px|100px|100px&#8221;][\/et_pb_image][\/et_pb_column][et_pb_column type=&#8221;3_5&#8243; _builder_version=&#8221;3.25&#8243; custom_padding=&#8221;|||&#8221; custom_padding__hover=&#8221;|||&#8221;][et_pb_text _builder_version=&#8221;4.9.6&#8243;]<\/p>\n<h4><span style=\"color: #ff6600;\"><strong><\/strong><\/span><\/h4>\n<h4><span style=\"color: #ff6600;\"><strong><\/strong><\/span><\/h4>\n<h4><span style=\"color: #ff6600;\"><strong><\/strong><\/span><\/h4>\n<h4><span style=\"color: #ff6600;\"><strong>Dr. Cojocariu Raluca<\/strong><\/span><br \/><span style=\"color: #ff6600;\"><strong>Clinica Dermalux<br \/>\nRe\u021beaua Privat\u0103 de S\u0103n\u0103tate &#8220;Regina Maria&#8221; <\/strong><\/span><\/h4>\n<p>[\/et_pb_text][\/et_pb_column][\/et_pb_row][et_pb_row _builder_version=&#8221;3.25&#8243; locked=&#8221;off&#8221;][et_pb_column type=&#8221;4_4&#8243; _builder_version=&#8221;3.25&#8243; custom_padding=&#8221;|||&#8221; custom_padding__hover=&#8221;|||&#8221;][et_pb_text _builder_version=&#8221;4.9.6&#8243;]<\/p>\n<p style=\"text-align: justify;\"><span style=\"color: #ff6600;\">Dermatita atopic\u0103 \u0219i alergiile<\/span><br \/><span style=\"color: #ff6600;\"> Autor: Raluca Cojocariu<\/span><\/p>\n<p style=\"text-align: justify;\"><span style=\"color: #000000;\"> Cuvinte cheie: dermatita atopic\u0103, alergii, atopie, mar\u0219ul alergic<\/span><\/p>\n<p style=\"text-align: justify;\"><span style=\"color: #000000;\">Dermatita atopic\u0103 constituie o entitate clinic\u0103 ce traduce o suferin\u021b\u0103 cutanat\u0103 persistent\u0103 cu exacerb\u0103ri repetate, exprimat\u0103 prin prurit, leziuni tegumentare cu morfologie \u0219i distribu\u021bie tipic\u0103 asociate unui istoric personal sau familial de atopie. Pacien\u021bii cu dermatita atopic\u0103 prezint\u0103 o rat\u0103 mai mare a afec\u021biunilor alergice dec\u00e2t popula\u021bia general\u0103. Un procent semnificativ al copiilor cu dermatit\u0103 atopic\u0103 va dezvolta \u00een adolescen\u021b\u0103 sau la maturitate rinita alergic\u0103 sau astm bron\u0219ic, progresie ce poart\u0103 denumirea de \u201cMar\u0219 alergic\u201d. O propor\u021bie de 10% &#8211; 20% dintre pacien\u021bii cu dermatita atopic\u0103 sufer\u0103 de alergii alimentare ce au ca expresie clinic\u0103 urticaria sau anafilaxia fa\u021b\u0103 de popula\u021bia general\u0103 \u00een care procentul acestora este de 1% &#8211; 3%. La sugari \u0219i copii mici (&lt;6 ani) cu dermatita atopic\u0103 procentul alergiilor alimentare ce pot conduce la exacerb\u0103ri variaz\u0103 \u00eentre 15% &#8211; 30%. Debutul precoce al dermatitei atopice \u0219i formele clinice severe sunt frecvent asociate cu alergiile alimentare IgE mediate induse de proteinele din ou, lapte \u0219i arahide. Pacien\u021bii ce asociaz\u0103 sensibiliz\u0103ri alimentare \u0219i respiratorii induse de acarieni prezint\u0103 risc crescut de persisten\u021b\u0103 a dermatitei \u0219i dup\u0103 v\u00e2rsta de 5 ani. La adul\u021bii cu dermatita atopic\u0103 \u00eent\u00e2lnim dou\u0103 aspecte: continuarea dermatitei cu debut \u00een copil\u0103rie \u0219i debutul tardiv instalat la maturitate. Asocierea sensibiliz\u0103rii alergice de contact trebuie suspectat\u0103 \u00een cazurile de dermatita atopic\u0103 moderat-severe refractare la tratament \u0219i cu dispunere atipic\u0103 a leziunilor. Investiga\u021bii alergologice \u00een practica clinic\u0103: testele cutanate alergologice tip prick, testele de provocare. Determin\u0103rile moleculare singleplex sau multiplex, testul de activarea al bazofilelor, testele epicutanate patch.<\/span><\/p>\n<p style=\"text-align: justify;\"><span style=\"color: #ff6600;\">Atopic dermatitis and allergies<\/span><br \/><span style=\"color: #ff6600;\"> Autor: Raluca Cojocariu<\/span><\/p>\n<p style=\"text-align: justify;\"><span style=\"color: #000000;\">Keywords: atopic dermatitis, allergies, atopy, atopic march<\/span><\/p>\n<p style=\"text-align: justify;\"><span style=\"color: #000000;\">Atopic dermatitis is a clinical entity that translates a persistent skin condition with repeated exacerbations, expressed by pruritus, skin lesions with morphology and typical distribution and the association of a personal or family history of atopy. Patients with atopic dermatitis have a higher rate of allergic diseases than the general population. A significant percentage of children with atopic dermatitis will develop allergic rhinitis or asthma in adolescence or adulthood, progression called &#8220;Atopic march&#8221;. A proportion of 10-20% of patients with atopic dermatitis suffer from food allergies whose clinical expression is urticaria or anaphylaxis compared to the general population in which their percentage is 1-3%. In infants and young children (&lt;6 years) with atopic dermatitis, the percentage of food allergies that can lead to exacerbations varies between 15-30%. Early onset of atopic dermatitis and severe clinical forms are most often associated with IgE-mediated food allergies induced by egg, milk and peanut proteins. Patients with atopic dermatitis associated with food and respiratory sensitization induced by mites have an increased risk of persistent dermatitis even after the age of 5 years. Adult atopic dermatitis can be differentiated into two main disease courses: the continuation of dermatitis with onset in childhood and late onset dermatitis in adulthood. Allergic contact dermatitis should be suspected in cases of moderate to severe atopic dermatitis refractory to treatment and with atypical disposition of the lesions. Allergological investigations in clinical practice: Allergic skin prick test, Challenge tests, Molecular determinations &#8211; single or multiplex, Basophil activation test, Epicutaneous patch tests.<\/span><\/p>\n<p style=\"text-align: justify;\"><span style=\"color: #ff6600;\">Scurt CV<\/span><\/p>\n<p style=\"text-align: justify;\"><span style=\"color: #000000;\">Absolvent\u0103 a Universit\u0103\u021bii de Medicin\u0103 \u0219i Farmacie \u201cGrigore T. Popa\u201d Ia\u0219i promo\u021bia 2008, cu preg\u0103tire timp de 5 ani \u00een Alergologie \u0219i Imunologie Clinic\u0103 urm\u00e2nd reziden\u021biatul \u00een cadrul Spit. Cl. Univ. de Urgen\u021be \u201cSf. Spiridon\u201d Ia\u0219i, ob\u021bin\u00e2nd specializarea \u00een Alergologie \u0219i Imunologie Clinic\u0103 \u00een anul 2013. Din anul 2014 activitate medical\u0103 desf\u0103\u0219urat\u0103 \u00een re\u021beaua privat\u0103 de s\u0103n\u0103tate ca medic specialist iar din anul 2020 ca medic primar alergolog \u00een cadrul Clinicii Regina Maria \u0219i a Centrului Medical Consultmed Ia\u0219i.<br \/>Afiliere<br \/>\u2022 Societatea Rom\u00e2n\u0103 de Alergologie \u0219i Imunologie Clinic\u0103 (SRAIC)<br \/>\u2022 Academia European\u0103 de Alergologie \u0219i Imunologie Clinic\u0103 (EAACI)<br \/>\u2022 Organiza\u021bia Mondial\u0103 de Alergologie \u0219i Imunologie Clinic\u0103 (WAO)<br \/>\u2022 Asocia\u021bia Dermatologilor din Moldova<br \/>Alte lucr\u0103ri prezentate \u00een cadrul evenimentelor medicale: Abordarea pacientului cu alergie la medicamente, Urticaria \u0219i angioedemul induse de stres, Testarea epicutanat\u0103 tip patch, Alergiile medicamentoase.<br \/><\/span><\/p>\n<p>[\/et_pb_text][\/et_pb_column][\/et_pb_row][\/et_pb_section][et_pb_section fb_built=&#8221;1&#8243; _builder_version=&#8221;4.9.6&#8243; background_color=&#8221;rgba(117,194,33,0.23)&#8221; background_image=&#8221;https:\/\/pdi.ro\/2021\/wp-content\/uploads\/2021\/05\/PDI2021_header_1920x550px.jpg&#8221; background_blend=&#8221;multiply&#8221; custom_padding=&#8221;54px|0px|0|0px|false|false&#8221; top_divider_style=&#8221;waves2&#8243; top_divider_color=&#8221;#ffffff&#8221; top_divider_height=&#8221;155px&#8221; top_divider_height_tablet=&#8221;&#8221; top_divider_height_phone=&#8221;97px&#8221; top_divider_height_last_edited=&#8221;on|desktop&#8221; bottom_divider_style=&#8221;waves2&#8243; bottom_divider_color=&#8221;#75c221&#8243; bottom_divider_flip=&#8221;vertical&#8221; bottom_divider_height_tablet=&#8221;&#8221; bottom_divider_height_phone=&#8221;59px&#8221; bottom_divider_height_last_edited=&#8221;on|desktop&#8221; global_module=&#8221;9177&#8243; saved_tabs=&#8221;all&#8221;][et_pb_row column_structure=&#8221;3_5,2_5&#8243; _builder_version=&#8221;3.25&#8243; custom_padding=&#8221;61px|0px|69px|0px|false|false&#8221;][et_pb_column type=&#8221;3_5&#8243; _builder_version=&#8221;3.25&#8243; custom_padding=&#8221;|||&#8221; custom_padding__hover=&#8221;|||&#8221;][et_pb_text _builder_version=&#8221;4.9.4&#8243; text_font=&#8221;Kaushan Script||||||||&#8221; text_text_color=&#8221;#f0622a&#8221; text_font_size=&#8221;30px&#8221; text_line_height=&#8221;1.2em&#8221; header_font=&#8221;||||||||&#8221; background_layout=&#8221;dark&#8221; text_font_size_tablet=&#8221;&#8221; text_font_size_phone=&#8221;&#8221; text_font_size_last_edited=&#8221;on|desktop&#8221;]<\/p>\n<p>Contacteaz\u0103 operatorul PDI 2021<\/p>\n<p>[\/et_pb_text][et_pb_contact_form email=&#8221;contact@pdi.ro\/2021\/2019&#8243; submit_button_text=&#8221;Trimite mesajul&#8221; _builder_version=&#8221;4.9.4&#8243; title_font=&#8221;||||||||&#8221; custom_button=&#8221;on&#8221; button_text_color=&#8221;#F0622A&#8221;][et_pb_contact_field field_id=&#8221;Name&#8221; field_title=&#8221;Nume&#8221; _builder_version=&#8221;3.18.9&#8243; button_text_size__hover_enabled=&#8221;off&#8221; button_one_text_size__hover_enabled=&#8221;off&#8221; button_two_text_size__hover_enabled=&#8221;off&#8221; button_text_color__hover_enabled=&#8221;off&#8221; button_one_text_color__hover_enabled=&#8221;off&#8221; button_two_text_color__hover_enabled=&#8221;off&#8221; button_border_width__hover_enabled=&#8221;off&#8221; button_one_border_width__hover_enabled=&#8221;off&#8221; button_two_border_width__hover_enabled=&#8221;off&#8221; button_border_color__hover_enabled=&#8221;off&#8221; button_one_border_color__hover_enabled=&#8221;off&#8221; button_two_border_color__hover_enabled=&#8221;off&#8221; button_border_radius__hover_enabled=&#8221;off&#8221; button_one_border_radius__hover_enabled=&#8221;off&#8221; button_two_border_radius__hover_enabled=&#8221;off&#8221; button_letter_spacing__hover_enabled=&#8221;off&#8221; button_one_letter_spacing__hover_enabled=&#8221;off&#8221; button_two_letter_spacing__hover_enabled=&#8221;off&#8221; button_bg_color__hover_enabled=&#8221;off&#8221; button_one_bg_color__hover_enabled=&#8221;off&#8221; button_two_bg_color__hover_enabled=&#8221;off&#8221;][\/et_pb_contact_field][et_pb_contact_field field_id=&#8221;Email&#8221; field_title=&#8221;Adresa de e-mail&#8221; field_type=&#8221;email&#8221; _builder_version=&#8221;3.19.4&#8243; button_text_size__hover_enabled=&#8221;off&#8221; button_one_text_size__hover_enabled=&#8221;off&#8221; button_two_text_size__hover_enabled=&#8221;off&#8221; button_text_color__hover_enabled=&#8221;off&#8221; button_one_text_color__hover_enabled=&#8221;off&#8221; button_two_text_color__hover_enabled=&#8221;off&#8221; button_border_width__hover_enabled=&#8221;off&#8221; button_one_border_width__hover_enabled=&#8221;off&#8221; button_two_border_width__hover_enabled=&#8221;off&#8221; button_border_color__hover_enabled=&#8221;off&#8221; button_one_border_color__hover_enabled=&#8221;off&#8221; button_two_border_color__hover_enabled=&#8221;off&#8221; button_border_radius__hover_enabled=&#8221;off&#8221; button_one_border_radius__hover_enabled=&#8221;off&#8221; button_two_border_radius__hover_enabled=&#8221;off&#8221; button_letter_spacing__hover_enabled=&#8221;off&#8221; button_one_letter_spacing__hover_enabled=&#8221;off&#8221; button_two_letter_spacing__hover_enabled=&#8221;off&#8221; button_bg_color__hover_enabled=&#8221;off&#8221; button_one_bg_color__hover_enabled=&#8221;off&#8221; button_two_bg_color__hover_enabled=&#8221;off&#8221;][\/et_pb_contact_field][et_pb_contact_field field_id=&#8221;Message&#8221; field_title=&#8221;Mesajul dvs.&#8221; field_type=&#8221;text&#8221; fullwidth_field=&#8221;on&#8221; _builder_version=&#8221;3.18.9&#8243; button_text_size__hover_enabled=&#8221;off&#8221; button_one_text_size__hover_enabled=&#8221;off&#8221; button_two_text_size__hover_enabled=&#8221;off&#8221; button_text_color__hover_enabled=&#8221;off&#8221; button_one_text_color__hover_enabled=&#8221;off&#8221; button_two_text_color__hover_enabled=&#8221;off&#8221; button_border_width__hover_enabled=&#8221;off&#8221; button_one_border_width__hover_enabled=&#8221;off&#8221; button_two_border_width__hover_enabled=&#8221;off&#8221; button_border_color__hover_enabled=&#8221;off&#8221; button_one_border_color__hover_enabled=&#8221;off&#8221; button_two_border_color__hover_enabled=&#8221;off&#8221; button_border_radius__hover_enabled=&#8221;off&#8221; button_one_border_radius__hover_enabled=&#8221;off&#8221; button_two_border_radius__hover_enabled=&#8221;off&#8221; button_letter_spacing__hover_enabled=&#8221;off&#8221; button_one_letter_spacing__hover_enabled=&#8221;off&#8221; button_two_letter_spacing__hover_enabled=&#8221;off&#8221; button_bg_color__hover_enabled=&#8221;off&#8221; button_one_bg_color__hover_enabled=&#8221;off&#8221; button_two_bg_color__hover_enabled=&#8221;off&#8221;][\/et_pb_contact_field][\/et_pb_contact_form][\/et_pb_column][et_pb_column type=&#8221;2_5&#8243; _builder_version=&#8221;3.25&#8243; custom_padding=&#8221;|||&#8221; custom_padding__hover=&#8221;|||&#8221;][et_pb_text _builder_version=&#8221;4.9.4&#8243; text_font=&#8221;Kaushan Script||||||||&#8221; text_text_color=&#8221;#f0622a&#8221; text_font_size=&#8221;30px&#8221; header_font=&#8221;||||||||&#8221; background_layout=&#8221;dark&#8221;]<\/p>\n<p>Operatorul PDI 2021<\/p>\n<p>[\/et_pb_text][et_pb_text _builder_version=&#8221;4.0.11&#8243; text_font=&#8221;||||||||&#8221;]<\/p>\n<p><span><img loading=\"lazy\" decoding=\"async\" src=\"https:\/\/pdi.ro\/2021\/wp-content\/uploads\/2020\/02\/eventer_logo_150px.png\" width=\"151\" height=\"33\" alt=\"\" class=\"wp-image-774 alignleft size-full\" \/><\/span><\/p>\n<p><span><\/span><\/p>\n<p><span><\/span><\/p>\n<p><span>Adresa: Str. A. Panu nr. 13, Iasi<\/span><br \/> <span>Tel.: 0332.40.88.00-05<\/span><br \/> <span>E-mail: <a href=\"mailto:inscrieri@primaderma.ro\" target=\"_blank\" rel=\"noopener noreferrer\">inscrieri@primaderma.ro<\/a><br \/> <\/span><span>Website:\u00a0<\/span><a href=\"http:\/\/www.eventernet.ro\/\" target=\"Blank\" rel=\"noopener noreferrer\">www.eventernet.ro<\/a><\/p>\n<p>[\/et_pb_text][et_pb_text disabled_on=&#8221;off|off|off&#8221; _builder_version=&#8221;4.0.11&#8243; text_font=&#8221;Kaushan Script||||||||&#8221; text_text_color=&#8221;#f0622a&#8221; text_font_size=&#8221;30px&#8221; header_font=&#8221;||||||||&#8221; background_layout=&#8221;dark&#8221; locked=&#8221;off&#8221;]<\/p>\n<p>Parteneri Media<\/p>\n<p>[\/et_pb_text][et_pb_gallery gallery_ids=&#8221;7203,7204,9252,9464&#8243; fullwidth=&#8221;on&#8221; _builder_version=&#8221;4.9.6&#8243; transform_scale=&#8221;86%|86%&#8221; max_width=&#8221;63%&#8221; auto=&#8221;on&#8221; auto_speed=&#8221;3500&#8243; hover_transition_duration=&#8221;100ms&#8221; hover_transition_delay=&#8221;50ms&#8221; hover_transition_speed_curve=&#8221;ease-in-out&#8221; locked=&#8221;off&#8221;][\/et_pb_gallery][\/et_pb_column][\/et_pb_row][\/et_pb_section]<\/p>\n","protected":false},"excerpt":{"rendered":"<p>Dr. Cojocariu RalucaClinica Dermalux Re\u021beaua Privat\u0103 de S\u0103n\u0103tate &#8220;Regina Maria&#8221; Dermatita atopic\u0103 \u0219i alergiile Autor: Raluca Cojocariu Cuvinte cheie: dermatita atopic\u0103, alergii, atopie, mar\u0219ul alergic Dermatita atopic\u0103 constituie o entitate clinic\u0103 ce traduce o suferin\u021b\u0103 cutanat\u0103 persistent\u0103 cu exacerb\u0103ri repetate, exprimat\u0103 prin prurit, leziuni tegumentare cu morfologie \u0219i distribu\u021bie tipic\u0103 asociate unui istoric personal sau [&hellip;]<\/p>\n","protected":false},"author":2,"featured_media":0,"parent":0,"menu_order":0,"comment_status":"closed","ping_status":"closed","template":"","meta":{"_et_pb_use_builder":"on","_et_pb_old_content":"","_et_gb_content_width":"","footnotes":""},"class_list":["post-9670","page","type-page","status-publish","hentry"],"_links":{"self":[{"href":"https:\/\/pdi.ro\/2021\/wp-json\/wp\/v2\/pages\/9670","targetHints":{"allow":["GET"]}}],"collection":[{"href":"https:\/\/pdi.ro\/2021\/wp-json\/wp\/v2\/pages"}],"about":[{"href":"https:\/\/pdi.ro\/2021\/wp-json\/wp\/v2\/types\/page"}],"author":[{"embeddable":true,"href":"https:\/\/pdi.ro\/2021\/wp-json\/wp\/v2\/users\/2"}],"replies":[{"embeddable":true,"href":"https:\/\/pdi.ro\/2021\/wp-json\/wp\/v2\/comments?post=9670"}],"version-history":[{"count":6,"href":"https:\/\/pdi.ro\/2021\/wp-json\/wp\/v2\/pages\/9670\/revisions"}],"predecessor-version":[{"id":9719,"href":"https:\/\/pdi.ro\/2021\/wp-json\/wp\/v2\/pages\/9670\/revisions\/9719"}],"wp:attachment":[{"href":"https:\/\/pdi.ro\/2021\/wp-json\/wp\/v2\/media?parent=9670"}],"curies":[{"name":"wp","href":"https:\/\/api.w.org\/{rel}","templated":true}]}}