{"id":9694,"date":"2021-07-02T16:18:15","date_gmt":"2021-07-02T14:18:15","guid":{"rendered":"https:\/\/primaderma.ro\/?page_id=9694"},"modified":"2021-07-02T16:18:15","modified_gmt":"2021-07-02T14:18:15","slug":"conf-dr-cristodor-patricia","status":"publish","type":"page","link":"https:\/\/pdi.ro\/2021\/conf-dr-cristodor-patricia\/","title":{"rendered":"Conf. Dr. Cristodor Patricia"},"content":{"rendered":"<p>[et_pb_section fb_built=&#8221;1&#8243; fullwidth=&#8221;on&#8221; disabled_on=&#8221;on|off|off&#8221; _builder_version=&#8221;3.22&#8243; custom_margin=&#8221;||&#8221; custom_padding=&#8221;15px||29px&#8221; top_divider_style=&#8221;waves2&#8243; top_divider_color=&#8221;#f0622a&#8221; top_divider_flip=&#8221;horizontal|vertical&#8221; bottom_divider_style=&#8221;waves2&#8243; bottom_divider_color=&#8221;#fcdedb&#8221; bottom_divider_height=&#8221;105px&#8221; bottom_divider_flip=&#8221;vertical&#8221; global_module=&#8221;9062&#8243; collapsed=&#8221;off&#8221;][et_pb_fullwidth_header title=&#8221;@ET-DC@eyJkeW5hbWljIjp0cnVlLCJjb250ZW50IjoicG9zdF90aXRsZSIsInNldHRpbmdzIjp7ImJlZm9yZSI6IiIsImFmdGVyIjoiIn19@&#8221; text_orientation=&#8221;right&#8221; header_image_url=&#8221;https:\/\/pdi.ro\/2021\/wp-content\/uploads\/2021\/05\/PDI2021_logo_header_int_600x300px.png&#8221; disabled_on=&#8221;on|on|off&#8221; _builder_version=&#8221;4.9.4&#8243; _dynamic_attributes=&#8221;title&#8221; title_font=&#8221;Kaushan Script||||||||&#8221; title_text_align=&#8221;right&#8221; title_text_color=&#8221;#f0622a&#8221; title_font_size=&#8221;50px&#8221; content_font=&#8221;|600||on|||||&#8221; content_text_align=&#8221;center&#8221; content_text_color=&#8221;#686766&#8243; content_font_size=&#8221;15px&#8221; subhead_font=&#8221;||||||||&#8221; background_color=&#8221;#ef916b&#8221; background_image=&#8221;https:\/\/pdi.ro\/2021\/wp-content\/uploads\/2021\/05\/PDI2021_header_1920x550px.jpg&#8221; background_blend=&#8221;luminosity&#8221; background_layout=&#8221;light&#8221; custom_margin=&#8221;0px||8px&#8221; custom_padding=&#8221;40px||40px||true&#8221; content_font_size_tablet=&#8221;&#8221; content_font_size_phone=&#8221;15px&#8221; content_font_size_last_edited=&#8221;on|desktop&#8221;][\/et_pb_fullwidth_header][\/et_pb_section][et_pb_section fb_built=&#8221;1&#8243; _builder_version=&#8221;3.22&#8243;][et_pb_row column_structure=&#8221;2_5,3_5&#8243; _builder_version=&#8221;3.25&#8243; locked=&#8221;off&#8221;][et_pb_column type=&#8221;2_5&#8243; _builder_version=&#8221;3.25&#8243; custom_padding=&#8221;|||&#8221; custom_padding__hover=&#8221;|||&#8221;][et_pb_image src=&#8221;https:\/\/pdi.ro\/2021\/wp-content\/uploads\/2021\/07\/CristidorPatricia_1.jpg&#8221; title_text=&#8221;CristidorPatricia_1&#8243; align=&#8221;center&#8221; align_tablet=&#8221;center&#8221; align_phone=&#8221;&#8221; align_last_edited=&#8221;on|desktop&#8221; _builder_version=&#8221;4.9.6&#8243; max_width=&#8221;25%&#8221; hover_enabled=&#8221;0&#8243; border_radii=&#8221;on|100px|100px|100px|100px&#8221; sticky_enabled=&#8221;0&#8243;][\/et_pb_image][\/et_pb_column][et_pb_column type=&#8221;3_5&#8243; _builder_version=&#8221;3.25&#8243; custom_padding=&#8221;|||&#8221; custom_padding__hover=&#8221;|||&#8221;][et_pb_text _builder_version=&#8221;4.9.6&#8243; hover_enabled=&#8221;0&#8243; sticky_enabled=&#8221;0&#8243;]<\/p>\n<h4><span style=\"color: #ff6600;\"><strong><\/strong><\/span><\/h4>\n<h4><span style=\"color: #ff6600;\"><strong><\/strong><\/span><\/h4>\n<h4><span style=\"color: #ff6600;\"><strong><\/strong><\/span><\/h4>\n<h4><span style=\"color: #ff6600;\"><strong>Conf. Dr. Cristodor Patricia<\/strong><\/span><br \/>\n<span style=\"color: #ff6600;\"><strong>Universitatea de Medicin\u0103 \u0219i Farmacie \u201cVictor Babe\u0219\u201d Timi\u0219oara<\/strong><\/span><\/h4>\n<p>[\/et_pb_text][\/et_pb_column][\/et_pb_row][et_pb_row _builder_version=&#8221;3.25&#8243; locked=&#8221;off&#8221;][et_pb_column type=&#8221;4_4&#8243; _builder_version=&#8221;3.25&#8243; custom_padding=&#8221;|||&#8221; custom_padding__hover=&#8221;|||&#8221;][et_pb_text _builder_version=&#8221;4.9.6&#8243; hover_enabled=&#8221;0&#8243; sticky_enabled=&#8221;0&#8243;]<\/p>\n<p style=\"text-align: justify;\"><span style=\"color: #ff6600;\">Stilul de via\u021b\u0103 \u0219i alergiile pediatrice<\/span><br \/><span style=\"color: #ff6600;\"> Autori: Cristodor Patricia1, I. H\u00e2ncu2, L.N. Ilinca1, Iasmina-Maria H\u00e2ncu1<\/span><\/p>\n<p style=\"text-align: justify;\"><span style=\"color: #000000;\">1U.M.F. \u201cVictor Babe\u0219\u201d Timi\u0219oara, Romania<\/span><br \/><span style=\"color: #000000;\">2SCUCPRA Bucure\u0219ti, Romania<\/span><\/p>\n<p style=\"text-align: justify;\"><span style=\"color: #000000;\"> Cuvinte cheie: alergii, microbiom, fereastr\u0103 de oportunitate, vaccin\u0103ri, alimente toxice\/alergizante<\/span><\/p>\n<p style=\"text-align: justify;\"><span style=\"color: #000000;\">Alergiile reprezint\u0103 un grup de dermatoze predispozi\u0163ionale caracterizate printr-o reactivitate tisular\u0103 alterat\u0103, dezvoltat\u0103 \u00een urma contactului organismului cu antigene variate, care determin\u0103 manifest\u0103ri cutanate, respiratorii, cardiace, renale, oftalmologice, nervoase, psihiatrice, locomotorii. Num\u0103rul alergiilor s-a triplat \u00een ultimii 20 de ani, mai ales \u00een \u021b\u0103rile dezvoltate. Pentru explicarea acestei situa\u021bii s-au emis ipotezele: a igienei (care sugereaz\u0103 c\u0103 igiena excesiv\u0103 limiteaz\u0103 \u0219i expunerea la microorganismele benefice rezult\u00e2nd astfel un microbiom mai s\u0103rac \u0219i mai pu\u021bin diversificat), a cre\u0219terii num\u0103rului de vaccin\u0103ri (prin aport de proteine str\u0103ine, mimetism molecular etc) \u0219i a alimenta\u021biei bogate \u00een proteine alimentare toxice\/alergizante (GMO). Un microbiomul s\u0103n\u0103tos previne contaminarea cu specii patogene, sintetizeaz\u0103 bacteriocine, previne disconfortul abdominal \u0219i flatulen\u021ba, contribuie la formarea bolului fecal, faciliteaz\u0103 tranzitul intestinal, sintetizeaz\u0103 vitamina B12 \u0219i moduleaz\u0103 sistemul imun. Se pare c\u0103 simbioza reciproc avantajoas\u0103 \u00eentre organism \u0219i microbiom se construie\u0219te \u00een cadrul unei ferestre de oportunitate situat\u0103 undeva \u00een prima copil\u0103rie, \u00eencep\u00e2nd cu na\u0219terea. Microbiomul poate constitui o \u021bint\u0103 terapeutic\u0103 \u00een bolile inflamatorii \u0219i alergice. Stilul de via\u021b\u0103 dicteaz\u0103 microbiomul. Consumul crescut de glucide sau lipide, s\u0103ruri, aportul sc\u0103zut de fibre, stresul, absen\u021ba exerci\u021biului fizic, \u00eel modific\u0103, determin\u00e2nd apari\u021bia inflama\u021biei \u0219i alergiilor. Abordarea terapeutic\u0103 a alergiilor presupune eliminarea alergenilor \u0219i adoptarea unei atitudini proactive: \u00eensu\u0219irea unei diete antiinflamatorii, fortificarea sistemului imun, exerci\u021bii fizice, echilibrarea sistemului nervos, aport de gr\u0103simi Omega-3, optimizarea nivelului de vitamin\u0103 E, consumul de probiotice.<\/span><\/p>\n<p style=\"text-align: justify;\"><span style=\"color: #ff6600;\">Lifestyle and pediatric allergies<\/span><br \/><span style=\"color: #ff6600;\"> Autori: Cristodor Patricia1, I. H\u00e2ncu2, L.N. Ilinca1, Iasmina-Maria H\u00e2ncu1<\/span><\/p>\n<p style=\"text-align: justify;\"><span style=\"color: #000000;\">1U.M.Ph. \u201cVictor Babe\u0219\u201d Timisoara, Romania<\/span><br \/><span style=\"color: #000000;\">2SCUCPRA Bucharest, Romania<\/span><\/p>\n<p style=\"text-align: justify;\"><span style=\"color: #000000;\">Keywords: allergy, microbiome, Window of opportunity,vaccines, toxic\/allergizing foods<\/span><\/p>\n<p style=\"text-align: justify;\"><span style=\"color: #000000;\">Allergies are a grup of predisposing dermatoses characterized by an altered tissular reactivity, developed following the body\u2019s contact with various antigens, which lead to cutaneous, respiratory, cardiac, renal, oftalmological, nervous, psychiatric, locomotor manifestations. The number of allergies trippled during the last 20 years, especially in the developed countries. The hygiene hypothesis (suggesting that excessive hygiene also limits the exposure to beneficial microorganisms resulting in a scarce and poorly diversified microbiome), as well as the increased number of vaccinations (by foreign protein intake, mollecular mimicry etc) and the consumption of foods rich in toxic\/allergizing proteins (GMO) try to explain this phenomenon. A healthy microbiome prevents the contamination with pathogen species, synthesises bacteriocines, prevents abdominal discomfort and flatulence, contributes to fecal bolus, easies the intestinal transit, synthesises vitamin B12 and modulates the immune system. It seems that the mutually beneficial symbiosis between the organism and the microbiome is built within a window of opportunity located somewhere in early childhood, starting with birth. The microbiome may represent a therapeutic target in inflammatory and allergic diseases. Our lifestyle dictates the microbiome. It can be changed by an increased intake of glucids, lipids, salts, or by a low intake of fibers, stress, lack of exercise, which lead to inflammation and allergies. The therapeutic approach to allergies involves elimination of allergens and adopting a proactive attitude: the use of an antiinflamatory diet, strengthening the immune system, exercise, balancing the nervous system, regular Omega-3 lipids intake, vitamin E optimization, probiotics.<\/span><\/p>\n<p style=\"text-align: justify;\"><span style=\"color: #ff6600;\">Scurt CV<\/span><\/p>\n<p style=\"text-align: justify;\"><span style=\"color: #000000;\"><em>Experien\u021b\u0103 profesional\u0103:<\/em><br \/>2008-prezent<br \/>Universitatea de Medicin\u0103 \u015fi Farmacie Timi\u015foara, Pia\u0163a E. Murgu 2, Timi\u015foara<\/span><\/p>\n<p style=\"text-align: justify;\"><span style=\"color: #000000;\"><em>Educa\u0163ie \u015fi formare:<\/em><\/span><\/p>\n<p style=\"text-align: justify;\"><span style=\"color: #000000;\">Martie 2018<\/span><br \/><span style=\"color: #000000;\">\u2013 Specialist course EADV\u2013 Intermediate advanced surgery (Modena)<\/span><br \/><span style=\"color: #000000;\">Iunie 2017<\/span><br \/><span style=\"color: #000000;\">\u2013 Specialist course EADV Surgery of the nails (Atena)<\/span><\/p>\n<p style=\"text-align: justify;\"><span style=\"color: #000000;\">Septembrie 2010-iunie 2011<\/span><br \/><span style=\"color: #000000;\">Formator in dermatocosmetologie:<\/span><br \/><span style=\"color: #000000;\">Peelingurile chimice<\/span><br \/><span style=\"color: #000000;\">Microdermabraziunea<\/span><br \/><span style=\"color: #000000;\">Utilizarea toxinei botulinice<\/span><br \/><span style=\"color: #000000;\">Utilizarea substan\u021belor filler \u00een scopul refacerii volumelor faciale<\/span><br \/><span style=\"color: #000000;\">Utilizarea surselor de lumin\u0103 inteligent\u0103 (lasere, terapie fotodinamic\u0103, terapia cu LED-uri)<\/span><br \/><span style=\"color: #000000;\">Tratamentul dermatocosmetic al diferitelor afec\u021biuni dermatologice (acnee, rozacee, melasm\u0103, leziuni<\/span><br \/><span style=\"color: #000000;\">vasculare, pigmentare, premaligne, maligne sau benigne, cicatrice, hipertricoz\u0103, leziuni induse viral,<\/span><br \/><span style=\"color: #000000;\">hiperhidroz\u0103, foto\u00eemb\u0103tr\u00e2nirea)<\/span><br \/><span style=\"color: #000000;\">Spitalul Clinic Colentina \u2013 Cursul de formare de formatori in domeniul dermato-cosmetologiei, in cadrul<\/span><br \/><span style=\"color: #000000;\">Proiectului de Training International pentru medici romani<\/span><\/p>\n<p style=\"text-align: justify;\"><span style=\"color: #000000;\">Octombrie 2006-august 2007:<\/span><br \/><span style=\"color: #000000;\">10 module ce acoper\u0103 \u00eentregul domeniu al dermatoscopiei.<\/span><br \/><span style=\"color: #000000;\">Examinare final\u0103 cuprinz\u00e2nd:<\/span><br \/><span style=\"color: #000000;\">Diploma_Examination_Part_1 (theory) 60 questions \u2013 theory<\/span><br \/><span style=\"color: #000000;\">Diploma_Examination_Part_2 (cases) 60 questions \u2013 cases 1- 60<\/span><br \/><span style=\"color: #000000;\">Diploma_Examination_Part_3 (cases) 60 questions \u2013 cases 61 \u2013 120<\/span><br \/><span style=\"color: #000000;\">Diploma_Examination_Part_4 Case presentations 1 \u2013 20<\/span><br \/><span style=\"color: #000000;\">Medical University of Graz, Department of Dermatology (Austria)<\/span><\/p>\n<p style=\"text-align: justify;\">[\/et_pb_text][\/et_pb_column][\/et_pb_row][\/et_pb_section][et_pb_section fb_built=&#8221;1&#8243; _builder_version=&#8221;4.9.6&#8243; background_color=&#8221;rgba(117,194,33,0.23)&#8221; background_image=&#8221;https:\/\/pdi.ro\/2021\/wp-content\/uploads\/2021\/05\/PDI2021_header_1920x550px.jpg&#8221; background_blend=&#8221;multiply&#8221; custom_padding=&#8221;54px|0px|0|0px|false|false&#8221; top_divider_style=&#8221;waves2&#8243; top_divider_color=&#8221;#ffffff&#8221; top_divider_height=&#8221;155px&#8221; top_divider_height_tablet=&#8221;&#8221; top_divider_height_phone=&#8221;97px&#8221; top_divider_height_last_edited=&#8221;on|desktop&#8221; bottom_divider_style=&#8221;waves2&#8243; bottom_divider_color=&#8221;#75c221&#8243; bottom_divider_flip=&#8221;vertical&#8221; bottom_divider_height_tablet=&#8221;&#8221; bottom_divider_height_phone=&#8221;59px&#8221; bottom_divider_height_last_edited=&#8221;on|desktop&#8221; global_module=&#8221;9177&#8243; saved_tabs=&#8221;all&#8221;][et_pb_row column_structure=&#8221;3_5,2_5&#8243; _builder_version=&#8221;3.25&#8243; custom_padding=&#8221;61px|0px|69px|0px|false|false&#8221;][et_pb_column type=&#8221;3_5&#8243; _builder_version=&#8221;3.25&#8243; custom_padding=&#8221;|||&#8221; custom_padding__hover=&#8221;|||&#8221;][et_pb_text _builder_version=&#8221;4.9.4&#8243; text_font=&#8221;Kaushan Script||||||||&#8221; text_text_color=&#8221;#f0622a&#8221; text_font_size=&#8221;30px&#8221; text_line_height=&#8221;1.2em&#8221; header_font=&#8221;||||||||&#8221; background_layout=&#8221;dark&#8221; text_font_size_tablet=&#8221;&#8221; text_font_size_phone=&#8221;&#8221; text_font_size_last_edited=&#8221;on|desktop&#8221;]<\/p>\n<p>Contacteaz\u0103 operatorul PDI 2021<\/p>\n<p>[\/et_pb_text][et_pb_contact_form email=&#8221;contact@pdi.ro\/2021\/2019&#8243; submit_button_text=&#8221;Trimite mesajul&#8221; _builder_version=&#8221;4.9.4&#8243; title_font=&#8221;||||||||&#8221; custom_button=&#8221;on&#8221; button_text_color=&#8221;#F0622A&#8221;][et_pb_contact_field field_id=&#8221;Name&#8221; field_title=&#8221;Nume&#8221; _builder_version=&#8221;3.18.9&#8243; button_text_size__hover_enabled=&#8221;off&#8221; button_one_text_size__hover_enabled=&#8221;off&#8221; button_two_text_size__hover_enabled=&#8221;off&#8221; button_text_color__hover_enabled=&#8221;off&#8221; button_one_text_color__hover_enabled=&#8221;off&#8221; button_two_text_color__hover_enabled=&#8221;off&#8221; button_border_width__hover_enabled=&#8221;off&#8221; button_one_border_width__hover_enabled=&#8221;off&#8221; button_two_border_width__hover_enabled=&#8221;off&#8221; button_border_color__hover_enabled=&#8221;off&#8221; button_one_border_color__hover_enabled=&#8221;off&#8221; button_two_border_color__hover_enabled=&#8221;off&#8221; button_border_radius__hover_enabled=&#8221;off&#8221; button_one_border_radius__hover_enabled=&#8221;off&#8221; button_two_border_radius__hover_enabled=&#8221;off&#8221; button_letter_spacing__hover_enabled=&#8221;off&#8221; button_one_letter_spacing__hover_enabled=&#8221;off&#8221; button_two_letter_spacing__hover_enabled=&#8221;off&#8221; button_bg_color__hover_enabled=&#8221;off&#8221; button_one_bg_color__hover_enabled=&#8221;off&#8221; button_two_bg_color__hover_enabled=&#8221;off&#8221;][\/et_pb_contact_field][et_pb_contact_field field_id=&#8221;Email&#8221; field_title=&#8221;Adresa de e-mail&#8221; field_type=&#8221;email&#8221; _builder_version=&#8221;3.19.4&#8243; button_text_size__hover_enabled=&#8221;off&#8221; button_one_text_size__hover_enabled=&#8221;off&#8221; button_two_text_size__hover_enabled=&#8221;off&#8221; button_text_color__hover_enabled=&#8221;off&#8221; button_one_text_color__hover_enabled=&#8221;off&#8221; button_two_text_color__hover_enabled=&#8221;off&#8221; button_border_width__hover_enabled=&#8221;off&#8221; button_one_border_width__hover_enabled=&#8221;off&#8221; button_two_border_width__hover_enabled=&#8221;off&#8221; button_border_color__hover_enabled=&#8221;off&#8221; button_one_border_color__hover_enabled=&#8221;off&#8221; button_two_border_color__hover_enabled=&#8221;off&#8221; button_border_radius__hover_enabled=&#8221;off&#8221; button_one_border_radius__hover_enabled=&#8221;off&#8221; button_two_border_radius__hover_enabled=&#8221;off&#8221; button_letter_spacing__hover_enabled=&#8221;off&#8221; button_one_letter_spacing__hover_enabled=&#8221;off&#8221; button_two_letter_spacing__hover_enabled=&#8221;off&#8221; button_bg_color__hover_enabled=&#8221;off&#8221; button_one_bg_color__hover_enabled=&#8221;off&#8221; button_two_bg_color__hover_enabled=&#8221;off&#8221;][\/et_pb_contact_field][et_pb_contact_field field_id=&#8221;Message&#8221; field_title=&#8221;Mesajul dvs.&#8221; field_type=&#8221;text&#8221; fullwidth_field=&#8221;on&#8221; _builder_version=&#8221;3.18.9&#8243; button_text_size__hover_enabled=&#8221;off&#8221; button_one_text_size__hover_enabled=&#8221;off&#8221; button_two_text_size__hover_enabled=&#8221;off&#8221; button_text_color__hover_enabled=&#8221;off&#8221; button_one_text_color__hover_enabled=&#8221;off&#8221; button_two_text_color__hover_enabled=&#8221;off&#8221; button_border_width__hover_enabled=&#8221;off&#8221; button_one_border_width__hover_enabled=&#8221;off&#8221; button_two_border_width__hover_enabled=&#8221;off&#8221; button_border_color__hover_enabled=&#8221;off&#8221; button_one_border_color__hover_enabled=&#8221;off&#8221; button_two_border_color__hover_enabled=&#8221;off&#8221; button_border_radius__hover_enabled=&#8221;off&#8221; button_one_border_radius__hover_enabled=&#8221;off&#8221; button_two_border_radius__hover_enabled=&#8221;off&#8221; button_letter_spacing__hover_enabled=&#8221;off&#8221; button_one_letter_spacing__hover_enabled=&#8221;off&#8221; button_two_letter_spacing__hover_enabled=&#8221;off&#8221; button_bg_color__hover_enabled=&#8221;off&#8221; button_one_bg_color__hover_enabled=&#8221;off&#8221; button_two_bg_color__hover_enabled=&#8221;off&#8221;][\/et_pb_contact_field][\/et_pb_contact_form][\/et_pb_column][et_pb_column type=&#8221;2_5&#8243; _builder_version=&#8221;3.25&#8243; custom_padding=&#8221;|||&#8221; custom_padding__hover=&#8221;|||&#8221;][et_pb_text _builder_version=&#8221;4.9.4&#8243; text_font=&#8221;Kaushan Script||||||||&#8221; text_text_color=&#8221;#f0622a&#8221; text_font_size=&#8221;30px&#8221; header_font=&#8221;||||||||&#8221; background_layout=&#8221;dark&#8221;]<\/p>\n<p>Operatorul PDI 2021<\/p>\n<p>[\/et_pb_text][et_pb_text _builder_version=&#8221;4.0.11&#8243; text_font=&#8221;||||||||&#8221;]<\/p>\n<p><span><img loading=\"lazy\" decoding=\"async\" src=\"https:\/\/pdi.ro\/2021\/wp-content\/uploads\/2020\/02\/eventer_logo_150px.png\" width=\"151\" height=\"33\" alt=\"\" class=\"wp-image-774 alignleft size-full\" \/><\/span><\/p>\n<p><span><\/span><\/p>\n<p><span><\/span><\/p>\n<p><span>Adresa: Str. A. Panu nr. 13, Iasi<\/span><br \/> <span>Tel.: 0332.40.88.00-05<\/span><br \/> <span>E-mail: <a href=\"mailto:inscrieri@primaderma.ro\" target=\"_blank\" rel=\"noopener noreferrer\">inscrieri@primaderma.ro<\/a><br \/> <\/span><span>Website:\u00a0<\/span><a href=\"http:\/\/www.eventernet.ro\/\" target=\"Blank\" rel=\"noopener noreferrer\">www.eventernet.ro<\/a><\/p>\n<p>[\/et_pb_text][et_pb_text disabled_on=&#8221;off|off|off&#8221; _builder_version=&#8221;4.0.11&#8243; text_font=&#8221;Kaushan Script||||||||&#8221; text_text_color=&#8221;#f0622a&#8221; text_font_size=&#8221;30px&#8221; header_font=&#8221;||||||||&#8221; background_layout=&#8221;dark&#8221; locked=&#8221;off&#8221;]<\/p>\n<p>Parteneri Media<\/p>\n<p>[\/et_pb_text][et_pb_gallery gallery_ids=&#8221;7203,7204,9252,9464&#8243; fullwidth=&#8221;on&#8221; _builder_version=&#8221;4.9.6&#8243; transform_scale=&#8221;86%|86%&#8221; max_width=&#8221;63%&#8221; auto=&#8221;on&#8221; auto_speed=&#8221;3500&#8243; hover_transition_duration=&#8221;100ms&#8221; hover_transition_delay=&#8221;50ms&#8221; hover_transition_speed_curve=&#8221;ease-in-out&#8221; locked=&#8221;off&#8221;][\/et_pb_gallery][\/et_pb_column][\/et_pb_row][\/et_pb_section]<\/p>\n","protected":false},"excerpt":{"rendered":"<p>Conf. Dr. Cristodor Patricia Universitatea de Medicin\u0103 \u0219i Farmacie \u201cVictor Babe\u0219\u201d Timi\u0219oaraStilul de via\u021b\u0103 \u0219i alergiile pediatrice Autori: Cristodor Patricia1, I. H\u00e2ncu2, L.N. Ilinca1, Iasmina-Maria H\u00e2ncu1 1U.M.F. \u201cVictor Babe\u0219\u201d Timi\u0219oara, Romania2SCUCPRA Bucure\u0219ti, Romania Cuvinte cheie: alergii, microbiom, fereastr\u0103 de oportunitate, vaccin\u0103ri, alimente toxice\/alergizante Alergiile reprezint\u0103 un grup de dermatoze predispozi\u0163ionale caracterizate printr-o reactivitate tisular\u0103 alterat\u0103, [&hellip;]<\/p>\n","protected":false},"author":2,"featured_media":0,"parent":0,"menu_order":0,"comment_status":"closed","ping_status":"closed","template":"","meta":{"_et_pb_use_builder":"on","_et_pb_old_content":"","_et_gb_content_width":"","footnotes":""},"class_list":["post-9694","page","type-page","status-publish","hentry"],"_links":{"self":[{"href":"https:\/\/pdi.ro\/2021\/wp-json\/wp\/v2\/pages\/9694","targetHints":{"allow":["GET"]}}],"collection":[{"href":"https:\/\/pdi.ro\/2021\/wp-json\/wp\/v2\/pages"}],"about":[{"href":"https:\/\/pdi.ro\/2021\/wp-json\/wp\/v2\/types\/page"}],"author":[{"embeddable":true,"href":"https:\/\/pdi.ro\/2021\/wp-json\/wp\/v2\/users\/2"}],"replies":[{"embeddable":true,"href":"https:\/\/pdi.ro\/2021\/wp-json\/wp\/v2\/comments?post=9694"}],"version-history":[{"count":3,"href":"https:\/\/pdi.ro\/2021\/wp-json\/wp\/v2\/pages\/9694\/revisions"}],"predecessor-version":[{"id":9698,"href":"https:\/\/pdi.ro\/2021\/wp-json\/wp\/v2\/pages\/9694\/revisions\/9698"}],"wp:attachment":[{"href":"https:\/\/pdi.ro\/2021\/wp-json\/wp\/v2\/media?parent=9694"}],"curies":[{"name":"wp","href":"https:\/\/api.w.org\/{rel}","templated":true}]}}