{"id":9720,"date":"2021-07-05T15:07:18","date_gmt":"2021-07-05T13:07:18","guid":{"rendered":"https:\/\/primaderma.ro\/?page_id=9720"},"modified":"2021-07-13T17:45:37","modified_gmt":"2021-07-13T15:45:37","slug":"dr-carmen-curea","status":"publish","type":"page","link":"https:\/\/pdi.ro\/2021\/dr-carmen-curea\/","title":{"rendered":"Dr. Carmen Curea"},"content":{"rendered":"<p>[et_pb_section fb_built=&#8221;1&#8243; fullwidth=&#8221;on&#8221; disabled_on=&#8221;on|off|off&#8221; _builder_version=&#8221;3.22&#8243; custom_margin=&#8221;||&#8221; custom_padding=&#8221;15px||29px&#8221; top_divider_style=&#8221;waves2&#8243; top_divider_color=&#8221;#f0622a&#8221; top_divider_flip=&#8221;horizontal|vertical&#8221; bottom_divider_style=&#8221;waves2&#8243; bottom_divider_color=&#8221;#fcdedb&#8221; bottom_divider_height=&#8221;105px&#8221; bottom_divider_flip=&#8221;vertical&#8221; global_module=&#8221;9062&#8243; collapsed=&#8221;off&#8221;][et_pb_fullwidth_header title=&#8221;@ET-DC@eyJkeW5hbWljIjp0cnVlLCJjb250ZW50IjoicG9zdF90aXRsZSIsInNldHRpbmdzIjp7ImJlZm9yZSI6IiIsImFmdGVyIjoiIn19@&#8221; text_orientation=&#8221;right&#8221; header_image_url=&#8221;https:\/\/pdi.ro\/2021\/wp-content\/uploads\/2021\/05\/PDI2021_logo_header_int_600x300px.png&#8221; disabled_on=&#8221;on|on|off&#8221; _builder_version=&#8221;4.9.4&#8243; _dynamic_attributes=&#8221;title&#8221; title_font=&#8221;Kaushan Script||||||||&#8221; title_text_align=&#8221;right&#8221; title_text_color=&#8221;#f0622a&#8221; title_font_size=&#8221;50px&#8221; content_font=&#8221;|600||on|||||&#8221; content_text_align=&#8221;center&#8221; content_text_color=&#8221;#686766&#8243; content_font_size=&#8221;15px&#8221; subhead_font=&#8221;||||||||&#8221; background_color=&#8221;#ef916b&#8221; background_image=&#8221;https:\/\/pdi.ro\/2021\/wp-content\/uploads\/2021\/05\/PDI2021_header_1920x550px.jpg&#8221; background_blend=&#8221;luminosity&#8221; background_layout=&#8221;light&#8221; custom_margin=&#8221;0px||8px&#8221; custom_padding=&#8221;40px||40px||true&#8221; content_font_size_tablet=&#8221;&#8221; content_font_size_phone=&#8221;15px&#8221; content_font_size_last_edited=&#8221;on|desktop&#8221;][\/et_pb_fullwidth_header][\/et_pb_section][et_pb_section fb_built=&#8221;1&#8243; _builder_version=&#8221;3.22&#8243;][et_pb_row column_structure=&#8221;2_5,3_5&#8243; _builder_version=&#8221;3.25&#8243; locked=&#8221;off&#8221;][et_pb_column type=&#8221;2_5&#8243; _builder_version=&#8221;3.25&#8243; custom_padding=&#8221;|||&#8221; custom_padding__hover=&#8221;|||&#8221;][et_pb_image src=&#8221;https:\/\/pdi.ro\/2021\/wp-content\/uploads\/2021\/07\/carmen-curea.jpg&#8221; title_text=&#8221;carmen curea&#8221; align=&#8221;center&#8221; align_tablet=&#8221;center&#8221; align_phone=&#8221;&#8221; align_last_edited=&#8221;on|desktop&#8221; _builder_version=&#8221;4.9.7&#8243; max_width=&#8221;25%&#8221; hover_enabled=&#8221;0&#8243; border_radii=&#8221;on|100px|100px|100px|100px&#8221; sticky_enabled=&#8221;0&#8243;][\/et_pb_image][\/et_pb_column][et_pb_column type=&#8221;3_5&#8243; _builder_version=&#8221;3.25&#8243; custom_padding=&#8221;|||&#8221; custom_padding__hover=&#8221;|||&#8221;][et_pb_text _builder_version=&#8221;4.9.7&#8243;]<\/p>\n<h4><span style=\"color: #ff6600;\"><strong><\/strong><\/span><\/h4>\n<h4><span style=\"color: #ff6600;\"><strong><\/strong><\/span><\/h4>\n<h4><span style=\"color: #ff6600;\"><strong><\/strong><\/span><\/h4>\n<h4><span style=\"color: #ff6600;\"><strong>Dr. Carmen Curea<br \/>\nSpitalul Clinic Colentina, Bucure\u0219ti<br \/>\n<\/strong><\/span><\/h4>\n<p>[\/et_pb_text][\/et_pb_column][\/et_pb_row][et_pb_row _builder_version=&#8221;3.25&#8243; locked=&#8221;off&#8221;][et_pb_column type=&#8221;4_4&#8243; _builder_version=&#8221;3.25&#8243; custom_padding=&#8221;|||&#8221; custom_padding__hover=&#8221;|||&#8221;][et_pb_text _builder_version=&#8221;4.9.7&#8243; hover_enabled=&#8221;0&#8243; sticky_enabled=&#8221;0&#8243;]<\/p>\n<p style=\"text-align: justify;\"><span style=\"color: #ff6600;\">Simpozion Janssen: Nout\u0103\u021bi \u00een tratarea PSO \u00een pl\u0103ci cu IL23i<\/span><br \/><span style=\"color: #ff6600;\"> Lector: Carmen Curea<\/span><\/p>\n<p style=\"text-align: justify;\"><span style=\"color: #ff6600;\">Simpozion Eli Lilly: Poate fi psoriazisul o parte mai mic\u0103 din via\u021ba pacien\u021bilor?<\/span><br \/><span style=\"color: #ff6600;\"> Lector: Carmen Curea<\/span><\/p>\n<p style=\"text-align: justify;\">Psoriazisul este o afec\u021biune complex\u0103 care, prin natura sa inflamatorie, afecteaz\u0103 \u00eentregul organism, iar pielea (inclusiv zonele speciale cum ar fi scalpul, unghiile, palmele \u0219i plantele) este numai una dintre multiplele fa\u021bete ale acestei boli.<br \/>Calitatea vie\u021bii pacien\u021bilor diagnostica\u021bi cu psoriazis este profund afectat\u0103 \u00een toate aspectele ei: rela\u021bii sociale, rela\u021bii intime, calitatea somnului, productivitatea muncii, echilibrul emotional.<br \/>Terapiile biologice dezvoltate \u00een ultimii ani fac posibile nu numai remisiunea leziunilor cutanate \u0219i controlul afec\u021biunilor asociate psoriazisului ci \u0219i diminuarea impactului bolii asupra calit\u0103\u021bii vie\u021bii, ajut\u00e2nd pacientul s\u0103 se \u00eentoarc\u0103 la normal.<\/p>\n<p style=\"text-align: justify;\">PP-IX-RO-0914, iunie 2021<br \/>Acest material promo\u021bional este destinat profesioni\u0219tilor din domeniul s\u0103n\u0103t\u0103\u021bii.<\/p>\n<p style=\"text-align: justify;\"><span style=\"color: #ff6600;\">Simpozion Eli Lilly: Can we make psoriasis a smaller part of patients&#8217; lives?<\/span><br \/><span style=\"color: #ff6600;\"> Lector: Carmen Curea<\/span><\/p>\n<p style=\"text-align: justify;\">Psoriasis is a complex condition that, by its inflammatory nature, affects the entire body, and the skin (including special areas such as the scalp, nails, palms and soles) is only one of the many aspects of this disease.<br \/>The quality of life in patients diagnosed with psoriasis is deeply affected in all its aspects: social relationships, intimate relationships, quality of sleep, work productivity, emotional balance.<br \/>Biological therapies developed in recent years make possible not only the remission of skin lesions and the control of diseases associated with psoriasis but also reduce the impact of the disease on the patients\u2019 quality of life, helping them return to normal.<\/p>\n<p style=\"text-align: justify;\">PP-IX-RO-0914, June 2021<br \/>This material is intented for the use of Health Care Professionals only.<\/p>\n<p style=\"text-align: justify;\"><span style=\"color: #ff6600;\">Simpozion Abbvie: Redefinirea standardelor \u00een psoriazis: durabilitate, siguran\u021b\u0103, simplitate<\/span><br \/><span style=\"color: #ff6600;\"> Lector: Carmen Curea<\/span><\/p>\n<p style=\"text-align: justify;\">Psoriazisul este o boal\u0103 cronic\u0103, sistemic\u0103, cu un impact cumulativ asupra vie\u0163ii pacien\u021bilor.<br \/>Evolu\u021bia conceptelor fiziopatologice \u0219i cercetarea \u0219tiin\u021bific\u0103 au determinat dezvoltarea op\u021biunilor terapeutice \u00een psoriazis, ceea ce a dus la evolu\u021bia obiectivelor terapeutice \u0219i a standardelor de \u00eengrijire \u00een psoriazis.<br \/>Optiunile terapeutice ap\u0103rute \u00een ultimii ani, care \u021bintesc citokine cheie (ex. IL-23), au poten\u021bialul de a \u00eembun\u0103t\u0103\u021bi standardele de \u00eengrijire pentru pacien\u021bii cu psoriazis.<br \/>Odat\u0103 cu progresele ob\u021binute \u00een managementul psoriazisului moderat-sever, acum pot fi atinse obiective terapeutice mai \u00eenalte, iar pacien\u021bii pot avea a\u0219tept\u0103ri mai mari de la tratamentul pe care \u00eel urmeaz\u0103.<br \/>SKYRIZI\u00ae (Risankizumab) este un anticorp monoclonal umanizat care se leag\u0103 \u00een mod specific de subunitatea p19 a IL-23. SKYRIZI\u00ae a demonstrat \u00een studiile clinice ob\u021binerea unor niveluri \u00eenalte de cur\u0103\u0163are a leziunilor de psoriazis, men\u0163inerea eficacit\u0103\u0163ii tratamentului \u00een timp, cu un profil de siguran\u021b\u0103 favorabil pe termen lung, av\u00e2nd o schem\u0103 de administrare convenabil\u0103.<br \/>Ob\u021binerea unei cur\u0103\u021b\u0103ri cutanate complete poate reduce semnificativ povara pe care pacien\u021bii cu psoriazis moderat-sever o resimt pe termen lung.<br \/>Datele de eficacitate \u0219i siguran\u021b\u0103 din studiile clinice cu risankizumab demonstreaz\u0103 c\u0103 medicii \u0219i pacien\u021bii \u00ee\u0219i pot propune \u0219i ob\u021bine obiective terapeutice \u00eenalte.<br \/>De la studii clinice la practica clinic\u0103 se vor g\u0103si r\u0103spunsurile la \u00eentrebarea: De ce Skyrizi este o op\u021biune pentru pacien\u021bii cu psoriazis?<\/p>\n<p style=\"text-align: justify;\"><span style=\"color: #ff6600;\">Scurt CV<\/span><\/p>\n<p style=\"text-align: justify;\"><span style=\"color: #000000;\">\u2022 Advanced user of lasers<br \/>\u2022 IPL devices<br \/>\u2022 electrosurgery and radiosurgery<br \/>\u2022 therapeutic lasers surgery<br \/>\u2022 anti-aging therapies<br \/>\u2022 peelings<br \/>\u2022 botulinic toxine fillers<br \/>\u2022 biologic therapies in Psoriasis, Pemphigus, Lupus, Hidradenitis<\/span><\/p>\n<p>[\/et_pb_text][\/et_pb_column][\/et_pb_row][\/et_pb_section][et_pb_section fb_built=&#8221;1&#8243; _builder_version=&#8221;4.9.6&#8243; background_color=&#8221;rgba(117,194,33,0.23)&#8221; background_image=&#8221;https:\/\/pdi.ro\/2021\/wp-content\/uploads\/2021\/05\/PDI2021_header_1920x550px.jpg&#8221; background_blend=&#8221;multiply&#8221; custom_padding=&#8221;54px|0px|0|0px|false|false&#8221; top_divider_style=&#8221;waves2&#8243; top_divider_color=&#8221;#ffffff&#8221; top_divider_height=&#8221;155px&#8221; top_divider_height_tablet=&#8221;&#8221; top_divider_height_phone=&#8221;97px&#8221; top_divider_height_last_edited=&#8221;on|desktop&#8221; bottom_divider_style=&#8221;waves2&#8243; bottom_divider_color=&#8221;#75c221&#8243; bottom_divider_flip=&#8221;vertical&#8221; bottom_divider_height_tablet=&#8221;&#8221; bottom_divider_height_phone=&#8221;59px&#8221; bottom_divider_height_last_edited=&#8221;on|desktop&#8221; global_module=&#8221;9177&#8243; saved_tabs=&#8221;all&#8221;][et_pb_row column_structure=&#8221;3_5,2_5&#8243; _builder_version=&#8221;3.25&#8243; custom_padding=&#8221;61px|0px|69px|0px|false|false&#8221;][et_pb_column type=&#8221;3_5&#8243; _builder_version=&#8221;3.25&#8243; custom_padding=&#8221;|||&#8221; custom_padding__hover=&#8221;|||&#8221;][et_pb_text _builder_version=&#8221;4.9.4&#8243; text_font=&#8221;Kaushan Script||||||||&#8221; text_text_color=&#8221;#f0622a&#8221; text_font_size=&#8221;30px&#8221; text_line_height=&#8221;1.2em&#8221; header_font=&#8221;||||||||&#8221; background_layout=&#8221;dark&#8221; text_font_size_tablet=&#8221;&#8221; text_font_size_phone=&#8221;&#8221; text_font_size_last_edited=&#8221;on|desktop&#8221;]<\/p>\n<p>Contacteaz\u0103 operatorul PDI 2021<\/p>\n<p>[\/et_pb_text][et_pb_contact_form email=&#8221;contact@pdi.ro\/2021\/2019&#8243; submit_button_text=&#8221;Trimite mesajul&#8221; _builder_version=&#8221;4.9.4&#8243; title_font=&#8221;||||||||&#8221; custom_button=&#8221;on&#8221; button_text_color=&#8221;#F0622A&#8221;][et_pb_contact_field field_id=&#8221;Name&#8221; field_title=&#8221;Nume&#8221; _builder_version=&#8221;3.18.9&#8243; button_text_size__hover_enabled=&#8221;off&#8221; button_one_text_size__hover_enabled=&#8221;off&#8221; button_two_text_size__hover_enabled=&#8221;off&#8221; button_text_color__hover_enabled=&#8221;off&#8221; button_one_text_color__hover_enabled=&#8221;off&#8221; button_two_text_color__hover_enabled=&#8221;off&#8221; button_border_width__hover_enabled=&#8221;off&#8221; button_one_border_width__hover_enabled=&#8221;off&#8221; button_two_border_width__hover_enabled=&#8221;off&#8221; button_border_color__hover_enabled=&#8221;off&#8221; button_one_border_color__hover_enabled=&#8221;off&#8221; button_two_border_color__hover_enabled=&#8221;off&#8221; button_border_radius__hover_enabled=&#8221;off&#8221; button_one_border_radius__hover_enabled=&#8221;off&#8221; button_two_border_radius__hover_enabled=&#8221;off&#8221; button_letter_spacing__hover_enabled=&#8221;off&#8221; button_one_letter_spacing__hover_enabled=&#8221;off&#8221; button_two_letter_spacing__hover_enabled=&#8221;off&#8221; button_bg_color__hover_enabled=&#8221;off&#8221; button_one_bg_color__hover_enabled=&#8221;off&#8221; button_two_bg_color__hover_enabled=&#8221;off&#8221;][\/et_pb_contact_field][et_pb_contact_field field_id=&#8221;Email&#8221; field_title=&#8221;Adresa de e-mail&#8221; field_type=&#8221;email&#8221; _builder_version=&#8221;3.19.4&#8243; button_text_size__hover_enabled=&#8221;off&#8221; button_one_text_size__hover_enabled=&#8221;off&#8221; button_two_text_size__hover_enabled=&#8221;off&#8221; button_text_color__hover_enabled=&#8221;off&#8221; button_one_text_color__hover_enabled=&#8221;off&#8221; button_two_text_color__hover_enabled=&#8221;off&#8221; button_border_width__hover_enabled=&#8221;off&#8221; button_one_border_width__hover_enabled=&#8221;off&#8221; button_two_border_width__hover_enabled=&#8221;off&#8221; button_border_color__hover_enabled=&#8221;off&#8221; button_one_border_color__hover_enabled=&#8221;off&#8221; button_two_border_color__hover_enabled=&#8221;off&#8221; button_border_radius__hover_enabled=&#8221;off&#8221; button_one_border_radius__hover_enabled=&#8221;off&#8221; button_two_border_radius__hover_enabled=&#8221;off&#8221; button_letter_spacing__hover_enabled=&#8221;off&#8221; button_one_letter_spacing__hover_enabled=&#8221;off&#8221; button_two_letter_spacing__hover_enabled=&#8221;off&#8221; button_bg_color__hover_enabled=&#8221;off&#8221; button_one_bg_color__hover_enabled=&#8221;off&#8221; button_two_bg_color__hover_enabled=&#8221;off&#8221;][\/et_pb_contact_field][et_pb_contact_field field_id=&#8221;Message&#8221; field_title=&#8221;Mesajul dvs.&#8221; field_type=&#8221;text&#8221; fullwidth_field=&#8221;on&#8221; _builder_version=&#8221;3.18.9&#8243; button_text_size__hover_enabled=&#8221;off&#8221; button_one_text_size__hover_enabled=&#8221;off&#8221; button_two_text_size__hover_enabled=&#8221;off&#8221; button_text_color__hover_enabled=&#8221;off&#8221; button_one_text_color__hover_enabled=&#8221;off&#8221; button_two_text_color__hover_enabled=&#8221;off&#8221; button_border_width__hover_enabled=&#8221;off&#8221; button_one_border_width__hover_enabled=&#8221;off&#8221; button_two_border_width__hover_enabled=&#8221;off&#8221; button_border_color__hover_enabled=&#8221;off&#8221; button_one_border_color__hover_enabled=&#8221;off&#8221; button_two_border_color__hover_enabled=&#8221;off&#8221; button_border_radius__hover_enabled=&#8221;off&#8221; button_one_border_radius__hover_enabled=&#8221;off&#8221; button_two_border_radius__hover_enabled=&#8221;off&#8221; button_letter_spacing__hover_enabled=&#8221;off&#8221; button_one_letter_spacing__hover_enabled=&#8221;off&#8221; button_two_letter_spacing__hover_enabled=&#8221;off&#8221; button_bg_color__hover_enabled=&#8221;off&#8221; button_one_bg_color__hover_enabled=&#8221;off&#8221; button_two_bg_color__hover_enabled=&#8221;off&#8221;][\/et_pb_contact_field][\/et_pb_contact_form][\/et_pb_column][et_pb_column type=&#8221;2_5&#8243; _builder_version=&#8221;3.25&#8243; custom_padding=&#8221;|||&#8221; custom_padding__hover=&#8221;|||&#8221;][et_pb_text _builder_version=&#8221;4.9.4&#8243; text_font=&#8221;Kaushan Script||||||||&#8221; text_text_color=&#8221;#f0622a&#8221; text_font_size=&#8221;30px&#8221; header_font=&#8221;||||||||&#8221; background_layout=&#8221;dark&#8221;]<\/p>\n<p>Operatorul PDI 2021<\/p>\n<p>[\/et_pb_text][et_pb_text _builder_version=&#8221;4.0.11&#8243; text_font=&#8221;||||||||&#8221;]<\/p>\n<p><span><img loading=\"lazy\" decoding=\"async\" src=\"https:\/\/pdi.ro\/2021\/wp-content\/uploads\/2020\/02\/eventer_logo_150px.png\" width=\"151\" height=\"33\" alt=\"\" class=\"wp-image-774 alignleft size-full\" \/><\/span><\/p>\n<p><span><\/span><\/p>\n<p><span><\/span><\/p>\n<p><span>Adresa: Str. A. Panu nr. 13, Iasi<\/span><br \/> <span>Tel.: 0332.40.88.00-05<\/span><br \/> <span>E-mail: <a href=\"mailto:inscrieri@primaderma.ro\" target=\"_blank\" rel=\"noopener noreferrer\">inscrieri@primaderma.ro<\/a><br \/> <\/span><span>Website:\u00a0<\/span><a href=\"http:\/\/www.eventernet.ro\/\" target=\"Blank\" rel=\"noopener noreferrer\">www.eventernet.ro<\/a><\/p>\n<p>[\/et_pb_text][et_pb_text disabled_on=&#8221;off|off|off&#8221; _builder_version=&#8221;4.0.11&#8243; text_font=&#8221;Kaushan Script||||||||&#8221; text_text_color=&#8221;#f0622a&#8221; text_font_size=&#8221;30px&#8221; header_font=&#8221;||||||||&#8221; background_layout=&#8221;dark&#8221; locked=&#8221;off&#8221;]<\/p>\n<p>Parteneri Media<\/p>\n<p>[\/et_pb_text][et_pb_gallery gallery_ids=&#8221;7203,7204,9252,9464,10156,10157&#8243; fullwidth=&#8221;on&#8221; _builder_version=&#8221;4.9.7&#8243; transform_scale=&#8221;86%|86%&#8221; max_width=&#8221;63%&#8221; auto=&#8221;on&#8221; auto_speed=&#8221;3500&#8243; hover_transition_duration=&#8221;100ms&#8221; hover_transition_delay=&#8221;50ms&#8221; hover_transition_speed_curve=&#8221;ease-in-out&#8221; locked=&#8221;off&#8221;][\/et_pb_gallery][\/et_pb_column][\/et_pb_row][\/et_pb_section]<\/p>\n","protected":false},"excerpt":{"rendered":"<p>Dr. Carmen Curea Spitalul Clinic Colentina, Bucure\u0219ti Simpozion Janssen: Nout\u0103\u021bi \u00een tratarea PSO \u00een pl\u0103ci cu IL23i Lector: Carmen Curea Simpozion Eli Lilly: Poate fi psoriazisul o parte mai mic\u0103 din via\u021ba pacien\u021bilor? Lector: Carmen Curea Psoriazisul este o afec\u021biune complex\u0103 care, prin natura sa inflamatorie, afecteaz\u0103 \u00eentregul organism, iar pielea (inclusiv zonele speciale cum [&hellip;]<\/p>\n","protected":false},"author":2,"featured_media":0,"parent":0,"menu_order":0,"comment_status":"closed","ping_status":"closed","template":"","meta":{"_et_pb_use_builder":"on","_et_pb_old_content":"","_et_gb_content_width":"","footnotes":""},"class_list":["post-9720","page","type-page","status-publish","hentry"],"_links":{"self":[{"href":"https:\/\/pdi.ro\/2021\/wp-json\/wp\/v2\/pages\/9720","targetHints":{"allow":["GET"]}}],"collection":[{"href":"https:\/\/pdi.ro\/2021\/wp-json\/wp\/v2\/pages"}],"about":[{"href":"https:\/\/pdi.ro\/2021\/wp-json\/wp\/v2\/types\/page"}],"author":[{"embeddable":true,"href":"https:\/\/pdi.ro\/2021\/wp-json\/wp\/v2\/users\/2"}],"replies":[{"embeddable":true,"href":"https:\/\/pdi.ro\/2021\/wp-json\/wp\/v2\/comments?post=9720"}],"version-history":[{"count":8,"href":"https:\/\/pdi.ro\/2021\/wp-json\/wp\/v2\/pages\/9720\/revisions"}],"predecessor-version":[{"id":10501,"href":"https:\/\/pdi.ro\/2021\/wp-json\/wp\/v2\/pages\/9720\/revisions\/10501"}],"wp:attachment":[{"href":"https:\/\/pdi.ro\/2021\/wp-json\/wp\/v2\/media?parent=9720"}],"curies":[{"name":"wp","href":"https:\/\/api.w.org\/{rel}","templated":true}]}}