{"id":9734,"date":"2021-07-05T12:15:09","date_gmt":"2021-07-05T10:15:09","guid":{"rendered":"https:\/\/primaderma.ro\/?page_id=9734"},"modified":"2021-07-05T12:27:55","modified_gmt":"2021-07-05T10:27:55","slug":"conf-univ-dr-anca-docea","status":"publish","type":"page","link":"https:\/\/pdi.ro\/2021\/conf-univ-dr-anca-docea\/","title":{"rendered":"Conf. Univ. Dr. Anca Docea"},"content":{"rendered":"<p>[et_pb_section fb_built=&#8221;1&#8243; fullwidth=&#8221;on&#8221; disabled_on=&#8221;on|off|off&#8221; _builder_version=&#8221;3.22&#8243; custom_margin=&#8221;||&#8221; custom_padding=&#8221;15px||29px&#8221; top_divider_style=&#8221;waves2&#8243; top_divider_color=&#8221;#f0622a&#8221; top_divider_flip=&#8221;horizontal|vertical&#8221; bottom_divider_style=&#8221;waves2&#8243; bottom_divider_color=&#8221;#fcdedb&#8221; bottom_divider_height=&#8221;105px&#8221; bottom_divider_flip=&#8221;vertical&#8221; global_module=&#8221;9062&#8243; collapsed=&#8221;off&#8221;][et_pb_fullwidth_header title=&#8221;@ET-DC@eyJkeW5hbWljIjp0cnVlLCJjb250ZW50IjoicG9zdF90aXRsZSIsInNldHRpbmdzIjp7ImJlZm9yZSI6IiIsImFmdGVyIjoiIn19@&#8221; text_orientation=&#8221;right&#8221; header_image_url=&#8221;https:\/\/pdi.ro\/2021\/wp-content\/uploads\/2021\/05\/PDI2021_logo_header_int_600x300px.png&#8221; disabled_on=&#8221;on|on|off&#8221; _builder_version=&#8221;4.9.4&#8243; _dynamic_attributes=&#8221;title&#8221; title_font=&#8221;Kaushan Script||||||||&#8221; title_text_align=&#8221;right&#8221; title_text_color=&#8221;#f0622a&#8221; title_font_size=&#8221;50px&#8221; content_font=&#8221;|600||on|||||&#8221; content_text_align=&#8221;center&#8221; content_text_color=&#8221;#686766&#8243; content_font_size=&#8221;15px&#8221; subhead_font=&#8221;||||||||&#8221; background_color=&#8221;#ef916b&#8221; background_image=&#8221;https:\/\/pdi.ro\/2021\/wp-content\/uploads\/2021\/05\/PDI2021_header_1920x550px.jpg&#8221; background_blend=&#8221;luminosity&#8221; background_layout=&#8221;light&#8221; custom_margin=&#8221;0px||8px&#8221; custom_padding=&#8221;40px||40px||true&#8221; content_font_size_tablet=&#8221;&#8221; content_font_size_phone=&#8221;15px&#8221; content_font_size_last_edited=&#8221;on|desktop&#8221;][\/et_pb_fullwidth_header][\/et_pb_section][et_pb_section fb_built=&#8221;1&#8243; _builder_version=&#8221;3.22&#8243;][et_pb_row column_structure=&#8221;2_5,3_5&#8243; _builder_version=&#8221;3.25&#8243; locked=&#8221;off&#8221;][et_pb_column type=&#8221;2_5&#8243; _builder_version=&#8221;3.25&#8243; custom_padding=&#8221;|||&#8221; custom_padding__hover=&#8221;|||&#8221;][et_pb_image src=&#8221;https:\/\/pdi.ro\/2021\/wp-content\/uploads\/2020\/02\/6efa4698-6845-4bae-9d60-f14329d85fd1-Anca-Docea.jpg&#8221; title_text=&#8221;6efa4698-6845-4bae-9d60-f14329d85fd1-Anca-Docea&#8221; align=&#8221;center&#8221; align_tablet=&#8221;center&#8221; align_phone=&#8221;&#8221; align_last_edited=&#8221;on|desktop&#8221; _builder_version=&#8221;4.9.7&#8243; max_width=&#8221;25%&#8221; border_radii=&#8221;on|100px|100px|100px|100px&#8221;][\/et_pb_image][\/et_pb_column][et_pb_column type=&#8221;3_5&#8243; _builder_version=&#8221;3.25&#8243; custom_padding=&#8221;|||&#8221; custom_padding__hover=&#8221;|||&#8221;][et_pb_text _builder_version=&#8221;4.9.7&#8243;]<\/p>\n<h4><span style=\"color: #ff6600;\"><strong><\/strong><\/span><\/h4>\n<h4><span style=\"color: #ff6600;\"><strong><\/strong><\/span><\/h4>\n<h4><span style=\"color: #ff6600;\"><strong><\/strong><\/span><\/h4>\n<h4><span style=\"color: #ff6600;\"><strong>Conf. Univ. Dr. Anca Oana Docea<\/strong><\/span><br \/><span style=\"color: #ff6600;\"><strong>Departamentul de toxicologie, Universitatea de Medicin\u0103 \u0219i Farmacie din Craiova, Craiova, Rom\u00e2nia<\/p>\n<p><\/strong><\/span><\/h4>\n<p>[\/et_pb_text][\/et_pb_column][\/et_pb_row][et_pb_row _builder_version=&#8221;3.25&#8243; locked=&#8221;off&#8221;][et_pb_column type=&#8221;4_4&#8243; _builder_version=&#8221;3.25&#8243; custom_padding=&#8221;|||&#8221; custom_padding__hover=&#8221;|||&#8221;][et_pb_text _builder_version=&#8221;4.9.7&#8243; hover_enabled=&#8221;0&#8243; sticky_enabled=&#8221;0&#8243;]<\/p>\n<p style=\"text-align: justify;\"><span style=\"color: #ff6600;\">Nanoparticulele de argint stabilizate cu etilen glicol ca nou\u0103 op\u021biune pentru tratamentul infec\u021biilor antibacteriene \u00een vindecarea r\u0103nilor: o evaluare toxicologic\u0103<\/span><br \/><span style=\"color: #ff6600;\"> Autori: Anca Oana Docea1, Laurentiu Mogoanta2, Daniela Calina3<\/span><\/p>\n<p style=\"text-align: justify;\"><span style=\"color: #ff6600;\">1Departamentul de toxicologie, Universitatea de Medicin\u0103 \u0219i Farmacie din Craiova, Craiova, Rom\u00e2nia<br \/>2 Departamentul de histologie, Universitatea de Medicin\u0103 \u0219i Farmacie din Craiova, Craiova, Rom\u00e2nia<br \/>3Departamentul de Farmacie Clinic\u0103, Universitatea de Medicin\u0103 \u0219i Farmacie din Craiova, Craiova, Rom\u00e2nia<br \/><\/span><\/p>\n<p style=\"text-align: justify;\">Dezvoltarea bacteriilor cu rezisten\u021b\u0103 multipl\u0103 reprezint\u0103 o mare provocare pentru tratamentul infec\u021biilor cutanate \u0219i vindecarea r\u0103nilor. Noi alternative pentru antibioticele standard sunt studiate intens pentru a reduce inciden\u021ba rezisten\u021bei bacteriilor \u0219i pentru a cre\u0219te r\u0103spunsul terapeutic. Nanoparticulele de argint (AgNPs) sunt studiate pe larg pentru capacitatea lor de a trata infec\u021biile bacteriene, fungice \u0219i virale, \u00eempreun\u0103 cu capacitatea lor de a promova vindecarea r\u0103nilor. Avantajul utiliz\u0103rii nanoparticulelor de argint este legat de costul redus, eficacitatea ridicat\u0103 \u0219i toxicitatea sc\u0103zut\u0103. In acest studiu am sintetizat nanoparticule de argint stabilizate cu etilen glicol (EG) printr-o reac\u021bie simpl\u0103 de reducere a azotatului de argint \u00eentr-o solu\u021bie alcalin\u0103 de EG \u0219i hidroxid de sodiu. Toxicitatea subcronic\u0103 a AgNPs a fost testat\u0103 pe patruzeci de \u0219obolani CD-SD de 12 s\u0103pt\u0103m\u00e2ni (20 de masculi\u0219i 20 de femele). Animalele au fost \u00eemp\u0103r\u021bite \u00een 4 grupuri de c\u00e2te 10 \u0219obolani per grup (5 femele \u0219i 5 masculi) \u0219i expuse timp de 28 de zile intraperitoneal la 0 mg\/kgc; 1 mg\/kgc Ag-EG, 2 mg\/kgc Ag-EG si respectiv, 4 mg\/kgc Ag-EG. Ag-EG NPs au prezentat o toxicitate sc\u0103zut\u0103 la dozele maxime testate de 4 mg\/kgc administrate intraperitoneal. Argintul s-a acumulat mai ales \u00een ficat \u0219i splin\u0103 \u0219i cantitati infima au fost detectate \u00een inim\u0103, pl\u0103m\u00e2ni, rinichi \u0219i creier. Nu s-au observat modific\u0103ri histopatologice \u00een organele de acumulare. \u00cen concluzie, nanoparticule de argint stabilizate cu etilen glicol sunt considerate o op\u021biune sigur\u0103 pentru tratamentul r\u0103nilor de la nivelul pielii si mucoaselor, chiar dac\u0103 sunt absorbite \u00een circula\u021bia sistemic\u0103.<\/p>\n<p style=\"text-align: justify;\"><span style=\"color: #ff6600;\">Ethylene glycol silver nanoparticles as a new option for the treatment of antibacterial infections in wound healing: a toxicological evaluation<\/span><br \/><span style=\"color: #ff6600;\"> Autori: Anca Oana Docea1, Laurentiu Mogoanta2, Daniela Calina3<\/span><\/p>\n<p style=\"text-align: justify;\"><span style=\"color: #ff6600;\">1Department of Toxicology, University of Medicine and Pharmacy of Craiova, Craiova, Romania<br \/>2 Department of Histology, University of Medicine and Pharmacy of Craiova, Craiova, Romania<br \/>3 Department of Clinical Pharmacy, University of Medicine and Pharmacy of Craiova, Craiova, Romania<br \/><\/span><\/p>\n<p style=\"text-align: justify;\">The development of multiple resistance bacteria poses a big challenge for the treatment of several skin infections and wound healing. New alternatives for standard antibiotics have been tried to decrease the incidence of bacteria resistance and to increase the therapeutical response. Silver nanoparticles (AgNPs) are extensively studied for their ability to treat bacterial, fungal and viral infections along with their ability to promote wound healing. The advantage of using silver nanoparticles is related to low cost, high efficacy and low toxicity. In this study we synthesized ethylene glycol (EG) silver nanoparticles through a simple reduction reaction of silver nitrate in an alkaline solution of EG and sodium hydroxide. The sub-chronic toxicity of AgNPs was tested on forty 12-week CD-SD rats (20 males and 20 females). Animals were divided into 4 groups of 10 rats per group (5 females and 5 males) and exposed for 28 days intraperitoneally at 0 mg\/body weight; 1 mg \/kg body weight Ag-EG, 2 mg\/kg body weight Ag-EG, 4 mg\/kg of Ag-EG body. AgNPs functionalized with EG showed low toxicity at the maximum tested doses of 4 mg\/kg body weight administered intraperitoneally. The silver was accumulated especially in the liver and spleen and in low levels in the heart, lung, kidney and brain. No histopathological changes have been observed in the organs of accumulation. In conclusion, ethylene glycol silver nanoparticles are considered a safe option for the treatment of wound healing, even if they are absorbed in the systemic circulation.<\/p>\n<p style=\"text-align: justify;\"><span style=\"color: #ff6600;\">Scurt CV<\/span><\/p>\n<p style=\"text-align: justify;\"><span style=\"color: #000000;\">Anca Oana Docea este conferen\u021biar universitar cu abilitare \u00een Farmacie \u00een cadrul Facult\u0103\u021bii de Farmacie, Universitatea de Medicina si Farmacie din Craiova, unde pred\u0103 Toxicologie \u0219i reprezentanta Rom\u00e2niei \u00een Comitetul Pentru Evaluarea Riscurilor din cadrul Agentiei Europene pentru Produse Chimice (ECHA). Este farmacist specialist Farmacie Clinic\u0103, de\u021bine un masterat \u00een Farmacologie \u0219i Toxicologie, titlul de Toxicolog recunoscut la nivel European (ERT \u2013 European Registered Toxicologist) \u0219i titlul de doctor \u00een Medicin\u0103. S-a specializat \u00een test\u0103rile toxicologice pe animale, test\u0103rile neurocognitive in vivo \u0219i analize biochimice \u0219i imunohistochimice. A urmat specializ\u0103ri de toxicologie clinic\u0103 la Universitatea Aristotle din Thessaloniki, Grecia \u0219i Universitatea din Granada, Spania, specializare \u00een metode de analiz\u0103 a bazelor de date transcriptomice la King\u2019s College London \u0219i specializare \u00een noi modele in vivo \u0219i in vitro de evaluare a neurotoxicit\u0103\u021bii xenobioticelor la Albert Einstein College of Medicine, New York, USA. <br \/>\u00cen prezent este editor asociat pentru Toxicology Reports Journal (ELSEVIER) \u0219i guest-editor pentru o serie de edi\u021bii speciale \u00een cadrul Toxicology Reports journal (ELSEVIER), Food and Chemical Toxicology (ELSEVIER), Frontiers in Pharmacology (Frontiers), Medicina (MDPI), Life (MDPI). A publicat peste 110 de articole \u0219tiin\u021bifice (dintre care 103 indexate ISI Clarivate), 2 c\u0103r\u021bi cu profil didactic \u0219i 5 capitole de carte de specialitate \u00een edituri interna\u021bionale, recunoa\u0219terea na\u021bional \u0219i interna\u021bional\u0103 fiind redat\u0103 printr-un H-index de 28 (Web of Science, Clarivate Analytics). <br \/><\/span><\/p>\n<p>[\/et_pb_text][\/et_pb_column][\/et_pb_row][\/et_pb_section][et_pb_section fb_built=&#8221;1&#8243; _builder_version=&#8221;4.9.6&#8243; background_color=&#8221;rgba(117,194,33,0.23)&#8221; background_image=&#8221;https:\/\/pdi.ro\/2021\/wp-content\/uploads\/2021\/05\/PDI2021_header_1920x550px.jpg&#8221; background_blend=&#8221;multiply&#8221; custom_padding=&#8221;54px|0px|0|0px|false|false&#8221; top_divider_style=&#8221;waves2&#8243; top_divider_color=&#8221;#ffffff&#8221; top_divider_height=&#8221;155px&#8221; top_divider_height_tablet=&#8221;&#8221; top_divider_height_phone=&#8221;97px&#8221; top_divider_height_last_edited=&#8221;on|desktop&#8221; bottom_divider_style=&#8221;waves2&#8243; bottom_divider_color=&#8221;#75c221&#8243; bottom_divider_flip=&#8221;vertical&#8221; bottom_divider_height_tablet=&#8221;&#8221; bottom_divider_height_phone=&#8221;59px&#8221; bottom_divider_height_last_edited=&#8221;on|desktop&#8221; global_module=&#8221;9177&#8243; saved_tabs=&#8221;all&#8221;][et_pb_row column_structure=&#8221;3_5,2_5&#8243; _builder_version=&#8221;3.25&#8243; custom_padding=&#8221;61px|0px|69px|0px|false|false&#8221;][et_pb_column type=&#8221;3_5&#8243; _builder_version=&#8221;3.25&#8243; custom_padding=&#8221;|||&#8221; custom_padding__hover=&#8221;|||&#8221;][et_pb_text _builder_version=&#8221;4.9.4&#8243; text_font=&#8221;Kaushan Script||||||||&#8221; text_text_color=&#8221;#f0622a&#8221; text_font_size=&#8221;30px&#8221; text_line_height=&#8221;1.2em&#8221; header_font=&#8221;||||||||&#8221; background_layout=&#8221;dark&#8221; text_font_size_tablet=&#8221;&#8221; text_font_size_phone=&#8221;&#8221; text_font_size_last_edited=&#8221;on|desktop&#8221;]<\/p>\n<p>Contacteaz\u0103 operatorul PDI 2021<\/p>\n<p>[\/et_pb_text][et_pb_contact_form email=&#8221;contact@pdi.ro\/2021\/2019&#8243; submit_button_text=&#8221;Trimite mesajul&#8221; _builder_version=&#8221;4.9.4&#8243; title_font=&#8221;||||||||&#8221; custom_button=&#8221;on&#8221; button_text_color=&#8221;#F0622A&#8221;][et_pb_contact_field field_id=&#8221;Name&#8221; field_title=&#8221;Nume&#8221; _builder_version=&#8221;3.18.9&#8243; button_text_size__hover_enabled=&#8221;off&#8221; button_one_text_size__hover_enabled=&#8221;off&#8221; button_two_text_size__hover_enabled=&#8221;off&#8221; button_text_color__hover_enabled=&#8221;off&#8221; button_one_text_color__hover_enabled=&#8221;off&#8221; button_two_text_color__hover_enabled=&#8221;off&#8221; button_border_width__hover_enabled=&#8221;off&#8221; button_one_border_width__hover_enabled=&#8221;off&#8221; button_two_border_width__hover_enabled=&#8221;off&#8221; button_border_color__hover_enabled=&#8221;off&#8221; button_one_border_color__hover_enabled=&#8221;off&#8221; button_two_border_color__hover_enabled=&#8221;off&#8221; button_border_radius__hover_enabled=&#8221;off&#8221; button_one_border_radius__hover_enabled=&#8221;off&#8221; button_two_border_radius__hover_enabled=&#8221;off&#8221; button_letter_spacing__hover_enabled=&#8221;off&#8221; button_one_letter_spacing__hover_enabled=&#8221;off&#8221; button_two_letter_spacing__hover_enabled=&#8221;off&#8221; button_bg_color__hover_enabled=&#8221;off&#8221; button_one_bg_color__hover_enabled=&#8221;off&#8221; button_two_bg_color__hover_enabled=&#8221;off&#8221;][\/et_pb_contact_field][et_pb_contact_field field_id=&#8221;Email&#8221; field_title=&#8221;Adresa de e-mail&#8221; field_type=&#8221;email&#8221; _builder_version=&#8221;3.19.4&#8243; button_text_size__hover_enabled=&#8221;off&#8221; button_one_text_size__hover_enabled=&#8221;off&#8221; button_two_text_size__hover_enabled=&#8221;off&#8221; button_text_color__hover_enabled=&#8221;off&#8221; button_one_text_color__hover_enabled=&#8221;off&#8221; button_two_text_color__hover_enabled=&#8221;off&#8221; button_border_width__hover_enabled=&#8221;off&#8221; button_one_border_width__hover_enabled=&#8221;off&#8221; button_two_border_width__hover_enabled=&#8221;off&#8221; button_border_color__hover_enabled=&#8221;off&#8221; button_one_border_color__hover_enabled=&#8221;off&#8221; button_two_border_color__hover_enabled=&#8221;off&#8221; button_border_radius__hover_enabled=&#8221;off&#8221; button_one_border_radius__hover_enabled=&#8221;off&#8221; button_two_border_radius__hover_enabled=&#8221;off&#8221; button_letter_spacing__hover_enabled=&#8221;off&#8221; button_one_letter_spacing__hover_enabled=&#8221;off&#8221; button_two_letter_spacing__hover_enabled=&#8221;off&#8221; button_bg_color__hover_enabled=&#8221;off&#8221; button_one_bg_color__hover_enabled=&#8221;off&#8221; button_two_bg_color__hover_enabled=&#8221;off&#8221;][\/et_pb_contact_field][et_pb_contact_field field_id=&#8221;Message&#8221; field_title=&#8221;Mesajul dvs.&#8221; field_type=&#8221;text&#8221; fullwidth_field=&#8221;on&#8221; _builder_version=&#8221;3.18.9&#8243; button_text_size__hover_enabled=&#8221;off&#8221; button_one_text_size__hover_enabled=&#8221;off&#8221; button_two_text_size__hover_enabled=&#8221;off&#8221; button_text_color__hover_enabled=&#8221;off&#8221; button_one_text_color__hover_enabled=&#8221;off&#8221; button_two_text_color__hover_enabled=&#8221;off&#8221; button_border_width__hover_enabled=&#8221;off&#8221; button_one_border_width__hover_enabled=&#8221;off&#8221; button_two_border_width__hover_enabled=&#8221;off&#8221; button_border_color__hover_enabled=&#8221;off&#8221; button_one_border_color__hover_enabled=&#8221;off&#8221; button_two_border_color__hover_enabled=&#8221;off&#8221; button_border_radius__hover_enabled=&#8221;off&#8221; button_one_border_radius__hover_enabled=&#8221;off&#8221; button_two_border_radius__hover_enabled=&#8221;off&#8221; button_letter_spacing__hover_enabled=&#8221;off&#8221; button_one_letter_spacing__hover_enabled=&#8221;off&#8221; button_two_letter_spacing__hover_enabled=&#8221;off&#8221; button_bg_color__hover_enabled=&#8221;off&#8221; button_one_bg_color__hover_enabled=&#8221;off&#8221; button_two_bg_color__hover_enabled=&#8221;off&#8221;][\/et_pb_contact_field][\/et_pb_contact_form][\/et_pb_column][et_pb_column type=&#8221;2_5&#8243; _builder_version=&#8221;3.25&#8243; custom_padding=&#8221;|||&#8221; custom_padding__hover=&#8221;|||&#8221;][et_pb_text _builder_version=&#8221;4.9.4&#8243; text_font=&#8221;Kaushan Script||||||||&#8221; text_text_color=&#8221;#f0622a&#8221; text_font_size=&#8221;30px&#8221; header_font=&#8221;||||||||&#8221; background_layout=&#8221;dark&#8221;]<\/p>\n<p>Operatorul PDI 2021<\/p>\n<p>[\/et_pb_text][et_pb_text _builder_version=&#8221;4.0.11&#8243; text_font=&#8221;||||||||&#8221;]<\/p>\n<p><span><img loading=\"lazy\" decoding=\"async\" src=\"https:\/\/pdi.ro\/2021\/wp-content\/uploads\/2020\/02\/eventer_logo_150px.png\" width=\"151\" height=\"33\" alt=\"\" class=\"wp-image-774 alignleft size-full\" \/><\/span><\/p>\n<p><span><\/span><\/p>\n<p><span><\/span><\/p>\n<p><span>Adresa: Str. A. Panu nr. 13, Iasi<\/span><br \/> <span>Tel.: 0332.40.88.00-05<\/span><br \/> <span>E-mail: <a href=\"mailto:inscrieri@primaderma.ro\" target=\"_blank\" rel=\"noopener noreferrer\">inscrieri@primaderma.ro<\/a><br \/> <\/span><span>Website:\u00a0<\/span><a href=\"http:\/\/www.eventernet.ro\/\" target=\"Blank\" rel=\"noopener noreferrer\">www.eventernet.ro<\/a><\/p>\n<p>[\/et_pb_text][et_pb_text disabled_on=&#8221;off|off|off&#8221; _builder_version=&#8221;4.0.11&#8243; text_font=&#8221;Kaushan Script||||||||&#8221; text_text_color=&#8221;#f0622a&#8221; text_font_size=&#8221;30px&#8221; header_font=&#8221;||||||||&#8221; background_layout=&#8221;dark&#8221; locked=&#8221;off&#8221;]<\/p>\n<p>Parteneri Media<\/p>\n<p>[\/et_pb_text][et_pb_gallery gallery_ids=&#8221;7203,7204,9252,9464&#8243; fullwidth=&#8221;on&#8221; _builder_version=&#8221;4.9.6&#8243; transform_scale=&#8221;86%|86%&#8221; max_width=&#8221;63%&#8221; auto=&#8221;on&#8221; auto_speed=&#8221;3500&#8243; hover_transition_duration=&#8221;100ms&#8221; hover_transition_delay=&#8221;50ms&#8221; hover_transition_speed_curve=&#8221;ease-in-out&#8221; locked=&#8221;off&#8221;][\/et_pb_gallery][\/et_pb_column][\/et_pb_row][\/et_pb_section]<\/p>\n","protected":false},"excerpt":{"rendered":"<p>Conf. Univ. Dr. Anca Oana DoceaDepartamentul de toxicologie, Universitatea de Medicin\u0103 \u0219i Farmacie din Craiova, Craiova, Rom\u00e2nia Nanoparticulele de argint stabilizate cu etilen glicol ca nou\u0103 op\u021biune pentru tratamentul infec\u021biilor antibacteriene \u00een vindecarea r\u0103nilor: o evaluare toxicologic\u0103 Autori: Anca Oana Docea1, Laurentiu Mogoanta2, Daniela Calina3 1Departamentul de toxicologie, Universitatea de Medicin\u0103 \u0219i Farmacie din Craiova, [&hellip;]<\/p>\n","protected":false},"author":2,"featured_media":0,"parent":0,"menu_order":0,"comment_status":"closed","ping_status":"closed","template":"","meta":{"_et_pb_use_builder":"on","_et_pb_old_content":"","_et_gb_content_width":"","footnotes":""},"class_list":["post-9734","page","type-page","status-publish","hentry"],"_links":{"self":[{"href":"https:\/\/pdi.ro\/2021\/wp-json\/wp\/v2\/pages\/9734","targetHints":{"allow":["GET"]}}],"collection":[{"href":"https:\/\/pdi.ro\/2021\/wp-json\/wp\/v2\/pages"}],"about":[{"href":"https:\/\/pdi.ro\/2021\/wp-json\/wp\/v2\/types\/page"}],"author":[{"embeddable":true,"href":"https:\/\/pdi.ro\/2021\/wp-json\/wp\/v2\/users\/2"}],"replies":[{"embeddable":true,"href":"https:\/\/pdi.ro\/2021\/wp-json\/wp\/v2\/comments?post=9734"}],"version-history":[{"count":7,"href":"https:\/\/pdi.ro\/2021\/wp-json\/wp\/v2\/pages\/9734\/revisions"}],"predecessor-version":[{"id":9746,"href":"https:\/\/pdi.ro\/2021\/wp-json\/wp\/v2\/pages\/9734\/revisions\/9746"}],"wp:attachment":[{"href":"https:\/\/pdi.ro\/2021\/wp-json\/wp\/v2\/media?parent=9734"}],"curies":[{"name":"wp","href":"https:\/\/api.w.org\/{rel}","templated":true}]}}