{"id":9759,"date":"2021-07-05T12:59:09","date_gmt":"2021-07-05T10:59:09","guid":{"rendered":"https:\/\/primaderma.ro\/?page_id=9759"},"modified":"2021-07-06T16:32:18","modified_gmt":"2021-07-06T14:32:18","slug":"dr-feodor-toni","status":"publish","type":"page","link":"https:\/\/pdi.ro\/2021\/dr-feodor-toni\/","title":{"rendered":"Dr. Feodor Toni"},"content":{"rendered":"<p>[et_pb_section fb_built=&#8221;1&#8243; fullwidth=&#8221;on&#8221; disabled_on=&#8221;on|off|off&#8221; _builder_version=&#8221;3.22&#8243; custom_margin=&#8221;||&#8221; custom_padding=&#8221;15px||29px&#8221; top_divider_style=&#8221;waves2&#8243; top_divider_color=&#8221;#f0622a&#8221; top_divider_flip=&#8221;horizontal|vertical&#8221; bottom_divider_style=&#8221;waves2&#8243; bottom_divider_color=&#8221;#fcdedb&#8221; bottom_divider_height=&#8221;105px&#8221; bottom_divider_flip=&#8221;vertical&#8221; global_module=&#8221;9062&#8243; collapsed=&#8221;off&#8221;][et_pb_fullwidth_header title=&#8221;@ET-DC@eyJkeW5hbWljIjp0cnVlLCJjb250ZW50IjoicG9zdF90aXRsZSIsInNldHRpbmdzIjp7ImJlZm9yZSI6IiIsImFmdGVyIjoiIn19@&#8221; text_orientation=&#8221;right&#8221; header_image_url=&#8221;https:\/\/pdi.ro\/2021\/wp-content\/uploads\/2021\/05\/PDI2021_logo_header_int_600x300px.png&#8221; disabled_on=&#8221;on|on|off&#8221; _builder_version=&#8221;4.9.4&#8243; _dynamic_attributes=&#8221;title&#8221; title_font=&#8221;Kaushan Script||||||||&#8221; title_text_align=&#8221;right&#8221; title_text_color=&#8221;#f0622a&#8221; title_font_size=&#8221;50px&#8221; content_font=&#8221;|600||on|||||&#8221; content_text_align=&#8221;center&#8221; content_text_color=&#8221;#686766&#8243; content_font_size=&#8221;15px&#8221; subhead_font=&#8221;||||||||&#8221; background_color=&#8221;#ef916b&#8221; background_image=&#8221;https:\/\/pdi.ro\/2021\/wp-content\/uploads\/2021\/05\/PDI2021_header_1920x550px.jpg&#8221; background_blend=&#8221;luminosity&#8221; background_layout=&#8221;light&#8221; custom_margin=&#8221;0px||8px&#8221; custom_padding=&#8221;40px||40px||true&#8221; content_font_size_tablet=&#8221;&#8221; content_font_size_phone=&#8221;15px&#8221; content_font_size_last_edited=&#8221;on|desktop&#8221;][\/et_pb_fullwidth_header][\/et_pb_section][et_pb_section fb_built=&#8221;1&#8243; _builder_version=&#8221;3.22&#8243;][et_pb_row column_structure=&#8221;2_5,3_5&#8243; _builder_version=&#8221;3.25&#8243; locked=&#8221;off&#8221;][et_pb_column type=&#8221;2_5&#8243; _builder_version=&#8221;3.25&#8243; custom_padding=&#8221;|||&#8221; custom_padding__hover=&#8221;|||&#8221;][et_pb_image src=&#8221;https:\/\/pdi.ro\/2021\/wp-content\/uploads\/2020\/07\/dr._toni_feodor.jpg&#8221; title_text=&#8221;dr._toni_feodor&#8221; align=&#8221;center&#8221; align_tablet=&#8221;center&#8221; align_phone=&#8221;&#8221; align_last_edited=&#8221;on|desktop&#8221; _builder_version=&#8221;4.9.7&#8243; max_width=&#8221;25%&#8221; border_radii=&#8221;on|100px|100px|100px|100px&#8221;][\/et_pb_image][\/et_pb_column][et_pb_column type=&#8221;3_5&#8243; _builder_version=&#8221;3.25&#8243; custom_padding=&#8221;|||&#8221; custom_padding__hover=&#8221;|||&#8221;][et_pb_text _builder_version=&#8221;4.9.7&#8243;]<\/p>\n<h4><span style=\"color: #ff6600;\"><strong><\/strong><\/span><\/h4>\n<h4><span style=\"color: #ff6600;\"><strong><\/strong><\/span><\/h4>\n<h4><span style=\"color: #ff6600;\"><strong><\/strong><\/span><\/h4>\n<h4><span style=\"color: #ff6600;\"><strong>Dr. Toni Feodor<\/strong><\/span><br \/><span style=\"color: #ff6600;\"><strong>Clinica de Medicin\u0103 Vascular\u0103, Vascularte, Bucure\u015fti<br \/><\/strong><\/span><\/h4>\n<p>[\/et_pb_text][\/et_pb_column][\/et_pb_row][et_pb_row _builder_version=&#8221;3.25&#8243; locked=&#8221;off&#8221;][et_pb_column type=&#8221;4_4&#8243; _builder_version=&#8221;3.25&#8243; custom_padding=&#8221;|||&#8221; custom_padding__hover=&#8221;|||&#8221;][et_pb_text _builder_version=&#8221;4.9.7&#8243; hover_enabled=&#8221;0&#8243; sticky_enabled=&#8221;0&#8243;]<\/p>\n<p style=\"text-align: justify;\"><span style=\"color: #ff6600;\">Pacientul cu boal\u0103 venoas\u0103 cronic\u0103: momentul optim terapeutic de ac\u021biune<\/span><br \/><span style=\"color: #ff6600;\"> Speakers: Daciana Elena Br\u0103ni\u0219teanu1, Toni Feodor2<\/span><br \/>1Universitatea de Medicin\u0103 \u0219i Farmacie \u201cGrigore T. Popa\u201d Ia\u0219i, \u015eef al Clinicii de Dermatologie, Spitalul Clinic CF Ia\u0219i<br \/>2Clinica de Medicin\u0103 Vascular\u0103, Vascularte, Bucure\u015fti<\/p>\n<p style=\"text-align: justify;\">Cuvinte cheie: boala venoas\u0103 cronic\u0103, momentul terapeutic optim de ac\u021biune<\/p>\n<p style=\"text-align: justify;\">\u00cen luna luna august 2019, Dr. Toni Feodor spunea despre simptomele din Boala Venoas\u0103 cronic\u0103: \u201deste o boal\u0103 care schimb\u0103 calitatea vie\u0163ii. Este o durere visceral\u0103, surd\u0103, care afecteaz\u0103 performan\u0163ele, inclusiv performan\u0163ele intelectuale. S-a demonstrat c\u0103 pacien\u0163ii care au aceast\u0103 suferin\u0163\u0103 sunt mai tri\u015fti\u201d. De mai bine de 1 an de zile, la nivel global, \u00eengrijirea pacien\u021bilor cu afec\u021biuni cronice a fost deprioritizat\u0103 de c\u0103tre sistemele sanitare ale lumii, datorit\u0103 amenin\u021b\u0103rii pandemiei.<br \/>Care sunt \u00eens\u0103 priorit\u0103\u021bile pacientului care sufer\u0103 de Boal\u0103 Venoas\u0103 Cronic\u0103? Care sunt solu\u021biile realiste de ameliorare a calit\u0103\u021bii vie\u021bii pe care i le ofer\u0103 sistemul sanitar \u00een contextul actual? C\u00e2nd este optim s\u0103 intervenim?<br \/>V\u0103 invit\u0103m s\u0103 reconstruim aceste solu\u021bii \u00eempreun\u0103, \u00eentr-un dialog cu doi exper\u021bi \u00een Boala Venoas\u0103 Cronic\u0103: Prof.Dr.Daciana Elena Br\u0103ni\u0219teanu, membr\u0103 de onoare a Forumului Venos European \u0219i Dr.Toni Feodor, chirurg vascular specializat \u00een flebologie \u0219i cu o experien\u021b\u0103 redutabi\u0103 \u00een chirurgia venoas\u0103 minim invaziv\u0103.<\/p>\n<p style=\"text-align: justify;\"><span style=\"color: #ff6600;\">The patient with venous chronic disease: the optimal therapeutic moment of action<\/span><br \/><span style=\"color: #ff6600;\"> Speakers: Daciana Elena Br\u0103ni\u0219teanu1, Toni Feodor2<\/span><br \/>1&#8243;Grigore T. Popa\u201d University of Medicine and Pharmacy, Ia\u0219i; Head of the Dermatology Clinic, CF Ia\u0219i Clinical Hospital<br \/>2&#8243;Vascularte&#8221; Vascular Medicine Clinic, Bucharest<\/p>\n<p style=\"text-align: justify;\">Keywords: chronic venous disease, the optimal therapeutic moment of action<\/p>\n<p style=\"text-align: justify;\">In august 2019, Dr Toni Feodor talked about the Venous Chronic Disease\u2019s symptoms:<br \/>\u201cIt\u2019s a disease that changes the quality of life. It\u2019s a visceral, deaf pain, that affects the performances, including the intellectual capacity. It has been demonstrated that the patients that have this suffering are sadder.\u201d For more than 1 year, globally, the medical care for the patients with chronic diseases had been deprioritized by the medical systems of the world because of the threat of the pandemic. Which are, however, the priorities of the patient that suffers of Chronic Venous Disease? Which are the realistic solutions of making better the quality of life being offered by the medical system in the current context? When is right to act?<br \/>We invite you to reconstruct these solutions together, in a dialogue with two experts in Venous Chronic Disease: Prof. Dr. Daciana Br\u0103ni\u0219teanu, honorific member of the European Venous Forum and Dr. Toni Feodor, vascular surgeon specialized in phlebology with a redoubtable experience in minimum invasive vascular surgery.<\/p>\n<p style=\"text-align: justify;\"><span style=\"color: #ff6600;\">Scurt CV<\/span><\/p>\n<p style=\"text-align: justify;\">Dr. Toni Feodor este medic primar chirurg \u0219i medic specialist chirurgie vascular\u0103, cu competen\u021b\u0103 \u00een ecografie general\u0103 \u0219i supraspecializare \u00een flebologie.<br \/><strong>Arii de expertiz\u0103:<\/strong><br \/>chirurgia varicelor (flebologia)<br \/>chirurgia defectelor de perete parietal (hernii \u0219i eventra\u021bii)<br \/>proctologia<br \/>chirurgia laparoscopic\u0103<br \/>chirurgie oncologic\u0103<\/p>\n<p style=\"text-align: justify;\"><strong>Membru \u00een Societ\u0103\u021bi \u0218tiintifice Medicale Na\u021bionale \u0219i Interna\u021bionale:<\/strong><br \/>Vicepresedinte al Asocia\u021biei Rom\u00e2ne de Chirurgie Ambulatorie;<br \/>Colegiului Medicilor din Rom\u00e2nia<br \/>Societatea Rom\u00e2n\u0103 de Chirurgie;<br \/>Societatea Rom\u00e2n\u0103 de Herniologie;<br \/>Societatea European\u0103 de CHIVA;<br \/>Societatea Rom\u00e2n\u0103 de Flebologie;<br \/>Societatea European\u0103 de Chirurgie Endoscopic\u0103;<br \/>Societatea Rom\u00e2n\u0103 de Chirurgie Vascular\u0103;<br \/>Membru al grupului de lucru Flebologie- Limfologie.<\/p>\n<p>[\/et_pb_text][\/et_pb_column][\/et_pb_row][\/et_pb_section][et_pb_section fb_built=&#8221;1&#8243; _builder_version=&#8221;4.9.6&#8243; background_color=&#8221;rgba(117,194,33,0.23)&#8221; background_image=&#8221;https:\/\/pdi.ro\/2021\/wp-content\/uploads\/2021\/05\/PDI2021_header_1920x550px.jpg&#8221; background_blend=&#8221;multiply&#8221; custom_padding=&#8221;54px|0px|0|0px|false|false&#8221; top_divider_style=&#8221;waves2&#8243; top_divider_color=&#8221;#ffffff&#8221; top_divider_height=&#8221;155px&#8221; top_divider_height_tablet=&#8221;&#8221; top_divider_height_phone=&#8221;97px&#8221; top_divider_height_last_edited=&#8221;on|desktop&#8221; bottom_divider_style=&#8221;waves2&#8243; bottom_divider_color=&#8221;#75c221&#8243; bottom_divider_flip=&#8221;vertical&#8221; bottom_divider_height_tablet=&#8221;&#8221; bottom_divider_height_phone=&#8221;59px&#8221; bottom_divider_height_last_edited=&#8221;on|desktop&#8221; global_module=&#8221;9177&#8243; saved_tabs=&#8221;all&#8221;][et_pb_row column_structure=&#8221;3_5,2_5&#8243; _builder_version=&#8221;3.25&#8243; custom_padding=&#8221;61px|0px|69px|0px|false|false&#8221;][et_pb_column type=&#8221;3_5&#8243; _builder_version=&#8221;3.25&#8243; custom_padding=&#8221;|||&#8221; custom_padding__hover=&#8221;|||&#8221;][et_pb_text _builder_version=&#8221;4.9.4&#8243; text_font=&#8221;Kaushan Script||||||||&#8221; text_text_color=&#8221;#f0622a&#8221; text_font_size=&#8221;30px&#8221; text_line_height=&#8221;1.2em&#8221; header_font=&#8221;||||||||&#8221; background_layout=&#8221;dark&#8221; text_font_size_tablet=&#8221;&#8221; text_font_size_phone=&#8221;&#8221; text_font_size_last_edited=&#8221;on|desktop&#8221;]<\/p>\n<p>Contacteaz\u0103 operatorul PDI 2021<\/p>\n<p>[\/et_pb_text][et_pb_contact_form email=&#8221;contact@pdi.ro\/2021\/2019&#8243; submit_button_text=&#8221;Trimite mesajul&#8221; _builder_version=&#8221;4.9.4&#8243; title_font=&#8221;||||||||&#8221; custom_button=&#8221;on&#8221; button_text_color=&#8221;#F0622A&#8221;][et_pb_contact_field field_id=&#8221;Name&#8221; field_title=&#8221;Nume&#8221; _builder_version=&#8221;3.18.9&#8243; button_text_size__hover_enabled=&#8221;off&#8221; button_one_text_size__hover_enabled=&#8221;off&#8221; button_two_text_size__hover_enabled=&#8221;off&#8221; button_text_color__hover_enabled=&#8221;off&#8221; button_one_text_color__hover_enabled=&#8221;off&#8221; button_two_text_color__hover_enabled=&#8221;off&#8221; button_border_width__hover_enabled=&#8221;off&#8221; button_one_border_width__hover_enabled=&#8221;off&#8221; button_two_border_width__hover_enabled=&#8221;off&#8221; button_border_color__hover_enabled=&#8221;off&#8221; button_one_border_color__hover_enabled=&#8221;off&#8221; button_two_border_color__hover_enabled=&#8221;off&#8221; button_border_radius__hover_enabled=&#8221;off&#8221; button_one_border_radius__hover_enabled=&#8221;off&#8221; button_two_border_radius__hover_enabled=&#8221;off&#8221; button_letter_spacing__hover_enabled=&#8221;off&#8221; button_one_letter_spacing__hover_enabled=&#8221;off&#8221; button_two_letter_spacing__hover_enabled=&#8221;off&#8221; button_bg_color__hover_enabled=&#8221;off&#8221; button_one_bg_color__hover_enabled=&#8221;off&#8221; button_two_bg_color__hover_enabled=&#8221;off&#8221;][\/et_pb_contact_field][et_pb_contact_field field_id=&#8221;Email&#8221; field_title=&#8221;Adresa de e-mail&#8221; field_type=&#8221;email&#8221; _builder_version=&#8221;3.19.4&#8243; button_text_size__hover_enabled=&#8221;off&#8221; button_one_text_size__hover_enabled=&#8221;off&#8221; button_two_text_size__hover_enabled=&#8221;off&#8221; button_text_color__hover_enabled=&#8221;off&#8221; button_one_text_color__hover_enabled=&#8221;off&#8221; button_two_text_color__hover_enabled=&#8221;off&#8221; button_border_width__hover_enabled=&#8221;off&#8221; button_one_border_width__hover_enabled=&#8221;off&#8221; button_two_border_width__hover_enabled=&#8221;off&#8221; button_border_color__hover_enabled=&#8221;off&#8221; button_one_border_color__hover_enabled=&#8221;off&#8221; button_two_border_color__hover_enabled=&#8221;off&#8221; button_border_radius__hover_enabled=&#8221;off&#8221; button_one_border_radius__hover_enabled=&#8221;off&#8221; button_two_border_radius__hover_enabled=&#8221;off&#8221; button_letter_spacing__hover_enabled=&#8221;off&#8221; button_one_letter_spacing__hover_enabled=&#8221;off&#8221; button_two_letter_spacing__hover_enabled=&#8221;off&#8221; button_bg_color__hover_enabled=&#8221;off&#8221; button_one_bg_color__hover_enabled=&#8221;off&#8221; button_two_bg_color__hover_enabled=&#8221;off&#8221;][\/et_pb_contact_field][et_pb_contact_field field_id=&#8221;Message&#8221; field_title=&#8221;Mesajul dvs.&#8221; field_type=&#8221;text&#8221; fullwidth_field=&#8221;on&#8221; _builder_version=&#8221;3.18.9&#8243; button_text_size__hover_enabled=&#8221;off&#8221; button_one_text_size__hover_enabled=&#8221;off&#8221; button_two_text_size__hover_enabled=&#8221;off&#8221; button_text_color__hover_enabled=&#8221;off&#8221; button_one_text_color__hover_enabled=&#8221;off&#8221; button_two_text_color__hover_enabled=&#8221;off&#8221; button_border_width__hover_enabled=&#8221;off&#8221; button_one_border_width__hover_enabled=&#8221;off&#8221; button_two_border_width__hover_enabled=&#8221;off&#8221; button_border_color__hover_enabled=&#8221;off&#8221; button_one_border_color__hover_enabled=&#8221;off&#8221; button_two_border_color__hover_enabled=&#8221;off&#8221; button_border_radius__hover_enabled=&#8221;off&#8221; button_one_border_radius__hover_enabled=&#8221;off&#8221; button_two_border_radius__hover_enabled=&#8221;off&#8221; button_letter_spacing__hover_enabled=&#8221;off&#8221; button_one_letter_spacing__hover_enabled=&#8221;off&#8221; button_two_letter_spacing__hover_enabled=&#8221;off&#8221; button_bg_color__hover_enabled=&#8221;off&#8221; button_one_bg_color__hover_enabled=&#8221;off&#8221; button_two_bg_color__hover_enabled=&#8221;off&#8221;][\/et_pb_contact_field][\/et_pb_contact_form][\/et_pb_column][et_pb_column type=&#8221;2_5&#8243; _builder_version=&#8221;3.25&#8243; custom_padding=&#8221;|||&#8221; custom_padding__hover=&#8221;|||&#8221;][et_pb_text _builder_version=&#8221;4.9.4&#8243; text_font=&#8221;Kaushan Script||||||||&#8221; text_text_color=&#8221;#f0622a&#8221; text_font_size=&#8221;30px&#8221; header_font=&#8221;||||||||&#8221; background_layout=&#8221;dark&#8221;]<\/p>\n<p>Operatorul PDI 2021<\/p>\n<p>[\/et_pb_text][et_pb_text _builder_version=&#8221;4.0.11&#8243; text_font=&#8221;||||||||&#8221;]<\/p>\n<p><span><img loading=\"lazy\" decoding=\"async\" src=\"https:\/\/pdi.ro\/2021\/wp-content\/uploads\/2020\/02\/eventer_logo_150px.png\" width=\"151\" height=\"33\" alt=\"\" class=\"wp-image-774 alignleft size-full\" \/><\/span><\/p>\n<p><span><\/span><\/p>\n<p><span><\/span><\/p>\n<p><span>Adresa: Str. A. Panu nr. 13, Iasi<\/span><br \/> <span>Tel.: 0332.40.88.00-05<\/span><br \/> <span>E-mail: <a href=\"mailto:inscrieri@primaderma.ro\" target=\"_blank\" rel=\"noopener noreferrer\">inscrieri@primaderma.ro<\/a><br \/> <\/span><span>Website:\u00a0<\/span><a href=\"http:\/\/www.eventernet.ro\/\" target=\"Blank\" rel=\"noopener noreferrer\">www.eventernet.ro<\/a><\/p>\n<p>[\/et_pb_text][et_pb_text disabled_on=&#8221;off|off|off&#8221; _builder_version=&#8221;4.0.11&#8243; text_font=&#8221;Kaushan Script||||||||&#8221; text_text_color=&#8221;#f0622a&#8221; text_font_size=&#8221;30px&#8221; header_font=&#8221;||||||||&#8221; background_layout=&#8221;dark&#8221; locked=&#8221;off&#8221;]<\/p>\n<p>Parteneri Media<\/p>\n<p>[\/et_pb_text][et_pb_gallery gallery_ids=&#8221;7203,7204,9252,9464&#8243; fullwidth=&#8221;on&#8221; _builder_version=&#8221;4.9.6&#8243; transform_scale=&#8221;86%|86%&#8221; max_width=&#8221;63%&#8221; auto=&#8221;on&#8221; auto_speed=&#8221;3500&#8243; hover_transition_duration=&#8221;100ms&#8221; hover_transition_delay=&#8221;50ms&#8221; hover_transition_speed_curve=&#8221;ease-in-out&#8221; locked=&#8221;off&#8221;][\/et_pb_gallery][\/et_pb_column][\/et_pb_row][\/et_pb_section]<\/p>\n","protected":false},"excerpt":{"rendered":"<p>Dr. Toni FeodorClinica de Medicin\u0103 Vascular\u0103, Vascularte, Bucure\u015ftiPacientul cu boal\u0103 venoas\u0103 cronic\u0103: momentul optim terapeutic de ac\u021biune Speakers: Daciana Elena Br\u0103ni\u0219teanu1, Toni Feodor21Universitatea de Medicin\u0103 \u0219i Farmacie \u201cGrigore T. Popa\u201d Ia\u0219i, \u015eef al Clinicii de Dermatologie, Spitalul Clinic CF Ia\u0219i2Clinica de Medicin\u0103 Vascular\u0103, Vascularte, Bucure\u015fti Cuvinte cheie: boala venoas\u0103 cronic\u0103, momentul terapeutic optim de ac\u021biune [&hellip;]<\/p>\n","protected":false},"author":2,"featured_media":0,"parent":0,"menu_order":0,"comment_status":"closed","ping_status":"closed","template":"","meta":{"_et_pb_use_builder":"on","_et_pb_old_content":"","_et_gb_content_width":"","footnotes":""},"class_list":["post-9759","page","type-page","status-publish","hentry"],"_links":{"self":[{"href":"https:\/\/pdi.ro\/2021\/wp-json\/wp\/v2\/pages\/9759","targetHints":{"allow":["GET"]}}],"collection":[{"href":"https:\/\/pdi.ro\/2021\/wp-json\/wp\/v2\/pages"}],"about":[{"href":"https:\/\/pdi.ro\/2021\/wp-json\/wp\/v2\/types\/page"}],"author":[{"embeddable":true,"href":"https:\/\/pdi.ro\/2021\/wp-json\/wp\/v2\/users\/2"}],"replies":[{"embeddable":true,"href":"https:\/\/pdi.ro\/2021\/wp-json\/wp\/v2\/comments?post=9759"}],"version-history":[{"count":6,"href":"https:\/\/pdi.ro\/2021\/wp-json\/wp\/v2\/pages\/9759\/revisions"}],"predecessor-version":[{"id":9993,"href":"https:\/\/pdi.ro\/2021\/wp-json\/wp\/v2\/pages\/9759\/revisions\/9993"}],"wp:attachment":[{"href":"https:\/\/pdi.ro\/2021\/wp-json\/wp\/v2\/media?parent=9759"}],"curies":[{"name":"wp","href":"https:\/\/api.w.org\/{rel}","templated":true}]}}