{"id":9836,"date":"2021-07-05T15:41:49","date_gmt":"2021-07-05T13:41:49","guid":{"rendered":"https:\/\/primaderma.ro\/?page_id=9836"},"modified":"2021-07-13T18:36:38","modified_gmt":"2021-07-13T16:36:38","slug":"conf-univ-dr-catalina-lionte","status":"publish","type":"page","link":"https:\/\/pdi.ro\/2021\/conf-univ-dr-catalina-lionte\/","title":{"rendered":"Conf. Univ. Dr. C\u0103t\u0103lina Lionte"},"content":{"rendered":"<p>[et_pb_section fb_built=&#8221;1&#8243; fullwidth=&#8221;on&#8221; disabled_on=&#8221;on|off|off&#8221; _builder_version=&#8221;3.22&#8243; custom_margin=&#8221;||&#8221; custom_padding=&#8221;15px||29px&#8221; top_divider_style=&#8221;waves2&#8243; top_divider_color=&#8221;#f0622a&#8221; top_divider_flip=&#8221;horizontal|vertical&#8221; bottom_divider_style=&#8221;waves2&#8243; bottom_divider_color=&#8221;#fcdedb&#8221; bottom_divider_height=&#8221;105px&#8221; bottom_divider_flip=&#8221;vertical&#8221; global_module=&#8221;9062&#8243; collapsed=&#8221;off&#8221;][et_pb_fullwidth_header title=&#8221;@ET-DC@eyJkeW5hbWljIjp0cnVlLCJjb250ZW50IjoicG9zdF90aXRsZSIsInNldHRpbmdzIjp7ImJlZm9yZSI6IiIsImFmdGVyIjoiIn19@&#8221; text_orientation=&#8221;right&#8221; header_image_url=&#8221;https:\/\/pdi.ro\/2021\/wp-content\/uploads\/2021\/05\/PDI2021_logo_header_int_600x300px.png&#8221; disabled_on=&#8221;on|on|off&#8221; _builder_version=&#8221;4.9.4&#8243; _dynamic_attributes=&#8221;title&#8221; title_font=&#8221;Kaushan Script||||||||&#8221; title_text_align=&#8221;right&#8221; title_text_color=&#8221;#f0622a&#8221; title_font_size=&#8221;50px&#8221; content_font=&#8221;|600||on|||||&#8221; content_text_align=&#8221;center&#8221; content_text_color=&#8221;#686766&#8243; content_font_size=&#8221;15px&#8221; subhead_font=&#8221;||||||||&#8221; background_color=&#8221;#ef916b&#8221; background_image=&#8221;https:\/\/pdi.ro\/2021\/wp-content\/uploads\/2021\/05\/PDI2021_header_1920x550px.jpg&#8221; background_blend=&#8221;luminosity&#8221; background_layout=&#8221;light&#8221; custom_margin=&#8221;0px||8px&#8221; custom_padding=&#8221;40px||40px||true&#8221; content_font_size_tablet=&#8221;&#8221; content_font_size_phone=&#8221;15px&#8221; content_font_size_last_edited=&#8221;on|desktop&#8221;][\/et_pb_fullwidth_header][\/et_pb_section][et_pb_section fb_built=&#8221;1&#8243; _builder_version=&#8221;3.22&#8243;][et_pb_row column_structure=&#8221;2_5,3_5&#8243; _builder_version=&#8221;3.25&#8243; locked=&#8221;off&#8221;][et_pb_column type=&#8221;2_5&#8243; _builder_version=&#8221;3.25&#8243; custom_padding=&#8221;|||&#8221; custom_padding__hover=&#8221;|||&#8221;][et_pb_image src=&#8221;https:\/\/pdi.ro\/2021\/wp-content\/uploads\/2021\/07\/Lionte-Catalina.jpg&#8221; title_text=&#8221;Lionte Catalina&#8221; align=&#8221;center&#8221; align_tablet=&#8221;center&#8221; align_phone=&#8221;&#8221; align_last_edited=&#8221;on|desktop&#8221; _builder_version=&#8221;4.9.7&#8243; max_width=&#8221;25%&#8221; border_radii=&#8221;on|100px|100px|100px|100px&#8221;][\/et_pb_image][\/et_pb_column][et_pb_column type=&#8221;3_5&#8243; _builder_version=&#8221;3.25&#8243; custom_padding=&#8221;|||&#8221; custom_padding__hover=&#8221;|||&#8221;][et_pb_text _builder_version=&#8221;4.9.7&#8243; hover_enabled=&#8221;0&#8243; sticky_enabled=&#8221;0&#8243;]<\/p>\n<h4><span style=\"color: #ff6600;\"><strong><\/strong><\/span><\/h4>\n<h4><span style=\"color: #ff6600;\"><strong><\/strong><\/span><\/h4>\n<h4><span style=\"color: #ff6600;\"><strong><\/strong><\/span><\/h4>\n<h4><span style=\"color: #ff6600;\"><strong>Conf. Univ. Dr. C\u0103t\u0103lina Lionte<br \/>Universitatea de Medicin\u0103 \u0219i Farmacie &#8220;Grigore T. Popa\u201d Ia\u0219i<br \/><\/strong><\/span><\/h4>\n<p>[\/et_pb_text][\/et_pb_column][\/et_pb_row][et_pb_row _builder_version=&#8221;3.25&#8243; locked=&#8221;off&#8221;][et_pb_column type=&#8221;4_4&#8243; _builder_version=&#8221;3.25&#8243; custom_padding=&#8221;|||&#8221; custom_padding__hover=&#8221;|||&#8221;][et_pb_text _builder_version=&#8221;4.9.7&#8243;]<\/p>\n<p style=\"text-align: justify;\"><span style=\"color: #ff6600;\">\u2018\u2019Red\u0103 echilibrul vascular!\u2019\u2019<\/span><br \/><span style=\"color: #ff6600;\"> Speakers: C\u0103t\u0103lina Lionte, Daniel Br\u0103ni\u0219teanu<\/span><\/p>\n<p style=\"text-align: justify;\">Cuvinte cheie: sulodexid original, stres tensional, antitrombotic, boal\u0103 venoas\u0103 cronic\u0103, retinopatie diabetica, complicatii microvasculare, leziuni vasculare, functie endoteliala.<\/p>\n<p style=\"text-align: justify;\">Boala venoasa cronica netratata poate avea o evolutie progresiva avand un impact semnificativ asupra calitatii vietii pacientilor.<br \/>Factorii de risc ai bolii venoase impreuna cu stresul tensional, determina alterarea morfologica si functionala a glicocalixului endotelial si a endoteliului contibuind astfel la dezvoltarea bolii venoase.<br \/>Tratamentul cu glicozaminoglicani (ex. Vessel Due F \u2013 sulodexid original, considerat un precursor natural de glicocalix, un glicozaminoglican compozit 80% heparan-sulfat si 20% dermatan-sulfat) poate reface si mentine integritatea glicocalixului endotelial.<\/p>\n<p style=\"text-align: justify;\">Diabetul zaharat este o patologie care poate duce frecvent la complicatii microvasculare, precum picior diabetic, retinopatie diabetica si nefropatie diabetica (boala renala cronica), ca urmare a stresului chimic si metabolic generat de valorile crescute ale glicemiei asociate cresterii rezistentei tisulare la insulina.<\/p>\n<p style=\"text-align: justify;\">In cazul unui pacient cu retinopatie diabetica masurile terapeutice trebuie sa vizeze in primul rand eliminarea\/reducerea factorilor de risc, limitarea evolutiei leziunilor vasculare, ameliorarea hemodinamicii si refacerea structurii peretelui vascular.<\/p>\n<p style=\"text-align: justify;\">Tratamentul cu Vessel Due F a inregistrat o crestere semnificativa a grosimii stratului de glicocalix masurat la nivelul vaselor retiniene, sustinand in acest fel caracterul vasculotrop marcant in refacerea endoteliului si a glicocalixului vascular, cu ameliorarea consecutiva a hemodinamicii si a functiei endoteliale.<\/p>\n<p style=\"text-align: justify;\"><span style=\"color: #ff6600;\">English version<\/span><br \/><span style=\"color: #ff6600;\"> <\/span><span style=\"color: #000000;\"><\/span><\/p>\n<p style=\"text-align: justify;\">Keywords: original sulodexide, blood pressure, antithrombotic, chronic venous disease, diabetic retinopathy, microvascular complications, vascular lesions, endothelial function.<\/p>\n<p style=\"text-align: justify;\">Untreated chronic venous disease can have a progressive evolution with a significant impact on patients quality of life.<br \/>The risk factors of venous disease together with the tensional stress, determine the morphological and functional alteration of the endothelial glycocalyx and of the endothelium, thus contributing to the development of venous disease.<br \/>Treatment with glycosaminoglycans (eg Vessel Due F, considered a natural precursor of glycocalyx, a composite glycosaminoglycan 80% heparan sulfate and 20% dermatan sulfate) can restore and maintain the integrity of the endothelial glycocalyx.<\/p>\n<p style=\"text-align: justify;\">Diabetes is a condition that can frequently lead to microvascular complications, such as diabetic foot, diabetic retinopathy and diabetic nephropathy (chronic kidney disease), due to chemical and metabolic stress caused by high blood sugar levels associated with increased tissue resistance to insulin.<\/p>\n<p style=\"text-align: justify;\">In the case of a patient with diabetic retinopathy, the therapeutic measures must primarily aim at eliminating \/ reducing the risk factors, limiting the evolution of the vascular lesions, improving the hemodynamics and restoring the structure of the vascular wall.<\/p>\n<p style=\"text-align: justify;\">Vessel Due F treatment recorded a significant increase in the thickness of the glycocalyx layer measured in the retinal vessels, thus supporting the marked vasculotropic character in the restoration of the endothelium and vascular glycocalyx, with the consequent improvement of hemodynamics and endothelial function.<\/p>\n<p style=\"text-align: justify;\"><span style=\"color: #ff6600;\">Scurt CV<\/span><\/p>\n<p style=\"text-align: justify;\"><strong>Experien\u0163a profesional\u0103 universitar\u0103:<\/strong><br \/>1991-1994 &#8211; Preparator universitar &#8211; Universitatea de Medicin\u0103 si Farmacie &#8220;Grigore T. Popa\u201d Ia\u0219i<br \/>1994-2005 &#8211; Asistent universitar &#8211; Universitatea de Medicin\u0103 si Farmacie &#8220;Grigore T. Popa\u201d Ia\u0219i<br \/>2005-2015 &#8211; \u0218ef de lucr\u0103ri &#8211; Universitatea de Medicin\u0103 si Farmacie &#8220;Grigore T. Popa\u201d Ia\u0219i<br \/>2015-prezent &#8211; Conferen\u021biar universitar (Disciplina Medicin\u0103 intern\u0103-Toxicologie) &#8211; Universitatea de Medicin\u0103 si Farmacie &#8220;Grigore T. Popa\u201d Ia\u0219i<br \/>Noiembrie 2020 \u2013 ianuarie 2021 Expert analiz\u0103 curricular\u0103 \u2013 Proiect POCU 122555 \u2013 Solu\u021bii inovatoare pentru Universit\u0103\u021bi \u0219i Colegiul tehnic \u00een vederea asigur\u0103rii Competitivit\u0103\u021bii procesului Educa\u021bional, corelat cu domeniile de Specializare inteligent\u0103 &#8211; SUCCES &#8211; SIVECO ROMANIA S.A<\/p>\n<p style=\"text-align: justify;\"><strong>Experien\u021ba profesional\u0103 medical\u0103:<\/strong><br \/>1999-prezent &#8211; Medic primar medicin\u0103 intern\u0103 &#8211; Spitalul Clinic Jude\u021bean de Urgen\u021be \u201dSf. Spiridon\u201d Ia\u0219i<br \/>2007-2017 &#8211; Medic specialist cardiologie &#8211; SC Helicomed SRL Ia\u0219i<br \/>1994-1999 &#8211; Medic specialist medicin\u0103 intern\u0103 &#8211; Spitalul Clinic de Urgen\u021be Ia\u0219i<br \/>1991-1994 &#8211; Medic secundar medicin\u0103 intern\u0103 &#8211; Spitalul Clinic de Urgen\u021be Ia\u0219i<br \/>15 decembrie 1989 &#8211; septembrie 1991 &#8211; Medic stagiar &#8211; Spitalul Clinic nr. 2 &#8220;Dr. C.I.Parhon\u201d Ia\u0219i<\/p>\n<p style=\"text-align: justify;\"><strong>Educa\u0163ie \u015fi formare:<\/strong><br \/>1983-1989 &#8211; Absolvent\u0103 a Facult\u0103\u021bii de Medicin\u0103 Ia\u0219i<br \/>1994-1999 &#8211; Medic specialist Medicin\u0103 Intern\u0103 &#8211; Spitalul Clinic de Urgen\u021b\u0103 \u201eSf. Ioan\u201d Ia\u0219i<br \/>1999 \u0219i \u00een prezent &#8211; Medic primar Medicin\u0103 Intern\u0103 &#8211; Spitalul Clinic de Urgen\u021b\u0103 &#8220;Sf. Ioan\u201d Ia\u0219i<br \/>2004 \u0219i \u00een prezent &#8211; A doua specialitate &#8211; medic specialist CARDIOLOGIE &#8211; Ministerul S\u0103n\u0103t\u0103\u021bii. Universitatea de Medicin\u0103 \u0219i Farmacie &#8220;Grigore T. Popa \u201d Ia\u0219i. Centrul de Cardiologie Ia\u0219i<\/p>\n<p><!--<a href=\"https:\/\/pdi.ro\/2021\/wp-content\/uploads\/2021\/07\/Lionte-Catalina_CV_2021.pdf\" target=\"_blank\" rel=\"noopener\">Click aici pentru CV<\/a><\/p>\n\n\n\n\n<p style=\"text-align: justify;\"><span style=\"color: #000000;\">\u00a0<\/span><\/p>\n\n\n\n\n<p>--><\/p>\n<p>[\/et_pb_text][\/et_pb_column][\/et_pb_row][\/et_pb_section][et_pb_section fb_built=&#8221;1&#8243; _builder_version=&#8221;4.9.6&#8243; background_color=&#8221;rgba(117,194,33,0.23)&#8221; background_image=&#8221;https:\/\/pdi.ro\/2021\/wp-content\/uploads\/2021\/05\/PDI2021_header_1920x550px.jpg&#8221; background_blend=&#8221;multiply&#8221; custom_padding=&#8221;54px|0px|0|0px|false|false&#8221; top_divider_style=&#8221;waves2&#8243; top_divider_color=&#8221;#ffffff&#8221; top_divider_height=&#8221;155px&#8221; top_divider_height_tablet=&#8221;&#8221; top_divider_height_phone=&#8221;97px&#8221; top_divider_height_last_edited=&#8221;on|desktop&#8221; bottom_divider_style=&#8221;waves2&#8243; bottom_divider_color=&#8221;#75c221&#8243; bottom_divider_flip=&#8221;vertical&#8221; bottom_divider_height_tablet=&#8221;&#8221; bottom_divider_height_phone=&#8221;59px&#8221; bottom_divider_height_last_edited=&#8221;on|desktop&#8221; global_module=&#8221;9177&#8243; saved_tabs=&#8221;all&#8221;][et_pb_row column_structure=&#8221;3_5,2_5&#8243; _builder_version=&#8221;3.25&#8243; custom_padding=&#8221;61px|0px|69px|0px|false|false&#8221;][et_pb_column type=&#8221;3_5&#8243; _builder_version=&#8221;3.25&#8243; custom_padding=&#8221;|||&#8221; custom_padding__hover=&#8221;|||&#8221;][et_pb_text _builder_version=&#8221;4.9.4&#8243; text_font=&#8221;Kaushan Script||||||||&#8221; text_text_color=&#8221;#f0622a&#8221; text_font_size=&#8221;30px&#8221; text_line_height=&#8221;1.2em&#8221; header_font=&#8221;||||||||&#8221; background_layout=&#8221;dark&#8221; text_font_size_tablet=&#8221;&#8221; text_font_size_phone=&#8221;&#8221; text_font_size_last_edited=&#8221;on|desktop&#8221;]<\/p>\n<p>Contacteaz\u0103 operatorul PDI 2021<\/p>\n<p>[\/et_pb_text][et_pb_contact_form email=&#8221;contact@pdi.ro\/2021\/2019&#8243; submit_button_text=&#8221;Trimite mesajul&#8221; _builder_version=&#8221;4.9.4&#8243; title_font=&#8221;||||||||&#8221; custom_button=&#8221;on&#8221; button_text_color=&#8221;#F0622A&#8221;][et_pb_contact_field field_id=&#8221;Name&#8221; field_title=&#8221;Nume&#8221; _builder_version=&#8221;3.18.9&#8243; button_text_size__hover_enabled=&#8221;off&#8221; button_one_text_size__hover_enabled=&#8221;off&#8221; button_two_text_size__hover_enabled=&#8221;off&#8221; button_text_color__hover_enabled=&#8221;off&#8221; button_one_text_color__hover_enabled=&#8221;off&#8221; button_two_text_color__hover_enabled=&#8221;off&#8221; button_border_width__hover_enabled=&#8221;off&#8221; button_one_border_width__hover_enabled=&#8221;off&#8221; button_two_border_width__hover_enabled=&#8221;off&#8221; button_border_color__hover_enabled=&#8221;off&#8221; button_one_border_color__hover_enabled=&#8221;off&#8221; button_two_border_color__hover_enabled=&#8221;off&#8221; button_border_radius__hover_enabled=&#8221;off&#8221; button_one_border_radius__hover_enabled=&#8221;off&#8221; button_two_border_radius__hover_enabled=&#8221;off&#8221; button_letter_spacing__hover_enabled=&#8221;off&#8221; button_one_letter_spacing__hover_enabled=&#8221;off&#8221; button_two_letter_spacing__hover_enabled=&#8221;off&#8221; button_bg_color__hover_enabled=&#8221;off&#8221; button_one_bg_color__hover_enabled=&#8221;off&#8221; button_two_bg_color__hover_enabled=&#8221;off&#8221;][\/et_pb_contact_field][et_pb_contact_field field_id=&#8221;Email&#8221; field_title=&#8221;Adresa de e-mail&#8221; field_type=&#8221;email&#8221; _builder_version=&#8221;3.19.4&#8243; button_text_size__hover_enabled=&#8221;off&#8221; button_one_text_size__hover_enabled=&#8221;off&#8221; button_two_text_size__hover_enabled=&#8221;off&#8221; button_text_color__hover_enabled=&#8221;off&#8221; button_one_text_color__hover_enabled=&#8221;off&#8221; button_two_text_color__hover_enabled=&#8221;off&#8221; button_border_width__hover_enabled=&#8221;off&#8221; button_one_border_width__hover_enabled=&#8221;off&#8221; button_two_border_width__hover_enabled=&#8221;off&#8221; button_border_color__hover_enabled=&#8221;off&#8221; button_one_border_color__hover_enabled=&#8221;off&#8221; button_two_border_color__hover_enabled=&#8221;off&#8221; button_border_radius__hover_enabled=&#8221;off&#8221; button_one_border_radius__hover_enabled=&#8221;off&#8221; button_two_border_radius__hover_enabled=&#8221;off&#8221; button_letter_spacing__hover_enabled=&#8221;off&#8221; button_one_letter_spacing__hover_enabled=&#8221;off&#8221; button_two_letter_spacing__hover_enabled=&#8221;off&#8221; button_bg_color__hover_enabled=&#8221;off&#8221; button_one_bg_color__hover_enabled=&#8221;off&#8221; button_two_bg_color__hover_enabled=&#8221;off&#8221;][\/et_pb_contact_field][et_pb_contact_field field_id=&#8221;Message&#8221; field_title=&#8221;Mesajul dvs.&#8221; field_type=&#8221;text&#8221; fullwidth_field=&#8221;on&#8221; _builder_version=&#8221;3.18.9&#8243; button_text_size__hover_enabled=&#8221;off&#8221; button_one_text_size__hover_enabled=&#8221;off&#8221; button_two_text_size__hover_enabled=&#8221;off&#8221; button_text_color__hover_enabled=&#8221;off&#8221; button_one_text_color__hover_enabled=&#8221;off&#8221; button_two_text_color__hover_enabled=&#8221;off&#8221; button_border_width__hover_enabled=&#8221;off&#8221; button_one_border_width__hover_enabled=&#8221;off&#8221; button_two_border_width__hover_enabled=&#8221;off&#8221; button_border_color__hover_enabled=&#8221;off&#8221; button_one_border_color__hover_enabled=&#8221;off&#8221; button_two_border_color__hover_enabled=&#8221;off&#8221; button_border_radius__hover_enabled=&#8221;off&#8221; button_one_border_radius__hover_enabled=&#8221;off&#8221; button_two_border_radius__hover_enabled=&#8221;off&#8221; button_letter_spacing__hover_enabled=&#8221;off&#8221; button_one_letter_spacing__hover_enabled=&#8221;off&#8221; button_two_letter_spacing__hover_enabled=&#8221;off&#8221; button_bg_color__hover_enabled=&#8221;off&#8221; button_one_bg_color__hover_enabled=&#8221;off&#8221; button_two_bg_color__hover_enabled=&#8221;off&#8221;][\/et_pb_contact_field][\/et_pb_contact_form][\/et_pb_column][et_pb_column type=&#8221;2_5&#8243; _builder_version=&#8221;3.25&#8243; custom_padding=&#8221;|||&#8221; custom_padding__hover=&#8221;|||&#8221;][et_pb_text _builder_version=&#8221;4.9.4&#8243; text_font=&#8221;Kaushan Script||||||||&#8221; text_text_color=&#8221;#f0622a&#8221; text_font_size=&#8221;30px&#8221; header_font=&#8221;||||||||&#8221; background_layout=&#8221;dark&#8221;]<\/p>\n<p>Operatorul PDI 2021<\/p>\n<p>[\/et_pb_text][et_pb_text _builder_version=&#8221;4.0.11&#8243; text_font=&#8221;||||||||&#8221;]<\/p>\n<p><span><img loading=\"lazy\" decoding=\"async\" src=\"https:\/\/pdi.ro\/2021\/wp-content\/uploads\/2020\/02\/eventer_logo_150px.png\" width=\"151\" height=\"33\" alt=\"\" class=\"wp-image-774 alignleft size-full\" \/><\/span><\/p>\n<p><span><\/span><\/p>\n<p><span><\/span><\/p>\n<p><span>Adresa: Str. A. Panu nr. 13, Iasi<\/span><br \/> <span>Tel.: 0332.40.88.00-05<\/span><br \/> <span>E-mail: <a href=\"mailto:inscrieri@primaderma.ro\" target=\"_blank\" rel=\"noopener noreferrer\">inscrieri@primaderma.ro<\/a><br \/> <\/span><span>Website:\u00a0<\/span><a href=\"http:\/\/www.eventernet.ro\/\" target=\"Blank\" rel=\"noopener noreferrer\">www.eventernet.ro<\/a><\/p>\n<p>[\/et_pb_text][et_pb_text disabled_on=&#8221;off|off|off&#8221; _builder_version=&#8221;4.0.11&#8243; text_font=&#8221;Kaushan Script||||||||&#8221; text_text_color=&#8221;#f0622a&#8221; text_font_size=&#8221;30px&#8221; header_font=&#8221;||||||||&#8221; background_layout=&#8221;dark&#8221; locked=&#8221;off&#8221;]<\/p>\n<p>Parteneri Media<\/p>\n<p>[\/et_pb_text][et_pb_gallery gallery_ids=&#8221;7203,7204,9252,9464,10156,10157&#8243; fullwidth=&#8221;on&#8221; _builder_version=&#8221;4.9.7&#8243; transform_scale=&#8221;86%|86%&#8221; max_width=&#8221;63%&#8221; auto=&#8221;on&#8221; auto_speed=&#8221;3500&#8243; hover_transition_duration=&#8221;100ms&#8221; hover_transition_delay=&#8221;50ms&#8221; hover_transition_speed_curve=&#8221;ease-in-out&#8221; locked=&#8221;off&#8221;][\/et_pb_gallery][\/et_pb_column][\/et_pb_row][\/et_pb_section]<\/p>\n","protected":false},"excerpt":{"rendered":"<p>Conf. Univ. Dr. C\u0103t\u0103lina LionteUniversitatea de Medicin\u0103 \u0219i Farmacie &#8220;Grigore T. Popa\u201d Ia\u0219i\u2018\u2019Red\u0103 echilibrul vascular!\u2019\u2019 Speakers: C\u0103t\u0103lina Lionte, Daniel Br\u0103ni\u0219teanu Cuvinte cheie: sulodexid original, stres tensional, antitrombotic, boal\u0103 venoas\u0103 cronic\u0103, retinopatie diabetica, complicatii microvasculare, leziuni vasculare, functie endoteliala. Boala venoasa cronica netratata poate avea o evolutie progresiva avand un impact semnificativ asupra calitatii vietii pacientilor.Factorii [&hellip;]<\/p>\n","protected":false},"author":2,"featured_media":0,"parent":0,"menu_order":0,"comment_status":"closed","ping_status":"closed","template":"","meta":{"_et_pb_use_builder":"on","_et_pb_old_content":"","_et_gb_content_width":"","footnotes":""},"class_list":["post-9836","page","type-page","status-publish","hentry"],"_links":{"self":[{"href":"https:\/\/pdi.ro\/2021\/wp-json\/wp\/v2\/pages\/9836","targetHints":{"allow":["GET"]}}],"collection":[{"href":"https:\/\/pdi.ro\/2021\/wp-json\/wp\/v2\/pages"}],"about":[{"href":"https:\/\/pdi.ro\/2021\/wp-json\/wp\/v2\/types\/page"}],"author":[{"embeddable":true,"href":"https:\/\/pdi.ro\/2021\/wp-json\/wp\/v2\/users\/2"}],"replies":[{"embeddable":true,"href":"https:\/\/pdi.ro\/2021\/wp-json\/wp\/v2\/comments?post=9836"}],"version-history":[{"count":9,"href":"https:\/\/pdi.ro\/2021\/wp-json\/wp\/v2\/pages\/9836\/revisions"}],"predecessor-version":[{"id":10522,"href":"https:\/\/pdi.ro\/2021\/wp-json\/wp\/v2\/pages\/9836\/revisions\/10522"}],"wp:attachment":[{"href":"https:\/\/pdi.ro\/2021\/wp-json\/wp\/v2\/media?parent=9836"}],"curies":[{"name":"wp","href":"https:\/\/api.w.org\/{rel}","templated":true}]}}