{"id":9872,"date":"2021-07-05T17:16:34","date_gmt":"2021-07-05T15:16:34","guid":{"rendered":"https:\/\/primaderma.ro\/?page_id=9872"},"modified":"2021-07-12T12:46:48","modified_gmt":"2021-07-12T10:46:48","slug":"dr-alin-nicolescu","status":"publish","type":"page","link":"https:\/\/pdi.ro\/2021\/dr-alin-nicolescu\/","title":{"rendered":"Dr. Alin Nicolescu"},"content":{"rendered":"<p>[et_pb_section fb_built=&#8221;1&#8243; fullwidth=&#8221;on&#8221; disabled_on=&#8221;on|off|off&#8221; _builder_version=&#8221;3.22&#8243; custom_margin=&#8221;||&#8221; custom_padding=&#8221;15px||29px&#8221; top_divider_style=&#8221;waves2&#8243; top_divider_color=&#8221;#f0622a&#8221; top_divider_flip=&#8221;horizontal|vertical&#8221; bottom_divider_style=&#8221;waves2&#8243; bottom_divider_color=&#8221;#fcdedb&#8221; bottom_divider_height=&#8221;105px&#8221; bottom_divider_flip=&#8221;vertical&#8221; global_module=&#8221;9062&#8243; collapsed=&#8221;off&#8221;][et_pb_fullwidth_header title=&#8221;@ET-DC@eyJkeW5hbWljIjp0cnVlLCJjb250ZW50IjoicG9zdF90aXRsZSIsInNldHRpbmdzIjp7ImJlZm9yZSI6IiIsImFmdGVyIjoiIn19@&#8221; text_orientation=&#8221;right&#8221; header_image_url=&#8221;https:\/\/pdi.ro\/2021\/wp-content\/uploads\/2021\/05\/PDI2021_logo_header_int_600x300px.png&#8221; disabled_on=&#8221;on|on|off&#8221; _builder_version=&#8221;4.9.4&#8243; _dynamic_attributes=&#8221;title&#8221; title_font=&#8221;Kaushan Script||||||||&#8221; title_text_align=&#8221;right&#8221; title_text_color=&#8221;#f0622a&#8221; title_font_size=&#8221;50px&#8221; content_font=&#8221;|600||on|||||&#8221; content_text_align=&#8221;center&#8221; content_text_color=&#8221;#686766&#8243; content_font_size=&#8221;15px&#8221; subhead_font=&#8221;||||||||&#8221; background_color=&#8221;#ef916b&#8221; background_image=&#8221;https:\/\/pdi.ro\/2021\/wp-content\/uploads\/2021\/05\/PDI2021_header_1920x550px.jpg&#8221; background_blend=&#8221;luminosity&#8221; background_layout=&#8221;light&#8221; custom_margin=&#8221;0px||8px&#8221; custom_padding=&#8221;40px||40px||true&#8221; content_font_size_tablet=&#8221;&#8221; content_font_size_phone=&#8221;15px&#8221; content_font_size_last_edited=&#8221;on|desktop&#8221;][\/et_pb_fullwidth_header][\/et_pb_section][et_pb_section fb_built=&#8221;1&#8243; _builder_version=&#8221;3.22&#8243;][et_pb_row column_structure=&#8221;2_5,3_5&#8243; _builder_version=&#8221;3.25&#8243; locked=&#8221;off&#8221;][et_pb_column type=&#8221;2_5&#8243; _builder_version=&#8221;3.25&#8243; custom_padding=&#8221;|||&#8221; custom_padding__hover=&#8221;|||&#8221;][et_pb_image src=&#8221;https:\/\/pdi.ro\/2021\/wp-content\/uploads\/2021\/07\/Nicolescu-Alin.jpg&#8221; title_text=&#8221;Nicolescu Alin&#8221; align=&#8221;center&#8221; align_tablet=&#8221;center&#8221; align_phone=&#8221;&#8221; align_last_edited=&#8221;on|desktop&#8221; _builder_version=&#8221;4.9.7&#8243; max_width=&#8221;25%&#8221; border_radii=&#8221;on|100px|100px|100px|100px&#8221;][\/et_pb_image][\/et_pb_column][et_pb_column type=&#8221;3_5&#8243; _builder_version=&#8221;3.25&#8243; custom_padding=&#8221;|||&#8221; custom_padding__hover=&#8221;|||&#8221;][et_pb_text _builder_version=&#8221;4.9.7&#8243;]<\/p>\n<h4><span style=\"color: #ff6600;\"><strong><\/strong><\/span><\/h4>\n<h4><span style=\"color: #ff6600;\"><strong><\/strong><\/span><\/h4>\n<h4><span style=\"color: #ff6600;\"><strong><\/strong><\/span><\/h4>\n<h4><span style=\"color: #ff6600;\"><strong>Dr. Alin Nicolescu<\/strong><\/span><br \/><span style=\"color: #ff6600;\"><strong>Medic primar dermatovenerolog<br \/>Pre\u0219edintele Comisiei de Dermatovenerologie a Ministerului S\u0103n\u0103t\u0103\u021bii <\/strong><\/span><\/h4>\n<p>&nbsp;<\/p>\n<p>[\/et_pb_text][\/et_pb_column][\/et_pb_row][et_pb_row _builder_version=&#8221;3.25&#8243; locked=&#8221;off&#8221;][et_pb_column type=&#8221;4_4&#8243; _builder_version=&#8221;3.25&#8243; custom_padding=&#8221;|||&#8221; custom_padding__hover=&#8221;|||&#8221;][et_pb_text _builder_version=&#8221;4.9.7&#8243; hover_enabled=&#8221;0&#8243; sticky_enabled=&#8221;0&#8243;]<\/p>\n<p style=\"text-align: justify;\"><span style=\"color: #ff6600;\">Simpozion Novartis: All about the patient \u2013 A dialogue about importance of patient evaluation and adherence to the treatment<br \/>Lectori: Daciana Branisteanu, Alin Nicolescu<br \/><\/span><\/p>\n<p style=\"text-align: justify;\"><span style=\"color: #ff6600;\">Simpozion Novartis: \u2019Terapia biologic\u0103 in UCS \u2013 o solu\u021bie pentru pacient \u0219i medic!\u2019<br \/>Lectori: C\u0103lin Giurc\u0103neanu1, Alin Nicolescu2<\/span><br \/>1Spitalul Universitar de Urgent\u0103 \u201dElias\u201d, Bucure\u0219ti<br \/>2Centrul Med. de Diagnostic si Tratament\u00a0 \u201cS.R.I.\u201d<\/p>\n<p style=\"text-align: justify;\">Cuvinte cheie: omalizumab, urticarie cronic\u0103 spontan\u0103, papule, angioedem<\/p>\n<p style=\"text-align: justify;\">Urticaria Cronic\u0103 Spontan\u0103 este o afec\u021biune cronic\u0103 intermitent\u0103, caracterizat\u0103 prin apari\u021bia spontan\u0103 a papulelor sau\/\u0219i a angioedemului, in fiecare zi sau aproape in toate zilele, pentru cel pu\u021bin 6 s\u0103pt\u0103m\u00e2ni, f\u0103r\u0103 un stimul extern evident.<br \/>Papulele \u0219i angioedemul sunt raportate in propor\u021bie de 33\u221267% la pacien\u021bii cu UCS, angioedemul singur fiind prezent doar la 1\u221213% din pacien\u021bi.<br \/>Terapia simptomatic\u0103 cu antihistaminice H1 este singura terapie de prim\u0103 inten\u021bie in UCS, dar efectul terapeutic este dovedit la mai pu\u021bin de 50 % dintre pacien\u021bii cu urticarie cronic\u0103 spontan\u0103<br \/>Omalizumab este indicat ca tratament adjuvant al UCS la pacien\u0163i adul\u0163i \u015fi adolescen\u0163i (12 ani \u0219i peste) cu r\u0103spuns neadecvat la tratamentul cu antihistaminice H1.<br \/>Doza recomandat\u0103 este de 300 mg, subcutanat, la intervale de 4 s\u0103pt\u0103m\u00e2ni.<br \/>\u00cen studiile de faz\u0103 III (Asteria I, Asteria II, Glacial) omalizumab administrat in doz\u0103 de 300 mg a demonstrat \u00een mod constant \u00eembunata\u021biri semnificative ale simptomelor UCS \u00een compara\u021bie cu placebo.<br \/>Datele cumulate de siguran\u021b\u0103 din studiile de faz\u0103 III demonstreaz\u0103 c\u0103 nu au existat diferente \u00eentre grupurile de tratament \u00een ceea ce prive\u0219te inciden\u021ba evenimentelor adverse.<\/p>\n<p style=\"text-align: justify;\"><span style=\"color: #ff6600;\">English version<\/span><span style=\"color: #ff6600;\"><\/span><span style=\"color: #ff6600;\"><\/span><\/p>\n<p style=\"text-align: justify;\">Keywords: omalizumab, chronic spontaneous urticaria, hives, angioedema<\/p>\n<p style=\"text-align: justify;\">Chronic Spontaneous Urticaria is an intermittent chronic disease, characterized by the spontaneous appearance of hives and \/ or angioedema, every day or almost every day, for at least 6 weeks, without an obvious external factor.<br \/>Hives and angioedema are reported in 33\u221267% of patients with CSU, angioedema alone being present in only 1\u221213% of patients.<br \/>Symptomatic therapy with H1 antihistamines is the only first-line therapy in CSU, but the therapeutic effect is proven in less than 50% of patients with spontaneous chronic urticaria.<br \/>Omalizumab is indicated as add- on therapy for the treatment of chronic spontaneous urticaria in adult and adolescent (12 years of age and older) patients, with inadequate response to H1 antihistamines.<br \/>The recommended dose is 300 mg subcutaneously at 4-weeks intervals.<br \/>In phase III studies (Asteria I, Asteria II, Glacial), Xolair consistently demonstrated significant improvements in CSU symptoms compared to placebo.<br \/>Cumulated safety data from phase III studies show that there were no differences between treatment groups in the incidence of adverse events.<\/p>\n<p style=\"text-align: justify;\">__________________________________________________________________________________<\/p>\n<p style=\"text-align: justify;\"><span style=\"color: #ff6600;\">Simpozion Abbvie: Redefinirea standardelor \u00een psoriazis: durabilitate, siguran\u021b\u0103, simplitate<\/span><br \/><span style=\"color: #ff6600;\"> Lectori: Alin Nicolescu, Carmen Curea, Daciana Elena Br\u0103ni\u0219teanu<\/span><\/p>\n<p>Psoriazisul este o boal\u0103 cronic\u0103, sistemic\u0103, cu un impact cumulativ asupra vie\u0163ii pacien\u021bilor.<br \/>Evolu\u021bia conceptelor fiziopatologice \u0219i cercetarea \u0219tiin\u021bific\u0103 au determinat dezvoltarea op\u021biunilor terapeutice \u00een psoriazis, ceea ce a dus la evolu\u021bia obiectivelor terapeutice \u0219i a standardelor de \u00eengrijire \u00een psoriazis.<br \/>Optiunile terapeutice ap\u0103rute \u00een ultimii ani, care \u021bintesc citokine cheie (ex. IL-23), au poten\u021bialul de a \u00eembun\u0103t\u0103\u021bi standardele de \u00eengrijire pentru pacien\u021bii cu psoriazis.<br \/>Odat\u0103 cu progresele ob\u021binute \u00een managementul psoriazisului moderat-sever, acum pot fi atinse obiective terapeutice mai \u00eenalte, iar pacien\u021bii pot avea a\u0219tept\u0103ri mai mari de la tratamentul pe care \u00eel urmeaz\u0103.<br \/>SKYRIZI\u00ae (Risankizumab) este un anticorp monoclonal umanizat care se leag\u0103 \u00een mod specific de subunitatea p19 a IL-23. SKYRIZI\u00ae a demonstrat \u00een studiile clinice ob\u021binerea unor niveluri \u00eenalte de cur\u0103\u0163are a leziunilor de psoriazis, men\u0163inerea eficacit\u0103\u0163ii tratamentului \u00een timp, cu un profil de siguran\u021b\u0103 favorabil pe termen lung, av\u00e2nd o schem\u0103 de administrare convenabil\u0103.<br \/>Ob\u021binerea unei cur\u0103\u021b\u0103ri cutanate complete poate reduce semnificativ povara pe care pacien\u021bii cu psoriazis moderat-sever o resimt pe termen lung.<br \/>Datele de eficacitate \u0219i siguran\u021b\u0103 din studiile clinice cu risankizumab demonstreaz\u0103 c\u0103 medicii \u0219i pacien\u021bii \u00ee\u0219i pot propune \u0219i ob\u021bine obiective terapeutice \u00eenalte.<br \/>De la studii clinice la practica clinic\u0103 se vor g\u0103si r\u0103spunsurile la \u00eentrebarea: De ce Skyrizi este o op\u021biune pentru pacien\u021bii cu psoriazis?<\/p>\n<p style=\"text-align: justify;\">_______________________________________________________________________________<\/p>\n<p style=\"text-align: justify;\"><span style=\"color: #ff6600;\">Simpozion Sanofi: Dupilumab \u2013 primul imunomodulator in Dermatita Atopica<\/span><br \/><span style=\"color: #ff6600;\"> Lectori: Daciana Elena Br\u0103ni\u0219teanu, C\u0103lin Giurc\u0103neanu, Alin Nicolescu<\/span><\/p>\n<p style=\"text-align: justify;\">DA este o boala inflamatorie cronica sistemica si nu doar o bolala de piele intermitenta, asa cum era considerata in trecut, caracterizata prin prurit intens si leziuni eczematoase. Adevarata cauza a dermatitei atopice este inflamatia de Tip2\/Th2 iar IL4 si IL13 sunt citokinele cheie implicate in mecanismul imunologic.<br \/>Dupixent este prima terapie biologica aprobata pentru tratamentul dermatitei atopice cu forma moderata pana la severa. Dupixent este un anticorp monoclonal uman care se leaga specific de receptorul alfa al interleukinei 4 (IL-4) si inhiba semnalizarea celulara a IL4\/IL13. Dupixent a demonstrat imbunatatiri rapide si sustinute ale semnelor si simptomelor DA precum si a calitatii vietii la adulti cu DA moderat-severa. Dupixent a demonstrate un profil de siguranta favorabil la adulti cu DA moderat-severa.<\/p>\n<p style=\"text-align: justify;\"><span style=\"color: #ff6600;\">English version<\/span><br \/><span style=\"color: #ff6600;\"> <\/span><span style=\"color: #000000;\"><\/span><\/p>\n<p style=\"text-align: justify;\">Atopic Dermatitis is an inflammatory chronic disease, characterized by intense pruritus and eczematous lesions, it is not just an intermittent skin disease as it was considered in the past. The root cause of atopic dermatitis is Type 2\/Th 2 inflammation and IL4 and IL3 are the main cytokines involved in the immune mechanism.<br \/>Dupixent is the first approved biological therapy for the treatment of moderate to severe atopic dermatitis. Dupixent is a human monoclonal antibody that specifically binds to the alpha receptor for interleukin 4 (IL4) and inhibits the cellular signaling of IL4\/IL13. Dupixent has demonstrated rapid and sustained improvements of signs and symptoms of AD as well as quality of life in adult with moderate to severe AD. Dupixent has demonstrated a favorable safety profile in adults with moderate to severe AD.<\/p>\n<p style=\"text-align: justify;\"><span style=\"color: #ff6600;\">Scurt CV<\/span><\/p>\n<p style=\"text-align: justify;\">Dr. Alin Nicolescu este medic primar dermatovenerolog \u0219i Pre\u0219edintele Comisiei de Dermatovenerologie a Ministerului S\u0103n\u0103t\u0103\u021bii. A urmat numeroase cursuri de specializare \u00een \u0163ar\u0103 \u015fi str\u0103in\u0103tate pentru Laser Nd-Yag, dermatoscopie, ecografie cutanat\u0103, printre care:<br \/>\u2022 curs de Ecografie cutanat\u0103 \u2013 \u201eCortex Technologz\u201d (1996)<br \/>\u2022 curs de Ecografie cutanat\u0103 la Viena (1996)<br \/>\u2022 curs de Dermatoscopie la LKH Gratz (1996)<br \/>\u2022 curs Pulsed Dye Laser \u00een Viena (1996)<br \/>\u2022 curs de lasere (CO2, PDL, Nd Yag, Dioda) la Tel Aviv, Israel (1997)<br \/>\u2022 curs de lasere, CO2, Scanner \u00een Israel, Haifa (1997)<br \/>\u2022 curs Pulsed Dye Laser, Nd-Yag, Compania Coherent (2008)<br \/>\u2022 programul de Lasere \u00een Medicin\u0103 SPIRALMED (2010).<br \/>Autor al peste 200 de lucr\u0103ri publicate \u015fi comunicate din \u0163ar\u0103 \u015fi str\u0103in\u0103tate. Colaborator la redactarea manualului \u201cDermato-venerologie 2000\u201d.Consultant de specialitate pentru diverse afec\u0163iuni (dermatita atopic\u0103, psoriazis, etc.) \u00een cadrul cursurilor organizate de diverse companii farmaceutice.<\/p>\n<p>[\/et_pb_text][\/et_pb_column][\/et_pb_row][\/et_pb_section][et_pb_section fb_built=&#8221;1&#8243; _builder_version=&#8221;4.9.6&#8243; background_color=&#8221;rgba(117,194,33,0.23)&#8221; background_image=&#8221;https:\/\/pdi.ro\/2021\/wp-content\/uploads\/2021\/05\/PDI2021_header_1920x550px.jpg&#8221; background_blend=&#8221;multiply&#8221; custom_padding=&#8221;54px|0px|0|0px|false|false&#8221; top_divider_style=&#8221;waves2&#8243; top_divider_color=&#8221;#ffffff&#8221; top_divider_height=&#8221;155px&#8221; top_divider_height_tablet=&#8221;&#8221; top_divider_height_phone=&#8221;97px&#8221; top_divider_height_last_edited=&#8221;on|desktop&#8221; bottom_divider_style=&#8221;waves2&#8243; bottom_divider_color=&#8221;#75c221&#8243; bottom_divider_flip=&#8221;vertical&#8221; bottom_divider_height_tablet=&#8221;&#8221; bottom_divider_height_phone=&#8221;59px&#8221; bottom_divider_height_last_edited=&#8221;on|desktop&#8221; global_module=&#8221;9177&#8243; saved_tabs=&#8221;all&#8221;][et_pb_row column_structure=&#8221;3_5,2_5&#8243; _builder_version=&#8221;3.25&#8243; custom_padding=&#8221;61px|0px|69px|0px|false|false&#8221;][et_pb_column type=&#8221;3_5&#8243; _builder_version=&#8221;3.25&#8243; custom_padding=&#8221;|||&#8221; custom_padding__hover=&#8221;|||&#8221;][et_pb_text _builder_version=&#8221;4.9.4&#8243; text_font=&#8221;Kaushan Script||||||||&#8221; text_text_color=&#8221;#f0622a&#8221; text_font_size=&#8221;30px&#8221; text_line_height=&#8221;1.2em&#8221; header_font=&#8221;||||||||&#8221; background_layout=&#8221;dark&#8221; text_font_size_tablet=&#8221;&#8221; text_font_size_phone=&#8221;&#8221; text_font_size_last_edited=&#8221;on|desktop&#8221;]<\/p>\n<p>Contacteaz\u0103 operatorul PDI 2021<\/p>\n<p>[\/et_pb_text][et_pb_contact_form email=&#8221;contact@pdi.ro\/2021\/2019&#8243; submit_button_text=&#8221;Trimite mesajul&#8221; _builder_version=&#8221;4.9.4&#8243; title_font=&#8221;||||||||&#8221; custom_button=&#8221;on&#8221; button_text_color=&#8221;#F0622A&#8221;][et_pb_contact_field field_id=&#8221;Name&#8221; field_title=&#8221;Nume&#8221; _builder_version=&#8221;3.18.9&#8243; button_text_size__hover_enabled=&#8221;off&#8221; button_one_text_size__hover_enabled=&#8221;off&#8221; button_two_text_size__hover_enabled=&#8221;off&#8221; button_text_color__hover_enabled=&#8221;off&#8221; button_one_text_color__hover_enabled=&#8221;off&#8221; button_two_text_color__hover_enabled=&#8221;off&#8221; button_border_width__hover_enabled=&#8221;off&#8221; button_one_border_width__hover_enabled=&#8221;off&#8221; button_two_border_width__hover_enabled=&#8221;off&#8221; button_border_color__hover_enabled=&#8221;off&#8221; button_one_border_color__hover_enabled=&#8221;off&#8221; button_two_border_color__hover_enabled=&#8221;off&#8221; button_border_radius__hover_enabled=&#8221;off&#8221; button_one_border_radius__hover_enabled=&#8221;off&#8221; button_two_border_radius__hover_enabled=&#8221;off&#8221; button_letter_spacing__hover_enabled=&#8221;off&#8221; button_one_letter_spacing__hover_enabled=&#8221;off&#8221; button_two_letter_spacing__hover_enabled=&#8221;off&#8221; button_bg_color__hover_enabled=&#8221;off&#8221; button_one_bg_color__hover_enabled=&#8221;off&#8221; button_two_bg_color__hover_enabled=&#8221;off&#8221;][\/et_pb_contact_field][et_pb_contact_field field_id=&#8221;Email&#8221; field_title=&#8221;Adresa de e-mail&#8221; field_type=&#8221;email&#8221; _builder_version=&#8221;3.19.4&#8243; button_text_size__hover_enabled=&#8221;off&#8221; button_one_text_size__hover_enabled=&#8221;off&#8221; button_two_text_size__hover_enabled=&#8221;off&#8221; button_text_color__hover_enabled=&#8221;off&#8221; button_one_text_color__hover_enabled=&#8221;off&#8221; button_two_text_color__hover_enabled=&#8221;off&#8221; button_border_width__hover_enabled=&#8221;off&#8221; button_one_border_width__hover_enabled=&#8221;off&#8221; button_two_border_width__hover_enabled=&#8221;off&#8221; button_border_color__hover_enabled=&#8221;off&#8221; button_one_border_color__hover_enabled=&#8221;off&#8221; button_two_border_color__hover_enabled=&#8221;off&#8221; button_border_radius__hover_enabled=&#8221;off&#8221; button_one_border_radius__hover_enabled=&#8221;off&#8221; button_two_border_radius__hover_enabled=&#8221;off&#8221; button_letter_spacing__hover_enabled=&#8221;off&#8221; button_one_letter_spacing__hover_enabled=&#8221;off&#8221; button_two_letter_spacing__hover_enabled=&#8221;off&#8221; button_bg_color__hover_enabled=&#8221;off&#8221; button_one_bg_color__hover_enabled=&#8221;off&#8221; button_two_bg_color__hover_enabled=&#8221;off&#8221;][\/et_pb_contact_field][et_pb_contact_field field_id=&#8221;Message&#8221; field_title=&#8221;Mesajul dvs.&#8221; field_type=&#8221;text&#8221; fullwidth_field=&#8221;on&#8221; _builder_version=&#8221;3.18.9&#8243; button_text_size__hover_enabled=&#8221;off&#8221; button_one_text_size__hover_enabled=&#8221;off&#8221; button_two_text_size__hover_enabled=&#8221;off&#8221; button_text_color__hover_enabled=&#8221;off&#8221; button_one_text_color__hover_enabled=&#8221;off&#8221; button_two_text_color__hover_enabled=&#8221;off&#8221; button_border_width__hover_enabled=&#8221;off&#8221; button_one_border_width__hover_enabled=&#8221;off&#8221; button_two_border_width__hover_enabled=&#8221;off&#8221; button_border_color__hover_enabled=&#8221;off&#8221; button_one_border_color__hover_enabled=&#8221;off&#8221; button_two_border_color__hover_enabled=&#8221;off&#8221; button_border_radius__hover_enabled=&#8221;off&#8221; button_one_border_radius__hover_enabled=&#8221;off&#8221; button_two_border_radius__hover_enabled=&#8221;off&#8221; button_letter_spacing__hover_enabled=&#8221;off&#8221; button_one_letter_spacing__hover_enabled=&#8221;off&#8221; button_two_letter_spacing__hover_enabled=&#8221;off&#8221; button_bg_color__hover_enabled=&#8221;off&#8221; button_one_bg_color__hover_enabled=&#8221;off&#8221; button_two_bg_color__hover_enabled=&#8221;off&#8221;][\/et_pb_contact_field][\/et_pb_contact_form][\/et_pb_column][et_pb_column type=&#8221;2_5&#8243; _builder_version=&#8221;3.25&#8243; custom_padding=&#8221;|||&#8221; custom_padding__hover=&#8221;|||&#8221;][et_pb_text _builder_version=&#8221;4.9.4&#8243; text_font=&#8221;Kaushan Script||||||||&#8221; text_text_color=&#8221;#f0622a&#8221; text_font_size=&#8221;30px&#8221; header_font=&#8221;||||||||&#8221; background_layout=&#8221;dark&#8221;]<\/p>\n<p>Operatorul PDI 2021<\/p>\n<p>[\/et_pb_text][et_pb_text _builder_version=&#8221;4.0.11&#8243; text_font=&#8221;||||||||&#8221;]<\/p>\n<p><span><img loading=\"lazy\" decoding=\"async\" src=\"https:\/\/pdi.ro\/2021\/wp-content\/uploads\/2020\/02\/eventer_logo_150px.png\" width=\"151\" height=\"33\" alt=\"\" class=\"wp-image-774 alignleft size-full\" \/><\/span><\/p>\n<p><span><\/span><\/p>\n<p><span><\/span><\/p>\n<p><span>Adresa: Str. A. Panu nr. 13, Iasi<\/span><br \/> <span>Tel.: 0332.40.88.00-05<\/span><br \/> <span>E-mail: <a href=\"mailto:inscrieri@primaderma.ro\" target=\"_blank\" rel=\"noopener noreferrer\">inscrieri@primaderma.ro<\/a><br \/> <\/span><span>Website:\u00a0<\/span><a href=\"http:\/\/www.eventernet.ro\/\" target=\"Blank\" rel=\"noopener noreferrer\">www.eventernet.ro<\/a><\/p>\n<p>[\/et_pb_text][et_pb_text disabled_on=&#8221;off|off|off&#8221; _builder_version=&#8221;4.0.11&#8243; text_font=&#8221;Kaushan Script||||||||&#8221; text_text_color=&#8221;#f0622a&#8221; text_font_size=&#8221;30px&#8221; header_font=&#8221;||||||||&#8221; background_layout=&#8221;dark&#8221; locked=&#8221;off&#8221;]<\/p>\n<p>Parteneri Media<\/p>\n<p>[\/et_pb_text][et_pb_gallery gallery_ids=&#8221;7203,7204,9252,9464,10156,10157&#8243; fullwidth=&#8221;on&#8221; _builder_version=&#8221;4.9.7&#8243; transform_scale=&#8221;86%|86%&#8221; max_width=&#8221;63%&#8221; auto=&#8221;on&#8221; auto_speed=&#8221;3500&#8243; hover_transition_duration=&#8221;100ms&#8221; hover_transition_delay=&#8221;50ms&#8221; hover_transition_speed_curve=&#8221;ease-in-out&#8221; locked=&#8221;off&#8221;][\/et_pb_gallery][\/et_pb_column][\/et_pb_row][\/et_pb_section]<\/p>\n","protected":false},"excerpt":{"rendered":"<p>Dr. Alin NicolescuMedic primar dermatovenerologPre\u0219edintele Comisiei de Dermatovenerologie a Ministerului S\u0103n\u0103t\u0103\u021bii &nbsp;Simpozion Novartis: All about the patient \u2013 A dialogue about importance of patient evaluation and adherence to the treatmentLectori: Daciana Branisteanu, Alin Nicolescu Simpozion Novartis: \u2019Terapia biologic\u0103 in UCS \u2013 o solu\u021bie pentru pacient \u0219i medic!\u2019Lectori: C\u0103lin Giurc\u0103neanu1, Alin Nicolescu21Spitalul Universitar de Urgent\u0103 \u201dElias\u201d, [&hellip;]<\/p>\n","protected":false},"author":2,"featured_media":0,"parent":0,"menu_order":0,"comment_status":"closed","ping_status":"closed","template":"","meta":{"_et_pb_use_builder":"on","_et_pb_old_content":"","_et_gb_content_width":"","footnotes":""},"class_list":["post-9872","page","type-page","status-publish","hentry"],"_links":{"self":[{"href":"https:\/\/pdi.ro\/2021\/wp-json\/wp\/v2\/pages\/9872","targetHints":{"allow":["GET"]}}],"collection":[{"href":"https:\/\/pdi.ro\/2021\/wp-json\/wp\/v2\/pages"}],"about":[{"href":"https:\/\/pdi.ro\/2021\/wp-json\/wp\/v2\/types\/page"}],"author":[{"embeddable":true,"href":"https:\/\/pdi.ro\/2021\/wp-json\/wp\/v2\/users\/2"}],"replies":[{"embeddable":true,"href":"https:\/\/pdi.ro\/2021\/wp-json\/wp\/v2\/comments?post=9872"}],"version-history":[{"count":7,"href":"https:\/\/pdi.ro\/2021\/wp-json\/wp\/v2\/pages\/9872\/revisions"}],"predecessor-version":[{"id":10397,"href":"https:\/\/pdi.ro\/2021\/wp-json\/wp\/v2\/pages\/9872\/revisions\/10397"}],"wp:attachment":[{"href":"https:\/\/pdi.ro\/2021\/wp-json\/wp\/v2\/media?parent=9872"}],"curies":[{"name":"wp","href":"https:\/\/api.w.org\/{rel}","templated":true}]}}