{"id":9893,"date":"2021-07-06T09:42:22","date_gmt":"2021-07-06T07:42:22","guid":{"rendered":"https:\/\/primaderma.ro\/?page_id=9893"},"modified":"2021-07-06T15:31:35","modified_gmt":"2021-07-06T13:31:35","slug":"conf-univ-dr-andra-balanescu","status":"publish","type":"page","link":"https:\/\/pdi.ro\/2021\/conf-univ-dr-andra-balanescu\/","title":{"rendered":"Conf. Univ. Dr. Andra B\u0103l\u0103nescu"},"content":{"rendered":"<p>[et_pb_section fb_built=&#8221;1&#8243; fullwidth=&#8221;on&#8221; disabled_on=&#8221;on|off|off&#8221; _builder_version=&#8221;3.22&#8243; custom_margin=&#8221;||&#8221; custom_padding=&#8221;15px||29px&#8221; top_divider_style=&#8221;waves2&#8243; top_divider_color=&#8221;#f0622a&#8221; top_divider_flip=&#8221;horizontal|vertical&#8221; bottom_divider_style=&#8221;waves2&#8243; bottom_divider_color=&#8221;#fcdedb&#8221; bottom_divider_height=&#8221;105px&#8221; bottom_divider_flip=&#8221;vertical&#8221; global_module=&#8221;9062&#8243; collapsed=&#8221;off&#8221;][et_pb_fullwidth_header title=&#8221;@ET-DC@eyJkeW5hbWljIjp0cnVlLCJjb250ZW50IjoicG9zdF90aXRsZSIsInNldHRpbmdzIjp7ImJlZm9yZSI6IiIsImFmdGVyIjoiIn19@&#8221; text_orientation=&#8221;right&#8221; header_image_url=&#8221;https:\/\/pdi.ro\/2021\/wp-content\/uploads\/2021\/05\/PDI2021_logo_header_int_600x300px.png&#8221; disabled_on=&#8221;on|on|off&#8221; _builder_version=&#8221;4.9.4&#8243; _dynamic_attributes=&#8221;title&#8221; title_font=&#8221;Kaushan Script||||||||&#8221; title_text_align=&#8221;right&#8221; title_text_color=&#8221;#f0622a&#8221; title_font_size=&#8221;50px&#8221; content_font=&#8221;|600||on|||||&#8221; content_text_align=&#8221;center&#8221; content_text_color=&#8221;#686766&#8243; content_font_size=&#8221;15px&#8221; subhead_font=&#8221;||||||||&#8221; background_color=&#8221;#ef916b&#8221; background_image=&#8221;https:\/\/pdi.ro\/2021\/wp-content\/uploads\/2021\/05\/PDI2021_header_1920x550px.jpg&#8221; background_blend=&#8221;luminosity&#8221; background_layout=&#8221;light&#8221; custom_margin=&#8221;0px||8px&#8221; custom_padding=&#8221;40px||40px||true&#8221; content_font_size_tablet=&#8221;&#8221; content_font_size_phone=&#8221;15px&#8221; content_font_size_last_edited=&#8221;on|desktop&#8221;][\/et_pb_fullwidth_header][\/et_pb_section][et_pb_section fb_built=&#8221;1&#8243; _builder_version=&#8221;3.22&#8243;][et_pb_row column_structure=&#8221;2_5,3_5&#8243; _builder_version=&#8221;3.25&#8243; locked=&#8221;off&#8221;][et_pb_column type=&#8221;2_5&#8243; _builder_version=&#8221;3.25&#8243; custom_padding=&#8221;|||&#8221; custom_padding__hover=&#8221;|||&#8221;][et_pb_image src=&#8221;https:\/\/pdi.ro\/2021\/wp-content\/uploads\/2021\/07\/Andra-Balanescu.png&#8221; title_text=&#8221;Andra Balanescu&#8221; align=&#8221;center&#8221; align_tablet=&#8221;center&#8221; align_phone=&#8221;&#8221; align_last_edited=&#8221;on|desktop&#8221; _builder_version=&#8221;4.9.7&#8243; max_width=&#8221;25%&#8221; border_radii=&#8221;on|100px|100px|100px|100px&#8221;][\/et_pb_image][\/et_pb_column][et_pb_column type=&#8221;3_5&#8243; _builder_version=&#8221;3.25&#8243; custom_padding=&#8221;|||&#8221; custom_padding__hover=&#8221;|||&#8221;][et_pb_text _builder_version=&#8221;4.9.7&#8243;]<\/p>\n<h4><span style=\"color: #ff6600;\"><strong><\/strong><\/span><\/h4>\n<h4><span style=\"color: #ff6600;\"><strong><\/strong><\/span><\/h4>\n<h4><span style=\"color: #ff6600;\"><strong><\/strong><\/span><\/h4>\n<h4><span style=\"color: #ff6600;\"><strong>Conf. Univ.Dr. Andra B\u0103l\u0103nescu<br \/>Universitatea de Medicin\u0103 \u0219i Farmacie \u201eCarol Davila\u201d Bucure\u0219ti<br \/><\/strong><\/span><\/h4>\n<p>[\/et_pb_text][\/et_pb_column][\/et_pb_row][et_pb_row _builder_version=&#8221;3.25&#8243; locked=&#8221;off&#8221;][et_pb_column type=&#8221;4_4&#8243; _builder_version=&#8221;3.25&#8243; custom_padding=&#8221;|||&#8221; custom_padding__hover=&#8221;|||&#8221;][et_pb_text _builder_version=&#8221;4.9.7&#8243;]<\/p>\n<p style=\"text-align: justify;\"><span style=\"color: #ff6600;\">EXIST\u0102 ARTRIT\u0102 PSORIAZIC\u0102 PRECOCE?<\/span><br \/><span style=\"color: #ff6600;\"> Autor: Andra B\u0103l\u0103nescu<\/span><\/p>\n<p style=\"text-align: justify;\">Cuvinte cheie: artrita psoriazic\u0103, biomarkeri, diagnostic precoce, screening, recomand\u0103ri de management<\/p>\n<p style=\"text-align: justify;\">Artrita psoriazic\u0103 (APs) precoce reprezint\u0103 o provocare at\u00e2t pentru dermatologi, c\u00e2t \u0219i pentru reumatologi. Dificultatea diagnostic\u0103rii precoce a APs este determinat\u0103 de heterogenitatea manifest\u0103rilor clinice, lipsa unor biomarkeri specifici \u0219i uneori de o colaborare insuficient\u0103 \u00eentre cele dou\u0103 specialit\u0103\u021bi. Existe studii care arat\u0103 c\u0103 \u00eentre 15-29% dintre pacien\u021bii cu psoriazis au APs nediagnosticat\u0103, iar diagnosticul de APs se pune cu o \u00eent\u00e2rziere de 5 ani. Un diagnostic precoce este esen\u021bial pentru evolu\u021bia ulterioar\u0103 a bolii, \u00eent\u00e2rzierea acestuia put\u00e2nd avea consecin\u021be severe: 67% dintre pacien\u021bi au cel pu\u021bin o eroziune c\u00e2nd se prezent\u0103 la reumatolog, jum\u0103tate dintre pacien\u021bi au modific\u0103ri radiologice \u00een primii 2 ani, iar o \u00eent\u00e2rziere de 6 luni a diagnosticului are un impact func\u021bional semnificativ. Ultimii ani au adus progrese \u00een identificarea factorilor de risc \u0219i \u00een aprofundarea mecanismelor imune din APs, dar este \u00eenc\u0103 nevoie de g\u0103sirea unor biomarkeri specifici \u0219i de dezvoltarea tehnicilor imagistice care s\u0103 ajute la stabilirea unui diagnostic precoce. Exist\u0103 unele manifest\u0103ri clinice, semne imagistice \u0219i chestionare de \u201escreening\u201d care dac\u0103 sunt cunoscute \u0219i aplicate pacien\u021bilor cu psoriazis pot identifica pacien\u021bii \u201ela risc\u201d. Acest lucru este cu at\u00e2t mai important cu c\u00e2t instituirea c\u00e2t mai rapid\u0103 a tratamentului este un deziderat important \u00een prezent, c\u00e2nd paleta terapeutic\u0103 din aceast\u0103 boal\u0103 s-a l\u0103rgit semnificativ, cu noi medicamente cu multiple mecanisme de ac\u021biune. Ultimele recomand\u0103ri privind managementul APs ale EULAR (The European Alliance of Associations for Rheumatology) \u021bin cont de formele \u0219i domeniile clinice afectate, promoveaz\u0103 o abordare dinamic\u0103 \u0219i instituirea precoce a tratamentului remisiv. \u00cen viitor este nevoie de studii dedicate APs precoce, inclusiv de studii de strategie, dar mai ales de realizarea unei bune colabor\u0103ri \u00eentre dermatologi \u0219i reumatologi.<\/p>\n<p style=\"text-align: justify;\"><span style=\"color: #ff6600;\">IS THERE EARLY PSORIASIC ARTHRITIS?<\/span><\/p>\n<p style=\"text-align: justify;\">Early psoriatic arthritis (PsA) is a challenge for both dermatologists and rheumatologists. The difficulty of an early diagnosis of PsA is determined by the heterogeneity of clinical manifestations, the lack of specific biomarkers and sometimes insufficient collaboration between the two specialties. There are studies that show that between 15-29% of patients with psoriasis have undiagnosed PsA, and the diagnosis of PsA is made with a delay of 5 years. An early diagnosis is essential for the further evolution of the disease, its delay having severe consequences: 67% of patients have at least one erosion when presenting to the rheumatologist, half of the patients have radiological changes in the first 2 years, and a delay of 6 months of the diagnosis has a significant functional impact. Recent years have made progress in identifying risk factors and understanding of the immune mechanisms in PsA, but there is still a need to find specific biomarkers and develop imaging techniques to help establish an early diagnosis. There are some clinical manifestations, imaging signs and &#8220;screening&#8221; questionnaires that if known and applied to patients with psoriasis can identify patients &#8220;at risk&#8221;. This is important as the initiation of treatment as soon as possible is an important requirement today, when the therapeutic range of this disease has expanded significantly, with new drugs with multiple mechanisms of action. The latest EULAR (The European Alliance of Associations for Rheumatology) recommendations regarding the management of PsA consider the clinical types and domains, promote a dynamic approach and the early initiation of disease-modifying antirheumatic drugs. In the future, there is a need for studies dedicated to early PsA, including strategy studies, but especially for the achievement of a good collaboration between dermatologists and rheumatologists.<\/p>\n<p style=\"text-align: justify;\"><span style=\"color: #ff6600;\">SCURT CV<\/span><\/p>\n<p>&#8211; Absolvent\u0103 a Universit\u0103\u0163ii de Medicin\u0103 \u015fi Farmacie \u201cCarol Davila\u201d, Bucure\u015fti, promo\u0163ia 1988<br \/>&#8211; Medic primar medicin\u0103 intern\u0103 \u015fi reumatologie <br \/>&#8211; Conferen\u0163iar universitar la Catedra de Medicin\u0103 Intern\u0103 \u015fi Reumatologie, Universitatea de Medicin\u0103 \u015fi Farmacie \u201cCarol Davila\u201d, Spitalul Clinic \u201cSf. Maria\u201d, Bucure\u0219ti<br \/>&#8211; Doctor \u00een \u015etiinte Medicale \u2013 2003; tema: \u201cAspecte biologice, anatomopatologice \u015fi imunohistochimice ale sinovialei reumatoide \u00een cursul tratamentului imunosupresor\u201d<br \/>&#8211; Director al urm\u0103toarelor proiecte:<br \/>\u00a0 o Programul 4\/Parteneriate in domenii prioritare \u2013 Contract CNMP 41044 \/ 2007<br \/>\u201cIdentificarea unui panel de biomarkeri predictiv pentru evolutia bolilor reumatice de tip inflamator in cursul tratamentului imunosupresor\u201d<br \/>\u00a0 o Programul 4\/Parteneriate in domenii prioritare \u2013 Contract CNMP 42152\/01.10.2008 \u201cDezvoltarea unor metode inovatoare de cercetare a mecanismelor de actiune si de evaluare precoce a toxicitatii terapiilor imunosupresoare in unele boli reumatice autoimune\u201d<br \/>&#8211; Investigator na\u0163ional \u00een 5 proiecte EULAR (Societatea European\u0103 de Reumatologie) <br \/>C\u0103r\u021bi publicate:<br \/>\u00a0 o Poliartrita reumatoid\u0103 \u2013 de la patogenie la clinic\u0103, Andra B\u0103l\u0103nescu, Ed. Medical\u0103 Amaltea, 2006, ISBN (10) 973-7780-77-9<br \/>\u00a0 o Mecanisme imune \u00een reumatologie, sub redac\u021bia Andra \u2013 Rodica B\u0103l\u0103nescu, Ed. Medical\u0103, Bucure\u0219ti, 2019, ISBN 978-973-39-0853-1<br \/>\u00a0 o Afec\u021biunile reumatologice \u00een practica medicului de familie, sub redac\u021bia Andra \u2013 Rodica B\u0103l\u0103nescu, Ed. Medical\u0103, Bucure\u0219ti, 2020, ISBN 978-973-39-0876-0<br \/>&#8211; Autor si coautor a unui num\u0103r de 24 de capitole \u00een c\u0103r\u021bi de specialitate \u0219 a 240 articole publicate \u00een reviste de specialitate na\u021bionale \u0219i interna\u021bionale<\/p>\n<p style=\"text-align: justify;\"><span style=\"color: #000000;\">\u00a0<\/span><\/p>\n<p>[\/et_pb_text][\/et_pb_column][\/et_pb_row][\/et_pb_section][et_pb_section fb_built=&#8221;1&#8243; _builder_version=&#8221;4.9.6&#8243; background_color=&#8221;rgba(117,194,33,0.23)&#8221; background_image=&#8221;https:\/\/pdi.ro\/2021\/wp-content\/uploads\/2021\/05\/PDI2021_header_1920x550px.jpg&#8221; background_blend=&#8221;multiply&#8221; custom_padding=&#8221;54px|0px|0|0px|false|false&#8221; top_divider_style=&#8221;waves2&#8243; top_divider_color=&#8221;#ffffff&#8221; top_divider_height=&#8221;155px&#8221; top_divider_height_tablet=&#8221;&#8221; top_divider_height_phone=&#8221;97px&#8221; top_divider_height_last_edited=&#8221;on|desktop&#8221; bottom_divider_style=&#8221;waves2&#8243; bottom_divider_color=&#8221;#75c221&#8243; bottom_divider_flip=&#8221;vertical&#8221; bottom_divider_height_tablet=&#8221;&#8221; bottom_divider_height_phone=&#8221;59px&#8221; bottom_divider_height_last_edited=&#8221;on|desktop&#8221; global_module=&#8221;9177&#8243; saved_tabs=&#8221;all&#8221;][et_pb_row column_structure=&#8221;3_5,2_5&#8243; _builder_version=&#8221;3.25&#8243; custom_padding=&#8221;61px|0px|69px|0px|false|false&#8221;][et_pb_column type=&#8221;3_5&#8243; _builder_version=&#8221;3.25&#8243; custom_padding=&#8221;|||&#8221; custom_padding__hover=&#8221;|||&#8221;][et_pb_text _builder_version=&#8221;4.9.4&#8243; text_font=&#8221;Kaushan Script||||||||&#8221; text_text_color=&#8221;#f0622a&#8221; text_font_size=&#8221;30px&#8221; text_line_height=&#8221;1.2em&#8221; header_font=&#8221;||||||||&#8221; background_layout=&#8221;dark&#8221; text_font_size_tablet=&#8221;&#8221; text_font_size_phone=&#8221;&#8221; text_font_size_last_edited=&#8221;on|desktop&#8221;]<\/p>\n<p>Contacteaz\u0103 operatorul PDI 2021<\/p>\n<p>[\/et_pb_text][et_pb_contact_form email=&#8221;contact@pdi.ro\/2021\/2019&#8243; submit_button_text=&#8221;Trimite mesajul&#8221; _builder_version=&#8221;4.9.4&#8243; title_font=&#8221;||||||||&#8221; custom_button=&#8221;on&#8221; button_text_color=&#8221;#F0622A&#8221;][et_pb_contact_field field_id=&#8221;Name&#8221; field_title=&#8221;Nume&#8221; _builder_version=&#8221;3.18.9&#8243; button_text_size__hover_enabled=&#8221;off&#8221; button_one_text_size__hover_enabled=&#8221;off&#8221; button_two_text_size__hover_enabled=&#8221;off&#8221; button_text_color__hover_enabled=&#8221;off&#8221; button_one_text_color__hover_enabled=&#8221;off&#8221; button_two_text_color__hover_enabled=&#8221;off&#8221; button_border_width__hover_enabled=&#8221;off&#8221; button_one_border_width__hover_enabled=&#8221;off&#8221; button_two_border_width__hover_enabled=&#8221;off&#8221; button_border_color__hover_enabled=&#8221;off&#8221; button_one_border_color__hover_enabled=&#8221;off&#8221; button_two_border_color__hover_enabled=&#8221;off&#8221; button_border_radius__hover_enabled=&#8221;off&#8221; button_one_border_radius__hover_enabled=&#8221;off&#8221; button_two_border_radius__hover_enabled=&#8221;off&#8221; button_letter_spacing__hover_enabled=&#8221;off&#8221; button_one_letter_spacing__hover_enabled=&#8221;off&#8221; button_two_letter_spacing__hover_enabled=&#8221;off&#8221; button_bg_color__hover_enabled=&#8221;off&#8221; button_one_bg_color__hover_enabled=&#8221;off&#8221; button_two_bg_color__hover_enabled=&#8221;off&#8221;][\/et_pb_contact_field][et_pb_contact_field field_id=&#8221;Email&#8221; field_title=&#8221;Adresa de e-mail&#8221; field_type=&#8221;email&#8221; _builder_version=&#8221;3.19.4&#8243; button_text_size__hover_enabled=&#8221;off&#8221; button_one_text_size__hover_enabled=&#8221;off&#8221; button_two_text_size__hover_enabled=&#8221;off&#8221; button_text_color__hover_enabled=&#8221;off&#8221; button_one_text_color__hover_enabled=&#8221;off&#8221; button_two_text_color__hover_enabled=&#8221;off&#8221; button_border_width__hover_enabled=&#8221;off&#8221; button_one_border_width__hover_enabled=&#8221;off&#8221; button_two_border_width__hover_enabled=&#8221;off&#8221; button_border_color__hover_enabled=&#8221;off&#8221; button_one_border_color__hover_enabled=&#8221;off&#8221; button_two_border_color__hover_enabled=&#8221;off&#8221; button_border_radius__hover_enabled=&#8221;off&#8221; button_one_border_radius__hover_enabled=&#8221;off&#8221; button_two_border_radius__hover_enabled=&#8221;off&#8221; button_letter_spacing__hover_enabled=&#8221;off&#8221; button_one_letter_spacing__hover_enabled=&#8221;off&#8221; button_two_letter_spacing__hover_enabled=&#8221;off&#8221; button_bg_color__hover_enabled=&#8221;off&#8221; button_one_bg_color__hover_enabled=&#8221;off&#8221; button_two_bg_color__hover_enabled=&#8221;off&#8221;][\/et_pb_contact_field][et_pb_contact_field field_id=&#8221;Message&#8221; field_title=&#8221;Mesajul dvs.&#8221; field_type=&#8221;text&#8221; fullwidth_field=&#8221;on&#8221; _builder_version=&#8221;3.18.9&#8243; button_text_size__hover_enabled=&#8221;off&#8221; button_one_text_size__hover_enabled=&#8221;off&#8221; button_two_text_size__hover_enabled=&#8221;off&#8221; button_text_color__hover_enabled=&#8221;off&#8221; button_one_text_color__hover_enabled=&#8221;off&#8221; button_two_text_color__hover_enabled=&#8221;off&#8221; button_border_width__hover_enabled=&#8221;off&#8221; button_one_border_width__hover_enabled=&#8221;off&#8221; button_two_border_width__hover_enabled=&#8221;off&#8221; button_border_color__hover_enabled=&#8221;off&#8221; button_one_border_color__hover_enabled=&#8221;off&#8221; button_two_border_color__hover_enabled=&#8221;off&#8221; button_border_radius__hover_enabled=&#8221;off&#8221; button_one_border_radius__hover_enabled=&#8221;off&#8221; button_two_border_radius__hover_enabled=&#8221;off&#8221; button_letter_spacing__hover_enabled=&#8221;off&#8221; button_one_letter_spacing__hover_enabled=&#8221;off&#8221; button_two_letter_spacing__hover_enabled=&#8221;off&#8221; button_bg_color__hover_enabled=&#8221;off&#8221; button_one_bg_color__hover_enabled=&#8221;off&#8221; button_two_bg_color__hover_enabled=&#8221;off&#8221;][\/et_pb_contact_field][\/et_pb_contact_form][\/et_pb_column][et_pb_column type=&#8221;2_5&#8243; _builder_version=&#8221;3.25&#8243; custom_padding=&#8221;|||&#8221; custom_padding__hover=&#8221;|||&#8221;][et_pb_text _builder_version=&#8221;4.9.4&#8243; text_font=&#8221;Kaushan Script||||||||&#8221; text_text_color=&#8221;#f0622a&#8221; text_font_size=&#8221;30px&#8221; header_font=&#8221;||||||||&#8221; background_layout=&#8221;dark&#8221;]<\/p>\n<p>Operatorul PDI 2021<\/p>\n<p>[\/et_pb_text][et_pb_text _builder_version=&#8221;4.0.11&#8243; text_font=&#8221;||||||||&#8221;]<\/p>\n<p><span><img loading=\"lazy\" decoding=\"async\" src=\"https:\/\/pdi.ro\/2021\/wp-content\/uploads\/2020\/02\/eventer_logo_150px.png\" width=\"151\" height=\"33\" alt=\"\" class=\"wp-image-774 alignleft size-full\" \/><\/span><\/p>\n<p><span><\/span><\/p>\n<p><span><\/span><\/p>\n<p><span>Adresa: Str. A. Panu nr. 13, Iasi<\/span><br \/> <span>Tel.: 0332.40.88.00-05<\/span><br \/> <span>E-mail: <a href=\"mailto:inscrieri@primaderma.ro\" target=\"_blank\" rel=\"noopener noreferrer\">inscrieri@primaderma.ro<\/a><br \/> <\/span><span>Website:\u00a0<\/span><a href=\"http:\/\/www.eventernet.ro\/\" target=\"Blank\" rel=\"noopener noreferrer\">www.eventernet.ro<\/a><\/p>\n<p>[\/et_pb_text][et_pb_text disabled_on=&#8221;off|off|off&#8221; _builder_version=&#8221;4.0.11&#8243; text_font=&#8221;Kaushan Script||||||||&#8221; text_text_color=&#8221;#f0622a&#8221; text_font_size=&#8221;30px&#8221; header_font=&#8221;||||||||&#8221; background_layout=&#8221;dark&#8221; locked=&#8221;off&#8221;]<\/p>\n<p>Parteneri Media<\/p>\n<p>[\/et_pb_text][et_pb_gallery gallery_ids=&#8221;7203,7204,9252,9464&#8243; fullwidth=&#8221;on&#8221; _builder_version=&#8221;4.9.6&#8243; transform_scale=&#8221;86%|86%&#8221; max_width=&#8221;63%&#8221; auto=&#8221;on&#8221; auto_speed=&#8221;3500&#8243; hover_transition_duration=&#8221;100ms&#8221; hover_transition_delay=&#8221;50ms&#8221; hover_transition_speed_curve=&#8221;ease-in-out&#8221; locked=&#8221;off&#8221;][\/et_pb_gallery][\/et_pb_column][\/et_pb_row][\/et_pb_section]<\/p>\n","protected":false},"excerpt":{"rendered":"<p>Conf. Univ.Dr. Andra B\u0103l\u0103nescuUniversitatea de Medicin\u0103 \u0219i Farmacie \u201eCarol Davila\u201d Bucure\u0219tiEXIST\u0102 ARTRIT\u0102 PSORIAZIC\u0102 PRECOCE? Autor: Andra B\u0103l\u0103nescu Cuvinte cheie: artrita psoriazic\u0103, biomarkeri, diagnostic precoce, screening, recomand\u0103ri de management Artrita psoriazic\u0103 (APs) precoce reprezint\u0103 o provocare at\u00e2t pentru dermatologi, c\u00e2t \u0219i pentru reumatologi. Dificultatea diagnostic\u0103rii precoce a APs este determinat\u0103 de heterogenitatea manifest\u0103rilor clinice, lipsa unor [&hellip;]<\/p>\n","protected":false},"author":2,"featured_media":0,"parent":0,"menu_order":0,"comment_status":"closed","ping_status":"closed","template":"","meta":{"_et_pb_use_builder":"on","_et_pb_old_content":"","_et_gb_content_width":"","footnotes":""},"class_list":["post-9893","page","type-page","status-publish","hentry"],"_links":{"self":[{"href":"https:\/\/pdi.ro\/2021\/wp-json\/wp\/v2\/pages\/9893","targetHints":{"allow":["GET"]}}],"collection":[{"href":"https:\/\/pdi.ro\/2021\/wp-json\/wp\/v2\/pages"}],"about":[{"href":"https:\/\/pdi.ro\/2021\/wp-json\/wp\/v2\/types\/page"}],"author":[{"embeddable":true,"href":"https:\/\/pdi.ro\/2021\/wp-json\/wp\/v2\/users\/2"}],"replies":[{"embeddable":true,"href":"https:\/\/pdi.ro\/2021\/wp-json\/wp\/v2\/comments?post=9893"}],"version-history":[{"count":3,"href":"https:\/\/pdi.ro\/2021\/wp-json\/wp\/v2\/pages\/9893\/revisions"}],"predecessor-version":[{"id":9943,"href":"https:\/\/pdi.ro\/2021\/wp-json\/wp\/v2\/pages\/9893\/revisions\/9943"}],"wp:attachment":[{"href":"https:\/\/pdi.ro\/2021\/wp-json\/wp\/v2\/media?parent=9893"}],"curies":[{"name":"wp","href":"https:\/\/api.w.org\/{rel}","templated":true}]}}