{"id":9906,"date":"2021-07-06T10:19:58","date_gmt":"2021-07-06T08:19:58","guid":{"rendered":"https:\/\/primaderma.ro\/?page_id=9906"},"modified":"2021-07-06T10:29:24","modified_gmt":"2021-07-06T08:29:24","slug":"prof-univ-dr-alexandru-oanta","status":"publish","type":"page","link":"https:\/\/pdi.ro\/2021\/prof-univ-dr-alexandru-oanta\/","title":{"rendered":"Prof. Univ. Dr. Alexandru Oan\u021b\u0103"},"content":{"rendered":"<p>[et_pb_section fb_built=&#8221;1&#8243; fullwidth=&#8221;on&#8221; disabled_on=&#8221;on|off|off&#8221; _builder_version=&#8221;3.22&#8243; custom_margin=&#8221;||&#8221; custom_padding=&#8221;15px||29px&#8221; top_divider_style=&#8221;waves2&#8243; top_divider_color=&#8221;#f0622a&#8221; top_divider_flip=&#8221;horizontal|vertical&#8221; bottom_divider_style=&#8221;waves2&#8243; bottom_divider_color=&#8221;#fcdedb&#8221; bottom_divider_height=&#8221;105px&#8221; bottom_divider_flip=&#8221;vertical&#8221; global_module=&#8221;9062&#8243; collapsed=&#8221;off&#8221;][et_pb_fullwidth_header title=&#8221;@ET-DC@eyJkeW5hbWljIjp0cnVlLCJjb250ZW50IjoicG9zdF90aXRsZSIsInNldHRpbmdzIjp7ImJlZm9yZSI6IiIsImFmdGVyIjoiIn19@&#8221; text_orientation=&#8221;right&#8221; header_image_url=&#8221;https:\/\/pdi.ro\/2021\/wp-content\/uploads\/2021\/05\/PDI2021_logo_header_int_600x300px.png&#8221; disabled_on=&#8221;on|on|off&#8221; _builder_version=&#8221;4.9.4&#8243; _dynamic_attributes=&#8221;title&#8221; title_font=&#8221;Kaushan Script||||||||&#8221; title_text_align=&#8221;right&#8221; title_text_color=&#8221;#f0622a&#8221; title_font_size=&#8221;50px&#8221; content_font=&#8221;|600||on|||||&#8221; content_text_align=&#8221;center&#8221; content_text_color=&#8221;#686766&#8243; content_font_size=&#8221;15px&#8221; subhead_font=&#8221;||||||||&#8221; background_color=&#8221;#ef916b&#8221; background_image=&#8221;https:\/\/pdi.ro\/2021\/wp-content\/uploads\/2021\/05\/PDI2021_header_1920x550px.jpg&#8221; background_blend=&#8221;luminosity&#8221; background_layout=&#8221;light&#8221; custom_margin=&#8221;0px||8px&#8221; custom_padding=&#8221;40px||40px||true&#8221; content_font_size_tablet=&#8221;&#8221; content_font_size_phone=&#8221;15px&#8221; content_font_size_last_edited=&#8221;on|desktop&#8221;][\/et_pb_fullwidth_header][\/et_pb_section][et_pb_section fb_built=&#8221;1&#8243; _builder_version=&#8221;3.22&#8243;][et_pb_row column_structure=&#8221;2_5,3_5&#8243; _builder_version=&#8221;3.25&#8243; locked=&#8221;off&#8221;][et_pb_column type=&#8221;2_5&#8243; _builder_version=&#8221;3.25&#8243; custom_padding=&#8221;|||&#8221; custom_padding__hover=&#8221;|||&#8221;][et_pb_image src=&#8221;https:\/\/pdi.ro\/2021\/wp-content\/uploads\/2021\/07\/Prof-Dr-Oanta-Alexandru_1-1.jpg&#8221; title_text=&#8221;Prof Dr Oanta Alexandru_1&#8243; align=&#8221;center&#8221; align_tablet=&#8221;center&#8221; align_phone=&#8221;&#8221; align_last_edited=&#8221;on|desktop&#8221; _builder_version=&#8221;4.9.7&#8243; max_width=&#8221;25%&#8221; hover_enabled=&#8221;0&#8243; border_radii=&#8221;on|100px|100px|100px|100px&#8221; sticky_enabled=&#8221;0&#8243;][\/et_pb_image][\/et_pb_column][et_pb_column type=&#8221;3_5&#8243; _builder_version=&#8221;3.25&#8243; custom_padding=&#8221;|||&#8221; custom_padding__hover=&#8221;|||&#8221;][et_pb_text _builder_version=&#8221;4.9.7&#8243; hover_enabled=&#8221;0&#8243; sticky_enabled=&#8221;0&#8243;]<\/p>\n<h4><span style=\"color: #ff6600;\"><strong><\/strong><\/span><\/h4>\n<h4><span style=\"color: #ff6600;\"><strong><\/strong><\/span><\/h4>\n<h4><span style=\"color: #ff6600;\"><strong><\/strong><\/span><\/h4>\n<h4><span style=\"color: #ff6600;\"><strong>Prof. Univ. Dr. Alexandru Oan\u021b\u0103<\/strong><\/span><br \/><span style=\"color: #ff6600;\"><strong>Membru \u00een Comitetul de Conducere al Societ\u0103\u0163ii Rom\u00e2ne de Dermatologie (SRD)<br \/>Secretar de redac\u0163ie al Revistei Dermatovenerologie \u2013 Revista Societ\u0103\u0163ii Rom\u00e2ne de Dermatologie<\/strong><\/span><\/h4>\n<p>&nbsp;<\/p>\n<p>[\/et_pb_text][\/et_pb_column][\/et_pb_row][et_pb_row _builder_version=&#8221;3.25&#8243; locked=&#8221;off&#8221;][et_pb_column type=&#8221;4_4&#8243; _builder_version=&#8221;3.25&#8243; custom_padding=&#8221;|||&#8221; custom_padding__hover=&#8221;|||&#8221;][et_pb_text _builder_version=&#8221;4.9.7&#8243; hover_enabled=&#8221;0&#8243; sticky_enabled=&#8221;0&#8243;]<\/p>\n<p style=\"text-align: justify;\"><span style=\"color: #ff6600;\">Vitiligo &#8211; o manifestare secundar\u0103 a tratamentului cu pembrolizumab<\/span><br \/><span style=\"color: #ff6600;\"> Autori: A. Oan\u0163\u01031, Smaranda \u0162erean2<\/span><\/p>\n<p style=\"text-align: justify;\"><span style=\"color: #ff6600;\">1 Dermamed Bra\u015fov, Rom\u00e2nia<br \/>2 Centrul Medical Topmed, T\u00e2rgu Mure\u015f, Rom\u00e2nia<br \/><\/span><\/p>\n<p style=\"text-align: justify;\">Vitiligo este o leucodermie circumscris\u0103, adesea familial\u0103, idiopatic\u0103 sau dob\u00e2ndit\u0103, caracterizat\u0103 prin macule acromice, cu peri de obicei decolora\u0163i, care prezint\u0103 uneori la periferie o zon\u0103 hiperpigmentat\u0103, frecvent cu dispozi\u0163ie simetric\u0103. Afec\u021biunea este frecvent asociat\u0103 cu tulbur\u0103ri de origine autoimun\u0103. Caz clinic: pacient \u00een v\u00e2rst\u0103 de 62 de ani cu melanom metastatic av\u00e2nd adenopatie axiliar\u0103 st\u00e2ng\u0103 \u0219i paratraheal\u0103 inferioar\u0103, metabolic activ\u0103. Tratamentul cu pembrolizumab intravenos nu a fost urmat de apari\u021bia unei toxicit\u0103\u021bi, dar a indus apari\u021bia de vitiligo pe pielea p\u0103roas\u0103 a capului. Inhibitorii de checkpoints imunologici (anticorpi monoclonali anti-CTLA-4, anti-PD-1, anti-PD-L1), reprezint\u0103 o nou\u0103 clas\u0103 de medica\u0163ie \u00een terapia cancerului, cu toxicitate \u00een principal imunologic\u0103, mediat\u0103 prin reactivarea \u015fi proliferarea limfocitelor T induse care poate afecta, teoretic, toate organele. Toxicitatea dermatologic\u0103 apare at\u00e2t la anti-PD-1 (nivolumab, pembrolizumab) c\u00e2t \u015fi la anti-CTLA-4 (ipilimumab) indiferent de tipul tumorii tratate. Progresele \u015ftiin\u0163ifice actuale au modificat schemele terapeutice ale melanomului \u015fi altor neoplasme, oferind posibilitatea unei supravie\u0163uiri prelungite. Imunoterapia cu inhibitori ai punctelor de control (check points inhibitors, anticorpi anti-PD1) poate fi o \u0219ans\u0103 la via\u021b\u0103 \u00een melanomul metastatic sau nerezecabil. Adi\u0163ional activit\u0103\u0163ii antitumorale pembrolizumabul activeaz\u0103 mecanisme imune determin\u00e2nd o cre\u015ftere a r\u0103spunsului imun \u00eempotriva func\u0163iilor celulare native, gener\u00e2nd efecte secundare autoimune: exanteme, exanteme maculo-papuloase, prurit \u015fi vitiligo.<\/p>\n<p style=\"text-align: justify;\"><span style=\"color: #ff6600;\">VITILIGO &#8211; SECONDARY TO PEMBROLIZUMAB TREATMENT<\/span><\/p>\n<p style=\"text-align: justify;\">Vitiligo is a circumscribed leukoderma, often familial, idiopathic or acquired, characterized by achromic spots, usually discolored hairs, which sometimes have a hyperpigmented area at the periphery, usually with a symmetrical arrangement. The condition is often associated with autoimmune disorders. Clinical case: 62-year-old patient with metastatic melanoma with left axillary adenopathy and lower paratracheal, metabolically active. Intravenous pembrolizumab treatment was not followed by toxicity, but induced vitiligo on the scalp. Immunological checkpoint inhibitors (anti-CTLA-4, anti-PD-1, anti-PD-L1 monoclonal antibodies) represent a new class of medication in cancer therapy, with mainly immunological toxicity, mediated by the reactivation and proliferation of induced T lymphocytes. which can theoretically affect all organs. Dermatological toxicity occurs with both anti-PD-1 (nivolumab, pembrolizumab) and anti-CTLA-4 (ipilimumab) regardless of the type of tumor being treated. Current scientific advances have altered the therapeutic regimens of melanoma and other neoplasms, offering the possibility of prolonged survival. Immunotherapy with check points inhibitors (anti-PD1 antibodies) may be a chance at life in metastatic or unresectable melanoma. In addition to its antitumor activity, pembrolizumab activates immune mechanisms causing an increase in the immune response against native cellular functions, generating autoimmune side effects: rash, maculo-papular rash, pruritus and vitiligo.<\/p>\n<p style=\"text-align: justify;\"><span style=\"color: #ff6600;\">Scurt CV<\/span><\/p>\n<p style=\"text-align: justify;\"><span style=\"color: #000000;\">\u2022 Medic primar \u00een specialitatea dermato-venerologie<br \/>\u2022 Doctor \u00een \u015etiin\u0163e Medicale<br \/>\u2022 Coordonator al Centrului de dermato-venerologie Dermamed Bra\u015fov<br \/>\u2022 Membru \u00een Comitetul de Conducere al Societ\u0103\u0163ii Rom\u00e2ne de Dermatologie (SRD)<br \/>\u2022 Secretar de redac\u0163ie al Revistei Dermatovenerologie \u2013 Revista Societ\u0103\u0163ii Rom\u00e2ne de Dermatologie<br \/>\u2022 Membru fondator al Societ\u0103\u0163ii Rom\u00e2ne de Dermato-Oncologie (SRDO)<br \/>\u2022 Membru \u00een Consiliul de Conducere al Asocia\u0163iei Dermatologilor Transilvani (ADT)<br \/>\u2022 Membru al Asocia\u0163iei Dermatologilor din Moldova (ADEM)<br \/>\u2022 Membru al Societ\u0103\u0163ii Maghiare de Dermato-Venerologie &#8211; Magyar dermatol\u00f3giai t\u00e1rsulat (MDT)<br \/>\u2022 Membrul al Academiei Europene de Dermatologie \u015fi Venerologie (EADV)<br \/><\/span><\/p>\n<p>[\/et_pb_text][\/et_pb_column][\/et_pb_row][\/et_pb_section][et_pb_section fb_built=&#8221;1&#8243; _builder_version=&#8221;4.9.6&#8243; background_color=&#8221;rgba(117,194,33,0.23)&#8221; background_image=&#8221;https:\/\/pdi.ro\/2021\/wp-content\/uploads\/2021\/05\/PDI2021_header_1920x550px.jpg&#8221; background_blend=&#8221;multiply&#8221; custom_padding=&#8221;54px|0px|0|0px|false|false&#8221; top_divider_style=&#8221;waves2&#8243; top_divider_color=&#8221;#ffffff&#8221; top_divider_height=&#8221;155px&#8221; top_divider_height_tablet=&#8221;&#8221; top_divider_height_phone=&#8221;97px&#8221; top_divider_height_last_edited=&#8221;on|desktop&#8221; bottom_divider_style=&#8221;waves2&#8243; bottom_divider_color=&#8221;#75c221&#8243; bottom_divider_flip=&#8221;vertical&#8221; bottom_divider_height_tablet=&#8221;&#8221; bottom_divider_height_phone=&#8221;59px&#8221; bottom_divider_height_last_edited=&#8221;on|desktop&#8221; global_module=&#8221;9177&#8243; saved_tabs=&#8221;all&#8221;][et_pb_row column_structure=&#8221;3_5,2_5&#8243; _builder_version=&#8221;3.25&#8243; custom_padding=&#8221;61px|0px|69px|0px|false|false&#8221;][et_pb_column type=&#8221;3_5&#8243; _builder_version=&#8221;3.25&#8243; custom_padding=&#8221;|||&#8221; custom_padding__hover=&#8221;|||&#8221;][et_pb_text _builder_version=&#8221;4.9.4&#8243; text_font=&#8221;Kaushan Script||||||||&#8221; text_text_color=&#8221;#f0622a&#8221; text_font_size=&#8221;30px&#8221; text_line_height=&#8221;1.2em&#8221; header_font=&#8221;||||||||&#8221; background_layout=&#8221;dark&#8221; text_font_size_tablet=&#8221;&#8221; text_font_size_phone=&#8221;&#8221; text_font_size_last_edited=&#8221;on|desktop&#8221;]<\/p>\n<p>Contacteaz\u0103 operatorul PDI 2021<\/p>\n<p>[\/et_pb_text][et_pb_contact_form email=&#8221;contact@pdi.ro\/2021\/2019&#8243; submit_button_text=&#8221;Trimite mesajul&#8221; _builder_version=&#8221;4.9.4&#8243; title_font=&#8221;||||||||&#8221; custom_button=&#8221;on&#8221; button_text_color=&#8221;#F0622A&#8221;][et_pb_contact_field field_id=&#8221;Name&#8221; field_title=&#8221;Nume&#8221; _builder_version=&#8221;3.18.9&#8243; button_text_size__hover_enabled=&#8221;off&#8221; button_one_text_size__hover_enabled=&#8221;off&#8221; button_two_text_size__hover_enabled=&#8221;off&#8221; button_text_color__hover_enabled=&#8221;off&#8221; button_one_text_color__hover_enabled=&#8221;off&#8221; button_two_text_color__hover_enabled=&#8221;off&#8221; button_border_width__hover_enabled=&#8221;off&#8221; button_one_border_width__hover_enabled=&#8221;off&#8221; button_two_border_width__hover_enabled=&#8221;off&#8221; button_border_color__hover_enabled=&#8221;off&#8221; button_one_border_color__hover_enabled=&#8221;off&#8221; button_two_border_color__hover_enabled=&#8221;off&#8221; button_border_radius__hover_enabled=&#8221;off&#8221; button_one_border_radius__hover_enabled=&#8221;off&#8221; button_two_border_radius__hover_enabled=&#8221;off&#8221; button_letter_spacing__hover_enabled=&#8221;off&#8221; button_one_letter_spacing__hover_enabled=&#8221;off&#8221; button_two_letter_spacing__hover_enabled=&#8221;off&#8221; button_bg_color__hover_enabled=&#8221;off&#8221; button_one_bg_color__hover_enabled=&#8221;off&#8221; button_two_bg_color__hover_enabled=&#8221;off&#8221;][\/et_pb_contact_field][et_pb_contact_field field_id=&#8221;Email&#8221; field_title=&#8221;Adresa de e-mail&#8221; field_type=&#8221;email&#8221; _builder_version=&#8221;3.19.4&#8243; button_text_size__hover_enabled=&#8221;off&#8221; button_one_text_size__hover_enabled=&#8221;off&#8221; button_two_text_size__hover_enabled=&#8221;off&#8221; button_text_color__hover_enabled=&#8221;off&#8221; button_one_text_color__hover_enabled=&#8221;off&#8221; button_two_text_color__hover_enabled=&#8221;off&#8221; button_border_width__hover_enabled=&#8221;off&#8221; button_one_border_width__hover_enabled=&#8221;off&#8221; button_two_border_width__hover_enabled=&#8221;off&#8221; button_border_color__hover_enabled=&#8221;off&#8221; button_one_border_color__hover_enabled=&#8221;off&#8221; button_two_border_color__hover_enabled=&#8221;off&#8221; button_border_radius__hover_enabled=&#8221;off&#8221; button_one_border_radius__hover_enabled=&#8221;off&#8221; button_two_border_radius__hover_enabled=&#8221;off&#8221; button_letter_spacing__hover_enabled=&#8221;off&#8221; button_one_letter_spacing__hover_enabled=&#8221;off&#8221; button_two_letter_spacing__hover_enabled=&#8221;off&#8221; button_bg_color__hover_enabled=&#8221;off&#8221; button_one_bg_color__hover_enabled=&#8221;off&#8221; button_two_bg_color__hover_enabled=&#8221;off&#8221;][\/et_pb_contact_field][et_pb_contact_field field_id=&#8221;Message&#8221; field_title=&#8221;Mesajul dvs.&#8221; field_type=&#8221;text&#8221; fullwidth_field=&#8221;on&#8221; _builder_version=&#8221;3.18.9&#8243; button_text_size__hover_enabled=&#8221;off&#8221; button_one_text_size__hover_enabled=&#8221;off&#8221; button_two_text_size__hover_enabled=&#8221;off&#8221; button_text_color__hover_enabled=&#8221;off&#8221; button_one_text_color__hover_enabled=&#8221;off&#8221; button_two_text_color__hover_enabled=&#8221;off&#8221; button_border_width__hover_enabled=&#8221;off&#8221; button_one_border_width__hover_enabled=&#8221;off&#8221; button_two_border_width__hover_enabled=&#8221;off&#8221; button_border_color__hover_enabled=&#8221;off&#8221; button_one_border_color__hover_enabled=&#8221;off&#8221; button_two_border_color__hover_enabled=&#8221;off&#8221; button_border_radius__hover_enabled=&#8221;off&#8221; button_one_border_radius__hover_enabled=&#8221;off&#8221; button_two_border_radius__hover_enabled=&#8221;off&#8221; button_letter_spacing__hover_enabled=&#8221;off&#8221; button_one_letter_spacing__hover_enabled=&#8221;off&#8221; button_two_letter_spacing__hover_enabled=&#8221;off&#8221; button_bg_color__hover_enabled=&#8221;off&#8221; button_one_bg_color__hover_enabled=&#8221;off&#8221; button_two_bg_color__hover_enabled=&#8221;off&#8221;][\/et_pb_contact_field][\/et_pb_contact_form][\/et_pb_column][et_pb_column type=&#8221;2_5&#8243; _builder_version=&#8221;3.25&#8243; custom_padding=&#8221;|||&#8221; custom_padding__hover=&#8221;|||&#8221;][et_pb_text _builder_version=&#8221;4.9.4&#8243; text_font=&#8221;Kaushan Script||||||||&#8221; text_text_color=&#8221;#f0622a&#8221; text_font_size=&#8221;30px&#8221; header_font=&#8221;||||||||&#8221; background_layout=&#8221;dark&#8221;]<\/p>\n<p>Operatorul PDI 2021<\/p>\n<p>[\/et_pb_text][et_pb_text _builder_version=&#8221;4.0.11&#8243; text_font=&#8221;||||||||&#8221;]<\/p>\n<p><span><img loading=\"lazy\" decoding=\"async\" src=\"https:\/\/pdi.ro\/2021\/wp-content\/uploads\/2020\/02\/eventer_logo_150px.png\" width=\"151\" height=\"33\" alt=\"\" class=\"wp-image-774 alignleft size-full\" \/><\/span><\/p>\n<p><span><\/span><\/p>\n<p><span><\/span><\/p>\n<p><span>Adresa: Str. A. Panu nr. 13, Iasi<\/span><br \/> <span>Tel.: 0332.40.88.00-05<\/span><br \/> <span>E-mail: <a href=\"mailto:inscrieri@primaderma.ro\" target=\"_blank\" rel=\"noopener noreferrer\">inscrieri@primaderma.ro<\/a><br \/> <\/span><span>Website:\u00a0<\/span><a href=\"http:\/\/www.eventernet.ro\/\" target=\"Blank\" rel=\"noopener noreferrer\">www.eventernet.ro<\/a><\/p>\n<p>[\/et_pb_text][et_pb_text disabled_on=&#8221;off|off|off&#8221; _builder_version=&#8221;4.0.11&#8243; text_font=&#8221;Kaushan Script||||||||&#8221; text_text_color=&#8221;#f0622a&#8221; text_font_size=&#8221;30px&#8221; header_font=&#8221;||||||||&#8221; background_layout=&#8221;dark&#8221; locked=&#8221;off&#8221;]<\/p>\n<p>Parteneri Media<\/p>\n<p>[\/et_pb_text][et_pb_gallery gallery_ids=&#8221;7203,7204,9252,9464&#8243; fullwidth=&#8221;on&#8221; _builder_version=&#8221;4.9.6&#8243; transform_scale=&#8221;86%|86%&#8221; max_width=&#8221;63%&#8221; auto=&#8221;on&#8221; auto_speed=&#8221;3500&#8243; hover_transition_duration=&#8221;100ms&#8221; hover_transition_delay=&#8221;50ms&#8221; hover_transition_speed_curve=&#8221;ease-in-out&#8221; locked=&#8221;off&#8221;][\/et_pb_gallery][\/et_pb_column][\/et_pb_row][\/et_pb_section]<\/p>\n","protected":false},"excerpt":{"rendered":"<p>Prof. Univ. Dr. Alexandru Oan\u021b\u0103Membru \u00een Comitetul de Conducere al Societ\u0103\u0163ii Rom\u00e2ne de Dermatologie (SRD)Secretar de redac\u0163ie al Revistei Dermatovenerologie \u2013 Revista Societ\u0103\u0163ii Rom\u00e2ne de Dermatologie &nbsp;Vitiligo &#8211; o manifestare secundar\u0103 a tratamentului cu pembrolizumab Autori: A. Oan\u0163\u01031, Smaranda \u0162erean2 1 Dermamed Bra\u015fov, Rom\u00e2nia2 Centrul Medical Topmed, T\u00e2rgu Mure\u015f, Rom\u00e2nia Vitiligo este o leucodermie circumscris\u0103, [&hellip;]<\/p>\n","protected":false},"author":2,"featured_media":0,"parent":0,"menu_order":0,"comment_status":"closed","ping_status":"closed","template":"","meta":{"_et_pb_use_builder":"on","_et_pb_old_content":"","_et_gb_content_width":"","footnotes":""},"class_list":["post-9906","page","type-page","status-publish","hentry"],"_links":{"self":[{"href":"https:\/\/pdi.ro\/2021\/wp-json\/wp\/v2\/pages\/9906","targetHints":{"allow":["GET"]}}],"collection":[{"href":"https:\/\/pdi.ro\/2021\/wp-json\/wp\/v2\/pages"}],"about":[{"href":"https:\/\/pdi.ro\/2021\/wp-json\/wp\/v2\/types\/page"}],"author":[{"embeddable":true,"href":"https:\/\/pdi.ro\/2021\/wp-json\/wp\/v2\/users\/2"}],"replies":[{"embeddable":true,"href":"https:\/\/pdi.ro\/2021\/wp-json\/wp\/v2\/comments?post=9906"}],"version-history":[{"count":2,"href":"https:\/\/pdi.ro\/2021\/wp-json\/wp\/v2\/pages\/9906\/revisions"}],"predecessor-version":[{"id":9912,"href":"https:\/\/pdi.ro\/2021\/wp-json\/wp\/v2\/pages\/9906\/revisions\/9912"}],"wp:attachment":[{"href":"https:\/\/pdi.ro\/2021\/wp-json\/wp\/v2\/media?parent=9906"}],"curies":[{"name":"wp","href":"https:\/\/api.w.org\/{rel}","templated":true}]}}