{"id":9918,"date":"2021-07-06T10:58:29","date_gmt":"2021-07-06T08:58:29","guid":{"rendered":"https:\/\/primaderma.ro\/?page_id=9918"},"modified":"2021-07-07T15:02:51","modified_gmt":"2021-07-07T13:02:51","slug":"prof-univ-dr-mircea-onofriescu","status":"publish","type":"page","link":"https:\/\/pdi.ro\/2021\/prof-univ-dr-mircea-onofriescu\/","title":{"rendered":"Prof. univ. dr. Mircea Onofriescu"},"content":{"rendered":"<p>[et_pb_section fb_built=&#8221;1&#8243; fullwidth=&#8221;on&#8221; disabled_on=&#8221;on|off|off&#8221; _builder_version=&#8221;3.22&#8243; custom_margin=&#8221;||&#8221; custom_padding=&#8221;15px||29px&#8221; top_divider_style=&#8221;waves2&#8243; top_divider_color=&#8221;#f0622a&#8221; top_divider_flip=&#8221;horizontal|vertical&#8221; bottom_divider_style=&#8221;waves2&#8243; bottom_divider_color=&#8221;#fcdedb&#8221; bottom_divider_height=&#8221;105px&#8221; bottom_divider_flip=&#8221;vertical&#8221; global_module=&#8221;9062&#8243; collapsed=&#8221;off&#8221;][et_pb_fullwidth_header title=&#8221;@ET-DC@eyJkeW5hbWljIjp0cnVlLCJjb250ZW50IjoicG9zdF90aXRsZSIsInNldHRpbmdzIjp7ImJlZm9yZSI6IiIsImFmdGVyIjoiIn19@&#8221; text_orientation=&#8221;right&#8221; header_image_url=&#8221;https:\/\/pdi.ro\/2021\/wp-content\/uploads\/2021\/05\/PDI2021_logo_header_int_600x300px.png&#8221; disabled_on=&#8221;on|on|off&#8221; _builder_version=&#8221;4.9.4&#8243; _dynamic_attributes=&#8221;title&#8221; title_font=&#8221;Kaushan Script||||||||&#8221; title_text_align=&#8221;right&#8221; title_text_color=&#8221;#f0622a&#8221; title_font_size=&#8221;50px&#8221; content_font=&#8221;|600||on|||||&#8221; content_text_align=&#8221;center&#8221; content_text_color=&#8221;#686766&#8243; content_font_size=&#8221;15px&#8221; subhead_font=&#8221;||||||||&#8221; background_color=&#8221;#ef916b&#8221; background_image=&#8221;https:\/\/pdi.ro\/2021\/wp-content\/uploads\/2021\/05\/PDI2021_header_1920x550px.jpg&#8221; background_blend=&#8221;luminosity&#8221; background_layout=&#8221;light&#8221; custom_margin=&#8221;0px||8px&#8221; custom_padding=&#8221;40px||40px||true&#8221; content_font_size_tablet=&#8221;&#8221; content_font_size_phone=&#8221;15px&#8221; content_font_size_last_edited=&#8221;on|desktop&#8221;][\/et_pb_fullwidth_header][\/et_pb_section][et_pb_section fb_built=&#8221;1&#8243; _builder_version=&#8221;4.9.7&#8243; hover_enabled=&#8221;0&#8243; sticky_enabled=&#8221;0&#8243;][et_pb_row column_structure=&#8221;2_5,3_5&#8243; _builder_version=&#8221;3.25&#8243; locked=&#8221;off&#8221;][et_pb_column type=&#8221;2_5&#8243; _builder_version=&#8221;3.25&#8243; custom_padding=&#8221;|||&#8221; custom_padding__hover=&#8221;|||&#8221;][et_pb_image src=&#8221;https:\/\/pdi.ro\/2021\/wp-content\/uploads\/2021\/07\/Onofriescu-Mircea_2.jpg&#8221; title_text=&#8221;Onofriescu Mircea_2&#8243; align=&#8221;center&#8221; align_tablet=&#8221;center&#8221; align_phone=&#8221;&#8221; align_last_edited=&#8221;on|desktop&#8221; _builder_version=&#8221;4.9.7&#8243; max_width=&#8221;25%&#8221; hover_enabled=&#8221;0&#8243; border_radii=&#8221;on|100px|100px|100px|100px&#8221; sticky_enabled=&#8221;0&#8243;][\/et_pb_image][\/et_pb_column][et_pb_column type=&#8221;3_5&#8243; _builder_version=&#8221;3.25&#8243; custom_padding=&#8221;|||&#8221; custom_padding__hover=&#8221;|||&#8221;][et_pb_text _builder_version=&#8221;4.9.7&#8243;]<\/p>\n<h4><span style=\"color: #ff6600;\"><strong><\/strong><\/span><\/h4>\n<h4><span style=\"color: #ff6600;\"><strong>Prof. Univ.Dr. Mircea Onofriescu<br \/>Universitatea de Medicin\u0103 \u0219i Farmacie &#8220;Grigore T. Popa&#8221; Ia\u0219i<\/strong><\/span><\/h4>\n<p>&nbsp;<\/p>\n<p>[\/et_pb_text][\/et_pb_column][\/et_pb_row][et_pb_row disabled_on=&#8221;off|off|off&#8221; _builder_version=&#8221;4.9.7&#8243; _module_preset=&#8221;default&#8221; hover_enabled=&#8221;0&#8243; sticky_enabled=&#8221;0&#8243;][et_pb_column type=&#8221;4_4&#8243; _builder_version=&#8221;4.9.7&#8243; _module_preset=&#8221;default&#8221;][et_pb_text _builder_version=&#8221;4.9.7&#8243; hover_enabled=&#8221;0&#8243; locked=&#8221;off&#8221; sticky_enabled=&#8221;0&#8243;]<\/p>\n<p style=\"text-align: justify;\"><span style=\"color: #ff6600;\">Obezitatea \u0219i infertilitatea \u2013 o permanent\u0103 provocare<\/span><\/p>\n<p style=\"text-align: justify;\"><span style=\"color: #ff6600;\">Autori: Mircea Onofriescu, Adina Tanase, Mirabela Petic\u0103, Drago\u0219 Hu\u021banu, Bogdan Toma, Dan Popescu<\/span><\/p>\n<p style=\"text-align: justify;\">Prevalen\u021ba obezit\u0103\u021bii a crescut \u00een \u021b\u0103rile dezvoltate prin schimb\u0103ri \u00een: stilul de via\u021b\u0103, inclusiv activitatea fizic\u0103 redus\u0103; modific\u0103ri ale stilului de nutri\u021bie; un aport caloric crescut. 60% dintre femei sunt supraponderale (\u226525 kg \/ m2), \u00een Statele Unite \u0219i cele mai multe \u021b\u0103ri europene; 30% sunt obeze (\u226530 kg \/ m2); 6% dintre acestea sunt cu obezitate morbid\u0103 (\u226535 kg \/ m2). \u00cen SUA&gt;25 % din cazurile de infertilitate de cauz\u0103 ovulatorie este atribuit\u0103 unui BMI &gt; 25kg\/m2. O femeie obez\u0103 este de aproximativ 3 ori mai probabil s\u0103 fie infertil\u0103 dec\u00e2t o femeie normal.<br \/>\u00cen prezen\u021ba ciclurilor menstruale regulate, probabilitatea ob\u021binerii unei sarcini se reduce cu 5% pentru fiecare unitate BMI &gt; 29kg\/m2. La femeile obeze se constat\u0103 anovula\u021bie chiar \u0219i \u00een prezen\u021ba ciclurilor regulate. La obeze se constat\u0103 eliberarea unor ovocite cu poten\u021bial redus de fertilizare \u0219i anomalii ale endometrului.<br \/>Obezitatea este str\u00e2ns corelat\u0103 de sindromul ovarelor polichistice (SOP). 33-88% dintre femeile cu SOP sunt supraponderale sau obeze.<br \/>Prezent\u0103m modalit\u0103\u021bile de tratament \u00een cazul pacientelor obeze cu infertilitate. 1. Schimbarea stilului de via\u021b\u0103: dieta hipocaloric\u0103 \u0219i activitate fizic\u0103. 2.Tratament medicamentos. 3. Chirurgia bariatric\u0103 cu avantajele \u0219i dezavantajele ei. 4. Fertilizarea in vitro la femeile obeze: rata de sarcini mai redus\u0103, procentul de nou n\u0103scu\u021bi vii mai redus comparativ cu femeile cu greutate normal. Necesit\u0103 doze de gonadotropine mai mari \u0219i rata de avorturi este mai mare. Se recomand\u0103 am\u00e2narea tratamentului prin tehnicile de reproducere asistat\u0103 p\u00e2n\u0103 c\u00e2nd persoanele obeze ating BMI &lt; 40.<\/p>\n<p style=\"text-align: justify;\"><span style=\"color: #ff6600;\">Scurt CV<\/span><\/p>\n<p style=\"text-align: justify;\">Profesor Emerit univ. dr. Universitatea de Medicina &#8220;Grigore T. Popa&#8221;, Ia\u0219i<br \/>\u0218ef Sec\u021bie Obstetric\u0103, Spitalul Clinic Universitar Cuza Vod\u0103 Iasi. Competen\u021b\u0103 \u00een Medicin\u0103 Materno-Fetal\u0103, Ecografie \u00een Obstetric\u0103 \u0219i Ginecologie, Histeroscopie \u0219i Laparoscopie \u00een Ginecologie, Reproducere uman\u0103 asistat\u0103 \u2013 Fertilizare in vitro. Pre\u0219edinte al Societ\u0103\u021bii Rom\u00e2ne de Medicin\u0103 Reproductiv\u0103, Pre\u0219edinte al Societ\u0103\u021bii Rom\u00e2ne de Obstetric\u0103 Ginecologie \u00eentre 2000-2004, Membru \u00een Boardul Societ\u0103\u021bii Rom\u00e2ne de Obstetric\u0103 \u0219i Ginecologie, Vicepre\u0219edinte al Societ\u0103\u021bii Rom\u00e2ne de Ecografie \u00een Obstetric\u0103 \u0219i Ginecologie. Reprezentantul Rom\u00e2niei la EBCOG \u0219i \u00een IFFS. Director general al Spitalul Clinic Universitar Cuza Vod\u0103 Iasi timp de 12 ani. Membru \u00een Consiliul Colegiului Medicilor Ia\u0219i timp de 12 ani. Premii interna\u021bionale \u0219i na\u021bionale la numeroase congrese medicale. Membru \u00een 10 societ\u0103\u021bii \u0219tiin\u021bifice interna\u021bionale \u0219i 12 societ\u0103\u021bii rom\u00e2ne medicale. Lucr\u0103ri publicate peste 500. C\u0103r\u021bi publicate \u00een Rom\u00e2nia (autor sau coautor) = 10.<br \/>Expertiz\u0103 \u00een infertilitate de cuplu, endocrinologie ginecologic\u0103, obstetric\u0103 \u0219i ginecologie, medicin\u0103 materno-fetal\u0103<\/p>\n<p style=\"text-align: justify;\"><span style=\"color: #000000;\">\u00a0<\/span><\/p>\n<p>[\/et_pb_text][\/et_pb_column][\/et_pb_row][\/et_pb_section][et_pb_section fb_built=&#8221;1&#8243; _builder_version=&#8221;4.9.6&#8243; background_color=&#8221;rgba(117,194,33,0.23)&#8221; background_image=&#8221;https:\/\/pdi.ro\/2021\/wp-content\/uploads\/2021\/05\/PDI2021_header_1920x550px.jpg&#8221; background_blend=&#8221;multiply&#8221; custom_padding=&#8221;54px|0px|0|0px|false|false&#8221; top_divider_style=&#8221;waves2&#8243; top_divider_color=&#8221;#ffffff&#8221; top_divider_height=&#8221;155px&#8221; top_divider_height_tablet=&#8221;&#8221; top_divider_height_phone=&#8221;97px&#8221; top_divider_height_last_edited=&#8221;on|desktop&#8221; bottom_divider_style=&#8221;waves2&#8243; bottom_divider_color=&#8221;#75c221&#8243; bottom_divider_flip=&#8221;vertical&#8221; bottom_divider_height_tablet=&#8221;&#8221; bottom_divider_height_phone=&#8221;59px&#8221; bottom_divider_height_last_edited=&#8221;on|desktop&#8221; global_module=&#8221;9177&#8243; saved_tabs=&#8221;all&#8221;][et_pb_row column_structure=&#8221;3_5,2_5&#8243; _builder_version=&#8221;3.25&#8243; custom_padding=&#8221;61px|0px|69px|0px|false|false&#8221;][et_pb_column type=&#8221;3_5&#8243; _builder_version=&#8221;3.25&#8243; custom_padding=&#8221;|||&#8221; custom_padding__hover=&#8221;|||&#8221;][et_pb_text _builder_version=&#8221;4.9.4&#8243; text_font=&#8221;Kaushan Script||||||||&#8221; text_text_color=&#8221;#f0622a&#8221; text_font_size=&#8221;30px&#8221; text_line_height=&#8221;1.2em&#8221; header_font=&#8221;||||||||&#8221; background_layout=&#8221;dark&#8221; text_font_size_tablet=&#8221;&#8221; text_font_size_phone=&#8221;&#8221; text_font_size_last_edited=&#8221;on|desktop&#8221;]<\/p>\n<p>Contacteaz\u0103 operatorul PDI 2021<\/p>\n<p>[\/et_pb_text][et_pb_contact_form email=&#8221;contact@pdi.ro\/2021\/2019&#8243; submit_button_text=&#8221;Trimite mesajul&#8221; _builder_version=&#8221;4.9.4&#8243; title_font=&#8221;||||||||&#8221; custom_button=&#8221;on&#8221; button_text_color=&#8221;#F0622A&#8221;][et_pb_contact_field field_id=&#8221;Name&#8221; field_title=&#8221;Nume&#8221; _builder_version=&#8221;3.18.9&#8243; button_text_size__hover_enabled=&#8221;off&#8221; button_one_text_size__hover_enabled=&#8221;off&#8221; button_two_text_size__hover_enabled=&#8221;off&#8221; button_text_color__hover_enabled=&#8221;off&#8221; button_one_text_color__hover_enabled=&#8221;off&#8221; button_two_text_color__hover_enabled=&#8221;off&#8221; button_border_width__hover_enabled=&#8221;off&#8221; button_one_border_width__hover_enabled=&#8221;off&#8221; button_two_border_width__hover_enabled=&#8221;off&#8221; button_border_color__hover_enabled=&#8221;off&#8221; button_one_border_color__hover_enabled=&#8221;off&#8221; button_two_border_color__hover_enabled=&#8221;off&#8221; button_border_radius__hover_enabled=&#8221;off&#8221; button_one_border_radius__hover_enabled=&#8221;off&#8221; button_two_border_radius__hover_enabled=&#8221;off&#8221; button_letter_spacing__hover_enabled=&#8221;off&#8221; button_one_letter_spacing__hover_enabled=&#8221;off&#8221; button_two_letter_spacing__hover_enabled=&#8221;off&#8221; button_bg_color__hover_enabled=&#8221;off&#8221; button_one_bg_color__hover_enabled=&#8221;off&#8221; button_two_bg_color__hover_enabled=&#8221;off&#8221;][\/et_pb_contact_field][et_pb_contact_field field_id=&#8221;Email&#8221; field_title=&#8221;Adresa de e-mail&#8221; field_type=&#8221;email&#8221; _builder_version=&#8221;3.19.4&#8243; button_text_size__hover_enabled=&#8221;off&#8221; button_one_text_size__hover_enabled=&#8221;off&#8221; button_two_text_size__hover_enabled=&#8221;off&#8221; button_text_color__hover_enabled=&#8221;off&#8221; button_one_text_color__hover_enabled=&#8221;off&#8221; button_two_text_color__hover_enabled=&#8221;off&#8221; button_border_width__hover_enabled=&#8221;off&#8221; button_one_border_width__hover_enabled=&#8221;off&#8221; button_two_border_width__hover_enabled=&#8221;off&#8221; button_border_color__hover_enabled=&#8221;off&#8221; button_one_border_color__hover_enabled=&#8221;off&#8221; button_two_border_color__hover_enabled=&#8221;off&#8221; button_border_radius__hover_enabled=&#8221;off&#8221; button_one_border_radius__hover_enabled=&#8221;off&#8221; button_two_border_radius__hover_enabled=&#8221;off&#8221; button_letter_spacing__hover_enabled=&#8221;off&#8221; button_one_letter_spacing__hover_enabled=&#8221;off&#8221; button_two_letter_spacing__hover_enabled=&#8221;off&#8221; button_bg_color__hover_enabled=&#8221;off&#8221; button_one_bg_color__hover_enabled=&#8221;off&#8221; button_two_bg_color__hover_enabled=&#8221;off&#8221;][\/et_pb_contact_field][et_pb_contact_field field_id=&#8221;Message&#8221; field_title=&#8221;Mesajul dvs.&#8221; field_type=&#8221;text&#8221; fullwidth_field=&#8221;on&#8221; _builder_version=&#8221;3.18.9&#8243; button_text_size__hover_enabled=&#8221;off&#8221; button_one_text_size__hover_enabled=&#8221;off&#8221; button_two_text_size__hover_enabled=&#8221;off&#8221; button_text_color__hover_enabled=&#8221;off&#8221; button_one_text_color__hover_enabled=&#8221;off&#8221; button_two_text_color__hover_enabled=&#8221;off&#8221; button_border_width__hover_enabled=&#8221;off&#8221; button_one_border_width__hover_enabled=&#8221;off&#8221; button_two_border_width__hover_enabled=&#8221;off&#8221; button_border_color__hover_enabled=&#8221;off&#8221; button_one_border_color__hover_enabled=&#8221;off&#8221; button_two_border_color__hover_enabled=&#8221;off&#8221; button_border_radius__hover_enabled=&#8221;off&#8221; button_one_border_radius__hover_enabled=&#8221;off&#8221; button_two_border_radius__hover_enabled=&#8221;off&#8221; button_letter_spacing__hover_enabled=&#8221;off&#8221; button_one_letter_spacing__hover_enabled=&#8221;off&#8221; button_two_letter_spacing__hover_enabled=&#8221;off&#8221; button_bg_color__hover_enabled=&#8221;off&#8221; button_one_bg_color__hover_enabled=&#8221;off&#8221; button_two_bg_color__hover_enabled=&#8221;off&#8221;][\/et_pb_contact_field][\/et_pb_contact_form][\/et_pb_column][et_pb_column type=&#8221;2_5&#8243; _builder_version=&#8221;3.25&#8243; custom_padding=&#8221;|||&#8221; custom_padding__hover=&#8221;|||&#8221;][et_pb_text _builder_version=&#8221;4.9.4&#8243; text_font=&#8221;Kaushan Script||||||||&#8221; text_text_color=&#8221;#f0622a&#8221; text_font_size=&#8221;30px&#8221; header_font=&#8221;||||||||&#8221; background_layout=&#8221;dark&#8221;]<\/p>\n<p>Operatorul PDI 2021<\/p>\n<p>[\/et_pb_text][et_pb_text _builder_version=&#8221;4.0.11&#8243; text_font=&#8221;||||||||&#8221;]<\/p>\n<p><span><img loading=\"lazy\" decoding=\"async\" src=\"https:\/\/pdi.ro\/2021\/wp-content\/uploads\/2020\/02\/eventer_logo_150px.png\" width=\"151\" height=\"33\" alt=\"\" class=\"wp-image-774 alignleft size-full\" \/><\/span><\/p>\n<p><span><\/span><\/p>\n<p><span><\/span><\/p>\n<p><span>Adresa: Str. A. Panu nr. 13, Iasi<\/span><br \/> <span>Tel.: 0332.40.88.00-05<\/span><br \/> <span>E-mail: <a href=\"mailto:inscrieri@primaderma.ro\" target=\"_blank\" rel=\"noopener noreferrer\">inscrieri@primaderma.ro<\/a><br \/> <\/span><span>Website:\u00a0<\/span><a href=\"http:\/\/www.eventernet.ro\/\" target=\"Blank\" rel=\"noopener noreferrer\">www.eventernet.ro<\/a><\/p>\n<p>[\/et_pb_text][et_pb_text disabled_on=&#8221;off|off|off&#8221; _builder_version=&#8221;4.0.11&#8243; text_font=&#8221;Kaushan Script||||||||&#8221; text_text_color=&#8221;#f0622a&#8221; text_font_size=&#8221;30px&#8221; header_font=&#8221;||||||||&#8221; background_layout=&#8221;dark&#8221; locked=&#8221;off&#8221;]<\/p>\n<p>Parteneri Media<\/p>\n<p>[\/et_pb_text][et_pb_gallery gallery_ids=&#8221;7203,7204,9252,9464&#8243; fullwidth=&#8221;on&#8221; _builder_version=&#8221;4.9.6&#8243; transform_scale=&#8221;86%|86%&#8221; max_width=&#8221;63%&#8221; auto=&#8221;on&#8221; auto_speed=&#8221;3500&#8243; hover_transition_duration=&#8221;100ms&#8221; hover_transition_delay=&#8221;50ms&#8221; hover_transition_speed_curve=&#8221;ease-in-out&#8221; locked=&#8221;off&#8221;][\/et_pb_gallery][\/et_pb_column][\/et_pb_row][\/et_pb_section]<\/p>\n","protected":false},"excerpt":{"rendered":"<p>Prof. Univ.Dr. Mircea OnofriescuUniversitatea de Medicin\u0103 \u0219i Farmacie &#8220;Grigore T. Popa&#8221; Ia\u0219i &nbsp;Obezitatea \u0219i infertilitatea \u2013 o permanent\u0103 provocare Autori: Mircea Onofriescu, Adina Tanase, Mirabela Petic\u0103, Drago\u0219 Hu\u021banu, Bogdan Toma, Dan Popescu Prevalen\u021ba obezit\u0103\u021bii a crescut \u00een \u021b\u0103rile dezvoltate prin schimb\u0103ri \u00een: stilul de via\u021b\u0103, inclusiv activitatea fizic\u0103 redus\u0103; modific\u0103ri ale stilului de nutri\u021bie; un [&hellip;]<\/p>\n","protected":false},"author":2,"featured_media":0,"parent":0,"menu_order":0,"comment_status":"closed","ping_status":"closed","template":"","meta":{"_et_pb_use_builder":"on","_et_pb_old_content":"","_et_gb_content_width":"","footnotes":""},"class_list":["post-9918","page","type-page","status-publish","hentry"],"_links":{"self":[{"href":"https:\/\/pdi.ro\/2021\/wp-json\/wp\/v2\/pages\/9918","targetHints":{"allow":["GET"]}}],"collection":[{"href":"https:\/\/pdi.ro\/2021\/wp-json\/wp\/v2\/pages"}],"about":[{"href":"https:\/\/pdi.ro\/2021\/wp-json\/wp\/v2\/types\/page"}],"author":[{"embeddable":true,"href":"https:\/\/pdi.ro\/2021\/wp-json\/wp\/v2\/users\/2"}],"replies":[{"embeddable":true,"href":"https:\/\/pdi.ro\/2021\/wp-json\/wp\/v2\/comments?post=9918"}],"version-history":[{"count":4,"href":"https:\/\/pdi.ro\/2021\/wp-json\/wp\/v2\/pages\/9918\/revisions"}],"predecessor-version":[{"id":10130,"href":"https:\/\/pdi.ro\/2021\/wp-json\/wp\/v2\/pages\/9918\/revisions\/10130"}],"wp:attachment":[{"href":"https:\/\/pdi.ro\/2021\/wp-json\/wp\/v2\/media?parent=9918"}],"curies":[{"name":"wp","href":"https:\/\/api.w.org\/{rel}","templated":true}]}}