{"id":9962,"date":"2021-07-06T16:05:40","date_gmt":"2021-07-06T14:05:40","guid":{"rendered":"https:\/\/primaderma.ro\/?page_id=9962"},"modified":"2021-07-06T16:05:40","modified_gmt":"2021-07-06T14:05:40","slug":"conf-dr-constantin-magda","status":"publish","type":"page","link":"https:\/\/pdi.ro\/2021\/conf-dr-constantin-magda\/","title":{"rendered":"Conf. Dr. Constantin Magda"},"content":{"rendered":"<p>[et_pb_section fb_built=&#8221;1&#8243; fullwidth=&#8221;on&#8221; disabled_on=&#8221;on|off|off&#8221; _builder_version=&#8221;3.22&#8243; custom_margin=&#8221;||&#8221; custom_padding=&#8221;15px||29px&#8221; top_divider_style=&#8221;waves2&#8243; top_divider_color=&#8221;#f0622a&#8221; top_divider_flip=&#8221;horizontal|vertical&#8221; bottom_divider_style=&#8221;waves2&#8243; bottom_divider_color=&#8221;#fcdedb&#8221; bottom_divider_height=&#8221;105px&#8221; bottom_divider_flip=&#8221;vertical&#8221; global_module=&#8221;9062&#8243; collapsed=&#8221;off&#8221;][et_pb_fullwidth_header title=&#8221;@ET-DC@eyJkeW5hbWljIjp0cnVlLCJjb250ZW50IjoicG9zdF90aXRsZSIsInNldHRpbmdzIjp7ImJlZm9yZSI6IiIsImFmdGVyIjoiIn19@&#8221; text_orientation=&#8221;right&#8221; header_image_url=&#8221;https:\/\/pdi.ro\/2021\/wp-content\/uploads\/2021\/05\/PDI2021_logo_header_int_600x300px.png&#8221; disabled_on=&#8221;on|on|off&#8221; _builder_version=&#8221;4.9.4&#8243; _dynamic_attributes=&#8221;title&#8221; title_font=&#8221;Kaushan Script||||||||&#8221; title_text_align=&#8221;right&#8221; title_text_color=&#8221;#f0622a&#8221; title_font_size=&#8221;50px&#8221; content_font=&#8221;|600||on|||||&#8221; content_text_align=&#8221;center&#8221; content_text_color=&#8221;#686766&#8243; content_font_size=&#8221;15px&#8221; subhead_font=&#8221;||||||||&#8221; background_color=&#8221;#ef916b&#8221; background_image=&#8221;https:\/\/pdi.ro\/2021\/wp-content\/uploads\/2021\/05\/PDI2021_header_1920x550px.jpg&#8221; background_blend=&#8221;luminosity&#8221; background_layout=&#8221;light&#8221; custom_margin=&#8221;0px||8px&#8221; custom_padding=&#8221;40px||40px||true&#8221; content_font_size_tablet=&#8221;&#8221; content_font_size_phone=&#8221;15px&#8221; content_font_size_last_edited=&#8221;on|desktop&#8221;][\/et_pb_fullwidth_header][\/et_pb_section][et_pb_section fb_built=&#8221;1&#8243; _builder_version=&#8221;3.22&#8243; locked=&#8221;off&#8221;][et_pb_row column_structure=&#8221;2_5,3_5&#8243; _builder_version=&#8221;3.25&#8243;][et_pb_column type=&#8221;2_5&#8243; _builder_version=&#8221;3.25&#8243; custom_padding=&#8221;|||&#8221; custom_padding__hover=&#8221;|||&#8221;][et_pb_image src=&#8221;https:\/\/pdi.ro\/2021\/wp-content\/uploads\/2021\/07\/Conf.-Magda-Constantin_1.jpg&#8221; title_text=&#8221;Conf. Magda Constantin_1&#8243; align=&#8221;center&#8221; align_tablet=&#8221;center&#8221; align_phone=&#8221;&#8221; align_last_edited=&#8221;on|desktop&#8221; _builder_version=&#8221;4.9.7&#8243; max_width=&#8221;31%&#8221; hover_enabled=&#8221;0&#8243; border_radii=&#8221;on|100px|100px|100px|100px&#8221; sticky_enabled=&#8221;0&#8243;][\/et_pb_image][\/et_pb_column][et_pb_column type=&#8221;3_5&#8243; _builder_version=&#8221;3.25&#8243; custom_padding=&#8221;|||&#8221; custom_padding__hover=&#8221;|||&#8221;][et_pb_text _builder_version=&#8221;4.9.7&#8243; hover_enabled=&#8221;0&#8243; sticky_enabled=&#8221;0&#8243;]<\/p>\n<h4><strong><span style=\"color: #ff6600;\"><\/span><\/strong><\/h4>\n<h4><strong><span style=\"color: #ff6600;\"><\/span><\/strong><\/h4>\n<h4><strong><span style=\"color: #ff6600;\"><\/span><\/strong><\/h4>\n<h4><strong><span style=\"color: #ff6600;\">Conf. Dr. Constantin Magda<\/span><\/strong><br \/>\n<strong><span style=\"color: #ff6600;\">Universitatea de Medicin\u0103 \u0219i Farmacie &#8220;Carol Davila&#8221; Bucure\u015fti<\/span><\/strong><\/h4>\n<p>[\/et_pb_text][\/et_pb_column][\/et_pb_row][et_pb_row _builder_version=&#8221;3.25&#8243;][et_pb_column type=&#8221;4_4&#8243; _builder_version=&#8221;3.25&#8243; custom_padding=&#8221;|||&#8221; custom_padding__hover=&#8221;|||&#8221;][et_pb_text _builder_version=&#8221;4.9.7&#8243; hover_enabled=&#8221;0&#8243; sticky_enabled=&#8221;0&#8243;]<\/p>\n<p style=\"text-align: justify;\"><span style=\"color: #ff6600;\">Simpozion Eli Lilly: Taltz \u00een psoriasis: care sunt acele \u00eentreb\u0103ri pe care a\u021bi vrut s\u0103 le adresa\u021bi dar nu a\u021bi facut-o niciodat\u0103?<\/span><br \/>\n<span style=\"color: #ff6600;\">Speaker: Magda Constantin<\/span><\/p>\n<p style=\"text-align: justify;\">Psoriazisul este o afec\u021biune complex\u0103, care nu se limiteaz\u0103 la nivelul pielii \u0219i pentru tratamentul c\u0103reia, \u00een ultimii ani, au fost dezvoltate numeroase terapii biologice cu eficacitate \u00eenalt\u0103 \u0219i profil de siguran\u021b\u0103 favorabil, care au permis \u00eembun\u0103t\u0103\u021birea standardelor de \u00eengrijire a pacien\u021bilor cu psoriazis.<br \/>\nExist\u0103 \u00eens\u0103 multe \u00eentreb\u0103ri care vin, pe de o parte, odat\u0103 cu num\u0103rul \u00een cre\u0219tere al op\u021biunilor terapeutice disponibile \u0219i, pe de alt\u0103 parte, cu accesul pacien\u021bilor la o baz\u0103 tot mai mare de informa\u021bii.<br \/>\nCe este mai important pentru un pacient cu psoriazis? Cum aleg din multitudinea de clase terapeutice? Cum aleg \u00eentre dou\u0103 op\u021biuni ale aceleia\u0219i clase? Cum interpretez multitudinea de date de eficacitate \u0219i siguran\u021b\u0103? Ce conteaz\u0103 cel mai mult atunci c\u00e2nd trebuie s\u0103 aleg un tratament? Cum \u0219tiu c\u0103 am ales tratamentul potrivit?<br \/>\nCei doi lectori vor dezbate pe seama tuturor acestor \u00eentreb\u0103ri \u0219i nu numai.<\/p>\n<p style=\"text-align: justify;\">PP-IX-RO-0913, iunie 2021<br \/>\nMaterial destinat profesioni\u0219tilor din domeniul s\u0103n\u0103t\u0103\u021bii.<\/p>\n<p style=\"text-align: justify;\"><span style=\"color: #ff6600;\">Simpozion Eli Lilly: Taltz in psoriasis: what are the questions you always wanted to ask but never did?<\/span><br \/>\n<span style=\"color: #ff6600;\">Speaker: Magda Constantin<\/span><\/p>\n<p style=\"text-align: justify;\">Psoriasis is a complex condition that is not limited to the skin and for the treatment of which, in recent years, many biological therapies have been developed, offering high efficacy and a favorable safety profile and therefore improving the standards of care for patients with psoriasis.<br \/>\nHowever, there are many questions that come to mind, on the one hand, with the growing number of available therapeutic options and, on the other hand, with patients&#8217; access to a growing base of information.<br \/>\nWhat is more important for a patient with psoriasis? How do I choose from so many therapeutic classes? How do I choose between two options of the same class? How do I interpret the multitude of efficacy and safety data? What matters most when I have to choose a treatment? How do I know I choose the right treatment?<br \/>\nThe speakers will have a debate around all these questions and more.<\/p>\n<p style=\"text-align: justify;\">PP-IX-RO-0913, June 2021<br \/>\nThis material is intented for the use of Health Care Professionals only.<\/p>\n<p style=\"text-align: justify;\"><span style=\"color: #ff6600;\">Scurt CV<\/span><\/p>\n<p style=\"text-align: justify;\"><strong>Experien\u0163a profesional\u0103:<\/strong><br \/>\n2020 Conferen\u021biar Universitar<br \/>\n2015 \u0218ef de Lucr\u0103ri (decizie nr. 368\/23.02.2015)<br \/>\n2015 Pedagogie medical\u0103 (certificat MEN 3058\/12.03.2015)<br \/>\n2013 \u0218ef Laborator Cercetare Dermatologie \u2013 Centrul de Cercetare CDPC (Colentina Dezvoltare Pavilion Cercetare)<br \/>\n2011 Medic primar dermatovenerolog (ordin MS 1296\/01.09.2011);<br \/>\n2007 Medic specialist dermatovenerolog (ordin MSP 264\/2007);<br \/>\n2006 Asistent universitar &#8211; UMF Carol Davila Bucure\u0219ti (decizia UMF Carol Davila nr.168\/27.02.2006);<br \/>\n2005 Doctorand cu frecven\u021b\u0103 UMF Carol Davila;<br \/>\n2002 Medic rezident specialiatatea \u201eDermatologie\u201d (ordin MSF nr.VIIId\/DB\/8094\/03.07.2002);<br \/>\n2001 Medic stagiar \u2013 Spitalul Clinic Colentina;<br \/>\n<strong>Educa\u0163ie \u015fi formare:<\/strong><br \/>\n2016 Atestat de Studii Complementare \u00een Managementul Serviciilor de S\u0103n\u0103tate<br \/>\n(MS seria C Nr.038953)<br \/>\n2015 Studii postdoctorale \u2013 \u201dExcelen\u021b\u0103 \u00een cercetarea \u0219tiin\u021bific\u0103, interdisciplinar\u0103, doctoral\u0103 \u0219i postdoctoral\u0103, \u00een domeniile Economic, Social \u0219i Medical\u201d &#8211; EXCELIS \u2013 Academia de Studii Economice in parteneriat cu UMF Carol Davila Bucuresti (USE nr. 3777)<br \/>\n2013 Doctor \u00een Medicin\u0103 \u2013 UMF Carol Davila Bucure\u0219ti (ordin al MEC 4360MD\/30.07.2013)<br \/>\nTitlul tezei de doctorat: \u201eValoarea testelor diagnostice moderne \u0219i impactul terapiei \u00een dermatita de contact alergic\u0103\u201d;<br \/>\n2003 Diplom\u0103 de Master \u2013 Universitatea Politehnic\u0103 Bucure\u0219ti (ordin MEC 8\/21.05.2003) \u00een specializarea Biomateriale la Facultatea de \u0218tiin\u021ba \u0219i Ingineria Materialelor;<br \/>\n2000 Diploma de Licen\u021b\u0103 (Doctor \u2013 Medic) UMF Carol Davila Bucure\u0219ti, profilul Medicin\u0103, specializarea Medicin\u0103 General\u0103 (ordin MEN 265\/30.01.2001);<br \/>\n1993 Diplom\u0103 de Bacalaureat \u2013 Colegiul Na\u021bional \u201eGheorghe Laz\u0103r\u201d Bucure\u0219ti (303\/15.07.1993)<\/p>\n<p style=\"text-align: justify;\"><strong>Membru \u00een conducerea unor structuri profesional \u0219tiin\u021bifice na\u021bionale:<\/strong><br \/>\n2020-2024<br \/>\nReprezentant (reales) al Disciplinei Dermatologie II \u00een Consiliul de Departament<br \/>\nMembru (ales) al Consiliului Facult\u0103\u021bii de Medicin\u0103 \u201dUMF Carol Davila\u201d<br \/>\n2018-prezent si 2013 &#8211; 2014<br \/>\nMembru al Comisiei Consultative de Dermatovenerologie din Ministerul S\u0103n\u0103t\u0103\u021bii<br \/>\n2016-prezent<br \/>\nManaging Editor al Revistei Dermatovenerologia (Journal of Romanian Society of Dermatology)<br \/>\n2011 \u2013 prezent si 2008 \u2013 2010<br \/>\nMembru al Comisiei de exper\u021bi de la nivelul Casei Na\u021bionale de Asigur\u0103ri de S\u0103n\u0103tate pentru tratamentul specific \u00een psoriazisul cronic sever<br \/>\n2011- prezent<br \/>\nTrezorier (reales) \u0219i Membru Consiliul Director (reales) al Societ\u0103\u021bii Rom\u00e2ne de Dermatologie<br \/>\n2011 \u2013 prezent<br \/>\nMembru in Colectivul Editorial al Revistei Dermatovenerologia (Journal of Romanian Society of Dermatology) &#8211; BDI<br \/>\n2008 \u2013 2011<br \/>\nDirector Marketing &amp; PR al Societ\u0103\u021bii Rom\u00e2ne de Dermatologie<br \/>\nDin 2011<br \/>\nPre\u0219edinte Comisia pentru Promovarea Imaginii (ales) a Asocia\u021biei Medicale Rom\u00e2ne (AMR)<br \/>\nDin 2007<br \/>\nMembru \u00een Comitetul de conducere al Asocia\u021biei Medicale Rom\u00e2ne<br \/>\nDin 2004<br \/>\nMembru fondator \u0219i Membru \u00een Comitetul de conducere al Central East European Dermatovenereological Association for Cooperation (CEEDVAC)<br \/>\nDin 2004<br \/>\nMembru fondator \u0219i Membru \u00een Comitetul de conducere al Asocia\u021biei bolnavilor de psoriazis \u201eSperan\u021ba\u201d.<\/p>\n<p>[\/et_pb_text][\/et_pb_column][\/et_pb_row][\/et_pb_section][et_pb_section fb_built=&#8221;1&#8243; _builder_version=&#8221;3.22&#8243; background_color=&#8221;rgba(117,194,33,0.23)&#8221; background_image=&#8221;https:\/\/pdi.ro\/2021\/wp-content\/uploads\/2020\/02\/back_justflowers_overlay1.png&#8221; background_blend=&#8221;luminosity&#8221; custom_padding=&#8221;54px|0px|0|0px|false|false&#8221; top_divider_style=&#8221;waves2&#8243; top_divider_color=&#8221;#ffffff&#8221; top_divider_height=&#8221;155px&#8221; top_divider_height_tablet=&#8221;&#8221; top_divider_height_phone=&#8221;97px&#8221; top_divider_height_last_edited=&#8221;on|desktop&#8221; bottom_divider_style=&#8221;waves2&#8243; bottom_divider_color=&#8221;#75c221&#8243; bottom_divider_flip=&#8221;vertical&#8221; bottom_divider_height_tablet=&#8221;&#8221; bottom_divider_height_phone=&#8221;59px&#8221; bottom_divider_height_last_edited=&#8221;on|desktop&#8221;][et_pb_row column_structure=&#8221;3_5,2_5&#8243; _builder_version=&#8221;3.25&#8243; custom_padding=&#8221;61px|0px|69px|0px|false|false&#8221;][et_pb_column type=&#8221;3_5&#8243; _builder_version=&#8221;3.25&#8243; custom_padding=&#8221;|||&#8221; custom_padding__hover=&#8221;|||&#8221;][et_pb_text _builder_version=&#8221;4.9.4&#8243; text_font=&#8221;Kaushan Script||||||||&#8221; text_text_color=&#8221;#f0622a&#8221; text_font_size=&#8221;30px&#8221; text_line_height=&#8221;1.2em&#8221; header_font=&#8221;||||||||&#8221; background_layout=&#8221;dark&#8221; text_font_size_tablet=&#8221;&#8221; text_font_size_phone=&#8221;&#8221; text_font_size_last_edited=&#8221;on|desktop&#8221;]<\/p>\n<p>Contacteaz\u0103 operatorul PDI 2021<\/p>\n<p>[\/et_pb_text][et_pb_contact_form email=&#8221;contact@pdi.ro\/2021\/2019&#8243; submit_button_text=&#8221;Trimite mesajul&#8221; _builder_version=&#8221;3.19.4&#8243; title_font=&#8221;||||||||&#8221;][et_pb_contact_field field_id=&#8221;Name&#8221; field_title=&#8221;Nume&#8221; _builder_version=&#8221;3.18.9&#8243; button_text_size__hover_enabled=&#8221;off&#8221; button_one_text_size__hover_enabled=&#8221;off&#8221; button_two_text_size__hover_enabled=&#8221;off&#8221; button_text_color__hover_enabled=&#8221;off&#8221; button_one_text_color__hover_enabled=&#8221;off&#8221; button_two_text_color__hover_enabled=&#8221;off&#8221; button_border_width__hover_enabled=&#8221;off&#8221; button_one_border_width__hover_enabled=&#8221;off&#8221; button_two_border_width__hover_enabled=&#8221;off&#8221; button_border_color__hover_enabled=&#8221;off&#8221; button_one_border_color__hover_enabled=&#8221;off&#8221; button_two_border_color__hover_enabled=&#8221;off&#8221; button_border_radius__hover_enabled=&#8221;off&#8221; button_one_border_radius__hover_enabled=&#8221;off&#8221; button_two_border_radius__hover_enabled=&#8221;off&#8221; button_letter_spacing__hover_enabled=&#8221;off&#8221; button_one_letter_spacing__hover_enabled=&#8221;off&#8221; button_two_letter_spacing__hover_enabled=&#8221;off&#8221; button_bg_color__hover_enabled=&#8221;off&#8221; button_one_bg_color__hover_enabled=&#8221;off&#8221; button_two_bg_color__hover_enabled=&#8221;off&#8221;][\/et_pb_contact_field][et_pb_contact_field field_id=&#8221;Email&#8221; field_title=&#8221;Adresa de e-mail&#8221; field_type=&#8221;email&#8221; _builder_version=&#8221;3.19.4&#8243; button_text_size__hover_enabled=&#8221;off&#8221; button_one_text_size__hover_enabled=&#8221;off&#8221; button_two_text_size__hover_enabled=&#8221;off&#8221; button_text_color__hover_enabled=&#8221;off&#8221; button_one_text_color__hover_enabled=&#8221;off&#8221; button_two_text_color__hover_enabled=&#8221;off&#8221; button_border_width__hover_enabled=&#8221;off&#8221; button_one_border_width__hover_enabled=&#8221;off&#8221; button_two_border_width__hover_enabled=&#8221;off&#8221; button_border_color__hover_enabled=&#8221;off&#8221; button_one_border_color__hover_enabled=&#8221;off&#8221; button_two_border_color__hover_enabled=&#8221;off&#8221; button_border_radius__hover_enabled=&#8221;off&#8221; button_one_border_radius__hover_enabled=&#8221;off&#8221; button_two_border_radius__hover_enabled=&#8221;off&#8221; button_letter_spacing__hover_enabled=&#8221;off&#8221; button_one_letter_spacing__hover_enabled=&#8221;off&#8221; button_two_letter_spacing__hover_enabled=&#8221;off&#8221; button_bg_color__hover_enabled=&#8221;off&#8221; button_one_bg_color__hover_enabled=&#8221;off&#8221; button_two_bg_color__hover_enabled=&#8221;off&#8221;][\/et_pb_contact_field][et_pb_contact_field field_id=&#8221;Message&#8221; field_title=&#8221;Mesajul dvs.&#8221; field_type=&#8221;text&#8221; fullwidth_field=&#8221;on&#8221; _builder_version=&#8221;3.18.9&#8243; button_text_size__hover_enabled=&#8221;off&#8221; button_one_text_size__hover_enabled=&#8221;off&#8221; button_two_text_size__hover_enabled=&#8221;off&#8221; button_text_color__hover_enabled=&#8221;off&#8221; button_one_text_color__hover_enabled=&#8221;off&#8221; button_two_text_color__hover_enabled=&#8221;off&#8221; button_border_width__hover_enabled=&#8221;off&#8221; button_one_border_width__hover_enabled=&#8221;off&#8221; button_two_border_width__hover_enabled=&#8221;off&#8221; button_border_color__hover_enabled=&#8221;off&#8221; button_one_border_color__hover_enabled=&#8221;off&#8221; button_two_border_color__hover_enabled=&#8221;off&#8221; button_border_radius__hover_enabled=&#8221;off&#8221; button_one_border_radius__hover_enabled=&#8221;off&#8221; button_two_border_radius__hover_enabled=&#8221;off&#8221; button_letter_spacing__hover_enabled=&#8221;off&#8221; button_one_letter_spacing__hover_enabled=&#8221;off&#8221; button_two_letter_spacing__hover_enabled=&#8221;off&#8221; button_bg_color__hover_enabled=&#8221;off&#8221; button_one_bg_color__hover_enabled=&#8221;off&#8221; button_two_bg_color__hover_enabled=&#8221;off&#8221;][\/et_pb_contact_field][\/et_pb_contact_form][\/et_pb_column][et_pb_column type=&#8221;2_5&#8243; _builder_version=&#8221;3.25&#8243; custom_padding=&#8221;|||&#8221; custom_padding__hover=&#8221;|||&#8221;][et_pb_text _builder_version=&#8221;4.9.4&#8243; text_font=&#8221;Kaushan Script||||||||&#8221; text_text_color=&#8221;#f0622a&#8221; text_font_size=&#8221;30px&#8221; header_font=&#8221;||||||||&#8221; background_layout=&#8221;dark&#8221;]<\/p>\n<p>Operatorul PDI 2021<\/p>\n<p>[\/et_pb_text][et_pb_text _builder_version=&#8221;4.0.11&#8243; text_font=&#8221;||||||||&#8221;]<\/p>\n<p><span><img loading=\"lazy\" decoding=\"async\" src=\"https:\/\/pdi.ro\/2021\/wp-content\/uploads\/2020\/02\/eventer_logo_150px.png\" width=\"151\" height=\"33\" alt=\"\" class=\"wp-image-774 alignleft size-full\" \/><\/span><\/p>\n<p><span><\/span><\/p>\n<p><span><\/span><\/p>\n<p><span>Adresa: Str. A. Panu nr. 13, Iasi<\/span><br \/> <span>Tel.: 0332.40.88.00-05<\/span><br \/> <span>E-mail: <a href=\"mailto:inscrieri@primaderma.ro\" target=\"_blank\" rel=\"noopener noreferrer\">inscrieri@primaderma.ro<\/a><br \/> <\/span><span>Website:\u00a0<\/span><a href=\"http:\/\/www.eventernet.ro\/\" target=\"Blank\" rel=\"noopener noreferrer\">www.eventernet.ro<\/a><\/p>\n<p>[\/et_pb_text][et_pb_text disabled_on=&#8221;off|off|off&#8221; _builder_version=&#8221;4.0.11&#8243; text_font=&#8221;Kaushan Script||||||||&#8221; text_text_color=&#8221;#f0622a&#8221; text_font_size=&#8221;30px&#8221; header_font=&#8221;||||||||&#8221; background_layout=&#8221;dark&#8221; locked=&#8221;off&#8221;]<\/p>\n<p>Parteneri Media<\/p>\n<p>[\/et_pb_text][et_pb_gallery gallery_ids=&#8221;7203,7204,7232,7231&#8243; fullwidth=&#8221;on&#8221; _builder_version=&#8221;4.0.11&#8243; transform_scale=&#8221;86%|86%&#8221; max_width=&#8221;63%&#8221; auto=&#8221;on&#8221; auto_speed=&#8221;3500&#8243; hover_transition_duration=&#8221;100ms&#8221; hover_transition_delay=&#8221;50ms&#8221; hover_transition_speed_curve=&#8221;ease-in-out&#8221; locked=&#8221;off&#8221;][\/et_pb_gallery][\/et_pb_column][\/et_pb_row][\/et_pb_section]<\/p>\n","protected":false},"excerpt":{"rendered":"<p>Conf. Dr. Constantin Magda Universitatea de Medicin\u0103 \u0219i Farmacie &#8220;Carol Davila&#8221; Bucure\u015ftiSimpozion Eli Lilly: Taltz \u00een psoriasis: care sunt acele \u00eentreb\u0103ri pe care a\u021bi vrut s\u0103 le adresa\u021bi dar nu a\u021bi facut-o niciodat\u0103? Speaker: Magda Constantin Psoriazisul este o afec\u021biune complex\u0103, care nu se limiteaz\u0103 la nivelul pielii \u0219i pentru tratamentul c\u0103reia, \u00een ultimii ani, [&hellip;]<\/p>\n","protected":false},"author":2,"featured_media":0,"parent":0,"menu_order":0,"comment_status":"closed","ping_status":"closed","template":"","meta":{"_et_pb_use_builder":"on","_et_pb_old_content":"","_et_gb_content_width":"","footnotes":""},"class_list":["post-9962","page","type-page","status-publish","hentry"],"_links":{"self":[{"href":"https:\/\/pdi.ro\/2021\/wp-json\/wp\/v2\/pages\/9962","targetHints":{"allow":["GET"]}}],"collection":[{"href":"https:\/\/pdi.ro\/2021\/wp-json\/wp\/v2\/pages"}],"about":[{"href":"https:\/\/pdi.ro\/2021\/wp-json\/wp\/v2\/types\/page"}],"author":[{"embeddable":true,"href":"https:\/\/pdi.ro\/2021\/wp-json\/wp\/v2\/users\/2"}],"replies":[{"embeddable":true,"href":"https:\/\/pdi.ro\/2021\/wp-json\/wp\/v2\/comments?post=9962"}],"version-history":[{"count":3,"href":"https:\/\/pdi.ro\/2021\/wp-json\/wp\/v2\/pages\/9962\/revisions"}],"predecessor-version":[{"id":9966,"href":"https:\/\/pdi.ro\/2021\/wp-json\/wp\/v2\/pages\/9962\/revisions\/9966"}],"wp:attachment":[{"href":"https:\/\/pdi.ro\/2021\/wp-json\/wp\/v2\/media?parent=9962"}],"curies":[{"name":"wp","href":"https:\/\/api.w.org\/{rel}","templated":true}]}}