{"id":10371,"date":"2021-07-12T11:39:10","date_gmt":"2021-07-12T09:39:10","guid":{"rendered":"https:\/\/primaderma.ro\/?page_id=10371"},"modified":"2021-07-12T11:39:10","modified_gmt":"2021-07-12T09:39:10","slug":"prof-dr-tiplica-george-sorin","status":"publish","type":"page","link":"https:\/\/pdi.ro\/2022\/prof-dr-tiplica-george-sorin\/","title":{"rendered":"Prof. Dr. \u021aiplica George Sorin"},"content":{"rendered":"<p>[et_pb_section fb_built=&#8221;1&#8243; fullwidth=&#8221;on&#8221; disabled_on=&#8221;on|off|off&#8221; _builder_version=&#8221;3.22&#8243; custom_margin=&#8221;||&#8221; custom_padding=&#8221;15px||29px&#8221; top_divider_style=&#8221;waves2&#8243; top_divider_color=&#8221;#f0622a&#8221; top_divider_flip=&#8221;horizontal|vertical&#8221; bottom_divider_style=&#8221;waves2&#8243; bottom_divider_color=&#8221;#fcdedb&#8221; bottom_divider_height=&#8221;105px&#8221; bottom_divider_flip=&#8221;vertical&#8221; global_module=&#8221;9062&#8243; collapsed=&#8221;off&#8221;][et_pb_fullwidth_header title=&#8221;@ET-DC@eyJkeW5hbWljIjp0cnVlLCJjb250ZW50IjoicG9zdF90aXRsZSIsInNldHRpbmdzIjp7ImJlZm9yZSI6IiIsImFmdGVyIjoiIn19@&#8221; text_orientation=&#8221;right&#8221; header_image_url=&#8221;https:\/\/pdi.ro\/2022\/wp-content\/uploads\/2021\/05\/PDI2021_logo_header_int_600x300px.png&#8221; disabled_on=&#8221;on|on|off&#8221; _builder_version=&#8221;4.9.4&#8243; _dynamic_attributes=&#8221;title&#8221; title_font=&#8221;Kaushan Script||||||||&#8221; title_text_align=&#8221;right&#8221; title_text_color=&#8221;#f0622a&#8221; title_font_size=&#8221;50px&#8221; content_font=&#8221;|600||on|||||&#8221; content_text_align=&#8221;center&#8221; content_text_color=&#8221;#686766&#8243; content_font_size=&#8221;15px&#8221; subhead_font=&#8221;||||||||&#8221; background_color=&#8221;#ef916b&#8221; background_image=&#8221;https:\/\/pdi.ro\/2022\/wp-content\/uploads\/2021\/05\/PDI2021_header_1920x550px.jpg&#8221; background_blend=&#8221;luminosity&#8221; background_layout=&#8221;light&#8221; custom_margin=&#8221;0px||8px&#8221; custom_padding=&#8221;40px||40px||true&#8221; content_font_size_tablet=&#8221;&#8221; content_font_size_phone=&#8221;15px&#8221; content_font_size_last_edited=&#8221;on|desktop&#8221;][\/et_pb_fullwidth_header][\/et_pb_section][et_pb_section fb_built=&#8221;1&#8243; _builder_version=&#8221;3.22&#8243; locked=&#8221;off&#8221;][et_pb_row column_structure=&#8221;2_5,3_5&#8243; _builder_version=&#8221;3.25&#8243;][et_pb_column type=&#8221;2_5&#8243; _builder_version=&#8221;3.25&#8243; custom_padding=&#8221;|||&#8221; custom_padding__hover=&#8221;|||&#8221;][et_pb_image src=&#8221;https:\/\/pdi.ro\/2022\/wp-content\/uploads\/2021\/07\/TiplicaGeorgeSorin_1.jpg&#8221; title_text=&#8221;TiplicaGeorgeSorin_1&#8243; align=&#8221;center&#8221; align_tablet=&#8221;center&#8221; align_phone=&#8221;&#8221; align_last_edited=&#8221;on|desktop&#8221; _builder_version=&#8221;4.9.7&#8243; max_width=&#8221;31%&#8221; hover_enabled=&#8221;0&#8243; border_radii=&#8221;on|100px|100px|100px|100px&#8221; sticky_enabled=&#8221;0&#8243;][\/et_pb_image][\/et_pb_column][et_pb_column type=&#8221;3_5&#8243; _builder_version=&#8221;3.25&#8243; custom_padding=&#8221;|||&#8221; custom_padding__hover=&#8221;|||&#8221;][et_pb_text _builder_version=&#8221;4.9.7&#8243; hover_enabled=&#8221;0&#8243; sticky_enabled=&#8221;0&#8243;]<\/p>\n<h4><strong><span style=\"color: #ff6600;\"><\/span><\/strong><\/h4>\n<h4><strong><span style=\"color: #ff6600;\"><\/span><\/strong><\/h4>\n<h4><strong><span style=\"color: #ff6600;\"><\/span><\/strong><\/h4>\n<h4><strong><span style=\"color: #ff6600;\">Prof. Dr. \u021aiplica George Sorin<\/span><\/strong><br \/>\n<strong><span style=\"color: #ff6600;\">Universitatea de Medicin\u0103 \u0219i Farmacie \u201dCarol Davila\u201d, Bucure\u0219ti, Rom\u0203nia<\/span><\/strong><\/h4>\n<p>[\/et_pb_text][\/et_pb_column][\/et_pb_row][et_pb_row _builder_version=&#8221;3.25&#8243;][et_pb_column type=&#8221;4_4&#8243; _builder_version=&#8221;3.25&#8243; custom_padding=&#8221;|||&#8221; custom_padding__hover=&#8221;|||&#8221;][et_pb_text _builder_version=&#8221;4.9.7&#8243; hover_enabled=&#8221;0&#8243; sticky_enabled=&#8221;0&#8243;]<\/p>\n<p style=\"text-align: justify;\"><span style=\"color: #ff6600;\">Actualit\u0103\u021bi \u00een sifilis<br \/>Autori: Alexandra-Irina Butacu, Iulia-Elena Negulet, Ioana-Simona Dinu, Emanuela-Domnica Boieriu, G.S. \u021aiplica<\/span><\/p>\n<p style=\"text-align: justify;\">Introducere: Sifilisul reprezint\u0103 o infec\u021bie transmisibil\u0103 pe cale sexual\u0103, determinat\u0103 de bacteria Treponema pallidum subsp pallidum, ce se clasific\u0103 \u00een sifilis dob\u00e2ndit sau congenital. Clasificarea actual\u0103 \u00eemparte sifilisul dob\u00e2ndit \u00een sifilis precoce (primar, secundar \u0219i precoce non-primar non-secundar) \u015fi silfilis tardiv (include \u0219i sifilisul cu durata necunoscut\u0103).<br \/>Material \u0219i metod\u0103: Studiul actual include un review al literaturii publicate \u00een ultimul deceniu, cu accent asupra elementelor epidemiologice, clinice, diagnostice \u0219i de tratament \u00een cazul infec\u021biei luetice, av\u0203nd ca scop sublinierea necesit\u0103\u021bii stabilirii cu rapiditate a diagnosticului de sifilis \u0219i a efectu\u0103rii tratamentului adecvat, pentru a preveni complica\u021biile acute \u0219i la distan\u021b\u0103, precum \u0219i pentru a preveni r\u0103sp\u0203ndirea acestei infec\u021bii transmisibile pe cale sexual\u0103.<br \/>Rezultate: Sifilisul reprezint\u0103 o problem\u0103 major\u0103 de s\u0103n\u0103tate public\u0103, iar Strategia Global\u0103 a OMS asupra infec\u021biilor transmisibile pe cale sexual\u0103 2016-2021 a eviden\u021biat necesitatea elimin\u0103rii cazurilor de sifilis congenital, prin monitorizarea infec\u021biei luetice la femeile \u00eens\u0103rcinate \u0219i oferirea de tratament adecvat.<br \/>Concluzii: Este alarmant\u0103 cre\u0219terea inciden\u021bei cazurilor de sifilis congenital. Spre deosebire de \u021b\u0103rile din Europa de vest \u00een Rom\u00e2nia predomin\u0103 transmiterea infec\u021biei luetice prin contact heterosexual. Schemele de diagnostic si tratament pentru sifilis sunt discutate la nivel interna\u021bional \u0219i se insit\u0103 pe uniformizarea acestora pentru a contribui la atingerea principalelor obiective ale OMS pentru anul 2030 ce sunt reprezentate de reducerea cu 90% a inciden\u021bei sifilisului \u0219i gonoreei la nivel global (prin compara\u021bie cu anul 2018), sc\u0103derea sub pragul de 50 de cazuri noi de sifilis congenital la 100000 nou-n\u0103scu\u021bi \u00een 80% din \u021b\u0103ri \u0219i introducerea vaccin\u0103rii HPV \u00een 90% din programele de imunizare na\u021bionale.<\/p>\n<p style=\"text-align: justify;\"><span style=\"color: #ff6600;\">Syphilis: what\u2019s new?<br \/>Autori: Alexandra-Irina Butacu, Iulia-Elena Negulet, Ioana-Simona Dinu, Emanuela-Domnica Boieriu, G.S. \u021aiplica<\/span><\/p>\n<p style=\"text-align: justify;\">Introduction: Syphilis represents a sexually transmitted infection caused by Treponema pallidum subsp pallidum, classified in acquired and congenital syphilis. Current classifications divide acquired syphilis \u00een two main categories, early syphilis (primary, secondary and early non-primary non-secundary) and late syphilis (includes syphilis of unknown duration).<br \/>Material and methods: The study includes a review of recent literature, with focus on epidemiological, clinical, diagnostic and therapeutic options, aiming to emphasize the necessity of conducting a rapid diagnosis of syphilis and a rapid initiation of adequate treatement, in order to prevent early and late complications and to reduce the spread of this sexually transmitted infection.<br \/>Results: Syphilis represents a major public health issue and the WHO Global Health Sector Strategy on STIs 2016-2021 focuses on the rising risk of untreatable gonorrhoea and the risk of coinfection with other sexually transmitted infections, the necessity of eliminating congenital syphilis, which implies that strong national systems are in place to ensure screening and treatment of all pregnant women and control of syphilis in specific populations and emphasizes on the necessity of vaccination to eliminate cervical cancer and genital warts.<br \/>Conclusions: There is an alarming increase in the incidence of congenital syphilis. In Romania, unlike other countries from Western Europe, the transmission of luetic infection is mainly through heterosexual contact. Diagnosis and treatment regimens for syphilis are discussed internationally in order to standardize them and to support the achievement of the main WHO goals for 2030 which are to reduce by 90% the incidence of syphilis and gonorrhea globally (compared to year 2018), to reduce the incidence of the new cases of congenital syphilis below the threshold of 50 per 100,000 newborns in 80% of countries and to introduce HPV vaccination in 90% of national immunization programs.<\/p>\n<p style=\"text-align: justify;\"><span style=\"color: #ff6600;\">Scurt CV<\/span><\/p>\n<p style=\"text-align: justify;\">George-Sorin \u021aiplica este profesor universitar, \u0219eful Disciplinei Dermatologie II de la Spitalul Clinic Colentina &#8211; Universitatea de Medicin\u0103 \u0219i Farmacie \u201dCarol Davila\u201d \u0219i medicul \u0219ef al Sec\u021biei Clinice Dermatologie II de la Spitalul Clinic Colentina din Bucure\u0219ti. A absolvit \u00een 1993 Universitatea de Medicin\u0103 \u0219i Farmacie \u201dCarol Davila\u201d \u0219i este medic primar dermato-venerolog. Este membru al \u0218colii doctorale \u201dCarol Davila\u201d \u0219i conduc\u0103tor de doctorate. Are o intens\u0103 activitate \u0219tiin\u021bific\u0103 mai ales \u00een domeniul infec\u021biilor transmisibile pe cale sexual\u0103 \u0219i \u00een domeniul flebologiei \u0219i al ulcerelor cutanate. Acumuleaz\u0103 o bogat\u0103 experien\u021b\u0103 administrativ\u0103 fiind ales \u00een importante foruri \u0219tiin\u021bifice interne \u0219i interna\u021bionale. \u00cen prezent este Pre\u0219edinte al Consiliului IUSTI-Europa \u0219i Pre\u0219edinte al MJC-Wound Healing\/UEMS.<\/p>\n<p>[\/et_pb_text][\/et_pb_column][\/et_pb_row][\/et_pb_section][et_pb_section fb_built=&#8221;1&#8243; _builder_version=&#8221;4.9.6&#8243; background_color=&#8221;rgba(117,194,33,0.23)&#8221; background_image=&#8221;https:\/\/pdi.ro\/2022\/wp-content\/uploads\/2021\/05\/PDI2021_header_1920x550px.jpg&#8221; background_blend=&#8221;multiply&#8221; custom_padding=&#8221;54px|0px|0|0px|false|false&#8221; top_divider_style=&#8221;waves2&#8243; top_divider_color=&#8221;#ffffff&#8221; top_divider_height=&#8221;155px&#8221; top_divider_height_tablet=&#8221;&#8221; top_divider_height_phone=&#8221;97px&#8221; top_divider_height_last_edited=&#8221;on|desktop&#8221; bottom_divider_style=&#8221;waves2&#8243; bottom_divider_color=&#8221;#75c221&#8243; bottom_divider_flip=&#8221;vertical&#8221; bottom_divider_height_tablet=&#8221;&#8221; bottom_divider_height_phone=&#8221;59px&#8221; bottom_divider_height_last_edited=&#8221;on|desktop&#8221; global_module=&#8221;9177&#8243; saved_tabs=&#8221;all&#8221;][et_pb_row column_structure=&#8221;3_5,2_5&#8243; _builder_version=&#8221;3.25&#8243; custom_padding=&#8221;61px|0px|69px|0px|false|false&#8221;][et_pb_column type=&#8221;3_5&#8243; _builder_version=&#8221;3.25&#8243; custom_padding=&#8221;|||&#8221; custom_padding__hover=&#8221;|||&#8221;][et_pb_text _builder_version=&#8221;4.9.4&#8243; text_font=&#8221;Kaushan Script||||||||&#8221; text_text_color=&#8221;#f0622a&#8221; text_font_size=&#8221;30px&#8221; text_line_height=&#8221;1.2em&#8221; header_font=&#8221;||||||||&#8221; background_layout=&#8221;dark&#8221; text_font_size_tablet=&#8221;&#8221; text_font_size_phone=&#8221;&#8221; text_font_size_last_edited=&#8221;on|desktop&#8221;]<\/p>\n<p>Contacteaz\u0103 operatorul PDI 2021<\/p>\n<p>[\/et_pb_text][et_pb_contact_form email=&#8221;contact@pdi.ro\/2019&#8243; submit_button_text=&#8221;Trimite mesajul&#8221; _builder_version=&#8221;4.9.4&#8243; title_font=&#8221;||||||||&#8221; custom_button=&#8221;on&#8221; button_text_color=&#8221;#F0622A&#8221;][et_pb_contact_field field_id=&#8221;Name&#8221; field_title=&#8221;Nume&#8221; _builder_version=&#8221;3.18.9&#8243; button_text_size__hover_enabled=&#8221;off&#8221; button_one_text_size__hover_enabled=&#8221;off&#8221; button_two_text_size__hover_enabled=&#8221;off&#8221; button_text_color__hover_enabled=&#8221;off&#8221; button_one_text_color__hover_enabled=&#8221;off&#8221; button_two_text_color__hover_enabled=&#8221;off&#8221; button_border_width__hover_enabled=&#8221;off&#8221; button_one_border_width__hover_enabled=&#8221;off&#8221; button_two_border_width__hover_enabled=&#8221;off&#8221; button_border_color__hover_enabled=&#8221;off&#8221; button_one_border_color__hover_enabled=&#8221;off&#8221; button_two_border_color__hover_enabled=&#8221;off&#8221; button_border_radius__hover_enabled=&#8221;off&#8221; button_one_border_radius__hover_enabled=&#8221;off&#8221; button_two_border_radius__hover_enabled=&#8221;off&#8221; button_letter_spacing__hover_enabled=&#8221;off&#8221; button_one_letter_spacing__hover_enabled=&#8221;off&#8221; button_two_letter_spacing__hover_enabled=&#8221;off&#8221; button_bg_color__hover_enabled=&#8221;off&#8221; button_one_bg_color__hover_enabled=&#8221;off&#8221; button_two_bg_color__hover_enabled=&#8221;off&#8221;][\/et_pb_contact_field][et_pb_contact_field field_id=&#8221;Email&#8221; field_title=&#8221;Adresa de e-mail&#8221; field_type=&#8221;email&#8221; _builder_version=&#8221;3.19.4&#8243; button_text_size__hover_enabled=&#8221;off&#8221; button_one_text_size__hover_enabled=&#8221;off&#8221; button_two_text_size__hover_enabled=&#8221;off&#8221; button_text_color__hover_enabled=&#8221;off&#8221; button_one_text_color__hover_enabled=&#8221;off&#8221; button_two_text_color__hover_enabled=&#8221;off&#8221; button_border_width__hover_enabled=&#8221;off&#8221; button_one_border_width__hover_enabled=&#8221;off&#8221; button_two_border_width__hover_enabled=&#8221;off&#8221; button_border_color__hover_enabled=&#8221;off&#8221; button_one_border_color__hover_enabled=&#8221;off&#8221; button_two_border_color__hover_enabled=&#8221;off&#8221; button_border_radius__hover_enabled=&#8221;off&#8221; button_one_border_radius__hover_enabled=&#8221;off&#8221; button_two_border_radius__hover_enabled=&#8221;off&#8221; button_letter_spacing__hover_enabled=&#8221;off&#8221; button_one_letter_spacing__hover_enabled=&#8221;off&#8221; button_two_letter_spacing__hover_enabled=&#8221;off&#8221; button_bg_color__hover_enabled=&#8221;off&#8221; button_one_bg_color__hover_enabled=&#8221;off&#8221; button_two_bg_color__hover_enabled=&#8221;off&#8221;][\/et_pb_contact_field][et_pb_contact_field field_id=&#8221;Message&#8221; field_title=&#8221;Mesajul dvs.&#8221; field_type=&#8221;text&#8221; fullwidth_field=&#8221;on&#8221; _builder_version=&#8221;3.18.9&#8243; button_text_size__hover_enabled=&#8221;off&#8221; button_one_text_size__hover_enabled=&#8221;off&#8221; button_two_text_size__hover_enabled=&#8221;off&#8221; button_text_color__hover_enabled=&#8221;off&#8221; button_one_text_color__hover_enabled=&#8221;off&#8221; button_two_text_color__hover_enabled=&#8221;off&#8221; button_border_width__hover_enabled=&#8221;off&#8221; button_one_border_width__hover_enabled=&#8221;off&#8221; button_two_border_width__hover_enabled=&#8221;off&#8221; button_border_color__hover_enabled=&#8221;off&#8221; button_one_border_color__hover_enabled=&#8221;off&#8221; button_two_border_color__hover_enabled=&#8221;off&#8221; button_border_radius__hover_enabled=&#8221;off&#8221; button_one_border_radius__hover_enabled=&#8221;off&#8221; button_two_border_radius__hover_enabled=&#8221;off&#8221; button_letter_spacing__hover_enabled=&#8221;off&#8221; button_one_letter_spacing__hover_enabled=&#8221;off&#8221; button_two_letter_spacing__hover_enabled=&#8221;off&#8221; button_bg_color__hover_enabled=&#8221;off&#8221; button_one_bg_color__hover_enabled=&#8221;off&#8221; button_two_bg_color__hover_enabled=&#8221;off&#8221;][\/et_pb_contact_field][\/et_pb_contact_form][\/et_pb_column][et_pb_column type=&#8221;2_5&#8243; _builder_version=&#8221;3.25&#8243; custom_padding=&#8221;|||&#8221; custom_padding__hover=&#8221;|||&#8221;][et_pb_text _builder_version=&#8221;4.9.4&#8243; text_font=&#8221;Kaushan Script||||||||&#8221; text_text_color=&#8221;#f0622a&#8221; text_font_size=&#8221;30px&#8221; header_font=&#8221;||||||||&#8221; background_layout=&#8221;dark&#8221;]<\/p>\n<p>Operatorul PDI 2021<\/p>\n<p>[\/et_pb_text][et_pb_text _builder_version=&#8221;4.0.11&#8243; text_font=&#8221;||||||||&#8221;]<\/p>\n<p><span><img loading=\"lazy\" decoding=\"async\" src=\"https:\/\/pdi.ro\/2022\/wp-content\/uploads\/2020\/02\/eventer_logo_150px.png\" width=\"151\" height=\"33\" alt=\"\" class=\"wp-image-774 alignleft size-full\" \/><\/span><\/p>\n<p><span><\/span><\/p>\n<p><span><\/span><\/p>\n<p><span>Adresa: Str. A. Panu nr. 13, Iasi<\/span><br \/> <span>Tel.: 0332.40.88.00-05<\/span><br \/> <span>E-mail: <a href=\"mailto:inscrieri@primaderma.ro\" target=\"_blank\" rel=\"noopener noreferrer\">inscrieri@primaderma.ro<\/a><br \/> <\/span><span>Website:\u00a0<\/span><a href=\"http:\/\/www.eventernet.ro\/\" target=\"Blank\" rel=\"noopener noreferrer\">www.eventernet.ro<\/a><\/p>\n<p>[\/et_pb_text][et_pb_text disabled_on=&#8221;off|off|off&#8221; _builder_version=&#8221;4.0.11&#8243; text_font=&#8221;Kaushan Script||||||||&#8221; text_text_color=&#8221;#f0622a&#8221; text_font_size=&#8221;30px&#8221; header_font=&#8221;||||||||&#8221; background_layout=&#8221;dark&#8221; locked=&#8221;off&#8221;]<\/p>\n<p>Parteneri Media<\/p>\n<p>[\/et_pb_text][et_pb_gallery gallery_ids=&#8221;7203,7204,9252,9464,10156,10157&#8243; fullwidth=&#8221;on&#8221; _builder_version=&#8221;4.9.7&#8243; transform_scale=&#8221;86%|86%&#8221; max_width=&#8221;63%&#8221; auto=&#8221;on&#8221; auto_speed=&#8221;3500&#8243; hover_transition_duration=&#8221;100ms&#8221; hover_transition_delay=&#8221;50ms&#8221; hover_transition_speed_curve=&#8221;ease-in-out&#8221; locked=&#8221;off&#8221;][\/et_pb_gallery][\/et_pb_column][\/et_pb_row][\/et_pb_section]<\/p>\n","protected":false},"excerpt":{"rendered":"<p>Prof. Dr. \u021aiplica George Sorin Universitatea de Medicin\u0103 \u0219i Farmacie \u201dCarol Davila\u201d, Bucure\u0219ti, Rom\u0203niaActualit\u0103\u021bi \u00een sifilisAutori: Alexandra-Irina Butacu, Iulia-Elena Negulet, Ioana-Simona Dinu, Emanuela-Domnica Boieriu, G.S. \u021aiplica Introducere: Sifilisul reprezint\u0103 o infec\u021bie transmisibil\u0103 pe cale sexual\u0103, determinat\u0103 de bacteria Treponema pallidum subsp pallidum, ce se clasific\u0103 \u00een sifilis dob\u00e2ndit sau congenital. Clasificarea actual\u0103 \u00eemparte sifilisul dob\u00e2ndit [&hellip;]<\/p>\n","protected":false},"author":2,"featured_media":0,"parent":0,"menu_order":0,"comment_status":"closed","ping_status":"closed","template":"","meta":{"_et_pb_use_builder":"on","_et_pb_old_content":"","_et_gb_content_width":"","footnotes":""},"class_list":["post-10371","page","type-page","status-publish","hentry"],"_links":{"self":[{"href":"https:\/\/pdi.ro\/2022\/wp-json\/wp\/v2\/pages\/10371","targetHints":{"allow":["GET"]}}],"collection":[{"href":"https:\/\/pdi.ro\/2022\/wp-json\/wp\/v2\/pages"}],"about":[{"href":"https:\/\/pdi.ro\/2022\/wp-json\/wp\/v2\/types\/page"}],"author":[{"embeddable":true,"href":"https:\/\/pdi.ro\/2022\/wp-json\/wp\/v2\/users\/2"}],"replies":[{"embeddable":true,"href":"https:\/\/pdi.ro\/2022\/wp-json\/wp\/v2\/comments?post=10371"}],"version-history":[{"count":3,"href":"https:\/\/pdi.ro\/2022\/wp-json\/wp\/v2\/pages\/10371\/revisions"}],"predecessor-version":[{"id":10375,"href":"https:\/\/pdi.ro\/2022\/wp-json\/wp\/v2\/pages\/10371\/revisions\/10375"}],"wp:attachment":[{"href":"https:\/\/pdi.ro\/2022\/wp-json\/wp\/v2\/media?parent=10371"}],"curies":[{"name":"wp","href":"https:\/\/api.w.org\/{rel}","templated":true}]}}