{"id":10212,"date":"2021-07-08T09:42:58","date_gmt":"2021-07-08T07:42:58","guid":{"rendered":"https:\/\/primaderma.ro\/?page_id=10212"},"modified":"2021-07-08T09:55:02","modified_gmt":"2021-07-08T07:55:02","slug":"interviu-dr-daniela-vasilut","status":"publish","type":"page","link":"https:\/\/pdi.ro\/2023\/interviu-dr-daniela-vasilut\/","title":{"rendered":"Interviu Dr. Daniela Vasilu\u021b"},"content":{"rendered":"<p>[et_pb_section fb_built=&#8221;1&#8243; fullwidth=&#8221;on&#8221; disabled_on=&#8221;on|off|off&#8221; _builder_version=&#8221;3.22&#8243; custom_margin=&#8221;||&#8221; custom_padding=&#8221;15px||29px&#8221; top_divider_style=&#8221;waves2&#8243; top_divider_color=&#8221;#f0622a&#8221; top_divider_flip=&#8221;horizontal|vertical&#8221; bottom_divider_style=&#8221;waves2&#8243; bottom_divider_color=&#8221;#fcdedb&#8221; bottom_divider_height=&#8221;105px&#8221; bottom_divider_flip=&#8221;vertical&#8221; global_module=&#8221;9062&#8243; collapsed=&#8221;off&#8221;][et_pb_fullwidth_header title=&#8221;@ET-DC@eyJkeW5hbWljIjp0cnVlLCJjb250ZW50IjoicG9zdF90aXRsZSIsInNldHRpbmdzIjp7ImJlZm9yZSI6IiIsImFmdGVyIjoiIn19@&#8221; text_orientation=&#8221;right&#8221; header_image_url=&#8221;https:\/\/pdi.ro\/2023\/2022\/wp-content\/uploads\/2021\/05\/PDI2021_logo_header_int_600x300px.png&#8221; disabled_on=&#8221;on|on|off&#8221; _builder_version=&#8221;4.9.4&#8243; _dynamic_attributes=&#8221;title&#8221; title_font=&#8221;Kaushan Script||||||||&#8221; title_text_align=&#8221;right&#8221; title_text_color=&#8221;#f0622a&#8221; title_font_size=&#8221;50px&#8221; content_font=&#8221;|600||on|||||&#8221; content_text_align=&#8221;center&#8221; content_text_color=&#8221;#686766&#8243; content_font_size=&#8221;15px&#8221; subhead_font=&#8221;||||||||&#8221; background_color=&#8221;#ef916b&#8221; background_image=&#8221;https:\/\/pdi.ro\/2023\/2022\/wp-content\/uploads\/2021\/05\/PDI2021_header_1920x550px.jpg&#8221; background_blend=&#8221;luminosity&#8221; background_layout=&#8221;light&#8221; custom_margin=&#8221;0px||8px&#8221; custom_padding=&#8221;40px||40px||true&#8221; content_font_size_tablet=&#8221;&#8221; content_font_size_phone=&#8221;15px&#8221; content_font_size_last_edited=&#8221;on|desktop&#8221;][\/et_pb_fullwidth_header][\/et_pb_section][et_pb_section fb_built=&#8221;1&#8243; _builder_version=&#8221;4.4.8&#8243;][et_pb_row _builder_version=&#8221;4.4.8&#8243;][et_pb_column type=&#8221;4_4&#8243; _builder_version=&#8221;4.4.8&#8243;][et_pb_text _builder_version=&#8221;4.9.7&#8243; _module_preset=&#8221;default&#8221; text_font=&#8221;|700|||||||&#8221; text_text_color=&#8221;#F0622A&#8221; text_font_size=&#8221;34px&#8221; text_letter_spacing=&#8221;-1px&#8221; text_line_height=&#8221;1.2em&#8221; hover_enabled=&#8221;0&#8243; sticky_enabled=&#8221;0&#8243;]<\/p>\n<p>\u201ePDI a demonstrat c\u0103 medicina poate fi ridicat\u0103 la un alt nivel\u201d<\/p>\n<p>[\/et_pb_text][et_pb_divider _builder_version=&#8221;4.9.6&#8243; _module_preset=&#8221;default&#8221; custom_margin=&#8221;||17px|||&#8221;][\/et_pb_divider][et_pb_text _builder_version=&#8221;4.9.7&#8243; hover_enabled=&#8221;0&#8243; sticky_enabled=&#8221;0&#8243;]<\/p>\n<p style=\"text-align: justify;\"><em>* dialog cu dr. Daniela Vasilu\u021b, membru fondator al Asocia\u021biei Dermatologilor din Moldova<\/em><\/p>\n<p style=\"text-align: justify;\"><em>De-a lungul edi\u021biilor anterioare, PDI a fost o ramp\u0103 de lansare pentru foarte mul\u021bi tineri, care au g\u0103sit \u00een s\u0103lile de conferin\u021be nu doar teme extrem de interesante \u0219i discu\u021bii provocatoare, ci \u0219i mentori, care i-au sprijinit \u00een carier\u0103. Despre aceste lucruri am discutat cu doamna doctor Daniela Vasilu\u021b, membru fondator al Asocia\u021biei Dermatologilor din Moldova \u0219i unul dintre tinerii care au privit cum PDI cre\u0219te \u00eempreun\u0103 cu carierele lor.<\/em><\/p>\n<p style=\"text-align: justify;\"><strong>-10 ani de PDI. Cunoa\u0219te\u021bi manifestarea \u00eenc\u0103 de la primele edi\u021bii, sunte\u021bi \u0219i membru fondator al Asocia\u021biei Dermatologilor din Moldova &#8211; ADEM. Privind retrospectiv, cum a crescut evenimentul? Care este cea mai frumoas\u0103 amintire care v\u0103 leag\u0103 de PDI?<\/strong><\/p>\n<p style=\"text-align: justify;\">&#8211; \u00cen 2011, ca t\u00e2n\u0103r medic specialist priveam cu emo\u021bie, dar \u00een acela\u0219i timp cu entuziasm, organizarea acestui eveniment. Ne doream un eveniment interdisciplinar pentru c\u0103 \u00een practica de zi cu zi, ca dermatolog, dar de altfel ca \u0219i \u00een orice specialitate, ne loveam de probleme complexe \u0219i conexe cu celelalte specialit\u0103\u021bi. De\u0219i suntem dermatologi, suntem de multe ori \u00een fa\u021ba unor pacien\u021bi cu multe patologii \u0219i acestea au, de cele mai multe ori, implica\u021bii importante \u00een evolu\u021bia bolii \u0219i a tratamentului. Nu \u0219tiu sau nu \u00eemi vine \u00een minte o singur\u0103 amintire de atunci, dar dac\u0103 \u00eencerc s\u0103 m\u0103 \u00eentorc \u00een timp, m\u0103 cople\u0219e\u0219te emo\u021bia, emo\u021bia aceea de \u00eenceput. Cred c\u0103 emo\u021bia este cea mai pregnant\u0103 amintire. Apoi pas cu pas, an dup\u0103 an, emo\u021bia s-a mai estompat \u0219i pe m\u0103sura ce evenimentul a devenit mai mare, mai cunoscut, mai apreciat am realizat c\u00e2t de mult aveam nevoie de aceast\u0103 \u00eent\u00e2lnire \u00eentre noi, medicii de diferite specialit\u0103\u021bi.<\/p>\n<p style=\"text-align: justify;\"><strong>&#8211; Cum a contribuit PDI la formarea dvs ca medic, ca profesionist?<\/strong><\/p>\n<p style=\"text-align: justify;\">&#8211; Categoric, acest eveniment, ca de-altfel toate manifest\u0103rile medicale, contribuie la perfec\u021bionarea noastr\u0103 continu\u0103 ca medici speciali\u0219ti. \u00cenainte de toate, aceast\u0103 manifestare ne-a confirmat \u00eenc\u0103 o dat\u0103 c\u0103 suntem cu to\u021bii o mare familie, m\u0103cinat\u0103 de grija \u0219i dorin\u021ba de a oferi cele mai eficiente \u0219i sigure solu\u021bii medicale pacien\u021bilor no\u0219tri \u0219i \u00eempreun\u0103 am reu\u0219it. Am reu\u0219it s\u0103 \u00eemp\u0103rt\u0103\u0219im din experien\u021ba noastr\u0103, din satisfac\u021biile noastre \u0219i c\u00e2teodat\u0103 chiar din temerile noastre, dar cred c\u0103 cel mai important lucru este c\u0103 am \u00eenv\u0103\u021bat de la cei mai buni \u00een diferite domenii medicale foarte apropiate dermatologiei &#8211; alergologia, imunologia, microbiologia, histopatologia, pediatria, oftalmologia, chirurgia vascular\u0103, chirurgia estetic\u0103. Sunt doar c\u00e2teva domenii importante care \u00eemi vin acum \u00een minte.<\/p>\n<p style=\"text-align: justify;\"><strong>&#8211; Ce a\u021bi apreciat cel mai mult la lectorii \u0219i invita\u021bii PDI? Ce teme \u00een dialog v-au atras cel mai mult?<\/strong><\/p>\n<p style=\"text-align: justify;\">&#8211; Trebuie s\u0103 recunosc faptul c\u0103, al\u0103turi de dermatologie, pasiunea mea este \u0219i estetica medical\u0103, motiv pentru care am asistat de fiecare dat\u0103 cu mult interes la toate prezent\u0103rile \u0219i workshop-urile organizate pe aceast\u0103 tem\u0103. Am audiat, de asemenea, cu interes \u0219i prezent\u0103rile pe teme de alergologie, dermato-pediatrie \u0219i chirurgie vascular\u0103 \u0219i de fiecare dat\u0103 m-am bucurat c\u00e2nd medicina a venit cu metode noi de diagnostic \u0219i tratament \u00een diferite patologii.<\/p>\n<p style=\"text-align: justify;\"><strong>&#8211; PDI este o \u0219coal\u0103 de dermatologie ajuns\u0103 la apogeu. Cum ajut\u0103 o astfel de structur\u0103 la formarea viitorilor medici?<\/strong><\/p>\n<p style=\"text-align: justify;\">-Da, \u00eentr-adev\u0103r, PDI a demonstrat c\u0103 medicina poate fi ridicat\u0103 la un alt nivel, un nivel superior, de ansamblu, un nivel interdisciplinar complex. Tocmai prin acest caracter complex interdisciplinar, manifestarea PDI vine \u00een sprijinul nostru, al tuturor, de la cei mai tineri la cei mai experimenta\u021bi \u0219i nu ne-a dezam\u0103git la nici o edi\u021bie din cele nou\u0103 anterioare.<\/p>\n<p style=\"text-align: justify;\"><strong>&#8211; Sunte\u021bi medic dermatolog \u0219i membru fondator al Asocia\u021biei Dermatologilor din Moldova. Ce v-a atras c\u0103tre acest organism?<\/strong><\/p>\n<p style=\"text-align: justify;\">&#8211; Trebuie s\u0103 recunosc faptul c\u0103 motorul acestui eveniment este \u0219i va r\u0103m\u00e2ne doamna profesor Daciana Br\u0103ni\u0219teanu. Pentru mine, dumneaei a fost chiar mai mult, a fost modelul meu de carier\u0103, de om, de profesionalism \u00eenc\u0103 din studen\u021bie. Datorit\u0103 dumneaei, un om cu un har didactic aparte, am \u00eembr\u0103\u021bi\u0219at aceast\u0103 carier\u0103 \u0219i din acest motiv \u00eei sunt profund recunosc\u0103toare. Dincolo de factorul uman, care m\u0103 leag\u0103 de doamna profesor Daciana Br\u0103ni\u0219teanu \u0219i de doamna doctor Andreea Molodoi (membru fondator al ADEM \u2013 n.r.), mi-am dorit ca, al\u0103turi de colegii dermatologi din Moldova, s\u0103 putem fi o voce, un \u00eentreg \u0219i acest lucru era \u0219i este posibil, fiind organiza\u021bi \u0219i uni\u021bi.<\/p>\n<p style=\"text-align: justify;\"><strong>&#8211; La final, dac\u0103 ar fi s\u0103 lansa\u021bi o invita\u021bie la PDI, ce recomand\u0103ri a\u021bi face viitorilor participan\u021bi?<\/strong><\/p>\n<p style=\"text-align: justify;\">&#8211; Prim\u0103vara Dermatologic\u0103 Ie\u0219ean\u0103, eveniment ajuns la cea de-a zecea edi\u021bie, s-a remarcat de-a lungul timpului prin complexitatea temelor abordate, teme de real interes at\u00e2t pentru noi, dermatologii, c\u00e2t \u0219i pentru medicii de alte specialit\u0103\u021bi. \u00cen cadrul acestui eveniment am aflat r\u0103spunsul la multe dintre \u00eentreb\u0103rile ce mi le &#8211; am adresat \u00een cursul anului, \u00een practica de zi cu zi \u0219i cred c\u0103 acesta este \u0219i rolul evenimentelor medicale de acest nivel. Posibilitatea de a expune cazuri clinice complexe, dorin\u021ba de a afla ultimele nout\u0103\u021bi \u00een domeniul dermatologiei, interesul pentru patologii dermatologice aflate la interfa\u021ba cu alte specialit\u0103\u021bi medicale sunt numai c\u00e2teva din motivele pentru care medicii dermatologi \u0219i cei din celelalte specialit\u0103\u021bi medicale \u0219i chirurgicale ar dori s\u0103 se al\u0103ture la cel de-al zecelea eveniment, unul aniversar, al PDI .<\/p>\n<p>[\/et_pb_text][\/et_pb_column][\/et_pb_row][\/et_pb_section][et_pb_section fb_built=&#8221;1&#8243; _builder_version=&#8221;4.9.6&#8243; background_color=&#8221;rgba(117,194,33,0.23)&#8221; background_image=&#8221;https:\/\/pdi.ro\/2023\/2022\/wp-content\/uploads\/2021\/05\/PDI2021_header_1920x550px.jpg&#8221; background_blend=&#8221;multiply&#8221; custom_padding=&#8221;54px|0px|0|0px|false|false&#8221; top_divider_style=&#8221;waves2&#8243; top_divider_color=&#8221;#ffffff&#8221; top_divider_height=&#8221;155px&#8221; top_divider_height_tablet=&#8221;&#8221; top_divider_height_phone=&#8221;97px&#8221; top_divider_height_last_edited=&#8221;on|desktop&#8221; bottom_divider_style=&#8221;waves2&#8243; bottom_divider_color=&#8221;#75c221&#8243; bottom_divider_flip=&#8221;vertical&#8221; bottom_divider_height_tablet=&#8221;&#8221; bottom_divider_height_phone=&#8221;59px&#8221; bottom_divider_height_last_edited=&#8221;on|desktop&#8221; global_module=&#8221;9177&#8243; saved_tabs=&#8221;all&#8221;][et_pb_row column_structure=&#8221;3_5,2_5&#8243; _builder_version=&#8221;3.25&#8243; custom_padding=&#8221;61px|0px|69px|0px|false|false&#8221;][et_pb_column type=&#8221;3_5&#8243; _builder_version=&#8221;3.25&#8243; custom_padding=&#8221;|||&#8221; custom_padding__hover=&#8221;|||&#8221;][et_pb_text _builder_version=&#8221;4.9.4&#8243; text_font=&#8221;Kaushan Script||||||||&#8221; text_text_color=&#8221;#f0622a&#8221; text_font_size=&#8221;30px&#8221; text_line_height=&#8221;1.2em&#8221; header_font=&#8221;||||||||&#8221; background_layout=&#8221;dark&#8221; text_font_size_tablet=&#8221;&#8221; text_font_size_phone=&#8221;&#8221; text_font_size_last_edited=&#8221;on|desktop&#8221;]<\/p>\n<p>Contacteaz\u0103 operatorul PDI 2021<\/p>\n<p>[\/et_pb_text][et_pb_contact_form email=&#8221;contact@pdi.ro\/2019&#8243; submit_button_text=&#8221;Trimite mesajul&#8221; _builder_version=&#8221;4.9.4&#8243; title_font=&#8221;||||||||&#8221; custom_button=&#8221;on&#8221; button_text_color=&#8221;#F0622A&#8221;][et_pb_contact_field field_id=&#8221;Name&#8221; field_title=&#8221;Nume&#8221; _builder_version=&#8221;3.18.9&#8243; button_text_size__hover_enabled=&#8221;off&#8221; button_one_text_size__hover_enabled=&#8221;off&#8221; button_two_text_size__hover_enabled=&#8221;off&#8221; button_text_color__hover_enabled=&#8221;off&#8221; button_one_text_color__hover_enabled=&#8221;off&#8221; button_two_text_color__hover_enabled=&#8221;off&#8221; button_border_width__hover_enabled=&#8221;off&#8221; button_one_border_width__hover_enabled=&#8221;off&#8221; button_two_border_width__hover_enabled=&#8221;off&#8221; button_border_color__hover_enabled=&#8221;off&#8221; button_one_border_color__hover_enabled=&#8221;off&#8221; button_two_border_color__hover_enabled=&#8221;off&#8221; button_border_radius__hover_enabled=&#8221;off&#8221; button_one_border_radius__hover_enabled=&#8221;off&#8221; button_two_border_radius__hover_enabled=&#8221;off&#8221; button_letter_spacing__hover_enabled=&#8221;off&#8221; button_one_letter_spacing__hover_enabled=&#8221;off&#8221; button_two_letter_spacing__hover_enabled=&#8221;off&#8221; button_bg_color__hover_enabled=&#8221;off&#8221; button_one_bg_color__hover_enabled=&#8221;off&#8221; button_two_bg_color__hover_enabled=&#8221;off&#8221;][\/et_pb_contact_field][et_pb_contact_field field_id=&#8221;Email&#8221; field_title=&#8221;Adresa de e-mail&#8221; field_type=&#8221;email&#8221; _builder_version=&#8221;3.19.4&#8243; button_text_size__hover_enabled=&#8221;off&#8221; button_one_text_size__hover_enabled=&#8221;off&#8221; button_two_text_size__hover_enabled=&#8221;off&#8221; button_text_color__hover_enabled=&#8221;off&#8221; button_one_text_color__hover_enabled=&#8221;off&#8221; button_two_text_color__hover_enabled=&#8221;off&#8221; button_border_width__hover_enabled=&#8221;off&#8221; button_one_border_width__hover_enabled=&#8221;off&#8221; button_two_border_width__hover_enabled=&#8221;off&#8221; button_border_color__hover_enabled=&#8221;off&#8221; button_one_border_color__hover_enabled=&#8221;off&#8221; button_two_border_color__hover_enabled=&#8221;off&#8221; button_border_radius__hover_enabled=&#8221;off&#8221; button_one_border_radius__hover_enabled=&#8221;off&#8221; button_two_border_radius__hover_enabled=&#8221;off&#8221; button_letter_spacing__hover_enabled=&#8221;off&#8221; button_one_letter_spacing__hover_enabled=&#8221;off&#8221; button_two_letter_spacing__hover_enabled=&#8221;off&#8221; button_bg_color__hover_enabled=&#8221;off&#8221; button_one_bg_color__hover_enabled=&#8221;off&#8221; button_two_bg_color__hover_enabled=&#8221;off&#8221;][\/et_pb_contact_field][et_pb_contact_field field_id=&#8221;Message&#8221; field_title=&#8221;Mesajul dvs.&#8221; field_type=&#8221;text&#8221; fullwidth_field=&#8221;on&#8221; _builder_version=&#8221;3.18.9&#8243; button_text_size__hover_enabled=&#8221;off&#8221; button_one_text_size__hover_enabled=&#8221;off&#8221; button_two_text_size__hover_enabled=&#8221;off&#8221; button_text_color__hover_enabled=&#8221;off&#8221; button_one_text_color__hover_enabled=&#8221;off&#8221; button_two_text_color__hover_enabled=&#8221;off&#8221; button_border_width__hover_enabled=&#8221;off&#8221; button_one_border_width__hover_enabled=&#8221;off&#8221; button_two_border_width__hover_enabled=&#8221;off&#8221; button_border_color__hover_enabled=&#8221;off&#8221; button_one_border_color__hover_enabled=&#8221;off&#8221; button_two_border_color__hover_enabled=&#8221;off&#8221; button_border_radius__hover_enabled=&#8221;off&#8221; button_one_border_radius__hover_enabled=&#8221;off&#8221; button_two_border_radius__hover_enabled=&#8221;off&#8221; button_letter_spacing__hover_enabled=&#8221;off&#8221; button_one_letter_spacing__hover_enabled=&#8221;off&#8221; button_two_letter_spacing__hover_enabled=&#8221;off&#8221; button_bg_color__hover_enabled=&#8221;off&#8221; button_one_bg_color__hover_enabled=&#8221;off&#8221; button_two_bg_color__hover_enabled=&#8221;off&#8221;][\/et_pb_contact_field][\/et_pb_contact_form][\/et_pb_column][et_pb_column type=&#8221;2_5&#8243; _builder_version=&#8221;3.25&#8243; custom_padding=&#8221;|||&#8221; custom_padding__hover=&#8221;|||&#8221;][et_pb_text _builder_version=&#8221;4.9.4&#8243; text_font=&#8221;Kaushan Script||||||||&#8221; text_text_color=&#8221;#f0622a&#8221; text_font_size=&#8221;30px&#8221; header_font=&#8221;||||||||&#8221; background_layout=&#8221;dark&#8221;]<\/p>\n<p>Operatorul PDI 2021<\/p>\n<p>[\/et_pb_text][et_pb_text _builder_version=&#8221;4.0.11&#8243; text_font=&#8221;||||||||&#8221;]<\/p>\n<p><span><img loading=\"lazy\" decoding=\"async\" src=\"https:\/\/pdi.ro\/2023\/2022\/wp-content\/uploads\/2020\/02\/eventer_logo_150px.png\" width=\"151\" height=\"33\" alt=\"\" class=\"wp-image-774 alignleft size-full\" \/><\/span><\/p>\n<p><span><\/span><\/p>\n<p><span><\/span><\/p>\n<p><span>Adresa: Str. A. Panu nr. 13, Iasi<\/span><br \/> <span>Tel.: 0332.40.88.00-05<\/span><br \/> <span>E-mail: <a href=\"mailto:inscrieri@primaderma.ro\" target=\"_blank\" rel=\"noopener noreferrer\">inscrieri@primaderma.ro<\/a><br \/> <\/span><span>Website:\u00a0<\/span><a href=\"http:\/\/www.eventernet.ro\/\" target=\"Blank\" rel=\"noopener noreferrer\">www.eventernet.ro<\/a><\/p>\n<p>[\/et_pb_text][et_pb_text disabled_on=&#8221;off|off|off&#8221; _builder_version=&#8221;4.0.11&#8243; text_font=&#8221;Kaushan Script||||||||&#8221; text_text_color=&#8221;#f0622a&#8221; text_font_size=&#8221;30px&#8221; header_font=&#8221;||||||||&#8221; background_layout=&#8221;dark&#8221; locked=&#8221;off&#8221;]<\/p>\n<p>Parteneri Media<\/p>\n<p>[\/et_pb_text][et_pb_gallery gallery_ids=&#8221;7203,7204,9252,9464,10156,10157&#8243; fullwidth=&#8221;on&#8221; _builder_version=&#8221;4.9.7&#8243; transform_scale=&#8221;86%|86%&#8221; max_width=&#8221;63%&#8221; auto=&#8221;on&#8221; auto_speed=&#8221;3500&#8243; hover_transition_duration=&#8221;100ms&#8221; hover_transition_delay=&#8221;50ms&#8221; hover_transition_speed_curve=&#8221;ease-in-out&#8221; locked=&#8221;off&#8221;][\/et_pb_gallery][\/et_pb_column][\/et_pb_row][\/et_pb_section]<\/p>\n","protected":false},"excerpt":{"rendered":"<p>\u201ePDI a demonstrat c\u0103 medicina poate fi ridicat\u0103 la un alt nivel\u201d* dialog cu dr. Daniela Vasilu\u021b, membru fondator al Asocia\u021biei Dermatologilor din Moldova De-a lungul edi\u021biilor anterioare, PDI a fost o ramp\u0103 de lansare pentru foarte mul\u021bi tineri, care au g\u0103sit \u00een s\u0103lile de conferin\u021be nu doar teme extrem de interesante \u0219i discu\u021bii provocatoare, [&hellip;]<\/p>\n","protected":false},"author":2,"featured_media":0,"parent":0,"menu_order":0,"comment_status":"closed","ping_status":"closed","template":"","meta":{"_et_pb_use_builder":"on","_et_pb_old_content":"","_et_gb_content_width":"","footnotes":""},"class_list":["post-10212","page","type-page","status-publish","hentry"],"_links":{"self":[{"href":"https:\/\/pdi.ro\/2023\/wp-json\/wp\/v2\/pages\/10212","targetHints":{"allow":["GET"]}}],"collection":[{"href":"https:\/\/pdi.ro\/2023\/wp-json\/wp\/v2\/pages"}],"about":[{"href":"https:\/\/pdi.ro\/2023\/wp-json\/wp\/v2\/types\/page"}],"author":[{"embeddable":true,"href":"https:\/\/pdi.ro\/2023\/wp-json\/wp\/v2\/users\/2"}],"replies":[{"embeddable":true,"href":"https:\/\/pdi.ro\/2023\/wp-json\/wp\/v2\/comments?post=10212"}],"version-history":[{"count":2,"href":"https:\/\/pdi.ro\/2023\/wp-json\/wp\/v2\/pages\/10212\/revisions"}],"predecessor-version":[{"id":10223,"href":"https:\/\/pdi.ro\/2023\/wp-json\/wp\/v2\/pages\/10212\/revisions\/10223"}],"wp:attachment":[{"href":"https:\/\/pdi.ro\/2023\/wp-json\/wp\/v2\/media?parent=10212"}],"curies":[{"name":"wp","href":"https:\/\/api.w.org\/{rel}","templated":true}]}}