{"id":10252,"date":"2021-07-09T10:17:31","date_gmt":"2021-07-09T08:17:31","guid":{"rendered":"https:\/\/primaderma.ro\/?page_id=10252"},"modified":"2021-07-09T10:25:39","modified_gmt":"2021-07-09T08:25:39","slug":"interviu-dr-andreea-molodoi","status":"publish","type":"page","link":"https:\/\/pdi.ro\/2023\/interviu-dr-andreea-molodoi\/","title":{"rendered":"Interviu Dr. Andreea Molodoi"},"content":{"rendered":"<p>[et_pb_section fb_built=&#8221;1&#8243; fullwidth=&#8221;on&#8221; disabled_on=&#8221;on|off|off&#8221; _builder_version=&#8221;3.22&#8243; custom_margin=&#8221;||&#8221; custom_padding=&#8221;15px||29px&#8221; top_divider_style=&#8221;waves2&#8243; top_divider_color=&#8221;#f0622a&#8221; top_divider_flip=&#8221;horizontal|vertical&#8221; bottom_divider_style=&#8221;waves2&#8243; bottom_divider_color=&#8221;#fcdedb&#8221; bottom_divider_height=&#8221;105px&#8221; bottom_divider_flip=&#8221;vertical&#8221; global_module=&#8221;9062&#8243; collapsed=&#8221;off&#8221;][et_pb_fullwidth_header title=&#8221;@ET-DC@eyJkeW5hbWljIjp0cnVlLCJjb250ZW50IjoicG9zdF90aXRsZSIsInNldHRpbmdzIjp7ImJlZm9yZSI6IiIsImFmdGVyIjoiIn19@&#8221; text_orientation=&#8221;right&#8221; header_image_url=&#8221;https:\/\/pdi.ro\/2023\/2022\/wp-content\/uploads\/2021\/05\/PDI2021_logo_header_int_600x300px.png&#8221; disabled_on=&#8221;on|on|off&#8221; _builder_version=&#8221;4.9.4&#8243; _dynamic_attributes=&#8221;title&#8221; title_font=&#8221;Kaushan Script||||||||&#8221; title_text_align=&#8221;right&#8221; title_text_color=&#8221;#f0622a&#8221; title_font_size=&#8221;50px&#8221; content_font=&#8221;|600||on|||||&#8221; content_text_align=&#8221;center&#8221; content_text_color=&#8221;#686766&#8243; content_font_size=&#8221;15px&#8221; subhead_font=&#8221;||||||||&#8221; background_color=&#8221;#ef916b&#8221; background_image=&#8221;https:\/\/pdi.ro\/2023\/2022\/wp-content\/uploads\/2021\/05\/PDI2021_header_1920x550px.jpg&#8221; background_blend=&#8221;luminosity&#8221; background_layout=&#8221;light&#8221; custom_margin=&#8221;0px||8px&#8221; custom_padding=&#8221;40px||40px||true&#8221; content_font_size_tablet=&#8221;&#8221; content_font_size_phone=&#8221;15px&#8221; content_font_size_last_edited=&#8221;on|desktop&#8221;][\/et_pb_fullwidth_header][\/et_pb_section][et_pb_section fb_built=&#8221;1&#8243; _builder_version=&#8221;4.4.8&#8243;][et_pb_row _builder_version=&#8221;4.4.8&#8243;][et_pb_column type=&#8221;4_4&#8243; _builder_version=&#8221;4.4.8&#8243;][et_pb_text _builder_version=&#8221;4.9.7&#8243; _module_preset=&#8221;default&#8221; text_font=&#8221;|700|||||||&#8221; text_text_color=&#8221;#F0622A&#8221; text_font_size=&#8221;34px&#8221; text_letter_spacing=&#8221;-1px&#8221; text_line_height=&#8221;1.2em&#8221; hover_enabled=&#8221;0&#8243; sticky_enabled=&#8221;0&#8243;]<\/p>\n<p>\u201ePDI a contribuit enorm la formarea mea ca medic dermatolog\u201d<\/p>\n<p>[\/et_pb_text][et_pb_divider _builder_version=&#8221;4.9.6&#8243; _module_preset=&#8221;default&#8221; custom_margin=&#8221;||17px|||&#8221;][\/et_pb_divider][et_pb_text _builder_version=&#8221;4.9.7&#8243; hover_enabled=&#8221;0&#8243; sticky_enabled=&#8221;0&#8243;]<\/p>\n<p style=\"text-align: justify;\"><em>* dialog cu dr Andreea Molodoi, medic primar dermatolog la Spitalul Municipal de Urgen\u021b\u0103 Roman, membru fondator al ADEM \u0219i unul dintre primii participan\u021bi la PDI<\/em><\/p>\n<p style=\"text-align: justify;\"><em>De-a lungul edi\u021biilor anterioare, PDI a fost o ramp\u0103 de lansare pentru foarte mul\u021bi tineri, care au g\u0103sit \u00een s\u0103lile de conferin\u021be nu doar teme extrem de interesante \u0219i discu\u021bii provocatoare, ci \u0219i mentori, care i-au sprijinit \u00een carier\u0103. Despre aceste lucruri am discutat cu doamna doctor Daniela Vasilu\u021b, membru fondator al Asocia\u021biei Dermatologilor din Moldova \u0219i unul dintre tinerii care au privit cum PDI cre\u0219te \u00eempreun\u0103 cu carierele lor.<\/em><\/p>\n<p style=\"text-align: justify;\"><strong>&#8211; Au trecut zece ani de c\u00e2nd a fost lansat\u0103 Prim\u0103vara Dermatologic\u0103 Ie\u0219ean\u0103, o manifestare care a crescut \u0219i a devenit o tradi\u021bie \u00een agenda evenimentelor medicale de elit\u0103. Cunoaste\u021bi manifestarea \u00eenc\u0103 de la primele edi\u021bii, sunte\u021bi \u0219i membru fondator al Asocia\u021biei Dermatologilor din Moldova (ADEM). Ce v-a atras la acest eveniment?<\/strong><br \/>&#8211; Da, \u00eentr-adev\u0103r, vorbim despre zece ani de ascensiune continu\u0103, nou\u0103 edi\u021bii de succes ale PDI, \u00een care munca, d\u0103ruirea \u0219i altruismul nu au fost \u00een zadar, manifestarea ating\u00e2nd excelen\u021ba \u00een medicin\u0103, nu doar \u00een dermatologie. Coordonarea perfect\u0103, atitudinea irepro\u0219abil\u0103, talentul orator, privirea senin\u0103 \u0219i z\u00e2mbetul cald sunt doar o parte din calit\u0103\u021bile doamnei profesor Daciana Br\u0103ni\u0219teanu, sufletul acestui eveniment. V\u0103 mul\u021bumim pentru tot ceea ce face\u021bi \u0219i reprezenta\u021bi pentru noi, Distins\u0103 Doamn\u0103 Profesor! C\u00e2t despre primele edi\u021bii ale PDI, ce pot s\u0103 spun, amintiri frumoase sunt multe, dar ce m-a marcat a fost deschiderea oficial\u0103 a primei edi\u021bii, la care trebuie s\u0103 recunoa\u0219tem c\u0103 au fost cele mai mari emo\u021bii. Aula Bibliotecii Universitare \u201eMihai Eminescu\u201d din Ia\u0219i a fost ne\u00eenc\u0103p\u0103toare pentru mul\u021bimea de participan\u021bi. Familie, prieteni, colegi din toate col\u021burile \u021b\u0103rii, profesori emeri\u021bi de renume na\u021bional \u0219i interna\u021bional, reziden\u021bi, studen\u021bi au aplaudat-o pe Doamna Profesor Daciana Br\u0103ni\u0219teanu, impresiona\u021bi de sinceritatea \u0219i c\u0103ldura celor rostite. Felicit\u0103ri c\u0103 a\u021bi reu\u0219it s\u0103 aduna\u021bi \u00eentr-un num\u0103r at\u00e2t de mare profesionali\u0219ti des\u0103v\u00e2r\u0219i\u021bi \u00een domeniul s\u0103n\u0103t\u0103\u021bii, din \u021bar\u0103 \u0219i de peste hotare! Cu fiecare an, aduce\u021bi un plus de valoare acestei manifest\u0103ri \u0219tiin\u021bifice grandioase.<br \/><strong>&#8211; Cum a contribuit PDI la formarea dvs ca medic, ca profesionist?<\/strong><br \/>&#8211; La formarea mea ca medic dermatolog PDI a contribuit enorm! Au fost nou\u0103 ani, zece de acum, de provoc\u0103ri: cursuri pre sau postmanifestare, nenum\u0103rate prelegeri din sfera dermatologiei, dar \u0219i din cadrul altor specialit\u0103\u021bi aflate la grani\u021b\u0103 cu dermatologia, postere interesante, workshop-uri ce au \u00eembinat armonios dermatologia \u0219i estetica medical\u0103, expozi\u021bii Pharma. \u00centr-un cuv\u00e2nt, o manifestare interdisciplinar\u0103 de mare succes!<br \/><strong>&#8211; Ce a\u021bi apreciat cel mai mult la lectorii \u0219i invita\u021bii PDI? Ce teme \u00een dialog v-au atras cel mai mult?<\/strong><br \/>&#8211; Lectorii \u0219i invita\u021bii de la PDI au un profil profesional \u0219i psiho-social aparte, a\u0219 spune eu. Sunt oameni minuna\u021bi, de un profesionalism des\u0103v\u00e2r\u0219it, amabili, calzi, pasiona\u021bi de ceea ce \u00eenf\u0103ptuiesc zi de zi. Sunt speciali! Ne-au \u00eemp\u0103rt\u0103\u0219it an de an performan\u021bele clinice \u0219i terapeutice \u00een numeroase specialit\u0103\u021bi &#8211; dermatologie adul\u021bi, dermatologie pediatric\u0103, alergologie, chirurgie plastic\u0103, chirurgie vascular\u0103, flebologie, medicin\u0103 intern\u0103, cardiologie, gastro-enterologie, pneumologie, endocrinologie, psihiatrie, oftalmologie, medicin\u0103 de familie, dar \u0219i rezultatele cercet\u0103rilor la nivel \u00eenalt \u00een diverse domenii &#8211; farmacologie, genetic\u0103, histopatologie, biochimie, biologie celular\u0103, biofizic\u0103, imunologie\/imunoalergologie. Accesabilitatea lectorilor, bun\u0103voin\u021ba \u0219i m\u0103iestria lor \u00een purtarea unor dialoguri deschise \u0219i constructive reprezint\u0103 puncte forte ale PDI.<br \/><strong>&#8211; PDI este o \u0219coal\u0103 de dermatologie ajuns\u0103 la apogeu. Cum ajut\u0103 o astfel de structur\u0103 la formarea viitorilor medici?<\/strong> <br \/>&#8211; Viitorii medici sunt privilegia\u021bi c\u0103 pot participa la un asemenea eveniment de mare anvergur\u0103. Dezvoltarea lor profesional\u0103 sau unele alegeri pe termen lung pot fi influen\u021bate, bine\u00een\u021beles pozitiv de aceast\u0103 manifestare \u0219tiin\u021bific\u0103 interdisciplinar\u0103. Mult succes le urez pe aceast\u0103 cale tuturor studen\u021bilor \u0219i reziden\u021bilor pe drumul vie\u021bii ce urmeaz\u0103, un drum frumos, anevoios uneori, dar care va fi \u00eentotdeauna \u00eencununat de rodul muncii lor!<br \/><strong>&#8211; Sunte\u021bi medic dermatolog \u0219i membru fondator al Asocia\u021biei Dermatologilor din Moldova. Ce v-a atras c\u0103tre acest organism? Ce realiz\u0103ri a\u021bi avut ca \u0219i membru?<\/strong><br \/>&#8211; Am avut privilegiul \u0219i onoarea s\u0103 fiu printre primii membri ai ADEM, chiar membru fondator. Ace\u0219ti primi pa\u0219i \u00eentr-o structur\u0103 organizatoric\u0103 temeinic g\u00e2ndit\u0103 \u0219i exemplar constituit\u0103 au fost o adev\u0103rat\u0103 provocare pentru mine. V\u0103 mul\u021bumesc din suflet Doamn\u0103 Profesor pentru c\u0103 m-a\u021bi ales s\u0103 v\u0103 fiu al\u0103turi, pentru c\u0103 a\u021bi avut \u00eencredere \u00een mine, dar \u0219i pentru anii investi\u021bi \u00een ascensiunea mea ca medic dermatolog, ani ce nu vor fi da\u021bi nicic\u00e2nd uit\u0103rii! Dar, a\u0219a cum spune\u021bi mereu dumneavoatr\u0103: povestea continu\u0103\u2026.<br \/><strong>&#8211; Dac\u0103 ar fi s\u0103 lansa\u021bi o invita\u021bie la PDI, ce recomand\u0103ri a\u021bi face viitorilor participan\u021bi?<\/strong><br \/>&#8211; Ce pot s\u0103 mai adaug \u00een plus la toate cele spuse anterior? V\u0103 invit cu drag \u0219i din toat\u0103 inima la un eveniment complex, at\u00e2t de util devenirii voastre medicale! Ve\u021bi avea multe de \u00eenv\u0103\u021bat, ve\u021bi lega prietenii noi, ve\u021bi face parte din marea \u0219i unita familie a PDI! \u0218i crede\u021bi-m\u0103, acest lucru e miraculos!!!<\/p>\n<p>[\/et_pb_text][\/et_pb_column][\/et_pb_row][\/et_pb_section][et_pb_section fb_built=&#8221;1&#8243; _builder_version=&#8221;4.9.6&#8243; background_color=&#8221;rgba(117,194,33,0.23)&#8221; background_image=&#8221;https:\/\/pdi.ro\/2023\/2022\/wp-content\/uploads\/2021\/05\/PDI2021_header_1920x550px.jpg&#8221; background_blend=&#8221;multiply&#8221; custom_padding=&#8221;54px|0px|0|0px|false|false&#8221; top_divider_style=&#8221;waves2&#8243; top_divider_color=&#8221;#ffffff&#8221; top_divider_height=&#8221;155px&#8221; top_divider_height_tablet=&#8221;&#8221; top_divider_height_phone=&#8221;97px&#8221; top_divider_height_last_edited=&#8221;on|desktop&#8221; bottom_divider_style=&#8221;waves2&#8243; bottom_divider_color=&#8221;#75c221&#8243; bottom_divider_flip=&#8221;vertical&#8221; bottom_divider_height_tablet=&#8221;&#8221; bottom_divider_height_phone=&#8221;59px&#8221; bottom_divider_height_last_edited=&#8221;on|desktop&#8221; global_module=&#8221;9177&#8243; saved_tabs=&#8221;all&#8221;][et_pb_row column_structure=&#8221;3_5,2_5&#8243; _builder_version=&#8221;3.25&#8243; custom_padding=&#8221;61px|0px|69px|0px|false|false&#8221;][et_pb_column type=&#8221;3_5&#8243; _builder_version=&#8221;3.25&#8243; custom_padding=&#8221;|||&#8221; custom_padding__hover=&#8221;|||&#8221;][et_pb_text _builder_version=&#8221;4.9.4&#8243; text_font=&#8221;Kaushan Script||||||||&#8221; text_text_color=&#8221;#f0622a&#8221; text_font_size=&#8221;30px&#8221; text_line_height=&#8221;1.2em&#8221; header_font=&#8221;||||||||&#8221; background_layout=&#8221;dark&#8221; text_font_size_tablet=&#8221;&#8221; text_font_size_phone=&#8221;&#8221; text_font_size_last_edited=&#8221;on|desktop&#8221;]<\/p>\n<p>Contacteaz\u0103 operatorul PDI 2021<\/p>\n<p>[\/et_pb_text][et_pb_contact_form email=&#8221;contact@pdi.ro\/2019&#8243; submit_button_text=&#8221;Trimite mesajul&#8221; _builder_version=&#8221;4.9.4&#8243; title_font=&#8221;||||||||&#8221; custom_button=&#8221;on&#8221; button_text_color=&#8221;#F0622A&#8221;][et_pb_contact_field field_id=&#8221;Name&#8221; field_title=&#8221;Nume&#8221; _builder_version=&#8221;3.18.9&#8243; button_text_size__hover_enabled=&#8221;off&#8221; button_one_text_size__hover_enabled=&#8221;off&#8221; button_two_text_size__hover_enabled=&#8221;off&#8221; button_text_color__hover_enabled=&#8221;off&#8221; button_one_text_color__hover_enabled=&#8221;off&#8221; button_two_text_color__hover_enabled=&#8221;off&#8221; button_border_width__hover_enabled=&#8221;off&#8221; button_one_border_width__hover_enabled=&#8221;off&#8221; button_two_border_width__hover_enabled=&#8221;off&#8221; button_border_color__hover_enabled=&#8221;off&#8221; button_one_border_color__hover_enabled=&#8221;off&#8221; button_two_border_color__hover_enabled=&#8221;off&#8221; button_border_radius__hover_enabled=&#8221;off&#8221; button_one_border_radius__hover_enabled=&#8221;off&#8221; button_two_border_radius__hover_enabled=&#8221;off&#8221; button_letter_spacing__hover_enabled=&#8221;off&#8221; button_one_letter_spacing__hover_enabled=&#8221;off&#8221; button_two_letter_spacing__hover_enabled=&#8221;off&#8221; button_bg_color__hover_enabled=&#8221;off&#8221; button_one_bg_color__hover_enabled=&#8221;off&#8221; button_two_bg_color__hover_enabled=&#8221;off&#8221;][\/et_pb_contact_field][et_pb_contact_field field_id=&#8221;Email&#8221; field_title=&#8221;Adresa de e-mail&#8221; field_type=&#8221;email&#8221; _builder_version=&#8221;3.19.4&#8243; button_text_size__hover_enabled=&#8221;off&#8221; button_one_text_size__hover_enabled=&#8221;off&#8221; button_two_text_size__hover_enabled=&#8221;off&#8221; button_text_color__hover_enabled=&#8221;off&#8221; button_one_text_color__hover_enabled=&#8221;off&#8221; button_two_text_color__hover_enabled=&#8221;off&#8221; button_border_width__hover_enabled=&#8221;off&#8221; button_one_border_width__hover_enabled=&#8221;off&#8221; button_two_border_width__hover_enabled=&#8221;off&#8221; button_border_color__hover_enabled=&#8221;off&#8221; button_one_border_color__hover_enabled=&#8221;off&#8221; button_two_border_color__hover_enabled=&#8221;off&#8221; button_border_radius__hover_enabled=&#8221;off&#8221; button_one_border_radius__hover_enabled=&#8221;off&#8221; button_two_border_radius__hover_enabled=&#8221;off&#8221; button_letter_spacing__hover_enabled=&#8221;off&#8221; button_one_letter_spacing__hover_enabled=&#8221;off&#8221; button_two_letter_spacing__hover_enabled=&#8221;off&#8221; button_bg_color__hover_enabled=&#8221;off&#8221; button_one_bg_color__hover_enabled=&#8221;off&#8221; button_two_bg_color__hover_enabled=&#8221;off&#8221;][\/et_pb_contact_field][et_pb_contact_field field_id=&#8221;Message&#8221; field_title=&#8221;Mesajul dvs.&#8221; field_type=&#8221;text&#8221; fullwidth_field=&#8221;on&#8221; _builder_version=&#8221;3.18.9&#8243; button_text_size__hover_enabled=&#8221;off&#8221; button_one_text_size__hover_enabled=&#8221;off&#8221; button_two_text_size__hover_enabled=&#8221;off&#8221; button_text_color__hover_enabled=&#8221;off&#8221; button_one_text_color__hover_enabled=&#8221;off&#8221; button_two_text_color__hover_enabled=&#8221;off&#8221; button_border_width__hover_enabled=&#8221;off&#8221; button_one_border_width__hover_enabled=&#8221;off&#8221; button_two_border_width__hover_enabled=&#8221;off&#8221; button_border_color__hover_enabled=&#8221;off&#8221; button_one_border_color__hover_enabled=&#8221;off&#8221; button_two_border_color__hover_enabled=&#8221;off&#8221; button_border_radius__hover_enabled=&#8221;off&#8221; button_one_border_radius__hover_enabled=&#8221;off&#8221; button_two_border_radius__hover_enabled=&#8221;off&#8221; button_letter_spacing__hover_enabled=&#8221;off&#8221; button_one_letter_spacing__hover_enabled=&#8221;off&#8221; button_two_letter_spacing__hover_enabled=&#8221;off&#8221; button_bg_color__hover_enabled=&#8221;off&#8221; button_one_bg_color__hover_enabled=&#8221;off&#8221; button_two_bg_color__hover_enabled=&#8221;off&#8221;][\/et_pb_contact_field][\/et_pb_contact_form][\/et_pb_column][et_pb_column type=&#8221;2_5&#8243; _builder_version=&#8221;3.25&#8243; custom_padding=&#8221;|||&#8221; custom_padding__hover=&#8221;|||&#8221;][et_pb_text _builder_version=&#8221;4.9.4&#8243; text_font=&#8221;Kaushan Script||||||||&#8221; text_text_color=&#8221;#f0622a&#8221; text_font_size=&#8221;30px&#8221; header_font=&#8221;||||||||&#8221; background_layout=&#8221;dark&#8221;]<\/p>\n<p>Operatorul PDI 2021<\/p>\n<p>[\/et_pb_text][et_pb_text _builder_version=&#8221;4.0.11&#8243; text_font=&#8221;||||||||&#8221;]<\/p>\n<p><span><img loading=\"lazy\" decoding=\"async\" src=\"https:\/\/pdi.ro\/2023\/2022\/wp-content\/uploads\/2020\/02\/eventer_logo_150px.png\" width=\"151\" height=\"33\" alt=\"\" class=\"wp-image-774 alignleft size-full\" \/><\/span><\/p>\n<p><span><\/span><\/p>\n<p><span><\/span><\/p>\n<p><span>Adresa: Str. A. Panu nr. 13, Iasi<\/span><br \/> <span>Tel.: 0332.40.88.00-05<\/span><br \/> <span>E-mail: <a href=\"mailto:inscrieri@primaderma.ro\" target=\"_blank\" rel=\"noopener noreferrer\">inscrieri@primaderma.ro<\/a><br \/> <\/span><span>Website:\u00a0<\/span><a href=\"http:\/\/www.eventernet.ro\/\" target=\"Blank\" rel=\"noopener noreferrer\">www.eventernet.ro<\/a><\/p>\n<p>[\/et_pb_text][et_pb_text disabled_on=&#8221;off|off|off&#8221; _builder_version=&#8221;4.0.11&#8243; text_font=&#8221;Kaushan Script||||||||&#8221; text_text_color=&#8221;#f0622a&#8221; text_font_size=&#8221;30px&#8221; header_font=&#8221;||||||||&#8221; background_layout=&#8221;dark&#8221; locked=&#8221;off&#8221;]<\/p>\n<p>Parteneri Media<\/p>\n<p>[\/et_pb_text][et_pb_gallery gallery_ids=&#8221;7203,7204,9252,9464,10156,10157&#8243; fullwidth=&#8221;on&#8221; _builder_version=&#8221;4.9.7&#8243; transform_scale=&#8221;86%|86%&#8221; max_width=&#8221;63%&#8221; auto=&#8221;on&#8221; auto_speed=&#8221;3500&#8243; hover_transition_duration=&#8221;100ms&#8221; hover_transition_delay=&#8221;50ms&#8221; hover_transition_speed_curve=&#8221;ease-in-out&#8221; locked=&#8221;off&#8221;][\/et_pb_gallery][\/et_pb_column][\/et_pb_row][\/et_pb_section]<\/p>\n","protected":false},"excerpt":{"rendered":"<p>\u201ePDI a contribuit enorm la formarea mea ca medic dermatolog\u201d* dialog cu dr Andreea Molodoi, medic primar dermatolog la Spitalul Municipal de Urgen\u021b\u0103 Roman, membru fondator al ADEM \u0219i unul dintre primii participan\u021bi la PDI De-a lungul edi\u021biilor anterioare, PDI a fost o ramp\u0103 de lansare pentru foarte mul\u021bi tineri, care au g\u0103sit \u00een s\u0103lile [&hellip;]<\/p>\n","protected":false},"author":2,"featured_media":0,"parent":0,"menu_order":0,"comment_status":"closed","ping_status":"closed","template":"","meta":{"_et_pb_use_builder":"on","_et_pb_old_content":"","_et_gb_content_width":"","footnotes":""},"class_list":["post-10252","page","type-page","status-publish","hentry"],"_links":{"self":[{"href":"https:\/\/pdi.ro\/2023\/wp-json\/wp\/v2\/pages\/10252","targetHints":{"allow":["GET"]}}],"collection":[{"href":"https:\/\/pdi.ro\/2023\/wp-json\/wp\/v2\/pages"}],"about":[{"href":"https:\/\/pdi.ro\/2023\/wp-json\/wp\/v2\/types\/page"}],"author":[{"embeddable":true,"href":"https:\/\/pdi.ro\/2023\/wp-json\/wp\/v2\/users\/2"}],"replies":[{"embeddable":true,"href":"https:\/\/pdi.ro\/2023\/wp-json\/wp\/v2\/comments?post=10252"}],"version-history":[{"count":2,"href":"https:\/\/pdi.ro\/2023\/wp-json\/wp\/v2\/pages\/10252\/revisions"}],"predecessor-version":[{"id":10261,"href":"https:\/\/pdi.ro\/2023\/wp-json\/wp\/v2\/pages\/10252\/revisions\/10261"}],"wp:attachment":[{"href":"https:\/\/pdi.ro\/2023\/wp-json\/wp\/v2\/media?parent=10252"}],"curies":[{"name":"wp","href":"https:\/\/api.w.org\/{rel}","templated":true}]}}