{"id":10475,"date":"2021-07-13T11:45:21","date_gmt":"2021-07-13T09:45:21","guid":{"rendered":"https:\/\/primaderma.ro\/?page_id=10475"},"modified":"2021-07-13T11:55:55","modified_gmt":"2021-07-13T09:55:55","slug":"interviu-dr-carmen-curea","status":"publish","type":"page","link":"https:\/\/pdi.ro\/2023\/interviu-dr-carmen-curea\/","title":{"rendered":"Interviu Dr. Carmen Curea"},"content":{"rendered":"<p>[et_pb_section fb_built=&#8221;1&#8243; fullwidth=&#8221;on&#8221; disabled_on=&#8221;on|off|off&#8221; _builder_version=&#8221;3.22&#8243; custom_margin=&#8221;||&#8221; custom_padding=&#8221;15px||29px&#8221; top_divider_style=&#8221;waves2&#8243; top_divider_color=&#8221;#f0622a&#8221; top_divider_flip=&#8221;horizontal|vertical&#8221; bottom_divider_style=&#8221;waves2&#8243; bottom_divider_color=&#8221;#fcdedb&#8221; bottom_divider_height=&#8221;105px&#8221; bottom_divider_flip=&#8221;vertical&#8221; global_module=&#8221;9062&#8243; collapsed=&#8221;off&#8221;][et_pb_fullwidth_header title=&#8221;@ET-DC@eyJkeW5hbWljIjp0cnVlLCJjb250ZW50IjoicG9zdF90aXRsZSIsInNldHRpbmdzIjp7ImJlZm9yZSI6IiIsImFmdGVyIjoiIn19@&#8221; text_orientation=&#8221;right&#8221; header_image_url=&#8221;https:\/\/pdi.ro\/2023\/2022\/wp-content\/uploads\/2021\/05\/PDI2021_logo_header_int_600x300px.png&#8221; disabled_on=&#8221;on|on|off&#8221; _builder_version=&#8221;4.9.4&#8243; _dynamic_attributes=&#8221;title&#8221; title_font=&#8221;Kaushan Script||||||||&#8221; title_text_align=&#8221;right&#8221; title_text_color=&#8221;#f0622a&#8221; title_font_size=&#8221;50px&#8221; content_font=&#8221;|600||on|||||&#8221; content_text_align=&#8221;center&#8221; content_text_color=&#8221;#686766&#8243; content_font_size=&#8221;15px&#8221; subhead_font=&#8221;||||||||&#8221; background_color=&#8221;#ef916b&#8221; background_image=&#8221;https:\/\/pdi.ro\/2023\/2022\/wp-content\/uploads\/2021\/05\/PDI2021_header_1920x550px.jpg&#8221; background_blend=&#8221;luminosity&#8221; background_layout=&#8221;light&#8221; custom_margin=&#8221;0px||8px&#8221; custom_padding=&#8221;40px||40px||true&#8221; content_font_size_tablet=&#8221;&#8221; content_font_size_phone=&#8221;15px&#8221; content_font_size_last_edited=&#8221;on|desktop&#8221;][\/et_pb_fullwidth_header][\/et_pb_section][et_pb_section fb_built=&#8221;1&#8243; _builder_version=&#8221;4.4.8&#8243;][et_pb_row _builder_version=&#8221;4.4.8&#8243;][et_pb_column type=&#8221;4_4&#8243; _builder_version=&#8221;4.4.8&#8243;][et_pb_text _builder_version=&#8221;4.9.7&#8243; _module_preset=&#8221;default&#8221; text_font=&#8221;|700|||||||&#8221; text_text_color=&#8221;#F0622A&#8221; text_font_size=&#8221;34px&#8221; text_letter_spacing=&#8221;-1px&#8221; text_line_height=&#8221;1.2em&#8221; hover_enabled=&#8221;0&#8243; sticky_enabled=&#8221;0&#8243;]<\/p>\n<p>\u201eAm construit \u00eempreun\u0103 tradi\u021bia\u201d<\/p>\n<p>[\/et_pb_text][et_pb_divider _builder_version=&#8221;4.9.6&#8243; _module_preset=&#8221;default&#8221; custom_margin=&#8221;||17px|||&#8221;][\/et_pb_divider][et_pb_text _builder_version=&#8221;4.9.7&#8243; hover_enabled=&#8221;0&#8243; sticky_enabled=&#8221;0&#8243;]<\/p>\n<p style=\"text-align: justify;\"><em>* dialog cu doamna doctor Carmen Curea, medic primar dermatolog, Spitalul Clinic Colentina<\/em><br \/><em>Nu peste mult timp, Ia\u0219ul va g\u0103zdui unul dintre cele mai importante evenimente ale lumii medicale \u0219i \u0219tiin\u021bifice. Este vorba despre cea de-a zecea edi\u021bie a Prim\u0103verii Dermatologice Ie\u0219ene (PDI), o manifestare na\u021bional\u0103 cu participare interna\u021bional\u0103 devenit\u0103 deja o tradi\u021bie nu doar pentru mediul academic medical rom\u00e2nesc, ci \u0219i pentru cel interna\u021bional. Am discutat cu doamna doctor Carmen Madeleine Curea, de la Spitalul Clinic Colentina despre \u00eenceputuri \u0219i despre provoc\u0103ri.<\/em><\/p>\n<p style=\"text-align: justify;\"><strong>&#8211; Cum a \u00eenceput colaborarea cu PDI? A\u021bi participat \u00eenc\u0103 de la \u00eenceputul manifest\u0103rii.<\/strong><br \/>&#8211; Eu am fost \u00een sal\u0103 de la a doua edi\u021bie. Prima a avut un succes imens \u0219i mi-am dorit s\u0103 vin la Ia\u0219i. Senza\u021bia era c\u0103 deja se crease o tradi\u021bie, at\u00e2t de bine organizat a fost totul \u0219i de interesant. Prezen\u021ba \u00een s\u0103li era uimitoare, subiectele foarte interesante, iar cel mai atractiv aspect a fost aceast\u0103 interdisciplinaritate pentru c\u0103 aveam acces la puncte de vedere ale colegilor no\u0219tri din alte specialit\u0103\u021bi pe subiecte borderline, aflate la grani\u021ba cu oftalmologia, chirurgia plastic\u0103 \u0219i altele. Cred c\u0103 acest aspect era mai interesant pentru mine \u0219i pentru colegii mei \u2013 faptul c\u0103 aflau ceva nou cu referin\u021b\u0103 la dermatologie pentru c\u0103 majoritatea medicilor din alte specialit\u0103\u021bi abordau teme din dermatologie, dar la grani\u021ba cu specialitatea lor \u0219i vedeam astfel \u0219i perspectiva medicilor din alte specialit\u0103\u021bi \u00een privin\u021ba unor boli pe care noi le tratam. De fapt, cumva a\u0219 putea spune c\u0103 am fost chiar de la prima edi\u021bie. Vorbeam la telefon cu o cuno\u0219tin\u021b\u0103 care se afla \u00een sal\u0103 \u0219i la un moment dat a pus telefonul deoparte \u0219i am ascultat o parte dintr-o prezentare.<br \/><strong>&#8211; Era nevoie de un astfel de dialog?<\/strong><br \/>&#8211; Da, sigur. Poate c\u0103 aveam nevoie \u0219i nu \u0219tiam, cert este c\u0103 a fost foarte interesant acest lucru.<br \/><strong>&#8211; \u00cen timp, de la participant a\u021bi trecut \u00een loja lectorilor. Ce a\u021bi sim\u021bit c\u00e2nd a\u021bi primit invita\u021bia?<\/strong><br \/>&#8211; Cred c\u0103 prima dat\u0103 am vorbit \u00eentr-n simpozion al companiei Abbvie, despre un tratament care fusese recent introdus \u00een armamentariumul nostru terapeutic \u0219i care mi-a oferit ocazia. Am f\u0103cut un studiu comparativ al rezultatelor pe care le ob\u021binusem eu pe pacien\u021bii mei cu rezultatele din studiile clinice f\u0103cute pe mii de pacien\u021bi. Astfel, am reu\u0219it s\u0103 confrm rezultatele din studii pe o scar\u0103 mic\u0103. Era o onoare o dat\u0103 pentru faptul c\u0103 eram invitat\u0103 \u00eentr-un eveniment de anvergur\u0103, apoi pentru c\u0103 vorbeam pentru o companie de calibru. Pe m\u0103su\u0103 ce au trecut anii, cumva s-a diversificat \u0219i dac\u0103 la \u00eenceput am vorbit \u00eentr-un singur simpozion, apoi au fost mul mai multe. Am crescut \u0219i eu al\u0103turi de doamna profesor Daciana Br\u0103ni\u0219teanu \u0219i de PDI.<br \/><strong>&#8211; Ce a adus nou participarea dvs la PDI?<\/strong><br \/>&#8211; Faptul c\u0103 m-au ascultat colegi din alte specialit\u0103\u021bi. P\u00e2n\u0103 la PDI vorbisem \u00een special \u00een congresele na\u021bionale sau la simpozionale firmelor, dar totul era pentru \u0219i \u00eentre dermatologie. De aceast\u0103 dat\u0103, \u00een sal\u0103 erau medici din alte specialit\u0103\u021bi. Asta a fost o expunere mai mare.<br \/><strong>&#8211; Revenind la lectori, ce calit\u0103\u021bi ar trebui s\u0103 aib\u0103 pentru a oferi c\u00e2t mai multe informa\u021bii cu acurate\u021be?<\/strong><br \/>&#8211; Sunt mai multe categorii. Una este a celor care sunt foarte buni profesioni\u0219ti, care au ceva de transmis, \u00eens\u0103 nu \u0219tiu s\u0103 fac\u0103 acest ucru \u0219i atunci totul depinde de r\u0103bdarea publicului care r\u0103m\u00e2ne \u00een sal\u0103 datorit\u0103 valorii lectorului, de la care vor s\u0103 afle c\u00e2t mai multe lucruri. Exist\u0103 varianta unor lectori foarte buni, dar mai pu\u021bin consisten\u021bi ca informa\u021bie \u0219tiin\u021bific\u0103 \u0219i desigur, exist\u0103 varianta ideal\u0103 a unui lector bun orator \u0219i care are \u0219i consisten\u021b\u0103 profesional\u0103 \u0219i \u0219tie cum s\u0103 transmit\u0103 informa\u021bie de calitate. Eu am fost foarte onorat\u0103 c\u00e2nd am primit invita\u021bia de a fi lector la PDI, o scen\u0103 foarte important\u0103 pentru lectori, mai ales c\u00e2nd ne \u00eent\u00e2lnim \u00een public.<br \/><strong>&#8211; La PDI particip\u0103 foarte mul\u021bi studen\u021bi, reziden\u021bi, medici alfa\u021bi la \u00eenceput de carier\u0103. Cum a\u021bi rela\u021bionat cu ei, v-au cerut sfaturi, v-au consultat \u00een diferite cazuri?<\/strong><br \/>&#8211; La PDI am venit mereu cu rezidentele mele care mereu au g\u0103sit la PDI ni\u0219te facilit\u0103\u021bi pe care \u00een alte locuri nu le-au avut de la tax\u0103 reduse\u0103, p\u00e2n\u0103 la cursuri, workshopuri, p\u00e2n\u0103 la stabilirea de contacte. Am venit mereu cu toat\u0103 echipa. Tuturor studen\u021bilor \u0219i reziden\u021bilor mei le recomand ca atunci c\u00e2nd vor \u00eencepe cariera s\u0103 nu se dep\u0103rteze de spital. Este adev\u0103rat c\u0103 poate mediul privat poate fi mai ofertant, c\u0103 \u00ee\u021bi permite s\u0103 faci mai multe lucruri \u00een zona de beauty, dar este important s\u0103 se p\u0103streze \u0219i leg\u0103tura cu spitalul. S\u0103 nu se desprind\u0103 niciodat\u0103 de partea \u0219tiin\u021bific\u0103 a dermatologiei.<br \/><strong>&#8211; Cum a\u021bi apreciat organizarea? Ce a\u0219tept\u0103ri ave\u021bi pentru PDI?<\/strong><br \/>&#8211; Dincolo de nivelul ridicat al manifest\u0103rii, toate evenimentele asociate au fost impecabile, frumos organizate, \u00een locuri deosebite. Ei bine, pentru o femeie este o mare provocare pentru c\u0103 moldovencee sunt toate foarte frumoase , foarte elegante \u0219i trebuie s\u0103 te g\u00e2nde\u0219ti bine c\u00e2nd ajungi la Ia\u0219i, ca s\u0103 \u021bii pasul. Ca parte \u0219tiin\u021bific\u0103, PDI este cel mai important eveniment dermatologic na\u021bional. Abia a\u0219tept s\u0103 ne revedem fa\u021b\u0103 \u00een fa\u021b\u0103. Am construit \u00eempreun\u0103 tradi\u021bia. M\u0103 bucur c\u0103 am pus \u0219i eu um\u0103rul la construirea acestei tradi\u021bii, care este PDI.<\/p>\n<p>[\/et_pb_text][\/et_pb_column][\/et_pb_row][\/et_pb_section][et_pb_section fb_built=&#8221;1&#8243; _builder_version=&#8221;4.9.6&#8243; background_color=&#8221;rgba(117,194,33,0.23)&#8221; background_image=&#8221;https:\/\/pdi.ro\/2023\/2022\/wp-content\/uploads\/2021\/05\/PDI2021_header_1920x550px.jpg&#8221; background_blend=&#8221;multiply&#8221; custom_padding=&#8221;54px|0px|0|0px|false|false&#8221; top_divider_style=&#8221;waves2&#8243; top_divider_color=&#8221;#ffffff&#8221; top_divider_height=&#8221;155px&#8221; top_divider_height_tablet=&#8221;&#8221; top_divider_height_phone=&#8221;97px&#8221; top_divider_height_last_edited=&#8221;on|desktop&#8221; bottom_divider_style=&#8221;waves2&#8243; bottom_divider_color=&#8221;#75c221&#8243; bottom_divider_flip=&#8221;vertical&#8221; bottom_divider_height_tablet=&#8221;&#8221; bottom_divider_height_phone=&#8221;59px&#8221; bottom_divider_height_last_edited=&#8221;on|desktop&#8221; global_module=&#8221;9177&#8243; saved_tabs=&#8221;all&#8221;][et_pb_row column_structure=&#8221;3_5,2_5&#8243; _builder_version=&#8221;3.25&#8243; custom_padding=&#8221;61px|0px|69px|0px|false|false&#8221;][et_pb_column type=&#8221;3_5&#8243; _builder_version=&#8221;3.25&#8243; custom_padding=&#8221;|||&#8221; custom_padding__hover=&#8221;|||&#8221;][et_pb_text _builder_version=&#8221;4.9.4&#8243; text_font=&#8221;Kaushan Script||||||||&#8221; text_text_color=&#8221;#f0622a&#8221; text_font_size=&#8221;30px&#8221; text_line_height=&#8221;1.2em&#8221; header_font=&#8221;||||||||&#8221; background_layout=&#8221;dark&#8221; text_font_size_tablet=&#8221;&#8221; text_font_size_phone=&#8221;&#8221; text_font_size_last_edited=&#8221;on|desktop&#8221;]<\/p>\n<p>Contacteaz\u0103 operatorul PDI 2021<\/p>\n<p>[\/et_pb_text][et_pb_contact_form email=&#8221;contact@pdi.ro\/2019&#8243; submit_button_text=&#8221;Trimite mesajul&#8221; _builder_version=&#8221;4.9.4&#8243; title_font=&#8221;||||||||&#8221; custom_button=&#8221;on&#8221; button_text_color=&#8221;#F0622A&#8221;][et_pb_contact_field field_id=&#8221;Name&#8221; field_title=&#8221;Nume&#8221; _builder_version=&#8221;3.18.9&#8243; button_text_size__hover_enabled=&#8221;off&#8221; button_one_text_size__hover_enabled=&#8221;off&#8221; button_two_text_size__hover_enabled=&#8221;off&#8221; button_text_color__hover_enabled=&#8221;off&#8221; button_one_text_color__hover_enabled=&#8221;off&#8221; button_two_text_color__hover_enabled=&#8221;off&#8221; button_border_width__hover_enabled=&#8221;off&#8221; button_one_border_width__hover_enabled=&#8221;off&#8221; button_two_border_width__hover_enabled=&#8221;off&#8221; button_border_color__hover_enabled=&#8221;off&#8221; button_one_border_color__hover_enabled=&#8221;off&#8221; button_two_border_color__hover_enabled=&#8221;off&#8221; button_border_radius__hover_enabled=&#8221;off&#8221; button_one_border_radius__hover_enabled=&#8221;off&#8221; button_two_border_radius__hover_enabled=&#8221;off&#8221; button_letter_spacing__hover_enabled=&#8221;off&#8221; button_one_letter_spacing__hover_enabled=&#8221;off&#8221; button_two_letter_spacing__hover_enabled=&#8221;off&#8221; button_bg_color__hover_enabled=&#8221;off&#8221; button_one_bg_color__hover_enabled=&#8221;off&#8221; button_two_bg_color__hover_enabled=&#8221;off&#8221;][\/et_pb_contact_field][et_pb_contact_field field_id=&#8221;Email&#8221; field_title=&#8221;Adresa de e-mail&#8221; field_type=&#8221;email&#8221; _builder_version=&#8221;3.19.4&#8243; button_text_size__hover_enabled=&#8221;off&#8221; button_one_text_size__hover_enabled=&#8221;off&#8221; button_two_text_size__hover_enabled=&#8221;off&#8221; button_text_color__hover_enabled=&#8221;off&#8221; button_one_text_color__hover_enabled=&#8221;off&#8221; button_two_text_color__hover_enabled=&#8221;off&#8221; button_border_width__hover_enabled=&#8221;off&#8221; button_one_border_width__hover_enabled=&#8221;off&#8221; button_two_border_width__hover_enabled=&#8221;off&#8221; button_border_color__hover_enabled=&#8221;off&#8221; button_one_border_color__hover_enabled=&#8221;off&#8221; button_two_border_color__hover_enabled=&#8221;off&#8221; button_border_radius__hover_enabled=&#8221;off&#8221; button_one_border_radius__hover_enabled=&#8221;off&#8221; button_two_border_radius__hover_enabled=&#8221;off&#8221; button_letter_spacing__hover_enabled=&#8221;off&#8221; button_one_letter_spacing__hover_enabled=&#8221;off&#8221; button_two_letter_spacing__hover_enabled=&#8221;off&#8221; button_bg_color__hover_enabled=&#8221;off&#8221; button_one_bg_color__hover_enabled=&#8221;off&#8221; button_two_bg_color__hover_enabled=&#8221;off&#8221;][\/et_pb_contact_field][et_pb_contact_field field_id=&#8221;Message&#8221; field_title=&#8221;Mesajul dvs.&#8221; field_type=&#8221;text&#8221; fullwidth_field=&#8221;on&#8221; _builder_version=&#8221;3.18.9&#8243; button_text_size__hover_enabled=&#8221;off&#8221; button_one_text_size__hover_enabled=&#8221;off&#8221; button_two_text_size__hover_enabled=&#8221;off&#8221; button_text_color__hover_enabled=&#8221;off&#8221; button_one_text_color__hover_enabled=&#8221;off&#8221; button_two_text_color__hover_enabled=&#8221;off&#8221; button_border_width__hover_enabled=&#8221;off&#8221; button_one_border_width__hover_enabled=&#8221;off&#8221; button_two_border_width__hover_enabled=&#8221;off&#8221; button_border_color__hover_enabled=&#8221;off&#8221; button_one_border_color__hover_enabled=&#8221;off&#8221; button_two_border_color__hover_enabled=&#8221;off&#8221; button_border_radius__hover_enabled=&#8221;off&#8221; button_one_border_radius__hover_enabled=&#8221;off&#8221; button_two_border_radius__hover_enabled=&#8221;off&#8221; button_letter_spacing__hover_enabled=&#8221;off&#8221; button_one_letter_spacing__hover_enabled=&#8221;off&#8221; button_two_letter_spacing__hover_enabled=&#8221;off&#8221; button_bg_color__hover_enabled=&#8221;off&#8221; button_one_bg_color__hover_enabled=&#8221;off&#8221; button_two_bg_color__hover_enabled=&#8221;off&#8221;][\/et_pb_contact_field][\/et_pb_contact_form][\/et_pb_column][et_pb_column type=&#8221;2_5&#8243; _builder_version=&#8221;3.25&#8243; custom_padding=&#8221;|||&#8221; custom_padding__hover=&#8221;|||&#8221;][et_pb_text _builder_version=&#8221;4.9.4&#8243; text_font=&#8221;Kaushan Script||||||||&#8221; text_text_color=&#8221;#f0622a&#8221; text_font_size=&#8221;30px&#8221; header_font=&#8221;||||||||&#8221; background_layout=&#8221;dark&#8221;]<\/p>\n<p>Operatorul PDI 2021<\/p>\n<p>[\/et_pb_text][et_pb_text _builder_version=&#8221;4.0.11&#8243; text_font=&#8221;||||||||&#8221;]<\/p>\n<p><span><img loading=\"lazy\" decoding=\"async\" src=\"https:\/\/pdi.ro\/2023\/2022\/wp-content\/uploads\/2020\/02\/eventer_logo_150px.png\" width=\"151\" height=\"33\" alt=\"\" class=\"wp-image-774 alignleft size-full\" \/><\/span><\/p>\n<p><span><\/span><\/p>\n<p><span><\/span><\/p>\n<p><span>Adresa: Str. A. Panu nr. 13, Iasi<\/span><br \/> <span>Tel.: 0332.40.88.00-05<\/span><br \/> <span>E-mail: <a href=\"mailto:inscrieri@primaderma.ro\" target=\"_blank\" rel=\"noopener noreferrer\">inscrieri@primaderma.ro<\/a><br \/> <\/span><span>Website:\u00a0<\/span><a href=\"http:\/\/www.eventernet.ro\/\" target=\"Blank\" rel=\"noopener noreferrer\">www.eventernet.ro<\/a><\/p>\n<p>[\/et_pb_text][et_pb_text disabled_on=&#8221;off|off|off&#8221; _builder_version=&#8221;4.0.11&#8243; text_font=&#8221;Kaushan Script||||||||&#8221; text_text_color=&#8221;#f0622a&#8221; text_font_size=&#8221;30px&#8221; header_font=&#8221;||||||||&#8221; background_layout=&#8221;dark&#8221; locked=&#8221;off&#8221;]<\/p>\n<p>Parteneri Media<\/p>\n<p>[\/et_pb_text][et_pb_gallery gallery_ids=&#8221;7203,7204,9252,9464,10156,10157&#8243; fullwidth=&#8221;on&#8221; _builder_version=&#8221;4.9.7&#8243; transform_scale=&#8221;86%|86%&#8221; max_width=&#8221;63%&#8221; auto=&#8221;on&#8221; auto_speed=&#8221;3500&#8243; hover_transition_duration=&#8221;100ms&#8221; hover_transition_delay=&#8221;50ms&#8221; hover_transition_speed_curve=&#8221;ease-in-out&#8221; locked=&#8221;off&#8221;][\/et_pb_gallery][\/et_pb_column][\/et_pb_row][\/et_pb_section]<\/p>\n","protected":false},"excerpt":{"rendered":"<p>\u201eAm construit \u00eempreun\u0103 tradi\u021bia\u201d* dialog cu doamna doctor Carmen Curea, medic primar dermatolog, Spitalul Clinic ColentinaNu peste mult timp, Ia\u0219ul va g\u0103zdui unul dintre cele mai importante evenimente ale lumii medicale \u0219i \u0219tiin\u021bifice. Este vorba despre cea de-a zecea edi\u021bie a Prim\u0103verii Dermatologice Ie\u0219ene (PDI), o manifestare na\u021bional\u0103 cu participare interna\u021bional\u0103 devenit\u0103 deja o tradi\u021bie [&hellip;]<\/p>\n","protected":false},"author":2,"featured_media":0,"parent":0,"menu_order":0,"comment_status":"closed","ping_status":"closed","template":"","meta":{"_et_pb_use_builder":"on","_et_pb_old_content":"","_et_gb_content_width":"","footnotes":""},"class_list":["post-10475","page","type-page","status-publish","hentry"],"_links":{"self":[{"href":"https:\/\/pdi.ro\/2023\/wp-json\/wp\/v2\/pages\/10475","targetHints":{"allow":["GET"]}}],"collection":[{"href":"https:\/\/pdi.ro\/2023\/wp-json\/wp\/v2\/pages"}],"about":[{"href":"https:\/\/pdi.ro\/2023\/wp-json\/wp\/v2\/types\/page"}],"author":[{"embeddable":true,"href":"https:\/\/pdi.ro\/2023\/wp-json\/wp\/v2\/users\/2"}],"replies":[{"embeddable":true,"href":"https:\/\/pdi.ro\/2023\/wp-json\/wp\/v2\/comments?post=10475"}],"version-history":[{"count":2,"href":"https:\/\/pdi.ro\/2023\/wp-json\/wp\/v2\/pages\/10475\/revisions"}],"predecessor-version":[{"id":10477,"href":"https:\/\/pdi.ro\/2023\/wp-json\/wp\/v2\/pages\/10475\/revisions\/10477"}],"wp:attachment":[{"href":"https:\/\/pdi.ro\/2023\/wp-json\/wp\/v2\/media?parent=10475"}],"curies":[{"name":"wp","href":"https:\/\/api.w.org\/{rel}","templated":true}]}}