{"id":10478,"date":"2021-07-13T11:56:35","date_gmt":"2021-07-13T09:56:35","guid":{"rendered":"https:\/\/primaderma.ro\/?page_id=10478"},"modified":"2021-07-14T10:20:35","modified_gmt":"2021-07-14T08:20:35","slug":"interviu-prof-univ-dr-calin-giurcaneanu","status":"publish","type":"page","link":"https:\/\/pdi.ro\/2023\/interviu-prof-univ-dr-calin-giurcaneanu\/","title":{"rendered":"Interviu Prof. univ. dr. C\u0103lin Giurc\u0103neanu"},"content":{"rendered":"<p>[et_pb_section fb_built=&#8221;1&#8243; fullwidth=&#8221;on&#8221; disabled_on=&#8221;on|off|off&#8221; _builder_version=&#8221;3.22&#8243; custom_margin=&#8221;||&#8221; custom_padding=&#8221;15px||29px&#8221; top_divider_style=&#8221;waves2&#8243; top_divider_color=&#8221;#f0622a&#8221; top_divider_flip=&#8221;horizontal|vertical&#8221; bottom_divider_style=&#8221;waves2&#8243; bottom_divider_color=&#8221;#fcdedb&#8221; bottom_divider_height=&#8221;105px&#8221; bottom_divider_flip=&#8221;vertical&#8221; global_module=&#8221;9062&#8243; collapsed=&#8221;off&#8221;][et_pb_fullwidth_header title=&#8221;@ET-DC@eyJkeW5hbWljIjp0cnVlLCJjb250ZW50IjoicG9zdF90aXRsZSIsInNldHRpbmdzIjp7ImJlZm9yZSI6IiIsImFmdGVyIjoiIn19@&#8221; text_orientation=&#8221;right&#8221; header_image_url=&#8221;https:\/\/pdi.ro\/2023\/2022\/wp-content\/uploads\/2021\/05\/PDI2021_logo_header_int_600x300px.png&#8221; disabled_on=&#8221;on|on|off&#8221; _builder_version=&#8221;4.9.4&#8243; _dynamic_attributes=&#8221;title&#8221; title_font=&#8221;Kaushan Script||||||||&#8221; title_text_align=&#8221;right&#8221; title_text_color=&#8221;#f0622a&#8221; title_font_size=&#8221;50px&#8221; content_font=&#8221;|600||on|||||&#8221; content_text_align=&#8221;center&#8221; content_text_color=&#8221;#686766&#8243; content_font_size=&#8221;15px&#8221; subhead_font=&#8221;||||||||&#8221; background_color=&#8221;#ef916b&#8221; background_image=&#8221;https:\/\/pdi.ro\/2023\/2022\/wp-content\/uploads\/2021\/05\/PDI2021_header_1920x550px.jpg&#8221; background_blend=&#8221;luminosity&#8221; background_layout=&#8221;light&#8221; custom_margin=&#8221;0px||8px&#8221; custom_padding=&#8221;40px||40px||true&#8221; content_font_size_tablet=&#8221;&#8221; content_font_size_phone=&#8221;15px&#8221; content_font_size_last_edited=&#8221;on|desktop&#8221;][\/et_pb_fullwidth_header][\/et_pb_section][et_pb_section fb_built=&#8221;1&#8243; _builder_version=&#8221;4.4.8&#8243;][et_pb_row _builder_version=&#8221;4.4.8&#8243;][et_pb_column type=&#8221;4_4&#8243; _builder_version=&#8221;4.4.8&#8243;][et_pb_text _builder_version=&#8221;4.9.7&#8243; _module_preset=&#8221;default&#8221; text_font=&#8221;|700|||||||&#8221; text_text_color=&#8221;#F0622A&#8221; text_font_size=&#8221;34px&#8221; text_letter_spacing=&#8221;-1px&#8221; text_line_height=&#8221;1.4em&#8221; hover_enabled=&#8221;0&#8243; sticky_enabled=&#8221;0&#8243;]<\/p>\n<p>&#8220;F\u0103c\u00e2nd aceast\u0103 interdisciplinaritate la PDI \u0219i ce se dore\u0219te cu<\/p>\n<p>aceast\u0103 interdisciplinaritate cre\u0219te foarte mult importan\u021ba<\/p>\n<p>dermatologiei&#8221;<\/p>\n<p>[\/et_pb_text][et_pb_divider _builder_version=&#8221;4.9.6&#8243; _module_preset=&#8221;default&#8221; custom_margin=&#8221;||16px|||&#8221;][\/et_pb_divider][et_pb_text _builder_version=&#8221;4.9.7&#8243;]<\/p>\n<p style=\"text-align: justify;\"><em>* dialog cu prof.univ.dr. C\u0103lin Giurc\u0103neanu, pre\u0219edintele Societ\u0103\u021bii Rom\u00e2ne de Dermatologie, \u0219eful Clinii de Dermatologie \u0219i Alergologie din cadrul Spitalului Universitar de Urgen\u021b\u0103 &#8220;Elias&#8221;<\/em><\/p>\n<p style=\"text-align: justify;\">\n<p style=\"text-align: justify;\">PDI este o manifestare na\u021bional\u0103 interdisciplinar\u0103 de dermatologie, care vine s\u0103 completeze \u00eentr-o manier\u0103 fericit\u0103 Congresul Na\u021bional de Dermatologie. Privind \u00een urm\u0103 la cele nou\u0103 edi\u021bii, \u00een s\u0103lile PDI au fost sus\u021binute peste 600 de cursuri, workshopuri \u0219i prelegeri, oferite de peste 650 de lectori, care au fost audia\u021bi de peste 10.000 de participan\u021bi. La PDI, lectorii invita\u021bi de organizatori sunt nume consacrate, medici cu o reputa\u021bie recunoscut\u0103, cadre universitare care au abilitate oratoric\u0103 deosebit\u0103. Subiectele alese la PDI nu sunt strict de dermatologie, ci subiecte cu patologie dermatologic\u0103 la grani\u021ba dintre specialit\u0103\u021bi \u0219i pe acelea se focuseaz\u0103. \u00cen acest an, organizatorii au lansat invita\u021bia domnului profesor universitar doctor C\u0103lin Giurc\u0103neanu, academician \u0219i pre\u0219edintele Societ\u0103\u021bii Rom\u00e2ne de Dermatologie (SRD), de a fi pre\u0219edintele de onoare edi\u021biei, o adev\u0103rat\u0103 carte de vizit\u0103 onorant\u0103 pentru PDI. Am discutat cu domnia sa despre importan\u021ba PDI, dar \u0219i despre educa\u021bia medical\u0103 continu\u0103 \u0219i liniile care ar trebui urmate pentru ca dermatologiei s\u0103 i se ofere importan\u021ba cuvenit\u0103.<br \/><strong>&#8211; Sunte\u021bi pre\u0219edinte al SRD, dar \u0219i pre\u0219edinte de onoare al PDI. Sunte\u021bi un dermatolog consacrat at\u00e2t de plan na\u021bional, c\u00e2t \u0219i interna\u021bional, cu merite profesionale recunoscute. Ce v-a f\u0103cut s\u0103 accepta\u021bi invita\u021bia?<\/strong><br \/>&#8211; \u00cen primul r\u00e2nd, o cunosc pe doamna profesor Daciana Br\u0103ni\u0219teanu de mul\u021bi ani. Este un profesionist serios \u0219i am o mare stim\u0103 pentru domnia sa. Apoi PDI este o manifestare care deja are tradi\u021bie, nu peste mult timp va \u00eemplini zece ani. Este o manifestare consacrat\u0103, \u00een care se \u00eent\u00e2mpl\u0103 foarte multe lucruri bune. M\u0103 refer la cursuri, la workshopuri, la prelegeri. Vin foarte mul\u021bi lectori de cea mai \u00eenalt\u0103 calitate din \u021bar\u0103 \u0219i din str\u0103in\u0103tate. Dezbaterile sunt pe teme foarte variate, sunt atinse multe domenii, specialit\u0103\u021bi care se leag\u0103 forte mult cu pielea \u0219i se discut\u0103 foarte mult la PDI. Sunt foarte mul\u021bi participan\u021bi, peste 10.000 p\u00e2n\u0103 \u00een prezent, se a\u0219teapt\u0103 \u00een acest an peste 1.500, poate mai mult. \u00cen acest an sunt peste 100 de lectori. Iat\u0103 argumente foarte solide care m-au determinat s\u0103 accept invita\u021bia.<br \/><strong>&#8211; Pe parcursul anilor, la PDI s-a format o adev\u0103rat\u0103 familie profesional\u0103, la care v-a\u021bi aliat \u0219i dvs. \u0218tim c\u0103 sunte\u021bi foarte respectat, foarte iubit de c\u0103tre colegii dvs. Cum v\u0103 sim\u021bi\u021bi la PDI?<\/strong><br \/>&#8211; Eu am participat la edi\u021bia de anul trecut, care a fost una online. M-am sim\u021bit foarte, foarte bine. S-au logat la manifestare medici din toat\u0103 \u021bara, dar al\u0103turi de colegii din Moldova m-am sim\u021bit mereu foarte bine, la toate manifest\u0103rile care au avut loc \u00een regiune. Au fost multe manifest\u0103ri \u0219i sunt multe tipuri de manifest\u0103ri. \u00cen Moldova m\u0103 simt foarte bine.<br \/><strong>&#8211; C\u00e2t de important\u0103 vi se pare expunerea dermatologiei rom\u00e2ne\u0219ti la contactul cu lectorii din celalte specialit\u0103\u021bi, dar \u0219i cu lectorii interna\u021bionali?<\/strong><br \/>&#8211; Este un lucru foarte bun pentru c\u0103 dermatologia rom\u00e2neasc\u0103 trebuie s\u0103 fie recunoscut\u0103 mai bine printre alte specialit\u0103\u021bi, aspect la care trebuie s\u0103 mai lucr\u0103m. \u00cen primul r\u00e2nd, trebuie s\u0103 facem acest lucru \u00een \u021bar\u0103 pentru \u00eenc\u0103 multe specialit\u0103\u021bi ne consider\u0103 o Cenu\u0219\u0103reas\u0103. Ce-i drept, \u00een ultimul timp s-a mai schimbat opinia \u0219i multe specialit\u0103\u021bi au constatat c\u0103 pielea este un organ foarte important. M\u0103 refer la cardiologi, reumatologi, gastro-enterologi \u0219i la al\u021bii care dac\u0103 alt\u0103dat\u0103 ne considerau a fi mai la periferie, iat\u0103 c\u0103 acum au \u00eenceput s\u0103 ne considere din ce \u00een ce mai importan\u021bi. Multe din afec\u021biunile cutanate au deja un impact \u0219i un r\u0103sunet mare, dar \u0219i o serie comorbidit\u0103\u021bi deosebit de importante, \u0219i unele foarte grave asupra organismului. Pe de o parte, avem nevoie de o recunoa\u0219tere pe plan intern \u0219i f\u0103c\u00e2nd aceast\u0103 interdisciplinaritate la PDI \u0219i ce se dore\u0219te cu aceast\u0103 interdisciplinaritate cre\u0219te foarte mult importan\u021ba \u0219i cunoa\u0219terea dermatologiei \u0219i de c\u0103tre ceilal\u021bi speciali\u0219ti. Pe plan interna\u021bional este un lucru foarte bun, prezen\u021ba lectorilor din diverse \u021b\u0103ri, \u00een special din UE, dar \u0219i din alte zone, este foarte bun\u0103. Conexiunile, leg\u0103turile dintre speciali\u0219ti, schimburile de experien\u021b\u0103 sunt de \u00eenalt\u0103 clas\u0103. Trebuie s\u0103 punem um\u0103rul ca s\u0103 ridic\u0103m aceast\u0103 specialitate inclusiv prin aceste contacte \u0219i leg\u0103turi interna\u021bionale pe care le avem at\u00e2t personale, c\u00e2t \u0219i la nivel de organiza\u021bii, cum este PDI, cu alte organiza\u021bii \u0219i foruri interna\u021bionale. <br \/><strong>&#8211; Sus\u021bine\u021bi c\u0103 ar mai trebui lucrat pentru ca dermatologia s\u0103 \u00ee\u0219i ocupe locul care i se cuvine. Ce ar mai trebui f\u0103cut, pe l\u00e2ng\u0103 aceste manifest\u0103ri importante?<\/strong><br \/>&#8211; Trebuie pornit de la baz\u0103, de la educa\u021bie, care \u00eencepe din studen\u021bie. Dermatologia se pred\u0103 \u00een anul VI \u0219i trebuie f\u0103cut\u0103 foarte serios. Noi lucr\u0103m temeinic cu studen\u021bii, cu reziden\u021bii la fel, dar eu cred c\u0103 se mai poate lucra la capitolele de baz\u0103 cu imagistica, cu o cercetare cu implicarea lor \u00een diverse programe, studii, cercet\u0103ri pe care noi, ca \u00eendrum\u0103tori ai lor, le avem. Este important s\u0103-i coopt\u0103m al\u0103turi de noi. Societatea Rom\u00e2n\u0103 de Dermatologie este singura din \u021bar\u0103 care face o ReziDerma. Mai exact, cu sprijinul financiar al societ\u0103\u021bii, sunt adu\u0219i reziden\u021bi \u00een c\u00e2te un ora\u0219 din \u021bar\u0103 \u0219i am marea bucurie s\u0103 spun c\u0103 a \u00eenceput cu Ia\u0219ul. Este foarte important s\u0103 aduni 200 de reziden\u021bi \u0219i s\u0103 faci un congres doar pentru ei. Asta \u00een\u021beleg eu prin a pune um\u0103rul la baz\u0103 \u2013 s\u0103 fim al\u0103turi de studen\u021bi, reziden\u021bi, s\u0103-i coopt\u0103m, s\u0103-i co-interes\u0103m \u0219i s\u0103 facem tot felul de preg\u0103tiri de acest gen. Mai departe, evident c\u0103 trebuie s\u0103 lucr\u0103m cu to\u021bi colegii din \u021bar\u0103. Sunt zone mai pu\u021bin favorizate \u00een Rom\u00e2nia unde dermatologii \u0219i nu numai, s\u0103 spunem c\u0103 \u0219i medicii de familie, au un acces mai redus la surse de informare, la congrese, simpozioane, workshopuri. Ei bine, \u0219i aici trebuie s\u0103 punem um\u0103rul \u0219i iat\u0103 c\u0103 PDI face acest lucru, prin aceast\u0103 interfa\u021b\u0103 cu toate aceste specialit\u0103\u021bi, inclusiv cu medici de familie. Trebuie s\u0103 transmit toat\u0103 admira\u021bia mea pentru c\u0103 am v\u0103zut \u0219i medici de familie care vin \u0219i sunt interesa\u021bi. <br \/><strong>&#8211; PDI este o prelungire a activit\u0103\u021bii SRD, o completare pe parcursul celor 12 luni a activit\u0103\u021bilor ini\u021biate de SRD. Mai mult, la fel ca \u0219i SRD organizeaz\u0103 DermatoFocusurile, care sunt cursuri educa\u021bie medical\u0103 cu patologie \u021bintit\u0103. Dvs a\u021bi fost lector invitat \u0219i la DermatoFocus, a\u021bi avut lucr\u0103ri extrem de apreciate de c\u0103tre participan\u021bi, care au fost \u00een num\u0103r foarte mare, peste 300 la un curs \u00een online. Cum v-a\u021bi sim\u021bit, de ce a\u021bi acceptat invita\u021bia?<\/strong><br \/>&#8211; Aceast\u0103 educa\u021bie educa\u021bie medical\u0103 continu\u0103 este foarte important\u0103, toate aceste DermatoFocusuri cu patologii \u021bintite au un rol important. \u00cen acest an au fost pe psoriazis, pe dermatita atopic\u0103, pe boala venoas\u0103 cronic\u0103, cursuri care se \u00eentind pe tot parcursul anului. Este foarte important s\u0103 \u021bii lumina aprins\u0103 pe o perioad\u0103 lung\u0103 de timp. Prin DermatoFocus \u0219i alte manifest\u0103ri de acest gen se asigur\u0103 o activitate pe o \u00eentreag\u0103 perioad\u0103 a anului, ceea ce este un lucru deosebit.<br \/><strong>&#8211; Vorbi\u021bi cu mult\u0103 d\u0103ruire despre dermatologie \u0219i despre medicin\u0103, \u00een general. Ce v-a determinat s\u0103 alege\u021bi meseria de medic?<\/strong><br \/>&#8211; Dorin\u021ba de a face bine oamenilor, mereu \u00eentind o m\u00e2n\u0103 de ajutor. Cred c\u0103 \u0219i firea pe care o am, apropierea de oameni, asta m-a legat foarte mult de muzic\u0103. De fapt, eu am \u00eenceput cu muzica \u00een \u0218coala Primar\u0103. Sunt \u0219i acum violoncelist \u00een Orchestra Medicilor. Medicina \u0219i muzica se \u00eempac\u0103 extraordinar de bine! M-am dedicat mult meseriei, clinicii poate chiar mai mult dec\u00e2t intereselor personale. Acesta este \u0219i motivul pentru care \u00een fiecare zi la ora 6.30 sunt la spital. Spre exemplu, \u00een pandemie am reu\u0219it s\u0103 v\u0103 peste 4.000 de pacien\u021bi. Mi-am dorit mereu ca oamenii s\u0103 fie bine.<\/p>\n<p>[\/et_pb_text][\/et_pb_column][\/et_pb_row][\/et_pb_section][et_pb_section fb_built=&#8221;1&#8243; _builder_version=&#8221;4.9.6&#8243; background_color=&#8221;rgba(117,194,33,0.23)&#8221; background_image=&#8221;https:\/\/pdi.ro\/2023\/2022\/wp-content\/uploads\/2021\/05\/PDI2021_header_1920x550px.jpg&#8221; background_blend=&#8221;multiply&#8221; custom_padding=&#8221;54px|0px|0|0px|false|false&#8221; top_divider_style=&#8221;waves2&#8243; top_divider_color=&#8221;#ffffff&#8221; top_divider_height=&#8221;155px&#8221; top_divider_height_tablet=&#8221;&#8221; top_divider_height_phone=&#8221;97px&#8221; top_divider_height_last_edited=&#8221;on|desktop&#8221; bottom_divider_style=&#8221;waves2&#8243; bottom_divider_color=&#8221;#75c221&#8243; bottom_divider_flip=&#8221;vertical&#8221; bottom_divider_height_tablet=&#8221;&#8221; bottom_divider_height_phone=&#8221;59px&#8221; bottom_divider_height_last_edited=&#8221;on|desktop&#8221; global_module=&#8221;9177&#8243; saved_tabs=&#8221;all&#8221;][et_pb_row column_structure=&#8221;3_5,2_5&#8243; _builder_version=&#8221;3.25&#8243; custom_padding=&#8221;61px|0px|69px|0px|false|false&#8221;][et_pb_column type=&#8221;3_5&#8243; _builder_version=&#8221;3.25&#8243; custom_padding=&#8221;|||&#8221; custom_padding__hover=&#8221;|||&#8221;][et_pb_text _builder_version=&#8221;4.9.4&#8243; text_font=&#8221;Kaushan Script||||||||&#8221; text_text_color=&#8221;#f0622a&#8221; text_font_size=&#8221;30px&#8221; text_line_height=&#8221;1.2em&#8221; header_font=&#8221;||||||||&#8221; background_layout=&#8221;dark&#8221; text_font_size_tablet=&#8221;&#8221; text_font_size_phone=&#8221;&#8221; text_font_size_last_edited=&#8221;on|desktop&#8221;]<\/p>\n<p>Contacteaz\u0103 operatorul PDI 2021<\/p>\n<p>[\/et_pb_text][et_pb_contact_form email=&#8221;contact@pdi.ro\/2019&#8243; submit_button_text=&#8221;Trimite mesajul&#8221; _builder_version=&#8221;4.9.4&#8243; title_font=&#8221;||||||||&#8221; custom_button=&#8221;on&#8221; button_text_color=&#8221;#F0622A&#8221;][et_pb_contact_field field_id=&#8221;Name&#8221; field_title=&#8221;Nume&#8221; _builder_version=&#8221;3.18.9&#8243; button_text_size__hover_enabled=&#8221;off&#8221; button_one_text_size__hover_enabled=&#8221;off&#8221; button_two_text_size__hover_enabled=&#8221;off&#8221; button_text_color__hover_enabled=&#8221;off&#8221; button_one_text_color__hover_enabled=&#8221;off&#8221; button_two_text_color__hover_enabled=&#8221;off&#8221; button_border_width__hover_enabled=&#8221;off&#8221; button_one_border_width__hover_enabled=&#8221;off&#8221; button_two_border_width__hover_enabled=&#8221;off&#8221; button_border_color__hover_enabled=&#8221;off&#8221; button_one_border_color__hover_enabled=&#8221;off&#8221; button_two_border_color__hover_enabled=&#8221;off&#8221; button_border_radius__hover_enabled=&#8221;off&#8221; button_one_border_radius__hover_enabled=&#8221;off&#8221; button_two_border_radius__hover_enabled=&#8221;off&#8221; button_letter_spacing__hover_enabled=&#8221;off&#8221; button_one_letter_spacing__hover_enabled=&#8221;off&#8221; button_two_letter_spacing__hover_enabled=&#8221;off&#8221; button_bg_color__hover_enabled=&#8221;off&#8221; button_one_bg_color__hover_enabled=&#8221;off&#8221; button_two_bg_color__hover_enabled=&#8221;off&#8221;][\/et_pb_contact_field][et_pb_contact_field field_id=&#8221;Email&#8221; field_title=&#8221;Adresa de e-mail&#8221; field_type=&#8221;email&#8221; _builder_version=&#8221;3.19.4&#8243; button_text_size__hover_enabled=&#8221;off&#8221; button_one_text_size__hover_enabled=&#8221;off&#8221; button_two_text_size__hover_enabled=&#8221;off&#8221; button_text_color__hover_enabled=&#8221;off&#8221; button_one_text_color__hover_enabled=&#8221;off&#8221; button_two_text_color__hover_enabled=&#8221;off&#8221; button_border_width__hover_enabled=&#8221;off&#8221; button_one_border_width__hover_enabled=&#8221;off&#8221; button_two_border_width__hover_enabled=&#8221;off&#8221; button_border_color__hover_enabled=&#8221;off&#8221; button_one_border_color__hover_enabled=&#8221;off&#8221; button_two_border_color__hover_enabled=&#8221;off&#8221; button_border_radius__hover_enabled=&#8221;off&#8221; button_one_border_radius__hover_enabled=&#8221;off&#8221; button_two_border_radius__hover_enabled=&#8221;off&#8221; button_letter_spacing__hover_enabled=&#8221;off&#8221; button_one_letter_spacing__hover_enabled=&#8221;off&#8221; button_two_letter_spacing__hover_enabled=&#8221;off&#8221; button_bg_color__hover_enabled=&#8221;off&#8221; button_one_bg_color__hover_enabled=&#8221;off&#8221; button_two_bg_color__hover_enabled=&#8221;off&#8221;][\/et_pb_contact_field][et_pb_contact_field field_id=&#8221;Message&#8221; field_title=&#8221;Mesajul dvs.&#8221; field_type=&#8221;text&#8221; fullwidth_field=&#8221;on&#8221; _builder_version=&#8221;3.18.9&#8243; button_text_size__hover_enabled=&#8221;off&#8221; button_one_text_size__hover_enabled=&#8221;off&#8221; button_two_text_size__hover_enabled=&#8221;off&#8221; button_text_color__hover_enabled=&#8221;off&#8221; button_one_text_color__hover_enabled=&#8221;off&#8221; button_two_text_color__hover_enabled=&#8221;off&#8221; button_border_width__hover_enabled=&#8221;off&#8221; button_one_border_width__hover_enabled=&#8221;off&#8221; button_two_border_width__hover_enabled=&#8221;off&#8221; button_border_color__hover_enabled=&#8221;off&#8221; button_one_border_color__hover_enabled=&#8221;off&#8221; button_two_border_color__hover_enabled=&#8221;off&#8221; button_border_radius__hover_enabled=&#8221;off&#8221; button_one_border_radius__hover_enabled=&#8221;off&#8221; button_two_border_radius__hover_enabled=&#8221;off&#8221; button_letter_spacing__hover_enabled=&#8221;off&#8221; button_one_letter_spacing__hover_enabled=&#8221;off&#8221; button_two_letter_spacing__hover_enabled=&#8221;off&#8221; button_bg_color__hover_enabled=&#8221;off&#8221; button_one_bg_color__hover_enabled=&#8221;off&#8221; button_two_bg_color__hover_enabled=&#8221;off&#8221;][\/et_pb_contact_field][\/et_pb_contact_form][\/et_pb_column][et_pb_column type=&#8221;2_5&#8243; _builder_version=&#8221;3.25&#8243; custom_padding=&#8221;|||&#8221; custom_padding__hover=&#8221;|||&#8221;][et_pb_text _builder_version=&#8221;4.9.4&#8243; text_font=&#8221;Kaushan Script||||||||&#8221; text_text_color=&#8221;#f0622a&#8221; text_font_size=&#8221;30px&#8221; header_font=&#8221;||||||||&#8221; background_layout=&#8221;dark&#8221;]<\/p>\n<p>Operatorul PDI 2021<\/p>\n<p>[\/et_pb_text][et_pb_text _builder_version=&#8221;4.0.11&#8243; text_font=&#8221;||||||||&#8221;]<\/p>\n<p><span><img loading=\"lazy\" decoding=\"async\" src=\"https:\/\/pdi.ro\/2023\/2022\/wp-content\/uploads\/2020\/02\/eventer_logo_150px.png\" width=\"151\" height=\"33\" alt=\"\" class=\"wp-image-774 alignleft size-full\" \/><\/span><\/p>\n<p><span><\/span><\/p>\n<p><span><\/span><\/p>\n<p><span>Adresa: Str. A. Panu nr. 13, Iasi<\/span><br \/> <span>Tel.: 0332.40.88.00-05<\/span><br \/> <span>E-mail: <a href=\"mailto:inscrieri@primaderma.ro\" target=\"_blank\" rel=\"noopener noreferrer\">inscrieri@primaderma.ro<\/a><br \/> <\/span><span>Website:\u00a0<\/span><a href=\"http:\/\/www.eventernet.ro\/\" target=\"Blank\" rel=\"noopener noreferrer\">www.eventernet.ro<\/a><\/p>\n<p>[\/et_pb_text][et_pb_text disabled_on=&#8221;off|off|off&#8221; _builder_version=&#8221;4.0.11&#8243; text_font=&#8221;Kaushan Script||||||||&#8221; text_text_color=&#8221;#f0622a&#8221; text_font_size=&#8221;30px&#8221; header_font=&#8221;||||||||&#8221; background_layout=&#8221;dark&#8221; locked=&#8221;off&#8221;]<\/p>\n<p>Parteneri Media<\/p>\n<p>[\/et_pb_text][et_pb_gallery gallery_ids=&#8221;7203,7204,9252,9464,10156,10157&#8243; fullwidth=&#8221;on&#8221; _builder_version=&#8221;4.9.7&#8243; transform_scale=&#8221;86%|86%&#8221; max_width=&#8221;63%&#8221; auto=&#8221;on&#8221; auto_speed=&#8221;3500&#8243; hover_transition_duration=&#8221;100ms&#8221; hover_transition_delay=&#8221;50ms&#8221; hover_transition_speed_curve=&#8221;ease-in-out&#8221; locked=&#8221;off&#8221;][\/et_pb_gallery][\/et_pb_column][\/et_pb_row][\/et_pb_section]<\/p>\n","protected":false},"excerpt":{"rendered":"<p>&#8220;F\u0103c\u00e2nd aceast\u0103 interdisciplinaritate la PDI \u0219i ce se dore\u0219te cu aceast\u0103 interdisciplinaritate cre\u0219te foarte mult importan\u021ba dermatologiei&#8221;* dialog cu prof.univ.dr. C\u0103lin Giurc\u0103neanu, pre\u0219edintele Societ\u0103\u021bii Rom\u00e2ne de Dermatologie, \u0219eful Clinii de Dermatologie \u0219i Alergologie din cadrul Spitalului Universitar de Urgen\u021b\u0103 &#8220;Elias&#8221; PDI este o manifestare na\u021bional\u0103 interdisciplinar\u0103 de dermatologie, care vine s\u0103 completeze \u00eentr-o manier\u0103 fericit\u0103 [&hellip;]<\/p>\n","protected":false},"author":2,"featured_media":0,"parent":0,"menu_order":0,"comment_status":"closed","ping_status":"closed","template":"","meta":{"_et_pb_use_builder":"on","_et_pb_old_content":"","_et_gb_content_width":"","footnotes":""},"class_list":["post-10478","page","type-page","status-publish","hentry"],"_links":{"self":[{"href":"https:\/\/pdi.ro\/2023\/wp-json\/wp\/v2\/pages\/10478","targetHints":{"allow":["GET"]}}],"collection":[{"href":"https:\/\/pdi.ro\/2023\/wp-json\/wp\/v2\/pages"}],"about":[{"href":"https:\/\/pdi.ro\/2023\/wp-json\/wp\/v2\/types\/page"}],"author":[{"embeddable":true,"href":"https:\/\/pdi.ro\/2023\/wp-json\/wp\/v2\/users\/2"}],"replies":[{"embeddable":true,"href":"https:\/\/pdi.ro\/2023\/wp-json\/wp\/v2\/comments?post=10478"}],"version-history":[{"count":4,"href":"https:\/\/pdi.ro\/2023\/wp-json\/wp\/v2\/pages\/10478\/revisions"}],"predecessor-version":[{"id":10542,"href":"https:\/\/pdi.ro\/2023\/wp-json\/wp\/v2\/pages\/10478\/revisions\/10542"}],"wp:attachment":[{"href":"https:\/\/pdi.ro\/2023\/wp-json\/wp\/v2\/media?parent=10478"}],"curies":[{"name":"wp","href":"https:\/\/api.w.org\/{rel}","templated":true}]}}