{"id":10598,"date":"2021-07-16T09:42:37","date_gmt":"2021-07-16T07:42:37","guid":{"rendered":"https:\/\/primaderma.ro\/?page_id=10598"},"modified":"2021-07-16T10:03:43","modified_gmt":"2021-07-16T08:03:43","slug":"interviu-prof-univ-dr-viorel-scripcariu","status":"publish","type":"page","link":"https:\/\/pdi.ro\/2023\/interviu-prof-univ-dr-viorel-scripcariu\/","title":{"rendered":"Interviu Prof. univ. dr. Viorel Scripcariu"},"content":{"rendered":"<p>[et_pb_section fb_built=&#8221;1&#8243; fullwidth=&#8221;on&#8221; disabled_on=&#8221;on|off|off&#8221; _builder_version=&#8221;3.22&#8243; custom_margin=&#8221;||&#8221; custom_padding=&#8221;15px||29px&#8221; top_divider_style=&#8221;waves2&#8243; top_divider_color=&#8221;#f0622a&#8221; top_divider_flip=&#8221;horizontal|vertical&#8221; bottom_divider_style=&#8221;waves2&#8243; bottom_divider_color=&#8221;#fcdedb&#8221; bottom_divider_height=&#8221;105px&#8221; bottom_divider_flip=&#8221;vertical&#8221; global_module=&#8221;9062&#8243; collapsed=&#8221;off&#8221;][et_pb_fullwidth_header title=&#8221;@ET-DC@eyJkeW5hbWljIjp0cnVlLCJjb250ZW50IjoicG9zdF90aXRsZSIsInNldHRpbmdzIjp7ImJlZm9yZSI6IiIsImFmdGVyIjoiIn19@&#8221; text_orientation=&#8221;right&#8221; header_image_url=&#8221;https:\/\/pdi.ro\/2023\/2022\/wp-content\/uploads\/2021\/05\/PDI2021_logo_header_int_600x300px.png&#8221; disabled_on=&#8221;on|on|off&#8221; _builder_version=&#8221;4.9.4&#8243; _dynamic_attributes=&#8221;title&#8221; title_font=&#8221;Kaushan Script||||||||&#8221; title_text_align=&#8221;right&#8221; title_text_color=&#8221;#f0622a&#8221; title_font_size=&#8221;50px&#8221; content_font=&#8221;|600||on|||||&#8221; content_text_align=&#8221;center&#8221; content_text_color=&#8221;#686766&#8243; content_font_size=&#8221;15px&#8221; subhead_font=&#8221;||||||||&#8221; background_color=&#8221;#ef916b&#8221; background_image=&#8221;https:\/\/pdi.ro\/2023\/2022\/wp-content\/uploads\/2021\/05\/PDI2021_header_1920x550px.jpg&#8221; background_blend=&#8221;luminosity&#8221; background_layout=&#8221;light&#8221; custom_margin=&#8221;0px||8px&#8221; custom_padding=&#8221;40px||40px||true&#8221; content_font_size_tablet=&#8221;&#8221; content_font_size_phone=&#8221;15px&#8221; content_font_size_last_edited=&#8221;on|desktop&#8221;][\/et_pb_fullwidth_header][\/et_pb_section][et_pb_section fb_built=&#8221;1&#8243; _builder_version=&#8221;4.4.8&#8243;][et_pb_row _builder_version=&#8221;4.4.8&#8243;][et_pb_column type=&#8221;4_4&#8243; _builder_version=&#8221;4.4.8&#8243;][et_pb_text _builder_version=&#8221;4.9.7&#8243; _module_preset=&#8221;default&#8221; text_font=&#8221;|700|||||||&#8221; text_text_color=&#8221;#F0622A&#8221; text_font_size=&#8221;34px&#8221; text_letter_spacing=&#8221;-1px&#8221; text_line_height=&#8221;1.4em&#8221; hover_enabled=&#8221;0&#8243; sticky_enabled=&#8221;0&#8243;]<\/p>\n<p>&#8220;Prim\u0103vara Dermatologic\u0103 Ie\u0219ean\u0103 a avut mereu particip\u0103ri importante din domeniul dermatologiei din \u00eentreaga lume&#8221;<\/p>\n<p>[\/et_pb_text][et_pb_divider _builder_version=&#8221;4.9.6&#8243; _module_preset=&#8221;default&#8221; custom_margin=&#8221;||16px|||&#8221; hover_enabled=&#8221;0&#8243; sticky_enabled=&#8221;0&#8243;][\/et_pb_divider][et_pb_text _builder_version=&#8221;4.9.7&#8243; hover_enabled=&#8221;0&#8243; sticky_enabled=&#8221;0&#8243;]<\/p>\n<p style=\"text-align: justify;\"><em>* dialog cu prof. univ. dr. Viorel Scripcariu, rectorul Universit\u0103\u021bii de Medicin\u0103 \u0219i Farmacie \u201eGrigore T. Popa\u201d Ia\u0219i<\/em><\/p>\n<p style=\"text-align: justify;\"><em>S\u0103pt\u0103m\u00e2na viitoare, Ia\u0219ul va g\u0103zdui unul dintre cele mai importante evenimente ale lumii medicale \u0219i \u0219tiin\u021bifice. Este vorba despre cea de-a zecea edi\u021bie a Prim\u0103verii Dermatologice Ie\u0219ene (PDI), o manifestare na\u021bional\u0103 cu participare interna\u021bional\u0103 devenit\u0103 deja o tradi\u021bie nu doar pentru mediul academic medical rom\u00e2nesc, ci \u0219i pentru cel interna\u021bional. \u00cenc\u0103 de la \u00eenceput, manifestarea a fost organizat\u0103 sub egida Universit\u0103\u021bii de Medicin\u0103 \u0219i Farmacie \u201eGrigore T. Popa\u201d din Ia\u0219i, dar a avut \u0219i girul multor societ\u0103\u021bi medicale de renume &#8211; Societatea Francez\u0103 de Dermatologie, Societatea Francez\u0103 de Flebologie, Societatea Interna\u021bional\u0103 de Dermatologie, Societatea de Medici \u0219i Naturali\u0219ti Ia\u0219i, Societatea Rom\u00e2n\u0103 de Dermatologie, Societatea de Imunologie \u0219i Alergologie Clinic\u0103, Societatea de Chirurgie Vascular\u0103, al Colegiului Medicilor \u0219i al universit\u0103\u021bilor de medicin\u0103 \u0219i farmacie din toat\u0103 \u021bara. Am rev\u0103zut momentele importante ale manifest\u0103rii al\u0103turi de domnul rector al UMF Ia\u0219i, distinsul profesor universitar doctor Viorel Scripcariu.<\/em><br \/><strong>&#8211; De zece ani, PDI se deruleaz\u0103 sub egida UMF \u201eGrigore T. Popa\u201d Ia\u0219i. C\u00e2t de important\u0103 este continuitatea acestei manifest\u0103ri medicale de elit\u0103 \u0219i ce beneficii aduce \u0219colii medicale ie\u0219ene?<\/strong><br \/>&#8211; Toate manifest\u0103rile \u0219tiin\u021bifice care se desf\u0103\u0219oar\u0103 sub egida Universit\u0103\u021bii au aceea\u0219i importan\u021b\u0103 pentru noi, cu at\u00e2t mai mult cu c\u00e2t sunt organizate de cadrele noastre didactice. \u00cen dermatologie o astfel de manifestare aduce elemente de noutate, cu siguran\u021b\u0103. Nu putem spune c\u0103 edi\u021bia cu num\u0103rul zece este neap\u0103rat o aniversare pentru c\u0103 \u00een fiecare an putem aniversa ceva, dar fiind o manifestare \u0219tiin\u021bific\u0103 organizat\u0103 sub egida universit\u0103\u021bii este foarte important\u0103 at\u00e2t pentru participan\u021bi, c\u00e2t \u0219i pentru institu\u021bia academic\u0103.<br \/><strong>&#8211; PDI este o manifestare na\u021bional\u0103 cu participare interna\u021bional\u0103. De-a lungul edi\u021biilor, \u00een s\u0103lile de conferin\u021be au sus\u021binut prelegeri nume importante ale medicinei, speciali\u0219ti de talie interna\u021bional\u0103. Prin participarea speciali\u0219tilor sosi\u021bi de la universit\u0103\u021bi importante de peste hotare se pot realiza multe leg\u0103turi interna\u021bionale. Putem spune c\u0103 PDI este un vehicul pentru crearea de astfel de colabor\u0103ri?<\/strong><br \/>&#8211; Da, cu siguran\u021b\u0103 da! To\u021bi ace\u0219ti participan\u021bi de peste hotare care \u00ee\u0219i aduc contribu\u021bia la succesul unei manifest\u0103ri \u0219tiin\u021bifice desf\u0103\u0219urate \u00een universitate ofer\u0103 elemente de noutate \u00een primul r\u00e2nd, apoi \u00eemp\u0103rt\u0103\u0219esc din experien\u021ba lor care altfel nu ar putea fi cunoscut\u0103 dac\u0103 nu ar exista astfel de evenimente. \u00centr-adev\u0103r, Prim\u0103vara Dermatologic\u0103 Ie\u0219ean\u0103 a avut mereu particip\u0103ri importante din domeniul dermatologiei din \u00eentreaga lume \u0219i to\u021bi lectorii invita\u021bi au prezentat lucr\u0103ri cu un con\u021binut ridicat \u0219tiin\u021bific \u0219i de valoare foarte mare a actului dermatologic.<br \/><strong>&#8211; Manifestarea a avut, \u00eenc\u0103 de la \u00eenceput, girul unor mari societ\u0103\u021bi medicale. Putem considera c\u0103 un astfel de eveniment poate crea rela\u021bii importante \u00eentre societ\u0103\u021bile medicale din str\u0103in\u0103tate, cu speran\u021ba unor viitoare colabor\u0103ri?<\/strong><br \/>&#8211; Evident! S\u0103 nu uit\u0103m c\u0103 \u00een Ia\u0219i avem prima societate cu profil medical din \u021bar\u0103. Este vorba despre Societatea de Medici \u0219i Naturali\u0219ti, \u00eenfiin\u021bat\u0103 \u00een 1833. Toate societ\u0103\u021bile care particip\u0103 la organizarea unei manifest\u0103ri \u0219tiin\u021bifice, a unui congres, a unei conferin\u021be sau orice eveniment medical au un aport important. Pe l\u00e2ng\u0103 interac\u021biunea direct\u0103 cu organizatorii \u0219i cu manifestarea ce va avea loc, interac\u021bioneaz\u0103 \u0219i \u00eentre ele \u0219i atunci cu c\u00e2t colabor\u0103m cu mai mul\u021bi parteneri externi, cu at\u00e2t este mai benefic pentru universitate. Acest lucru este valabil \u00een toate manifest\u0103rile \u0219tiin\u021bifice \u2013 conferin\u021be, congrese cu diverse alte profiluri \u2013 chirurgie, medicin\u0103 intern\u0103, oftalmologie, orice alt\u0103 specialitate, la care particip\u0103 \u0219i societ\u0103\u021bi din \u00eentreaga lume, mai ales din Europa.<br \/><strong>&#8211; PDI este un creuzet pentru viitorii speciali\u0219ti, studen\u021bii av\u00e2nd \u0219ansa de a participa gratuit la prelegeri, workshopuri, simpozioane. La fel ca \u0219i reziden\u021bii, ei au \u0219ansa de de a rela\u021biona cu speciali\u0219ti care au cariere impresionante, care le pot deveni mentori. Ar putea fi un factor de motivare profesional\u0103?<\/strong><br \/>&#8211; Cu siguran\u021b\u0103 da \u0219i orice participare sau orice organizare a unei manifest\u0103ri \u0219tiin\u021bifice la nivelul universit\u0103\u021bii atrage implicit participarea studen\u021bilor de a afla elemente noi, de a-\u0219i perfec\u021biona anumite abilit\u0103\u021bi, de a participa cu lucr\u0103ri. Exist\u0103 sesiuni ale studen\u021bilor care sunt prezentate \u0219i la Prim\u0103vara Dermatologic\u0103 Ie\u0219ean\u0103, \u0219i la alte manifest\u0103ri \u0219tiin\u021bifice. Putem considera c\u0103 acest tip de evenimente medicale fac parte din preg\u0103tirea lor ca viitori medici, le des\u0103v\u00e2r\u0219esc preg\u0103tirea pe plan medical, farmaceutic sau de alt\u0103 natur\u0103.<\/p>\n<p>[\/et_pb_text][\/et_pb_column][\/et_pb_row][\/et_pb_section][et_pb_section fb_built=&#8221;1&#8243; _builder_version=&#8221;4.9.6&#8243; background_color=&#8221;rgba(117,194,33,0.23)&#8221; background_image=&#8221;https:\/\/pdi.ro\/2023\/2022\/wp-content\/uploads\/2021\/05\/PDI2021_header_1920x550px.jpg&#8221; background_blend=&#8221;multiply&#8221; custom_padding=&#8221;54px|0px|0|0px|false|false&#8221; top_divider_style=&#8221;waves2&#8243; top_divider_color=&#8221;#ffffff&#8221; top_divider_height=&#8221;155px&#8221; top_divider_height_tablet=&#8221;&#8221; top_divider_height_phone=&#8221;97px&#8221; top_divider_height_last_edited=&#8221;on|desktop&#8221; bottom_divider_style=&#8221;waves2&#8243; bottom_divider_color=&#8221;#75c221&#8243; bottom_divider_flip=&#8221;vertical&#8221; bottom_divider_height_tablet=&#8221;&#8221; bottom_divider_height_phone=&#8221;59px&#8221; bottom_divider_height_last_edited=&#8221;on|desktop&#8221; global_module=&#8221;9177&#8243; saved_tabs=&#8221;all&#8221;][et_pb_row column_structure=&#8221;3_5,2_5&#8243; _builder_version=&#8221;3.25&#8243; custom_padding=&#8221;61px|0px|69px|0px|false|false&#8221;][et_pb_column type=&#8221;3_5&#8243; _builder_version=&#8221;3.25&#8243; custom_padding=&#8221;|||&#8221; custom_padding__hover=&#8221;|||&#8221;][et_pb_text _builder_version=&#8221;4.9.4&#8243; text_font=&#8221;Kaushan Script||||||||&#8221; text_text_color=&#8221;#f0622a&#8221; text_font_size=&#8221;30px&#8221; text_line_height=&#8221;1.2em&#8221; header_font=&#8221;||||||||&#8221; background_layout=&#8221;dark&#8221; text_font_size_tablet=&#8221;&#8221; text_font_size_phone=&#8221;&#8221; text_font_size_last_edited=&#8221;on|desktop&#8221;]<\/p>\n<p>Contacteaz\u0103 operatorul PDI 2021<\/p>\n<p>[\/et_pb_text][et_pb_contact_form email=&#8221;contact@pdi.ro\/2019&#8243; submit_button_text=&#8221;Trimite mesajul&#8221; _builder_version=&#8221;4.9.4&#8243; title_font=&#8221;||||||||&#8221; custom_button=&#8221;on&#8221; button_text_color=&#8221;#F0622A&#8221;][et_pb_contact_field field_id=&#8221;Name&#8221; field_title=&#8221;Nume&#8221; _builder_version=&#8221;3.18.9&#8243; button_text_size__hover_enabled=&#8221;off&#8221; button_one_text_size__hover_enabled=&#8221;off&#8221; button_two_text_size__hover_enabled=&#8221;off&#8221; button_text_color__hover_enabled=&#8221;off&#8221; button_one_text_color__hover_enabled=&#8221;off&#8221; button_two_text_color__hover_enabled=&#8221;off&#8221; button_border_width__hover_enabled=&#8221;off&#8221; button_one_border_width__hover_enabled=&#8221;off&#8221; button_two_border_width__hover_enabled=&#8221;off&#8221; button_border_color__hover_enabled=&#8221;off&#8221; button_one_border_color__hover_enabled=&#8221;off&#8221; button_two_border_color__hover_enabled=&#8221;off&#8221; button_border_radius__hover_enabled=&#8221;off&#8221; button_one_border_radius__hover_enabled=&#8221;off&#8221; button_two_border_radius__hover_enabled=&#8221;off&#8221; button_letter_spacing__hover_enabled=&#8221;off&#8221; button_one_letter_spacing__hover_enabled=&#8221;off&#8221; button_two_letter_spacing__hover_enabled=&#8221;off&#8221; button_bg_color__hover_enabled=&#8221;off&#8221; button_one_bg_color__hover_enabled=&#8221;off&#8221; button_two_bg_color__hover_enabled=&#8221;off&#8221;][\/et_pb_contact_field][et_pb_contact_field field_id=&#8221;Email&#8221; field_title=&#8221;Adresa de e-mail&#8221; field_type=&#8221;email&#8221; _builder_version=&#8221;3.19.4&#8243; button_text_size__hover_enabled=&#8221;off&#8221; button_one_text_size__hover_enabled=&#8221;off&#8221; button_two_text_size__hover_enabled=&#8221;off&#8221; button_text_color__hover_enabled=&#8221;off&#8221; button_one_text_color__hover_enabled=&#8221;off&#8221; button_two_text_color__hover_enabled=&#8221;off&#8221; button_border_width__hover_enabled=&#8221;off&#8221; button_one_border_width__hover_enabled=&#8221;off&#8221; button_two_border_width__hover_enabled=&#8221;off&#8221; button_border_color__hover_enabled=&#8221;off&#8221; button_one_border_color__hover_enabled=&#8221;off&#8221; button_two_border_color__hover_enabled=&#8221;off&#8221; button_border_radius__hover_enabled=&#8221;off&#8221; button_one_border_radius__hover_enabled=&#8221;off&#8221; button_two_border_radius__hover_enabled=&#8221;off&#8221; button_letter_spacing__hover_enabled=&#8221;off&#8221; button_one_letter_spacing__hover_enabled=&#8221;off&#8221; button_two_letter_spacing__hover_enabled=&#8221;off&#8221; button_bg_color__hover_enabled=&#8221;off&#8221; button_one_bg_color__hover_enabled=&#8221;off&#8221; button_two_bg_color__hover_enabled=&#8221;off&#8221;][\/et_pb_contact_field][et_pb_contact_field field_id=&#8221;Message&#8221; field_title=&#8221;Mesajul dvs.&#8221; field_type=&#8221;text&#8221; fullwidth_field=&#8221;on&#8221; _builder_version=&#8221;3.18.9&#8243; button_text_size__hover_enabled=&#8221;off&#8221; button_one_text_size__hover_enabled=&#8221;off&#8221; button_two_text_size__hover_enabled=&#8221;off&#8221; button_text_color__hover_enabled=&#8221;off&#8221; button_one_text_color__hover_enabled=&#8221;off&#8221; button_two_text_color__hover_enabled=&#8221;off&#8221; button_border_width__hover_enabled=&#8221;off&#8221; button_one_border_width__hover_enabled=&#8221;off&#8221; button_two_border_width__hover_enabled=&#8221;off&#8221; button_border_color__hover_enabled=&#8221;off&#8221; button_one_border_color__hover_enabled=&#8221;off&#8221; button_two_border_color__hover_enabled=&#8221;off&#8221; button_border_radius__hover_enabled=&#8221;off&#8221; button_one_border_radius__hover_enabled=&#8221;off&#8221; button_two_border_radius__hover_enabled=&#8221;off&#8221; button_letter_spacing__hover_enabled=&#8221;off&#8221; button_one_letter_spacing__hover_enabled=&#8221;off&#8221; button_two_letter_spacing__hover_enabled=&#8221;off&#8221; button_bg_color__hover_enabled=&#8221;off&#8221; button_one_bg_color__hover_enabled=&#8221;off&#8221; button_two_bg_color__hover_enabled=&#8221;off&#8221;][\/et_pb_contact_field][\/et_pb_contact_form][\/et_pb_column][et_pb_column type=&#8221;2_5&#8243; _builder_version=&#8221;3.25&#8243; custom_padding=&#8221;|||&#8221; custom_padding__hover=&#8221;|||&#8221;][et_pb_text _builder_version=&#8221;4.9.4&#8243; text_font=&#8221;Kaushan Script||||||||&#8221; text_text_color=&#8221;#f0622a&#8221; text_font_size=&#8221;30px&#8221; header_font=&#8221;||||||||&#8221; background_layout=&#8221;dark&#8221;]<\/p>\n<p>Operatorul PDI 2021<\/p>\n<p>[\/et_pb_text][et_pb_text _builder_version=&#8221;4.0.11&#8243; text_font=&#8221;||||||||&#8221;]<\/p>\n<p><span><img loading=\"lazy\" decoding=\"async\" src=\"https:\/\/pdi.ro\/2023\/2022\/wp-content\/uploads\/2020\/02\/eventer_logo_150px.png\" width=\"151\" height=\"33\" alt=\"\" class=\"wp-image-774 alignleft size-full\" \/><\/span><\/p>\n<p><span><\/span><\/p>\n<p><span><\/span><\/p>\n<p><span>Adresa: Str. A. Panu nr. 13, Iasi<\/span><br \/> <span>Tel.: 0332.40.88.00-05<\/span><br \/> <span>E-mail: <a href=\"mailto:inscrieri@primaderma.ro\" target=\"_blank\" rel=\"noopener noreferrer\">inscrieri@primaderma.ro<\/a><br \/> <\/span><span>Website:\u00a0<\/span><a href=\"http:\/\/www.eventernet.ro\/\" target=\"Blank\" rel=\"noopener noreferrer\">www.eventernet.ro<\/a><\/p>\n<p>[\/et_pb_text][et_pb_text disabled_on=&#8221;off|off|off&#8221; _builder_version=&#8221;4.0.11&#8243; text_font=&#8221;Kaushan Script||||||||&#8221; text_text_color=&#8221;#f0622a&#8221; text_font_size=&#8221;30px&#8221; header_font=&#8221;||||||||&#8221; background_layout=&#8221;dark&#8221; locked=&#8221;off&#8221;]<\/p>\n<p>Parteneri Media<\/p>\n<p>[\/et_pb_text][et_pb_gallery gallery_ids=&#8221;7203,7204,9252,9464,10156,10157,10556&#8243; fullwidth=&#8221;on&#8221; _builder_version=&#8221;4.9.7&#8243; transform_scale=&#8221;86%|86%&#8221; max_width=&#8221;63%&#8221; auto=&#8221;on&#8221; auto_speed=&#8221;3500&#8243; hover_transition_duration=&#8221;100ms&#8221; hover_transition_delay=&#8221;50ms&#8221; hover_transition_speed_curve=&#8221;ease-in-out&#8221; locked=&#8221;off&#8221;][\/et_pb_gallery][\/et_pb_column][\/et_pb_row][\/et_pb_section]<\/p>\n","protected":false},"excerpt":{"rendered":"<p>&#8220;Prim\u0103vara Dermatologic\u0103 Ie\u0219ean\u0103 a avut mereu particip\u0103ri importante din domeniul dermatologiei din \u00eentreaga lume&#8221;* dialog cu prof. univ. dr. Viorel Scripcariu, rectorul Universit\u0103\u021bii de Medicin\u0103 \u0219i Farmacie \u201eGrigore T. Popa\u201d Ia\u0219i S\u0103pt\u0103m\u00e2na viitoare, Ia\u0219ul va g\u0103zdui unul dintre cele mai importante evenimente ale lumii medicale \u0219i \u0219tiin\u021bifice. Este vorba despre cea de-a zecea edi\u021bie a [&hellip;]<\/p>\n","protected":false},"author":2,"featured_media":0,"parent":0,"menu_order":0,"comment_status":"closed","ping_status":"closed","template":"","meta":{"_et_pb_use_builder":"on","_et_pb_old_content":"","_et_gb_content_width":"","footnotes":""},"class_list":["post-10598","page","type-page","status-publish","hentry"],"_links":{"self":[{"href":"https:\/\/pdi.ro\/2023\/wp-json\/wp\/v2\/pages\/10598","targetHints":{"allow":["GET"]}}],"collection":[{"href":"https:\/\/pdi.ro\/2023\/wp-json\/wp\/v2\/pages"}],"about":[{"href":"https:\/\/pdi.ro\/2023\/wp-json\/wp\/v2\/types\/page"}],"author":[{"embeddable":true,"href":"https:\/\/pdi.ro\/2023\/wp-json\/wp\/v2\/users\/2"}],"replies":[{"embeddable":true,"href":"https:\/\/pdi.ro\/2023\/wp-json\/wp\/v2\/comments?post=10598"}],"version-history":[{"count":2,"href":"https:\/\/pdi.ro\/2023\/wp-json\/wp\/v2\/pages\/10598\/revisions"}],"predecessor-version":[{"id":10600,"href":"https:\/\/pdi.ro\/2023\/wp-json\/wp\/v2\/pages\/10598\/revisions\/10600"}],"wp:attachment":[{"href":"https:\/\/pdi.ro\/2023\/wp-json\/wp\/v2\/media?parent=10598"}],"curies":[{"name":"wp","href":"https:\/\/api.w.org\/{rel}","templated":true}]}}