{"id":10647,"date":"2021-07-19T12:29:02","date_gmt":"2021-07-19T10:29:02","guid":{"rendered":"https:\/\/primaderma.ro\/?page_id=10647"},"modified":"2021-07-19T12:36:35","modified_gmt":"2021-07-19T10:36:35","slug":"interviu-dr-anca-cerbu","status":"publish","type":"page","link":"https:\/\/pdi.ro\/2023\/interviu-dr-anca-cerbu\/","title":{"rendered":"Interviu Dr. Anca Cerbu"},"content":{"rendered":"<p>[et_pb_section fb_built=&#8221;1&#8243; fullwidth=&#8221;on&#8221; disabled_on=&#8221;on|off|off&#8221; _builder_version=&#8221;3.22&#8243; custom_margin=&#8221;||&#8221; custom_padding=&#8221;15px||29px&#8221; top_divider_style=&#8221;waves2&#8243; top_divider_color=&#8221;#f0622a&#8221; top_divider_flip=&#8221;horizontal|vertical&#8221; bottom_divider_style=&#8221;waves2&#8243; bottom_divider_color=&#8221;#fcdedb&#8221; bottom_divider_height=&#8221;105px&#8221; bottom_divider_flip=&#8221;vertical&#8221; global_module=&#8221;9062&#8243; collapsed=&#8221;off&#8221;][et_pb_fullwidth_header title=&#8221;@ET-DC@eyJkeW5hbWljIjp0cnVlLCJjb250ZW50IjoicG9zdF90aXRsZSIsInNldHRpbmdzIjp7ImJlZm9yZSI6IiIsImFmdGVyIjoiIn19@&#8221; text_orientation=&#8221;right&#8221; header_image_url=&#8221;https:\/\/pdi.ro\/2023\/2022\/wp-content\/uploads\/2021\/05\/PDI2021_logo_header_int_600x300px.png&#8221; disabled_on=&#8221;on|on|off&#8221; _builder_version=&#8221;4.9.4&#8243; _dynamic_attributes=&#8221;title&#8221; title_font=&#8221;Kaushan Script||||||||&#8221; title_text_align=&#8221;right&#8221; title_text_color=&#8221;#f0622a&#8221; title_font_size=&#8221;50px&#8221; content_font=&#8221;|600||on|||||&#8221; content_text_align=&#8221;center&#8221; content_text_color=&#8221;#686766&#8243; content_font_size=&#8221;15px&#8221; subhead_font=&#8221;||||||||&#8221; background_color=&#8221;#ef916b&#8221; background_image=&#8221;https:\/\/pdi.ro\/2023\/2022\/wp-content\/uploads\/2021\/05\/PDI2021_header_1920x550px.jpg&#8221; background_blend=&#8221;luminosity&#8221; background_layout=&#8221;light&#8221; custom_margin=&#8221;0px||8px&#8221; custom_padding=&#8221;40px||40px||true&#8221; content_font_size_tablet=&#8221;&#8221; content_font_size_phone=&#8221;15px&#8221; content_font_size_last_edited=&#8221;on|desktop&#8221;][\/et_pb_fullwidth_header][\/et_pb_section][et_pb_section fb_built=&#8221;1&#8243; _builder_version=&#8221;4.4.8&#8243;][et_pb_row _builder_version=&#8221;4.4.8&#8243;][et_pb_column type=&#8221;4_4&#8243; _builder_version=&#8221;4.4.8&#8243;][et_pb_text _builder_version=&#8221;4.9.7&#8243; _module_preset=&#8221;default&#8221; text_font=&#8221;|700|||||||&#8221; text_text_color=&#8221;#F0622A&#8221; text_font_size=&#8221;34px&#8221; text_letter_spacing=&#8221;-1px&#8221; text_line_height=&#8221;1.2em&#8221; hover_enabled=&#8221;0&#8243; sticky_enabled=&#8221;0&#8243;]<\/p>\n<p>\u201eLa PDI am participat \u00eenc\u0103 de la prima edi\u021bie, cu emo\u021bie, \u00eenc\u00e2ntare, cu senza\u021bia c\u0103 asistam la ceva grandios\u201d<\/p>\n<p>[\/et_pb_text][et_pb_divider _builder_version=&#8221;4.9.6&#8243; _module_preset=&#8221;default&#8221; custom_margin=&#8221;||17px|||&#8221;][\/et_pb_divider][et_pb_text _builder_version=&#8221;4.9.7&#8243; hover_enabled=&#8221;0&#8243; sticky_enabled=&#8221;0&#8243;]<\/p>\n<p style=\"text-align: justify;\"><em>* dialog cu doamna doctor Anca Cerbu, medic specialist dermato-venerolog la Bac\u0103u \u0219i unul dintre primii participan\u021bi la PDI<\/em><\/p>\n<p style=\"text-align: justify;\"><strong>&#8211; A\u021bi participat \u00eenc\u0103 de la prima edi\u021bie a PDI. Ce v-a atras la acest eveniment medical?<\/strong><br \/>&#8211; La PDI am participat \u00eenc\u0103 de la prima edi\u021bie, cu emo\u021bie, \u00eenc\u00e2ntare, cu senza\u021bia c\u0103 asistam la ceva grandios. \u0218i a\u0219a s-a dovedit a fi. Evenimentul a crescut de la an la an, ajung\u00e2nd s\u0103 fie o manifestare de prestigiu, iat\u0103 la a zecea aniversare deja. Iar colaborarea a \u00eenceput prin prisma faptului c\u0103 eram rezidenta dnei profesor Daciana Br\u0103ni\u0219teanu. \u201eEchipa de aur\u201d, a\u0219a ne numea pe rezidentele dumneaei.<br \/><strong>&#8211; Cum a \u00eenceput colaborarea dvs cu doamna profesor Daciana Br\u0103ni\u0219teanu? A\u021bi lucrat \u00eempreun\u0103, cum a contribuit experien\u021b\u0103 d-sale la formarea dvs ca specialist?<\/strong><br \/>&#8211; Formarea mea ca medic dermatolog a \u00eenceput de la primul curs de dermatologie \u00een anul VI, c\u00e2nd am cunoscut-o pe doamna profesor Br\u0103ni\u0219teanu \u0219i am ascultat fascinat[ cursul. Cochetam deja cu ideea de a alege dermatologia ca specialitate, dar clar domnia sa m-a convins c\u0103 acesta e drumul meu. De aceea am \u0219i ales-o ca \u00eendrum\u0103tor de licen\u021b\u0103 \u0219i ulterior c\u0103 mentor. \u00cen mod normal, licen\u021ba o stabile\u0219ti \u00een anul V de facultate, dar eu fusesem plecat[ cu burs\u0103 Erasmus un an \u00een Italia \u0219i abia c\u00e2nd m-am \u00eentors \u00een anul VI a trebuit s\u0103 stabilesc rapid tema \u0219i \u00eendrum\u0103torul licen\u021bei. La sf\u00e2r\u0219itul primului curs am \u0219i abordat-o pe doamna profesor. A\u0219a a \u00eenceput colaborarea noastr\u0103. Se spune c\u0103 \u0219i \u00een medicina \u201efuri meserie\u201d, c\u0103 trebuie s\u0103 ai de la cine s\u0103 \u00eenve\u021bi, dar conteaz\u0103 enorm ca \u0219i cel de la care dore\u0219ti s\u0103 \u00eenve\u021bi s\u0103 fie dispus s\u0103 \u00eemp\u0103rt\u0103\u0219easc\u0103 din experien\u021b\u0103 sa. Asta cred c\u0103 o deosebe\u0219te pe doamna profesor Daciana Br\u0103ni\u0219teanu de al\u021bii. Pasiunea pentru dermatologie \u0219i pasiunea de a transmite mai departe cuno\u0219tin\u021bele sale!<br \/><strong>&#8211; PDI ofer\u0103 indiscutabil \u0219i un ajutor \u00een carier\u0103.<\/strong><br \/>&#8211; \u00cen 2011 eram o t\u00e2n\u0103r\u0103 rezident\u0103 la \u00eenceput de drum, dornic\u0103 de a \u00eenv\u0103\u021ba c\u00e2t mai mult. Acces la informa\u021bii era &#8211; reviste \u0219i congrese interna\u021bionale prestigioase cu ultimele nout\u0103\u021bi din domeniu &#8211; dar acestea costau, iar dintr-un salar de medic debutant de aproximativ 1.000 de RON, din care pl\u0103teai chiria, utilit\u0103\u021bile, necesarul zilnic, nu prea mai r\u0103m\u00e2nea nimic a\u0219a c\u0103 aceast\u0103 manifestare a fost at\u00e2t de binevenit\u0103! Pentru mine a fost uimitor s\u0103 v\u0103d at\u00e2\u021bia lectori de prestigiu prezent\u00e2nd ultimele nout\u0103\u021bi din domeniul lor. Emo\u021bia c\u0103 am ocazia s\u0103 \u00eei ascult \u0219i s\u0103 \u00eenv\u0103\u021b de la cei mai buni profesioni\u0219ti din domeniu a fost de nedescris! Dar cred c\u0103 cel mai mult m-a impresionat sentimentul de colaborare, de interdisciplinaritate al manifest\u0103rii. \u00cen medicina rom\u00e2neasc\u0103 ideea de colaborare nu prea o vedeai sau cel pu\u021bin aceasta fusese experien\u021ba mea din cei 6 ani de facultate \u0219i din stagiile efectuate ca medic rezident. <br \/><strong>&#8211; Care au fost cele mai importante lucruri \u00eenv\u0103\u021bate \u00een perioada reziden\u021biatului?<\/strong><br \/>&#8211; Perioada reziden\u021biatului a fost solicitant\u0103 din multe puncte de vedere. Consider \u00eens\u0103 c\u0103 \u00een via\u021b\u0103 tot ce e important se ob\u021bine prin munc\u0103 \u0219i implicare total\u0103. \u00cei sunt profund recunosc\u0103toare doamnei profesor Daciana Br\u0103ni\u0219teanu pentru \u00eencrederea pe care mi-a acordat-o, determin\u00e2ndu-m\u0103 de multe ori s\u0103 \u00eemi dep\u0103\u0219esc propriile limite. \u00cen acele momente am avut parte de satisfac\u021biile cele mai mari. Cred \u00eens\u0103 c\u0103 cel mai important lucru pe care l-am \u00eenv\u0103\u021bat de la dumneaei este abordarea pacientului. E important s\u0103 \u0219tii s\u0103 \u00eentrebi pacien\u021bii ce trebuie pentru a ajunge la diagnosticul corect, dar uneori e mai important s\u0103 ascul\u021bi pacien\u021bii, s\u0103 interac\u021bionezi \u0219i s\u0103 creezi o leg\u0103tur\u0103 cu ei. \u00cen secolul vitezei, c\u00e2nd totul e pe repede \u00eenainte, c\u00e2nd \u0219i medicul e considerat de multe ori un simplu \u201eprestator de servicii\u201d, iar unii doctori chiar a\u0219a se comport\u0103, din p\u0103cate, e important s\u0103 nu ne abatem de la voca\u021bia noastr\u0103 \u0219i s\u0103 nu uit\u0103m ce \u00eenseamn\u0103, cu adev\u0103rat, a fi medic.<br \/><strong>&#8211; Cum v-a sprijinit PDI \u0219i ADEM c\u0103 viitor specialist?<\/strong><br \/>&#8211; Prin posibilitatea de a participa la at\u00e2t de multe manifest\u0103ri, cursuri, workshop-uri condensate \u00een c\u00e2teva zile, fiind o manifestare de calibru interna\u021bional, dar cu accesibilitate pentru noi tinerii reziden\u021bi care nu pl\u0103team nicio tax\u0103. Acum am posibilitatea s\u0103 compar acest eveniment cu cele care se organizeaz\u0103 \u00een afara \u021b\u0103rii \u0219i pot spune cu m\u00e2ndrie c\u0103 se ridic\u0103 la standarde \u00eenalte. Tot mai \u00eenalte pe an ce trece! Pasiunea mea e job-ul meu \u2013 dermatologia, cu un focus aparte pe dermatoscopie, dermato-pediatrie, dar \u0219i dermato-estetic\u0103.<br \/><strong>&#8211; La final, v\u0103 invit s\u0103 transmite\u021bi un mesaj c\u0103tre tinerii participan\u021bi.<\/strong><br \/>&#8211; S\u0103 fructifice la maximum \u0219ansa enorm\u0103 care li se ofer\u0103 de a participa la un eveniment de o a\u0219a anvergura. S\u0103 se implice, s\u0103 \u00eentrebe daca au nel\u0103muriri, s\u0103 lege prietenii, s\u0103 descopere modele de urmat\u2026\u0219i de ce nu, \u00eentr-o zi, poate vor deveni \u0219i ei un nume important pe lista celor invita\u021bi s\u0103 prezinte ultimele nout\u0103\u021bi din dermatologie sau din specialit\u0103\u021bile la interfa\u021b\u0103 cu dermatologia.<\/p>\n<p>[\/et_pb_text][\/et_pb_column][\/et_pb_row][\/et_pb_section][et_pb_section fb_built=&#8221;1&#8243; _builder_version=&#8221;4.9.6&#8243; background_color=&#8221;rgba(117,194,33,0.23)&#8221; background_image=&#8221;https:\/\/pdi.ro\/2023\/2022\/wp-content\/uploads\/2021\/05\/PDI2021_header_1920x550px.jpg&#8221; background_blend=&#8221;multiply&#8221; custom_padding=&#8221;54px|0px|0|0px|false|false&#8221; top_divider_style=&#8221;waves2&#8243; top_divider_color=&#8221;#ffffff&#8221; top_divider_height=&#8221;155px&#8221; top_divider_height_tablet=&#8221;&#8221; top_divider_height_phone=&#8221;97px&#8221; top_divider_height_last_edited=&#8221;on|desktop&#8221; bottom_divider_style=&#8221;waves2&#8243; bottom_divider_color=&#8221;#75c221&#8243; bottom_divider_flip=&#8221;vertical&#8221; bottom_divider_height_tablet=&#8221;&#8221; bottom_divider_height_phone=&#8221;59px&#8221; bottom_divider_height_last_edited=&#8221;on|desktop&#8221; global_module=&#8221;9177&#8243; saved_tabs=&#8221;all&#8221;][et_pb_row column_structure=&#8221;3_5,2_5&#8243; _builder_version=&#8221;3.25&#8243; custom_padding=&#8221;61px|0px|69px|0px|false|false&#8221;][et_pb_column type=&#8221;3_5&#8243; _builder_version=&#8221;3.25&#8243; custom_padding=&#8221;|||&#8221; custom_padding__hover=&#8221;|||&#8221;][et_pb_text _builder_version=&#8221;4.9.4&#8243; text_font=&#8221;Kaushan Script||||||||&#8221; text_text_color=&#8221;#f0622a&#8221; text_font_size=&#8221;30px&#8221; text_line_height=&#8221;1.2em&#8221; header_font=&#8221;||||||||&#8221; background_layout=&#8221;dark&#8221; text_font_size_tablet=&#8221;&#8221; text_font_size_phone=&#8221;&#8221; text_font_size_last_edited=&#8221;on|desktop&#8221;]<\/p>\n<p>Contacteaz\u0103 operatorul PDI 2021<\/p>\n<p>[\/et_pb_text][et_pb_contact_form email=&#8221;contact@pdi.ro\/2019&#8243; submit_button_text=&#8221;Trimite mesajul&#8221; _builder_version=&#8221;4.9.4&#8243; title_font=&#8221;||||||||&#8221; custom_button=&#8221;on&#8221; button_text_color=&#8221;#F0622A&#8221;][et_pb_contact_field field_id=&#8221;Name&#8221; field_title=&#8221;Nume&#8221; _builder_version=&#8221;3.18.9&#8243; button_text_size__hover_enabled=&#8221;off&#8221; button_one_text_size__hover_enabled=&#8221;off&#8221; button_two_text_size__hover_enabled=&#8221;off&#8221; button_text_color__hover_enabled=&#8221;off&#8221; button_one_text_color__hover_enabled=&#8221;off&#8221; button_two_text_color__hover_enabled=&#8221;off&#8221; button_border_width__hover_enabled=&#8221;off&#8221; button_one_border_width__hover_enabled=&#8221;off&#8221; button_two_border_width__hover_enabled=&#8221;off&#8221; button_border_color__hover_enabled=&#8221;off&#8221; button_one_border_color__hover_enabled=&#8221;off&#8221; button_two_border_color__hover_enabled=&#8221;off&#8221; button_border_radius__hover_enabled=&#8221;off&#8221; button_one_border_radius__hover_enabled=&#8221;off&#8221; button_two_border_radius__hover_enabled=&#8221;off&#8221; button_letter_spacing__hover_enabled=&#8221;off&#8221; button_one_letter_spacing__hover_enabled=&#8221;off&#8221; button_two_letter_spacing__hover_enabled=&#8221;off&#8221; button_bg_color__hover_enabled=&#8221;off&#8221; button_one_bg_color__hover_enabled=&#8221;off&#8221; button_two_bg_color__hover_enabled=&#8221;off&#8221;][\/et_pb_contact_field][et_pb_contact_field field_id=&#8221;Email&#8221; field_title=&#8221;Adresa de e-mail&#8221; field_type=&#8221;email&#8221; _builder_version=&#8221;3.19.4&#8243; button_text_size__hover_enabled=&#8221;off&#8221; button_one_text_size__hover_enabled=&#8221;off&#8221; button_two_text_size__hover_enabled=&#8221;off&#8221; button_text_color__hover_enabled=&#8221;off&#8221; button_one_text_color__hover_enabled=&#8221;off&#8221; button_two_text_color__hover_enabled=&#8221;off&#8221; button_border_width__hover_enabled=&#8221;off&#8221; button_one_border_width__hover_enabled=&#8221;off&#8221; button_two_border_width__hover_enabled=&#8221;off&#8221; button_border_color__hover_enabled=&#8221;off&#8221; button_one_border_color__hover_enabled=&#8221;off&#8221; button_two_border_color__hover_enabled=&#8221;off&#8221; button_border_radius__hover_enabled=&#8221;off&#8221; button_one_border_radius__hover_enabled=&#8221;off&#8221; button_two_border_radius__hover_enabled=&#8221;off&#8221; button_letter_spacing__hover_enabled=&#8221;off&#8221; button_one_letter_spacing__hover_enabled=&#8221;off&#8221; button_two_letter_spacing__hover_enabled=&#8221;off&#8221; button_bg_color__hover_enabled=&#8221;off&#8221; button_one_bg_color__hover_enabled=&#8221;off&#8221; button_two_bg_color__hover_enabled=&#8221;off&#8221;][\/et_pb_contact_field][et_pb_contact_field field_id=&#8221;Message&#8221; field_title=&#8221;Mesajul dvs.&#8221; field_type=&#8221;text&#8221; fullwidth_field=&#8221;on&#8221; _builder_version=&#8221;3.18.9&#8243; button_text_size__hover_enabled=&#8221;off&#8221; button_one_text_size__hover_enabled=&#8221;off&#8221; button_two_text_size__hover_enabled=&#8221;off&#8221; button_text_color__hover_enabled=&#8221;off&#8221; button_one_text_color__hover_enabled=&#8221;off&#8221; button_two_text_color__hover_enabled=&#8221;off&#8221; button_border_width__hover_enabled=&#8221;off&#8221; button_one_border_width__hover_enabled=&#8221;off&#8221; button_two_border_width__hover_enabled=&#8221;off&#8221; button_border_color__hover_enabled=&#8221;off&#8221; button_one_border_color__hover_enabled=&#8221;off&#8221; button_two_border_color__hover_enabled=&#8221;off&#8221; button_border_radius__hover_enabled=&#8221;off&#8221; button_one_border_radius__hover_enabled=&#8221;off&#8221; button_two_border_radius__hover_enabled=&#8221;off&#8221; button_letter_spacing__hover_enabled=&#8221;off&#8221; button_one_letter_spacing__hover_enabled=&#8221;off&#8221; button_two_letter_spacing__hover_enabled=&#8221;off&#8221; button_bg_color__hover_enabled=&#8221;off&#8221; button_one_bg_color__hover_enabled=&#8221;off&#8221; button_two_bg_color__hover_enabled=&#8221;off&#8221;][\/et_pb_contact_field][\/et_pb_contact_form][\/et_pb_column][et_pb_column type=&#8221;2_5&#8243; _builder_version=&#8221;3.25&#8243; custom_padding=&#8221;|||&#8221; custom_padding__hover=&#8221;|||&#8221;][et_pb_text _builder_version=&#8221;4.9.4&#8243; text_font=&#8221;Kaushan Script||||||||&#8221; text_text_color=&#8221;#f0622a&#8221; text_font_size=&#8221;30px&#8221; header_font=&#8221;||||||||&#8221; background_layout=&#8221;dark&#8221;]<\/p>\n<p>Operatorul PDI 2021<\/p>\n<p>[\/et_pb_text][et_pb_text _builder_version=&#8221;4.0.11&#8243; text_font=&#8221;||||||||&#8221;]<\/p>\n<p><span><img loading=\"lazy\" decoding=\"async\" src=\"https:\/\/pdi.ro\/2023\/2022\/wp-content\/uploads\/2020\/02\/eventer_logo_150px.png\" width=\"151\" height=\"33\" alt=\"\" class=\"wp-image-774 alignleft size-full\" \/><\/span><\/p>\n<p><span><\/span><\/p>\n<p><span><\/span><\/p>\n<p><span>Adresa: Str. A. Panu nr. 13, Iasi<\/span><br \/> <span>Tel.: 0332.40.88.00-05<\/span><br \/> <span>E-mail: <a href=\"mailto:inscrieri@primaderma.ro\" target=\"_blank\" rel=\"noopener noreferrer\">inscrieri@primaderma.ro<\/a><br \/> <\/span><span>Website:\u00a0<\/span><a href=\"http:\/\/www.eventernet.ro\/\" target=\"Blank\" rel=\"noopener noreferrer\">www.eventernet.ro<\/a><\/p>\n<p>[\/et_pb_text][et_pb_text disabled_on=&#8221;off|off|off&#8221; _builder_version=&#8221;4.0.11&#8243; text_font=&#8221;Kaushan Script||||||||&#8221; text_text_color=&#8221;#f0622a&#8221; text_font_size=&#8221;30px&#8221; header_font=&#8221;||||||||&#8221; background_layout=&#8221;dark&#8221; locked=&#8221;off&#8221;]<\/p>\n<p>Parteneri Media<\/p>\n<p>[\/et_pb_text][et_pb_gallery gallery_ids=&#8221;7203,7204,9252,9464,10156,10157,10556&#8243; fullwidth=&#8221;on&#8221; _builder_version=&#8221;4.9.7&#8243; transform_scale=&#8221;86%|86%&#8221; max_width=&#8221;63%&#8221; auto=&#8221;on&#8221; auto_speed=&#8221;3500&#8243; hover_transition_duration=&#8221;100ms&#8221; hover_transition_delay=&#8221;50ms&#8221; hover_transition_speed_curve=&#8221;ease-in-out&#8221; locked=&#8221;off&#8221;][\/et_pb_gallery][\/et_pb_column][\/et_pb_row][\/et_pb_section]<\/p>\n","protected":false},"excerpt":{"rendered":"<p>\u201eLa PDI am participat \u00eenc\u0103 de la prima edi\u021bie, cu emo\u021bie, \u00eenc\u00e2ntare, cu senza\u021bia c\u0103 asistam la ceva grandios\u201d* dialog cu doamna doctor Anca Cerbu, medic specialist dermato-venerolog la Bac\u0103u \u0219i unul dintre primii participan\u021bi la PDI &#8211; A\u021bi participat \u00eenc\u0103 de la prima edi\u021bie a PDI. Ce v-a atras la acest eveniment medical?- La [&hellip;]<\/p>\n","protected":false},"author":2,"featured_media":0,"parent":0,"menu_order":0,"comment_status":"closed","ping_status":"closed","template":"","meta":{"_et_pb_use_builder":"on","_et_pb_old_content":"","_et_gb_content_width":"","footnotes":""},"class_list":["post-10647","page","type-page","status-publish","hentry"],"_links":{"self":[{"href":"https:\/\/pdi.ro\/2023\/wp-json\/wp\/v2\/pages\/10647","targetHints":{"allow":["GET"]}}],"collection":[{"href":"https:\/\/pdi.ro\/2023\/wp-json\/wp\/v2\/pages"}],"about":[{"href":"https:\/\/pdi.ro\/2023\/wp-json\/wp\/v2\/types\/page"}],"author":[{"embeddable":true,"href":"https:\/\/pdi.ro\/2023\/wp-json\/wp\/v2\/users\/2"}],"replies":[{"embeddable":true,"href":"https:\/\/pdi.ro\/2023\/wp-json\/wp\/v2\/comments?post=10647"}],"version-history":[{"count":2,"href":"https:\/\/pdi.ro\/2023\/wp-json\/wp\/v2\/pages\/10647\/revisions"}],"predecessor-version":[{"id":10649,"href":"https:\/\/pdi.ro\/2023\/wp-json\/wp\/v2\/pages\/10647\/revisions\/10649"}],"wp:attachment":[{"href":"https:\/\/pdi.ro\/2023\/wp-json\/wp\/v2\/media?parent=10647"}],"curies":[{"name":"wp","href":"https:\/\/api.w.org\/{rel}","templated":true}]}}