{"id":10650,"date":"2021-07-19T12:37:00","date_gmt":"2021-07-19T10:37:00","guid":{"rendered":"https:\/\/primaderma.ro\/?page_id=10650"},"modified":"2021-07-19T12:46:34","modified_gmt":"2021-07-19T10:46:34","slug":"interviu-dr-andreea-dimitriu","status":"publish","type":"page","link":"https:\/\/pdi.ro\/2023\/interviu-dr-andreea-dimitriu\/","title":{"rendered":"Interviu Dr. Andreea Dimitriu"},"content":{"rendered":"<p>[et_pb_section fb_built=&#8221;1&#8243; fullwidth=&#8221;on&#8221; disabled_on=&#8221;on|off|off&#8221; _builder_version=&#8221;3.22&#8243; custom_margin=&#8221;||&#8221; custom_padding=&#8221;15px||29px&#8221; top_divider_style=&#8221;waves2&#8243; top_divider_color=&#8221;#f0622a&#8221; top_divider_flip=&#8221;horizontal|vertical&#8221; bottom_divider_style=&#8221;waves2&#8243; bottom_divider_color=&#8221;#fcdedb&#8221; bottom_divider_height=&#8221;105px&#8221; bottom_divider_flip=&#8221;vertical&#8221; global_module=&#8221;9062&#8243; collapsed=&#8221;off&#8221;][et_pb_fullwidth_header title=&#8221;@ET-DC@eyJkeW5hbWljIjp0cnVlLCJjb250ZW50IjoicG9zdF90aXRsZSIsInNldHRpbmdzIjp7ImJlZm9yZSI6IiIsImFmdGVyIjoiIn19@&#8221; text_orientation=&#8221;right&#8221; header_image_url=&#8221;https:\/\/pdi.ro\/2023\/2022\/wp-content\/uploads\/2021\/05\/PDI2021_logo_header_int_600x300px.png&#8221; disabled_on=&#8221;on|on|off&#8221; _builder_version=&#8221;4.9.4&#8243; _dynamic_attributes=&#8221;title&#8221; title_font=&#8221;Kaushan Script||||||||&#8221; title_text_align=&#8221;right&#8221; title_text_color=&#8221;#f0622a&#8221; title_font_size=&#8221;50px&#8221; content_font=&#8221;|600||on|||||&#8221; content_text_align=&#8221;center&#8221; content_text_color=&#8221;#686766&#8243; content_font_size=&#8221;15px&#8221; subhead_font=&#8221;||||||||&#8221; background_color=&#8221;#ef916b&#8221; background_image=&#8221;https:\/\/pdi.ro\/2023\/2022\/wp-content\/uploads\/2021\/05\/PDI2021_header_1920x550px.jpg&#8221; background_blend=&#8221;luminosity&#8221; background_layout=&#8221;light&#8221; custom_margin=&#8221;0px||8px&#8221; custom_padding=&#8221;40px||40px||true&#8221; content_font_size_tablet=&#8221;&#8221; content_font_size_phone=&#8221;15px&#8221; content_font_size_last_edited=&#8221;on|desktop&#8221;][\/et_pb_fullwidth_header][\/et_pb_section][et_pb_section fb_built=&#8221;1&#8243; _builder_version=&#8221;4.4.8&#8243;][et_pb_row _builder_version=&#8221;4.4.8&#8243;][et_pb_column type=&#8221;4_4&#8243; _builder_version=&#8221;4.4.8&#8243;][et_pb_text _builder_version=&#8221;4.9.7&#8243; _module_preset=&#8221;default&#8221; text_font=&#8221;|700|||||||&#8221; text_text_color=&#8221;#F0622A&#8221; text_font_size=&#8221;34px&#8221; text_letter_spacing=&#8221;-1px&#8221; text_line_height=&#8221;1.2em&#8221; hover_enabled=&#8221;0&#8243; sticky_enabled=&#8221;0&#8243;]<\/p>\n<p>\u201ePDI mi-a oferit \u0219ansa de a vedea dermatologia \u0219i dintr-o alt\u0103 perspectiv\u0103\u201d<\/p>\n<p>[\/et_pb_text][et_pb_divider _builder_version=&#8221;4.9.6&#8243; _module_preset=&#8221;default&#8221; custom_margin=&#8221;||17px|||&#8221;][\/et_pb_divider][et_pb_text _builder_version=&#8221;4.9.7&#8243; hover_enabled=&#8221;0&#8243; sticky_enabled=&#8221;0&#8243;]<\/p>\n<p style=\"text-align: justify;\"><em>* dialog cu doamna doctor Andreea Dimitriu, specialist dermato-venerologie la Arcadia &#8211; Spitale \u0219i Centre Medicale, unul dintre primii participan\u021bi la PDI<\/em><\/p>\n<p style=\"text-align: justify;\"><strong>&#8211; Se \u00eemplinesc 10 ani de PDI, un num\u0103r rotund, frumos, o aniversare important\u0103 pentru scoal\u0103 rom\u00e2neasc\u0103 de dermatologie. Ce v-a determinat s\u0103 fi\u021bi al\u0103turi de PDI? Ce a adus nou \u00een preg\u0103tirea dvs profesional\u0103?<\/strong><br \/>&#8211; Prim\u0103vara Dermatologic\u0103 Ie\u0219ean\u0103 a luat na\u0219tere pe vremea c\u00e2nd eram medic rezident, pe vremea c\u00e2nd abia f\u0103ceam cuno\u0219tin\u021b\u0103 cu dermatologia. Aceast\u0103 manifestare a contribuit la formarea mea ca \u0219i medic specialist. \u00cen cadrul PDI am avut ocazia s\u0103 audiez mari personalit\u0103\u021bi ai breslei medicale na\u021bionale \u0219i interna\u021bionale, de la care am putut s\u0103-mi \u00eensu\u0219esc informa\u021bie medicala de calitate. \u00cenc\u0103 de la \u00eenceput, PDI s-a remarcat prin diversitatea temelor abordate, prin cursuri pre- sau post-conferin\u021b\u0103, unele axate pe cate un subiect tratat pluridisciplinar, workshop-uri, concursuri de postere, simpozioane. Am apreciat deschiderea cu care lectorii PDI au \u00eemp\u0103rt\u0103\u0219it din experien\u021b\u0103 lor medicala, au personalizat prezent\u0103ri medicale Pharma cu cazuistica proprie. \u00cen cadrul PDI, am primit r\u0103spunsuri cu privire la diverse patologii cutanate. Doamna profesor Daciana Br\u0103ni\u0219teanu este o perfec\u021bionist\u0103 \u0219i a dorit c\u0103 Romania, Ia\u0219ul s\u0103 de\u021bin\u0103 o manifestare de un \u00eenalt nivel \u0219i, din punctul meu de vedere, a reu\u0219it. Fiecare edi\u021bie PDI a venit cu ceva nou, fiecare edi\u021bie a fost frumoasa \u0219i a fost a\u0219teptat\u0103 cu ner\u0103bdare de mul\u021bi dintre noi.<br \/><strong>&#8211; Cum a \u00eenceput colaborarea dvs cu doamna profesor Daciana Br\u0103ni\u0219teanu?<\/strong><br \/>&#8211; Am \u00eenceput colaborarea cu doamna profesor \u00een anul doi de reziden\u021biat. Cum am mai men\u021bionat, dna profesor este o perfec\u021bionist\u0103 \u0219i cere seriozitate de la oamenii cu care lucreaz\u0103. Al\u0103turi de dumneaei am \u00eenv\u0103\u021bat cum s\u0103 abordez un pacient, cum s\u0103-i fac o anamnez\u0103 corect\u0103, cum s\u0103-i adresez \u00eentreb\u0103rile astfel \u00eenc\u00e2t s\u0103-mi furnizeze c\u00e2t mai multe detalii despre patologia sa. Am \u00eenv\u0103\u021bat s\u0103-mi pun \u00eentreb\u0103ri. Sub colaborarea sa am scris prezent\u0103ri pentru congrese, am scris articole, care au fost publicate \u00een reviste medicale de prestigiu. De la dumneaei am mai \u00eenv\u0103\u021bat ce \u00eenseamn\u0103 un bun orator \u0219i prin puterea exemplului, \u00eencerc la fiecare prezentarea pe care o am, s\u0103 m\u0103 ridic la un anumit nivel ratoric. \u00cei voi fi ve\u0219nic recunosc\u0103toare pentru tot ce m-a \u00eenv\u0103\u021bat \u0219i m\u0103 \u00eenva\u021b\u0103 \u00een continuare.<br \/><strong>&#8211; Care sunt momentele cele mai frumoase care v\u0103 leag\u0103 de PDI?<\/strong><br \/>&#8211; Sunt multe momente care m\u0103 leag\u0103 de PDI. Voi men\u021biona emo\u021biile c\u00e2\u0219tig\u0103rii concursului de postere pe vremea c\u00e2nd eram medic rezident, \u00een urma c\u0103ruia mi s-a oferit ocazia s\u0103 particip la un congres interna\u021bional \u00een cadrul Academiei Europene de Dermatologie. Astfel, PDI mi-a oferit \u0219ansa de a vedea dermatologia \u0219i dintr-o alt\u0103 perspectiv\u0103. C\u00e2\u0219tigarea acestor premii m-a \u00eencurajat \u0219i mi-au dat \u00eencredere s\u0103 particip apoi \u0219i \u00een calitate de lector \u00een cadrul PDI. \u00cemi amintesc cu drag emo\u021biile primei prezent\u0103ri \u00een calitate de lector \u00een fa\u021ba unei s\u0103li pline.<br \/><strong>&#8211; Dac\u0103 ar fi s\u0103 oferi\u021bi un sfat tinerilor reziden\u021bi, care ar fi acela?<\/strong><br \/>Sfatul meu pentru medicii reziden\u021bi ar fi acesta: \u201eParticipa\u021bi la orice eveniment crede\u021bi c\u0103 aduce un aport pentru dezvoltarea voastr\u0103 profesional\u0103!\u201d. Bine\u00een\u021beles, c\u0103 eu \u00eei \u00eencurajez s\u0103 participe la PDI pentru tot ce am men\u021bionat deja. Medicii reziden\u021bi, dar \u0219i medicii speciali\u0219ti vor g\u0103si la PDI r\u0103spunsuri la \u00eentreb\u0103ri medicale, solu\u021bii pentru diverse patologii, vor vedea patologia dermatologic\u0103 din diverse unghiuri ale interdisciplinarit\u0103\u021bii.<\/p>\n<p>[\/et_pb_text][\/et_pb_column][\/et_pb_row][\/et_pb_section][et_pb_section fb_built=&#8221;1&#8243; _builder_version=&#8221;4.9.6&#8243; background_color=&#8221;rgba(117,194,33,0.23)&#8221; background_image=&#8221;https:\/\/pdi.ro\/2023\/2022\/wp-content\/uploads\/2021\/05\/PDI2021_header_1920x550px.jpg&#8221; background_blend=&#8221;multiply&#8221; custom_padding=&#8221;54px|0px|0|0px|false|false&#8221; top_divider_style=&#8221;waves2&#8243; top_divider_color=&#8221;#ffffff&#8221; top_divider_height=&#8221;155px&#8221; top_divider_height_tablet=&#8221;&#8221; top_divider_height_phone=&#8221;97px&#8221; top_divider_height_last_edited=&#8221;on|desktop&#8221; bottom_divider_style=&#8221;waves2&#8243; bottom_divider_color=&#8221;#75c221&#8243; bottom_divider_flip=&#8221;vertical&#8221; bottom_divider_height_tablet=&#8221;&#8221; bottom_divider_height_phone=&#8221;59px&#8221; bottom_divider_height_last_edited=&#8221;on|desktop&#8221; global_module=&#8221;9177&#8243; saved_tabs=&#8221;all&#8221;][et_pb_row column_structure=&#8221;3_5,2_5&#8243; _builder_version=&#8221;3.25&#8243; custom_padding=&#8221;61px|0px|69px|0px|false|false&#8221;][et_pb_column type=&#8221;3_5&#8243; _builder_version=&#8221;3.25&#8243; custom_padding=&#8221;|||&#8221; custom_padding__hover=&#8221;|||&#8221;][et_pb_text _builder_version=&#8221;4.9.4&#8243; text_font=&#8221;Kaushan Script||||||||&#8221; text_text_color=&#8221;#f0622a&#8221; text_font_size=&#8221;30px&#8221; text_line_height=&#8221;1.2em&#8221; header_font=&#8221;||||||||&#8221; background_layout=&#8221;dark&#8221; text_font_size_tablet=&#8221;&#8221; text_font_size_phone=&#8221;&#8221; text_font_size_last_edited=&#8221;on|desktop&#8221;]<\/p>\n<p>Contacteaz\u0103 operatorul PDI 2021<\/p>\n<p>[\/et_pb_text][et_pb_contact_form email=&#8221;contact@pdi.ro\/2019&#8243; submit_button_text=&#8221;Trimite mesajul&#8221; _builder_version=&#8221;4.9.4&#8243; title_font=&#8221;||||||||&#8221; custom_button=&#8221;on&#8221; button_text_color=&#8221;#F0622A&#8221;][et_pb_contact_field field_id=&#8221;Name&#8221; field_title=&#8221;Nume&#8221; _builder_version=&#8221;3.18.9&#8243; button_text_size__hover_enabled=&#8221;off&#8221; button_one_text_size__hover_enabled=&#8221;off&#8221; button_two_text_size__hover_enabled=&#8221;off&#8221; button_text_color__hover_enabled=&#8221;off&#8221; button_one_text_color__hover_enabled=&#8221;off&#8221; button_two_text_color__hover_enabled=&#8221;off&#8221; button_border_width__hover_enabled=&#8221;off&#8221; button_one_border_width__hover_enabled=&#8221;off&#8221; button_two_border_width__hover_enabled=&#8221;off&#8221; button_border_color__hover_enabled=&#8221;off&#8221; button_one_border_color__hover_enabled=&#8221;off&#8221; button_two_border_color__hover_enabled=&#8221;off&#8221; button_border_radius__hover_enabled=&#8221;off&#8221; button_one_border_radius__hover_enabled=&#8221;off&#8221; button_two_border_radius__hover_enabled=&#8221;off&#8221; button_letter_spacing__hover_enabled=&#8221;off&#8221; button_one_letter_spacing__hover_enabled=&#8221;off&#8221; button_two_letter_spacing__hover_enabled=&#8221;off&#8221; button_bg_color__hover_enabled=&#8221;off&#8221; button_one_bg_color__hover_enabled=&#8221;off&#8221; button_two_bg_color__hover_enabled=&#8221;off&#8221;][\/et_pb_contact_field][et_pb_contact_field field_id=&#8221;Email&#8221; field_title=&#8221;Adresa de e-mail&#8221; field_type=&#8221;email&#8221; _builder_version=&#8221;3.19.4&#8243; button_text_size__hover_enabled=&#8221;off&#8221; button_one_text_size__hover_enabled=&#8221;off&#8221; button_two_text_size__hover_enabled=&#8221;off&#8221; button_text_color__hover_enabled=&#8221;off&#8221; button_one_text_color__hover_enabled=&#8221;off&#8221; button_two_text_color__hover_enabled=&#8221;off&#8221; button_border_width__hover_enabled=&#8221;off&#8221; button_one_border_width__hover_enabled=&#8221;off&#8221; button_two_border_width__hover_enabled=&#8221;off&#8221; button_border_color__hover_enabled=&#8221;off&#8221; button_one_border_color__hover_enabled=&#8221;off&#8221; button_two_border_color__hover_enabled=&#8221;off&#8221; button_border_radius__hover_enabled=&#8221;off&#8221; button_one_border_radius__hover_enabled=&#8221;off&#8221; button_two_border_radius__hover_enabled=&#8221;off&#8221; button_letter_spacing__hover_enabled=&#8221;off&#8221; button_one_letter_spacing__hover_enabled=&#8221;off&#8221; button_two_letter_spacing__hover_enabled=&#8221;off&#8221; button_bg_color__hover_enabled=&#8221;off&#8221; button_one_bg_color__hover_enabled=&#8221;off&#8221; button_two_bg_color__hover_enabled=&#8221;off&#8221;][\/et_pb_contact_field][et_pb_contact_field field_id=&#8221;Message&#8221; field_title=&#8221;Mesajul dvs.&#8221; field_type=&#8221;text&#8221; fullwidth_field=&#8221;on&#8221; _builder_version=&#8221;3.18.9&#8243; button_text_size__hover_enabled=&#8221;off&#8221; button_one_text_size__hover_enabled=&#8221;off&#8221; button_two_text_size__hover_enabled=&#8221;off&#8221; button_text_color__hover_enabled=&#8221;off&#8221; button_one_text_color__hover_enabled=&#8221;off&#8221; button_two_text_color__hover_enabled=&#8221;off&#8221; button_border_width__hover_enabled=&#8221;off&#8221; button_one_border_width__hover_enabled=&#8221;off&#8221; button_two_border_width__hover_enabled=&#8221;off&#8221; button_border_color__hover_enabled=&#8221;off&#8221; button_one_border_color__hover_enabled=&#8221;off&#8221; button_two_border_color__hover_enabled=&#8221;off&#8221; button_border_radius__hover_enabled=&#8221;off&#8221; button_one_border_radius__hover_enabled=&#8221;off&#8221; button_two_border_radius__hover_enabled=&#8221;off&#8221; button_letter_spacing__hover_enabled=&#8221;off&#8221; button_one_letter_spacing__hover_enabled=&#8221;off&#8221; button_two_letter_spacing__hover_enabled=&#8221;off&#8221; button_bg_color__hover_enabled=&#8221;off&#8221; button_one_bg_color__hover_enabled=&#8221;off&#8221; button_two_bg_color__hover_enabled=&#8221;off&#8221;][\/et_pb_contact_field][\/et_pb_contact_form][\/et_pb_column][et_pb_column type=&#8221;2_5&#8243; _builder_version=&#8221;3.25&#8243; custom_padding=&#8221;|||&#8221; custom_padding__hover=&#8221;|||&#8221;][et_pb_text _builder_version=&#8221;4.9.4&#8243; text_font=&#8221;Kaushan Script||||||||&#8221; text_text_color=&#8221;#f0622a&#8221; text_font_size=&#8221;30px&#8221; header_font=&#8221;||||||||&#8221; background_layout=&#8221;dark&#8221;]<\/p>\n<p>Operatorul PDI 2021<\/p>\n<p>[\/et_pb_text][et_pb_text _builder_version=&#8221;4.0.11&#8243; text_font=&#8221;||||||||&#8221;]<\/p>\n<p><span><img loading=\"lazy\" decoding=\"async\" src=\"https:\/\/pdi.ro\/2023\/2022\/wp-content\/uploads\/2020\/02\/eventer_logo_150px.png\" width=\"151\" height=\"33\" alt=\"\" class=\"wp-image-774 alignleft size-full\" \/><\/span><\/p>\n<p><span><\/span><\/p>\n<p><span><\/span><\/p>\n<p><span>Adresa: Str. A. Panu nr. 13, Iasi<\/span><br \/> <span>Tel.: 0332.40.88.00-05<\/span><br \/> <span>E-mail: <a href=\"mailto:inscrieri@primaderma.ro\" target=\"_blank\" rel=\"noopener noreferrer\">inscrieri@primaderma.ro<\/a><br \/> <\/span><span>Website:\u00a0<\/span><a href=\"http:\/\/www.eventernet.ro\/\" target=\"Blank\" rel=\"noopener noreferrer\">www.eventernet.ro<\/a><\/p>\n<p>[\/et_pb_text][et_pb_text disabled_on=&#8221;off|off|off&#8221; _builder_version=&#8221;4.0.11&#8243; text_font=&#8221;Kaushan Script||||||||&#8221; text_text_color=&#8221;#f0622a&#8221; text_font_size=&#8221;30px&#8221; header_font=&#8221;||||||||&#8221; background_layout=&#8221;dark&#8221; locked=&#8221;off&#8221;]<\/p>\n<p>Parteneri Media<\/p>\n<p>[\/et_pb_text][et_pb_gallery gallery_ids=&#8221;7203,7204,9252,9464,10156,10157,10556&#8243; fullwidth=&#8221;on&#8221; _builder_version=&#8221;4.9.7&#8243; transform_scale=&#8221;86%|86%&#8221; max_width=&#8221;63%&#8221; auto=&#8221;on&#8221; auto_speed=&#8221;3500&#8243; hover_transition_duration=&#8221;100ms&#8221; hover_transition_delay=&#8221;50ms&#8221; hover_transition_speed_curve=&#8221;ease-in-out&#8221; locked=&#8221;off&#8221;][\/et_pb_gallery][\/et_pb_column][\/et_pb_row][\/et_pb_section]<\/p>\n","protected":false},"excerpt":{"rendered":"<p>\u201ePDI mi-a oferit \u0219ansa de a vedea dermatologia \u0219i dintr-o alt\u0103 perspectiv\u0103\u201d* dialog cu doamna doctor Andreea Dimitriu, specialist dermato-venerologie la Arcadia &#8211; Spitale \u0219i Centre Medicale, unul dintre primii participan\u021bi la PDI &#8211; Se \u00eemplinesc 10 ani de PDI, un num\u0103r rotund, frumos, o aniversare important\u0103 pentru scoal\u0103 rom\u00e2neasc\u0103 de dermatologie. Ce v-a determinat [&hellip;]<\/p>\n","protected":false},"author":2,"featured_media":0,"parent":0,"menu_order":0,"comment_status":"closed","ping_status":"closed","template":"","meta":{"_et_pb_use_builder":"on","_et_pb_old_content":"","_et_gb_content_width":"","footnotes":""},"class_list":["post-10650","page","type-page","status-publish","hentry"],"_links":{"self":[{"href":"https:\/\/pdi.ro\/2023\/wp-json\/wp\/v2\/pages\/10650","targetHints":{"allow":["GET"]}}],"collection":[{"href":"https:\/\/pdi.ro\/2023\/wp-json\/wp\/v2\/pages"}],"about":[{"href":"https:\/\/pdi.ro\/2023\/wp-json\/wp\/v2\/types\/page"}],"author":[{"embeddable":true,"href":"https:\/\/pdi.ro\/2023\/wp-json\/wp\/v2\/users\/2"}],"replies":[{"embeddable":true,"href":"https:\/\/pdi.ro\/2023\/wp-json\/wp\/v2\/comments?post=10650"}],"version-history":[{"count":2,"href":"https:\/\/pdi.ro\/2023\/wp-json\/wp\/v2\/pages\/10650\/revisions"}],"predecessor-version":[{"id":10653,"href":"https:\/\/pdi.ro\/2023\/wp-json\/wp\/v2\/pages\/10650\/revisions\/10653"}],"wp:attachment":[{"href":"https:\/\/pdi.ro\/2023\/wp-json\/wp\/v2\/media?parent=10650"}],"curies":[{"name":"wp","href":"https:\/\/api.w.org\/{rel}","templated":true}]}}