{"id":10698,"date":"2021-07-20T13:26:17","date_gmt":"2021-07-20T11:26:17","guid":{"rendered":"https:\/\/primaderma.ro\/?page_id=10698"},"modified":"2021-07-20T13:26:17","modified_gmt":"2021-07-20T11:26:17","slug":"interviu-dr-georgiana-mihaila","status":"publish","type":"page","link":"https:\/\/pdi.ro\/2023\/interviu-dr-georgiana-mihaila\/","title":{"rendered":"Interviu Dr. Georgiana Mihail\u0103"},"content":{"rendered":"<p>[et_pb_section fb_built=&#8221;1&#8243; fullwidth=&#8221;on&#8221; disabled_on=&#8221;on|off|off&#8221; _builder_version=&#8221;3.22&#8243; custom_margin=&#8221;||&#8221; custom_padding=&#8221;15px||29px&#8221; top_divider_style=&#8221;waves2&#8243; top_divider_color=&#8221;#f0622a&#8221; top_divider_flip=&#8221;horizontal|vertical&#8221; bottom_divider_style=&#8221;waves2&#8243; bottom_divider_color=&#8221;#fcdedb&#8221; bottom_divider_height=&#8221;105px&#8221; bottom_divider_flip=&#8221;vertical&#8221; global_module=&#8221;9062&#8243; collapsed=&#8221;off&#8221;][et_pb_fullwidth_header title=&#8221;@ET-DC@eyJkeW5hbWljIjp0cnVlLCJjb250ZW50IjoicG9zdF90aXRsZSIsInNldHRpbmdzIjp7ImJlZm9yZSI6IiIsImFmdGVyIjoiIn19@&#8221; text_orientation=&#8221;right&#8221; header_image_url=&#8221;https:\/\/pdi.ro\/2023\/2022\/wp-content\/uploads\/2021\/05\/PDI2021_logo_header_int_600x300px.png&#8221; disabled_on=&#8221;on|on|off&#8221; _builder_version=&#8221;4.9.4&#8243; _dynamic_attributes=&#8221;title&#8221; title_font=&#8221;Kaushan Script||||||||&#8221; title_text_align=&#8221;right&#8221; title_text_color=&#8221;#f0622a&#8221; title_font_size=&#8221;50px&#8221; content_font=&#8221;|600||on|||||&#8221; content_text_align=&#8221;center&#8221; content_text_color=&#8221;#686766&#8243; content_font_size=&#8221;15px&#8221; subhead_font=&#8221;||||||||&#8221; background_color=&#8221;#ef916b&#8221; background_image=&#8221;https:\/\/pdi.ro\/2023\/2022\/wp-content\/uploads\/2021\/05\/PDI2021_header_1920x550px.jpg&#8221; background_blend=&#8221;luminosity&#8221; background_layout=&#8221;light&#8221; custom_margin=&#8221;0px||8px&#8221; custom_padding=&#8221;40px||40px||true&#8221; content_font_size_tablet=&#8221;&#8221; content_font_size_phone=&#8221;15px&#8221; content_font_size_last_edited=&#8221;on|desktop&#8221;][\/et_pb_fullwidth_header][\/et_pb_section][et_pb_section fb_built=&#8221;1&#8243; _builder_version=&#8221;4.4.8&#8243;][et_pb_row _builder_version=&#8221;4.4.8&#8243;][et_pb_column type=&#8221;4_4&#8243; _builder_version=&#8221;4.4.8&#8243;][et_pb_text _builder_version=&#8221;4.9.10&#8243; _module_preset=&#8221;default&#8221; text_font=&#8221;|700|||||||&#8221; text_text_color=&#8221;#F0622A&#8221; text_font_size=&#8221;34px&#8221; text_letter_spacing=&#8221;-1px&#8221; hover_enabled=&#8221;0&#8243; text_line_height=&#8221;1.4em&#8221; sticky_enabled=&#8221;0&#8243;]<\/p>\n<p>PDI a fost cheia cu care am deschis u\u0219a spre aceast\u0103 lume fabuloas\u0103 a medicinei<\/p>\n<p>[\/et_pb_text][et_pb_divider _builder_version=&#8221;4.9.6&#8243; _module_preset=&#8221;default&#8221; custom_margin=&#8221;||16px|||&#8221;][\/et_pb_divider][et_pb_text _builder_version=&#8221;4.9.10&#8243; hover_enabled=&#8221;0&#8243; sticky_enabled=&#8221;0&#8243;]<\/p>\n<p style=\"text-align: justify;\"><strong>* dialog cu doamna doctor Georgiana Mihail\u0103, medic primar la Spitalul Municipal de Urgen\u021b\u0103 \u201eElena Beldiman\u201d din B\u00e2rlad, \u0219eful Compartimentului Dermatologie-Venerologie<\/strong><\/p>\n<p style=\"text-align: justify;\"><strong>&#8211; Sunte\u021bi unul dintre primii medici care au participat, \u00een urm\u0103 cu zece ani, la prima edi\u021bie a Prim\u0103verii Dermatologice Ie\u0219ene (PDI), o manifestare care a crescut frumos \u0219i a devenit un reper pe harta evenimentelor medicale elitiste. Cum a\u021bi \u00eenceput colaborarea cu PDI?<\/strong><br \/>&#8211; Primul meu contact cu PDI a fost exact \u00een urm\u0103 cu 10 ani, c\u00e2nd eram t\u00e2n\u0103r\u0103 specialist\u0103, fost\u0103 rezident\u0103 a doamnei profesor Daciana Br\u0103ni\u0219teanu. Cred c\u0103 pot spune c\u0103 eu, ca specialist, \u0219i PDI am crescut \u00een paralel, extrem de frumos. Titlul de medic specialist \u00ee\u021bi d\u0103 foarte multe libert\u0103\u021bi \u0219i este o postur\u0103 pe care noi, doctorii, o a\u0219tept\u0103m foarte mult. Practic, este momentul \u00een care tu ca medic po\u021bi s\u0103-\u021bi practici singur meseria \u0219i pentru mine acel moment a fost unul de r\u0103scruce. Eu am debutat ca specialist o dat\u0103 cu PDI. Eu aveam experien\u021ba unor burse \u0219i a unor particip\u0103ri interna\u021bionale, respectiv prin Societatea European\u0103 de Dermatologie \u2013 EADV \u0219i tot ceea ce vedeam acolo era fascinant pentru mine. Erau cursuri, erau reziden\u021bii care aveau un contact facil cu speciali\u0219tii. Pentru mine, PDI a fost exact ca o alt\u0103 manifestare a EADV.<br \/><strong>&#8211; \u00cenc\u0103 se simte entuziasmul primei edi\u021bii&#8230;<\/strong><br \/>&#8211; Nici nu are cum s\u0103 fie altfel pentru c\u0103 prima edi\u021bie a fost ceva extraordinar, nemai\u00eent\u00e2lnit. Pentru prima dat\u0103, la PDI au avut acces \u0219i studen\u021bii, \u00een mod gratuit, \u0219i reziden\u021bii care au putut prezenta lucr\u0103ri. Au fost sesiuni de curs speciale pentru ei, cu tax\u0103 rezonabil\u0103. Pentru un rezident, taxele sunt destul de importante raportate la veniturile sale modeste \u0219i orice facilitate conteaz\u0103. A fost un acces la studiu, la noutate, la tot ce \u00eenseamn\u0103 lumea de top medical\u0103. A fost cheia cu care am deschis u\u0219a spre aceast\u0103 lume fabuloas\u0103 a medicinei. Prima edit\u021bie a PDI a fost ceva fantastic. Au fost cursuri pre-congres, post-congres \u0219i evenimentul \u00een sine, unul de amploare, derulat timp de cinci zile. Totul a fost foarte bine organizat, la un nivel \u0219tiin\u021bific extrem de \u00eenalt.<br \/><strong>&#8211; Ce v-a impresionat, la nivel \u0219tiin\u021bific?<\/strong><br \/>&#8211; Pentru prima oar\u0103 am v\u0103zut speakeri interna\u021bionali cu adev\u0103rat valoro\u0219i, recunoscu\u021bi peste hotare, care veneau pentru prima dat\u0103 \u00een Rom\u00e2nia \u0219i mai ales \u00een zona Moldovei. Erau lectori din Fran\u021ba, SUA, iar noi, tinerii speciali\u0219ti, eram cumva parte din aceast\u0103 fascinant\u0103 c\u0103l\u0103torie \u00eentr-o lume \u0219tiin\u021bific\u0103 medical\u0103 \u00een care se ajunge greu pentru c\u0103 trebuie s\u0103 munce\u0219ti extrem de mult ca s\u0103 fii acolo. Pe l\u00e2ng\u0103 toate acestea, marea noutate a fost abordarea interdisciplinar\u0103 a dermatologiei, \u00een premier\u0103, adic\u0103 la o interfa\u021b\u0103 cu celelalte specialit\u0103\u021bi \u2013 reumatologie, chirurgie vascular\u0103, boli infec\u021bioase chirurgie plastic\u0103. Atunci a fost punctul de lansare a interdisciplinarit\u0103\u021bii, la PDI. Pe acest concept a fost continuat\u0103 manifestarea \u00een anii anterioi. Acest lucru s-a v\u0103zut \u00een cursurile pre-manifestare \u0219i post-manifestare. Anii urm\u0103tori au venit cu nout\u0103\u021bi la care nici nu ne a\u0219teptam ca medici dermatologi. Au fost cursuri de chirurgie plastic\u0103 realizate de doamna profesor Daciana Br\u0103ni\u0219teanu \u00een colaborare cu Catedra de Chirurgie Plastic\u0103, oferite gratuit. Accesul la informa\u021bie \u00een lumea medical\u0103 nu este nici facil \u0219i nici ieftin, dar PDI a fost cea care a deschis por\u021bile cunoa\u0219terii. Noi am avut acces \u00eentr-o lume care ne era tabu p\u00e2n\u0103 \u00een acel moment.<br \/><strong>&#8211; Este de apreciat nu doar sprijinul oferit, ci \u0219i spiritul vizionar al fondatorilor PDI.<\/strong><br \/>&#8211; Acum accesul este mai facil la congresele interna\u021bionale sau na\u021bionale, dar \u00een urm\u0103 cu zece ani, c\u00e2nd s-a lansat PDI, studentul, rezidentul sau medicii speciali\u0219ti nu ajungeau a\u0219a u\u0219or. Nu se mai pomenise ca un student s\u0103 aib\u0103 acces gratuit la astfel de manifest\u0103ri. Dup\u0103 PDI s-a \u00eenfiin\u021bat ReziDerma, o manifestare special\u0103 pentru reziden\u021bi, foarte important\u0103 de altfel. \u00centre PDI \u0219i inova\u021bie trebuie s\u0103 pun semnul de egalitate, absolut esen\u021bial\u0103 \u00een medicin\u0103. Lumea se dezvolt\u0103 foarte repede, suntem \u00eentr-un adev\u0103rat carusel. La fel \u0219i medicina, PDI ca \u0219i manifestare \u021bine pasul \u0219i este vizionar\u0103 \u00een toate ceea ce face. Ca s\u0103 ofer doar un exemplu, anul trecut a fost prima manifestare medical\u0103 realizat\u0103 virtual, la un nivel excep\u021bional. Totul a fost foarte bine pus la punct de la accesul la lucr\u0103ri, la partea grafic\u0103. Puteam s\u0103 jur c\u0103 m\u0103 aflu la o manifestare a Academiei Americane de Dermatologie! Eu nu pot s\u0103 fac o diferen\u021b\u0103 \u00eentre manifest\u0103rile organizate cu alt buget \u00een Europa sau SUA \u0219i PDI! Cursurile au fost extrem de variate, au venit profesioni\u0219ti, sunt lectori de renume care au venit \u0219i au revenit. Este forte important ca un speaker, un profesor universitar s\u0103 revin\u0103 la o manifestare cu lucruri noi. Eu, ca medic, \u00een\u021beleg foarte bine acest aspect. PDI aduce mereu inova\u021bia la Ia\u0219i. Tot ceea ce este nou nu numai la nivelul Rom\u00e2niei, ci \u0219i european sau mondial se discut\u0103 la PDI. Ca s\u0103 dau un exemplu, la prima edi\u021bie a fost un curs despre cum s\u0103-\u021bi organizezi praxisul. Pe noi, medicii, nu ne \u00eenva\u021b\u0103 nimeni despre malpraxis, despre ce trebuie s\u0103 faci. Noi \u00eenv\u0103\u021b\u0103m partea medical\u0103, dar uit\u0103m de aceast\u0103 parte de rela\u021bionare cu pacientul, extrem de important\u0103. Fiecare tem\u0103 adus\u0103 de PDI a fost ceva nou, la care nu te-ai fi g\u00e2ndit, dar cu care te \u00eent\u00e2lne\u0219ti \u00een via\u021ba de zi cu zi.\u00a0<\/p>\n<p>[\/et_pb_text][\/et_pb_column][\/et_pb_row][\/et_pb_section][et_pb_section fb_built=&#8221;1&#8243; _builder_version=&#8221;4.9.6&#8243; background_color=&#8221;rgba(117,194,33,0.23)&#8221; background_image=&#8221;https:\/\/pdi.ro\/2023\/2022\/wp-content\/uploads\/2021\/05\/PDI2021_header_1920x550px.jpg&#8221; background_blend=&#8221;multiply&#8221; custom_padding=&#8221;54px|0px|0|0px|false|false&#8221; top_divider_style=&#8221;waves2&#8243; top_divider_color=&#8221;#ffffff&#8221; top_divider_height=&#8221;155px&#8221; top_divider_height_tablet=&#8221;&#8221; top_divider_height_phone=&#8221;97px&#8221; top_divider_height_last_edited=&#8221;on|desktop&#8221; bottom_divider_style=&#8221;waves2&#8243; bottom_divider_color=&#8221;#75c221&#8243; bottom_divider_flip=&#8221;vertical&#8221; bottom_divider_height_tablet=&#8221;&#8221; bottom_divider_height_phone=&#8221;59px&#8221; bottom_divider_height_last_edited=&#8221;on|desktop&#8221; global_module=&#8221;9177&#8243; saved_tabs=&#8221;all&#8221;][et_pb_row column_structure=&#8221;3_5,2_5&#8243; _builder_version=&#8221;3.25&#8243; custom_padding=&#8221;61px|0px|69px|0px|false|false&#8221;][et_pb_column type=&#8221;3_5&#8243; _builder_version=&#8221;3.25&#8243; custom_padding=&#8221;|||&#8221; custom_padding__hover=&#8221;|||&#8221;][et_pb_text _builder_version=&#8221;4.9.4&#8243; text_font=&#8221;Kaushan Script||||||||&#8221; text_text_color=&#8221;#f0622a&#8221; text_font_size=&#8221;30px&#8221; text_line_height=&#8221;1.2em&#8221; header_font=&#8221;||||||||&#8221; background_layout=&#8221;dark&#8221; text_font_size_tablet=&#8221;&#8221; text_font_size_phone=&#8221;&#8221; text_font_size_last_edited=&#8221;on|desktop&#8221;]<\/p>\n<p>Contacteaz\u0103 operatorul PDI 2021<\/p>\n<p>[\/et_pb_text][et_pb_contact_form email=&#8221;contact@pdi.ro\/2019&#8243; submit_button_text=&#8221;Trimite mesajul&#8221; _builder_version=&#8221;4.9.4&#8243; title_font=&#8221;||||||||&#8221; custom_button=&#8221;on&#8221; button_text_color=&#8221;#F0622A&#8221;][et_pb_contact_field field_id=&#8221;Name&#8221; field_title=&#8221;Nume&#8221; _builder_version=&#8221;3.18.9&#8243; button_text_size__hover_enabled=&#8221;off&#8221; button_one_text_size__hover_enabled=&#8221;off&#8221; button_two_text_size__hover_enabled=&#8221;off&#8221; button_text_color__hover_enabled=&#8221;off&#8221; button_one_text_color__hover_enabled=&#8221;off&#8221; button_two_text_color__hover_enabled=&#8221;off&#8221; button_border_width__hover_enabled=&#8221;off&#8221; button_one_border_width__hover_enabled=&#8221;off&#8221; button_two_border_width__hover_enabled=&#8221;off&#8221; button_border_color__hover_enabled=&#8221;off&#8221; button_one_border_color__hover_enabled=&#8221;off&#8221; button_two_border_color__hover_enabled=&#8221;off&#8221; button_border_radius__hover_enabled=&#8221;off&#8221; button_one_border_radius__hover_enabled=&#8221;off&#8221; button_two_border_radius__hover_enabled=&#8221;off&#8221; button_letter_spacing__hover_enabled=&#8221;off&#8221; button_one_letter_spacing__hover_enabled=&#8221;off&#8221; button_two_letter_spacing__hover_enabled=&#8221;off&#8221; button_bg_color__hover_enabled=&#8221;off&#8221; button_one_bg_color__hover_enabled=&#8221;off&#8221; button_two_bg_color__hover_enabled=&#8221;off&#8221;][\/et_pb_contact_field][et_pb_contact_field field_id=&#8221;Email&#8221; field_title=&#8221;Adresa de e-mail&#8221; field_type=&#8221;email&#8221; _builder_version=&#8221;3.19.4&#8243; button_text_size__hover_enabled=&#8221;off&#8221; button_one_text_size__hover_enabled=&#8221;off&#8221; button_two_text_size__hover_enabled=&#8221;off&#8221; button_text_color__hover_enabled=&#8221;off&#8221; button_one_text_color__hover_enabled=&#8221;off&#8221; button_two_text_color__hover_enabled=&#8221;off&#8221; button_border_width__hover_enabled=&#8221;off&#8221; button_one_border_width__hover_enabled=&#8221;off&#8221; button_two_border_width__hover_enabled=&#8221;off&#8221; button_border_color__hover_enabled=&#8221;off&#8221; button_one_border_color__hover_enabled=&#8221;off&#8221; button_two_border_color__hover_enabled=&#8221;off&#8221; button_border_radius__hover_enabled=&#8221;off&#8221; button_one_border_radius__hover_enabled=&#8221;off&#8221; button_two_border_radius__hover_enabled=&#8221;off&#8221; button_letter_spacing__hover_enabled=&#8221;off&#8221; button_one_letter_spacing__hover_enabled=&#8221;off&#8221; button_two_letter_spacing__hover_enabled=&#8221;off&#8221; button_bg_color__hover_enabled=&#8221;off&#8221; button_one_bg_color__hover_enabled=&#8221;off&#8221; button_two_bg_color__hover_enabled=&#8221;off&#8221;][\/et_pb_contact_field][et_pb_contact_field field_id=&#8221;Message&#8221; field_title=&#8221;Mesajul dvs.&#8221; field_type=&#8221;text&#8221; fullwidth_field=&#8221;on&#8221; _builder_version=&#8221;3.18.9&#8243; button_text_size__hover_enabled=&#8221;off&#8221; button_one_text_size__hover_enabled=&#8221;off&#8221; button_two_text_size__hover_enabled=&#8221;off&#8221; button_text_color__hover_enabled=&#8221;off&#8221; button_one_text_color__hover_enabled=&#8221;off&#8221; button_two_text_color__hover_enabled=&#8221;off&#8221; button_border_width__hover_enabled=&#8221;off&#8221; button_one_border_width__hover_enabled=&#8221;off&#8221; button_two_border_width__hover_enabled=&#8221;off&#8221; button_border_color__hover_enabled=&#8221;off&#8221; button_one_border_color__hover_enabled=&#8221;off&#8221; button_two_border_color__hover_enabled=&#8221;off&#8221; button_border_radius__hover_enabled=&#8221;off&#8221; button_one_border_radius__hover_enabled=&#8221;off&#8221; button_two_border_radius__hover_enabled=&#8221;off&#8221; button_letter_spacing__hover_enabled=&#8221;off&#8221; button_one_letter_spacing__hover_enabled=&#8221;off&#8221; button_two_letter_spacing__hover_enabled=&#8221;off&#8221; button_bg_color__hover_enabled=&#8221;off&#8221; button_one_bg_color__hover_enabled=&#8221;off&#8221; button_two_bg_color__hover_enabled=&#8221;off&#8221;][\/et_pb_contact_field][\/et_pb_contact_form][\/et_pb_column][et_pb_column type=&#8221;2_5&#8243; _builder_version=&#8221;3.25&#8243; custom_padding=&#8221;|||&#8221; custom_padding__hover=&#8221;|||&#8221;][et_pb_text _builder_version=&#8221;4.9.4&#8243; text_font=&#8221;Kaushan Script||||||||&#8221; text_text_color=&#8221;#f0622a&#8221; text_font_size=&#8221;30px&#8221; header_font=&#8221;||||||||&#8221; background_layout=&#8221;dark&#8221;]<\/p>\n<p>Operatorul PDI 2021<\/p>\n<p>[\/et_pb_text][et_pb_text _builder_version=&#8221;4.0.11&#8243; text_font=&#8221;||||||||&#8221;]<\/p>\n<p><span><img loading=\"lazy\" decoding=\"async\" src=\"https:\/\/pdi.ro\/2023\/2022\/wp-content\/uploads\/2020\/02\/eventer_logo_150px.png\" width=\"151\" height=\"33\" alt=\"\" class=\"wp-image-774 alignleft size-full\" \/><\/span><\/p>\n<p><span><\/span><\/p>\n<p><span><\/span><\/p>\n<p><span>Adresa: Str. A. Panu nr. 13, Iasi<\/span><br \/> <span>Tel.: 0332.40.88.00-05<\/span><br \/> <span>E-mail: <a href=\"mailto:inscrieri@primaderma.ro\" target=\"_blank\" rel=\"noopener noreferrer\">inscrieri@primaderma.ro<\/a><br \/> <\/span><span>Website:\u00a0<\/span><a href=\"http:\/\/www.eventernet.ro\/\" target=\"Blank\" rel=\"noopener noreferrer\">www.eventernet.ro<\/a><\/p>\n<p>[\/et_pb_text][et_pb_text disabled_on=&#8221;off|off|off&#8221; _builder_version=&#8221;4.0.11&#8243; text_font=&#8221;Kaushan Script||||||||&#8221; text_text_color=&#8221;#f0622a&#8221; text_font_size=&#8221;30px&#8221; header_font=&#8221;||||||||&#8221; background_layout=&#8221;dark&#8221; locked=&#8221;off&#8221;]<\/p>\n<p>Parteneri Media<\/p>\n<p>[\/et_pb_text][et_pb_gallery gallery_ids=&#8221;7203,7204,9252,9464,10156,10157,10556&#8243; fullwidth=&#8221;on&#8221; _builder_version=&#8221;4.9.7&#8243; transform_scale=&#8221;86%|86%&#8221; max_width=&#8221;63%&#8221; auto=&#8221;on&#8221; auto_speed=&#8221;3500&#8243; hover_transition_duration=&#8221;100ms&#8221; hover_transition_delay=&#8221;50ms&#8221; hover_transition_speed_curve=&#8221;ease-in-out&#8221; locked=&#8221;off&#8221;][\/et_pb_gallery][\/et_pb_column][\/et_pb_row][\/et_pb_section]<\/p>\n","protected":false},"excerpt":{"rendered":"<p>PDI a fost cheia cu care am deschis u\u0219a spre aceast\u0103 lume fabuloas\u0103 a medicinei* dialog cu doamna doctor Georgiana Mihail\u0103, medic primar la Spitalul Municipal de Urgen\u021b\u0103 \u201eElena Beldiman\u201d din B\u00e2rlad, \u0219eful Compartimentului Dermatologie-Venerologie &#8211; Sunte\u021bi unul dintre primii medici care au participat, \u00een urm\u0103 cu zece ani, la prima edi\u021bie a Prim\u0103verii Dermatologice [&hellip;]<\/p>\n","protected":false},"author":2,"featured_media":0,"parent":0,"menu_order":0,"comment_status":"closed","ping_status":"closed","template":"","meta":{"_et_pb_use_builder":"on","_et_pb_old_content":"","_et_gb_content_width":"","footnotes":""},"class_list":["post-10698","page","type-page","status-publish","hentry"],"_links":{"self":[{"href":"https:\/\/pdi.ro\/2023\/wp-json\/wp\/v2\/pages\/10698","targetHints":{"allow":["GET"]}}],"collection":[{"href":"https:\/\/pdi.ro\/2023\/wp-json\/wp\/v2\/pages"}],"about":[{"href":"https:\/\/pdi.ro\/2023\/wp-json\/wp\/v2\/types\/page"}],"author":[{"embeddable":true,"href":"https:\/\/pdi.ro\/2023\/wp-json\/wp\/v2\/users\/2"}],"replies":[{"embeddable":true,"href":"https:\/\/pdi.ro\/2023\/wp-json\/wp\/v2\/comments?post=10698"}],"version-history":[{"count":3,"href":"https:\/\/pdi.ro\/2023\/wp-json\/wp\/v2\/pages\/10698\/revisions"}],"predecessor-version":[{"id":10702,"href":"https:\/\/pdi.ro\/2023\/wp-json\/wp\/v2\/pages\/10698\/revisions\/10702"}],"wp:attachment":[{"href":"https:\/\/pdi.ro\/2023\/wp-json\/wp\/v2\/media?parent=10698"}],"curies":[{"name":"wp","href":"https:\/\/api.w.org\/{rel}","templated":true}]}}