{"id":10709,"date":"2021-07-23T15:10:15","date_gmt":"2021-07-23T13:10:15","guid":{"rendered":"https:\/\/primaderma.ro\/?page_id=10709"},"modified":"2021-07-23T15:10:15","modified_gmt":"2021-07-23T13:10:15","slug":"interviu-dr-claudia-artenie","status":"publish","type":"page","link":"https:\/\/pdi.ro\/2023\/interviu-dr-claudia-artenie\/","title":{"rendered":"Interviu Dr. Claudia Artenie"},"content":{"rendered":"<p>[et_pb_section fb_built=&#8221;1&#8243; fullwidth=&#8221;on&#8221; disabled_on=&#8221;on|off|off&#8221; _builder_version=&#8221;3.22&#8243; custom_margin=&#8221;||&#8221; custom_padding=&#8221;15px||29px&#8221; top_divider_style=&#8221;waves2&#8243; top_divider_color=&#8221;#f0622a&#8221; top_divider_flip=&#8221;horizontal|vertical&#8221; bottom_divider_style=&#8221;waves2&#8243; bottom_divider_color=&#8221;#fcdedb&#8221; bottom_divider_height=&#8221;105px&#8221; bottom_divider_flip=&#8221;vertical&#8221; global_module=&#8221;9062&#8243; collapsed=&#8221;off&#8221;][et_pb_fullwidth_header title=&#8221;@ET-DC@eyJkeW5hbWljIjp0cnVlLCJjb250ZW50IjoicG9zdF90aXRsZSIsInNldHRpbmdzIjp7ImJlZm9yZSI6IiIsImFmdGVyIjoiIn19@&#8221; text_orientation=&#8221;right&#8221; header_image_url=&#8221;https:\/\/pdi.ro\/2023\/2022\/wp-content\/uploads\/2021\/05\/PDI2021_logo_header_int_600x300px.png&#8221; disabled_on=&#8221;on|on|off&#8221; _builder_version=&#8221;4.9.4&#8243; _dynamic_attributes=&#8221;title&#8221; title_font=&#8221;Kaushan Script||||||||&#8221; title_text_align=&#8221;right&#8221; title_text_color=&#8221;#f0622a&#8221; title_font_size=&#8221;50px&#8221; content_font=&#8221;|600||on|||||&#8221; content_text_align=&#8221;center&#8221; content_text_color=&#8221;#686766&#8243; content_font_size=&#8221;15px&#8221; subhead_font=&#8221;||||||||&#8221; background_color=&#8221;#ef916b&#8221; background_image=&#8221;https:\/\/pdi.ro\/2023\/2022\/wp-content\/uploads\/2021\/05\/PDI2021_header_1920x550px.jpg&#8221; background_blend=&#8221;luminosity&#8221; background_layout=&#8221;light&#8221; custom_margin=&#8221;0px||8px&#8221; custom_padding=&#8221;40px||40px||true&#8221; content_font_size_tablet=&#8221;&#8221; content_font_size_phone=&#8221;15px&#8221; content_font_size_last_edited=&#8221;on|desktop&#8221;][\/et_pb_fullwidth_header][\/et_pb_section][et_pb_section fb_built=&#8221;1&#8243; _builder_version=&#8221;4.4.8&#8243;][et_pb_row _builder_version=&#8221;4.4.8&#8243;][et_pb_column type=&#8221;4_4&#8243; _builder_version=&#8221;4.4.8&#8243;][et_pb_text _builder_version=&#8221;4.9.10&#8243; _module_preset=&#8221;default&#8221; text_font=&#8221;|700|||||||&#8221; text_text_color=&#8221;#F0622A&#8221; text_font_size=&#8221;34px&#8221; text_letter_spacing=&#8221;-1px&#8221; text_line_height=&#8221;1.4em&#8221;]\u201eEvenimente precum PDI \u0219i organiza\u021bii precum ADEM sunt extrem de necesare \u00een construirea profesional\u0103 a unui medic\u201d[\/et_pb_text][et_pb_divider _builder_version=&#8221;4.9.6&#8243; _module_preset=&#8221;default&#8221; custom_margin=&#8221;||16px|||&#8221;][\/et_pb_divider][et_pb_text _builder_version=&#8221;4.9.10&#8243; hover_enabled=&#8221;0&#8243; sticky_enabled=&#8221;0&#8243;]<\/p>\n<p style=\"text-align: justify;\">* dialog cu dr. Claudia Artenie, medic primar dermato-venerolog, Ia\u0219i<\/p>\n<p style=\"text-align: justify;\"><strong>&#8211; Ce v-a atras la PDI, cum v-a ajutat \u00een carier\u0103?<\/strong><br \/>&#8211; Pentru mine PDI a \u00eensemnat o oportunitate fantastic\u0103 de formare \u0219i informare, chiar la noi \u00een Ia\u0219i, cu privire la tehnici, cercet\u0103ri, studii, la care de obicei aveam acces doar la congresele medicale organizate \u00een afara \u021b\u0103rii. Mai mult, faptul c\u0103 personalit\u0103\u021bi din lumea \u0219tiin\u021bific\u0103 medical\u0103 na\u021bional\u0103 \u0219i interna\u021bional\u0103 vin at\u00e2t de aproape de noi cu informa\u021bii noi, abord\u0103ri bine documentate, workshop-uri \u0219i reunesc \u00een s\u0103li medicii dermatologi din \u00eentreaga regiune e un aspect care face din PDI un eveniment ce nu trebuie ratat, dac\u0103 te respec\u021bi ca specialist. \u00cemi amintesc cu pl\u0103cere \u0219i satisfac\u021bie profesional\u0103 particip\u0103rile at\u00e2t c\u0103 lector, c\u00e2t \u0219i \u00een public, ca medic dornic s\u0103 se men\u021bin\u0103 la curent cu nout\u0103\u021bile din domeniul dermatologiei.<br \/><strong>&#8211; Cum a \u00eenceput colaborarea dvs. cu doamna profesor Daciana Br\u0103ni\u0219teanu? A\u021bi lucrat \u00eempreun\u0103, cum a contribuit experien\u021b\u0103 d-sale la formarea dvs. ca specialist?<\/strong><br \/>&#8211; Colaborarea mea cu doamna profesor Daciana Br\u0103ni\u0219teanu a debutat \u00een perioada reziden\u021biatului \u0219i \u00eemi place s\u0103 cred c\u0103 nu se va \u00eencheia niciodat\u0103, av\u00e2nd \u00een vedere faptul c\u0103 procesul de \u00eenv\u0103\u021bare nu \u00eenceteaz\u0103 niciodat\u0103 pentru un medic. Mai mult, \u00eei urm\u0103resc constant activitatea profesional\u0103 \u0219i sunt la curent cu lucr\u0103rile de specialitate publicate de domnia sa \u00een jurnalele medicale. Experien\u021ba profesional\u0103, tactul pedagogic \u0219i carisma au f\u0103cut din doamna profesor, cel pu\u021bin pentru mine, un model demn de urmat, de la care orice viitor medic are de \u00eenv\u0103\u021bat, dincolo de informa\u021bii \u0219i abilita\u021bi specializate.<br \/><strong>&#8211; Care au fost cele mai importante lucruri \u00eenv\u0103\u021bate \u00een perioada reziden\u021biatului?<\/strong><br \/>&#8211; Abordarea medical\u0103, pedagogic\u0103 \u0219i, nu \u00een ultimul r\u00e2nd, uman\u0103 au stabilit un standard profesional \u00eenalt, spre care orice medic rezident n\u0103zuie\u0219te, iar aici \u2013 aproape c\u0103 nu mai este necesar s\u0103 o spun, doamna profesor exceleaz\u0103. Dincolo de acumularea de cuno\u0219tinte medicale specifice, puterea exemplului \u0219i admira\u021bia sunt, de fapt, factorii cel mai mobilizatori \u00een procesul de devenire al unui specialist. Dorin\u021ba permanent\u0103 de autodep\u0103\u0219ire, responsabilitatea fa\u021b\u0103 de aceast\u0103 profesie, contribu\u021bia la dezvoltarea \u0219colii medicale de dermatologie \u0219i \u00eenaltul standard profesional sunt, cu siguran\u021b\u0103, aspectele care m-au impresionat profund la doamna Daciana Br\u0103ni\u0219teanu, devenind cele mai importante repere din perioada reziden\u021biatului. \u0218i, cu convingere, pot spune c\u0103 au cimentat, \u00een perspectiva mea, persoana doamnei profesor ca mentor.<br \/><strong>&#8211; Cum v-a sprijinit PDI \u0219i ADEM c\u0103 viitor specialist?<\/strong><br \/>&#8211; Evenimente precum PDI \u0219i organiza\u021bii precum ADEM sunt extrem de necesare \u00een construirea nu doar profesional\u0103, ci \u0219i a unui sentiment de apartenen\u021b\u0103 la un grup regional de speciali\u0219ti dornici de o cunoa\u0219tere mai bun\u0103 at\u00e2t reciproc\u0103, c\u00e2t \u0219i una mai profund\u0103, a profesiei de medic. \u00cei \u00eendemn pe to\u021bi medicii, aspiran\u021bi, reziden\u021bi, speciali\u0219ti, s\u0103 nu lase garda jos \u0219i s\u0103 \u00ee\u0219i stabileasc\u0103 standarde profesionale ridicate, spre atingerea c\u0103rora s\u0103 tind\u0103 constant, iar \u00een acest sens aten\u021bia \u00eendreptat\u0103 spre personalit\u0103\u021bi de calibrul doamnei profesor Daciana Br\u0103ni\u0219teanu \u0219i participarea constant\u0103 la evenimente de tipul PDI constituie p\u00e2rghii pe care e ideal \u0219i necesar s\u0103 le acceseze.<\/p>\n<p>[\/et_pb_text][\/et_pb_column][\/et_pb_row][\/et_pb_section][et_pb_section fb_built=&#8221;1&#8243; _builder_version=&#8221;4.9.6&#8243; background_color=&#8221;rgba(117,194,33,0.23)&#8221; background_image=&#8221;https:\/\/pdi.ro\/2023\/2022\/wp-content\/uploads\/2021\/05\/PDI2021_header_1920x550px.jpg&#8221; background_blend=&#8221;multiply&#8221; custom_padding=&#8221;54px|0px|0|0px|false|false&#8221; top_divider_style=&#8221;waves2&#8243; top_divider_color=&#8221;#ffffff&#8221; top_divider_height=&#8221;155px&#8221; top_divider_height_tablet=&#8221;&#8221; top_divider_height_phone=&#8221;97px&#8221; top_divider_height_last_edited=&#8221;on|desktop&#8221; bottom_divider_style=&#8221;waves2&#8243; bottom_divider_color=&#8221;#75c221&#8243; bottom_divider_flip=&#8221;vertical&#8221; bottom_divider_height_tablet=&#8221;&#8221; bottom_divider_height_phone=&#8221;59px&#8221; bottom_divider_height_last_edited=&#8221;on|desktop&#8221; global_module=&#8221;9177&#8243; saved_tabs=&#8221;all&#8221;][et_pb_row column_structure=&#8221;3_5,2_5&#8243; _builder_version=&#8221;3.25&#8243; custom_padding=&#8221;61px|0px|69px|0px|false|false&#8221;][et_pb_column type=&#8221;3_5&#8243; _builder_version=&#8221;3.25&#8243; custom_padding=&#8221;|||&#8221; custom_padding__hover=&#8221;|||&#8221;][et_pb_text _builder_version=&#8221;4.9.4&#8243; text_font=&#8221;Kaushan Script||||||||&#8221; text_text_color=&#8221;#f0622a&#8221; text_font_size=&#8221;30px&#8221; text_line_height=&#8221;1.2em&#8221; header_font=&#8221;||||||||&#8221; background_layout=&#8221;dark&#8221; text_font_size_tablet=&#8221;&#8221; text_font_size_phone=&#8221;&#8221; text_font_size_last_edited=&#8221;on|desktop&#8221;]<\/p>\n<p>Contacteaz\u0103 operatorul PDI 2021<\/p>\n<p>[\/et_pb_text][et_pb_contact_form email=&#8221;contact@pdi.ro\/2019&#8243; submit_button_text=&#8221;Trimite mesajul&#8221; _builder_version=&#8221;4.9.4&#8243; title_font=&#8221;||||||||&#8221; custom_button=&#8221;on&#8221; button_text_color=&#8221;#F0622A&#8221;][et_pb_contact_field field_id=&#8221;Name&#8221; field_title=&#8221;Nume&#8221; _builder_version=&#8221;3.18.9&#8243; button_text_size__hover_enabled=&#8221;off&#8221; button_one_text_size__hover_enabled=&#8221;off&#8221; button_two_text_size__hover_enabled=&#8221;off&#8221; button_text_color__hover_enabled=&#8221;off&#8221; button_one_text_color__hover_enabled=&#8221;off&#8221; button_two_text_color__hover_enabled=&#8221;off&#8221; button_border_width__hover_enabled=&#8221;off&#8221; button_one_border_width__hover_enabled=&#8221;off&#8221; button_two_border_width__hover_enabled=&#8221;off&#8221; button_border_color__hover_enabled=&#8221;off&#8221; button_one_border_color__hover_enabled=&#8221;off&#8221; button_two_border_color__hover_enabled=&#8221;off&#8221; button_border_radius__hover_enabled=&#8221;off&#8221; button_one_border_radius__hover_enabled=&#8221;off&#8221; button_two_border_radius__hover_enabled=&#8221;off&#8221; button_letter_spacing__hover_enabled=&#8221;off&#8221; button_one_letter_spacing__hover_enabled=&#8221;off&#8221; button_two_letter_spacing__hover_enabled=&#8221;off&#8221; button_bg_color__hover_enabled=&#8221;off&#8221; button_one_bg_color__hover_enabled=&#8221;off&#8221; button_two_bg_color__hover_enabled=&#8221;off&#8221;][\/et_pb_contact_field][et_pb_contact_field field_id=&#8221;Email&#8221; field_title=&#8221;Adresa de e-mail&#8221; field_type=&#8221;email&#8221; _builder_version=&#8221;3.19.4&#8243; button_text_size__hover_enabled=&#8221;off&#8221; button_one_text_size__hover_enabled=&#8221;off&#8221; button_two_text_size__hover_enabled=&#8221;off&#8221; button_text_color__hover_enabled=&#8221;off&#8221; button_one_text_color__hover_enabled=&#8221;off&#8221; button_two_text_color__hover_enabled=&#8221;off&#8221; button_border_width__hover_enabled=&#8221;off&#8221; button_one_border_width__hover_enabled=&#8221;off&#8221; button_two_border_width__hover_enabled=&#8221;off&#8221; button_border_color__hover_enabled=&#8221;off&#8221; button_one_border_color__hover_enabled=&#8221;off&#8221; button_two_border_color__hover_enabled=&#8221;off&#8221; button_border_radius__hover_enabled=&#8221;off&#8221; button_one_border_radius__hover_enabled=&#8221;off&#8221; button_two_border_radius__hover_enabled=&#8221;off&#8221; button_letter_spacing__hover_enabled=&#8221;off&#8221; button_one_letter_spacing__hover_enabled=&#8221;off&#8221; button_two_letter_spacing__hover_enabled=&#8221;off&#8221; button_bg_color__hover_enabled=&#8221;off&#8221; button_one_bg_color__hover_enabled=&#8221;off&#8221; button_two_bg_color__hover_enabled=&#8221;off&#8221;][\/et_pb_contact_field][et_pb_contact_field field_id=&#8221;Message&#8221; field_title=&#8221;Mesajul dvs.&#8221; field_type=&#8221;text&#8221; fullwidth_field=&#8221;on&#8221; _builder_version=&#8221;3.18.9&#8243; button_text_size__hover_enabled=&#8221;off&#8221; button_one_text_size__hover_enabled=&#8221;off&#8221; button_two_text_size__hover_enabled=&#8221;off&#8221; button_text_color__hover_enabled=&#8221;off&#8221; button_one_text_color__hover_enabled=&#8221;off&#8221; button_two_text_color__hover_enabled=&#8221;off&#8221; button_border_width__hover_enabled=&#8221;off&#8221; button_one_border_width__hover_enabled=&#8221;off&#8221; button_two_border_width__hover_enabled=&#8221;off&#8221; button_border_color__hover_enabled=&#8221;off&#8221; button_one_border_color__hover_enabled=&#8221;off&#8221; button_two_border_color__hover_enabled=&#8221;off&#8221; button_border_radius__hover_enabled=&#8221;off&#8221; button_one_border_radius__hover_enabled=&#8221;off&#8221; button_two_border_radius__hover_enabled=&#8221;off&#8221; button_letter_spacing__hover_enabled=&#8221;off&#8221; button_one_letter_spacing__hover_enabled=&#8221;off&#8221; button_two_letter_spacing__hover_enabled=&#8221;off&#8221; button_bg_color__hover_enabled=&#8221;off&#8221; button_one_bg_color__hover_enabled=&#8221;off&#8221; button_two_bg_color__hover_enabled=&#8221;off&#8221;][\/et_pb_contact_field][\/et_pb_contact_form][\/et_pb_column][et_pb_column type=&#8221;2_5&#8243; _builder_version=&#8221;3.25&#8243; custom_padding=&#8221;|||&#8221; custom_padding__hover=&#8221;|||&#8221;][et_pb_text _builder_version=&#8221;4.9.4&#8243; text_font=&#8221;Kaushan Script||||||||&#8221; text_text_color=&#8221;#f0622a&#8221; text_font_size=&#8221;30px&#8221; header_font=&#8221;||||||||&#8221; background_layout=&#8221;dark&#8221;]<\/p>\n<p>Operatorul PDI 2021<\/p>\n<p>[\/et_pb_text][et_pb_text _builder_version=&#8221;4.0.11&#8243; text_font=&#8221;||||||||&#8221;]<\/p>\n<p><span><img loading=\"lazy\" decoding=\"async\" src=\"https:\/\/pdi.ro\/2023\/2022\/wp-content\/uploads\/2020\/02\/eventer_logo_150px.png\" width=\"151\" height=\"33\" alt=\"\" class=\"wp-image-774 alignleft size-full\" \/><\/span><\/p>\n<p><span><\/span><\/p>\n<p><span><\/span><\/p>\n<p><span>Adresa: Str. A. Panu nr. 13, Iasi<\/span><br \/> <span>Tel.: 0332.40.88.00-05<\/span><br \/> <span>E-mail: <a href=\"mailto:inscrieri@primaderma.ro\" target=\"_blank\" rel=\"noopener noreferrer\">inscrieri@primaderma.ro<\/a><br \/> <\/span><span>Website:\u00a0<\/span><a href=\"http:\/\/www.eventernet.ro\/\" target=\"Blank\" rel=\"noopener noreferrer\">www.eventernet.ro<\/a><\/p>\n<p>[\/et_pb_text][et_pb_text disabled_on=&#8221;off|off|off&#8221; _builder_version=&#8221;4.0.11&#8243; text_font=&#8221;Kaushan Script||||||||&#8221; text_text_color=&#8221;#f0622a&#8221; text_font_size=&#8221;30px&#8221; header_font=&#8221;||||||||&#8221; background_layout=&#8221;dark&#8221; locked=&#8221;off&#8221;]<\/p>\n<p>Parteneri Media<\/p>\n<p>[\/et_pb_text][et_pb_gallery gallery_ids=&#8221;7203,7204,9252,9464,10156,10157,10556&#8243; fullwidth=&#8221;on&#8221; _builder_version=&#8221;4.9.7&#8243; transform_scale=&#8221;86%|86%&#8221; max_width=&#8221;63%&#8221; auto=&#8221;on&#8221; auto_speed=&#8221;3500&#8243; hover_transition_duration=&#8221;100ms&#8221; hover_transition_delay=&#8221;50ms&#8221; hover_transition_speed_curve=&#8221;ease-in-out&#8221; locked=&#8221;off&#8221;][\/et_pb_gallery][\/et_pb_column][\/et_pb_row][\/et_pb_section]<\/p>\n","protected":false},"excerpt":{"rendered":"<p>\u201eEvenimente precum PDI \u0219i organiza\u021bii precum ADEM sunt extrem de necesare \u00een construirea profesional\u0103 a unui medic\u201d* dialog cu dr. Claudia Artenie, medic primar dermato-venerolog, Ia\u0219i &#8211; Ce v-a atras la PDI, cum v-a ajutat \u00een carier\u0103?- Pentru mine PDI a \u00eensemnat o oportunitate fantastic\u0103 de formare \u0219i informare, chiar la noi \u00een Ia\u0219i, cu [&hellip;]<\/p>\n","protected":false},"author":2,"featured_media":0,"parent":0,"menu_order":0,"comment_status":"closed","ping_status":"closed","template":"","meta":{"_et_pb_use_builder":"on","_et_pb_old_content":"","_et_gb_content_width":"","footnotes":""},"class_list":["post-10709","page","type-page","status-publish","hentry"],"_links":{"self":[{"href":"https:\/\/pdi.ro\/2023\/wp-json\/wp\/v2\/pages\/10709","targetHints":{"allow":["GET"]}}],"collection":[{"href":"https:\/\/pdi.ro\/2023\/wp-json\/wp\/v2\/pages"}],"about":[{"href":"https:\/\/pdi.ro\/2023\/wp-json\/wp\/v2\/types\/page"}],"author":[{"embeddable":true,"href":"https:\/\/pdi.ro\/2023\/wp-json\/wp\/v2\/users\/2"}],"replies":[{"embeddable":true,"href":"https:\/\/pdi.ro\/2023\/wp-json\/wp\/v2\/comments?post=10709"}],"version-history":[{"count":3,"href":"https:\/\/pdi.ro\/2023\/wp-json\/wp\/v2\/pages\/10709\/revisions"}],"predecessor-version":[{"id":10713,"href":"https:\/\/pdi.ro\/2023\/wp-json\/wp\/v2\/pages\/10709\/revisions\/10713"}],"wp:attachment":[{"href":"https:\/\/pdi.ro\/2023\/wp-json\/wp\/v2\/media?parent=10709"}],"curies":[{"name":"wp","href":"https:\/\/api.w.org\/{rel}","templated":true}]}}