{"id":45,"date":"2020-02-04T13:48:51","date_gmt":"2020-02-04T13:48:51","guid":{"rendered":"https:\/\/primaderma.ro\/?page_id=45"},"modified":"2024-01-25T17:24:52","modified_gmt":"2024-01-25T15:24:52","slug":"comitete","status":"publish","type":"page","link":"https:\/\/pdi.ro\/2023\/comitete\/","title":{"rendered":"Comitete"},"content":{"rendered":"<p>[et_pb_section fb_built=&#8221;1&#8243; fullwidth=&#8221;on&#8221; disabled_on=&#8221;on|off|off&#8221; _builder_version=&#8221;4.19.4&#8243; custom_margin=&#8221;||&#8221; custom_padding=&#8221;15px||29px&#8221; top_divider_style=&#8221;waves2&#8243; top_divider_color=&#8221;#F0622A&#8221; top_divider_flip=&#8221;horizontal|vertical&#8221; bottom_divider_style=&#8221;waves2&#8243; bottom_divider_color=&#8221;#fcdedb&#8221; bottom_divider_height=&#8221;105px&#8221; bottom_divider_flip=&#8221;vertical&#8221; hover_enabled=&#8221;0&#8243; global_module=&#8221;9062&#8243; saved_tabs=&#8221;all&#8221; collapsed=&#8221;off&#8221; global_colors_info=&#8221;{}&#8221; sticky_enabled=&#8221;0&#8243;][et_pb_fullwidth_header title=&#8221;@ET-DC@eyJkeW5hbWljIjp0cnVlLCJjb250ZW50IjoicG9zdF90aXRsZSIsInNldHRpbmdzIjp7ImJlZm9yZSI6IiIsImFmdGVyIjoiIn19@&#8221; disabled_on=&#8221;on|on|off&#8221; _builder_version=&#8221;4.24.0&#8243; _dynamic_attributes=&#8221;title&#8221; title_font=&#8221;Kaushan Script||||||||&#8221; title_text_align=&#8221;left&#8221; title_text_color=&#8221;#f0622a&#8221; title_font_size=&#8221;55px&#8221; content_font=&#8221;|600||on|||||&#8221; content_text_align=&#8221;center&#8221; content_text_color=&#8221;#686766&#8243; content_font_size=&#8221;15px&#8221; subhead_font=&#8221;||||||||&#8221; background_enable_color=&#8221;off&#8221; background_image=&#8221;https:\/\/pdi.ro\/2023\/wp-content\/uploads\/2024\/01\/PDI2024_header-scaled.jpg&#8221; background_blend=&#8221;luminosity&#8221; background_layout=&#8221;light&#8221; custom_margin=&#8221;||-5px||false|false&#8221; custom_padding=&#8221;150px||150px||true|false&#8221; hover_enabled=&#8221;0&#8243; content_font_size_tablet=&#8221;&#8221; content_font_size_phone=&#8221;15px&#8221; content_font_size_last_edited=&#8221;on|desktop&#8221; global_colors_info=&#8221;{}&#8221; sticky_enabled=&#8221;0&#8243;][\/et_pb_fullwidth_header][\/et_pb_section][et_pb_section fb_built=&#8221;1&#8243; disabled_on=&#8221;off|off|off&#8221; _builder_version=&#8221;4.16&#8243; top_divider_style=&#8221;waves2&#8243; top_divider_color=&#8221;#fcdedb&#8221; top_divider_height=&#8221;95px&#8221; top_divider_flip=&#8221;horizontal|vertical&#8221; global_colors_info=&#8221;{}&#8221;][et_pb_row disabled_on=&#8221;on|on|on&#8221; _builder_version=&#8221;4.24.0&#8243; custom_margin=&#8221;60px||||false|false&#8221; border_color_top=&#8221;#f0622a&#8221; disabled=&#8221;on&#8221; global_colors_info=&#8221;{}&#8221;][et_pb_column type=&#8221;4_4&#8243; _builder_version=&#8221;4.16&#8243; custom_padding=&#8221;|||&#8221; global_colors_info=&#8221;{}&#8221; custom_padding__hover=&#8221;|||&#8221;][et_pb_text _builder_version=&#8221;4.19.4&#8243; global_colors_info=&#8221;{}&#8221;]<\/p>\n<h3><strong>Comitetele vor fi publicate \u00een cur\u00e2nd. Mul\u021bumim!<br \/><\/strong><\/h3>\n<p>[\/et_pb_text][\/et_pb_column][\/et_pb_row][et_pb_row disabled_on=&#8221;off|off|off&#8221; _builder_version=&#8221;4.24.0&#8243; custom_margin=&#8221;60px||||false|false&#8221; border_width_top=&#8221;3px&#8221; border_color_top=&#8221;#f0622a&#8221; global_colors_info=&#8221;{}&#8221;][et_pb_column type=&#8221;4_4&#8243; _builder_version=&#8221;4.16&#8243; custom_padding=&#8221;|||&#8221; global_colors_info=&#8221;{}&#8221; custom_padding__hover=&#8221;|||&#8221;][et_pb_text _builder_version=&#8221;4.24.0&#8243; global_colors_info=&#8221;{}&#8221;]<\/p>\n<h2 style=\"text-align: center;\"><span style=\"color: #ff6600;\"><strong>Comitet de organizare<\/strong><\/span><\/h2>\n<h2 style=\"text-align: center;\"><span style=\"color: #ff6600;\"><strong>PDI 2023<\/strong><\/span><\/h2>\n<p>[\/et_pb_text][\/et_pb_column][\/et_pb_row][et_pb_row disabled_on=&#8221;off|off|off&#8221; _builder_version=&#8221;4.24.0&#8243; custom_margin=&#8221;-44px||&#8221; global_colors_info=&#8221;{}&#8221;][et_pb_column type=&#8221;4_4&#8243; _builder_version=&#8221;4.16&#8243; custom_padding=&#8221;|||&#8221; global_colors_info=&#8221;{}&#8221; custom_padding__hover=&#8221;|||&#8221;][et_pb_text _builder_version=&#8221;4.24.0&#8243; global_colors_info=&#8221;{}&#8221;]<\/p>\n<h3 style=\"text-align: center;\"><strong>Pre\u0219edinte<\/strong><\/h3>\n<p style=\"text-align: center;\">Prof. Dr. Daciana Elena Br\u0103ni\u015fteanu (Ia\u015fi)<\/p>\n<h3 style=\"text-align: center;\"><strong>Pre\u015fedin\u0163i de Onoare<\/strong><\/h3>\n<p style=\"text-align: center;\">Prof. Dr. Torello Lotti (Italia)<br \/>\nProf. Dr. Niazi Khursow (S.U.A.)<br \/>\nProf. Dr. Dominik Heim (Elve\u021bia)<br \/>\nProf. Dr. Aristidis Tsatsakis (Grecia)<br \/>\nProf. Dr. Viorel Scripcariu (Ia\u015fi)<br \/>\nProf. Dr. C\u0103lin Giurc\u0103neanu (Bucure\u0219ti)<br \/>\nProf.\u00a0 Dr. L\u0103cr\u0103mioara Ionela \u015eerban (Ia\u015fi)<\/p>\n<h3 style=\"text-align: center;\"><strong>Vicepre\u0219edin\u0163i<\/strong><\/h3>\n<p style=\"text-align: center;\">Prof. Dr. Simona Roxana Georgescu (Bucure\u015fti)<br \/>\nProf. Dr. Diana Deleanu (Cluj)<br \/>\nProf. Dr. Claudia Gherman (Cluj)<br \/>\nProf. Dr. Monica H\u0103ncianu (Ia\u0219i)<br \/>\nCercet. \u0218t. gr. I Dr. Vasile Benea (Bucure\u015fti)<br \/>\nConf. Dr. Daniel Boda (Bucure\u015fti)<br \/>\nConf. Dr. Daniel Constantin Br\u0103ni\u015fteanu (Ia\u015fi)<br \/>\nDr. Alin Nicolescu (Bucure\u0219ti)<br \/>\nDr. Daniel Costache (Bucure\u0219ti)<br \/>\nDr. Dana Mihaela Jianu (Bucure\u015fti)<br \/>\nDr. Elena Mitrofan (Ia\u015fi)\n<\/p>\n<h3 style=\"text-align: center;\"><strong>Membri<\/strong><\/h3>\n<p style=\"text-align: center;\">Dr. Emilia Solomon<br \/>\nDr. Andreea Molodoi<br \/>\nDr. Daniela Vasilu\u0163<br \/>\nDr. Andreea Dimitriu<br \/>\nDr. Georgiana Mih\u0103il\u0103<br \/>\n\u0218ef Lucr. Dr. Aida B\u0103descu<br \/>\nConf. Dr. Aida M\u0103r\u0103nduca<br \/>\nDr. Claudia Artenie\n<\/p>\n<h3 style=\"text-align: center;\"><strong>Secretariat \u0218tiin\u0163ific:<\/strong><\/h3>\n<p style=\"text-align: center;\">Prof. Dr. Anca Zbranca Topora\u015f<br \/>\nConf. Dr. Paula Toader<br \/>\nConf. Dr. Gabriela Stoleriu<br \/>\n\u0218ef Lucr. Dr. Elena Porumb Andrese\n<\/p>\n<p>[\/et_pb_text][\/et_pb_column][\/et_pb_row][et_pb_row disabled_on=&#8221;off|off|off&#8221; _builder_version=&#8221;4.24.0&#8243; border_width_top=&#8221;3px&#8221; border_color_top=&#8221;#f0622a&#8221; global_colors_info=&#8221;{}&#8221;][et_pb_column type=&#8221;4_4&#8243; _builder_version=&#8221;4.16&#8243; custom_padding=&#8221;|||&#8221; global_colors_info=&#8221;{}&#8221; custom_padding__hover=&#8221;|||&#8221;][et_pb_text _builder_version=&#8221;4.24.0&#8243; global_colors_info=&#8221;{}&#8221;]<\/p>\n<h2 style=\"text-align: center;\"><span style=\"color: #ff6600;\"><strong>Comitet \u0219tiin\u0163ific<\/strong><\/span><\/h2>\n<h2 style=\"text-align: center;\"><span style=\"color: #ff6600;\"><strong>PDI 2023<\/strong><\/span><\/h2>\n<p>[\/et_pb_text][\/et_pb_column][\/et_pb_row][et_pb_row column_structure=&#8221;1_4,1_4,1_4,1_4&#8243; disabled_on=&#8221;off|off|off&#8221; _builder_version=&#8221;4.24.0&#8243; max_width=&#8221;1338px&#8221; custom_margin=&#8221;-43px||&#8221; use_custom_width=&#8221;on&#8221; custom_width_px=&#8221;1338px&#8221; global_colors_info=&#8221;{}&#8221;][et_pb_column type=&#8221;1_4&#8243; _builder_version=&#8221;4.16&#8243; custom_padding=&#8221;|||&#8221; global_colors_info=&#8221;{}&#8221; custom_padding__hover=&#8221;|||&#8221;][et_pb_text _builder_version=&#8221;4.24.0&#8243; custom_margin=&#8221;|-50px|||false|false&#8221; global_colors_info=&#8221;{}&#8221;]Prof. Dr. Dominik Heim<br \/>\nProf. Dr. Manfred Herold<br \/>\nProf. Dr. Niazi Khusrow<br \/>\nProf. Dr. Torello Lotti<br \/>\nProf. Dr. Davinder Parsad<br \/>\nProf. Dr. Katharina Russe Wilflingseder<br \/>\nProf. Dr. Aristidis Tsatsakis<br \/>\nProf. Dr. Yan Valle<br \/>\nAssoc. Prof. Dr. Dragana Nikitovic<br \/>\nAssoc. Prof. Dr. Krisztian Gaspar<br \/>\nAssoc. Prof. Dr. Iulia Popescu<br \/>\nAssoc. Prof. Dr. Stanislava Tzaneva<br \/>\nDr. Brigitte Balme<br \/>\nDr. Rene Milleret<br \/>\nDr. Roxanna Sadoughifar[\/et_pb_text][\/et_pb_column][et_pb_column type=&#8221;1_4&#8243; _builder_version=&#8221;4.16&#8243; custom_padding=&#8221;|||&#8221; global_colors_info=&#8221;{}&#8221; custom_padding__hover=&#8221;|||&#8221;][et_pb_text _builder_version=&#8221;4.24.0&#8243; custom_margin=&#8221;|-50px|||false|false&#8221; custom_padding=&#8221;||||false|false&#8221; global_colors_info=&#8221;{}&#8221;]Prof. Dr. Mihail Alecu<br \/>\nProf. Dr. Robert Ancuceanu<br \/>\nProf. Dr. Codrina Ancu\u021ba<br \/>\nProf. Dr. C\u0103t\u0103lina Arsenescu Georgescu<br \/>\nProf. Dr. Mihai Bojinc\u0103<br \/>\nProf. Dr. Daciana Br\u0103ni\u015fteanu<br \/>\nProf. Dr. Constantin C\u0103runtu<br \/>\nProf. Dr. Diana Cimpoe\u0219u<br \/>\nProf. Dr. Manuela Ciocoiu<br \/>\nProf. Dr. Anamaria Ciubar\u0103<br \/>\nProf. Dr. C\u0103t\u0103lin Codreanu<br \/>\nProf. Dr. Diana Deleanu<br \/>\nProf. Dr. Adriana Filip<br \/>\nProf. Dr. Ana-Maria Forsea<br \/>\nProf. Dr. Simona Georgescu<br \/>\nProf. Dr. C\u0103lin Giurc\u0103neanu<br \/>\nProf. Dr. Monica H\u0103ncianu<br \/>\nProf. Dr. C\u0103t\u0103lina Luca<br \/>\nProf. Dr. Egidia Miftode<br \/>\nProf. Dr. Mircea Onofriescu<br \/>\nProf. Dr. Carmen Panaitescu<br \/>\nProf. Dr. Cristina Preda<br \/>\nProf. Dr. Carmen S\u0103l\u0103v\u0103stru<br \/>\nProf. Dr. Cristian St\u0103tescu<br \/>\nProf. Dr. Alin Lauren\u021biu Tatu<br \/>\nProf. Dr. Anca Zbranca-Topora\u0219<br \/>\nProf. Dr. Sabina Zurac<br \/>\nC.\u0218t. gr. I Dr. Vasile Benea<br \/>\nC.\u0218t. gr. I Dr. Carolina Constantin<br \/>\nC.\u0218t. gr. I Dr. Monica Neagu[\/et_pb_text][\/et_pb_column][et_pb_column type=&#8221;1_4&#8243; _builder_version=&#8221;4.16&#8243; custom_padding=&#8221;|||&#8221; global_colors_info=&#8221;{}&#8221; custom_padding__hover=&#8221;|||&#8221;][et_pb_text _builder_version=&#8221;4.24.0&#8243; global_colors_info=&#8221;{}&#8221;]Conf. Dr. Daniel Boda<br \/>\nConf. Dr. Daniel Br\u0103ni\u0219teanu<br \/>\nConf. Dr. Ilarie Brihan<br \/>\nConf. Dr. Magda Constantin<br \/>\nConf. Dr. Anca Docea<br \/>\nConf. Dr. Laura Endres<br \/>\nConf. Dr. Viviana Onofrei<br \/>\nConf. Dr. Daniela Opri\u0219-Belinski<br \/>\nConf. Dr. Cristina Popa<br \/>\nConf. Dr. Simona Corina \u0218enil\u0103<br \/>\nConf. Dr. Gabriela Stoleriu<br \/>\nConf. Dr. Paula Toader<br \/>\nConf. Dr. Loredana Ungureanu<br \/>\n\u0218ef Lucr. Dr. Aida Corina B\u0103descu<br \/>\n\u0218ef Lucr. Dr. Daniel Costache<br \/>\n\u0218ef Lucr. Dr. Petra Decean<br \/>\n\u0218ef Lucr. Dr. Florina Filip Ciubotaru<br \/>\n\u0218ef Lucr. Dr. Mihail Glod<br \/>\n\u0218ef Lucr. Dr. Nicu\u021ba Manolache<br \/>\n\u0218ef Lucr. Dr. Olgu\u021ba Orzan<br \/>\n\u0218ef Lucr. Dr. Irena Pintea<br \/>\n\u0218ef Lucr. Dr. Elena Porumb Andrese<br \/>\n\u0218ef Lucr. Dr. Laura St\u0103tescu<br \/>\n\u0218ef Lucr. Dr. Camelia Tama\u0219<br \/>\n\u0218ef Lucr. Dr. Vlad Voiculescu<br \/>\nAsist. Univ. Dr. Oana Condurache Hritcu<br \/>\nAsist. Dr. Andrian Panut\u0326a<br \/>\nAsist. Univ. Dr. Irena Pintea<br \/>\nAsist. Univ. Dr. Valentin-Tudor Popa<br \/>\nAsist. Dr. Antonia Radu<br \/>\nAsist. Univ. Dr. Gloria Suciu[\/et_pb_text][\/et_pb_column][et_pb_column type=&#8221;1_4&#8243; _builder_version=&#8221;4.16&#8243; custom_padding=&#8221;|||&#8221; global_colors_info=&#8221;{}&#8221; custom_padding__hover=&#8221;|||&#8221;][et_pb_text _builder_version=&#8221;4.24.0&#8243; global_colors_info=&#8221;{}&#8221;]Dr. Claudia Artenie<br \/>\nDr. Sonia B\u0103dulici<br \/>\nDr. Dalia Bratu<br \/>\nDr. Anca Cerbu<br \/>\nDr. Mirela Cherciu<br \/>\nDr. Elena Crihan<br \/>\nDr. Monica D\u0103rm\u0103nescu<br \/>\nDr. Adriana Diaconeasa<br \/>\nDr. Andreea Dimitriu<br \/>\nDr. Andreea-Roxana Furtunescu<br \/>\nDr. Nicolae Iordache Iordache<br \/>\nDr. Dana Jianu<br \/>\nDr. \u0218tefan Jianu<br \/>\nDr. Georgiana Mih\u0103il\u0103<br \/>\nDr. Elena Mitrofan<br \/>\nDr. Andreea Molodoi<br \/>\nDr. Cristina Muntean<br \/>\nDr. Irinel Nedelcu<br \/>\nDr. Alin Nicolescu<br \/>\nDr. Magda P\u00e2rvu<br \/>\nDr. Laura Elena Paviliu<br \/>\nDr. Luiza Petrariu<br \/>\nDr. Diana Pl\u0103cintescu<br \/>\nDr. Alexandra Radu<br \/>\nDr. Emilia Solomon<br \/>\nDr. Alina Stincanu<br \/>\nDr. Gabriela Ungureanu<br \/>\nDr. Daniela Vasilu\u021b<br \/>\nDr. Mihaela Vidan Popa [\/et_pb_text][et_pb_text _builder_version=&#8221;4.17.3&#8243; global_colors_info=&#8221;{}&#8221;][\/et_pb_text][\/et_pb_column][\/et_pb_row][et_pb_row disabled_on=&#8221;off|off|off&#8221; _builder_version=&#8221;4.24.0&#8243; border_width_top=&#8221;3px&#8221; border_color_top=&#8221;#f0622a&#8221; global_colors_info=&#8221;{}&#8221;][et_pb_column type=&#8221;4_4&#8243; _builder_version=&#8221;4.16&#8243; custom_padding=&#8221;|||&#8221; global_colors_info=&#8221;{}&#8221; custom_padding__hover=&#8221;|||&#8221;][et_pb_text _builder_version=&#8221;4.24.0&#8243; global_colors_info=&#8221;{}&#8221;]<\/p>\n<h2 style=\"text-align: center;\"><span style=\"color: #ff6600;\"><strong>Comitet organizare reziden\u021bi \u0219i studen\u021bi<\/strong><\/span><\/h2>\n<h2 style=\"text-align: center;\"><span style=\"color: #ff6600;\"><strong>PDI 2023<\/strong><\/span><\/h2>\n<p>[\/et_pb_text][\/et_pb_column][\/et_pb_row][et_pb_row column_structure=&#8221;1_3,1_3,1_3&#8243; disabled_on=&#8221;off|off|off&#8221; _builder_version=&#8221;4.24.0&#8243; global_colors_info=&#8221;{}&#8221;][et_pb_column type=&#8221;1_3&#8243; _builder_version=&#8221;4.16&#8243; custom_padding=&#8221;|||&#8221; global_colors_info=&#8221;{}&#8221; custom_padding__hover=&#8221;|||&#8221;][et_pb_text _builder_version=&#8221;4.24.0&#8243; global_colors_info=&#8221;{}&#8221;]<\/p>\n<p style=\"text-align: center;\">Dr. C\u0103t\u0103lina Br\u0103ni\u0219teanu<br \/>\nDr. Georgiana Marin<br \/>\nDr. Mihaela Cojocaru<br \/>\nDr. C\u0103t\u0103lina Cojocaru<br \/>\nDr. Roxana Diaconu<br \/>\nDr. Anca Munteanu<br \/>\nDr. Alina P\u0103lie<br \/>\nDr. Diana Sinigur<br \/>\nDr. Alina Elena Sp\u00eenu\n<\/p>\n<p>[\/et_pb_text][\/et_pb_column][et_pb_column type=&#8221;1_3&#8243; _builder_version=&#8221;4.16&#8243; custom_padding=&#8221;|||&#8221; global_colors_info=&#8221;{}&#8221; custom_padding__hover=&#8221;|||&#8221;][et_pb_text _builder_version=&#8221;4.16&#8243; global_colors_info=&#8221;{}&#8221;][\/et_pb_text][\/et_pb_column][et_pb_column type=&#8221;1_3&#8243; _builder_version=&#8221;4.16&#8243; custom_padding=&#8221;|||&#8221; global_colors_info=&#8221;{}&#8221; custom_padding__hover=&#8221;|||&#8221;][et_pb_text _builder_version=&#8221;4.24.0&#8243; global_colors_info=&#8221;{}&#8221;]<\/p>\n<p style=\"text-align: center;\">Dr. Alexandra St\u0103ric\u0103<br \/>\nDr. Andreea Tucaliuc<br \/>\nDr. Bogdan Zbranca<br \/>\nGeorge Iulian Br\u0103ni\u0219teanu<br \/>\nAna C\u0103t\u0103lina Chiro\u0219c\u0103<br \/>\nMaria Diana Foc\u015fa<br \/>\nAna Maria Ghine\u021b<br \/>\nMaria Petrescu<br \/>\nIoana Tama\u0219\n<\/p>\n<p>[\/et_pb_text][\/et_pb_column][\/et_pb_row][\/et_pb_section][et_pb_section fb_built=&#8221;1&#8243; disabled_on=&#8221;on|on|on&#8221; _builder_version=&#8221;4.16&#8243; _module_preset=&#8221;default&#8221; top_divider_style=&#8221;waves2&#8243; top_divider_color=&#8221;#fcdedb&#8221; top_divider_height=&#8221;95px&#8221; top_divider_flip=&#8221;horizontal|vertical&#8221; disabled=&#8221;on&#8221; global_colors_info=&#8221;{}&#8221;][\/et_pb_section][et_pb_section fb_built=&#8221;1&#8243; _builder_version=&#8221;4.24.0&#8243; background_color=&#8221;rgba(240,98,42,0.19)&#8221; background_image=&#8221;https:\/\/pdi.ro\/2023\/wp-content\/uploads\/2022\/12\/PDI2023_header__-scaled.jpg&#8221; background_blend=&#8221;multiply&#8221; custom_padding=&#8221;54px|0px|0|0px|false|false&#8221; top_divider_style=&#8221;waves2&#8243; top_divider_color=&#8221;#ffffff&#8221; top_divider_height=&#8221;155px&#8221; top_divider_height_tablet=&#8221;&#8221; top_divider_height_phone=&#8221;97px&#8221; top_divider_height_last_edited=&#8221;on|desktop&#8221; bottom_divider_style=&#8221;waves2&#8243; bottom_divider_color=&#8221;#F0622A&#8221; bottom_divider_flip=&#8221;vertical&#8221; bottom_divider_height_tablet=&#8221;&#8221; bottom_divider_height_phone=&#8221;59px&#8221; bottom_divider_height_last_edited=&#8221;on|desktop&#8221; global_module=&#8221;9177&#8243; saved_tabs=&#8221;all&#8221; global_colors_info=&#8221;{}&#8221;][et_pb_row column_structure=&#8221;3_5,2_5&#8243; _builder_version=&#8221;4.19.4&#8243; custom_padding=&#8221;100px|0px|69px|0px|false|false&#8221; global_colors_info=&#8221;{}&#8221;][et_pb_column type=&#8221;3_5&#8243; _builder_version=&#8221;4.16&#8243; custom_padding=&#8221;|||&#8221; global_colors_info=&#8221;{}&#8221; custom_padding__hover=&#8221;|||&#8221;][et_pb_text disabled_on=&#8221;off|off|off&#8221; _builder_version=&#8221;4.24.0&#8243; text_font=&#8221;Kaushan Script||||||||&#8221; text_text_color=&#8221;#f0622a&#8221; text_font_size=&#8221;30px&#8221; text_line_height=&#8221;1.2em&#8221; header_font=&#8221;||||||||&#8221; background_layout=&#8221;dark&#8221; text_font_size_tablet=&#8221;&#8221; text_font_size_phone=&#8221;&#8221; text_font_size_last_edited=&#8221;on|desktop&#8221; global_colors_info=&#8221;{}&#8221;]<\/p>\n<p>Contacteaz\u0103 operatorul PDI 2024<\/p>\n<p>[\/et_pb_text][et_pb_contact_form email=&#8221;contact@pdi.ro&#8221; submit_button_text=&#8221;Trimite mesajul&#8221; disabled_on=&#8221;off|off|off&#8221; _builder_version=&#8221;4.20.2&#8243; _unique_id=&#8221;794aaef5-e005-432a-99fb-9ca53e06d67b&#8221; title_font=&#8221;||||||||&#8221; custom_button=&#8221;on&#8221; button_text_color=&#8221;#F0622A&#8221; global_colors_info=&#8221;{}&#8221;][et_pb_contact_field field_id=&#8221;Name&#8221; field_title=&#8221;Nume&#8221; _builder_version=&#8221;4.16&#8243; global_colors_info=&#8221;{}&#8221; button_text_size__hover_enabled=&#8221;off&#8221; button_one_text_size__hover_enabled=&#8221;off&#8221; button_two_text_size__hover_enabled=&#8221;off&#8221; button_text_color__hover_enabled=&#8221;off&#8221; button_one_text_color__hover_enabled=&#8221;off&#8221; button_two_text_color__hover_enabled=&#8221;off&#8221; button_border_width__hover_enabled=&#8221;off&#8221; button_one_border_width__hover_enabled=&#8221;off&#8221; button_two_border_width__hover_enabled=&#8221;off&#8221; button_border_color__hover_enabled=&#8221;off&#8221; button_one_border_color__hover_enabled=&#8221;off&#8221; button_two_border_color__hover_enabled=&#8221;off&#8221; button_border_radius__hover_enabled=&#8221;off&#8221; button_one_border_radius__hover_enabled=&#8221;off&#8221; button_two_border_radius__hover_enabled=&#8221;off&#8221; button_letter_spacing__hover_enabled=&#8221;off&#8221; button_one_letter_spacing__hover_enabled=&#8221;off&#8221; button_two_letter_spacing__hover_enabled=&#8221;off&#8221; button_bg_color__hover_enabled=&#8221;off&#8221; button_one_bg_color__hover_enabled=&#8221;off&#8221; button_two_bg_color__hover_enabled=&#8221;off&#8221;][\/et_pb_contact_field][et_pb_contact_field field_id=&#8221;Email&#8221; field_title=&#8221;Adresa de e-mail&#8221; field_type=&#8221;email&#8221; _builder_version=&#8221;4.16&#8243; global_colors_info=&#8221;{}&#8221; button_text_size__hover_enabled=&#8221;off&#8221; button_one_text_size__hover_enabled=&#8221;off&#8221; button_two_text_size__hover_enabled=&#8221;off&#8221; button_text_color__hover_enabled=&#8221;off&#8221; button_one_text_color__hover_enabled=&#8221;off&#8221; button_two_text_color__hover_enabled=&#8221;off&#8221; button_border_width__hover_enabled=&#8221;off&#8221; button_one_border_width__hover_enabled=&#8221;off&#8221; button_two_border_width__hover_enabled=&#8221;off&#8221; button_border_color__hover_enabled=&#8221;off&#8221; button_one_border_color__hover_enabled=&#8221;off&#8221; button_two_border_color__hover_enabled=&#8221;off&#8221; button_border_radius__hover_enabled=&#8221;off&#8221; button_one_border_radius__hover_enabled=&#8221;off&#8221; button_two_border_radius__hover_enabled=&#8221;off&#8221; button_letter_spacing__hover_enabled=&#8221;off&#8221; button_one_letter_spacing__hover_enabled=&#8221;off&#8221; button_two_letter_spacing__hover_enabled=&#8221;off&#8221; button_bg_color__hover_enabled=&#8221;off&#8221; button_one_bg_color__hover_enabled=&#8221;off&#8221; button_two_bg_color__hover_enabled=&#8221;off&#8221;][\/et_pb_contact_field][et_pb_contact_field field_id=&#8221;Message&#8221; field_title=&#8221;Mesajul dvs.&#8221; field_type=&#8221;text&#8221; fullwidth_field=&#8221;on&#8221; _builder_version=&#8221;4.16&#8243; global_colors_info=&#8221;{}&#8221; button_text_size__hover_enabled=&#8221;off&#8221; button_one_text_size__hover_enabled=&#8221;off&#8221; button_two_text_size__hover_enabled=&#8221;off&#8221; button_text_color__hover_enabled=&#8221;off&#8221; button_one_text_color__hover_enabled=&#8221;off&#8221; button_two_text_color__hover_enabled=&#8221;off&#8221; button_border_width__hover_enabled=&#8221;off&#8221; button_one_border_width__hover_enabled=&#8221;off&#8221; button_two_border_width__hover_enabled=&#8221;off&#8221; button_border_color__hover_enabled=&#8221;off&#8221; button_one_border_color__hover_enabled=&#8221;off&#8221; button_two_border_color__hover_enabled=&#8221;off&#8221; button_border_radius__hover_enabled=&#8221;off&#8221; button_one_border_radius__hover_enabled=&#8221;off&#8221; button_two_border_radius__hover_enabled=&#8221;off&#8221; button_letter_spacing__hover_enabled=&#8221;off&#8221; button_one_letter_spacing__hover_enabled=&#8221;off&#8221; button_two_letter_spacing__hover_enabled=&#8221;off&#8221; button_bg_color__hover_enabled=&#8221;off&#8221; button_one_bg_color__hover_enabled=&#8221;off&#8221; button_two_bg_color__hover_enabled=&#8221;off&#8221;][\/et_pb_contact_field][\/et_pb_contact_form][\/et_pb_column][et_pb_column type=&#8221;2_5&#8243; _builder_version=&#8221;4.16&#8243; custom_padding=&#8221;|||&#8221; global_colors_info=&#8221;{}&#8221; custom_padding__hover=&#8221;|||&#8221;][et_pb_text _builder_version=&#8221;4.24.0&#8243; text_font=&#8221;Kaushan Script||||||||&#8221; text_text_color=&#8221;#f0622a&#8221; text_font_size=&#8221;30px&#8221; header_font=&#8221;||||||||&#8221; background_layout=&#8221;dark&#8221; global_colors_info=&#8221;{}&#8221;]<\/p>\n<p>Operatorul PDI 2024<\/p>\n<p>[\/et_pb_text][et_pb_text _builder_version=&#8221;4.16&#8243; text_font=&#8221;||||||||&#8221; global_colors_info=&#8221;{}&#8221;]<\/p>\n<p><span><img loading=\"lazy\" decoding=\"async\" src=\"https:\/\/pdi.ro\/2023\/2022\/wp-content\/uploads\/2020\/02\/eventer_logo_150px.png\" width=\"151\" height=\"33\" alt=\"\" class=\"wp-image-774 alignleft size-full\" \/><\/span><\/p>\n<p><span><\/span><\/p>\n<p><span><\/span><\/p>\n<p><span>Adresa: Str. A. Panu nr. 13, Iasi<\/span><br \/> <span>Tel.: 0332.40.88.00-05<\/span><br \/> <span>E-mail: <a href=\"mailto:contact@pdi.ro\" target=\"_blank\" rel=\"noopener noreferrer\">contact@pdi.ro<\/a><br \/> <\/span><span>Website:\u00a0<\/span><a href=\"http:\/\/www.eventernet.ro\/\" target=\"Blank\" rel=\"noopener noreferrer\">www.eventernet.ro<\/a><\/p>\n<p>[\/et_pb_text][et_pb_text disabled_on=&#8221;on|on|on&#8221; _builder_version=&#8221;4.24.0&#8243; text_font=&#8221;Kaushan Script||||||||&#8221; text_text_color=&#8221;#f0622a&#8221; text_font_size=&#8221;30px&#8221; header_font=&#8221;||||||||&#8221; background_layout=&#8221;dark&#8221; disabled=&#8221;on&#8221; locked=&#8221;off&#8221; global_colors_info=&#8221;{}&#8221;]<\/p>\n<p>Parteneri Media<\/p>\n<p>[\/et_pb_text][et_pb_slider disabled_on=&#8221;on|on|on&#8221; _builder_version=&#8221;4.24.0&#8243; _module_preset=&#8221;default&#8221; position_origin_r=&#8221;bottom_left&#8221; width=&#8221;200px&#8221; max_width=&#8221;200px&#8221; content_width=&#8221;200px&#8221; content_max_width=&#8221;200px&#8221; min_height=&#8221;100px&#8221; height=&#8221;100px&#8221; max_height=&#8221;100px&#8221; custom_margin=&#8221;0px||0px||false|false&#8221; custom_padding=&#8221;0px||0px||false|false&#8221; auto=&#8221;on&#8221; auto_speed=&#8221;3000&#8243; disabled=&#8221;on&#8221; global_colors_info=&#8221;{}&#8221;][et_pb_slide _builder_version=&#8221;4.20.2&#8243; _module_preset=&#8221;default&#8221; background_enable_color=&#8221;off&#8221; background_image=&#8221;https:\/\/pdi.ro\/2023\/2022\/wp-content\/uploads\/2022\/05\/timpul_.jpg&#8221; background_enable_image=&#8221;on&#8221; background_size=&#8221;initial&#8221; custom_padding=&#8221;0px||0px||false|false&#8221; link_option_url=&#8221;#&#8221; link_option_url_new_window=&#8221;on&#8221; global_colors_info=&#8221;{}&#8221; sticky_transition=&#8221;on&#8221;][\/et_pb_slide][et_pb_slide _builder_version=&#8221;4.20.2&#8243; _module_preset=&#8221;default&#8221; background_enable_color=&#8221;off&#8221; background_image=&#8221;https:\/\/pdi.ro\/2023\/2022\/wp-content\/uploads\/2022\/05\/medical-market_.jpg&#8221; background_enable_image=&#8221;on&#8221; background_size=&#8221;initial&#8221; custom_padding=&#8221;0px||0px||false|false&#8221; link_option_url=&#8221;https:\/\/issuu.com\/finwatch\/docs\/dermato?fr=sYWIzMjQ1MDUxNTY&#8221; link_option_url_new_window=&#8221;on&#8221; global_colors_info=&#8221;{}&#8221; sticky_transition=&#8221;on&#8221;][\/et_pb_slide][et_pb_slide button_text=&#8221;Click Here&#8221; _builder_version=&#8221;4.20.4&#8243; _module_preset=&#8221;default&#8221; background_color=&#8221;RGBA(255,255,255,0)&#8221; background_enable_color=&#8221;on&#8221; background_image=&#8221;https:\/\/pdi.ro\/2023\/wp-content\/uploads\/2023\/04\/Logo-JURMED-RGB.jpg&#8221; background_enable_image=&#8221;on&#8221; background_size=&#8221;contain&#8221; link_option_url=&#8221;https:\/\/jurmed.ro\/&#8221; link_option_url_new_window=&#8221;on&#8221; global_colors_info=&#8221;{}&#8221; sticky_transition=&#8221;on&#8221;][\/et_pb_slide][\/et_pb_slider][\/et_pb_column][\/et_pb_row][\/et_pb_section]<\/p>\n","protected":false},"excerpt":{"rendered":"<p>Comitetele vor fi publicate \u00een cur\u00e2nd. Mul\u021bumim!Comitet de organizare PDI 2023Pre\u0219edinte Prof. Dr. Daciana Elena Br\u0103ni\u015fteanu (Ia\u015fi) Pre\u015fedin\u0163i de Onoare Prof. Dr. Torello Lotti (Italia) Prof. Dr. Niazi Khursow (S.U.A.) Prof. Dr. Dominik Heim (Elve\u021bia) Prof. Dr. Aristidis Tsatsakis (Grecia) Prof. Dr. Viorel Scripcariu (Ia\u015fi) Prof. Dr. C\u0103lin Giurc\u0103neanu (Bucure\u0219ti) Prof.\u00a0 Dr. L\u0103cr\u0103mioara Ionela \u015eerban [&hellip;]<\/p>\n","protected":false},"author":2,"featured_media":0,"parent":0,"menu_order":0,"comment_status":"closed","ping_status":"closed","template":"","meta":{"_et_pb_use_builder":"on","_et_pb_old_content":"","_et_gb_content_width":"","footnotes":""},"class_list":["post-45","page","type-page","status-publish","hentry"],"_links":{"self":[{"href":"https:\/\/pdi.ro\/2023\/wp-json\/wp\/v2\/pages\/45","targetHints":{"allow":["GET"]}}],"collection":[{"href":"https:\/\/pdi.ro\/2023\/wp-json\/wp\/v2\/pages"}],"about":[{"href":"https:\/\/pdi.ro\/2023\/wp-json\/wp\/v2\/types\/page"}],"author":[{"embeddable":true,"href":"https:\/\/pdi.ro\/2023\/wp-json\/wp\/v2\/users\/2"}],"replies":[{"embeddable":true,"href":"https:\/\/pdi.ro\/2023\/wp-json\/wp\/v2\/comments?post=45"}],"version-history":[{"count":93,"href":"https:\/\/pdi.ro\/2023\/wp-json\/wp\/v2\/pages\/45\/revisions"}],"predecessor-version":[{"id":13267,"href":"https:\/\/pdi.ro\/2023\/wp-json\/wp\/v2\/pages\/45\/revisions\/13267"}],"wp:attachment":[{"href":"https:\/\/pdi.ro\/2023\/wp-json\/wp\/v2\/media?parent=45"}],"curies":[{"name":"wp","href":"https:\/\/api.w.org\/{rel}","templated":true}]}}