{"id":8226,"date":"2020-06-03T16:42:06","date_gmt":"2020-06-03T14:42:06","guid":{"rendered":"https:\/\/primaderma.ro\/?page_id=8226"},"modified":"2023-02-16T12:26:24","modified_gmt":"2023-02-16T10:26:24","slug":"dr-placintescu-diana","status":"publish","type":"page","link":"https:\/\/pdi.ro\/2023\/dr-placintescu-diana\/","title":{"rendered":"Dr. Pl\u0103cintescu Diana"},"content":{"rendered":"<p>[et_pb_section fb_built=&#8221;1&#8243; fullwidth=&#8221;on&#8221; disabled_on=&#8221;on|off|off&#8221; _builder_version=&#8221;4.19.4&#8243; custom_margin=&#8221;||&#8221; custom_padding=&#8221;15px||29px&#8221; top_divider_style=&#8221;waves2&#8243; top_divider_color=&#8221;#F0622A&#8221; top_divider_flip=&#8221;horizontal|vertical&#8221; bottom_divider_style=&#8221;waves2&#8243; bottom_divider_color=&#8221;#fcdedb&#8221; bottom_divider_height=&#8221;105px&#8221; bottom_divider_flip=&#8221;vertical&#8221; global_module=&#8221;9062&#8243; saved_tabs=&#8221;all&#8221; collapsed=&#8221;off&#8221; global_colors_info=&#8221;{}&#8221;][et_pb_fullwidth_header title=&#8221;@ET-DC@eyJkeW5hbWljIjp0cnVlLCJjb250ZW50IjoicG9zdF90aXRsZSIsInNldHRpbmdzIjp7ImJlZm9yZSI6IiIsImFmdGVyIjoiIn19@&#8221; disabled_on=&#8221;on|on|off&#8221; _builder_version=&#8221;4.19.4&#8243; _dynamic_attributes=&#8221;title&#8221; title_font=&#8221;Kaushan Script||||||||&#8221; title_text_align=&#8221;left&#8221; title_text_color=&#8221;#f0622a&#8221; title_font_size=&#8221;55px&#8221; content_font=&#8221;|600||on|||||&#8221; content_text_align=&#8221;center&#8221; content_text_color=&#8221;#686766&#8243; content_font_size=&#8221;15px&#8221; subhead_font=&#8221;||||||||&#8221; background_enable_color=&#8221;off&#8221; background_image=&#8221;https:\/\/pdi.ro\/2023\/wp-content\/uploads\/2022\/12\/PDI2023_header__-scaled.jpg&#8221; background_blend=&#8221;luminosity&#8221; background_layout=&#8221;light&#8221; custom_margin=&#8221;||-5px||false|false&#8221; custom_padding=&#8221;150px||150px||true|false&#8221; content_font_size_tablet=&#8221;&#8221; content_font_size_phone=&#8221;15px&#8221; content_font_size_last_edited=&#8221;on|desktop&#8221; global_colors_info=&#8221;{}&#8221;][\/et_pb_fullwidth_header][\/et_pb_section][et_pb_section fb_built=&#8221;1&#8243; _builder_version=&#8221;4.16&#8243; locked=&#8221;off&#8221; global_colors_info=&#8221;{}&#8221;][et_pb_row column_structure=&#8221;2_5,3_5&#8243; _builder_version=&#8221;4.16&#8243; global_colors_info=&#8221;{}&#8221;][et_pb_column type=&#8221;2_5&#8243; _builder_version=&#8221;4.16&#8243; custom_padding=&#8221;|||&#8221; global_colors_info=&#8221;{}&#8221; custom_padding__hover=&#8221;|||&#8221;][et_pb_image src=&#8221;https:\/\/pdi.ro\/2023\/2022\/wp-content\/uploads\/2020\/06\/DIANA-PLACINTESCU-PDI-.jpg&#8221; title_text=&#8221;DIANA PLACINTESCU PDI&#8221; align=&#8221;center&#8221; align_tablet=&#8221;center&#8221; align_phone=&#8221;&#8221; align_last_edited=&#8221;on|desktop&#8221; _builder_version=&#8221;4.16&#8243; max_width=&#8221;31%&#8221; border_radii=&#8221;on|100px|100px|100px|100px&#8221; global_colors_info=&#8221;{}&#8221;][\/et_pb_image][\/et_pb_column][et_pb_column type=&#8221;3_5&#8243; _builder_version=&#8221;4.16&#8243; custom_padding=&#8221;|||&#8221; global_colors_info=&#8221;{}&#8221; custom_padding__hover=&#8221;|||&#8221;][et_pb_text _builder_version=&#8221;4.16&#8243; global_colors_info=&#8221;{}&#8221;]<\/p>\n<h4><strong><span style=\"color: #ff6600;\"><\/span><\/strong><\/h4>\n<h4><strong><span style=\"color: #ff6600;\"><\/span><\/strong><\/h4>\n<h4><strong><span style=\"color: #ff6600;\"><\/span><\/strong><\/h4>\n<h4><strong><span style=\"color: #ff6600;\">Dr. Pl\u0103cintescu Diana <\/span><\/strong><br \/>\n<strong><span style=\"color: #ff6600;\">Clinica Medicum Bucure\u0219ti Rom\u00e2nia<\/span><\/strong><\/h4>\n<p>[\/et_pb_text][\/et_pb_column][\/et_pb_row][et_pb_row _builder_version=&#8221;4.16&#8243; global_colors_info=&#8221;{}&#8221;][et_pb_column type=&#8221;4_4&#8243; _builder_version=&#8221;4.16&#8243; custom_padding=&#8221;|||&#8221; global_colors_info=&#8221;{}&#8221; custom_padding__hover=&#8221;|||&#8221;][et_pb_text _builder_version=&#8221;4.19.5&#8243; hover_enabled=&#8221;0&#8243; global_colors_info=&#8221;{}&#8221; sticky_enabled=&#8221;0&#8243;]<\/p>\n<p style=\"text-align: justify;\"><span style=\"color: #ff6600;\">Rozaceea. Nout\u0103\u021bi \u00een clasificare, fiziopatologie \u0219i tratament<\/span><br \/><span style=\"color: #ff6600;\">Autor: Diana Pl\u0103cintescu<\/span><\/p>\n<p style=\"text-align: justify;\">Cuvinte cheie: rozacee, fenotip, tratament optimizat individualizat<\/p>\n<p>Rozaceea este o boal\u0103 inflamatorie cutanat\u0103 a c\u0103rei \u00een\u021belegere este \u00een continu\u0103 evolu\u021bie. Pe c\u00e2t de u\u0219or este de recunoscut pe at\u00e2t de dificil poate fi de \u00eencadrat \u0219i de tratat. Impactul asupra calit\u0103\u021bii vie\u021bii este foarte important. Clasificarea a evoluat de la cea bazat\u0103 pe stadii clinico-evolutive la cea modern\u0103, bazat\u0103 pe fenotip, care permite caracterizarea mai precis\u0103 a fiec\u0103rui pacient. Optimizarea tratamentelor implic\u0103 \u00een\u021belegerea mecanismelor fiziopatologice, integrarea simptomelor obiective \u0219i a semnelor subiective prin adresarea simptomelor celor mai sup\u0103r\u0103toare pentru pacient, iar combinarea \u0219i individualizarea tratamentelor \u00een aceast\u0103 patologie pot fi definite ca o adev\u0103rat\u0103 art\u0103.<!--<\/p>\n\n\n\n\n<p style=\"text-align: justify;\"><span style=\"color: #ff6600;\">Rozaceea. Nout\u0103\u021bi \u00een clasificare, fiziopatologie \u0219i tratament<\/span><\/p>\n\n\n\n\n<p><span style=\"color: #ff6600;\">Autor: Diana Pl\u0103cintescu<\/span><\/p>\n\n\n\n\n<p>Rosacea is an inflammatory skin disease, and its understanding is still in progress. Even it is usually easy to diagnose it is also difficult to classify and to manage properly. The impact on quality of life is important.<\/p>\n\n\n\n\n<p>Classification system advanced from one based on clinic-evolutive stages to the modern one, based on phenotype, that allows proper individual characterization. Treatment optimizations imply the understanding of physiopathological mechanisms, the integration of objective and subjective signs, by specifically addressing the most bothersome ones; combining and individualizing treatments in this pathology can be seen as a true medical art.--><\/p>\n<p style=\"text-align: justify;\"><span style=\"color: #ff6600;\">Scurt CV<\/span><\/p>\n<p>Experien\u021b\u0103 profesional\u0103:<br \/>2015-2020 &#8211; Clinica Medicum, Bucure\u015fti;<br \/>2013-2020 &#8211; Cabinet privat de dermatologie \u00een Fran\u021ba, \u00een sta\u021biunea termal\u0103 Avene; experien\u021b\u0103 \u00een dermatologia termal\u0103, managementul alternativ al psoriazisului, dermatitei atopice, ihtiozelor; experien\u021b\u0103 \u0219i expertiz\u0103 \u00een educa\u021bia terapeutic\u0103 a pacientului;<br \/>2012-2015 &#8211; Centrul de excelen\u021b\u0103 \u00een dermatologie stetic\u0103 Dermalife, parte a grupului Medlife;<br \/>2002-2012 \u2013 Clinica Dermastyle din Bucure\u0219ti;<br \/>1999-2010 &#8211; Medic specialist, 2004-medic primar, dermato-venerolog la CMDTR Bucure\u0219ti, dermatologie general\u0103, management sanitar<br \/>Specializ\u0103ri \u0219i competen\u021be<br \/>2013 &#8211; Competen\u021b\u0103 certificat\u0103 de Ministerul S\u0103n\u0103t\u0103\u021bii \u00een Dermato-Cosmetologie<br \/>Doctorand al Universit\u0103\u021bii de Medicin\u0103 \u0219i Farmacie &#8220;Carol Davila&#8221; Bucure\u0219ti, \u00een domeniul aplicabilit\u0103\u021bii laserelor ca tratamente anti-\u00eemb\u0103tr\u00e2nire<br \/>Stagii de preg\u0103tire \u00een Fran\u021ba \u0219i Germania \u00een domeniul terapiilor oncologice la nivelul pielii (Nantes 2012) \u0219i al chirurgiei \u0219i terapiilor laser (Bonn 2003)<br \/>Absolvent de master la \u0218coala Na\u021bional\u0103 de Studii Politice \u0219i Administrative Bucure\u0219ti<br \/>1999-Administra\u021bie Public\u0103<br \/>2005- Managementul Proiectelor Interna\u021bionale<\/p>\n<p>Activitate \u0219tiin\u021bific\u0103<br \/>Participant cu lucr\u0103ri \u0219tiin\u021bifice la congresele Asocia\u021biei Europene de Dermato-venerologie (dup\u0103 2002), Societ\u0103\u021bii Rom\u00e2ne de Dermatologie (din 1995), Societ\u0103\u021bii Rom\u00e2ne de Medicin\u0103 Estetic\u0103 (din 2001)<br \/>Membru al Asocia\u021biei Europene de Dermato-Venerologie (EADV), Asocia\u021biei Americane de Dermatologie (AAD), Societ\u0103\u021bii Interna\u021bionale de Dermatoscopie (IDS), Societ\u0103\u021bii Rom\u00e2ne de Dermatologie (SRD)<br \/>Membru fondator \u0219i vicepre\u0219edinte AREA (Asocia\u021bia Rom\u00e2n\u0103 de Educa\u021bie \u00een Alergii). Ini\u021biator al proiectului de educa\u021bie terapeutic\u0103 a pacientului &#8220;\u0218coala Atopiei&#8221;<br \/>Vicepre\u0219edinte al Societ\u0103\u021bii Rom\u00e2ne de Medicin\u0103 Estetic\u0103 \u0219i Dermatologie Cosmetic\u0103 \u0219i Chirurgical\u0103 (2001-2012). Membru \u00een comitetul de organizare al celor 12 edi\u021bii ale conferin\u021belor \u0219i congreselor na\u021bionale \u0219i interna\u021bionale ale acestei societ\u0103\u021bi<br \/>Participant \u00een proiecte de dezvoltare a resurselor umane \u00een dermatologie-domeniul dermato-oncologiei<\/p>\n<p>[\/et_pb_text][\/et_pb_column][\/et_pb_row][\/et_pb_section][et_pb_section fb_built=&#8221;1&#8243; _builder_version=&#8221;4.19.4&#8243; background_color=&#8221;rgba(240,98,42,0.19)&#8221; background_image=&#8221;https:\/\/pdi.ro\/2023\/wp-content\/uploads\/2022\/12\/PDI2023_header__-scaled.jpg&#8221; background_blend=&#8221;multiply&#8221; custom_padding=&#8221;54px|0px|0|0px|false|false&#8221; top_divider_style=&#8221;waves2&#8243; top_divider_color=&#8221;#ffffff&#8221; top_divider_height=&#8221;155px&#8221; top_divider_height_tablet=&#8221;&#8221; top_divider_height_phone=&#8221;97px&#8221; top_divider_height_last_edited=&#8221;on|desktop&#8221; bottom_divider_style=&#8221;waves2&#8243; bottom_divider_color=&#8221;#F0622A&#8221; bottom_divider_flip=&#8221;vertical&#8221; bottom_divider_height_tablet=&#8221;&#8221; bottom_divider_height_phone=&#8221;59px&#8221; bottom_divider_height_last_edited=&#8221;on|desktop&#8221; global_module=&#8221;9177&#8243; saved_tabs=&#8221;all&#8221; global_colors_info=&#8221;{}&#8221;][et_pb_row column_structure=&#8221;3_5,2_5&#8243; _builder_version=&#8221;4.19.4&#8243; custom_padding=&#8221;100px|0px|69px|0px|false|false&#8221; global_colors_info=&#8221;{}&#8221;][et_pb_column type=&#8221;3_5&#8243; _builder_version=&#8221;4.16&#8243; custom_padding=&#8221;|||&#8221; global_colors_info=&#8221;{}&#8221; custom_padding__hover=&#8221;|||&#8221;][et_pb_text _builder_version=&#8221;4.19.4&#8243; text_font=&#8221;Kaushan Script||||||||&#8221; text_text_color=&#8221;#f0622a&#8221; text_font_size=&#8221;30px&#8221; text_line_height=&#8221;1.2em&#8221; header_font=&#8221;||||||||&#8221; background_layout=&#8221;dark&#8221; text_font_size_tablet=&#8221;&#8221; text_font_size_phone=&#8221;&#8221; text_font_size_last_edited=&#8221;on|desktop&#8221; global_colors_info=&#8221;{}&#8221;]<\/p>\n<p>Contacteaz\u0103 operatorul PDI 2023<\/p>\n<p>[\/et_pb_text][et_pb_contact_form email=&#8221;contact@pdi.ro\/2019&#8243; submit_button_text=&#8221;Trimite mesajul&#8221; _builder_version=&#8221;4.16&#8243; _unique_id=&#8221;794aaef5-e005-432a-99fb-9ca53e06d67b&#8221; title_font=&#8221;||||||||&#8221; custom_button=&#8221;on&#8221; button_text_color=&#8221;#F0622A&#8221; global_colors_info=&#8221;{}&#8221;][et_pb_contact_field field_id=&#8221;Name&#8221; field_title=&#8221;Nume&#8221; _builder_version=&#8221;4.16&#8243; global_colors_info=&#8221;{}&#8221; button_text_size__hover_enabled=&#8221;off&#8221; button_one_text_size__hover_enabled=&#8221;off&#8221; button_two_text_size__hover_enabled=&#8221;off&#8221; button_text_color__hover_enabled=&#8221;off&#8221; button_one_text_color__hover_enabled=&#8221;off&#8221; button_two_text_color__hover_enabled=&#8221;off&#8221; button_border_width__hover_enabled=&#8221;off&#8221; button_one_border_width__hover_enabled=&#8221;off&#8221; button_two_border_width__hover_enabled=&#8221;off&#8221; button_border_color__hover_enabled=&#8221;off&#8221; button_one_border_color__hover_enabled=&#8221;off&#8221; button_two_border_color__hover_enabled=&#8221;off&#8221; button_border_radius__hover_enabled=&#8221;off&#8221; button_one_border_radius__hover_enabled=&#8221;off&#8221; button_two_border_radius__hover_enabled=&#8221;off&#8221; button_letter_spacing__hover_enabled=&#8221;off&#8221; button_one_letter_spacing__hover_enabled=&#8221;off&#8221; button_two_letter_spacing__hover_enabled=&#8221;off&#8221; button_bg_color__hover_enabled=&#8221;off&#8221; button_one_bg_color__hover_enabled=&#8221;off&#8221; button_two_bg_color__hover_enabled=&#8221;off&#8221;][\/et_pb_contact_field][et_pb_contact_field field_id=&#8221;Email&#8221; field_title=&#8221;Adresa de e-mail&#8221; field_type=&#8221;email&#8221; _builder_version=&#8221;4.16&#8243; global_colors_info=&#8221;{}&#8221; button_text_size__hover_enabled=&#8221;off&#8221; button_one_text_size__hover_enabled=&#8221;off&#8221; button_two_text_size__hover_enabled=&#8221;off&#8221; button_text_color__hover_enabled=&#8221;off&#8221; button_one_text_color__hover_enabled=&#8221;off&#8221; button_two_text_color__hover_enabled=&#8221;off&#8221; button_border_width__hover_enabled=&#8221;off&#8221; button_one_border_width__hover_enabled=&#8221;off&#8221; button_two_border_width__hover_enabled=&#8221;off&#8221; button_border_color__hover_enabled=&#8221;off&#8221; button_one_border_color__hover_enabled=&#8221;off&#8221; button_two_border_color__hover_enabled=&#8221;off&#8221; button_border_radius__hover_enabled=&#8221;off&#8221; button_one_border_radius__hover_enabled=&#8221;off&#8221; button_two_border_radius__hover_enabled=&#8221;off&#8221; button_letter_spacing__hover_enabled=&#8221;off&#8221; button_one_letter_spacing__hover_enabled=&#8221;off&#8221; button_two_letter_spacing__hover_enabled=&#8221;off&#8221; button_bg_color__hover_enabled=&#8221;off&#8221; button_one_bg_color__hover_enabled=&#8221;off&#8221; button_two_bg_color__hover_enabled=&#8221;off&#8221;][\/et_pb_contact_field][et_pb_contact_field field_id=&#8221;Message&#8221; field_title=&#8221;Mesajul dvs.&#8221; field_type=&#8221;text&#8221; fullwidth_field=&#8221;on&#8221; _builder_version=&#8221;4.16&#8243; global_colors_info=&#8221;{}&#8221; button_text_size__hover_enabled=&#8221;off&#8221; button_one_text_size__hover_enabled=&#8221;off&#8221; button_two_text_size__hover_enabled=&#8221;off&#8221; button_text_color__hover_enabled=&#8221;off&#8221; button_one_text_color__hover_enabled=&#8221;off&#8221; button_two_text_color__hover_enabled=&#8221;off&#8221; button_border_width__hover_enabled=&#8221;off&#8221; button_one_border_width__hover_enabled=&#8221;off&#8221; button_two_border_width__hover_enabled=&#8221;off&#8221; button_border_color__hover_enabled=&#8221;off&#8221; button_one_border_color__hover_enabled=&#8221;off&#8221; button_two_border_color__hover_enabled=&#8221;off&#8221; button_border_radius__hover_enabled=&#8221;off&#8221; button_one_border_radius__hover_enabled=&#8221;off&#8221; button_two_border_radius__hover_enabled=&#8221;off&#8221; button_letter_spacing__hover_enabled=&#8221;off&#8221; button_one_letter_spacing__hover_enabled=&#8221;off&#8221; button_two_letter_spacing__hover_enabled=&#8221;off&#8221; button_bg_color__hover_enabled=&#8221;off&#8221; button_one_bg_color__hover_enabled=&#8221;off&#8221; button_two_bg_color__hover_enabled=&#8221;off&#8221;][\/et_pb_contact_field][\/et_pb_contact_form][\/et_pb_column][et_pb_column type=&#8221;2_5&#8243; _builder_version=&#8221;4.16&#8243; custom_padding=&#8221;|||&#8221; global_colors_info=&#8221;{}&#8221; custom_padding__hover=&#8221;|||&#8221;][et_pb_text _builder_version=&#8221;4.19.4&#8243; text_font=&#8221;Kaushan Script||||||||&#8221; text_text_color=&#8221;#f0622a&#8221; text_font_size=&#8221;30px&#8221; header_font=&#8221;||||||||&#8221; background_layout=&#8221;dark&#8221; global_colors_info=&#8221;{}&#8221;]<\/p>\n<p>Operatorul PDI 2023<\/p>\n<p>[\/et_pb_text][et_pb_text _builder_version=&#8221;4.16&#8243; text_font=&#8221;||||||||&#8221; global_colors_info=&#8221;{}&#8221;]<\/p>\n<p><span><img loading=\"lazy\" decoding=\"async\" src=\"https:\/\/pdi.ro\/2023\/2022\/wp-content\/uploads\/2020\/02\/eventer_logo_150px.png\" width=\"151\" height=\"33\" alt=\"\" class=\"wp-image-774 alignleft size-full\" \/><\/span><\/p>\n<p><span><\/span><\/p>\n<p><span><\/span><\/p>\n<p><span>Adresa: Str. A. Panu nr. 13, Iasi<\/span><br \/> <span>Tel.: 0332.40.88.00-05<\/span><br \/> <span>E-mail: <a href=\"mailto:contact@pdi.ro\" target=\"_blank\" rel=\"noopener noreferrer\">contact@pdi.ro<\/a><br \/> <\/span><span>Website:\u00a0<\/span><a href=\"http:\/\/www.eventernet.ro\/\" target=\"Blank\" rel=\"noopener noreferrer\">www.eventernet.ro<\/a><\/p>\n<p>[\/et_pb_text][et_pb_text disabled_on=&#8221;on|on|on&#8221; _builder_version=&#8221;4.19.4&#8243; text_font=&#8221;Kaushan Script||||||||&#8221; text_text_color=&#8221;#f0622a&#8221; text_font_size=&#8221;30px&#8221; header_font=&#8221;||||||||&#8221; background_layout=&#8221;dark&#8221; disabled=&#8221;on&#8221; locked=&#8221;off&#8221; global_colors_info=&#8221;{}&#8221;]<\/p>\n<p>Parteneri Media<\/p>\n<p>[\/et_pb_text][et_pb_slider disabled_on=&#8221;on|on|on&#8221; _builder_version=&#8221;4.19.4&#8243; _module_preset=&#8221;default&#8221; position_origin_r=&#8221;bottom_left&#8221; width=&#8221;200px&#8221; max_width=&#8221;200px&#8221; content_width=&#8221;200px&#8221; content_max_width=&#8221;200px&#8221; min_height=&#8221;100px&#8221; height=&#8221;100px&#8221; max_height=&#8221;100px&#8221; custom_margin=&#8221;0px||0px||false|false&#8221; custom_padding=&#8221;0px||0px||false|false&#8221; auto=&#8221;on&#8221; auto_speed=&#8221;3000&#8243; disabled=&#8221;on&#8221; global_colors_info=&#8221;{}&#8221;][et_pb_slide _builder_version=&#8221;4.17.3&#8243; _module_preset=&#8221;default&#8221; background_enable_color=&#8221;off&#8221; background_image=&#8221;https:\/\/pdi.ro\/2023\/2022\/wp-content\/uploads\/2022\/05\/ziaruldeiasi_.jpg&#8221; background_enable_image=&#8221;on&#8221; background_size=&#8221;initial&#8221; custom_padding=&#8221;0px||0px||false|false&#8221; link_option_url=&#8221;https:\/\/www.ziaruldeiasi.ro\/&#8221; link_option_url_new_window=&#8221;on&#8221; global_colors_info=&#8221;{}&#8221; sticky_transition=&#8221;on&#8221;][\/et_pb_slide][et_pb_slide _builder_version=&#8221;4.17.3&#8243; _module_preset=&#8221;default&#8221; background_enable_color=&#8221;off&#8221; background_image=&#8221;https:\/\/pdi.ro\/2023\/2022\/wp-content\/uploads\/2022\/05\/timpul_.jpg&#8221; background_enable_image=&#8221;on&#8221; background_size=&#8221;initial&#8221; custom_padding=&#8221;0px||0px||false|false&#8221; link_option_url=&#8221;#&#8221; link_option_url_new_window=&#8221;on&#8221; global_colors_info=&#8221;{}&#8221; sticky_transition=&#8221;on&#8221;][\/et_pb_slide][et_pb_slide _builder_version=&#8221;4.17.3&#8243; _module_preset=&#8221;default&#8221; background_enable_color=&#8221;off&#8221; background_image=&#8221;https:\/\/pdi.ro\/2023\/2022\/wp-content\/uploads\/2022\/05\/medical-market_.jpg&#8221; background_enable_image=&#8221;on&#8221; background_size=&#8221;initial&#8221; custom_padding=&#8221;0px||0px||false|false&#8221; link_option_url=&#8221;https:\/\/issuu.com\/finwatch\/docs\/dermato?fr=sYWIzMjQ1MDUxNTY&#8221; link_option_url_new_window=&#8221;on&#8221; global_colors_info=&#8221;{}&#8221; sticky_transition=&#8221;on&#8221;][\/et_pb_slide][et_pb_slide _builder_version=&#8221;4.17.3&#8243; _module_preset=&#8221;default&#8221; background_enable_color=&#8221;off&#8221; background_image=&#8221;https:\/\/pdi.ro\/2023\/2022\/wp-content\/uploads\/2022\/05\/agerpress_.jpg&#8221; background_enable_image=&#8221;on&#8221; background_size=&#8221;initial&#8221; custom_padding=&#8221;0px||0px||false|false&#8221; link_option_url=&#8221;https:\/\/www.agerpres.ro\/&#8221; link_option_url_new_window=&#8221;on&#8221; global_colors_info=&#8221;{}&#8221; sticky_transition=&#8221;on&#8221;][\/et_pb_slide][\/et_pb_slider][\/et_pb_column][\/et_pb_row][\/et_pb_section]<\/p>\n","protected":false},"excerpt":{"rendered":"<p>Dr. Pl\u0103cintescu Diana Clinica Medicum Bucure\u0219ti Rom\u00e2niaRozaceea. Nout\u0103\u021bi \u00een clasificare, fiziopatologie \u0219i tratamentAutor: Diana Pl\u0103cintescu Cuvinte cheie: rozacee, fenotip, tratament optimizat individualizat Rozaceea este o boal\u0103 inflamatorie cutanat\u0103 a c\u0103rei \u00een\u021belegere este \u00een continu\u0103 evolu\u021bie. Pe c\u00e2t de u\u0219or este de recunoscut pe at\u00e2t de dificil poate fi de \u00eencadrat \u0219i de tratat. Impactul asupra [&hellip;]<\/p>\n","protected":false},"author":2,"featured_media":0,"parent":0,"menu_order":0,"comment_status":"closed","ping_status":"closed","template":"","meta":{"_et_pb_use_builder":"on","_et_pb_old_content":"","_et_gb_content_width":"","footnotes":""},"class_list":["post-8226","page","type-page","status-publish","hentry"],"_links":{"self":[{"href":"https:\/\/pdi.ro\/2023\/wp-json\/wp\/v2\/pages\/8226","targetHints":{"allow":["GET"]}}],"collection":[{"href":"https:\/\/pdi.ro\/2023\/wp-json\/wp\/v2\/pages"}],"about":[{"href":"https:\/\/pdi.ro\/2023\/wp-json\/wp\/v2\/types\/page"}],"author":[{"embeddable":true,"href":"https:\/\/pdi.ro\/2023\/wp-json\/wp\/v2\/users\/2"}],"replies":[{"embeddable":true,"href":"https:\/\/pdi.ro\/2023\/wp-json\/wp\/v2\/comments?post=8226"}],"version-history":[{"count":6,"href":"https:\/\/pdi.ro\/2023\/wp-json\/wp\/v2\/pages\/8226\/revisions"}],"predecessor-version":[{"id":12652,"href":"https:\/\/pdi.ro\/2023\/wp-json\/wp\/v2\/pages\/8226\/revisions\/12652"}],"wp:attachment":[{"href":"https:\/\/pdi.ro\/2023\/wp-json\/wp\/v2\/media?parent=8226"}],"curies":[{"name":"wp","href":"https:\/\/api.w.org\/{rel}","templated":true}]}}