{"id":9315,"date":"2021-06-07T15:49:18","date_gmt":"2021-06-07T13:49:18","guid":{"rendered":"https:\/\/primaderma.ro\/?page_id=9315"},"modified":"2021-07-07T15:42:07","modified_gmt":"2021-07-07T13:42:07","slug":"interviu-branisteanu-daciana","status":"publish","type":"page","link":"https:\/\/pdi.ro\/2023\/interviu-branisteanu-daciana\/","title":{"rendered":"Interviu Prof. univ. dr. Daciana Brani\u0219teanu"},"content":{"rendered":"<p>[et_pb_section fb_built=&#8221;1&#8243; fullwidth=&#8221;on&#8221; disabled_on=&#8221;on|off|off&#8221; _builder_version=&#8221;3.22&#8243; custom_margin=&#8221;||&#8221; custom_padding=&#8221;15px||29px&#8221; top_divider_style=&#8221;waves2&#8243; top_divider_color=&#8221;#f0622a&#8221; top_divider_flip=&#8221;horizontal|vertical&#8221; bottom_divider_style=&#8221;waves2&#8243; bottom_divider_color=&#8221;#fcdedb&#8221; bottom_divider_height=&#8221;105px&#8221; bottom_divider_flip=&#8221;vertical&#8221; global_module=&#8221;9062&#8243; collapsed=&#8221;off&#8221;][et_pb_fullwidth_header title=&#8221;@ET-DC@eyJkeW5hbWljIjp0cnVlLCJjb250ZW50IjoicG9zdF90aXRsZSIsInNldHRpbmdzIjp7ImJlZm9yZSI6IiIsImFmdGVyIjoiIn19@&#8221; text_orientation=&#8221;right&#8221; header_image_url=&#8221;https:\/\/pdi.ro\/2023\/2022\/wp-content\/uploads\/2021\/05\/PDI2021_logo_header_int_600x300px.png&#8221; disabled_on=&#8221;on|on|off&#8221; _builder_version=&#8221;4.9.4&#8243; _dynamic_attributes=&#8221;title&#8221; title_font=&#8221;Kaushan Script||||||||&#8221; title_text_align=&#8221;right&#8221; title_text_color=&#8221;#f0622a&#8221; title_font_size=&#8221;50px&#8221; content_font=&#8221;|600||on|||||&#8221; content_text_align=&#8221;center&#8221; content_text_color=&#8221;#686766&#8243; content_font_size=&#8221;15px&#8221; subhead_font=&#8221;||||||||&#8221; background_color=&#8221;#ef916b&#8221; background_image=&#8221;https:\/\/pdi.ro\/2023\/2022\/wp-content\/uploads\/2021\/05\/PDI2021_header_1920x550px.jpg&#8221; background_blend=&#8221;luminosity&#8221; background_layout=&#8221;light&#8221; custom_margin=&#8221;0px||8px&#8221; custom_padding=&#8221;40px||40px||true&#8221; content_font_size_tablet=&#8221;&#8221; content_font_size_phone=&#8221;15px&#8221; content_font_size_last_edited=&#8221;on|desktop&#8221;][\/et_pb_fullwidth_header][\/et_pb_section][et_pb_section fb_built=&#8221;1&#8243; _builder_version=&#8221;4.4.8&#8243;][et_pb_row _builder_version=&#8221;4.4.8&#8243;][et_pb_column type=&#8221;4_4&#8243; _builder_version=&#8221;4.4.8&#8243;][et_pb_text _builder_version=&#8221;4.9.6&#8243; _module_preset=&#8221;default&#8221; text_font=&#8221;|700|||||||&#8221; text_text_color=&#8221;#F0622A&#8221; text_font_size=&#8221;34px&#8221; text_letter_spacing=&#8221;-1px&#8221;]<\/p>\n<p>PDI, 10 ani de excelen\u021b\u0103 \u00een dermatologie<\/p>\n<p>[\/et_pb_text][et_pb_divider _builder_version=&#8221;4.9.6&#8243; _module_preset=&#8221;default&#8221; custom_margin=&#8221;||16px|||&#8221;][\/et_pb_divider][et_pb_text _builder_version=&#8221;4.9.6&#8243;]<\/p>\n<p style=\"text-align: justify;\">Nu peste mult timp, Ia\u0219ul va g\u0103zdui unul dintre cele mai importante evenimente ale lumii medicale \u0219i \u0219tiin\u021bifice. Este vorba despre cea de-a zecea edi\u021bie a Prim\u0103verii Dermatologice Ie\u0219ene (PDI), o manifestare na\u021bional\u0103 cu participare interna\u021bional\u0103 devenit\u0103 deja o tradi\u021bie nu doar pentru mediul academic medical rom\u00e2nesc, ci \u0219i pentru cel interna\u021bional.<\/p>\n<p style=\"text-align: justify;\">Lansat \u00een 2012 \u00een aula Bibliotecii Centrale Universitare, proiectul, care poate pentru unii avea conota\u021bii utopice, s-a dovedit a fi o idee vizionar\u0103, ce a adus transform\u0103ri importante \u00een lumea medical\u0103, apoi \u00een industria farmaceutic\u0103. PDI a adus \u00een realitate un concept a c\u0103rui necesitate o sim\u021beau mul\u021bi medici, dar nu l-au pus \u00een practic\u0103 \u2013 interdisciplinaritatea, idee c\u0103reia i s-au raliat nume sonore din multiple specialit\u0103\u021bi, care astfel au \u00eenceput o colaborare sinergic\u0103, totul fiind \u00een sprijinul bolnavului. Faptul c\u0103 o astfel de manifestare era necesar\u0103 a fost dovedit \u0219i de num\u0103rul mare de participan\u021bi \u00eenc\u0103 de la prima edi\u021bie. \u00cen aula edificiului a c\u0103rei piatr\u0103 de temelie a fost pus\u0103 de Regele Ferdinand s-au aflat 35 de lectori din \u021bar\u0103 \u0219i din Slovenia, Germania \u0219i SUA, ale c\u0103ror prelegeri au fost urm\u0103rite de peste 450 de participan\u021bi, medici, studen\u021bi, reziden\u021bi \u0219i cadre universitare. Num\u0103rul mare al specialit\u0103\u021bilor a dovedit necesitatea unei astfel de manifest\u0103ri care \u00eenc\u0103 de la \u00eenceput a avut girul multor societ\u0103\u021bi medicale de renume (Societatea Francez\u0103 de Dermatologie, Societatea Francez\u0103 de Flebologie, Societatea Interna\u021bional\u0103 de Dermatologie, Societatea de Medici \u0219i Naturali\u0219ti Ia\u0219i, Societatea Rom\u00e2n\u0103 de Dermatologie, Societatea de Imunologie \u0219i Alergologie Clinic\u0103, Societatea de Chirurgie Vascular\u0103), al Colegiului Medicilor \u0219i al universit\u0103\u021bilor de medicin\u0103 \u0219i farmacie din toat\u0103 \u021bara.<\/p>\n<p style=\"text-align: justify;\"><strong>\u201eAm fost pionieri \u0219i vizionari, am deschis larg u\u0219ile c\u0103tre \u0219coala modern\u0103 de dermatologie. Conceptul acestei manifest\u0103ri \u015ftiin\u0163ifice a fost unul avangardist <\/strong><strong>p<\/strong><strong>rin\u00a0abordarea\u00a0extins\u0103\u00a0a\u00a0acelor\u00a0boli\u00a0dermatologice\u00a0ce\u00a0necesit\u0103,\u00a0pentru\u00a0o\u00a0corect\u0103\u00a0\u015fi\u00a0complet\u0103 rezolvare, munca \u00een echip\u0103 a mai multor specialit\u0103\u0163i medicale.\u00a0Un nucleu foarte important \u00een PDI este reprezentat de alergologi, un altul de chirurgii vasculari, de c\u0103tre flebologi, imunologi.\u00a0Am adus dermatologia la interfa\u021ba cu alte specialit\u0103\u021bi\u201d,<\/strong> a spus prof. univ. dr. Daciana Br\u0103ni\u0219teanu, pre\u0219edintele Asocia\u021biei Dermatologilor din Moldova, fondatorul PDI.<\/p>\n<p style=\"text-align: justify;\"><strong>\u201eUniversitatea de Medicin\u0103 \u0219i Farmacie dob\u00e2nde\u0219te mult\u0103 vizibilitate prin astfel de evenimente, \u00ee\u0219i spore\u0219te imaginea \u0219i vorbe\u0219te tot mai mult despre realiz\u0103rile ei, despre studen\u021bi, despre cadrele didactice, despre activitatea \u0219tiin\u021bific\u0103 a c\u0103rei imagine va fi mult mai bine reliefat\u0103 \u00een exterior\u201d<\/strong><strong>, <\/strong>a fost de p\u0103rere prof. univ. dr. L\u0103cr\u0103mioara Ionela \u0218erban, decanul Facult\u0103\u021bii de Medicin\u0103 \u0219i Farmacie din cadrul Universit\u0103\u021bii \u201eGrigore T. Popa\u201d Ia\u0219i. \u201e<strong>Suntem onora\u021bi de parteneriatul cu o astfel de manifestare. Am fost de la \u00eenceput al\u0103turi \u0219i ne bucur\u0103m de acest lucru. Este un eveniment foarte mare \u0219i ne bucur\u0103 s\u0103 vedem c\u0103 \u0219i la Ia\u0219i se deruleaz\u0103 astfel de manifest\u0103ri\u201d<\/strong>, a apreciat \u0219i conf. univ. dr Liviu Oprea, pre\u0219edintele Colegiului Medicilor din Rom\u00e2nia, filiala Ia\u0219i.<\/p>\n<p style=\"text-align: justify;\">Evenimentul a evoluat cu medici preoponderent din zona Moldovei, dar au fost \u0219i lectori interna\u021bionali \u00eenc\u0103 de la \u00eenceput, \u0219i lectori din alte specialit\u0103\u021bi \u0219i din alte zone ale \u021b\u0103rii, f\u0103c\u00e2nd \u00eenc\u0103 de la prima edi\u021bie ca manifestarea s\u0103 fie una na\u021bional\u0103 \u0219i nu zonal\u0103, acest lucru dovedind dorin\u021ba ini\u021biatorilor ca PDI s\u0103 fie un amfiteatru deschis pentru c\u00e2t mai mul\u021bi medici. A fost prima manifestare care nu doar a inoculat \u00een lumea medical\u0103 rom\u00e2neasc\u0103 ideea de interdisciplinaritate (\u0219i nu de multidisciplinaritate), ci \u0219i primul eveniment conceput ca o succesiune de cursuri, workshopuri \u0219i prelegeri. Calitatea \u0219tiin\u021bific\u0103 extraordinar\u0103 a fost asigurat\u0103, pe de o parte, de cursivitatea temelor prezentate de-a lungul anilor, care au fost continuate de aceia\u0219i lectori, care an de an \u0219i-au l\u0103rgit echipa. Lectorii sunt \u00een sine c\u0103r\u021bi de vizit\u0103. Ei nu sunt doar practicieni, ci \u0219i oratori impecabili, care pot oferi informa\u021bii de \u00eenalt nivel cu acurate\u021be, motiv pentru care s\u0103lile de conferin\u021be au fost ne\u00eenc\u0103p\u0103toare, inclusiv la edi\u021bia online, c\u00e2nd din nou a fost evident spiritul vizionar al organizatorilor. <strong>\u201eM\u0103 bucur mult c\u0103 Prim\u0103vara Dermatologic\u0103 Ie\u0219ean\u0103 a mers mai departe<\/strong><strong>. <\/strong><strong>Apreciez mult faptul c\u0103 putem intra \u00een dialog din nou \u0219i m\u0103 bucur c\u0103 suntem \u00eempreun\u0103\u201d<\/strong>, a apreciat prof. univ. dr. Simona Roxana Georgescu (UMF \u201eCarol Davila\u201d Bucure\u0219ti), co-pre\u0219edinte al PDI.<\/p>\n<p style=\"text-align: justify;\"><strong>\u0218coala de dermatologie ie\u0219ean\u0103 ajuns\u0103 la apogeu<\/strong><\/p>\n<p style=\"text-align: justify;\">PDI este \u0219coala de dermatologie ie\u0219ean\u0103 ajuns\u0103 la apogeu, care a dep\u0103\u0219it grani\u021bele Ia\u0219ului \u0219i ale Moldovei. Este na\u021bional\u0103, are confirmarea caracterului na\u021bional prin participarea lectorilor de la toate universit\u0103\u021bile de medicin\u0103 din Rom\u00e2nia, dar \u0219i a medicilor din toat\u0103 \u021bara. Renumele acestei manifest\u0103ri a trecut peste grani\u021be, motiv pentru care foarte mul\u021bi speakeri de peste hotare \u0219i-au dorit s\u0103 fie lectori, s\u0103 ofere din cuno\u0219tin\u021bele lor f\u0103r\u0103 a cere nimic \u00een schimb, entuziasma\u021bi de atmosfera de la PDI, unde participan\u021bii au plecat de fiecare dat\u0103 cu informa\u021bii oferite \u00een premier\u0103. Ei au venit \u00een calitatea lor de profesori, au fost convin\u0219i de calitatea acestui eveniment, motiv pentru care au acceptat s\u0103 fie parte dintre cei care instruiesc, dincolo de grani\u021be \u0219i dincolo de perimetrul european. \u00cen s\u0103lile PDI au conferen\u021biat nume sonore \u2013 prof. univ. dr Andrew Nicolaides (supranumit p\u0103rintele bolii venoase, Londra), prof. univ. dr. Niazi Kushrow (reputat chirurg cardio-vascular de la Universitatea Emory, Atlanta, SUA), Michel Perrin (Societatea Francez\u0103 de Chirurgie), Mario Marchetti (coordonatorul Departamentului de Farmacologie al Societ\u0103\u021bii anti-Ageing, Italia), Claudine Hamel (Pre\u0219edintele Societ\u0103\u021bii Franceze de Flebologie), Torello Lotti (Pre\u0219edintele Societ\u0103\u021bii Interna\u021bionale de Dermatologie \u0219i al Word Health Academy), Aristides Tsatsakis (Directorul Departamentului de Toxicologie \u0219i \u0218tiin\u021be Legale al \u0218colii de Medicin\u0103 de la Universitatea din Creta \u0219i Spitalul Universitar din Heraklion), Christiane Deydier (Lyon), Martine Bagot (Pre\u0219edintele Societ\u0103\u021bii Franceze de Dermatologie, Paris) etc. Al\u0103turi de lectorii str\u0103ini s-au aflat nume importante ale medicinei rom\u00e2ne\u0219ti \u2013 prof. univ. dr Adrian Streinu-Cercel, regretatul prof. univ. dr. Marin Burlea, academicianul C\u0103lin Giurc\u0103neanu (Pre\u015fedintele Societ\u0103\u021bii Rom\u00e2ne de Dermatologie), Alin Nicolescu (Secretarul General al Societ\u0103\u021bii Rom\u00e2ne de Dermatologie), cunoscutul chirurg vascular \u0218tefan Jianu, reputatul chirurg plastician Dana Jianu, conf. univ. Daniel Boda (Universitatea \u201eCarol Davila\u201d Bucure\u0219ti), prof.univ.dr Simona Roxana Georgescu (Universitatea \u201eCarol Davila\u201d Bucure\u0219ti), prof. univ. dr. Monica H\u0103ncianu (UMF \u201eGrigore T. Popa\u201d Ia\u0219i), prof. univ. dr. L\u0103cr\u0103mioara Ionela \u0218erban (UMF \u201eGrigore T. Popa\u201d Ia\u0219i). O dovad\u0103 a nivelului \u0219tiin\u021bific ridicat a fost \u0219i faptul c\u0103 mul\u021bi speciali\u0219ti de top au acceptat s\u0103 fie pre\u0219edin\u021bi de onoare \u2013 prof. univ. dr. Niazi Khusrow, prof. univ. dr. Andrew Nicolaides, prof. univ. dr. Torello Lotti, prof. univ. dr. Michel Perrin, prof. univ. dr. Aristides Tzatzakis, prof. univ. dr. Demetrios Spandidos, dr Martine Bagot, prof. univ. dr. Adrian Streinu Cercel, prof.\u00a0univ. dr. L\u0103cr\u0103mioara Ionela \u015eerban (Ia\u0219i), acad. C\u0103lin Giurc\u0103neanu (Bucure\u0219ti), dar \u0219i vicepre\u0219edin\u021bi de onoare &#8211; Alexandru Oan\u021b\u0103 (Bra\u0219ov), Vasile Benea \u00a0(Bucure\u0219ti), Daniel Boda \u00a0(Bucure\u0219ti), Diana Deleanu (Cluj), dr. Daniel Costache (Bucure\u0219ti), dr. Dana Mihaela Jianu (Bucure\u0219ti), Alin Nicolescu \u00a0(Bucure\u0219ti). <strong>\u201eUn m\u0103nunchi de oameni, de vorbitori care \u00eempreun\u0103 au realizat \u00eentr-adev\u0103r o armonie, o culoare \u0219i o speran\u021b\u0103 extraordinar\u0103 pentru pacien\u021bii dermatologici\u201d,<\/strong> a spus, \u00eenc\u0103 de la prima edi\u021bie, prof. univ. dr Monica H\u0103ncianu, in calitate de decan al Facult\u0103\u021bii de Farmacie din cadrul UMF \u201eGrigore T. Popa\u201d Ia\u0219i. \u00cenc\u0103 de la bun \u00eenceput a fost evident c\u0103 toate conceptele lansate la PDI vor deveni reguli de bun\u0103 practic\u0103, dup\u0103 cum a remarcat, \u00een 2013, la cea de-a doua edi\u021bier Claudine Hamel Desnos, pre\u0219edintele Societ\u0103\u021bii Franceze de Flebologie: <strong>\u201eEste magnific \u0219i sunt impresionat\u0103 de organizare. Lucr\u0103rile propuse au fost foarte interesante, de \u00eenalt nivel \u0219tiin\u021bific. Foarte important\u0103 este colaborarea cu speciali\u0219tii din celelalte specialit\u0103\u021bi, caracterul interdisciplinar fiind de apreciat\u201d<\/strong><strong>.<\/strong> <strong>\u201eScopul primordial al manifest\u0103rii a fost, \u00een fiecare an, s\u0103 afle cum poate ajuta pacien\u021bii, cu informa\u021bii medicale de ultim\u0103 or\u0103. Apoi a urm\u0103rit s\u0103 educe medicii, s\u0103-i provoace la schimbul de idei. \u00cei \u00eenva\u021b\u0103 pe tinerii medici c\u0103 doar prin colaborare pot excela\u201d,<\/strong> a apreciat \u0219i prof. univ. Niazi Kushrow, pre\u0219edinte de onoare la ultimele \u0219apte edi\u021bii la care a participat constant. <strong>\u201ePDI este o manifestare foarte important\u0103 pentru practica de zi cu zi, ofer\u0103 foarte multe informa\u021bii medicale de ultim\u0103 or\u0103 care ne ajut\u0103 s\u0103 afl\u0103m ce putem face pentru pacien\u021bi, dar \u0219i pentru comunitatea \u0219tiin\u021bific\u0103\u201d<\/strong>, este convins prof.univ.dr. Torello Lotti, pre\u0219edintele World Health Academy. Tot PDI a fost o scen\u0103 foarte important\u0103 \u0219i pentru industria farmaceutic\u0103, ai c\u0103rei oficiali au us\u021binut manifestarea \u00eenc\u0103 de la \u00eenceput \u0219i c\u0103rora li s-a oferit posibilitatea lans\u0103rii multor medicamente inovatoare. \u00cen simpozioanele atent preg\u0103tite au fost prezentate medicamente de ultim\u0103 or\u0103, care au oferit sprijin \u00een tratarea eficient\u0103 a multor afec\u021biuni dermatologice, ce ridicau mari probleme. Foarte important a fost, la edi\u021bia din 2019, \u0219i parteneriatul cu Laser Europe, un congres interna\u021bional care a reunit la Ia\u0219i crema chirurgilor plasticieni din Europa. Remarcabil a fost \u0219i sprijinul oferit studen\u021bilor, care au putut participa \u00een mod gratuit la cursuri, workshopuri \u0219i prelegeri. Ei sunt viitorii medici de m\u00e2ine \u0219i cei care au participat la edi\u021biile anterioare ale PDI au intrat deja forma\u021bi \u00een sistemul medical, cu multe cuno\u0219tin\u021be importante acumulate, amprenta\u021bi cu o atitudine benefic\u0103 bolnavului. Mul\u021bi dintre studen\u021bi \u0219i reziden\u021bi, ajun\u0219i ast\u0103zi medici, s-au reg\u0103sit pe listele de lectori ale edi\u021biilor anterioare ale PDI, dovedindu-se astfel preg\u0103tirea lor profesional\u0103 impecabil\u0103.<\/p>\n<p style=\"text-align: justify;\"><strong>10 ani de excelen\u021b\u0103 medical\u0103<\/strong><\/p>\n<p style=\"text-align: justify;\">PDI a creat o comunitate medical\u0103 unit\u0103, \u00een care dorin\u021ba de perfec\u021bionare este permanent\u0103, \u00een care s-au legat prietenii durabile, care au primit girul timpului inclusiv la edi\u021bia din 2020, c\u00e2nd pandemia adus\u0103 de SARS-COV-2 a mutat dialogurile \u00een mediul online. A noua edi\u021bie a PDI a fost primul eveniment medical de o asemenea amploare \u00een Rom\u00e2nia, cu o prezen\u021b\u0103 de peste 2700 de participan\u021bi. Un record pentru Rom\u00e2nia, care nu avea un istoric sau o experien\u021b\u0103 \u00een organizarea evenimentelor medicale \u00een spa\u021biul virtual. Privind \u00een urm\u0103 la cele nou\u0103 edi\u021bii, \u00een s\u0103lile PDI au fost sus\u021binute peste 600 de cursuri, workshopuri \u0219i prelegeri, oferite de peste 650 de lectori, care au fost audia\u021bi de peste 10.000 de participan\u021bi, cam c\u00e2t popula\u021bia unei localit\u0103\u021bi mici. PDI a demonstrat c\u0103 doar dorin\u021ba nu este de ajuns atunci c\u00e2nd vrei s\u0103 construie\u0219ti lucruri durabile, ci este nevoie de curaj, de \u0219tiin\u021b\u0103 la \u00eenalt nivel \u0219i de acea pasiune care sus\u021bine focul l\u0103untric al vizionarului, idei \u00een jurul c\u0103reia s-a creionat \u0219i cea de-a zecea edi\u021bie, una aniversar\u0103, care va avea loc \u00eentre <strong>20 \u0219i 24 iulie 2021, la Ia\u0219i<\/strong>, al doilea ora\u0219 al Rom\u00e2niei unde a fost lansat\u0103 una dintre manifest\u0103rile medicale de elit\u0103 din Europa.<\/p>\n<p>&nbsp;<\/p>\n<p>&nbsp;<\/p>\n<p>&nbsp;<\/p>\n<p>&nbsp;<\/p>\n<p>&nbsp;<\/p>\n<p>[\/et_pb_text][\/et_pb_column][\/et_pb_row][\/et_pb_section][et_pb_section fb_built=&#8221;1&#8243; _builder_version=&#8221;4.9.6&#8243; background_color=&#8221;rgba(117,194,33,0.23)&#8221; background_image=&#8221;https:\/\/pdi.ro\/2023\/2022\/wp-content\/uploads\/2021\/05\/PDI2021_header_1920x550px.jpg&#8221; background_blend=&#8221;multiply&#8221; custom_padding=&#8221;54px|0px|0|0px|false|false&#8221; top_divider_style=&#8221;waves2&#8243; top_divider_color=&#8221;#ffffff&#8221; top_divider_height=&#8221;155px&#8221; top_divider_height_tablet=&#8221;&#8221; top_divider_height_phone=&#8221;97px&#8221; top_divider_height_last_edited=&#8221;on|desktop&#8221; bottom_divider_style=&#8221;waves2&#8243; bottom_divider_color=&#8221;#75c221&#8243; bottom_divider_flip=&#8221;vertical&#8221; bottom_divider_height_tablet=&#8221;&#8221; bottom_divider_height_phone=&#8221;59px&#8221; bottom_divider_height_last_edited=&#8221;on|desktop&#8221; global_module=&#8221;9177&#8243; saved_tabs=&#8221;all&#8221;][et_pb_row column_structure=&#8221;3_5,2_5&#8243; _builder_version=&#8221;3.25&#8243; custom_padding=&#8221;61px|0px|69px|0px|false|false&#8221;][et_pb_column type=&#8221;3_5&#8243; _builder_version=&#8221;3.25&#8243; custom_padding=&#8221;|||&#8221; custom_padding__hover=&#8221;|||&#8221;][et_pb_text _builder_version=&#8221;4.9.4&#8243; text_font=&#8221;Kaushan Script||||||||&#8221; text_text_color=&#8221;#f0622a&#8221; text_font_size=&#8221;30px&#8221; text_line_height=&#8221;1.2em&#8221; header_font=&#8221;||||||||&#8221; background_layout=&#8221;dark&#8221; text_font_size_tablet=&#8221;&#8221; text_font_size_phone=&#8221;&#8221; text_font_size_last_edited=&#8221;on|desktop&#8221;]<\/p>\n<p>Contacteaz\u0103 operatorul PDI 2021<\/p>\n<p>[\/et_pb_text][et_pb_contact_form email=&#8221;contact@pdi.ro\/2019&#8243; submit_button_text=&#8221;Trimite mesajul&#8221; _builder_version=&#8221;4.9.4&#8243; title_font=&#8221;||||||||&#8221; custom_button=&#8221;on&#8221; button_text_color=&#8221;#F0622A&#8221;][et_pb_contact_field field_id=&#8221;Name&#8221; field_title=&#8221;Nume&#8221; _builder_version=&#8221;3.18.9&#8243; button_text_size__hover_enabled=&#8221;off&#8221; button_one_text_size__hover_enabled=&#8221;off&#8221; button_two_text_size__hover_enabled=&#8221;off&#8221; button_text_color__hover_enabled=&#8221;off&#8221; button_one_text_color__hover_enabled=&#8221;off&#8221; button_two_text_color__hover_enabled=&#8221;off&#8221; button_border_width__hover_enabled=&#8221;off&#8221; button_one_border_width__hover_enabled=&#8221;off&#8221; button_two_border_width__hover_enabled=&#8221;off&#8221; button_border_color__hover_enabled=&#8221;off&#8221; button_one_border_color__hover_enabled=&#8221;off&#8221; button_two_border_color__hover_enabled=&#8221;off&#8221; button_border_radius__hover_enabled=&#8221;off&#8221; button_one_border_radius__hover_enabled=&#8221;off&#8221; button_two_border_radius__hover_enabled=&#8221;off&#8221; button_letter_spacing__hover_enabled=&#8221;off&#8221; button_one_letter_spacing__hover_enabled=&#8221;off&#8221; button_two_letter_spacing__hover_enabled=&#8221;off&#8221; button_bg_color__hover_enabled=&#8221;off&#8221; button_one_bg_color__hover_enabled=&#8221;off&#8221; button_two_bg_color__hover_enabled=&#8221;off&#8221;][\/et_pb_contact_field][et_pb_contact_field field_id=&#8221;Email&#8221; field_title=&#8221;Adresa de e-mail&#8221; field_type=&#8221;email&#8221; _builder_version=&#8221;3.19.4&#8243; button_text_size__hover_enabled=&#8221;off&#8221; button_one_text_size__hover_enabled=&#8221;off&#8221; button_two_text_size__hover_enabled=&#8221;off&#8221; button_text_color__hover_enabled=&#8221;off&#8221; button_one_text_color__hover_enabled=&#8221;off&#8221; button_two_text_color__hover_enabled=&#8221;off&#8221; button_border_width__hover_enabled=&#8221;off&#8221; button_one_border_width__hover_enabled=&#8221;off&#8221; button_two_border_width__hover_enabled=&#8221;off&#8221; button_border_color__hover_enabled=&#8221;off&#8221; button_one_border_color__hover_enabled=&#8221;off&#8221; button_two_border_color__hover_enabled=&#8221;off&#8221; button_border_radius__hover_enabled=&#8221;off&#8221; button_one_border_radius__hover_enabled=&#8221;off&#8221; button_two_border_radius__hover_enabled=&#8221;off&#8221; button_letter_spacing__hover_enabled=&#8221;off&#8221; button_one_letter_spacing__hover_enabled=&#8221;off&#8221; button_two_letter_spacing__hover_enabled=&#8221;off&#8221; button_bg_color__hover_enabled=&#8221;off&#8221; button_one_bg_color__hover_enabled=&#8221;off&#8221; button_two_bg_color__hover_enabled=&#8221;off&#8221;][\/et_pb_contact_field][et_pb_contact_field field_id=&#8221;Message&#8221; field_title=&#8221;Mesajul dvs.&#8221; field_type=&#8221;text&#8221; fullwidth_field=&#8221;on&#8221; _builder_version=&#8221;3.18.9&#8243; button_text_size__hover_enabled=&#8221;off&#8221; button_one_text_size__hover_enabled=&#8221;off&#8221; button_two_text_size__hover_enabled=&#8221;off&#8221; button_text_color__hover_enabled=&#8221;off&#8221; button_one_text_color__hover_enabled=&#8221;off&#8221; button_two_text_color__hover_enabled=&#8221;off&#8221; button_border_width__hover_enabled=&#8221;off&#8221; button_one_border_width__hover_enabled=&#8221;off&#8221; button_two_border_width__hover_enabled=&#8221;off&#8221; button_border_color__hover_enabled=&#8221;off&#8221; button_one_border_color__hover_enabled=&#8221;off&#8221; button_two_border_color__hover_enabled=&#8221;off&#8221; button_border_radius__hover_enabled=&#8221;off&#8221; button_one_border_radius__hover_enabled=&#8221;off&#8221; button_two_border_radius__hover_enabled=&#8221;off&#8221; button_letter_spacing__hover_enabled=&#8221;off&#8221; button_one_letter_spacing__hover_enabled=&#8221;off&#8221; button_two_letter_spacing__hover_enabled=&#8221;off&#8221; button_bg_color__hover_enabled=&#8221;off&#8221; button_one_bg_color__hover_enabled=&#8221;off&#8221; button_two_bg_color__hover_enabled=&#8221;off&#8221;][\/et_pb_contact_field][\/et_pb_contact_form][\/et_pb_column][et_pb_column type=&#8221;2_5&#8243; _builder_version=&#8221;3.25&#8243; custom_padding=&#8221;|||&#8221; custom_padding__hover=&#8221;|||&#8221;][et_pb_text _builder_version=&#8221;4.9.4&#8243; text_font=&#8221;Kaushan Script||||||||&#8221; text_text_color=&#8221;#f0622a&#8221; text_font_size=&#8221;30px&#8221; header_font=&#8221;||||||||&#8221; background_layout=&#8221;dark&#8221;]<\/p>\n<p>Operatorul PDI 2021<\/p>\n<p>[\/et_pb_text][et_pb_text _builder_version=&#8221;4.0.11&#8243; text_font=&#8221;||||||||&#8221;]<\/p>\n<p><span><img loading=\"lazy\" decoding=\"async\" src=\"https:\/\/pdi.ro\/2023\/2022\/wp-content\/uploads\/2020\/02\/eventer_logo_150px.png\" width=\"151\" height=\"33\" alt=\"\" class=\"wp-image-774 alignleft size-full\" \/><\/span><\/p>\n<p><span><\/span><\/p>\n<p><span><\/span><\/p>\n<p><span>Adresa: Str. A. Panu nr. 13, Iasi<\/span><br \/> <span>Tel.: 0332.40.88.00-05<\/span><br \/> <span>E-mail: <a href=\"mailto:inscrieri@primaderma.ro\" target=\"_blank\" rel=\"noopener noreferrer\">inscrieri@primaderma.ro<\/a><br \/> <\/span><span>Website:\u00a0<\/span><a href=\"http:\/\/www.eventernet.ro\/\" target=\"Blank\" rel=\"noopener noreferrer\">www.eventernet.ro<\/a><\/p>\n<p>[\/et_pb_text][et_pb_text disabled_on=&#8221;off|off|off&#8221; _builder_version=&#8221;4.0.11&#8243; text_font=&#8221;Kaushan Script||||||||&#8221; text_text_color=&#8221;#f0622a&#8221; text_font_size=&#8221;30px&#8221; header_font=&#8221;||||||||&#8221; background_layout=&#8221;dark&#8221; locked=&#8221;off&#8221;]<\/p>\n<p>Parteneri Media<\/p>\n<p>[\/et_pb_text][et_pb_gallery gallery_ids=&#8221;7203,7204,9252,9464&#8243; fullwidth=&#8221;on&#8221; _builder_version=&#8221;4.9.6&#8243; transform_scale=&#8221;86%|86%&#8221; max_width=&#8221;63%&#8221; auto=&#8221;on&#8221; auto_speed=&#8221;3500&#8243; hover_transition_duration=&#8221;100ms&#8221; hover_transition_delay=&#8221;50ms&#8221; hover_transition_speed_curve=&#8221;ease-in-out&#8221; locked=&#8221;off&#8221;][\/et_pb_gallery][\/et_pb_column][\/et_pb_row][\/et_pb_section]<\/p>\n","protected":false},"excerpt":{"rendered":"<p>PDI, 10 ani de excelen\u021b\u0103 \u00een dermatologieNu peste mult timp, Ia\u0219ul va g\u0103zdui unul dintre cele mai importante evenimente ale lumii medicale \u0219i \u0219tiin\u021bifice. Este vorba despre cea de-a zecea edi\u021bie a Prim\u0103verii Dermatologice Ie\u0219ene (PDI), o manifestare na\u021bional\u0103 cu participare interna\u021bional\u0103 devenit\u0103 deja o tradi\u021bie nu doar pentru mediul academic medical rom\u00e2nesc, ci \u0219i [&hellip;]<\/p>\n","protected":false},"author":2,"featured_media":0,"parent":0,"menu_order":0,"comment_status":"closed","ping_status":"closed","template":"","meta":{"_et_pb_use_builder":"on","_et_pb_old_content":"","_et_gb_content_width":"","footnotes":""},"class_list":["post-9315","page","type-page","status-publish","hentry"],"_links":{"self":[{"href":"https:\/\/pdi.ro\/2023\/wp-json\/wp\/v2\/pages\/9315","targetHints":{"allow":["GET"]}}],"collection":[{"href":"https:\/\/pdi.ro\/2023\/wp-json\/wp\/v2\/pages"}],"about":[{"href":"https:\/\/pdi.ro\/2023\/wp-json\/wp\/v2\/types\/page"}],"author":[{"embeddable":true,"href":"https:\/\/pdi.ro\/2023\/wp-json\/wp\/v2\/users\/2"}],"replies":[{"embeddable":true,"href":"https:\/\/pdi.ro\/2023\/wp-json\/wp\/v2\/comments?post=9315"}],"version-history":[{"count":9,"href":"https:\/\/pdi.ro\/2023\/wp-json\/wp\/v2\/pages\/9315\/revisions"}],"predecessor-version":[{"id":10152,"href":"https:\/\/pdi.ro\/2023\/wp-json\/wp\/v2\/pages\/9315\/revisions\/10152"}],"wp:attachment":[{"href":"https:\/\/pdi.ro\/2023\/wp-json\/wp\/v2\/media?parent=9315"}],"curies":[{"name":"wp","href":"https:\/\/api.w.org\/{rel}","templated":true}]}}