{"id":9323,"date":"2021-06-07T15:55:11","date_gmt":"2021-06-07T13:55:11","guid":{"rendered":"https:\/\/primaderma.ro\/?page_id=9323"},"modified":"2021-07-06T10:02:26","modified_gmt":"2021-07-06T08:02:26","slug":"interviu-neagu-monica","status":"publish","type":"page","link":"https:\/\/pdi.ro\/2023\/interviu-neagu-monica\/","title":{"rendered":"Interviu Prof. univ. dr. Neagu Monica"},"content":{"rendered":"<p>[et_pb_section fb_built=&#8221;1&#8243; fullwidth=&#8221;on&#8221; disabled_on=&#8221;on|off|off&#8221; _builder_version=&#8221;3.22&#8243; custom_margin=&#8221;||&#8221; custom_padding=&#8221;15px||29px&#8221; top_divider_style=&#8221;waves2&#8243; top_divider_color=&#8221;#f0622a&#8221; top_divider_flip=&#8221;horizontal|vertical&#8221; bottom_divider_style=&#8221;waves2&#8243; bottom_divider_color=&#8221;#fcdedb&#8221; bottom_divider_height=&#8221;105px&#8221; bottom_divider_flip=&#8221;vertical&#8221; global_module=&#8221;9062&#8243; collapsed=&#8221;off&#8221;][et_pb_fullwidth_header title=&#8221;@ET-DC@eyJkeW5hbWljIjp0cnVlLCJjb250ZW50IjoicG9zdF90aXRsZSIsInNldHRpbmdzIjp7ImJlZm9yZSI6IiIsImFmdGVyIjoiIn19@&#8221; text_orientation=&#8221;right&#8221; header_image_url=&#8221;https:\/\/pdi.ro\/2023\/2022\/wp-content\/uploads\/2021\/05\/PDI2021_logo_header_int_600x300px.png&#8221; disabled_on=&#8221;on|on|off&#8221; _builder_version=&#8221;4.9.4&#8243; _dynamic_attributes=&#8221;title&#8221; title_font=&#8221;Kaushan Script||||||||&#8221; title_text_align=&#8221;right&#8221; title_text_color=&#8221;#f0622a&#8221; title_font_size=&#8221;50px&#8221; content_font=&#8221;|600||on|||||&#8221; content_text_align=&#8221;center&#8221; content_text_color=&#8221;#686766&#8243; content_font_size=&#8221;15px&#8221; subhead_font=&#8221;||||||||&#8221; background_color=&#8221;#ef916b&#8221; background_image=&#8221;https:\/\/pdi.ro\/2023\/2022\/wp-content\/uploads\/2021\/05\/PDI2021_header_1920x550px.jpg&#8221; background_blend=&#8221;luminosity&#8221; background_layout=&#8221;light&#8221; custom_margin=&#8221;0px||8px&#8221; custom_padding=&#8221;40px||40px||true&#8221; content_font_size_tablet=&#8221;&#8221; content_font_size_phone=&#8221;15px&#8221; content_font_size_last_edited=&#8221;on|desktop&#8221;][\/et_pb_fullwidth_header][\/et_pb_section][et_pb_section fb_built=&#8221;1&#8243; _builder_version=&#8221;4.4.8&#8243;][et_pb_row _builder_version=&#8221;4.4.8&#8243;][et_pb_column type=&#8221;4_4&#8243; _builder_version=&#8221;4.4.8&#8243;][et_pb_text _builder_version=&#8221;4.9.6&#8243; _module_preset=&#8221;default&#8221; text_font=&#8221;|700|||||||&#8221; text_text_color=&#8221;#F0622A&#8221; text_font_size=&#8221;34px&#8221; text_letter_spacing=&#8221;-1px&#8221; text_line_height=&#8221;1.2em&#8221;]<\/p>\n<p>\u201eDomeniul imuno-dermatologiei na\u021bionale are ca ora\u0219 de na\u0219tere Ia\u0219ul\u201d<\/p>\n<p>[\/et_pb_text][et_pb_divider _builder_version=&#8221;4.9.6&#8243; _module_preset=&#8221;default&#8221; custom_margin=&#8221;||17px|||&#8221;][\/et_pb_divider][et_pb_text _builder_version=&#8221;4.9.6&#8243;]<\/p>\n<p style=\"text-align: justify;\">De zece ani, PDI adun\u0103 s\u0103li pline de lectori de renume din Rom\u00e2nia \u0219i de peste hotare, medici, studen\u021bi, reziden\u021bi, cercet\u0103tori \u00een domeniul medical, reprezentan\u021bi ai companiilor farmaceutice. De zece ani, PDI este un nume important pe harta manifest\u0103rilor medicale elitiste, confimat de la o edi\u021bie la alta. Am stat de vorb\u0103 cu doamna profesor universitar dr Monica Neagu, pre\u0219edintele Societ\u0103\u021bii de Imunologie din Rom\u00e2nia, cercet\u0103tor \u0219tiin\u021bific gradul I la Institutul Na\u021bional \u201eVictor Babe\u0219\u201d, unul dintre lectorii \u00eendr\u0103gi\u021bi ai PDI.<br \/><strong>&#8211; Zece ani de PDI, un num\u0103r rotund, frumos, o aniversare important\u0103 pentru \u0219coala rom\u00e2neasc\u0103 de dermatologie. Ce v-a determinat s\u0103 fi\u021bi alaturi de PDI?<\/strong><br \/>&#8211; Anul acesta, mai mult c\u0103 oric\u00e2nd am \u021binut s\u0103 m\u0103 al\u0103tur PDI la aniversarea acestei manifest\u0103ri. Chiar dac\u0103 nu am putut s\u0103 fiu fizic la toate edi\u021biile din cei zece ani, am urm\u0103rit evolu\u021bia fulminant\u0103 a acestei manifest\u0103ri na\u021bionale cu participare interna\u021bional\u0103. A\u0219a dup\u0103 cum dore\u0219ti s\u0103 fii al\u0103turi de prieten drag la aniversare, a\u0219a am dorit \u0219i eu, \u00een acest an \u00een mod special, s\u0103 vin fizic la aceast\u0103 manifestare \u0219i s\u0103 urez \u201eLa mul\u021bi ani!\u201d acestei reuniuni \u0219tiin\u021bifice, s\u0103 doresc multe \u00eempliniri personale \u0219i profesionale Doamnei Prof. dr. Daciana Br\u0103ni\u0219teanu, deopotriv\u0103 inima \u0219i creierul acestei manifest\u0103ri.<br \/><strong>&#8211; Ce v-a atras la aceast\u0103 manifestare \u0219i ce v-a determinat s\u0103 fi\u021bi al\u0103turi?<\/strong><br \/>&#8211; De la \u00eenceputurile PDI m-a atras caracterul multidisciplinar al reuniunii. A\u0219a cum pielea este cel mai mare organ cu func\u021bie imun\u0103, \u0219i aceast\u0103 reuniune, asemenea unui organ complex, a reu\u0219it s\u0103 \u00eembine domenii \u0219i valori multiple. Ca \u0219i imunolog, PDI mi-a oferit o platform\u0103 de schimb de opinii, de rezultate, de \u00eentreb\u0103ri \u00een domeniul dermatologiei, iar acest flux intelectual a fost sus\u021binut de cele mai titrate min\u021bi \u00een domeniul dermatologiei at\u00e2t pe plan na\u021bional, c\u00e2t \u0219i international. Pot s\u0103 afirm c\u0103 domeniul imuno-dermatologiei na\u021bionale are ca ora\u0219 de na\u0219tere Ia\u0219ul \u0219i botezul realizat \u00een cadrul PDI.<br \/><strong>&#8211; Este adev\u0103rat c\u0103 \u00eent\u00e2lnirile directe sunt cele mai frumoase, \u00eens\u0103 pandemia a \u00eempiedit revederea anul trecut, oblig\u00e2nd PDI s\u0103 se deruleze \u00een mediul online. Cum a\u021bi apreciat edi\u021bia de anul trecut? Cum s-a v\u0103zut de la Bucure\u0219ti?<\/strong><br \/>&#8211; Edi\u021bia de anul trecut, o edi\u021bie on-line, a fost inedit\u0103 a\u0219a dup\u0103 cum au fost \u00eentreg anul care a trecut \u0219i dup\u0103 cum au fost toate manifest\u0103rile \u0219tiin\u021bifice la care am participat sau organizat. Organizarea a fost impecabil\u0103 \u0219i a adunat, ca de obicei, cele mai interesante \u0219i captivante comunic\u0103ri \u0219i prelegeri orale. De la Bucure\u0219ti \u00eentotdeauna PDI \u201ese vede foarte bine\u201d, iar dermatologia din Ia\u0219i \u00ee\u0219i men\u021bine \u0219i augumenteaz\u0103 \u201egaloanele\u201d \u0219tiin\u021bifice \u00een fiecare an. Nu sunt un fan al manifest\u0103rilor on-line, ba dimpotriv\u0103, dar organizatorii au reu\u0219it s\u0103 transmit\u0103 acea c\u0103ldur\u0103 care a completat dialogurile de nivel \u00eenalt cu care ne-au obi\u0219nuit aceste reuniuni.<br \/><strong>&#8211; Vorbi\u021bi cu mult\u0103 pasiune despre PDI \u0219i m\u0103 \u00eentreb care sunt momentele cele mai frumoase care v\u0103 leag\u0103 de aceast\u0103 manifestare?<\/strong><br \/>&#8211; Nu cred c\u0103 am cele mai frumoase momente, am doar momente frumoase la Ia\u0219i. Ca s\u0103 v\u0103 r\u0103spund totu\u0219i la \u00eentrebare &#8211; \u00eent\u00e2lnirea cu o persoan\u0103 special\u0103 sufletului meu, Doamna Prof. Dr. Daciana Br\u0103ni\u0219teanu, m\u0103 umple fizic \u0219i psihic de lumin\u0103 \u00een fiecare moment. Este important s\u0103 \u00eemp\u0103rt\u0103\u0219esc un moment, care se repet\u0103 \u00een fiecare an, indiferent de loca\u021bie &#8211; o sal\u0103 plin\u0103 p\u00e2n\u0103 la refuz cu studen\u021bii, reziden\u021bii Doamnei Profesor \u0219i sute de perechi de ochi care sclipeau \u00een timpul uneia din prezent\u0103rile mele. A fost unul din momentele palpabile \u00een care mi-am dat seama c\u0103 viitorul are str\u0103lucirea acestor ochi \u0219i c\u0103 Doamna Profesor este formatorul acestui viitor.<\/p>\n<p>[\/et_pb_text][\/et_pb_column][\/et_pb_row][\/et_pb_section][et_pb_section fb_built=&#8221;1&#8243; _builder_version=&#8221;4.9.4&#8243; background_color=&#8221;rgba(117,194,33,0.23)&#8221; background_image=&#8221;https:\/\/pdi.ro\/2023\/2022\/wp-content\/uploads\/2021\/05\/PDI2021_header_1920x550px.jpg&#8221; background_blend=&#8221;multiply&#8221; custom_padding=&#8221;54px|0px|0|0px|false|false&#8221; top_divider_style=&#8221;waves2&#8243; top_divider_color=&#8221;#ffffff&#8221; top_divider_height=&#8221;155px&#8221; top_divider_height_tablet=&#8221;&#8221; top_divider_height_phone=&#8221;97px&#8221; top_divider_height_last_edited=&#8221;on|desktop&#8221; bottom_divider_style=&#8221;waves2&#8243; bottom_divider_color=&#8221;#75c221&#8243; bottom_divider_flip=&#8221;vertical&#8221; bottom_divider_height_tablet=&#8221;&#8221; bottom_divider_height_phone=&#8221;59px&#8221; bottom_divider_height_last_edited=&#8221;on|desktop&#8221; global_module=&#8221;9177&#8243; saved_tabs=&#8221;all&#8221;][et_pb_row column_structure=&#8221;3_5,2_5&#8243; _builder_version=&#8221;3.25&#8243; custom_padding=&#8221;61px|0px|69px|0px|false|false&#8221;][et_pb_column type=&#8221;3_5&#8243; _builder_version=&#8221;3.25&#8243; custom_padding=&#8221;|||&#8221; custom_padding__hover=&#8221;|||&#8221;][et_pb_text _builder_version=&#8221;4.9.4&#8243; text_font=&#8221;Kaushan Script||||||||&#8221; text_text_color=&#8221;#f0622a&#8221; text_font_size=&#8221;30px&#8221; text_line_height=&#8221;1.2em&#8221; header_font=&#8221;||||||||&#8221; background_layout=&#8221;dark&#8221; text_font_size_tablet=&#8221;&#8221; text_font_size_phone=&#8221;&#8221; text_font_size_last_edited=&#8221;on|desktop&#8221;]<\/p>\n<p>Contacteaz\u0103 operatorul PDI 2021<\/p>\n<p>[\/et_pb_text][et_pb_contact_form email=&#8221;contact@pdi.ro\/2019&#8243; submit_button_text=&#8221;Trimite mesajul&#8221; _builder_version=&#8221;4.9.4&#8243; title_font=&#8221;||||||||&#8221; custom_button=&#8221;on&#8221; button_text_color=&#8221;#F0622A&#8221;][et_pb_contact_field field_id=&#8221;Name&#8221; field_title=&#8221;Nume&#8221; _builder_version=&#8221;3.18.9&#8243; button_text_size__hover_enabled=&#8221;off&#8221; button_one_text_size__hover_enabled=&#8221;off&#8221; button_two_text_size__hover_enabled=&#8221;off&#8221; button_text_color__hover_enabled=&#8221;off&#8221; button_one_text_color__hover_enabled=&#8221;off&#8221; button_two_text_color__hover_enabled=&#8221;off&#8221; button_border_width__hover_enabled=&#8221;off&#8221; button_one_border_width__hover_enabled=&#8221;off&#8221; button_two_border_width__hover_enabled=&#8221;off&#8221; button_border_color__hover_enabled=&#8221;off&#8221; button_one_border_color__hover_enabled=&#8221;off&#8221; button_two_border_color__hover_enabled=&#8221;off&#8221; button_border_radius__hover_enabled=&#8221;off&#8221; button_one_border_radius__hover_enabled=&#8221;off&#8221; button_two_border_radius__hover_enabled=&#8221;off&#8221; button_letter_spacing__hover_enabled=&#8221;off&#8221; button_one_letter_spacing__hover_enabled=&#8221;off&#8221; button_two_letter_spacing__hover_enabled=&#8221;off&#8221; button_bg_color__hover_enabled=&#8221;off&#8221; button_one_bg_color__hover_enabled=&#8221;off&#8221; button_two_bg_color__hover_enabled=&#8221;off&#8221;][\/et_pb_contact_field][et_pb_contact_field field_id=&#8221;Email&#8221; field_title=&#8221;Adresa de e-mail&#8221; field_type=&#8221;email&#8221; _builder_version=&#8221;3.19.4&#8243; button_text_size__hover_enabled=&#8221;off&#8221; button_one_text_size__hover_enabled=&#8221;off&#8221; button_two_text_size__hover_enabled=&#8221;off&#8221; button_text_color__hover_enabled=&#8221;off&#8221; button_one_text_color__hover_enabled=&#8221;off&#8221; button_two_text_color__hover_enabled=&#8221;off&#8221; button_border_width__hover_enabled=&#8221;off&#8221; button_one_border_width__hover_enabled=&#8221;off&#8221; button_two_border_width__hover_enabled=&#8221;off&#8221; button_border_color__hover_enabled=&#8221;off&#8221; button_one_border_color__hover_enabled=&#8221;off&#8221; button_two_border_color__hover_enabled=&#8221;off&#8221; button_border_radius__hover_enabled=&#8221;off&#8221; button_one_border_radius__hover_enabled=&#8221;off&#8221; button_two_border_radius__hover_enabled=&#8221;off&#8221; button_letter_spacing__hover_enabled=&#8221;off&#8221; button_one_letter_spacing__hover_enabled=&#8221;off&#8221; button_two_letter_spacing__hover_enabled=&#8221;off&#8221; button_bg_color__hover_enabled=&#8221;off&#8221; button_one_bg_color__hover_enabled=&#8221;off&#8221; button_two_bg_color__hover_enabled=&#8221;off&#8221;][\/et_pb_contact_field][et_pb_contact_field field_id=&#8221;Message&#8221; field_title=&#8221;Mesajul dvs.&#8221; field_type=&#8221;text&#8221; fullwidth_field=&#8221;on&#8221; _builder_version=&#8221;3.18.9&#8243; button_text_size__hover_enabled=&#8221;off&#8221; button_one_text_size__hover_enabled=&#8221;off&#8221; button_two_text_size__hover_enabled=&#8221;off&#8221; button_text_color__hover_enabled=&#8221;off&#8221; button_one_text_color__hover_enabled=&#8221;off&#8221; button_two_text_color__hover_enabled=&#8221;off&#8221; button_border_width__hover_enabled=&#8221;off&#8221; button_one_border_width__hover_enabled=&#8221;off&#8221; button_two_border_width__hover_enabled=&#8221;off&#8221; button_border_color__hover_enabled=&#8221;off&#8221; button_one_border_color__hover_enabled=&#8221;off&#8221; button_two_border_color__hover_enabled=&#8221;off&#8221; button_border_radius__hover_enabled=&#8221;off&#8221; button_one_border_radius__hover_enabled=&#8221;off&#8221; button_two_border_radius__hover_enabled=&#8221;off&#8221; button_letter_spacing__hover_enabled=&#8221;off&#8221; button_one_letter_spacing__hover_enabled=&#8221;off&#8221; button_two_letter_spacing__hover_enabled=&#8221;off&#8221; button_bg_color__hover_enabled=&#8221;off&#8221; button_one_bg_color__hover_enabled=&#8221;off&#8221; button_two_bg_color__hover_enabled=&#8221;off&#8221;][\/et_pb_contact_field][\/et_pb_contact_form][\/et_pb_column][et_pb_column type=&#8221;2_5&#8243; _builder_version=&#8221;3.25&#8243; custom_padding=&#8221;|||&#8221; custom_padding__hover=&#8221;|||&#8221;][et_pb_text _builder_version=&#8221;4.9.4&#8243; text_font=&#8221;Kaushan Script||||||||&#8221; text_text_color=&#8221;#f0622a&#8221; text_font_size=&#8221;30px&#8221; header_font=&#8221;||||||||&#8221; background_layout=&#8221;dark&#8221;]<\/p>\n<p>Operatorul PDI 2021<\/p>\n<p>[\/et_pb_text][et_pb_text _builder_version=&#8221;4.0.11&#8243; text_font=&#8221;||||||||&#8221;]<\/p>\n<p><span><img loading=\"lazy\" decoding=\"async\" src=\"https:\/\/pdi.ro\/2023\/2022\/wp-content\/uploads\/2020\/02\/eventer_logo_150px.png\" width=\"151\" height=\"33\" alt=\"\" class=\"wp-image-774 alignleft size-full\" \/><\/span><\/p>\n<p><span><\/span><\/p>\n<p><span><\/span><\/p>\n<p><span>Adresa: Str. A. Panu nr. 13, Iasi<\/span><br \/> <span>Tel.: 0332.40.88.00-05<\/span><br \/> <span>E-mail: <a href=\"mailto:inscrieri@primaderma.ro\" target=\"_blank\" rel=\"noopener noreferrer\">inscrieri@primaderma.ro<\/a><br \/> <\/span><span>Website:\u00a0<\/span><a href=\"http:\/\/www.eventernet.ro\/\" target=\"Blank\" rel=\"noopener noreferrer\">www.eventernet.ro<\/a><\/p>\n<p>[\/et_pb_text][et_pb_text disabled_on=&#8221;off|off|off&#8221; _builder_version=&#8221;4.0.11&#8243; text_font=&#8221;Kaushan Script||||||||&#8221; text_text_color=&#8221;#f0622a&#8221; text_font_size=&#8221;30px&#8221; header_font=&#8221;||||||||&#8221; background_layout=&#8221;dark&#8221; locked=&#8221;off&#8221;]<\/p>\n<p>Parteneri Media<\/p>\n<p>[\/et_pb_text][et_pb_gallery gallery_ids=&#8221;7203,7204,9252&#8243; fullwidth=&#8221;on&#8221; _builder_version=&#8221;4.9.4&#8243; transform_scale=&#8221;86%|86%&#8221; max_width=&#8221;63%&#8221; auto=&#8221;on&#8221; auto_speed=&#8221;3500&#8243; hover_transition_duration=&#8221;100ms&#8221; hover_transition_delay=&#8221;50ms&#8221; hover_transition_speed_curve=&#8221;ease-in-out&#8221; locked=&#8221;off&#8221;][\/et_pb_gallery][\/et_pb_column][\/et_pb_row][\/et_pb_section]<\/p>\n","protected":false},"excerpt":{"rendered":"<p>\u201eDomeniul imuno-dermatologiei na\u021bionale are ca ora\u0219 de na\u0219tere Ia\u0219ul\u201dDe zece ani, PDI adun\u0103 s\u0103li pline de lectori de renume din Rom\u00e2nia \u0219i de peste hotare, medici, studen\u021bi, reziden\u021bi, cercet\u0103tori \u00een domeniul medical, reprezentan\u021bi ai companiilor farmaceutice. De zece ani, PDI este un nume important pe harta manifest\u0103rilor medicale elitiste, confimat de la o edi\u021bie la [&hellip;]<\/p>\n","protected":false},"author":2,"featured_media":0,"parent":0,"menu_order":0,"comment_status":"closed","ping_status":"closed","template":"","meta":{"_et_pb_use_builder":"on","_et_pb_old_content":"","_et_gb_content_width":"","footnotes":""},"class_list":["post-9323","page","type-page","status-publish","hentry"],"_links":{"self":[{"href":"https:\/\/pdi.ro\/2023\/wp-json\/wp\/v2\/pages\/9323","targetHints":{"allow":["GET"]}}],"collection":[{"href":"https:\/\/pdi.ro\/2023\/wp-json\/wp\/v2\/pages"}],"about":[{"href":"https:\/\/pdi.ro\/2023\/wp-json\/wp\/v2\/types\/page"}],"author":[{"embeddable":true,"href":"https:\/\/pdi.ro\/2023\/wp-json\/wp\/v2\/users\/2"}],"replies":[{"embeddable":true,"href":"https:\/\/pdi.ro\/2023\/wp-json\/wp\/v2\/comments?post=9323"}],"version-history":[{"count":7,"href":"https:\/\/pdi.ro\/2023\/wp-json\/wp\/v2\/pages\/9323\/revisions"}],"predecessor-version":[{"id":9414,"href":"https:\/\/pdi.ro\/2023\/wp-json\/wp\/v2\/pages\/9323\/revisions\/9414"}],"wp:attachment":[{"href":"https:\/\/pdi.ro\/2023\/wp-json\/wp\/v2\/media?parent=9323"}],"curies":[{"name":"wp","href":"https:\/\/api.w.org\/{rel}","templated":true}]}}