{"id":9357,"date":"2021-06-11T12:26:12","date_gmt":"2021-06-11T10:26:12","guid":{"rendered":"https:\/\/primaderma.ro\/?page_id=9357"},"modified":"2021-06-14T13:48:42","modified_gmt":"2021-06-14T11:48:42","slug":"interviu-diana-deleanu","status":"publish","type":"page","link":"https:\/\/pdi.ro\/2023\/interviu-diana-deleanu\/","title":{"rendered":"Interviu Prof. univ. dr. Diana Deleanu"},"content":{"rendered":"<p>[et_pb_section fb_built=&#8221;1&#8243; fullwidth=&#8221;on&#8221; disabled_on=&#8221;on|off|off&#8221; _builder_version=&#8221;3.22&#8243; custom_margin=&#8221;||&#8221; custom_padding=&#8221;15px||29px&#8221; top_divider_style=&#8221;waves2&#8243; top_divider_color=&#8221;#f0622a&#8221; top_divider_flip=&#8221;horizontal|vertical&#8221; bottom_divider_style=&#8221;waves2&#8243; bottom_divider_color=&#8221;#fcdedb&#8221; bottom_divider_height=&#8221;105px&#8221; bottom_divider_flip=&#8221;vertical&#8221; global_module=&#8221;9062&#8243; collapsed=&#8221;off&#8221;][et_pb_fullwidth_header title=&#8221;@ET-DC@eyJkeW5hbWljIjp0cnVlLCJjb250ZW50IjoicG9zdF90aXRsZSIsInNldHRpbmdzIjp7ImJlZm9yZSI6IiIsImFmdGVyIjoiIn19@&#8221; text_orientation=&#8221;right&#8221; header_image_url=&#8221;https:\/\/pdi.ro\/2023\/2022\/wp-content\/uploads\/2021\/05\/PDI2021_logo_header_int_600x300px.png&#8221; disabled_on=&#8221;on|on|off&#8221; _builder_version=&#8221;4.9.4&#8243; _dynamic_attributes=&#8221;title&#8221; title_font=&#8221;Kaushan Script||||||||&#8221; title_text_align=&#8221;right&#8221; title_text_color=&#8221;#f0622a&#8221; title_font_size=&#8221;50px&#8221; content_font=&#8221;|600||on|||||&#8221; content_text_align=&#8221;center&#8221; content_text_color=&#8221;#686766&#8243; content_font_size=&#8221;15px&#8221; subhead_font=&#8221;||||||||&#8221; background_color=&#8221;#ef916b&#8221; background_image=&#8221;https:\/\/pdi.ro\/2023\/2022\/wp-content\/uploads\/2021\/05\/PDI2021_header_1920x550px.jpg&#8221; background_blend=&#8221;luminosity&#8221; background_layout=&#8221;light&#8221; custom_margin=&#8221;0px||8px&#8221; custom_padding=&#8221;40px||40px||true&#8221; content_font_size_tablet=&#8221;&#8221; content_font_size_phone=&#8221;15px&#8221; content_font_size_last_edited=&#8221;on|desktop&#8221;][\/et_pb_fullwidth_header][\/et_pb_section][et_pb_section fb_built=&#8221;1&#8243; _builder_version=&#8221;4.4.8&#8243;][et_pb_row _builder_version=&#8221;4.4.8&#8243;][et_pb_column type=&#8221;4_4&#8243; _builder_version=&#8221;4.4.8&#8243;][et_pb_text _builder_version=&#8221;4.9.6&#8243; _module_preset=&#8221;default&#8221; text_font=&#8221;|700|||||||&#8221; text_text_color=&#8221;#F0622A&#8221; text_font_size=&#8221;34px&#8221; text_letter_spacing=&#8221;-1px&#8221;]<\/p>\n<p>PDI, o \u0219ans\u0103 de validare profesional\u0103<\/p>\n<p>[\/et_pb_text][et_pb_divider _builder_version=&#8221;4.9.6&#8243; _module_preset=&#8221;default&#8221; custom_margin=&#8221;||16px|||&#8221;][\/et_pb_divider][et_pb_text _builder_version=&#8221;4.9.6&#8243;]<\/p>\n<p style=\"text-align: justify;\">Lansat\u0103 \u00een 2012 \u00een aula Bibliotecii Centrale Universitare din Ia\u0219i, <strong>Prim\u0103vara Dermatologic\u0103 Ie\u0219ean\u0103 (PDI)<\/strong> s-a dovedit a fi o idee vizionar\u0103, ce a adus transform\u0103ri importante \u00een lumea medical\u0103. <strong>PDI<\/strong> a adus \u00een realitate un concept a c\u0103rui necesitate o sim\u021beau mul\u021bi medici, dar nu l-au pus \u00een practic\u0103 \u2013 interdisciplinaritatea, idee c\u0103reia i s-au raliat nume sonore din multiple specialit\u0103\u021bi, care astfel au \u00eenceput o colaborare sinergic\u0103, totul fiind \u00een sprijinul bolnavului. Manifestarea a avut \u00eenc\u0103 de la \u00eenceput girul multor societ\u0103\u021bi medicale de renume: Societatea Francez\u0103 de Dermatologie, Societatea Francez\u0103 de Flebologie, Societatea Interna\u021bional\u0103 de Dermatologie, Societatea Rom\u00e2n\u0103 de Dermatologie, Societatea de Medici \u0219i Naturali\u0219ti Ia\u0219i, Societatea de Imunologie \u0219i Alergologie Clinic\u0103, Societatea de Chirurgie Vascular\u0103 precum \u0219i al Colegiului Medicilor \u0219i al Universit\u0103\u021bilor de Medicin\u0103 \u0219i Farmacie din toat\u0103 \u021bara. Am stat de vorb\u0103 cu doamna prof. dr. Diana Deleanu (<span>\u0219efa Disciplinei de Imunologie din cadrul <\/span>Universit\u0103\u021bii de Medicin\u0103 \u0219i Farmacie \u201eIuliu Ha\u021bieganu\u201d din Cluj), vicepre\u0219edinte al multor edi\u021bii ale PDI.<\/p>\n<p style=\"text-align: justify;\"><strong>&#8211; <\/strong><strong>10 ani de PDI, un num\u0103r\u00a0rotund, frumos, o aniversare important<\/strong><strong>\u0103<\/strong><strong> pentru <\/strong><strong>\u0219<\/strong><strong>coal<\/strong><strong>a<\/strong><strong> rom\u00e2neasc\u0103 de dermatologie. Ce v-a determinat s\u0103 fi\u021bi al<\/strong><strong>\u0103<\/strong><strong>turi de\u00a0PDI?<\/strong><\/p>\n<p style=\"text-align: justify;\">&#8211; Am auzit de <strong>PDI<\/strong> (laudativ) \u0219i atunci c\u00e2nd am cunoscut-o pe doamna <strong>prof. dr. Daciana Br\u0103ni\u0219teanu (ini\u021biatorul PDI &#8211; n.r.)<\/strong>, sufletul acestei conferin\u021be \u0219tiin\u021bifice, am fost onorat\u0103 \u0219i dornic\u0103 s\u0103 particip la realizarea manifest\u0103rii, pentru a contribui cu informa\u021bii din domeniul meu profesional, respectiv alergologie-imunologie. Acest domeniu este str\u00e2ns legat de patologia dermatologic\u0103 a\u0219a \u00eenc\u00e2t colaborarea mi s-a p\u0103rut fireasc\u0103! \u00cen plus, \u00een perioada respectiv\u0103 aveam pozi\u021bia de pre\u0219edinte al <strong>Societ\u0103\u021bii Rom\u00e2ne de Alergologie \u0219i Imunologie<\/strong> \u0219i mi s-a p\u0103rut necesar\u0103 colaborarea cu dermatologii \u0219i la nivelul societ\u0103\u021bilor profesionale.<\/p>\n<p style=\"text-align: justify;\"><strong>&#8211; <\/strong><strong>Ce v-a atras la aceast<\/strong><strong>\u0103<\/strong><strong> manifestare \u0219i ce v-a determinat s\u0103 fi\u021bi\u00a0al<\/strong><strong>\u0103<\/strong><strong>turi, s\u0103 accepta\u021bi func\u021bia de vicepre<\/strong><strong>\u0219e<\/strong><strong>dinte al<\/strong><strong> multor<\/strong><strong> edi\u021bii?<\/strong><\/p>\n<p style=\"text-align: justify;\">&#8211; Am fost profund impresionat\u0103 de calitatea \u0219tiin\u021bific\u0103 excep\u021bional\u0103 a conferin\u021belor, dar nu pot neglija \u0219i nivelul \u00eenalt al organiz\u0103rii! Am reu\u0219it s\u0103 stabilesc leg\u0103turi cu medici din diferite specialit\u0103\u021bi, din zone diferite ale \u021b\u0103rii, dar \u0219i ale lumii. Regretul sincer pe care l-am resim\u021bit la fiecare edi\u021bie a fost participarea mea (doar din vina mea!) prea redus\u0103 \u0219i la programul social, extrem de atractiv al acestor \u00eent\u00e2lniri! \u0218i nu \u00een ultimul r\u00e2nd, am fost atras\u0103 de participarea \u0219i \u00eencurajarea tinerilor medici \u0219i a viitorii medici la aceste manifest\u0103ri \u0219tiin\u021bifice. Am admirat entuziasmul lor \u0219i dorin\u021ba lor de a fi c\u00e2t mai buni (la prezent\u0103ri, postere). I-am \u00eencurajat \u0219i eu pe colegii mei tineri s\u0103 participe \u0219i to\u021bi au fost foarte mul\u021bumi\u021bi de aceast\u0103 \u0219ans\u0103 de validare profesional\u0103.<\/p>\n<p style=\"text-align: justify;\"><strong>&#8211; <\/strong><strong>Pentru imunologi, c\u00e2t de important<\/strong><strong>\u0103<\/strong><strong> este participarea la o manifestare interdisciplinar<\/strong><strong>\u0103<\/strong><strong> cum este PDI?<\/strong><\/p>\n<p style=\"text-align: justify;\">&#8211; Imunologia este o \u0219tiin\u021b\u0103 integrativ\u0103 care \u00eencearc\u0103 s\u0103 g\u0103seasc\u0103 calea de producere, dar \u0219i de vindecare \u00een anumite patologii \u00eenc\u00e2t prin imunologie avem leg\u0103turi cu diferite specialit\u0103\u021bi. Astfel, imunologia devine necesar\u0103 \u0219i pentru dermatologie. \u00cen plus, noile tratamente biologice, bazate pe anticorpii monoclonali, fac colaborarea dermatologi-imunologi \u0219i mai str\u00e2ns\u0103: \u00eenv\u0103\u021b\u0103m unii de la al\u021bii! Al doilea aspect profesional legat de specialitatea mea este alergologia, parte mai nou\u0103 a imunologiei, desprins\u0103 din imunologie doar \u00een ultimele cinci-\u0219ase decenii. Alergiile sunt cauzatoare de multe afec\u021biuni cutanate \u00eenc\u00e2t locul alergologului este \u0219i l\u00e2ng\u0103 dermatolog!<\/p>\n<p style=\"text-align: justify;\"><strong>&#8211; <\/strong><strong>Care sunt momentele cele mai frumoase care v\u0103 leag\u0103 de PDI \u0219i de Ia\u0219i?<\/strong><\/p>\n<p style=\"text-align: justify;\">&#8211; Momentul cel mai frumos \u0219i de care \u00eemi amintesc \u00eentotdeauna cu mult\u0103 c\u0103ldur\u0103 este prietenia legat\u0103 cu doamna <strong>prof. dr. Daciana Br\u0103ni\u0219teanu<\/strong>.<\/p>\n<p>[\/et_pb_text][\/et_pb_column][\/et_pb_row][\/et_pb_section][et_pb_section fb_built=&#8221;1&#8243; _builder_version=&#8221;4.9.4&#8243; background_color=&#8221;rgba(117,194,33,0.23)&#8221; background_image=&#8221;https:\/\/pdi.ro\/2023\/2022\/wp-content\/uploads\/2021\/05\/PDI2021_header_1920x550px.jpg&#8221; background_blend=&#8221;multiply&#8221; custom_padding=&#8221;54px|0px|0|0px|false|false&#8221; top_divider_style=&#8221;waves2&#8243; top_divider_color=&#8221;#ffffff&#8221; top_divider_height=&#8221;155px&#8221; top_divider_height_tablet=&#8221;&#8221; top_divider_height_phone=&#8221;97px&#8221; top_divider_height_last_edited=&#8221;on|desktop&#8221; bottom_divider_style=&#8221;waves2&#8243; bottom_divider_color=&#8221;#75c221&#8243; bottom_divider_flip=&#8221;vertical&#8221; bottom_divider_height_tablet=&#8221;&#8221; bottom_divider_height_phone=&#8221;59px&#8221; bottom_divider_height_last_edited=&#8221;on|desktop&#8221; global_module=&#8221;9177&#8243; saved_tabs=&#8221;all&#8221;][et_pb_row column_structure=&#8221;3_5,2_5&#8243; _builder_version=&#8221;3.25&#8243; custom_padding=&#8221;61px|0px|69px|0px|false|false&#8221;][et_pb_column type=&#8221;3_5&#8243; _builder_version=&#8221;3.25&#8243; custom_padding=&#8221;|||&#8221; custom_padding__hover=&#8221;|||&#8221;][et_pb_text _builder_version=&#8221;4.9.4&#8243; text_font=&#8221;Kaushan Script||||||||&#8221; text_text_color=&#8221;#f0622a&#8221; text_font_size=&#8221;30px&#8221; text_line_height=&#8221;1.2em&#8221; header_font=&#8221;||||||||&#8221; background_layout=&#8221;dark&#8221; text_font_size_tablet=&#8221;&#8221; text_font_size_phone=&#8221;&#8221; text_font_size_last_edited=&#8221;on|desktop&#8221;]<\/p>\n<p>Contacteaz\u0103 operatorul PDI 2021<\/p>\n<p>[\/et_pb_text][et_pb_contact_form email=&#8221;contact@pdi.ro\/2019&#8243; submit_button_text=&#8221;Trimite mesajul&#8221; _builder_version=&#8221;4.9.4&#8243; title_font=&#8221;||||||||&#8221; custom_button=&#8221;on&#8221; button_text_color=&#8221;#F0622A&#8221;][et_pb_contact_field field_id=&#8221;Name&#8221; field_title=&#8221;Nume&#8221; _builder_version=&#8221;3.18.9&#8243; button_text_size__hover_enabled=&#8221;off&#8221; button_one_text_size__hover_enabled=&#8221;off&#8221; button_two_text_size__hover_enabled=&#8221;off&#8221; button_text_color__hover_enabled=&#8221;off&#8221; button_one_text_color__hover_enabled=&#8221;off&#8221; button_two_text_color__hover_enabled=&#8221;off&#8221; button_border_width__hover_enabled=&#8221;off&#8221; button_one_border_width__hover_enabled=&#8221;off&#8221; button_two_border_width__hover_enabled=&#8221;off&#8221; button_border_color__hover_enabled=&#8221;off&#8221; button_one_border_color__hover_enabled=&#8221;off&#8221; button_two_border_color__hover_enabled=&#8221;off&#8221; button_border_radius__hover_enabled=&#8221;off&#8221; button_one_border_radius__hover_enabled=&#8221;off&#8221; button_two_border_radius__hover_enabled=&#8221;off&#8221; button_letter_spacing__hover_enabled=&#8221;off&#8221; button_one_letter_spacing__hover_enabled=&#8221;off&#8221; button_two_letter_spacing__hover_enabled=&#8221;off&#8221; button_bg_color__hover_enabled=&#8221;off&#8221; button_one_bg_color__hover_enabled=&#8221;off&#8221; button_two_bg_color__hover_enabled=&#8221;off&#8221;][\/et_pb_contact_field][et_pb_contact_field field_id=&#8221;Email&#8221; field_title=&#8221;Adresa de e-mail&#8221; field_type=&#8221;email&#8221; _builder_version=&#8221;3.19.4&#8243; button_text_size__hover_enabled=&#8221;off&#8221; button_one_text_size__hover_enabled=&#8221;off&#8221; button_two_text_size__hover_enabled=&#8221;off&#8221; button_text_color__hover_enabled=&#8221;off&#8221; button_one_text_color__hover_enabled=&#8221;off&#8221; button_two_text_color__hover_enabled=&#8221;off&#8221; button_border_width__hover_enabled=&#8221;off&#8221; button_one_border_width__hover_enabled=&#8221;off&#8221; button_two_border_width__hover_enabled=&#8221;off&#8221; button_border_color__hover_enabled=&#8221;off&#8221; button_one_border_color__hover_enabled=&#8221;off&#8221; button_two_border_color__hover_enabled=&#8221;off&#8221; button_border_radius__hover_enabled=&#8221;off&#8221; button_one_border_radius__hover_enabled=&#8221;off&#8221; button_two_border_radius__hover_enabled=&#8221;off&#8221; button_letter_spacing__hover_enabled=&#8221;off&#8221; button_one_letter_spacing__hover_enabled=&#8221;off&#8221; button_two_letter_spacing__hover_enabled=&#8221;off&#8221; button_bg_color__hover_enabled=&#8221;off&#8221; button_one_bg_color__hover_enabled=&#8221;off&#8221; button_two_bg_color__hover_enabled=&#8221;off&#8221;][\/et_pb_contact_field][et_pb_contact_field field_id=&#8221;Message&#8221; field_title=&#8221;Mesajul dvs.&#8221; field_type=&#8221;text&#8221; fullwidth_field=&#8221;on&#8221; _builder_version=&#8221;3.18.9&#8243; button_text_size__hover_enabled=&#8221;off&#8221; button_one_text_size__hover_enabled=&#8221;off&#8221; button_two_text_size__hover_enabled=&#8221;off&#8221; button_text_color__hover_enabled=&#8221;off&#8221; button_one_text_color__hover_enabled=&#8221;off&#8221; button_two_text_color__hover_enabled=&#8221;off&#8221; button_border_width__hover_enabled=&#8221;off&#8221; button_one_border_width__hover_enabled=&#8221;off&#8221; button_two_border_width__hover_enabled=&#8221;off&#8221; button_border_color__hover_enabled=&#8221;off&#8221; button_one_border_color__hover_enabled=&#8221;off&#8221; button_two_border_color__hover_enabled=&#8221;off&#8221; button_border_radius__hover_enabled=&#8221;off&#8221; button_one_border_radius__hover_enabled=&#8221;off&#8221; button_two_border_radius__hover_enabled=&#8221;off&#8221; button_letter_spacing__hover_enabled=&#8221;off&#8221; button_one_letter_spacing__hover_enabled=&#8221;off&#8221; button_two_letter_spacing__hover_enabled=&#8221;off&#8221; button_bg_color__hover_enabled=&#8221;off&#8221; button_one_bg_color__hover_enabled=&#8221;off&#8221; button_two_bg_color__hover_enabled=&#8221;off&#8221;][\/et_pb_contact_field][\/et_pb_contact_form][\/et_pb_column][et_pb_column type=&#8221;2_5&#8243; _builder_version=&#8221;3.25&#8243; custom_padding=&#8221;|||&#8221; custom_padding__hover=&#8221;|||&#8221;][et_pb_text _builder_version=&#8221;4.9.4&#8243; text_font=&#8221;Kaushan Script||||||||&#8221; text_text_color=&#8221;#f0622a&#8221; text_font_size=&#8221;30px&#8221; header_font=&#8221;||||||||&#8221; background_layout=&#8221;dark&#8221;]<\/p>\n<p>Operatorul PDI 2021<\/p>\n<p>[\/et_pb_text][et_pb_text _builder_version=&#8221;4.0.11&#8243; text_font=&#8221;||||||||&#8221;]<\/p>\n<p><span><img loading=\"lazy\" decoding=\"async\" src=\"https:\/\/pdi.ro\/2023\/2022\/wp-content\/uploads\/2020\/02\/eventer_logo_150px.png\" width=\"151\" height=\"33\" alt=\"\" class=\"wp-image-774 alignleft size-full\" \/><\/span><\/p>\n<p><span><\/span><\/p>\n<p><span><\/span><\/p>\n<p><span>Adresa: Str. A. Panu nr. 13, Iasi<\/span><br \/> <span>Tel.: 0332.40.88.00-05<\/span><br \/> <span>E-mail: <a href=\"mailto:inscrieri@primaderma.ro\" target=\"_blank\" rel=\"noopener noreferrer\">inscrieri@primaderma.ro<\/a><br \/> <\/span><span>Website:\u00a0<\/span><a href=\"http:\/\/www.eventernet.ro\/\" target=\"Blank\" rel=\"noopener noreferrer\">www.eventernet.ro<\/a><\/p>\n<p>[\/et_pb_text][et_pb_text disabled_on=&#8221;off|off|off&#8221; _builder_version=&#8221;4.0.11&#8243; text_font=&#8221;Kaushan Script||||||||&#8221; text_text_color=&#8221;#f0622a&#8221; text_font_size=&#8221;30px&#8221; header_font=&#8221;||||||||&#8221; background_layout=&#8221;dark&#8221; locked=&#8221;off&#8221;]<\/p>\n<p>Parteneri Media<\/p>\n<p>[\/et_pb_text][et_pb_gallery gallery_ids=&#8221;7203,7204,9252&#8243; fullwidth=&#8221;on&#8221; _builder_version=&#8221;4.9.4&#8243; transform_scale=&#8221;86%|86%&#8221; max_width=&#8221;63%&#8221; auto=&#8221;on&#8221; auto_speed=&#8221;3500&#8243; hover_transition_duration=&#8221;100ms&#8221; hover_transition_delay=&#8221;50ms&#8221; hover_transition_speed_curve=&#8221;ease-in-out&#8221; locked=&#8221;off&#8221;][\/et_pb_gallery][\/et_pb_column][\/et_pb_row][\/et_pb_section]<\/p>\n","protected":false},"excerpt":{"rendered":"<p>PDI, o \u0219ans\u0103 de validare profesional\u0103Lansat\u0103 \u00een 2012 \u00een aula Bibliotecii Centrale Universitare din Ia\u0219i, Prim\u0103vara Dermatologic\u0103 Ie\u0219ean\u0103 (PDI) s-a dovedit a fi o idee vizionar\u0103, ce a adus transform\u0103ri importante \u00een lumea medical\u0103. PDI a adus \u00een realitate un concept a c\u0103rui necesitate o sim\u021beau mul\u021bi medici, dar nu l-au pus \u00een practic\u0103 \u2013 [&hellip;]<\/p>\n","protected":false},"author":2,"featured_media":0,"parent":0,"menu_order":0,"comment_status":"closed","ping_status":"closed","template":"","meta":{"_et_pb_use_builder":"on","_et_pb_old_content":"","_et_gb_content_width":"","footnotes":""},"class_list":["post-9357","page","type-page","status-publish","hentry"],"_links":{"self":[{"href":"https:\/\/pdi.ro\/2023\/wp-json\/wp\/v2\/pages\/9357","targetHints":{"allow":["GET"]}}],"collection":[{"href":"https:\/\/pdi.ro\/2023\/wp-json\/wp\/v2\/pages"}],"about":[{"href":"https:\/\/pdi.ro\/2023\/wp-json\/wp\/v2\/types\/page"}],"author":[{"embeddable":true,"href":"https:\/\/pdi.ro\/2023\/wp-json\/wp\/v2\/users\/2"}],"replies":[{"embeddable":true,"href":"https:\/\/pdi.ro\/2023\/wp-json\/wp\/v2\/comments?post=9357"}],"version-history":[{"count":8,"href":"https:\/\/pdi.ro\/2023\/wp-json\/wp\/v2\/pages\/9357\/revisions"}],"predecessor-version":[{"id":9408,"href":"https:\/\/pdi.ro\/2023\/wp-json\/wp\/v2\/pages\/9357\/revisions\/9408"}],"wp:attachment":[{"href":"https:\/\/pdi.ro\/2023\/wp-json\/wp\/v2\/media?parent=9357"}],"curies":[{"name":"wp","href":"https:\/\/api.w.org\/{rel}","templated":true}]}}