{"id":9452,"date":"2021-06-17T12:59:26","date_gmt":"2021-06-17T10:59:26","guid":{"rendered":"https:\/\/primaderma.ro\/?page_id=9452"},"modified":"2021-06-17T14:57:46","modified_gmt":"2021-06-17T12:57:46","slug":"interviu-sef-lucr-dr-glod-mihai","status":"publish","type":"page","link":"https:\/\/pdi.ro\/2023\/interviu-sef-lucr-dr-glod-mihai\/","title":{"rendered":"Interviu \u0218ef lucr. Dr. Glod Mihai"},"content":{"rendered":"<p>[et_pb_section fb_built=&#8221;1&#8243; fullwidth=&#8221;on&#8221; disabled_on=&#8221;on|off|off&#8221; _builder_version=&#8221;3.22&#8243; custom_margin=&#8221;||&#8221; custom_padding=&#8221;15px||29px&#8221; top_divider_style=&#8221;waves2&#8243; top_divider_color=&#8221;#f0622a&#8221; top_divider_flip=&#8221;horizontal|vertical&#8221; bottom_divider_style=&#8221;waves2&#8243; bottom_divider_color=&#8221;#fcdedb&#8221; bottom_divider_height=&#8221;105px&#8221; bottom_divider_flip=&#8221;vertical&#8221; global_module=&#8221;9062&#8243; collapsed=&#8221;off&#8221;][et_pb_fullwidth_header title=&#8221;@ET-DC@eyJkeW5hbWljIjp0cnVlLCJjb250ZW50IjoicG9zdF90aXRsZSIsInNldHRpbmdzIjp7ImJlZm9yZSI6IiIsImFmdGVyIjoiIn19@&#8221; text_orientation=&#8221;right&#8221; header_image_url=&#8221;https:\/\/pdi.ro\/2023\/2022\/wp-content\/uploads\/2021\/05\/PDI2021_logo_header_int_600x300px.png&#8221; disabled_on=&#8221;on|on|off&#8221; _builder_version=&#8221;4.9.4&#8243; _dynamic_attributes=&#8221;title&#8221; title_font=&#8221;Kaushan Script||||||||&#8221; title_text_align=&#8221;right&#8221; title_text_color=&#8221;#f0622a&#8221; title_font_size=&#8221;50px&#8221; content_font=&#8221;|600||on|||||&#8221; content_text_align=&#8221;center&#8221; content_text_color=&#8221;#686766&#8243; content_font_size=&#8221;15px&#8221; subhead_font=&#8221;||||||||&#8221; background_color=&#8221;#ef916b&#8221; background_image=&#8221;https:\/\/pdi.ro\/2023\/2022\/wp-content\/uploads\/2021\/05\/PDI2021_header_1920x550px.jpg&#8221; background_blend=&#8221;luminosity&#8221; background_layout=&#8221;light&#8221; custom_margin=&#8221;0px||8px&#8221; custom_padding=&#8221;40px||40px||true&#8221; content_font_size_tablet=&#8221;&#8221; content_font_size_phone=&#8221;15px&#8221; content_font_size_last_edited=&#8221;on|desktop&#8221;][\/et_pb_fullwidth_header][\/et_pb_section][et_pb_section fb_built=&#8221;1&#8243; _builder_version=&#8221;4.4.8&#8243;][et_pb_row _builder_version=&#8221;4.4.8&#8243;][et_pb_column type=&#8221;4_4&#8243; _builder_version=&#8221;4.4.8&#8243;][et_pb_text _builder_version=&#8221;4.9.6&#8243; _module_preset=&#8221;default&#8221; text_font=&#8221;|700|||||||&#8221; text_text_color=&#8221;#F0622A&#8221; text_font_size=&#8221;34px&#8221; text_letter_spacing=&#8221;-1px&#8221;]<\/p>\n<p>\u201e\u00cemi doresc ca Spitalul CF s\u0103 aib\u0103 un centru de excelen\u021b\u0103 \u00een<\/p>\n<p>dermatologie\u201d<\/p>\n<p>[\/et_pb_text][et_pb_divider _builder_version=&#8221;4.9.6&#8243; _module_preset=&#8221;default&#8221; custom_margin=&#8221;||15px|||&#8221;][\/et_pb_divider][et_pb_text _builder_version=&#8221;4.9.6&#8243;]<\/p>\n<p>dialog cu dr Mihai Glod, managerul Spitalului CF Ia\u0219i<\/p>\n<p style=\"text-align: justify;\"><em>Misiunea oric\u0103rui medic este de a ajuta bolnavul, de a-i fi al\u0103turi \u00een momentele dificile, de a-l \u00eenso\u021bi pe calea vindec\u0103rii. Nu este o misiune u\u0219oar\u0103, \u00eens\u0103 este plin\u0103 de noble\u021be, de d\u0103ruire, o misiune care oblig\u0103 medicul nu doar \u00een a oferi sprijin, ci \u0219i de a colabora cu to\u021bi cei care au jurat \u00een numele lui Hipocrat c\u0103 vor sluji via\u021ba. De multe ori, medicul are nevoie \u0219i de sprijinul semenilor s\u0103i, s\u0103 fac\u0103 \u201e\u00eempreun\u0103 lucrare\u201d la patul bolnavului pentru \u00eens\u0103n\u0103to\u0219irea lui. Colaborarea este important\u0103 nu doar \u00een spitale, ci \u0219i \u00een s\u0103lile de conferin\u021be, la cursuri, workshopuri \u0219i seminarii unde medicii primesc \u0219i ofer\u0103 cele mai noi informa\u021bii din domeniul medical. Un astfel de eveniment este \u0219i Prim\u0103vara Dermatologic\u0103 Ie\u0219ean\u0103, manifestare na\u021bional\u0103 cu participare interna\u021bional\u0103 care \u00een acest an va ajunge la cea de-a zecea edi\u021bie, una aniversar\u0103. PDI va fi organizat\u0103 sub egida Universit\u0103\u021bii de Medicin\u0103 \u0219i Farmacie \u201eGrigore T. Popa\u201d Ia\u0219i, a Societ\u0103\u021bii de Medici \u0219i Naturali\u0219ti, a Colegiului Medicilor \u2013 filiala Ia\u0219i, a Colegiului Farmaci\u0219tilor \u2013 filiala Ia\u0219i \u0219i, \u00een premier\u0103, a Spitalului CF. Am stat de vorb\u0103 despre aceast\u0103 manifestare cu dr Mihai Glod, managerul Spitalului CF \u0219i cadru didactic la Universitatea de Medicin\u0103 \u0219i Farmacie \u201eGrigore T. Popa\u201d, care ne-a dezv\u0103luit motivele pentru care cunoscuta unitate medical\u0103 \u0219i-a oferit sus\u021binerea.<\/em><\/p>\n<p><strong>&#8211; Sunte\u021bi unul dintre partenerii celei de-a zecea edi\u021bii a PDI, edi\u021bie aniversar\u0103. Ce v-a atras \u00een aceast\u0103 colaborare?<\/strong><\/p>\n<p style=\"text-align: justify;\">&#8211; De la \u00eenceput trebuie spus c\u0103 este \u0219i primul an \u00een care doamna profesor Daciana Br\u0103ni\u0219teanu (fondatorul PDI \u2013 n.r.) activeaz\u0103 \u00een cadrul spitalului nostru (ca \u0219ef al Sec\u021biei de Dermatologie-Venerologie \u2013 n.r.). Ne face o real\u0103 pl\u0103cere s\u0103 o avem \u00een mijlocul nostru \u0219i ne-am dorit s\u0103 oferim sprijin \u00een organizarea \u0219i asigurarea continuit\u0103\u021bii acestei manifest\u0103ri.<\/p>\n<p style=\"text-align: justify;\"><strong>&#8211; E un \u00eenceput frumos inclusiv pentru Sec\u021bia de Dermatologie-Venerologie din cadrul Spitalului CF \u0219i cred c\u0103 ave\u021bi planuri foarte frumoase.<\/strong><\/p>\n<p style=\"text-align: justify;\">&#8211; De zece ani, de c\u00e2nd mi-am reluat func\u021bia de manager, mi-am dorit s\u0103 creez centre de excelen\u021b\u0103 pe fiecare specialitate \u00een parte \u0219i am \u00eencercat s\u0103 impulsionez colegii din sec\u021biile clinice spre acest desiderat. Este un vis pe care vreau s\u0103-l v\u0103d \u00eemplinit! Simt c\u0103 al\u0103turi de doamna profesor Daciana Br\u0103ni\u0219teanu vom avea succes \u0219i voi lupta ca acest centru de excelen\u021b\u0103 \u00een dermatologie s\u0103 devin\u0103 o realitate.<\/p>\n<p><strong>&#8211; Este o idee vizionar\u0103, a\u0219a cum a fost, la \u00eenceput, \u0219i PDI, manifestare care a introdus un concept de pionierat \u00een Rom\u00e2nia &#8211; interdisciplinaritatea. Ce p\u0103rere ave\u021bi despre acest lucru? Cum ajut\u0103 bolnavul?<\/strong><\/p>\n<p style=\"text-align: justify;\">&#8211; Sprijinul este enorm! Pe m\u0103sur\u0103 ce ne perfec\u021bion\u0103m fiecare \u00een specialit\u0103\u021bile alese ajungem la concluzia c\u0103 nu mai vedem pacientul, ci patologia lui, deci boala cu care se confrunt\u0103. Dermatologul vede afec\u021biunile din sfera lui, chirurgul la fel \u0219i a\u0219a mai departe, iar pacientul este \u201edisecat\u201d \u00een patologii. Aceast\u0103 supraperfec\u021bionare a condus la o realitate cu care mul\u021bi medici sunt de acord &#8211; cea \u00een care nu mai vedem pacientul ca un tot, ci ca o boal\u0103. Ei bine, a\u0219a s-a impus interdisciplinaritatea. Constat uneori c\u0103 nu mai avem medici \u2013 avem chirurgi, avem dermatologi, avem neurologi, dar nu mai avem medici care s\u0103 vad\u0103 ansamblul pacientului. La un moment dat nu po\u021bi fi ferm \u00een toate specialit\u0103\u021bile, pe o anumit\u0103 patologie, \u0219i atunci este nevoie de interdisciplinaritate.<\/p>\n<p><strong>&#8211; A\u021bi spus un lucru foarte interesant \u2013 \u201eNu mai avem medici\u201d. Care este defini\u021bia medicului?<\/strong><\/p>\n<p style=\"text-align: justify;\">&#8211; \u00cen mod teoretic \u0219i practic, medicul este preg\u0103tit \u00een cei \u0219ase ani de facultate, \u00eens\u0103 pentru unii studen\u021bi nu mai exist\u0103 o licen\u021b\u0103 pe un cumul de specialit\u0103\u021bi, ci pe una singur\u0103, pentru care se preg\u0103tesc \u00een anii preclinici, av\u00e2nd la orizont examenul de reziden\u021biat. El \u0219tie din start unde vrea s\u0103 ajung\u0103 \u2013 chirurg, dermatolog etc, asta este pentru el devenirea. Vr\u00e2nd, nevr\u00e2nd se preg\u0103tesc mai mult pentru reziden\u021biat \u0219i mai pu\u021bin pentru meseria total\u0103 de medic.<\/p>\n<p><strong>&#8211; Pe l\u00e2ng\u0103 interdisciplinaritate, PDI a mai adus o idee nou\u0103. \u00cenc\u0103 de la \u00eenceput a deschis larg por\u021bile studen\u021bilor, care au participat gratuit la conferin\u021be, workshopuri \u0219i simpozioane. Un sprijin important a fost oferit \u0219i medicilor reziden\u021bi. Pe mul\u021bi dintre ei \u00eei reg\u0103sim acum, peste timp, \u00een s\u0103lile de conferin\u021be ca lectori. C\u00e2t de important este acest sprijin oferit tinerilor afla\u021bi la \u00eenceput de drum?<\/strong><\/p>\n<p style=\"text-align: justify;\">&#8211; Evident c\u0103 este un sprijin enorm! Medicina trebuie s\u0103 asigure o continuitate. Noi suntem aici ca s\u0103 preg\u0103tim speciali\u0219ti \u0219i s\u0103 facem o \u0219coal\u0103 medical\u0103. Dac\u0103 aceast\u0103 \u0219coal\u0103 medical\u0103 nu va avea continuitate, vor ap\u0103rea absolven\u021bi \u0219i speciali\u0219ti din ce \u00een ce mai slab preg\u0103ti\u021bi. Nimeni nu este perpetuu pe specialitate, iar preg\u0103tirea lor se impune. F\u0103r\u0103 ace\u0219ti speciali\u0219ti de viitor nu vom mai avea continuitate, iar \u0219coala medical\u0103 ie\u0219ean\u0103 va avea mult de suferit.<\/p>\n<p><strong>&#8211; Conduce\u021bi un spital foarte important, un spital mare. Cum se vede Ia\u0219ul din punct de vedere al corpului medical \u00een \u021bar\u0103 \u0219i peste hotare?<\/strong><\/p>\n<p style=\"text-align: justify;\">&#8211; Medicina ie\u0219ean\u0103 \u0219i Spitalul CF au r\u0103mas la v\u00e2rful medicinei na\u021bionale. A\u0219 putea spune c\u0103 \u0219i \u00een Sud-Estul Europei suntem un pol foarte important \u00een asigurarea serviciilor medicale de performan\u021b\u0103. Avem speciali\u0219ti foarte buni care asist\u0103 cazuri extrem de complexe, cazuri care necesit\u0103 o anumit\u0103 preg\u0103tire, o anumit\u0103 dotare \u0219i o anumit\u0103 aplecare a medicilor spre performan\u021b\u0103. Ca o noutate, avem dot\u0103ri de ultim\u0103 or\u0103 \u2013 un RMN de 5 Tesla Premium, un CT cu 128 de sliceuri, care poate face orice investiga\u021bie \u2013 angiografie, coronarografie, tomografii cerebrale etc.<\/p>\n<p style=\"text-align: justify;\"><strong>&#8211; Vorbi\u021bi cu entuziasm despre \u0219coala medical\u0103 \u0219i despre profesie. Ce v-a atras c\u0103tre misiunea halatului alb?<\/strong><\/p>\n<p style=\"text-align: justify;\">&#8211; C\u00e2nd aveam 14 ani a trebuit s\u0103 aleg ce liceu voi urma. Op\u021biunile erau oarecum limitate, iar tat\u0103l meu mi-a oferit dou\u0103 variante \u2013 Liceul Pedagogic sau Liceul Sanitar. Am stat \u0219i am c\u00e2nt\u0103rit \u2013 \u00eemi pl\u0103cea Liceul Pedagogic, m\u0103 atr\u0103gea \u0219i profesia, dar erau numai fete (z\u00e2mbe\u0219te &#8211; n.r.). La Liceul Sanitar am v\u0103zut o meserie care avea o not\u0103 de b\u0103rb\u0103\u021bie, de eroism, \u0219i atunci am ales ultima variant\u0103. De aici \u0219i p\u00e2n\u0103 a deveni chirurg au mai fost foarte pu\u021bini pa\u0219i. Am fost admis la Facultatea de Medicin\u0103 \u0219i am avut norocul s\u0103-l cunosc, chiar din primul an, pe distinsul profesor Diaconescu, care m-a luat sub aripa domniei sale \u0219i m-a dus \u00een sala de opera\u021bie. \u00cen studen\u021bie am avut peste o mie de cazuri operate al\u0103turi de domnia sa \u0219i de atunci nu s-a mai pus problema ce carier\u0103 voi alege.<\/p>\n<p style=\"text-align: justify;\"><strong>&#8211; Lucra\u021bi zilnic cu bisturiul, v-a\u021bi confruntat \u0219i cu multe cazuri dificile. A\u021bi sim\u021bit vreodat\u0103 m\u00e2na lui Dumnezeu \u00een sala de opera\u021bie?<\/strong><\/p>\n<p style=\"text-align: justify;\">&#8211; Tot timpul exist\u0103 acea m\u00e2n\u0103 prin care Dumnezeu lucreaz\u0103 pentru a-i ajuta pe oameni s\u0103 se vindece.<\/p>\n<p style=\"text-align: justify;\">[\/et_pb_text][\/et_pb_column][\/et_pb_row][\/et_pb_section][et_pb_section fb_built=&#8221;1&#8243; _builder_version=&#8221;4.9.6&#8243; background_color=&#8221;rgba(117,194,33,0.23)&#8221; background_image=&#8221;https:\/\/pdi.ro\/2023\/2022\/wp-content\/uploads\/2021\/05\/PDI2021_header_1920x550px.jpg&#8221; background_blend=&#8221;multiply&#8221; custom_padding=&#8221;54px|0px|0|0px|false|false&#8221; top_divider_style=&#8221;waves2&#8243; top_divider_color=&#8221;#ffffff&#8221; top_divider_height=&#8221;155px&#8221; top_divider_height_tablet=&#8221;&#8221; top_divider_height_phone=&#8221;97px&#8221; top_divider_height_last_edited=&#8221;on|desktop&#8221; bottom_divider_style=&#8221;waves2&#8243; bottom_divider_color=&#8221;#75c221&#8243; bottom_divider_flip=&#8221;vertical&#8221; bottom_divider_height_tablet=&#8221;&#8221; bottom_divider_height_phone=&#8221;59px&#8221; bottom_divider_height_last_edited=&#8221;on|desktop&#8221; global_module=&#8221;9177&#8243; saved_tabs=&#8221;all&#8221;][et_pb_row column_structure=&#8221;3_5,2_5&#8243; _builder_version=&#8221;3.25&#8243; custom_padding=&#8221;61px|0px|69px|0px|false|false&#8221;][et_pb_column type=&#8221;3_5&#8243; _builder_version=&#8221;3.25&#8243; custom_padding=&#8221;|||&#8221; custom_padding__hover=&#8221;|||&#8221;][et_pb_text _builder_version=&#8221;4.9.4&#8243; text_font=&#8221;Kaushan Script||||||||&#8221; text_text_color=&#8221;#f0622a&#8221; text_font_size=&#8221;30px&#8221; text_line_height=&#8221;1.2em&#8221; header_font=&#8221;||||||||&#8221; background_layout=&#8221;dark&#8221; text_font_size_tablet=&#8221;&#8221; text_font_size_phone=&#8221;&#8221; text_font_size_last_edited=&#8221;on|desktop&#8221;]<\/p>\n<p>Contacteaz\u0103 operatorul PDI 2021<\/p>\n<p>[\/et_pb_text][et_pb_contact_form email=&#8221;contact@pdi.ro\/2019&#8243; submit_button_text=&#8221;Trimite mesajul&#8221; _builder_version=&#8221;4.9.4&#8243; title_font=&#8221;||||||||&#8221; custom_button=&#8221;on&#8221; button_text_color=&#8221;#F0622A&#8221;][et_pb_contact_field field_id=&#8221;Name&#8221; field_title=&#8221;Nume&#8221; _builder_version=&#8221;3.18.9&#8243; button_text_size__hover_enabled=&#8221;off&#8221; button_one_text_size__hover_enabled=&#8221;off&#8221; button_two_text_size__hover_enabled=&#8221;off&#8221; button_text_color__hover_enabled=&#8221;off&#8221; button_one_text_color__hover_enabled=&#8221;off&#8221; button_two_text_color__hover_enabled=&#8221;off&#8221; button_border_width__hover_enabled=&#8221;off&#8221; button_one_border_width__hover_enabled=&#8221;off&#8221; button_two_border_width__hover_enabled=&#8221;off&#8221; button_border_color__hover_enabled=&#8221;off&#8221; button_one_border_color__hover_enabled=&#8221;off&#8221; button_two_border_color__hover_enabled=&#8221;off&#8221; button_border_radius__hover_enabled=&#8221;off&#8221; button_one_border_radius__hover_enabled=&#8221;off&#8221; button_two_border_radius__hover_enabled=&#8221;off&#8221; button_letter_spacing__hover_enabled=&#8221;off&#8221; button_one_letter_spacing__hover_enabled=&#8221;off&#8221; button_two_letter_spacing__hover_enabled=&#8221;off&#8221; button_bg_color__hover_enabled=&#8221;off&#8221; button_one_bg_color__hover_enabled=&#8221;off&#8221; button_two_bg_color__hover_enabled=&#8221;off&#8221;][\/et_pb_contact_field][et_pb_contact_field field_id=&#8221;Email&#8221; field_title=&#8221;Adresa de e-mail&#8221; field_type=&#8221;email&#8221; _builder_version=&#8221;3.19.4&#8243; button_text_size__hover_enabled=&#8221;off&#8221; button_one_text_size__hover_enabled=&#8221;off&#8221; button_two_text_size__hover_enabled=&#8221;off&#8221; button_text_color__hover_enabled=&#8221;off&#8221; button_one_text_color__hover_enabled=&#8221;off&#8221; button_two_text_color__hover_enabled=&#8221;off&#8221; button_border_width__hover_enabled=&#8221;off&#8221; button_one_border_width__hover_enabled=&#8221;off&#8221; button_two_border_width__hover_enabled=&#8221;off&#8221; button_border_color__hover_enabled=&#8221;off&#8221; button_one_border_color__hover_enabled=&#8221;off&#8221; button_two_border_color__hover_enabled=&#8221;off&#8221; button_border_radius__hover_enabled=&#8221;off&#8221; button_one_border_radius__hover_enabled=&#8221;off&#8221; button_two_border_radius__hover_enabled=&#8221;off&#8221; button_letter_spacing__hover_enabled=&#8221;off&#8221; button_one_letter_spacing__hover_enabled=&#8221;off&#8221; button_two_letter_spacing__hover_enabled=&#8221;off&#8221; button_bg_color__hover_enabled=&#8221;off&#8221; button_one_bg_color__hover_enabled=&#8221;off&#8221; button_two_bg_color__hover_enabled=&#8221;off&#8221;][\/et_pb_contact_field][et_pb_contact_field field_id=&#8221;Message&#8221; field_title=&#8221;Mesajul dvs.&#8221; field_type=&#8221;text&#8221; fullwidth_field=&#8221;on&#8221; _builder_version=&#8221;3.18.9&#8243; button_text_size__hover_enabled=&#8221;off&#8221; button_one_text_size__hover_enabled=&#8221;off&#8221; button_two_text_size__hover_enabled=&#8221;off&#8221; button_text_color__hover_enabled=&#8221;off&#8221; button_one_text_color__hover_enabled=&#8221;off&#8221; button_two_text_color__hover_enabled=&#8221;off&#8221; button_border_width__hover_enabled=&#8221;off&#8221; button_one_border_width__hover_enabled=&#8221;off&#8221; button_two_border_width__hover_enabled=&#8221;off&#8221; button_border_color__hover_enabled=&#8221;off&#8221; button_one_border_color__hover_enabled=&#8221;off&#8221; button_two_border_color__hover_enabled=&#8221;off&#8221; button_border_radius__hover_enabled=&#8221;off&#8221; button_one_border_radius__hover_enabled=&#8221;off&#8221; button_two_border_radius__hover_enabled=&#8221;off&#8221; button_letter_spacing__hover_enabled=&#8221;off&#8221; button_one_letter_spacing__hover_enabled=&#8221;off&#8221; button_two_letter_spacing__hover_enabled=&#8221;off&#8221; button_bg_color__hover_enabled=&#8221;off&#8221; button_one_bg_color__hover_enabled=&#8221;off&#8221; button_two_bg_color__hover_enabled=&#8221;off&#8221;][\/et_pb_contact_field][\/et_pb_contact_form][\/et_pb_column][et_pb_column type=&#8221;2_5&#8243; _builder_version=&#8221;3.25&#8243; custom_padding=&#8221;|||&#8221; custom_padding__hover=&#8221;|||&#8221;][et_pb_text _builder_version=&#8221;4.9.4&#8243; text_font=&#8221;Kaushan Script||||||||&#8221; text_text_color=&#8221;#f0622a&#8221; text_font_size=&#8221;30px&#8221; header_font=&#8221;||||||||&#8221; background_layout=&#8221;dark&#8221;]<\/p>\n<p>Operatorul PDI 2021<\/p>\n<p>[\/et_pb_text][et_pb_text _builder_version=&#8221;4.0.11&#8243; text_font=&#8221;||||||||&#8221;]<\/p>\n<p><span><img loading=\"lazy\" decoding=\"async\" src=\"https:\/\/pdi.ro\/2023\/2022\/wp-content\/uploads\/2020\/02\/eventer_logo_150px.png\" width=\"151\" height=\"33\" alt=\"\" class=\"wp-image-774 alignleft size-full\" \/><\/span><\/p>\n<p><span><\/span><\/p>\n<p><span><\/span><\/p>\n<p><span>Adresa: Str. A. Panu nr. 13, Iasi<\/span><br \/> <span>Tel.: 0332.40.88.00-05<\/span><br \/> <span>E-mail: <a href=\"mailto:inscrieri@primaderma.ro\" target=\"_blank\" rel=\"noopener noreferrer\">inscrieri@primaderma.ro<\/a><br \/> <\/span><span>Website:\u00a0<\/span><a href=\"http:\/\/www.eventernet.ro\/\" target=\"Blank\" rel=\"noopener noreferrer\">www.eventernet.ro<\/a><\/p>\n<p>[\/et_pb_text][et_pb_text disabled_on=&#8221;off|off|off&#8221; _builder_version=&#8221;4.0.11&#8243; text_font=&#8221;Kaushan Script||||||||&#8221; text_text_color=&#8221;#f0622a&#8221; text_font_size=&#8221;30px&#8221; header_font=&#8221;||||||||&#8221; background_layout=&#8221;dark&#8221; locked=&#8221;off&#8221;]<\/p>\n<p>Parteneri Media<\/p>\n<p>[\/et_pb_text][et_pb_gallery gallery_ids=&#8221;7203,7204,9252&#8243; fullwidth=&#8221;on&#8221; _builder_version=&#8221;4.9.4&#8243; transform_scale=&#8221;86%|86%&#8221; max_width=&#8221;63%&#8221; auto=&#8221;on&#8221; auto_speed=&#8221;3500&#8243; hover_transition_duration=&#8221;100ms&#8221; hover_transition_delay=&#8221;50ms&#8221; hover_transition_speed_curve=&#8221;ease-in-out&#8221; locked=&#8221;off&#8221;][\/et_pb_gallery][\/et_pb_column][\/et_pb_row][\/et_pb_section]<\/p>\n","protected":false},"excerpt":{"rendered":"<p>\u201e\u00cemi doresc ca Spitalul CF s\u0103 aib\u0103 un centru de excelen\u021b\u0103 \u00een dermatologie\u201ddialog cu dr Mihai Glod, managerul Spitalului CF Ia\u0219i Misiunea oric\u0103rui medic este de a ajuta bolnavul, de a-i fi al\u0103turi \u00een momentele dificile, de a-l \u00eenso\u021bi pe calea vindec\u0103rii. Nu este o misiune u\u0219oar\u0103, \u00eens\u0103 este plin\u0103 de noble\u021be, de d\u0103ruire, o [&hellip;]<\/p>\n","protected":false},"author":2,"featured_media":0,"parent":0,"menu_order":0,"comment_status":"closed","ping_status":"closed","template":"","meta":{"_et_pb_use_builder":"on","_et_pb_old_content":"","_et_gb_content_width":"","footnotes":""},"class_list":["post-9452","page","type-page","status-publish","hentry"],"_links":{"self":[{"href":"https:\/\/pdi.ro\/2023\/wp-json\/wp\/v2\/pages\/9452","targetHints":{"allow":["GET"]}}],"collection":[{"href":"https:\/\/pdi.ro\/2023\/wp-json\/wp\/v2\/pages"}],"about":[{"href":"https:\/\/pdi.ro\/2023\/wp-json\/wp\/v2\/types\/page"}],"author":[{"embeddable":true,"href":"https:\/\/pdi.ro\/2023\/wp-json\/wp\/v2\/users\/2"}],"replies":[{"embeddable":true,"href":"https:\/\/pdi.ro\/2023\/wp-json\/wp\/v2\/comments?post=9452"}],"version-history":[{"count":6,"href":"https:\/\/pdi.ro\/2023\/wp-json\/wp\/v2\/pages\/9452\/revisions"}],"predecessor-version":[{"id":9462,"href":"https:\/\/pdi.ro\/2023\/wp-json\/wp\/v2\/pages\/9452\/revisions\/9462"}],"wp:attachment":[{"href":"https:\/\/pdi.ro\/2023\/wp-json\/wp\/v2\/media?parent=9452"}],"curies":[{"name":"wp","href":"https:\/\/api.w.org\/{rel}","templated":true}]}}