{"id":9467,"date":"2021-06-22T10:17:12","date_gmt":"2021-06-22T08:17:12","guid":{"rendered":"https:\/\/primaderma.ro\/?page_id=9467"},"modified":"2021-06-22T10:17:12","modified_gmt":"2021-06-22T08:17:12","slug":"interviu-prof-univ-dr-simona-ianosi","status":"publish","type":"page","link":"https:\/\/pdi.ro\/2023\/interviu-prof-univ-dr-simona-ianosi\/","title":{"rendered":"Interviu Prof. univ. dr. Simona Iano\u0219i"},"content":{"rendered":"<p>[et_pb_section fb_built=&#8221;1&#8243; fullwidth=&#8221;on&#8221; disabled_on=&#8221;on|off|off&#8221; _builder_version=&#8221;3.22&#8243; custom_margin=&#8221;||&#8221; custom_padding=&#8221;15px||29px&#8221; top_divider_style=&#8221;waves2&#8243; top_divider_color=&#8221;#f0622a&#8221; top_divider_flip=&#8221;horizontal|vertical&#8221; bottom_divider_style=&#8221;waves2&#8243; bottom_divider_color=&#8221;#fcdedb&#8221; bottom_divider_height=&#8221;105px&#8221; bottom_divider_flip=&#8221;vertical&#8221; global_module=&#8221;9062&#8243; collapsed=&#8221;off&#8221;][et_pb_fullwidth_header title=&#8221;@ET-DC@eyJkeW5hbWljIjp0cnVlLCJjb250ZW50IjoicG9zdF90aXRsZSIsInNldHRpbmdzIjp7ImJlZm9yZSI6IiIsImFmdGVyIjoiIn19@&#8221; text_orientation=&#8221;right&#8221; header_image_url=&#8221;https:\/\/pdi.ro\/2023\/2022\/wp-content\/uploads\/2021\/05\/PDI2021_logo_header_int_600x300px.png&#8221; disabled_on=&#8221;on|on|off&#8221; _builder_version=&#8221;4.9.4&#8243; _dynamic_attributes=&#8221;title&#8221; title_font=&#8221;Kaushan Script||||||||&#8221; title_text_align=&#8221;right&#8221; title_text_color=&#8221;#f0622a&#8221; title_font_size=&#8221;50px&#8221; content_font=&#8221;|600||on|||||&#8221; content_text_align=&#8221;center&#8221; content_text_color=&#8221;#686766&#8243; content_font_size=&#8221;15px&#8221; subhead_font=&#8221;||||||||&#8221; background_color=&#8221;#ef916b&#8221; background_image=&#8221;https:\/\/pdi.ro\/2023\/2022\/wp-content\/uploads\/2021\/05\/PDI2021_header_1920x550px.jpg&#8221; background_blend=&#8221;luminosity&#8221; background_layout=&#8221;light&#8221; custom_margin=&#8221;0px||8px&#8221; custom_padding=&#8221;40px||40px||true&#8221; content_font_size_tablet=&#8221;&#8221; content_font_size_phone=&#8221;15px&#8221; content_font_size_last_edited=&#8221;on|desktop&#8221;][\/et_pb_fullwidth_header][\/et_pb_section][et_pb_section fb_built=&#8221;1&#8243; _builder_version=&#8221;4.4.8&#8243;][et_pb_row _builder_version=&#8221;4.4.8&#8243;][et_pb_column type=&#8221;4_4&#8243; _builder_version=&#8221;4.4.8&#8243;][et_pb_text _builder_version=&#8221;4.9.6&#8243; _module_preset=&#8221;default&#8221; text_font=&#8221;|700|||||||&#8221; text_text_color=&#8221;#F0622A&#8221; text_font_size=&#8221;34px&#8221; text_letter_spacing=&#8221;-1px&#8221; hover_enabled=&#8221;0&#8243; sticky_enabled=&#8221;0&#8243;]<\/p>\n<p>&#8220;Dermatologia rom\u00e2neasc\u0103 are un cuv\u00e2nt important de spus \u00een<br \/>\n<br \/>Europa!&#8221;<\/p>\n<p>[\/et_pb_text][et_pb_divider _builder_version=&#8221;4.9.6&#8243; _module_preset=&#8221;default&#8221; custom_margin=&#8221;||16px|||&#8221;][\/et_pb_divider][et_pb_text _builder_version=&#8221;4.9.6&#8243; hover_enabled=&#8221;0&#8243; sticky_enabled=&#8221;0&#8243;]<\/p>\n<p style=\"text-align: justify;\">Edi\u021bia aniversar\u0103 a <strong>Prim\u0103verii Dermatologice Ie\u0219ene<\/strong>, manifestare na\u021bional\u0103 cu participare interna\u021bional\u0103 care \u00een acest an ajunge la cea de-a zecea \u00eent\u00e2lnire, este \u0219i un prilej de a trece \u00een revist\u0103 principalele momente care au dus la constituirea unei comunit\u0103\u021bi de elit\u0103 a dermatologilor. Atuurile pentru care s\u0103lile de conferin\u021be de la PDI au fost mereu pline, prezen\u021ba unui num\u0103r mare de lectori de renume na\u021bional \u0219i interna\u021bional, dorin\u021ba continu\u0103 de a \u00eemp\u0103rt\u0103\u0219i din experien\u021b\u0103 \u0219i de a fi la curent cu cele mai noi informa\u021bii medicale au fost c\u00e2teva dintre ideile punctate de c\u0103tre prof. univ. dr. Simona Iano\u0219i, de la Universitatea de Medicin\u0103 \u0219i Farmacie din Craiova, \u0219eful Clinicii de Dermatologie \u0219i co-fondatorul Centrului Medical \u201eDr. Iano\u0219i\u201d din Craiova, \u00eentr-un interviu \u00een care \u0219i Ia\u0219ului i-a fost oferit un loc important.<\/p>\n<p style=\"text-align: justify;\"><strong>&#8211; A\u021bi participat la multe edi\u021bii ale PDI. Ce v-a atras la aceast\u0103 manifestare?<\/strong><\/p>\n<p style=\"text-align: justify;\">&#8211; \u00cen primul r\u00e2nd, faptul c\u0103 a fost prima manifestare din \u021bar\u0103 care a introdus conceptul de interdisciplinaritate, adic\u0103 au fost asociate mai multe specialit\u0103\u021bi, au fost prezentate lucr\u0103ri combinate. Dermatologia a fost \u00een centrul acestei manifest\u0103ri \u0219i al\u0103turi de ea au fost toate specialit\u0103\u021bile \u00eenrudite. M-a atras faptul c\u0103 a fost o altfel de manifestare \u00een compara\u021bie cu cele clasice, \u00een care avem doar prezent\u0103ri dermatologice sau predominant dermatologice, la Ia\u0219i a fost altceva \u0219i m-am bucurat c\u0103 am avut al\u0103turi colegi din toate specialit\u0103\u021bile \u00eenrudite cu dermatologia, iar faptul c\u0103 am aflat punctul de vedere al medicilor din alte specialit\u0103\u021bi a contat foarte mult. Manifestarea este diferit\u0103 de congresele \u0219i conferin\u021bele clasice de dermatologie. Acestea au fost atuul \u0219i particularitatea PDI.<\/p>\n<p style=\"text-align: justify;\"><strong>&#8211; A\u021bi pus mult accent pe conceptul de interdisciplinaritate. C\u00e2t de important este pentru bolnav?<\/strong><\/p>\n<p style=\"text-align: justify;\">&#8211; Este esen\u021bial pentru c\u0103 pielea este un organ prin care se reflect\u0103 suferin\u021ba tuturor celorlalte organe interne. Pielea este o oglind\u0103 a \u00eentregului organism \u0219i mereu c\u00e2nd exist\u0103 o patologie visceral\u0103 \u2013 hepatic\u0103, renal\u0103, endocrin\u0103, neoplazic\u0103, indiferent de care, pielea este organul care tr\u0103deaz\u0103, care anun\u021b\u0103 c\u0103 exist\u0103 o problem\u0103 la un anumit nivel.<\/p>\n<p style=\"text-align: justify;\"><strong>&#8211; La PDI studen\u021bii particip\u0103 gratuit. C\u00e2t de important este acest lucru pentru ei? Poate fi un factor de motivare pentru performan\u021b\u0103?<\/strong><\/p>\n<p style=\"text-align: justify;\">&#8211; Absolut! Este foarte important s\u0103 le oferim studen\u021bilor, reziden\u021bilor, medicilor tineri \u0219ansa de a participa gratuit la o conferin\u021b\u0103 de calitate. Un alt aspect important este legat de faptul c\u0103 ei mereu au fost stimula\u021bi \u0219i \u00eencuraja\u021bi s\u0103 prezinte lucr\u0103ri, s\u0103 sus\u021bin\u0103 sesiuni, au c\u00e2\u0219tigat premii atunci c\u00e2nd lucrarea a meritat. Practic, s-a pus accent foarte mult pe calitatea actului educa\u021bional, \u00een special pentru tineri. Este un lucru extraordinar pentru c\u0103 dintre ei se vor recruta marii speciali\u0219ti \u0219i, de ce nu, marii profesori de m\u00e2ine.<\/p>\n<p style=\"text-align: justify;\"><strong>&#8211; Ca medic \u0219i cadru universitar, \u0219i dvs sunte\u021bi \u00eentr-o continu\u0103 formare. Ce aduc nou evenimentele medicale \u00een via\u021ba dvs? Din acest punct de vedere, ce le recomanda\u021bi medicilor afla\u021bi la \u00eenceput de drum? Sau poate chiar \u0219i celor care au o carier\u0103?<\/strong><\/p>\n<p style=\"text-align: justify;\">&#8211; Le recomand s\u0103 mearg\u0103 la conferin\u021be, s\u0103 participe activ, adic\u0103 s\u0103 prezinte lucr\u0103ri, s\u0103 aib\u0103 puncte de vedere. Este importat ca \u00eenainte de a participa la o anumit\u0103 conferin\u021b\u0103 s\u0103 se informeze despre temele care \u00eei preocup\u0103 \u00een mod special. S\u0103 nu rateze niciodat\u0103 o conferin\u021b\u0103 \u00een care nivelul academic este foarte ridicat, a\u0219a cum este PDI, \u00een care exist\u0103 aceast\u0103 particularitate a interdisciplinarit\u0103\u021bii, care adun\u0103 punctele de vedere ale exper\u021bilor din alte specialit\u0103\u021bi \u00een curtea dermatologului, aspect care conteaz\u0103 enorm. S\u0103 nu considere niciodat\u0103 c\u0103 nu mai au nimic de \u00eenv\u0103\u021bat. Mereu avem ceva de \u00eenv\u0103\u021bat, indiferent de c\u00e2t\u0103 experien\u021b\u0103 avem \u0219i la ce grad didactic am ajuns. Practic, s\u0103 \u00ee\u0219i doreasc\u0103 s\u0103 evolueze \u0219i s\u0103 \u021bin\u0103 pasul cu nout\u0103\u021bile.<\/p>\n<p style=\"text-align: justify;\"><strong>&#8211; Vorbi\u021bi cu mult\u0103 pasiune despre meseria dvs \u0219i a\u0219 vrea s\u0103 v\u0103 \u00eentreb cum este perceput\u0103 \u0219coala rom\u00e2n\u0103 de dermatologie peste hotare?<\/strong><\/p>\n<p style=\"text-align: justify;\">&#8211; \u021ain\u00e2nd cont de colabor\u0103rile cu al\u021bi colegi dermatologi din Europa \u0219i nu numai, \u0219coala rom\u00e2neasc\u0103 are un cuv\u00e2nt important de spus \u00een lumea interna\u021bional\u0103. \u00cen Rom\u00e2nia au venit de foarte multe ori nume foarte mari ale dermatologiei europene \u0219i mondiale, iar aceasta este o dovad\u0103 a recunoa\u0219terii profesionalismului dermatologilor rom\u00e2ni. Avem o recunoa\u0219tere prin faptul c\u0103 aceste personalit\u0103\u021bi accept\u0103 invita\u021biile \u0219i mesele rotunde la care particip\u0103 \u00een Rom\u00e2nia. La fel de important este \u0219i faptul c\u0103 \u00eenainte de izbucnirea pandemiei de COVID, \u0219i noi eram invita\u021bi, an de an, la evenimente medicale de marc\u0103 de c\u0103tre personalit\u0103\u021bi ale dermatologiei europene. Cu siguran\u021b\u0103 invita\u021biile se vor relua dup\u0103 ce va trece aceast\u0103 perioad\u0103 pandemic\u0103. Dermatologia rom\u00e2neasc\u0103 are un cuv\u00e2nt important de spus \u00een Europa!<\/p>\n<p style=\"text-align: justify;\"><strong>&#8211; Sunte\u021bi legat\u0103 de Moldova, a\u021bi venit deseori la Ia\u0219i. Ce amintiri v\u0103 leag\u0103 de acest locuri?<\/strong><\/p>\n<p style=\"text-align: justify;\">&#8211; (r\u00e2de cald \u2013 n.r.) Da, sunt legat\u0103 de Moldova prin familie, tat\u0103l meu este pe jum\u0103tate moldovean. Bunicii mei au locuit \u00een Ia\u0219i, chiar \u00een spatele Palatului Culturii, deci sunt foarte familiarizat\u0103 cu zona. Am petrecut o bun\u0103 parte a copil\u0103riei la Ia\u0219i. Sunt \u0219i eu un pic moldoveanc\u0103. Am fost pl\u0103cut surprins\u0103 c\u00e2nd am v\u0103zut schimb\u0103rile \u0219i evolu\u021bia ora\u0219ului, care arat\u0103 excep\u021bional.<\/p>\n<p style=\"text-align: justify;\">&#8211;<strong> M\u0103 g\u00e2ndesc c\u0103 \u00eentrebarea mea legat\u0103 de cum se vede Ia\u0219ul de pe fereastra cabinetului dvs ar fi inutil\u0103&#8230;<\/strong><\/p>\n<p style=\"text-align: justify;\">&#8211; La mine Ia\u0219ul se vede subiectiv, cu siguran\u021b\u0103. Sunt legat\u0103 de el \u0219i pentru mine Ia\u0219ul, dup\u0103 Craiova, ar fi al doilea ora\u0219 \u00een care m-a\u0219 muta dac\u0103 ar fi s\u0103 aleg vreodat\u0103. Categoric, Ia\u0219ul este \u00een sufletul meu.<\/p>\n<p style=\"text-align: justify;\"><strong>&#8211; \u0218i dac\u0103 tot am vorbit de edi\u021bia aniversar\u0103 a PDI, ce mesaj dori\u021bi s\u0103 transmite\u021bi?<\/strong><\/p>\n<p style=\"text-align: justify;\">&#8211; Prim\u0103verii Dermatologice Ie\u0219ene \u00eei doresc s\u0103 r\u0103m\u00e2n\u0103 aceea\u0219i manifestare de un \u00eenalt \u0219tiin\u021bific, s\u0103 ne bucur\u0103m mereu de aceea\u0219i c\u0103ldur\u0103 cu care ne-au \u00eent\u00e2mpinat organizatorii de fiecare dat\u0103, s\u0103 continue an de an \u0219i s\u0103 ne revedem \u0219i la cea de-a XX-a edi\u021bie a PDI. S\u0103 fim la fel de tineri \u0219i doritori s\u0103 \u00eenv\u0103\u021b\u0103m \u0219i s\u0103 ne perfec\u021bion\u0103m. Mult succes \u0219i felicit\u0103ri pentru cei zece ani de munc\u0103 \u0219i s\u0103 continua\u021bi \u00een acela\u0219i ritm!<\/p>\n<p>[\/et_pb_text][\/et_pb_column][\/et_pb_row][\/et_pb_section][et_pb_section fb_built=&#8221;1&#8243; _builder_version=&#8221;4.9.6&#8243; background_color=&#8221;rgba(117,194,33,0.23)&#8221; background_image=&#8221;https:\/\/pdi.ro\/2023\/2022\/wp-content\/uploads\/2021\/05\/PDI2021_header_1920x550px.jpg&#8221; background_blend=&#8221;multiply&#8221; custom_padding=&#8221;54px|0px|0|0px|false|false&#8221; top_divider_style=&#8221;waves2&#8243; top_divider_color=&#8221;#ffffff&#8221; top_divider_height=&#8221;155px&#8221; top_divider_height_tablet=&#8221;&#8221; top_divider_height_phone=&#8221;97px&#8221; top_divider_height_last_edited=&#8221;on|desktop&#8221; bottom_divider_style=&#8221;waves2&#8243; bottom_divider_color=&#8221;#75c221&#8243; bottom_divider_flip=&#8221;vertical&#8221; bottom_divider_height_tablet=&#8221;&#8221; bottom_divider_height_phone=&#8221;59px&#8221; bottom_divider_height_last_edited=&#8221;on|desktop&#8221; global_module=&#8221;9177&#8243; saved_tabs=&#8221;all&#8221;][et_pb_row column_structure=&#8221;3_5,2_5&#8243; _builder_version=&#8221;3.25&#8243; custom_padding=&#8221;61px|0px|69px|0px|false|false&#8221;][et_pb_column type=&#8221;3_5&#8243; _builder_version=&#8221;3.25&#8243; custom_padding=&#8221;|||&#8221; custom_padding__hover=&#8221;|||&#8221;][et_pb_text _builder_version=&#8221;4.9.4&#8243; text_font=&#8221;Kaushan Script||||||||&#8221; text_text_color=&#8221;#f0622a&#8221; text_font_size=&#8221;30px&#8221; text_line_height=&#8221;1.2em&#8221; header_font=&#8221;||||||||&#8221; background_layout=&#8221;dark&#8221; text_font_size_tablet=&#8221;&#8221; text_font_size_phone=&#8221;&#8221; text_font_size_last_edited=&#8221;on|desktop&#8221;]<\/p>\n<p>Contacteaz\u0103 operatorul PDI 2021<\/p>\n<p>[\/et_pb_text][et_pb_contact_form email=&#8221;contact@pdi.ro\/2019&#8243; submit_button_text=&#8221;Trimite mesajul&#8221; _builder_version=&#8221;4.9.4&#8243; title_font=&#8221;||||||||&#8221; custom_button=&#8221;on&#8221; button_text_color=&#8221;#F0622A&#8221;][et_pb_contact_field field_id=&#8221;Name&#8221; field_title=&#8221;Nume&#8221; _builder_version=&#8221;3.18.9&#8243; button_text_size__hover_enabled=&#8221;off&#8221; button_one_text_size__hover_enabled=&#8221;off&#8221; button_two_text_size__hover_enabled=&#8221;off&#8221; button_text_color__hover_enabled=&#8221;off&#8221; button_one_text_color__hover_enabled=&#8221;off&#8221; button_two_text_color__hover_enabled=&#8221;off&#8221; button_border_width__hover_enabled=&#8221;off&#8221; button_one_border_width__hover_enabled=&#8221;off&#8221; button_two_border_width__hover_enabled=&#8221;off&#8221; button_border_color__hover_enabled=&#8221;off&#8221; button_one_border_color__hover_enabled=&#8221;off&#8221; button_two_border_color__hover_enabled=&#8221;off&#8221; button_border_radius__hover_enabled=&#8221;off&#8221; button_one_border_radius__hover_enabled=&#8221;off&#8221; button_two_border_radius__hover_enabled=&#8221;off&#8221; button_letter_spacing__hover_enabled=&#8221;off&#8221; button_one_letter_spacing__hover_enabled=&#8221;off&#8221; button_two_letter_spacing__hover_enabled=&#8221;off&#8221; button_bg_color__hover_enabled=&#8221;off&#8221; button_one_bg_color__hover_enabled=&#8221;off&#8221; button_two_bg_color__hover_enabled=&#8221;off&#8221;][\/et_pb_contact_field][et_pb_contact_field field_id=&#8221;Email&#8221; field_title=&#8221;Adresa de e-mail&#8221; field_type=&#8221;email&#8221; _builder_version=&#8221;3.19.4&#8243; button_text_size__hover_enabled=&#8221;off&#8221; button_one_text_size__hover_enabled=&#8221;off&#8221; button_two_text_size__hover_enabled=&#8221;off&#8221; button_text_color__hover_enabled=&#8221;off&#8221; button_one_text_color__hover_enabled=&#8221;off&#8221; button_two_text_color__hover_enabled=&#8221;off&#8221; button_border_width__hover_enabled=&#8221;off&#8221; button_one_border_width__hover_enabled=&#8221;off&#8221; button_two_border_width__hover_enabled=&#8221;off&#8221; button_border_color__hover_enabled=&#8221;off&#8221; button_one_border_color__hover_enabled=&#8221;off&#8221; button_two_border_color__hover_enabled=&#8221;off&#8221; button_border_radius__hover_enabled=&#8221;off&#8221; button_one_border_radius__hover_enabled=&#8221;off&#8221; button_two_border_radius__hover_enabled=&#8221;off&#8221; button_letter_spacing__hover_enabled=&#8221;off&#8221; button_one_letter_spacing__hover_enabled=&#8221;off&#8221; button_two_letter_spacing__hover_enabled=&#8221;off&#8221; button_bg_color__hover_enabled=&#8221;off&#8221; button_one_bg_color__hover_enabled=&#8221;off&#8221; button_two_bg_color__hover_enabled=&#8221;off&#8221;][\/et_pb_contact_field][et_pb_contact_field field_id=&#8221;Message&#8221; field_title=&#8221;Mesajul dvs.&#8221; field_type=&#8221;text&#8221; fullwidth_field=&#8221;on&#8221; _builder_version=&#8221;3.18.9&#8243; button_text_size__hover_enabled=&#8221;off&#8221; button_one_text_size__hover_enabled=&#8221;off&#8221; button_two_text_size__hover_enabled=&#8221;off&#8221; button_text_color__hover_enabled=&#8221;off&#8221; button_one_text_color__hover_enabled=&#8221;off&#8221; button_two_text_color__hover_enabled=&#8221;off&#8221; button_border_width__hover_enabled=&#8221;off&#8221; button_one_border_width__hover_enabled=&#8221;off&#8221; button_two_border_width__hover_enabled=&#8221;off&#8221; button_border_color__hover_enabled=&#8221;off&#8221; button_one_border_color__hover_enabled=&#8221;off&#8221; button_two_border_color__hover_enabled=&#8221;off&#8221; button_border_radius__hover_enabled=&#8221;off&#8221; button_one_border_radius__hover_enabled=&#8221;off&#8221; button_two_border_radius__hover_enabled=&#8221;off&#8221; button_letter_spacing__hover_enabled=&#8221;off&#8221; button_one_letter_spacing__hover_enabled=&#8221;off&#8221; button_two_letter_spacing__hover_enabled=&#8221;off&#8221; button_bg_color__hover_enabled=&#8221;off&#8221; button_one_bg_color__hover_enabled=&#8221;off&#8221; button_two_bg_color__hover_enabled=&#8221;off&#8221;][\/et_pb_contact_field][\/et_pb_contact_form][\/et_pb_column][et_pb_column type=&#8221;2_5&#8243; _builder_version=&#8221;3.25&#8243; custom_padding=&#8221;|||&#8221; custom_padding__hover=&#8221;|||&#8221;][et_pb_text _builder_version=&#8221;4.9.4&#8243; text_font=&#8221;Kaushan Script||||||||&#8221; text_text_color=&#8221;#f0622a&#8221; text_font_size=&#8221;30px&#8221; header_font=&#8221;||||||||&#8221; background_layout=&#8221;dark&#8221;]<\/p>\n<p>Operatorul PDI 2021<\/p>\n<p>[\/et_pb_text][et_pb_text _builder_version=&#8221;4.0.11&#8243; text_font=&#8221;||||||||&#8221;]<\/p>\n<p><span><img loading=\"lazy\" decoding=\"async\" src=\"https:\/\/pdi.ro\/2023\/2022\/wp-content\/uploads\/2020\/02\/eventer_logo_150px.png\" width=\"151\" height=\"33\" alt=\"\" class=\"wp-image-774 alignleft size-full\" \/><\/span><\/p>\n<p><span><\/span><\/p>\n<p><span><\/span><\/p>\n<p><span>Adresa: Str. A. Panu nr. 13, Iasi<\/span><br \/> <span>Tel.: 0332.40.88.00-05<\/span><br \/> <span>E-mail: <a href=\"mailto:inscrieri@primaderma.ro\" target=\"_blank\" rel=\"noopener noreferrer\">inscrieri@primaderma.ro<\/a><br \/> <\/span><span>Website:\u00a0<\/span><a href=\"http:\/\/www.eventernet.ro\/\" target=\"Blank\" rel=\"noopener noreferrer\">www.eventernet.ro<\/a><\/p>\n<p>[\/et_pb_text][et_pb_text disabled_on=&#8221;off|off|off&#8221; _builder_version=&#8221;4.0.11&#8243; text_font=&#8221;Kaushan Script||||||||&#8221; text_text_color=&#8221;#f0622a&#8221; text_font_size=&#8221;30px&#8221; header_font=&#8221;||||||||&#8221; background_layout=&#8221;dark&#8221; locked=&#8221;off&#8221;]<\/p>\n<p>Parteneri Media<\/p>\n<p>[\/et_pb_text][et_pb_gallery gallery_ids=&#8221;7203,7204,9252,9464&#8243; fullwidth=&#8221;on&#8221; _builder_version=&#8221;4.9.6&#8243; transform_scale=&#8221;86%|86%&#8221; max_width=&#8221;63%&#8221; auto=&#8221;on&#8221; auto_speed=&#8221;3500&#8243; hover_transition_duration=&#8221;100ms&#8221; hover_transition_delay=&#8221;50ms&#8221; hover_transition_speed_curve=&#8221;ease-in-out&#8221; locked=&#8221;off&#8221;][\/et_pb_gallery][\/et_pb_column][\/et_pb_row][\/et_pb_section]<\/p>\n","protected":false},"excerpt":{"rendered":"<p>&#8220;Dermatologia rom\u00e2neasc\u0103 are un cuv\u00e2nt important de spus \u00een Europa!&#8221;Edi\u021bia aniversar\u0103 a Prim\u0103verii Dermatologice Ie\u0219ene, manifestare na\u021bional\u0103 cu participare interna\u021bional\u0103 care \u00een acest an ajunge la cea de-a zecea \u00eent\u00e2lnire, este \u0219i un prilej de a trece \u00een revist\u0103 principalele momente care au dus la constituirea unei comunit\u0103\u021bi de elit\u0103 a dermatologilor. Atuurile pentru care [&hellip;]<\/p>\n","protected":false},"author":2,"featured_media":0,"parent":0,"menu_order":0,"comment_status":"closed","ping_status":"closed","template":"","meta":{"_et_pb_use_builder":"on","_et_pb_old_content":"","_et_gb_content_width":"","footnotes":""},"class_list":["post-9467","page","type-page","status-publish","hentry"],"_links":{"self":[{"href":"https:\/\/pdi.ro\/2023\/wp-json\/wp\/v2\/pages\/9467","targetHints":{"allow":["GET"]}}],"collection":[{"href":"https:\/\/pdi.ro\/2023\/wp-json\/wp\/v2\/pages"}],"about":[{"href":"https:\/\/pdi.ro\/2023\/wp-json\/wp\/v2\/types\/page"}],"author":[{"embeddable":true,"href":"https:\/\/pdi.ro\/2023\/wp-json\/wp\/v2\/users\/2"}],"replies":[{"embeddable":true,"href":"https:\/\/pdi.ro\/2023\/wp-json\/wp\/v2\/comments?post=9467"}],"version-history":[{"count":3,"href":"https:\/\/pdi.ro\/2023\/wp-json\/wp\/v2\/pages\/9467\/revisions"}],"predecessor-version":[{"id":9471,"href":"https:\/\/pdi.ro\/2023\/wp-json\/wp\/v2\/pages\/9467\/revisions\/9471"}],"wp:attachment":[{"href":"https:\/\/pdi.ro\/2023\/wp-json\/wp\/v2\/media?parent=9467"}],"curies":[{"name":"wp","href":"https:\/\/api.w.org\/{rel}","templated":true}]}}