{"id":9478,"date":"2021-06-24T09:21:40","date_gmt":"2021-06-24T07:21:40","guid":{"rendered":"https:\/\/primaderma.ro\/?page_id=9478"},"modified":"2021-06-24T09:21:40","modified_gmt":"2021-06-24T07:21:40","slug":"interviu-dr-dana-jianu","status":"publish","type":"page","link":"https:\/\/pdi.ro\/2023\/interviu-dr-dana-jianu\/","title":{"rendered":"Interviu Dr. Dana Jianu"},"content":{"rendered":"<p>[et_pb_section fb_built=&#8221;1&#8243; fullwidth=&#8221;on&#8221; disabled_on=&#8221;on|off|off&#8221; _builder_version=&#8221;3.22&#8243; custom_margin=&#8221;||&#8221; custom_padding=&#8221;15px||29px&#8221; top_divider_style=&#8221;waves2&#8243; top_divider_color=&#8221;#f0622a&#8221; top_divider_flip=&#8221;horizontal|vertical&#8221; bottom_divider_style=&#8221;waves2&#8243; bottom_divider_color=&#8221;#fcdedb&#8221; bottom_divider_height=&#8221;105px&#8221; bottom_divider_flip=&#8221;vertical&#8221; global_module=&#8221;9062&#8243; collapsed=&#8221;off&#8221;][et_pb_fullwidth_header title=&#8221;@ET-DC@eyJkeW5hbWljIjp0cnVlLCJjb250ZW50IjoicG9zdF90aXRsZSIsInNldHRpbmdzIjp7ImJlZm9yZSI6IiIsImFmdGVyIjoiIn19@&#8221; text_orientation=&#8221;right&#8221; header_image_url=&#8221;https:\/\/pdi.ro\/2023\/2022\/wp-content\/uploads\/2021\/05\/PDI2021_logo_header_int_600x300px.png&#8221; disabled_on=&#8221;on|on|off&#8221; _builder_version=&#8221;4.9.4&#8243; _dynamic_attributes=&#8221;title&#8221; title_font=&#8221;Kaushan Script||||||||&#8221; title_text_align=&#8221;right&#8221; title_text_color=&#8221;#f0622a&#8221; title_font_size=&#8221;50px&#8221; content_font=&#8221;|600||on|||||&#8221; content_text_align=&#8221;center&#8221; content_text_color=&#8221;#686766&#8243; content_font_size=&#8221;15px&#8221; subhead_font=&#8221;||||||||&#8221; background_color=&#8221;#ef916b&#8221; background_image=&#8221;https:\/\/pdi.ro\/2023\/2022\/wp-content\/uploads\/2021\/05\/PDI2021_header_1920x550px.jpg&#8221; background_blend=&#8221;luminosity&#8221; background_layout=&#8221;light&#8221; custom_margin=&#8221;0px||8px&#8221; custom_padding=&#8221;40px||40px||true&#8221; content_font_size_tablet=&#8221;&#8221; content_font_size_phone=&#8221;15px&#8221; content_font_size_last_edited=&#8221;on|desktop&#8221;][\/et_pb_fullwidth_header][\/et_pb_section][et_pb_section fb_built=&#8221;1&#8243; _builder_version=&#8221;4.4.8&#8243;][et_pb_row _builder_version=&#8221;4.4.8&#8243;][et_pb_column type=&#8221;4_4&#8243; _builder_version=&#8221;4.4.8&#8243;][et_pb_text _builder_version=&#8221;4.9.6&#8243; _module_preset=&#8221;default&#8221; text_font=&#8221;|700|||||||&#8221; text_text_color=&#8221;#F0622A&#8221; text_font_size=&#8221;34px&#8221; text_letter_spacing=&#8221;-1px&#8221; text_line_height=&#8221;1.2em&#8221; hover_enabled=&#8221;0&#8243; sticky_enabled=&#8221;0&#8243;]<\/p>\n<p>\u201eO participare la un eveniment precum PDI poate fi extrem de important\u0103 \u00een dezvoltarea unui student, \u00een cariera lui medical\u0103. \u00cei poate da o motiva\u021bie s\u0103 r\u0103m\u00e2n\u0103 \u00een Rom\u00e2nia\u201d<\/p>\n<p>[\/et_pb_text][et_pb_divider _builder_version=&#8221;4.9.6&#8243; _module_preset=&#8221;default&#8221; custom_margin=&#8221;||17px|||&#8221;][\/et_pb_divider][et_pb_text _builder_version=&#8221;4.9.6&#8243; hover_enabled=&#8221;0&#8243; sticky_enabled=&#8221;0&#8243;]<\/p>\n<p style=\"text-align: justify;\">\u00cen cele nou\u0103 edi\u021bii care s-au derulat din 2012, c\u00e2nd a fost lansat\u0103 \u00een aula Bibliotecii Centrale Universitare, edificiu fondat de c\u0103tre Regele Ferdinand, Prim\u0103vara Dermatologic\u0103 Ie\u0219ean\u0103 (PDI) a fost un spa\u021biu de dialog medical elitist, interdisciplinar, un spa\u021biu \u00een care s-au derulat foarte multe proiecte de \u00eenalt\u0103 valoare \u0219tiin\u021bific\u0103. Una dintre edi\u021biile speciale a avut loc \u00een anul 2019, c\u00e2nd PDI s-a derulat \u00een tandem cu \u201eLaser Europe\u201d, conferin\u021b\u0103 organizat\u0103 de European Society for Laser Aesthetic Surgery (ESLAS), \u00een parteneriat cu European Laser Association (ELA). Evenimentul a fost o premier\u0103 pentru Rom\u00e2nia \u0219i a oferit participan\u021bilor acces direct la ultimele tehnologii laser, cu aplica\u021bii at\u00e2t \u00een dermatologie, c\u00e2t \u0219i \u00een alte specialit\u0103\u021bi medicale. Al\u0103turi de lectori consacra\u021bi ai PDI, personalit\u0103\u021bi ale lumii medicale \u0219i \u0219tiin\u021bifice, au sosit la Ia\u0219i lectori cu mare experien\u021b\u0103 \u00een domeniul chirurgiei plastice \u0219i chirurgiei laser din Marea Britanie, Olanda, Grecia, Spania, Austria, Rom\u00e2nia. \u00cempreun\u0103 cu reputatul chirurg plastician Dana Jianu, ini\u021biatorul conferin\u021bei, pre\u0219edintele ESLAS \u0219i vicepre\u0219edinte al SRCE, am derulat c\u00e2teva momente ale evenimentului care, \u00een urm\u0103 cu doi ani, a transformat Ia\u0219ul nu doar \u00een capitala dermatologiei, ci \u0219i cea a chirurgiei plastice. Dr. Dana Jianu este unul dintre primii sus\u021bin\u0103tori ai PDI, domnia sa particip\u00e2nd ca lector la toate edi\u021biile derulate din 2012, la fel ca \u0219i reputatul chirurg vascular, \u0218tefan Jianu. Dr. Dana Jianu este chirurg plastician, medic primar, Doctor \u00een \u0218tiin\u021be Medicale, Cercet\u0103tor \u0218tiin\u021bific al Centrului de Medicin\u0103 \u0219i Chirurgie Regenerativ\u0103 de pe l\u00e2ng\u0103 Academia Rom\u00e2n\u0103 de \u0218tiinte Medicale, ex Prof. Asociat UMF \u201cCarol Davila\u201d, un nume sonor \u00een chirurgia plastic\u0103-estetic\u0103 din Rom\u00e2nia \u0219i din str\u0103in\u0103tate.<\/p>\n<p style=\"text-align: justify;\">&#8211;<strong> V\u0103 invit la o c\u0103l\u0103torie \u00een timp, la prima edi\u021bie a Prim\u0103verii Dermatologice Ie\u0219ene. Ce v-a determinat s\u0103 l\u0103sa\u021bi Bucure\u0219tiul pentru c\u00e2teva zile \u0219i s\u0103 v\u0103 ocupa\u021bi locul \u00een aula Bibliotecii Centrale Universitare, unde a fost lansat\u0103 aceast\u0103 manifestare?<\/strong><\/p>\n<p style=\"text-align: justify;\">&#8211; Invita\u021bia de a participa la PDI a fost mereu tentant\u0103 o dat\u0103 pentru c\u0103 o cuno\u0219team uman \u0219i personal pe doamna profesor Daciana Br\u0103ni\u0219teanu (fondatorul PDI &#8211; n.r.), iar o invita\u021bie la un eveniment organizat de domnia sa \u0219i echipa pe care o coordoneaz\u0103 este un prilej de bucurie \u0219i de onoare. Ne-am al\u0103turat \u0219i celorlal\u021bi profesioni\u0219ti din domeniul medical pentru a construi un eveniment \u0219tiin\u021bific de \u00eenalt\u0103 calitate. \u00cen urm\u0103 cu zece ani nu aveam s\u0103 \u0219tim c\u0103 se va transforma \u00eentr-o frumoas\u0103 tradi\u021bie \u00een via\u021ba noastr\u0103 medical\u0103, dar iat\u0103 c\u0103 devenirea a fost una pe m\u0103sura \u00eenceputului. \u00cen acest fel, \u0219i noi am adunat multe cuno\u0219tin\u021be \u0219i probabil c\u0103 am contribuit la \u00eembog\u0103\u021birea cunoa\u0219terii \u0219i l\u0103rgirea orizontului medical pentru al\u021bi colegi, mai tineri sau mai pu\u021bin tineri. Unul dintre motive a fost aceast\u0103 apropiere uman\u0103 \u0219i profesional\u0103, de aceea am revenit mereu cu drag. Un alt motiv este c\u0103, eu bucovineanc\u0103 fiind, revin cu bucurie \u0219i m\u00e2ndrie pe meleagurile moldave. \u00cen timp, am dezvoltat colabor\u0103ri frumoase \u00een domeniul chirurgiei plastice \u0219i dermatologiei laserelor, dar \u0219i pe t\u0103r\u00e2mul medicinei \u0219i chirurgiei regenerative, \u00eempreun\u0103 cu doamna profesor Br\u0103ni\u0219teanu. Iat\u0103 o salb\u0103 de motive s\u0103 ne revedem cu mul\u021bi colegi \u0219i prieteni, p\u00e2n\u0103 \u00een 2019 fa\u021b\u0103 \u00een fa\u021b\u0103, iar \u00een 2020 \u0219i \u00een acest an online, dar cu speran\u021ba unui viitor mai bun.<\/p>\n<p style=\"text-align: justify;\"><strong>&#8211; A\u021bi amintit de colegii dvs mai tineri. La PDI, studen\u021bii au acces gratuit la cursuri, workshopuri \u0219i prelegeri. Ce p\u0103rere ave\u021bi despre aceast\u0103 facilitate oferit\u0103?<\/strong><\/p>\n<p style=\"text-align: justify;\">&#8211; Este un proiect extrem de generos din partea organizatorilor \u0219i a gazdei, doamna profesor Daciana Br\u0103ni\u0219teanu, \u0219i o dovad\u0103 c\u0103 medicina este \u0219i un laborator de sentimente, nu doar unul de expertiz\u0103 profesional\u0103. Este o frumoas\u0103 dezvoltare personal\u0103 s\u0103 facilitezi studen\u021bilor, unii care poate nu au resurse financiare s\u0103 achite o tax\u0103, s\u0103 p\u0103trund\u0103 \u00een lumea doctorilor consacra\u021bi, a problemelor medicale variate, unele foarte dificile. Este important s\u0103 afli cum au solu\u021bionat colegii seniori anumite cazuri dificile, dar \u0219i s\u0103 \u021bi se ofere inspira\u021bie pentru viitoarea specialitate pe care o vei alege. O astfel de participare poate fi extrem de important\u0103 \u00een dezvoltarea unui student, a carierei lui medicale. \u00cei d\u0103 o motiva\u021bie s\u0103 r\u0103m\u00e2n\u0103 \u00een Rom\u00e2nia poate. Mul\u021bi tineri, dup\u0103 cum \u0219tim, pleac\u0103 \u00een str\u0103in\u0103tate \u0219i ne v\u0103duvesc de o bun\u0103 parte din acest poten\u021bial \u0219i resurs\u0103 extraordinar\u0103 uman\u0103 \u00een medicin\u0103.<\/p>\n<p style=\"text-align: justify;\"><strong>&#8211; \u00cen 2019, Ia\u0219ul i-a avut ca oaspe\u021bi \u0219i pe cei mai buni speciali\u0219ti \u00een chirurgie laser din Europa \u0219i ne amintim cu drag de tandemul PDI- Congresul Laser Europe. Care au fost premisele unui astfel de proiect ambi\u021bios?<\/strong><\/p>\n<p style=\"text-align: justify;\">&#8211; A fost un proiect foarte bine primit \u0219i care i-a umplut de \u00eenc\u00e2ntare pe colegii din \u021b\u0103rile care alc\u0103tuiesc Societatea European\u0103 de Lasere \u00een Chirurgia Estetic\u0103. Ei au \u00eembr\u0103\u021bi\u0219at cu entuziasm ideea de a str\u0103bate mii de kilometri \u0219i de a veni \u00een Capitala Moldovei, care \u00een acea perioad\u0103 a fost \u0219i capitala \u0219tiin\u021bei \u00een lasere, chirurgie plastic\u0103 \u0219i dermatologie. Premisele au fost construite \u00een timp prin buna colaborare pe care o avem cu doamna profesor Daciana Br\u0103ni\u0219teanu \u0219i \u00eencrederea c\u0103 echipa organizatoric\u0103 este pe deplin capbil\u0103 s\u0103 fac\u0103 fa\u021b\u0103 cu brio unui eveniment european, deci unui dublu eveniment \u2013 PDI \u0219i Congresul Laser Europe. Cred c\u0103 au c\u00e2\u0219tigat to\u021bi partenerii care au contribuit la acest eveniment \u0219i le mul\u021bumim \u00eenc\u0103 o dat\u0103 pentru ospitalitate \u0219i bunele condi\u021bii oferite.<\/p>\n<p style=\"text-align: justify;\"><strong>&#8211; Nu peste mult timp PDI va \u00eemplini zece ani, un timp \u00een care a crescut constant \u0219i frumos \u0219i a devenit o manifestare medical\u0103 elitist\u0103, de \u00eenalt nivel \u0219tiin\u021bific. Cu ce g\u00e2nduri ve\u021bi reveni la PDI?<\/strong><\/p>\n<p style=\"text-align: justify;\">&#8211; Este un moment aniversar, plin de bucurie, cu un bilan\u021b extrem de frumos profesional \u0219i uman c\u0103ci multe prietenii s-au dezvoltat ori s-au consolidat la PDI. La \u00eenceput, rela\u021biile au avut o sorginte profesional\u0103, dar s-au dezvoltat \u0219i pe plan uman \u00eentregind un bilan\u021b foarte frumos pe care dorim din suflet s\u0103-l poat\u0103 perpetua organizatorii, \u00eentre care distinsa noastr\u0103 gazd\u0103, s\u0103-l poat\u0103 construi \u00een timp \u0219i s\u0103 ajungem \u0219i la celelalte anivers\u0103ri rotunde. Le doresc ca aceast\u0103 edi\u021bie s\u0103 fie una reu\u0219it\u0103, a\u0219a cum au fost toate cele de p\u00e2n\u0103 acum. Mult succes!<\/p>\n<p>[\/et_pb_text][\/et_pb_column][\/et_pb_row][\/et_pb_section][et_pb_section fb_built=&#8221;1&#8243; _builder_version=&#8221;4.9.6&#8243; background_color=&#8221;rgba(117,194,33,0.23)&#8221; background_image=&#8221;https:\/\/pdi.ro\/2023\/2022\/wp-content\/uploads\/2021\/05\/PDI2021_header_1920x550px.jpg&#8221; background_blend=&#8221;multiply&#8221; custom_padding=&#8221;54px|0px|0|0px|false|false&#8221; top_divider_style=&#8221;waves2&#8243; top_divider_color=&#8221;#ffffff&#8221; top_divider_height=&#8221;155px&#8221; top_divider_height_tablet=&#8221;&#8221; top_divider_height_phone=&#8221;97px&#8221; top_divider_height_last_edited=&#8221;on|desktop&#8221; bottom_divider_style=&#8221;waves2&#8243; bottom_divider_color=&#8221;#75c221&#8243; bottom_divider_flip=&#8221;vertical&#8221; bottom_divider_height_tablet=&#8221;&#8221; bottom_divider_height_phone=&#8221;59px&#8221; bottom_divider_height_last_edited=&#8221;on|desktop&#8221; global_module=&#8221;9177&#8243; saved_tabs=&#8221;all&#8221;][et_pb_row column_structure=&#8221;3_5,2_5&#8243; _builder_version=&#8221;3.25&#8243; custom_padding=&#8221;61px|0px|69px|0px|false|false&#8221;][et_pb_column type=&#8221;3_5&#8243; _builder_version=&#8221;3.25&#8243; custom_padding=&#8221;|||&#8221; custom_padding__hover=&#8221;|||&#8221;][et_pb_text _builder_version=&#8221;4.9.4&#8243; text_font=&#8221;Kaushan Script||||||||&#8221; text_text_color=&#8221;#f0622a&#8221; text_font_size=&#8221;30px&#8221; text_line_height=&#8221;1.2em&#8221; header_font=&#8221;||||||||&#8221; background_layout=&#8221;dark&#8221; text_font_size_tablet=&#8221;&#8221; text_font_size_phone=&#8221;&#8221; text_font_size_last_edited=&#8221;on|desktop&#8221;]<\/p>\n<p>Contacteaz\u0103 operatorul PDI 2021<\/p>\n<p>[\/et_pb_text][et_pb_contact_form email=&#8221;contact@pdi.ro\/2019&#8243; submit_button_text=&#8221;Trimite mesajul&#8221; _builder_version=&#8221;4.9.4&#8243; title_font=&#8221;||||||||&#8221; custom_button=&#8221;on&#8221; button_text_color=&#8221;#F0622A&#8221;][et_pb_contact_field field_id=&#8221;Name&#8221; field_title=&#8221;Nume&#8221; _builder_version=&#8221;3.18.9&#8243; button_text_size__hover_enabled=&#8221;off&#8221; button_one_text_size__hover_enabled=&#8221;off&#8221; button_two_text_size__hover_enabled=&#8221;off&#8221; button_text_color__hover_enabled=&#8221;off&#8221; button_one_text_color__hover_enabled=&#8221;off&#8221; button_two_text_color__hover_enabled=&#8221;off&#8221; button_border_width__hover_enabled=&#8221;off&#8221; button_one_border_width__hover_enabled=&#8221;off&#8221; button_two_border_width__hover_enabled=&#8221;off&#8221; button_border_color__hover_enabled=&#8221;off&#8221; button_one_border_color__hover_enabled=&#8221;off&#8221; button_two_border_color__hover_enabled=&#8221;off&#8221; button_border_radius__hover_enabled=&#8221;off&#8221; button_one_border_radius__hover_enabled=&#8221;off&#8221; button_two_border_radius__hover_enabled=&#8221;off&#8221; button_letter_spacing__hover_enabled=&#8221;off&#8221; button_one_letter_spacing__hover_enabled=&#8221;off&#8221; button_two_letter_spacing__hover_enabled=&#8221;off&#8221; button_bg_color__hover_enabled=&#8221;off&#8221; button_one_bg_color__hover_enabled=&#8221;off&#8221; button_two_bg_color__hover_enabled=&#8221;off&#8221;][\/et_pb_contact_field][et_pb_contact_field field_id=&#8221;Email&#8221; field_title=&#8221;Adresa de e-mail&#8221; field_type=&#8221;email&#8221; _builder_version=&#8221;3.19.4&#8243; button_text_size__hover_enabled=&#8221;off&#8221; button_one_text_size__hover_enabled=&#8221;off&#8221; button_two_text_size__hover_enabled=&#8221;off&#8221; button_text_color__hover_enabled=&#8221;off&#8221; button_one_text_color__hover_enabled=&#8221;off&#8221; button_two_text_color__hover_enabled=&#8221;off&#8221; button_border_width__hover_enabled=&#8221;off&#8221; button_one_border_width__hover_enabled=&#8221;off&#8221; button_two_border_width__hover_enabled=&#8221;off&#8221; button_border_color__hover_enabled=&#8221;off&#8221; button_one_border_color__hover_enabled=&#8221;off&#8221; button_two_border_color__hover_enabled=&#8221;off&#8221; button_border_radius__hover_enabled=&#8221;off&#8221; button_one_border_radius__hover_enabled=&#8221;off&#8221; button_two_border_radius__hover_enabled=&#8221;off&#8221; button_letter_spacing__hover_enabled=&#8221;off&#8221; button_one_letter_spacing__hover_enabled=&#8221;off&#8221; button_two_letter_spacing__hover_enabled=&#8221;off&#8221; button_bg_color__hover_enabled=&#8221;off&#8221; button_one_bg_color__hover_enabled=&#8221;off&#8221; button_two_bg_color__hover_enabled=&#8221;off&#8221;][\/et_pb_contact_field][et_pb_contact_field field_id=&#8221;Message&#8221; field_title=&#8221;Mesajul dvs.&#8221; field_type=&#8221;text&#8221; fullwidth_field=&#8221;on&#8221; _builder_version=&#8221;3.18.9&#8243; button_text_size__hover_enabled=&#8221;off&#8221; button_one_text_size__hover_enabled=&#8221;off&#8221; button_two_text_size__hover_enabled=&#8221;off&#8221; button_text_color__hover_enabled=&#8221;off&#8221; button_one_text_color__hover_enabled=&#8221;off&#8221; button_two_text_color__hover_enabled=&#8221;off&#8221; button_border_width__hover_enabled=&#8221;off&#8221; button_one_border_width__hover_enabled=&#8221;off&#8221; button_two_border_width__hover_enabled=&#8221;off&#8221; button_border_color__hover_enabled=&#8221;off&#8221; button_one_border_color__hover_enabled=&#8221;off&#8221; button_two_border_color__hover_enabled=&#8221;off&#8221; button_border_radius__hover_enabled=&#8221;off&#8221; button_one_border_radius__hover_enabled=&#8221;off&#8221; button_two_border_radius__hover_enabled=&#8221;off&#8221; button_letter_spacing__hover_enabled=&#8221;off&#8221; button_one_letter_spacing__hover_enabled=&#8221;off&#8221; button_two_letter_spacing__hover_enabled=&#8221;off&#8221; button_bg_color__hover_enabled=&#8221;off&#8221; button_one_bg_color__hover_enabled=&#8221;off&#8221; button_two_bg_color__hover_enabled=&#8221;off&#8221;][\/et_pb_contact_field][\/et_pb_contact_form][\/et_pb_column][et_pb_column type=&#8221;2_5&#8243; _builder_version=&#8221;3.25&#8243; custom_padding=&#8221;|||&#8221; custom_padding__hover=&#8221;|||&#8221;][et_pb_text _builder_version=&#8221;4.9.4&#8243; text_font=&#8221;Kaushan Script||||||||&#8221; text_text_color=&#8221;#f0622a&#8221; text_font_size=&#8221;30px&#8221; header_font=&#8221;||||||||&#8221; background_layout=&#8221;dark&#8221;]<\/p>\n<p>Operatorul PDI 2021<\/p>\n<p>[\/et_pb_text][et_pb_text _builder_version=&#8221;4.0.11&#8243; text_font=&#8221;||||||||&#8221;]<\/p>\n<p><span><img loading=\"lazy\" decoding=\"async\" src=\"https:\/\/pdi.ro\/2023\/2022\/wp-content\/uploads\/2020\/02\/eventer_logo_150px.png\" width=\"151\" height=\"33\" alt=\"\" class=\"wp-image-774 alignleft size-full\" \/><\/span><\/p>\n<p><span><\/span><\/p>\n<p><span><\/span><\/p>\n<p><span>Adresa: Str. A. Panu nr. 13, Iasi<\/span><br \/> <span>Tel.: 0332.40.88.00-05<\/span><br \/> <span>E-mail: <a href=\"mailto:inscrieri@primaderma.ro\" target=\"_blank\" rel=\"noopener noreferrer\">inscrieri@primaderma.ro<\/a><br \/> <\/span><span>Website:\u00a0<\/span><a href=\"http:\/\/www.eventernet.ro\/\" target=\"Blank\" rel=\"noopener noreferrer\">www.eventernet.ro<\/a><\/p>\n<p>[\/et_pb_text][et_pb_text disabled_on=&#8221;off|off|off&#8221; _builder_version=&#8221;4.0.11&#8243; text_font=&#8221;Kaushan Script||||||||&#8221; text_text_color=&#8221;#f0622a&#8221; text_font_size=&#8221;30px&#8221; header_font=&#8221;||||||||&#8221; background_layout=&#8221;dark&#8221; locked=&#8221;off&#8221;]<\/p>\n<p>Parteneri Media<\/p>\n<p>[\/et_pb_text][et_pb_gallery gallery_ids=&#8221;7203,7204,9252,9464&#8243; fullwidth=&#8221;on&#8221; _builder_version=&#8221;4.9.6&#8243; transform_scale=&#8221;86%|86%&#8221; max_width=&#8221;63%&#8221; auto=&#8221;on&#8221; auto_speed=&#8221;3500&#8243; hover_transition_duration=&#8221;100ms&#8221; hover_transition_delay=&#8221;50ms&#8221; hover_transition_speed_curve=&#8221;ease-in-out&#8221; locked=&#8221;off&#8221;][\/et_pb_gallery][\/et_pb_column][\/et_pb_row][\/et_pb_section]<\/p>\n","protected":false},"excerpt":{"rendered":"<p>\u201eO participare la un eveniment precum PDI poate fi extrem de important\u0103 \u00een dezvoltarea unui student, \u00een cariera lui medical\u0103. \u00cei poate da o motiva\u021bie s\u0103 r\u0103m\u00e2n\u0103 \u00een Rom\u00e2nia\u201d\u00cen cele nou\u0103 edi\u021bii care s-au derulat din 2012, c\u00e2nd a fost lansat\u0103 \u00een aula Bibliotecii Centrale Universitare, edificiu fondat de c\u0103tre Regele Ferdinand, Prim\u0103vara Dermatologic\u0103 Ie\u0219ean\u0103 [&hellip;]<\/p>\n","protected":false},"author":2,"featured_media":0,"parent":0,"menu_order":0,"comment_status":"closed","ping_status":"closed","template":"","meta":{"_et_pb_use_builder":"on","_et_pb_old_content":"","_et_gb_content_width":"","footnotes":""},"class_list":["post-9478","page","type-page","status-publish","hentry"],"_links":{"self":[{"href":"https:\/\/pdi.ro\/2023\/wp-json\/wp\/v2\/pages\/9478","targetHints":{"allow":["GET"]}}],"collection":[{"href":"https:\/\/pdi.ro\/2023\/wp-json\/wp\/v2\/pages"}],"about":[{"href":"https:\/\/pdi.ro\/2023\/wp-json\/wp\/v2\/types\/page"}],"author":[{"embeddable":true,"href":"https:\/\/pdi.ro\/2023\/wp-json\/wp\/v2\/users\/2"}],"replies":[{"embeddable":true,"href":"https:\/\/pdi.ro\/2023\/wp-json\/wp\/v2\/comments?post=9478"}],"version-history":[{"count":4,"href":"https:\/\/pdi.ro\/2023\/wp-json\/wp\/v2\/pages\/9478\/revisions"}],"predecessor-version":[{"id":9483,"href":"https:\/\/pdi.ro\/2023\/wp-json\/wp\/v2\/pages\/9478\/revisions\/9483"}],"wp:attachment":[{"href":"https:\/\/pdi.ro\/2023\/wp-json\/wp\/v2\/media?parent=9478"}],"curies":[{"name":"wp","href":"https:\/\/api.w.org\/{rel}","templated":true}]}}