{"id":9886,"date":"2021-07-06T09:18:43","date_gmt":"2021-07-06T07:18:43","guid":{"rendered":"https:\/\/primaderma.ro\/?page_id=9886"},"modified":"2021-07-06T11:28:43","modified_gmt":"2021-07-06T09:28:43","slug":"interviu-prof-univ-dr-luminita-smaranda-iancu","status":"publish","type":"page","link":"https:\/\/pdi.ro\/2023\/interviu-prof-univ-dr-luminita-smaranda-iancu\/","title":{"rendered":"Interviu Prof. Univ. Dr. Lumini\u021ba Smaranda Iancu"},"content":{"rendered":"<p>[et_pb_section fb_built=&#8221;1&#8243; fullwidth=&#8221;on&#8221; disabled_on=&#8221;on|off|off&#8221; _builder_version=&#8221;3.22&#8243; custom_margin=&#8221;||&#8221; custom_padding=&#8221;15px||29px&#8221; top_divider_style=&#8221;waves2&#8243; top_divider_color=&#8221;#f0622a&#8221; top_divider_flip=&#8221;horizontal|vertical&#8221; bottom_divider_style=&#8221;waves2&#8243; bottom_divider_color=&#8221;#fcdedb&#8221; bottom_divider_height=&#8221;105px&#8221; bottom_divider_flip=&#8221;vertical&#8221; global_module=&#8221;9062&#8243; collapsed=&#8221;off&#8221;][et_pb_fullwidth_header title=&#8221;@ET-DC@eyJkeW5hbWljIjp0cnVlLCJjb250ZW50IjoicG9zdF90aXRsZSIsInNldHRpbmdzIjp7ImJlZm9yZSI6IiIsImFmdGVyIjoiIn19@&#8221; text_orientation=&#8221;right&#8221; header_image_url=&#8221;https:\/\/pdi.ro\/2023\/2022\/wp-content\/uploads\/2021\/05\/PDI2021_logo_header_int_600x300px.png&#8221; disabled_on=&#8221;on|on|off&#8221; _builder_version=&#8221;4.9.4&#8243; _dynamic_attributes=&#8221;title&#8221; title_font=&#8221;Kaushan Script||||||||&#8221; title_text_align=&#8221;right&#8221; title_text_color=&#8221;#f0622a&#8221; title_font_size=&#8221;50px&#8221; content_font=&#8221;|600||on|||||&#8221; content_text_align=&#8221;center&#8221; content_text_color=&#8221;#686766&#8243; content_font_size=&#8221;15px&#8221; subhead_font=&#8221;||||||||&#8221; background_color=&#8221;#ef916b&#8221; background_image=&#8221;https:\/\/pdi.ro\/2023\/2022\/wp-content\/uploads\/2021\/05\/PDI2021_header_1920x550px.jpg&#8221; background_blend=&#8221;luminosity&#8221; background_layout=&#8221;light&#8221; custom_margin=&#8221;0px||8px&#8221; custom_padding=&#8221;40px||40px||true&#8221; content_font_size_tablet=&#8221;&#8221; content_font_size_phone=&#8221;15px&#8221; content_font_size_last_edited=&#8221;on|desktop&#8221;][\/et_pb_fullwidth_header][\/et_pb_section][et_pb_section fb_built=&#8221;1&#8243; _builder_version=&#8221;4.4.8&#8243;][et_pb_row _builder_version=&#8221;4.4.8&#8243;][et_pb_column type=&#8221;4_4&#8243; _builder_version=&#8221;4.4.8&#8243;][et_pb_text _builder_version=&#8221;4.9.7&#8243; _module_preset=&#8221;default&#8221; text_font=&#8221;|700|||||||&#8221; text_text_color=&#8221;#F0622A&#8221; text_font_size=&#8221;34px&#8221; text_letter_spacing=&#8221;-1px&#8221; hover_enabled=&#8221;0&#8243; sticky_enabled=&#8221;0&#8243;]<\/p>\n<p>&#8220;PDI este o manifestare de r\u0103sunet prin diversitatea tematicilor<\/p>\n<p>care sunt\u00a0conexe cu domeniul dermatologiei \u0219i prin lista lectorilor<\/p>\n<p>invita\u021bi, personalit\u0103\u021bi de renume interna\u021bional&#8221;<\/p>\n<p>[\/et_pb_text][et_pb_divider _builder_version=&#8221;4.9.6&#8243; _module_preset=&#8221;default&#8221; custom_margin=&#8221;||16px|||&#8221;][\/et_pb_divider][et_pb_text _builder_version=&#8221;4.9.7&#8243;]<\/p>\n<p style=\"text-align: justify;\"><em>dialog cu prof. univ. dr Lumini\u021ba Smaranda Iancu, prorector pe studii postuniversitare \u0219i formare profesional\u0103 continu\u0103 \u00een cadrul Universit\u0103\u021bii de Medicin\u0103 \u0219i Farmacie \u201eGrigore T. Popa\u201d Ia\u0219i<\/em><\/p>\n<p style=\"text-align: justify;\"><em>\u00cen perioada 20-24 iulie, Ia\u0219ul va g\u0103zdui cea de-a X-a edi\u021bie a Prim\u0103verii Dermatologice Ie\u0219ene (PDI), o manifestare na\u021bional\u0103 cu participare interna\u021bional\u0103 care a devenit un nume important pe harta evenimentelor medicale elitiste din Sud-Estul Europei. O astfel de manifestare este foarte tentant\u0103 pentru participan\u021bi, medici de renume, speciali\u0219ti, reziden\u021bi \u0219i studen\u021bi, ultimii dintre ei av\u00e2nd posibilitatea, ca \u0219i la edi\u021biile anterioare, s\u0103 participe gratuit. De altfel, ca o premier\u0103, la edi\u021bia din acest an cadrele didactice de la Universitatea de Medicin\u0103 \u0219i Farmacie \u201eGr. T. Popa\u201d au primit invita\u021bia de a participa gratuit, la fel \u0219i cadrele medicale de la Spitalul CFR Ia\u0219i. Am discutat despre aceste lucruri cu doamna profesor universitar doctor Lumini\u021ba Smaranda Iancu, prorector pe studii postuniversitare \u0219i formare profesional\u0103 continu\u0103.<\/em><\/p>\n<p style=\"text-align: justify;\"><strong>&#8211; A\u021bi participat la multe edi\u021bii ale PDI \u0219i le-a\u021bi sus\u021binut. Ce v-a atras la aceast\u0103 manifestare?<\/strong><\/p>\n<p style=\"text-align: justify;\">&#8211; La PDI am participat, ca prorector, \u00eencep\u00e2nd din 2016, c\u00e2nd am avut \u0219i pl\u0103cerea, dar \u0219i onoarea de a deschide manifestarea \u00een numele domnului rector \u0219i \u00een calitate de prorector responsabil cu studiile postuniversitare. Eram cea mai \u00eendrept\u0103\u021bit\u0103 persoan\u0103 s\u0103-l reprezint, misiunea mea av\u00e2nd leg\u0103tur\u0103 cu organizarea acestor cursuri din partea Rectoratului. La o prim\u0103 vedere a\u0219 fi r\u0103spuns unei misiuni oficiale, dar nu este a\u0219a pentru c\u0103 manifestarea a devenit mai ampl\u0103 de la an la an \u0219i a antrenat un num\u0103r important de participan\u021bi care au fost tenta\u021bi s\u0103 fie parte dintr-o activitate \u0219tiin\u021bific\u0103, cu un program foarte bogat, cu lectori nu numai din \u021bar\u0103, ci \u0219i din multe alte \u021b\u0103ri, personalit\u0103\u021bi de marc\u0103 ale dermatologiei, dar \u0219i din domeniile conexe.<\/p>\n<p style=\"text-align: justify;\"><strong>&#8211; V\u0103 ocupa\u021bi de educa\u021bia medical\u0103 continu\u0103. PDI nu \u00eenseamn\u0103 doar simpozioane \u0219i prelegeri, ci \u0219i cursuri, workshopuri, care s-au derulat de-a lungul edi\u021biilor anterioare ca un fir ro\u0219u.<\/strong><\/p>\n<p style=\"text-align: justify;\">&#8211; Preg\u0103tirea postuniversitar\u0103 \u00eenseamn\u0103 toat\u0103 aceast\u0103 palet\u0103 de activit\u0103\u021bi. Sunt multe activit\u0103\u021bi care se intr\u0103 sub auspiciile studiilor postuniversitare. Desigur c\u0103 sunt astfel de programe postuniversitare, fie congrese, fie conferin\u021be care au o anumit\u0103 agend\u0103, cu prelegeri, cu lectori, cu lucr\u0103ri sau cu acea component\u0103 de postere care este discutat\u0103 \u0219i prezentat\u0103 \u00eentr-un anumit mod astfel \u00eenc\u00e2t c\u0103 impactul s\u0103 fie c\u00e2t mai mare. \u00cencep\u00e2nd din 2016 am fost mai apropiat\u0103 de PDI, dar \u0219i de alte manifest\u0103ri. \u00centr-adev\u0103r, dintre manifest\u0103rile care se desf\u0103\u0219oar\u0103 sub egida Universit\u0103\u021bii, PDI este una de r\u0103sunet prin diversitatea tematicilor care sunt conexe cu domeniul dermatologiei \u0219i prin lista lectorilor invita\u021bi, personalit\u0103\u021bi de renume interna\u021bional.<\/p>\n<p style=\"text-align: justify;\"><strong>&#8211; La PDI exist\u0103 o sesiune special\u0103 de postere dedicat\u0103 studen\u021bilor \u0219i medicilor reziden\u021bi. Cele mai bune lucr\u0103ri au fost apreciate \u0219i s-au oferit premii consistente din partea ADEM. C\u00e2t de important\u0103 este pentru tineri participarea la o astfel de sesiune?<\/strong><\/p>\n<p style=\"text-align: justify;\">&#8211; Depinde foarte mult de cum g\u00e2nde\u0219te comitetul de organizare sesiunea de postere. Sunt sesiuni dedicate tinerilor medici, indiferent c\u0103 sunt reziden\u021bi sau speciali\u0219ti, sunt sesiuni organizate pentru studen\u021bi. Dimensiunea unei manifest\u0103ri nu permite mereu ca to\u021bi participan\u021bii s\u0103 prezinte lucrarea la sal\u0103, de la un pupitru, pentru c\u0103 timpul este limitat. Aceast\u0103 sesiune de postere ofer\u0103 \u0219ansa, mai ales tinerilor, indiferent c\u0103 sunt reziden\u021bi sau speciali\u0219ti, s\u0103 \u00ee\u0219i fac\u0103 publice rezultatele activit\u0103\u021bii lor. Nu doar c\u0103 participarea lor este important\u0103, ci \u0219i imperios necesar\u0103 . Pe l\u00e2ng\u0103 preg\u0103tirea lor de baz\u0103, ei trebuie s\u0103 participe la manifest\u0103ri \u0219tiin\u021bifice, s\u0103 fie autori sau co-autori la lucr\u0103ri \u0219tiin\u021bifice. Primul pas este un poster, apoi lucrare oral\u0103, apoi lucr\u0103ri publicate. Este o component\u0103 important\u0103 a carierei lor. Nu este obligatorie pentru c\u0103 po\u021bi fi un foarte bun specialist f\u0103r\u0103 s\u0103 ai \u0219i aceast\u0103 component\u0103 de cercetare \u0219tiin\u021bific\u0103, de comunicare a rezultatelor \u00eentr-un mod c\u00e2t mai elocvent, dar este necesar\u0103 \u0219i unii dintre ei fac foarte bine acest lucru.<\/p>\n<p style=\"text-align: justify;\"><strong>&#8211; Manifestarea are un caracter interna\u021bional dat nu doar de prezen\u021ba \u00een num\u0103r mare a lectorilor str\u0103ini, ci \u0219i a studen\u021bilor de la sec\u021biile de limb\u0103 francez\u0103 \u0219i englez\u0103. Cum \u00eei ajut\u0103 \u00een viitoarea carier\u0103?<\/strong><\/p>\n<p style=\"text-align: justify;\">&#8211; \u00cen primul r\u00e2nd, studen\u021bii de la aceste serii trebuie angrena\u021bi \u0219i ei, la fel ca \u0219i studen\u021bii str\u0103ini, \u0219i este \u00een preocuparea universit\u0103\u021bii aceast\u0103 strategie de a-i atrage \u00een astfel de activit\u0103\u021bi. Mai ales dac\u0103 lectorii sunt vorbitori de limba englez\u0103, iar tinerii din alte \u021b\u0103ri \u00eei pot \u00een\u021belege mai u\u0219or. Trebuie spus c\u0103 pentru studen\u021bi, indiferent de sec\u021bie, exist\u0103 \u00een universitate o manifestare \u0219tiin\u021bific\u0103 &#8211; Congressis, care implic\u0103, \u00een propor\u021bie de 90 la sut\u0103, participarea studen\u021bilor. Desigur, pot participa \u0219i tineri medici \u0219i reziden\u021bi. Este o ocazia \u00een care ei \u00ee\u0219i pot prezenta rezultatele studiilor care sunt conecte cu teza lor de licen\u021b\u0103, de exemplu. Participarea studen\u021bilor la astfel de manifest\u0103ri cum este PDI vine ca o completare fireasc\u0103 la ceea ce fac ei ca preg\u0103tire de baz\u0103 pentru a deveni viitori medici. Nu este suficient, cel pu\u021bin \u00een epoca modern\u0103, c\u00e2nd cuno\u0219tin\u021bele se acumuleaz\u0103 \u00een progresie logaritmic\u0103, s\u0103 participe la cursuri \u0219i stagii \u00een cadrul facult\u0103\u021bii. Aceste manifest\u0103ri vin s\u0103 aduc\u0103 informa\u021bii noi. Dermatologia se pred\u0103 \u00een anul \u0219ase, c\u00e2nd deja discut\u0103m despre tineri ce vor deveni \u00een scurt timp medici, iar o astfel de manifestare ca PDI este foarte tentant\u0103 pentru ei. Desigur c\u0103 ea nu se limiteaz\u0103 doar la participarea studen\u021bilor de anul \u0219ase, care deja au parcurs aceast\u0103 disciplin\u0103. Sunt invita\u021bi s\u0103 participe \u0219i studen\u021bi al\u021bi ani pentru c\u0103 inclusiv titulatura acestei manifest\u0103ri, \u201eDermatologia la interfa\u021ba cu alte discipline\u201d, o recomand\u0103.<\/p>\n<p style=\"text-align: justify;\"><strong>&#8211; Foarte multe cadre universitare din cadrul UMF au sus\u021binut PDI, de la disciplinele de baz\u0103 la cele clinice. Care este motivul particip\u0103rii lor \u00een num\u0103r mare?<\/strong><\/p>\n<p style=\"text-align: justify;\">&#8211; Fiecare participant este atras de un anumit aspect, dar cred c\u0103 unul dintre motive este c\u0103 au fost tenta\u021bi s\u0103 participe la o manifestare de anvergur\u0103. \u00cen general, cadrele didactice trebuie s\u0103 participe la manifest\u0103ri, chiar dac\u0103 nu to\u021bi respect\u0103 acest lucru \u0219i nu particip\u0103 la un num\u0103r mare de evenimente. De fapt, nu num\u0103rul conteaz\u0103, ci calitatea lucr\u0103rii pe care o prezint\u0103 la manifestare. Cred c\u0103 este ambi\u021bia cadrelor universitate de a face parte dintr-o manifestare important\u0103.<\/p>\n<p style=\"text-align: justify;\"><strong>&#8211; La edi\u021bia din acest, toate cadrele didactice al UMF sunt invitate gratuit. Cum aprecia\u021bi aceast\u0103 invita\u021bie?<\/strong><\/p>\n<p style=\"text-align: justify;\">&#8211; Cred c\u0103 organizatorii s-au g\u00e2ndit s\u0103 ofere aceast\u0103 r\u0103splat\u0103 \u00een ideea c\u0103 sunt colegi, \u0219i \u00eemi place s\u0103 cred c\u0103 este o echip\u0103 unit\u0103. De fapt, acesta este meritul unei universit\u0103\u021bi \u2013 prin ceea ce face s\u0103 ofere sentimentul c\u0103 este o echip\u0103 \u0219i chiar s\u0103 fie o echip\u0103! Este l\u0103daubil\u0103 o astfel de ini\u021biativ\u0103 \u0219i, ca s\u0103 vedem \u0219i p\u0103r\u021bile bune ale acestei pandemii, faptul c\u0103 sunt manifest\u0103ri online permite participarea unui num\u0103r impresionant de persoane. Exist\u0103 \u0219i un revers prin faptul c\u0103 o participare online descurajeaz\u0103 \u00eentreb\u0103rile \u0219i interven\u021biile. Aici, moderatorii diverselor sec\u021biuni trebuie s\u0103 fie foarte implica\u021bi \u00een a \u00eencuraja participan\u021bii s\u0103 deschid\u0103 microfonul, s\u0103 adreseze \u00eentreb\u0103ri. Eu sunt de p\u0103rere c\u0103 mereu o lucrare valoroas\u0103 antreneaz\u0103 discu\u021bii. Un dialog consistent arat\u0103 \u0219i faptul c\u0103 lucrarea este valoroas\u0103.<\/p>\n<p>[\/et_pb_text][\/et_pb_column][\/et_pb_row][\/et_pb_section][et_pb_section fb_built=&#8221;1&#8243; _builder_version=&#8221;4.9.6&#8243; background_color=&#8221;rgba(117,194,33,0.23)&#8221; background_image=&#8221;https:\/\/pdi.ro\/2023\/2022\/wp-content\/uploads\/2021\/05\/PDI2021_header_1920x550px.jpg&#8221; background_blend=&#8221;multiply&#8221; custom_padding=&#8221;54px|0px|0|0px|false|false&#8221; top_divider_style=&#8221;waves2&#8243; top_divider_color=&#8221;#ffffff&#8221; top_divider_height=&#8221;155px&#8221; top_divider_height_tablet=&#8221;&#8221; top_divider_height_phone=&#8221;97px&#8221; top_divider_height_last_edited=&#8221;on|desktop&#8221; bottom_divider_style=&#8221;waves2&#8243; bottom_divider_color=&#8221;#75c221&#8243; bottom_divider_flip=&#8221;vertical&#8221; bottom_divider_height_tablet=&#8221;&#8221; bottom_divider_height_phone=&#8221;59px&#8221; bottom_divider_height_last_edited=&#8221;on|desktop&#8221; global_module=&#8221;9177&#8243; saved_tabs=&#8221;all&#8221;][et_pb_row column_structure=&#8221;3_5,2_5&#8243; _builder_version=&#8221;3.25&#8243; custom_padding=&#8221;61px|0px|69px|0px|false|false&#8221;][et_pb_column type=&#8221;3_5&#8243; _builder_version=&#8221;3.25&#8243; custom_padding=&#8221;|||&#8221; custom_padding__hover=&#8221;|||&#8221;][et_pb_text _builder_version=&#8221;4.9.4&#8243; text_font=&#8221;Kaushan Script||||||||&#8221; text_text_color=&#8221;#f0622a&#8221; text_font_size=&#8221;30px&#8221; text_line_height=&#8221;1.2em&#8221; header_font=&#8221;||||||||&#8221; background_layout=&#8221;dark&#8221; text_font_size_tablet=&#8221;&#8221; text_font_size_phone=&#8221;&#8221; text_font_size_last_edited=&#8221;on|desktop&#8221;]<\/p>\n<p>Contacteaz\u0103 operatorul PDI 2021<\/p>\n<p>[\/et_pb_text][et_pb_contact_form email=&#8221;contact@pdi.ro\/2019&#8243; submit_button_text=&#8221;Trimite mesajul&#8221; _builder_version=&#8221;4.9.4&#8243; title_font=&#8221;||||||||&#8221; custom_button=&#8221;on&#8221; button_text_color=&#8221;#F0622A&#8221;][et_pb_contact_field field_id=&#8221;Name&#8221; field_title=&#8221;Nume&#8221; _builder_version=&#8221;3.18.9&#8243; button_text_size__hover_enabled=&#8221;off&#8221; button_one_text_size__hover_enabled=&#8221;off&#8221; button_two_text_size__hover_enabled=&#8221;off&#8221; button_text_color__hover_enabled=&#8221;off&#8221; button_one_text_color__hover_enabled=&#8221;off&#8221; button_two_text_color__hover_enabled=&#8221;off&#8221; button_border_width__hover_enabled=&#8221;off&#8221; button_one_border_width__hover_enabled=&#8221;off&#8221; button_two_border_width__hover_enabled=&#8221;off&#8221; button_border_color__hover_enabled=&#8221;off&#8221; button_one_border_color__hover_enabled=&#8221;off&#8221; button_two_border_color__hover_enabled=&#8221;off&#8221; button_border_radius__hover_enabled=&#8221;off&#8221; button_one_border_radius__hover_enabled=&#8221;off&#8221; button_two_border_radius__hover_enabled=&#8221;off&#8221; button_letter_spacing__hover_enabled=&#8221;off&#8221; button_one_letter_spacing__hover_enabled=&#8221;off&#8221; button_two_letter_spacing__hover_enabled=&#8221;off&#8221; button_bg_color__hover_enabled=&#8221;off&#8221; button_one_bg_color__hover_enabled=&#8221;off&#8221; button_two_bg_color__hover_enabled=&#8221;off&#8221;][\/et_pb_contact_field][et_pb_contact_field field_id=&#8221;Email&#8221; field_title=&#8221;Adresa de e-mail&#8221; field_type=&#8221;email&#8221; _builder_version=&#8221;3.19.4&#8243; button_text_size__hover_enabled=&#8221;off&#8221; button_one_text_size__hover_enabled=&#8221;off&#8221; button_two_text_size__hover_enabled=&#8221;off&#8221; button_text_color__hover_enabled=&#8221;off&#8221; button_one_text_color__hover_enabled=&#8221;off&#8221; button_two_text_color__hover_enabled=&#8221;off&#8221; button_border_width__hover_enabled=&#8221;off&#8221; button_one_border_width__hover_enabled=&#8221;off&#8221; button_two_border_width__hover_enabled=&#8221;off&#8221; button_border_color__hover_enabled=&#8221;off&#8221; button_one_border_color__hover_enabled=&#8221;off&#8221; button_two_border_color__hover_enabled=&#8221;off&#8221; button_border_radius__hover_enabled=&#8221;off&#8221; button_one_border_radius__hover_enabled=&#8221;off&#8221; button_two_border_radius__hover_enabled=&#8221;off&#8221; button_letter_spacing__hover_enabled=&#8221;off&#8221; button_one_letter_spacing__hover_enabled=&#8221;off&#8221; button_two_letter_spacing__hover_enabled=&#8221;off&#8221; button_bg_color__hover_enabled=&#8221;off&#8221; button_one_bg_color__hover_enabled=&#8221;off&#8221; button_two_bg_color__hover_enabled=&#8221;off&#8221;][\/et_pb_contact_field][et_pb_contact_field field_id=&#8221;Message&#8221; field_title=&#8221;Mesajul dvs.&#8221; field_type=&#8221;text&#8221; fullwidth_field=&#8221;on&#8221; _builder_version=&#8221;3.18.9&#8243; button_text_size__hover_enabled=&#8221;off&#8221; button_one_text_size__hover_enabled=&#8221;off&#8221; button_two_text_size__hover_enabled=&#8221;off&#8221; button_text_color__hover_enabled=&#8221;off&#8221; button_one_text_color__hover_enabled=&#8221;off&#8221; button_two_text_color__hover_enabled=&#8221;off&#8221; button_border_width__hover_enabled=&#8221;off&#8221; button_one_border_width__hover_enabled=&#8221;off&#8221; button_two_border_width__hover_enabled=&#8221;off&#8221; button_border_color__hover_enabled=&#8221;off&#8221; button_one_border_color__hover_enabled=&#8221;off&#8221; button_two_border_color__hover_enabled=&#8221;off&#8221; button_border_radius__hover_enabled=&#8221;off&#8221; button_one_border_radius__hover_enabled=&#8221;off&#8221; button_two_border_radius__hover_enabled=&#8221;off&#8221; button_letter_spacing__hover_enabled=&#8221;off&#8221; button_one_letter_spacing__hover_enabled=&#8221;off&#8221; button_two_letter_spacing__hover_enabled=&#8221;off&#8221; button_bg_color__hover_enabled=&#8221;off&#8221; button_one_bg_color__hover_enabled=&#8221;off&#8221; button_two_bg_color__hover_enabled=&#8221;off&#8221;][\/et_pb_contact_field][\/et_pb_contact_form][\/et_pb_column][et_pb_column type=&#8221;2_5&#8243; _builder_version=&#8221;3.25&#8243; custom_padding=&#8221;|||&#8221; custom_padding__hover=&#8221;|||&#8221;][et_pb_text _builder_version=&#8221;4.9.4&#8243; text_font=&#8221;Kaushan Script||||||||&#8221; text_text_color=&#8221;#f0622a&#8221; text_font_size=&#8221;30px&#8221; header_font=&#8221;||||||||&#8221; background_layout=&#8221;dark&#8221;]<\/p>\n<p>Operatorul PDI 2021<\/p>\n<p>[\/et_pb_text][et_pb_text _builder_version=&#8221;4.0.11&#8243; text_font=&#8221;||||||||&#8221;]<\/p>\n<p><span><img loading=\"lazy\" decoding=\"async\" src=\"https:\/\/pdi.ro\/2023\/2022\/wp-content\/uploads\/2020\/02\/eventer_logo_150px.png\" width=\"151\" height=\"33\" alt=\"\" class=\"wp-image-774 alignleft size-full\" \/><\/span><\/p>\n<p><span><\/span><\/p>\n<p><span><\/span><\/p>\n<p><span>Adresa: Str. A. Panu nr. 13, Iasi<\/span><br \/> <span>Tel.: 0332.40.88.00-05<\/span><br \/> <span>E-mail: <a href=\"mailto:inscrieri@primaderma.ro\" target=\"_blank\" rel=\"noopener noreferrer\">inscrieri@primaderma.ro<\/a><br \/> <\/span><span>Website:\u00a0<\/span><a href=\"http:\/\/www.eventernet.ro\/\" target=\"Blank\" rel=\"noopener noreferrer\">www.eventernet.ro<\/a><\/p>\n<p>[\/et_pb_text][et_pb_text disabled_on=&#8221;off|off|off&#8221; _builder_version=&#8221;4.0.11&#8243; text_font=&#8221;Kaushan Script||||||||&#8221; text_text_color=&#8221;#f0622a&#8221; text_font_size=&#8221;30px&#8221; header_font=&#8221;||||||||&#8221; background_layout=&#8221;dark&#8221; locked=&#8221;off&#8221;]<\/p>\n<p>Parteneri Media<\/p>\n<p>[\/et_pb_text][et_pb_gallery gallery_ids=&#8221;7203,7204,9252,9464&#8243; fullwidth=&#8221;on&#8221; _builder_version=&#8221;4.9.6&#8243; transform_scale=&#8221;86%|86%&#8221; max_width=&#8221;63%&#8221; auto=&#8221;on&#8221; auto_speed=&#8221;3500&#8243; hover_transition_duration=&#8221;100ms&#8221; hover_transition_delay=&#8221;50ms&#8221; hover_transition_speed_curve=&#8221;ease-in-out&#8221; locked=&#8221;off&#8221;][\/et_pb_gallery][\/et_pb_column][\/et_pb_row][\/et_pb_section]<\/p>\n","protected":false},"excerpt":{"rendered":"<p>&#8220;PDI este o manifestare de r\u0103sunet prin diversitatea tematicilor care sunt\u00a0conexe cu domeniul dermatologiei \u0219i prin lista lectorilor invita\u021bi, personalit\u0103\u021bi de renume interna\u021bional&#8221;dialog cu prof. univ. dr Lumini\u021ba Smaranda Iancu, prorector pe studii postuniversitare \u0219i formare profesional\u0103 continu\u0103 \u00een cadrul Universit\u0103\u021bii de Medicin\u0103 \u0219i Farmacie \u201eGrigore T. Popa\u201d Ia\u0219i \u00cen perioada 20-24 iulie, Ia\u0219ul va [&hellip;]<\/p>\n","protected":false},"author":2,"featured_media":0,"parent":0,"menu_order":0,"comment_status":"closed","ping_status":"closed","template":"","meta":{"_et_pb_use_builder":"on","_et_pb_old_content":"","_et_gb_content_width":"","footnotes":""},"class_list":["post-9886","page","type-page","status-publish","hentry"],"_links":{"self":[{"href":"https:\/\/pdi.ro\/2023\/wp-json\/wp\/v2\/pages\/9886","targetHints":{"allow":["GET"]}}],"collection":[{"href":"https:\/\/pdi.ro\/2023\/wp-json\/wp\/v2\/pages"}],"about":[{"href":"https:\/\/pdi.ro\/2023\/wp-json\/wp\/v2\/types\/page"}],"author":[{"embeddable":true,"href":"https:\/\/pdi.ro\/2023\/wp-json\/wp\/v2\/users\/2"}],"replies":[{"embeddable":true,"href":"https:\/\/pdi.ro\/2023\/wp-json\/wp\/v2\/comments?post=9886"}],"version-history":[{"count":4,"href":"https:\/\/pdi.ro\/2023\/wp-json\/wp\/v2\/pages\/9886\/revisions"}],"predecessor-version":[{"id":9929,"href":"https:\/\/pdi.ro\/2023\/wp-json\/wp\/v2\/pages\/9886\/revisions\/9929"}],"wp:attachment":[{"href":"https:\/\/pdi.ro\/2023\/wp-json\/wp\/v2\/media?parent=9886"}],"curies":[{"name":"wp","href":"https:\/\/api.w.org\/{rel}","templated":true}]}}