{"id":12839,"date":"2026-01-20T14:31:37","date_gmt":"2026-01-20T14:31:37","guid":{"rendered":"https:\/\/pdi.ro\/en\/?page_id=12839"},"modified":"2026-01-20T14:34:40","modified_gmt":"2026-01-20T14:34:40","slug":"registration-my-account","status":"publish","type":"page","link":"https:\/\/pdi.ro\/en\/registration-my-account\/","title":{"rendered":"Registration \/ My account"},"content":{"rendered":"To view the English version, scroll down to the \u201cearth\u201d icon \u2013 click and choose \u2018EN\u201d.\r\n\r\n\r\n<p><iframe id=\"myiframe\" style=\"width: 100%; height: 600px;\" src=\"https:\/\/app.eventified.eu\/registration\/index.html?eventId=58686\" frameborder=\"0\" scrolling=\"no\"><\/iframe> <script>\r\n        let contentFrame = window.document.getElementById(\"myiframe\");\r\n\/\/remove sticky header\r\n\/\/document.querySelector('#header-sticky').classList = [];\r\n\/\/document.querySelector('#header-sticky').style.display = \"none\";\r\n\/\/remove large padding\r\n\/\/document.querySelector('#main').style.paddingTop = \"0px\";\r\n\/\/document.querySelector('#main').style.paddingBottom= \"0px\";\r\nif(Math.max(\r\n    document.body.scrollWidth,\r\n    document.documentElement.scrollWidth,\r\n    document.body.offsetWidth,\r\n    document.documentElement.offsetWidth,\r\n    document.documentElement.clientWidth\r\n  ) < 700){\r\ndocument.querySelector('#main-content .container').style['max-width']='unset';\r\ndocument.querySelector('#main-content .container').style['width']='100%';\r\n}\r\nfunction receiveEvent(event){\r\n      if (event.origin == \"https:\/\/app.eventified.eu\") {\r\n\r\n        \/\/ Save the current scroll position\r\n        let scrollTop = window.pageYOffset || document.documentElement.scrollTop;\r\n\r\nif(Math.max(\r\n    document.body.scrollWidth,\r\n    document.documentElement.scrollWidth,\r\n    document.body.offsetWidth,\r\n    document.documentElement.offsetWidth,\r\n    document.documentElement.clientWidth\r\n  ) < 700){\r\ncontentFrame.style.height = event.data.contentHeight+ 110 + \"px\";\r\n}else{\r\n        contentFrame.style.height = event.data.contentHeight+ 20 + \"px\";\r\n}\r\n        \/\/document.getElementById(\"myiframe\").scrollIntoView();\r\n        window.scrollTo(0, scrollTop);\r\n      }\r\n    }\r\n\/\/remove left right margins\r\n\/\/document.querySelector('#main > div').style.maxWidth = \"100%\";\r\nwindow.addEventListener(\"message\",receiveEvent );\r\n    <\/script><\/p>\r\n\r\n<!--<p>\u00a0<\/p>\r\n<h3 style=\"text-align: center;\">Pentru \u00eenscrieri la <strong>PDI 2025<\/strong> v\u0103 rug\u0103m s\u0103 ne contacta\u021bi la adresa de email <a href=\"mailto:contact@pdi.ro\" target=\"_blank\" rel=\"noopener\"><strong>contact@pdi.ro<\/strong><\/a> cu urm\u0103toarele informa\u021bii: Nume \u0219i prenume, tipul de participant (medic, as. medical, farmacist), ora\u0219, CUIM (\u00een cazul medicilor), CNP (\u00een cazul asisten\u021bilor medicali), Num\u0103r de telefon \u0219i specialitate. \r\n<\/br>V\u0103 mul\u021bumim.<\/h3>\r\n<p>\u00a0<\/p>-->","protected":false},"excerpt":{"rendered":"<p>To view the English version, scroll down to the \u201cearth\u201d icon \u2013 click and choose \u2018EN\u201d.<\/p>\n","protected":false},"author":3,"featured_media":0,"parent":0,"menu_order":0,"comment_status":"closed","ping_status":"closed","template":"","meta":{"_et_pb_use_builder":"","_et_pb_old_content":"","_et_gb_content_width":"","footnotes":""},"class_list":["post-12839","page","type-page","status-publish","hentry"],"_links":{"self":[{"href":"https:\/\/pdi.ro\/en\/wp-json\/wp\/v2\/pages\/12839","targetHints":{"allow":["GET"]}}],"collection":[{"href":"https:\/\/pdi.ro\/en\/wp-json\/wp\/v2\/pages"}],"about":[{"href":"https:\/\/pdi.ro\/en\/wp-json\/wp\/v2\/types\/page"}],"author":[{"embeddable":true,"href":"https:\/\/pdi.ro\/en\/wp-json\/wp\/v2\/users\/3"}],"replies":[{"embeddable":true,"href":"https:\/\/pdi.ro\/en\/wp-json\/wp\/v2\/comments?post=12839"}],"version-history":[{"count":3,"href":"https:\/\/pdi.ro\/en\/wp-json\/wp\/v2\/pages\/12839\/revisions"}],"predecessor-version":[{"id":12842,"href":"https:\/\/pdi.ro\/en\/wp-json\/wp\/v2\/pages\/12839\/revisions\/12842"}],"wp:attachment":[{"href":"https:\/\/pdi.ro\/en\/wp-json\/wp\/v2\/media?parent=12839"}],"curies":[{"name":"wp","href":"https:\/\/api.w.org\/{rel}","templated":true}]}}